{"id":2644,"date":"2021-03-25T17:12:30","date_gmt":"2021-03-25T17:12:30","guid":{"rendered":"https:\/\/aeter.org\/presentacio\/"},"modified":"2023-11-02T15:24:17","modified_gmt":"2023-11-02T15:24:17","slug":"presentacio","status":"publish","type":"page","link":"https:\/\/aeter.org\/ca\/presentacio\/","title":{"rendered":"Presentaci\u00f3"},"content":{"rendered":"<p><span style=\"font-size: 13px; line-height: 19px;\"><strong>Qu\u00e8 \u00e9s AETER?<\/strong><\/span><\/p>\n<div id=\"_mcePaste\">\n<div id=\"_mcePaste\" style=\"text-align: justify;\"><strong>L\u2019Associaci\u00f3 Espanyola de Terminologia (AETER)<\/strong> va ser creada l&#8217;any 1997 a Madrid per iniciativa de persones i institucions interessades en l&#8217;estudi sobre la terminologia i els llenguatges d&#8217;especialitat, i en l&#8217;elaboraci\u00f3 i consulta de recursos terminol\u00f2gics en espanyol i en les altres lleng\u00fces d&#8217;Espanya.<\/div>\n<div style=\"text-align: justify;\">AETER \u00e9s una associaci\u00f3 d\u2019\u00e0mbit nacional, sense \u00e0nim de lucre, els objectius principals de la qual s\u00f3n desenvolupar i promoure la Terminologia com a disciplina, estimular l&#8217;elaboraci\u00f3 de recursos terminol\u00f2gics necessaris i difondre els recursos existents.<\/div>\n<div id=\"_mcePaste\"><\/div>\n<div id=\"_mcePaste\" style=\"text-align: justify;\">AETER organitza regularment <a href=\"http:\/\/www.aeter.org\/?page_id=212\" target=\"_blank\" rel=\"noopener noreferrer\">jornades de terminologia<\/a> amb la finalitat de facilitar l&#8217;intercanvi cient\u00edfic i conscienciar les entitats generadores i consumidores de terminologia de la import\u00e0ncia que aquesta t\u00e9 en la comunicaci\u00f3 i la divulgaci\u00f3 en \u00e0mbits d&#8217;especialitat. En aquestes jornades es tracten temes relacionats amb la terminologia en qualsevol dels seus vessants, tant te\u00f2riques com pr\u00e0ctiques i aplicades. Igualment, l&#8217;Associaci\u00f3 participa en reunions, congressos i altres activitats relacionades amb la terminologia i mat\u00e8ries afins.<\/div>\n<div id=\"_mcePaste\"><\/div>\n<div id=\"_mcePaste\" style=\"text-align: justify;\">AETER mant\u00e9 <strong>relacions<\/strong> amb organismes, associacions i organitzacions auton\u00f2miques, nacionals i internacionals amb l&#8217;objecte d&#8217;afavorir la coordinaci\u00f3 de l&#8217;\u00fas com\u00fa de les lleng\u00fces especialitzades. Forma part de la Xarxa Iberoamericana de Terminologia (<a href=\"https:\/\/sites.google.com\/view\/riterm\/es\" target=\"_blank\" rel=\"noopener noreferrer\">RITerm<\/a>) i de la Xarxa Panllatina de Terminologia (<a href=\"http:\/\/www.realiter.net\/\" target=\"_blank\" rel=\"noopener noreferrer\">REALITER<\/a>). \u00c9s membre, en relaci\u00f3 de reciprocitat, de la Societat Catalana de Terminologia (<a href=\"http:\/\/scaterm.iec.cat\/\" target=\"_blank\" rel=\"noopener noreferrer\">SCATERM<\/a>).<\/div>\n<div id=\"_mcePaste\"><\/div>\n<div id=\"_mcePaste\" style=\"text-align: justify;\">AETER est\u00e0 oberta a la <strong>participaci\u00f3<\/strong> i al l&#8217;esfor\u00e7 de tots aquells interessats en la Terminologia en qualsevol dels seus aspectes o vessants. S\u00f3n <a href=\"https:\/\/aeter.org\/ca\/membres\/\" target=\"_blank\" rel=\"noopener noreferrer\">membres d\u2019AETER<\/a> persones a t\u00edtol individual i institucions molt diverses, entre les quals hi ha la <a href=\"https:\/\/www.ranm.es\/\" target=\"_blank\" rel=\"noopener\">Real Academia Nacional de Medicina<\/a>\u00a0i la <a href=\"http:\/\/www.rae.es\" target=\"_blank\" rel=\"noopener noreferrer\">Real Academia Espa\u00f1ola<\/a>, departaments i instituts de diferents universitats, l&#8217;Asociaci\u00f3n Espa\u00f1ola de Normalizaci\u00f3n (<a href=\"https:\/\/www.une.org\/\" target=\"_blank\" rel=\"noopener\">UNE<\/a>), els centres de terminologia d&#8217;altres lleng\u00fces d&#8217;Espanya, <a href=\"http:\/\/www.termcat.net\" target=\"_blank\" rel=\"noopener noreferrer\">TERMCAT<\/a>, <a href=\"https:\/\/www.uzei.eus\/\" target=\"_blank\" rel=\"noopener noreferrer\">UZEI<\/a> i <a href=\"http:\/\/www.cirp.es\" target=\"_blank\" rel=\"noopener noreferrer\">TERMIGAL<\/a>, i diverses entitats privades de l&#8217;\u00e0mbit de les ind\u00fastries de la llengua i l&#8217;edici\u00f3.<\/div>\n<div id=\"_mcePaste\"><\/div>\n<div id=\"_mcePaste\" style=\"text-align: justify;\">Poden <a href=\"https:\/\/aeter.org\/ca\/afiliacio\/\" target=\"_blank\" rel=\"noopener noreferrer\">formar part d\u2019AETER<\/a> aquelles persones o institucions que aix\u00ed ho sol\u00b7licitin, d&#8217;acord amb els Estatuts de l&#8217;Associaci\u00f3. Els socis institucionals estan representats per una persona de la seva designaci\u00f3, sens perjudici que aquesta \u00faltima sigui, al seu torn, soci a t\u00edtol personal.<\/div>\n<\/div>\n","protected":false},"excerpt":{"rendered":"<p>Qu\u00e8 \u00e9s AETER? L\u2019Associaci\u00f3 Espanyola de Terminologia (AETER) va ser creada l&#8217;any 1997 a Madrid per iniciativa de persones i institucions interessades en l&#8217;estudi sobre la terminologia i els llenguatges d&#8217;especialitat, i en l&#8217;elaboraci\u00f3 i consulta de recursos terminol\u00f2gics en espanyol i en les altres lleng\u00fces d&#8217;Espanya. AETER \u00e9s una associaci\u00f3 d\u2019\u00e0mbit nacional, sense \u00e0nim&hellip;<\/p>\n","protected":false},"author":5,"featured_media":0,"parent":0,"menu_order":0,"comment_status":"closed","ping_status":"closed","template":"","meta":{"footnotes":""},"class_list":["post-2644","page","type-page","status-publish","hentry"],"yoast_head":"<!-- This site is optimized with the Yoast SEO plugin v24.4 - https:\/\/yoast.com\/wordpress\/plugins\/seo\/ -->\n<title>Presentaci\u00f3 - ASOCIACI\u00d3N ESPA\u00d1OLA DE TERMINOLOG\u00cdA<\/title>\n<meta name=\"robots\" content=\"index, follow, max-snippet:-1, max-image-preview:large, max-video-preview:-1\" \/>\n<link rel=\"canonical\" href=\"https:\/\/aeter.org\/ca\/presentacio\/\" \/>\n<meta property=\"og:locale\" content=\"ca_ES\" \/>\n<meta property=\"og:type\" content=\"article\" \/>\n<meta property=\"og:title\" content=\"Presentaci\u00f3 - ASOCIACI\u00d3N ESPA\u00d1OLA DE TERMINOLOG\u00cdA\" \/>\n<meta property=\"og:description\" content=\"Qu\u00e8 \u00e9s AETER? L\u2019Associaci\u00f3 Espanyola de Terminologia (AETER) va ser creada l&#8217;any 1997 a Madrid per iniciativa de persones i institucions interessades en l&#8217;estudi sobre la terminologia i els llenguatges d&#8217;especialitat, i en l&#8217;elaboraci\u00f3 i consulta de recursos terminol\u00f2gics en espanyol i en les altres lleng\u00fces d&#8217;Espanya. AETER \u00e9s una associaci\u00f3 d\u2019\u00e0mbit nacional, sense \u00e0nim&hellip;\" \/>\n<meta property=\"og:url\" content=\"https:\/\/aeter.org\/ca\/presentacio\/\" \/>\n<meta property=\"og:site_name\" content=\"ASOCIACI\u00d3N ESPA\u00d1OLA DE TERMINOLOG\u00cdA\" \/>\n<meta property=\"article:modified_time\" content=\"2023-11-02T15:24:17+00:00\" \/>\n<meta name=\"twitter:card\" content=\"summary_large_image\" \/>\n<meta name=\"twitter:label1\" content=\"Temps estimat de lectura\" \/>\n\t<meta name=\"twitter:data1\" content=\"2 minuts\" \/>\n<script type=\"application\/ld+json\" class=\"yoast-schema-graph\">{\"@context\":\"https:\/\/schema.org\",\"@graph\":[{\"@type\":\"WebPage\",\"@id\":\"https:\/\/aeter.org\/ca\/presentacio\/\",\"url\":\"https:\/\/aeter.org\/ca\/presentacio\/\",\"name\":\"Presentaci\u00f3 - ASOCIACI\u00d3N ESPA\u00d1OLA DE TERMINOLOG\u00cdA\",\"isPartOf\":{\"@id\":\"https:\/\/aeter.org\/#website\"},\"datePublished\":\"2021-03-25T17:12:30+00:00\",\"dateModified\":\"2023-11-02T15:24:17+00:00\",\"breadcrumb\":{\"@id\":\"https:\/\/aeter.org\/ca\/presentacio\/#breadcrumb\"},\"inLanguage\":\"ca\",\"potentialAction\":[{\"@type\":\"ReadAction\",\"target\":[\"https:\/\/aeter.org\/ca\/presentacio\/\"]}]},{\"@type\":\"BreadcrumbList\",\"@id\":\"https:\/\/aeter.org\/ca\/presentacio\/#breadcrumb\",\"itemListElement\":[{\"@type\":\"ListItem\",\"position\":1,\"name\":\"Portada\",\"item\":\"https:\/\/aeter.org\/\"},{\"@type\":\"ListItem\",\"position\":2,\"name\":\"Presentaci\u00f3\"}]},{\"@type\":\"WebSite\",\"@id\":\"https:\/\/aeter.org\/#website\",\"url\":\"https:\/\/aeter.org\/\",\"name\":\"ASOCIACI\u00d3N ESPA\u00d1OLA DE TERMINOLOG\u00cdA\",\"description\":\"AETER\",\"potentialAction\":[{\"@type\":\"SearchAction\",\"target\":{\"@type\":\"EntryPoint\",\"urlTemplate\":\"https:\/\/aeter.org\/?s={search_term_string}\"},\"query-input\":{\"@type\":\"PropertyValueSpecification\",\"valueRequired\":true,\"valueName\":\"search_term_string\"}}],\"inLanguage\":\"ca\"}]}<\/script>\n<!-- \/ Yoast SEO plugin. -->","yoast_head_json":{"title":"Presentaci\u00f3 - ASOCIACI\u00d3N ESPA\u00d1OLA DE TERMINOLOG\u00cdA","robots":{"index":"index","follow":"follow","max-snippet":"max-snippet:-1","max-image-preview":"max-image-preview:large","max-video-preview":"max-video-preview:-1"},"canonical":"https:\/\/aeter.org\/ca\/presentacio\/","og_locale":"ca_ES","og_type":"article","og_title":"Presentaci\u00f3 - ASOCIACI\u00d3N ESPA\u00d1OLA DE TERMINOLOG\u00cdA","og_description":"Qu\u00e8 \u00e9s AETER? L\u2019Associaci\u00f3 Espanyola de Terminologia (AETER) va ser creada l&#8217;any 1997 a Madrid per iniciativa de persones i institucions interessades en l&#8217;estudi sobre la terminologia i els llenguatges d&#8217;especialitat, i en l&#8217;elaboraci\u00f3 i consulta de recursos terminol\u00f2gics en espanyol i en les altres lleng\u00fces d&#8217;Espanya. AETER \u00e9s una associaci\u00f3 d\u2019\u00e0mbit nacional, sense \u00e0nim&hellip;","og_url":"https:\/\/aeter.org\/ca\/presentacio\/","og_site_name":"ASOCIACI\u00d3N ESPA\u00d1OLA DE TERMINOLOG\u00cdA","article_modified_time":"2023-11-02T15:24:17+00:00","twitter_card":"summary_large_image","twitter_misc":{"Temps estimat de lectura":"2 minuts"},"schema":{"@context":"https:\/\/schema.org","@graph":[{"@type":"WebPage","@id":"https:\/\/aeter.org\/ca\/presentacio\/","url":"https:\/\/aeter.org\/ca\/presentacio\/","name":"Presentaci\u00f3 - ASOCIACI\u00d3N ESPA\u00d1OLA DE TERMINOLOG\u00cdA","isPartOf":{"@id":"https:\/\/aeter.org\/#website"},"datePublished":"2021-03-25T17:12:30+00:00","dateModified":"2023-11-02T15:24:17+00:00","breadcrumb":{"@id":"https:\/\/aeter.org\/ca\/presentacio\/#breadcrumb"},"inLanguage":"ca","potentialAction":[{"@type":"ReadAction","target":["https:\/\/aeter.org\/ca\/presentacio\/"]}]},{"@type":"BreadcrumbList","@id":"https:\/\/aeter.org\/ca\/presentacio\/#breadcrumb","itemListElement":[{"@type":"ListItem","position":1,"name":"Portada","item":"https:\/\/aeter.org\/"},{"@type":"ListItem","position":2,"name":"Presentaci\u00f3"}]},{"@type":"WebSite","@id":"https:\/\/aeter.org\/#website","url":"https:\/\/aeter.org\/","name":"ASOCIACI\u00d3N ESPA\u00d1OLA DE TERMINOLOG\u00cdA","description":"AETER","potentialAction":[{"@type":"SearchAction","target":{"@type":"EntryPoint","urlTemplate":"https:\/\/aeter.org\/?s={search_term_string}"},"query-input":{"@type":"PropertyValueSpecification","valueRequired":true,"valueName":"search_term_string"}}],"inLanguage":"ca"}]}},"_links":{"self":[{"href":"https:\/\/aeter.org\/ca\/wp-json\/wp\/v2\/pages\/2644","targetHints":{"allow":["GET"]}}],"collection":[{"href":"https:\/\/aeter.org\/ca\/wp-json\/wp\/v2\/pages"}],"about":[{"href":"https:\/\/aeter.org\/ca\/wp-json\/wp\/v2\/types\/page"}],"author":[{"embeddable":true,"href":"https:\/\/aeter.org\/ca\/wp-json\/wp\/v2\/users\/5"}],"replies":[{"embeddable":true,"href":"https:\/\/aeter.org\/ca\/wp-json\/wp\/v2\/comments?post=2644"}],"version-history":[{"count":6,"href":"https:\/\/aeter.org\/ca\/wp-json\/wp\/v2\/pages\/2644\/revisions"}],"predecessor-version":[{"id":6590,"href":"https:\/\/aeter.org\/ca\/wp-json\/wp\/v2\/pages\/2644\/revisions\/6590"}],"wp:attachment":[{"href":"https:\/\/aeter.org\/ca\/wp-json\/wp\/v2\/media?parent=2644"}],"curies":[{"name":"wp","href":"https:\/\/api.w.org\/{rel}","templated":true}]}}