{"id":3880,"date":"2021-03-31T11:13:33","date_gmt":"2021-03-31T11:13:33","guid":{"rendered":"https:\/\/aeter.org\/afiliacio\/"},"modified":"2021-04-30T11:27:28","modified_gmt":"2021-04-30T11:27:28","slug":"afiliacio","status":"publish","type":"page","link":"https:\/\/aeter.org\/ca\/afiliacio\/","title":{"rendered":"Afiliaci\u00f3"},"content":{"rendered":"<p><strong>Com fer-se membre d\u2019AETER?<\/strong><\/p>\n<p>L&#8217;Associaci\u00f3 Espanyola de Terminologia \u00e9s una associaci\u00f3 que t\u00e9 com a objectiu principal facilitar l&#8217;intercanvi cient\u00edfic en mat\u00e8ria de terminologia i llenguatges d&#8217;especialitat.<\/p>\n<p>Ser membre de l&#8217;Associaci\u00f3 proporciona, entre altres avantatges, l&#8217;assist\u00e8ncia gratu\u00efta a les jornades d\u2019AETER sobre Terminologia i temes afins que s&#8217;organitzen anualment.<\/p>\n<p>Poden formar part d\u2019AETER aquelles persones o institucions que aix\u00ed ho sol\u00b7licitin, d&#8217;acord amb els Estatuts de l&#8217;Associaci\u00f3. Els socis institucionals estan representats per una persona de la seva designaci\u00f3, sens perjudici que aquesta \u00faltima sigui, al seu torn, soci a t\u00edtol personal. La quota anual \u00e9s de 30,05 euros per als membres individuals i de 72,12 euros per a les institucions.<\/p>\n<p>El pagament de les quotes s&#8217;efectuar\u00e0 durant el primer trimestre de cada any pr\u00e8via recepci\u00f3 de la factura corresponent.<\/p>\n<p>Per tal d&#8217;agilitzar els tr\u00e0mits, el pagament de les quotes nom\u00e9s es podr\u00e0 efectuar de la manera seg\u00fcent:<\/p>\n<p>\u2022 mitjan\u00e7ant domiciliaci\u00f3 banc\u00e0ria per als membres individuals i els organismes que disposin d&#8217;aquesta possibilitat;<\/p>\n<p>\u2022 mitjan\u00e7ant transfer\u00e8ncia al compte de l&#8217;Associaci\u00f3 \u00fanicament per a aquells organismes o institucions que no puguin domiciliar la quota. \u00c9s important que el n\u00famero de la factura figuri en el camp Observacions.<\/p>\n<p>Per a ser admesos com a socis, els interessats han d\u2019emplenar en primer lloc el formulari d&#8217;inscripci\u00f3 d&#8217;aquesta secci\u00f3 seleccionant el tipus d&#8217;usuari, que pot ser individual o institucional.<\/p>\n<ul>\n<li><a href=\"\/ca\/formulario-socio-institucional-2\/\">Formulari d\u2019inscripci\u00f3 com a soci institucional<\/a><\/li>\n<li><a href=\"\/ca\/formulario-de-socio-a-individual-2\/\">Formulari d\u2019inscripci\u00f3 com a soci individual<\/a><\/li>\n<\/ul>\n<p>El sol\u00b7licitant ser\u00e0 donat d&#8217;alta una vegada que aboni la primera quota domiciliada.<\/p>\n<p style=\"text-align: left;\"><strong> <\/strong><\/p>\n","protected":false},"excerpt":{"rendered":"<p>Com fer-se membre d\u2019AETER? L&#8217;Associaci\u00f3 Espanyola de Terminologia \u00e9s una associaci\u00f3 que t\u00e9 com a objectiu principal facilitar l&#8217;intercanvi cient\u00edfic en mat\u00e8ria de terminologia i llenguatges d&#8217;especialitat. Ser membre de l&#8217;Associaci\u00f3 proporciona, entre altres avantatges, l&#8217;assist\u00e8ncia gratu\u00efta a les jornades d\u2019AETER sobre Terminologia i temes afins que s&#8217;organitzen anualment. Poden formar part d\u2019AETER aquelles persones&hellip;<\/p>\n","protected":false},"author":5,"featured_media":0,"parent":0,"menu_order":4,"comment_status":"closed","ping_status":"closed","template":"","meta":{"footnotes":""},"class_list":["post-3880","page","type-page","status-publish","hentry"],"yoast_head":"<!-- This site is optimized with the Yoast SEO plugin v24.4 - https:\/\/yoast.com\/wordpress\/plugins\/seo\/ -->\n<title>Afiliaci\u00f3 - ASOCIACI\u00d3N ESPA\u00d1OLA DE TERMINOLOG\u00cdA<\/title>\n<meta name=\"robots\" content=\"index, follow, max-snippet:-1, max-image-preview:large, max-video-preview:-1\" \/>\n<link rel=\"canonical\" href=\"https:\/\/aeter.org\/ca\/afiliacio\/\" \/>\n<meta property=\"og:locale\" content=\"ca_ES\" \/>\n<meta property=\"og:type\" content=\"article\" \/>\n<meta property=\"og:title\" content=\"Afiliaci\u00f3 - ASOCIACI\u00d3N ESPA\u00d1OLA DE TERMINOLOG\u00cdA\" \/>\n<meta property=\"og:description\" content=\"Com fer-se membre d\u2019AETER? L&#8217;Associaci\u00f3 Espanyola de Terminologia \u00e9s una associaci\u00f3 que t\u00e9 com a objectiu principal facilitar l&#8217;intercanvi cient\u00edfic en mat\u00e8ria de terminologia i llenguatges d&#8217;especialitat. Ser membre de l&#8217;Associaci\u00f3 proporciona, entre altres avantatges, l&#8217;assist\u00e8ncia gratu\u00efta a les jornades d\u2019AETER sobre Terminologia i temes afins que s&#8217;organitzen anualment. Poden formar part d\u2019AETER aquelles persones&hellip;\" \/>\n<meta property=\"og:url\" content=\"https:\/\/aeter.org\/ca\/afiliacio\/\" \/>\n<meta property=\"og:site_name\" content=\"ASOCIACI\u00d3N ESPA\u00d1OLA DE TERMINOLOG\u00cdA\" \/>\n<meta property=\"article:modified_time\" content=\"2021-04-30T11:27:28+00:00\" \/>\n<meta name=\"twitter:card\" content=\"summary_large_image\" \/>\n<meta name=\"twitter:label1\" content=\"Temps estimat de lectura\" \/>\n\t<meta name=\"twitter:data1\" content=\"1 minut\" \/>\n<script type=\"application\/ld+json\" class=\"yoast-schema-graph\">{\"@context\":\"https:\/\/schema.org\",\"@graph\":[{\"@type\":\"WebPage\",\"@id\":\"https:\/\/aeter.org\/ca\/afiliacio\/\",\"url\":\"https:\/\/aeter.org\/ca\/afiliacio\/\",\"name\":\"Afiliaci\u00f3 - ASOCIACI\u00d3N ESPA\u00d1OLA DE TERMINOLOG\u00cdA\",\"isPartOf\":{\"@id\":\"https:\/\/aeter.org\/#website\"},\"datePublished\":\"2021-03-31T11:13:33+00:00\",\"dateModified\":\"2021-04-30T11:27:28+00:00\",\"breadcrumb\":{\"@id\":\"https:\/\/aeter.org\/ca\/afiliacio\/#breadcrumb\"},\"inLanguage\":\"ca\",\"potentialAction\":[{\"@type\":\"ReadAction\",\"target\":[\"https:\/\/aeter.org\/ca\/afiliacio\/\"]}]},{\"@type\":\"BreadcrumbList\",\"@id\":\"https:\/\/aeter.org\/ca\/afiliacio\/#breadcrumb\",\"itemListElement\":[{\"@type\":\"ListItem\",\"position\":1,\"name\":\"Portada\",\"item\":\"https:\/\/aeter.org\/\"},{\"@type\":\"ListItem\",\"position\":2,\"name\":\"Afiliaci\u00f3\"}]},{\"@type\":\"WebSite\",\"@id\":\"https:\/\/aeter.org\/#website\",\"url\":\"https:\/\/aeter.org\/\",\"name\":\"ASOCIACI\u00d3N ESPA\u00d1OLA DE TERMINOLOG\u00cdA\",\"description\":\"AETER\",\"potentialAction\":[{\"@type\":\"SearchAction\",\"target\":{\"@type\":\"EntryPoint\",\"urlTemplate\":\"https:\/\/aeter.org\/?s={search_term_string}\"},\"query-input\":{\"@type\":\"PropertyValueSpecification\",\"valueRequired\":true,\"valueName\":\"search_term_string\"}}],\"inLanguage\":\"ca\"}]}<\/script>\n<!-- \/ Yoast SEO plugin. -->","yoast_head_json":{"title":"Afiliaci\u00f3 - ASOCIACI\u00d3N ESPA\u00d1OLA DE TERMINOLOG\u00cdA","robots":{"index":"index","follow":"follow","max-snippet":"max-snippet:-1","max-image-preview":"max-image-preview:large","max-video-preview":"max-video-preview:-1"},"canonical":"https:\/\/aeter.org\/ca\/afiliacio\/","og_locale":"ca_ES","og_type":"article","og_title":"Afiliaci\u00f3 - ASOCIACI\u00d3N ESPA\u00d1OLA DE TERMINOLOG\u00cdA","og_description":"Com fer-se membre d\u2019AETER? L&#8217;Associaci\u00f3 Espanyola de Terminologia \u00e9s una associaci\u00f3 que t\u00e9 com a objectiu principal facilitar l&#8217;intercanvi cient\u00edfic en mat\u00e8ria de terminologia i llenguatges d&#8217;especialitat. Ser membre de l&#8217;Associaci\u00f3 proporciona, entre altres avantatges, l&#8217;assist\u00e8ncia gratu\u00efta a les jornades d\u2019AETER sobre Terminologia i temes afins que s&#8217;organitzen anualment. Poden formar part d\u2019AETER aquelles persones&hellip;","og_url":"https:\/\/aeter.org\/ca\/afiliacio\/","og_site_name":"ASOCIACI\u00d3N ESPA\u00d1OLA DE TERMINOLOG\u00cdA","article_modified_time":"2021-04-30T11:27:28+00:00","twitter_card":"summary_large_image","twitter_misc":{"Temps estimat de lectura":"1 minut"},"schema":{"@context":"https:\/\/schema.org","@graph":[{"@type":"WebPage","@id":"https:\/\/aeter.org\/ca\/afiliacio\/","url":"https:\/\/aeter.org\/ca\/afiliacio\/","name":"Afiliaci\u00f3 - ASOCIACI\u00d3N ESPA\u00d1OLA DE TERMINOLOG\u00cdA","isPartOf":{"@id":"https:\/\/aeter.org\/#website"},"datePublished":"2021-03-31T11:13:33+00:00","dateModified":"2021-04-30T11:27:28+00:00","breadcrumb":{"@id":"https:\/\/aeter.org\/ca\/afiliacio\/#breadcrumb"},"inLanguage":"ca","potentialAction":[{"@type":"ReadAction","target":["https:\/\/aeter.org\/ca\/afiliacio\/"]}]},{"@type":"BreadcrumbList","@id":"https:\/\/aeter.org\/ca\/afiliacio\/#breadcrumb","itemListElement":[{"@type":"ListItem","position":1,"name":"Portada","item":"https:\/\/aeter.org\/"},{"@type":"ListItem","position":2,"name":"Afiliaci\u00f3"}]},{"@type":"WebSite","@id":"https:\/\/aeter.org\/#website","url":"https:\/\/aeter.org\/","name":"ASOCIACI\u00d3N ESPA\u00d1OLA DE TERMINOLOG\u00cdA","description":"AETER","potentialAction":[{"@type":"SearchAction","target":{"@type":"EntryPoint","urlTemplate":"https:\/\/aeter.org\/?s={search_term_string}"},"query-input":{"@type":"PropertyValueSpecification","valueRequired":true,"valueName":"search_term_string"}}],"inLanguage":"ca"}]}},"_links":{"self":[{"href":"https:\/\/aeter.org\/ca\/wp-json\/wp\/v2\/pages\/3880","targetHints":{"allow":["GET"]}}],"collection":[{"href":"https:\/\/aeter.org\/ca\/wp-json\/wp\/v2\/pages"}],"about":[{"href":"https:\/\/aeter.org\/ca\/wp-json\/wp\/v2\/types\/page"}],"author":[{"embeddable":true,"href":"https:\/\/aeter.org\/ca\/wp-json\/wp\/v2\/users\/5"}],"replies":[{"embeddable":true,"href":"https:\/\/aeter.org\/ca\/wp-json\/wp\/v2\/comments?post=3880"}],"version-history":[{"count":3,"href":"https:\/\/aeter.org\/ca\/wp-json\/wp\/v2\/pages\/3880\/revisions"}],"predecessor-version":[{"id":5594,"href":"https:\/\/aeter.org\/ca\/wp-json\/wp\/v2\/pages\/3880\/revisions\/5594"}],"wp:attachment":[{"href":"https:\/\/aeter.org\/ca\/wp-json\/wp\/v2\/media?parent=3880"}],"curies":[{"name":"wp","href":"https:\/\/api.w.org\/{rel}","templated":true}]}}