{"id":3904,"date":"2021-03-31T11:27:25","date_gmt":"2021-03-31T11:27:25","guid":{"rendered":"https:\/\/aeter.org\/amelia-de-irazazabal-nerpell-1926-2004\/"},"modified":"2021-03-31T11:27:26","modified_gmt":"2021-03-31T11:27:26","slug":"amelia-de-irazazabal-nerpell-1926-2004","status":"publish","type":"page","link":"https:\/\/aeter.org\/ca\/amelia-de-irazazabal-nerpell-1926-2004\/","title":{"rendered":"Amelia de Irazaz\u00e1bal Nerpell (1926-2004)"},"content":{"rendered":"<p>&nbsp;<\/p>\n<p><a href=\"http:\/\/www.aeter.org\/wp-content\/uploads\/2013\/02\/amelia_irazazabal.jpg\"><img loading=\"lazy\" decoding=\"async\" class=\"alignleft size-medium wp-image-232\" title=\"Amelia de Irazaz\u00e1bal\" src=\"http:\/\/www.aeter.org\/wp-content\/uploads\/2013\/02\/amelia_irazazabal-227x300.jpg\" alt=\"Amelia de Irazaz\u00e1bal\" width=\"136\" height=\"180\" srcset=\"https:\/\/aeter.org\/wp-content\/uploads\/2013\/02\/amelia_irazazabal-227x300.jpg 227w, https:\/\/aeter.org\/wp-content\/uploads\/2013\/02\/amelia_irazazabal.jpg 358w\" sizes=\"auto, (max-width: 136px) 100vw, 136px\" \/><\/a><\/p>\n<p><strong><span style=\"color: #800000;\">Amelia de Irazaz\u00e1bal Nerpell<br \/>\n<\/span><\/strong><span style=\"color: #800000;\">(Cr\u00e9menes 1926 \u2013 Madrid 2004)<\/span><\/p>\n<p style=\"text-align: justify;\">Doctora en Ci\u00e8ncies (1953) i professora adjunta a la c\u00e0tedra de Qu\u00edmica Org\u00e0nica de la Universitat de Valladolid, el 1968 va ingressar a l&#8217;Institut d&#8217;Informaci\u00f3 i Documentaci\u00f3 del Consell Superior d&#8217;Investigacions Cient\u00edfiques (CSIC), on va desenvolupar una intensa i fruct\u00edfera tasca en terminologia fins a la jubilaci\u00f3. Una de les millors especialistes en el vocabulari cient\u00edfic i t\u00e8cnic, va comen\u00e7ar per impulsar els seus treballs, des del CSIC, amb la creaci\u00f3 l&#8217;any 1977, juntament amb el professor Criado de Val, d\u2019Hispanoterm (Centre de Terminologia Cient\u00edfica i T\u00e8cnica en Espanyol) i en col\u00b7laboraci\u00f3 amb els organismes internacionals de normalitzaci\u00f3 terminol\u00f2gica m\u00e9s importants del seu moment.<\/p>\n<p style=\"text-align: justify;\">La seva activitat incessant en pro de la terminologia en llengua espanyola es va orientar a trav\u00e9s dels Programes d&#8217;Investigaci\u00f3 sobre la Normalitzaci\u00f3 de la Llengua Cient\u00edfica Espanyola que va desenvolupar a l\u2019ICYT (Institut d&#8217;Informaci\u00f3 i Documentaci\u00f3 en Ci\u00e8ncia i Tecnologia) i a l&#8217;ISOC (Institut d&#8217;Informaci\u00f3 i Documentaci\u00f3 en Ci\u00e8ncies Socials i Humanitats), dirigint el Grup de Terminologia del CSIC, que a partir de 1985 es va denominar TermEsp, el gran cor de la terminologia per a l&#8217;espanyol peninsular. Al costat de la seva defensa de la terminologia en llengua espanyola tamb\u00e9 argumentava i defensava la pres\u00e8ncia en els vocabularis cient\u00edfics i t\u00e8cnics de les altres lleng\u00fces d&#8217;Espanya (catal\u00e0, gallec i basc), al desenvolupament de les quals donava un suport incondicional.<\/p>\n<p style=\"text-align: justify;\">En aquest sentit, va simultaniejar una intensa activitat, exercida al CSIC, amb una estreta relaci\u00f3 amb les institucions nacionals (UZEI i TERMCAT) i internacionals (Infoterm, TermNet i Uni\u00f3 Llatina) per a l&#8217;elaboraci\u00f3 i desenvolupament de llenguatges documentals i tesaurus multiling\u00fces.<\/p>\n<p style=\"text-align: justify;\">Es va proposar tamb\u00e9 la formaci\u00f3 d&#8217;especialistes, primer a l\u2019ICYT i despr\u00e9s a nombroses universitats espanyoles (Granada, Valladolid, Alcal\u00e1, Las Palmas de Gran Canaria, Complutense de Madrid, Pa\u00eds Basc, Jaume I de Castell\u00f3, etc.), en qu\u00e8 tamb\u00e9 va donar cursos de doctorat.<\/p>\n<p style=\"text-align: justify;\">Autora de m\u00e9s de mig centenar de glossaris, tesaurus, llibres i articles, va participar en nombrosos contractes d&#8217;investigaci\u00f3 amb empreses p\u00fabliques (Comissi\u00f3 de la Comunitat Europea, Ministeri d&#8217;Obres P\u00fabliques i Urbanisme, Ministeri de Sanitat i Consum, Organitzaci\u00f3 Mundial de la Salut, etc.) i privades (Logomotiv, Mapfre, Airtel, entre d&#8217;altres). Tamb\u00e9 va compartir l&#8217;autoria cient\u00edfica amb el seu marit, Miguel Pedro de Andr\u00e9s, amb qui va col\u00b7laborar en l&#8217;elaboraci\u00f3 de <em>l&#8217;Stahleisen-W\u00f6rterbuch (Deutsch-Spanisch, Spanisch-Deutsch) [Diccionari del ferro i l\u2019acer (alemany-espanyol, espanyol-alemany)]<\/em>. Va editar, juntament amb la Uni\u00f3 Llatina, el <em>Cat\u00e0leg de recursos terminol\u00f2gics en llengua espanyola<\/em>.<\/p>\n<p style=\"text-align: justify;\">La Universitat de Granada li va concedir la medalla d&#8217;or com a mostra de reconeixement a la seva ass\u00eddua col\u00b7laboraci\u00f3 amb els estudis de traducci\u00f3 i interpretaci\u00f3.<\/p>\n<p style=\"text-align: justify;\">L&#8217;any 2003 l&#8217;International Information Centre for Terminology (Infoterm) li va concedir el Premi Eugen W\u00fcster <span style=\"color: #800000;\">(*)<\/span>, guard\u00f3 atorgat a investigadors que han destacat internacionalment en el camp de la terminologia.<\/p>\n<p style=\"text-align: right;\">Purificaci\u00f3n Fern\u00e1ndez Nistal<br \/>\nJunta directiva d&#8217;AETER<\/p>\n<p><strong><span style=\"color: #800000;\">(*) <\/span><\/strong><span style=\"color: #800000;\">D<\/span><span style=\"color: #800000;\">iscurs d&#8217;acceptaci\u00f3 i agra\u00efment d&#8217;Amelia de Irazaz\u00e1bal i fotografies de l&#8217;esdeveniment: <a href=\"http:\/\/www.aeter.org\/wp-content\/uploads\/2013\/02\/archivo_PDF1.pdf\">arxiu_PDF<\/a><\/span><\/p>\n<p><strong><span style=\"color: #800000;\">Vegeu tamb\u00e9:<\/span><\/strong><\/p>\n<p style=\"text-align: justify;\"><span style=\"color: #000000;\">G\u00f3mez de Enterr\u00eda, Josefa; Gallardo, Natividad (2005): \u201cAmelia de Irazaz\u00e1bal, in memoriam. Amelia de Irazaz\u00e1bal Nerpell (1926-2004): impulsora de la terminolog\u00eda cient\u00edfica en lengua espa\u00f1ola\u201d. En G\u00f3mez de Enterr\u00eda, Josefa (coord.): <em>Comunicar y ense\u00f1ar a comunicar el conocimiento especializado. V Jornada-Coloquio de la Asociaci\u00f3n Espa\u00f1ola de Terminolog\u00eda (15 de Octubre de 2004)<\/em>. Madrid: Centro Virtual Cervantes<\/span>.<br \/>\nAcc\u00e9s a text complet:<br \/>\n<a href=\"http:\/\/cvc.cervantes.es\/lengua\/aeter\/memoriam.htm\" target=\"_blank\" rel=\"noopener\">http:\/\/cvc.cervantes.es\/lengua\/aeter\/memoriam.htm<\/a><\/p>\n<p><span style=\"color: #000000;\">Navarro, Carmen (ed.) (2008): <em>Terminolog\u00eda, Traducci\u00f3n y Comunicaci\u00f3n Especializada: Homenaje a Amelia de Irazaz\u00e1bal: Actas del Congreso Internacional, 11-12 de Octubre 2007, Universit\u00e0 Degli Studi di Verona, Dipartimento di <\/em><\/span><em>Romanistica<\/em><span style=\"color: #000000;\"><em>.<\/em> Verona: Fiorini. ISBN: 8887082804, 9788887082807<\/span><\/p>\n<p><span style=\"color: #000000;\">Mayoral, Roberto; Gallardo, Natividad (2012): &#8220;Estimada Amelia&#8221;. En <em>Termin\u00e0lia<\/em>, 6 (juny 2012), p\u00e1g. 60-62 <\/span><br \/>\n<span style=\"color: #000000;\">Acc\u00e9s a text complet: <span style=\"color: #000080;\"><a href=\"http:\/\/revistes.iec.cat\/index.php\/Terminalia\/article\/view\/65809\/pdf_378\" target=\"_blank\" rel=\"noopener\">http:\/\/revistes.iec.cat\/index.php\/Terminalia\/article\/view\/65809\/pdf_378<\/a><\/span> <\/span><\/p>\n<p><span style=\"color: #000000;\">Cabr\u00e9, M. Teresa (2012): &#8220;Nota en record d&#8217;Amelia de Irazaz\u00e1bal, sempre present en el meu record&#8221;. En <em>Termin\u00e0lia,<\/em> 6 (juny 2012), p\u00e1g. 63-64 <\/span><br \/>\n<span style=\"color: #000000;\">Acc\u00e9s a text complet:<\/span><br \/>\n<span style=\"color: #000080;\"><a href=\"http:\/\/revistes.iec.cat\/index.php\/Terminalia\/article\/view\/65810\/pdf_379%20\" target=\"_blank\" rel=\"noopener\">http:\/\/revistes.iec.cat\/index.php\/Terminalia\/article\/view\/65810\/pdf_379 <\/a><\/span><\/p>\n<p><span style=\"color: #000000;\">&#8220;Bibliografia m\u00e9s rellevant d&#8217;Amelia de Irazaz\u00e1bal&#8221; [compilada por Gemma Mart\u00ednez Ayuso]. En <\/span><em><span style=\"color: #000000;\">Termin\u00e0lia, <\/span><\/em><span style=\"color: #000000;\">6 (juny 2012), p\u00e1g. 65<br \/>\n<\/span><span style=\"color: #000000;\">Acc\u00e9s a text complet<\/span>:<br \/>\n<span style=\"color: #000080;\"><a href=\"http:\/\/revistes.iec.cat\/index.php\/Terminalia\/article\/view\/65811\/pdf_380\" target=\"_blank\" rel=\"noopener\">http:\/\/revistes.iec.cat\/index.php\/Terminalia\/article\/view\/65811\/pdf_380<\/a> <\/span><\/p>\n<p>&nbsp;<\/p>\n<hr>\n","protected":false},"excerpt":{"rendered":"<p>&nbsp; Amelia de Irazaz\u00e1bal Nerpell (Cr\u00e9menes 1926 \u2013 Madrid 2004) Doctora en Ci\u00e8ncies (1953) i professora adjunta a la c\u00e0tedra de Qu\u00edmica Org\u00e0nica de la Universitat de Valladolid, el 1968 va ingressar a l&#8217;Institut d&#8217;Informaci\u00f3 i Documentaci\u00f3 del Consell Superior d&#8217;Investigacions Cient\u00edfiques (CSIC), on va desenvolupar una intensa i fruct\u00edfera tasca en terminologia fins a&hellip;<\/p>\n","protected":false},"author":5,"featured_media":0,"parent":0,"menu_order":0,"comment_status":"closed","ping_status":"closed","template":"","meta":{"footnotes":""},"class_list":["post-3904","page","type-page","status-publish","hentry"],"yoast_head":"<!-- This site is optimized with the Yoast SEO plugin v24.4 - https:\/\/yoast.com\/wordpress\/plugins\/seo\/ -->\n<title>Amelia de Irazaz\u00e1bal Nerpell (1926-2004) - ASOCIACI\u00d3N ESPA\u00d1OLA DE TERMINOLOG\u00cdA<\/title>\n<meta name=\"robots\" content=\"index, follow, max-snippet:-1, max-image-preview:large, max-video-preview:-1\" \/>\n<link rel=\"canonical\" href=\"https:\/\/aeter.org\/ca\/amelia-de-irazazabal-nerpell-1926-2004\/\" \/>\n<meta property=\"og:locale\" content=\"ca_ES\" \/>\n<meta property=\"og:type\" content=\"article\" \/>\n<meta property=\"og:title\" content=\"Amelia de Irazaz\u00e1bal Nerpell (1926-2004) - ASOCIACI\u00d3N ESPA\u00d1OLA DE TERMINOLOG\u00cdA\" \/>\n<meta property=\"og:description\" content=\"&nbsp; Amelia de Irazaz\u00e1bal Nerpell (Cr\u00e9menes 1926 \u2013 Madrid 2004) Doctora en Ci\u00e8ncies (1953) i professora adjunta a la c\u00e0tedra de Qu\u00edmica Org\u00e0nica de la Universitat de Valladolid, el 1968 va ingressar a l&#8217;Institut d&#8217;Informaci\u00f3 i Documentaci\u00f3 del Consell Superior d&#8217;Investigacions Cient\u00edfiques (CSIC), on va desenvolupar una intensa i fruct\u00edfera tasca en terminologia fins a&hellip;\" \/>\n<meta property=\"og:url\" content=\"https:\/\/aeter.org\/ca\/amelia-de-irazazabal-nerpell-1926-2004\/\" \/>\n<meta property=\"og:site_name\" content=\"ASOCIACI\u00d3N ESPA\u00d1OLA DE TERMINOLOG\u00cdA\" \/>\n<meta property=\"article:modified_time\" content=\"2021-03-31T11:27:26+00:00\" \/>\n<meta property=\"og:image\" content=\"http:\/\/www.aeter.org\/wp-content\/uploads\/2013\/02\/amelia_irazazabal-227x300.jpg\" \/>\n<meta name=\"twitter:card\" content=\"summary_large_image\" \/>\n<meta name=\"twitter:label1\" content=\"Temps estimat de lectura\" \/>\n\t<meta name=\"twitter:data1\" content=\"4 minuts\" \/>\n<script type=\"application\/ld+json\" class=\"yoast-schema-graph\">{\"@context\":\"https:\/\/schema.org\",\"@graph\":[{\"@type\":\"WebPage\",\"@id\":\"https:\/\/aeter.org\/ca\/amelia-de-irazazabal-nerpell-1926-2004\/\",\"url\":\"https:\/\/aeter.org\/ca\/amelia-de-irazazabal-nerpell-1926-2004\/\",\"name\":\"Amelia de Irazaz\u00e1bal Nerpell (1926-2004) - ASOCIACI\u00d3N ESPA\u00d1OLA DE TERMINOLOG\u00cdA\",\"isPartOf\":{\"@id\":\"https:\/\/aeter.org\/#website\"},\"primaryImageOfPage\":{\"@id\":\"https:\/\/aeter.org\/ca\/amelia-de-irazazabal-nerpell-1926-2004\/#primaryimage\"},\"image\":{\"@id\":\"https:\/\/aeter.org\/ca\/amelia-de-irazazabal-nerpell-1926-2004\/#primaryimage\"},\"thumbnailUrl\":\"http:\/\/www.aeter.org\/wp-content\/uploads\/2013\/02\/amelia_irazazabal-227x300.jpg\",\"datePublished\":\"2021-03-31T11:27:25+00:00\",\"dateModified\":\"2021-03-31T11:27:26+00:00\",\"breadcrumb\":{\"@id\":\"https:\/\/aeter.org\/ca\/amelia-de-irazazabal-nerpell-1926-2004\/#breadcrumb\"},\"inLanguage\":\"ca\",\"potentialAction\":[{\"@type\":\"ReadAction\",\"target\":[\"https:\/\/aeter.org\/ca\/amelia-de-irazazabal-nerpell-1926-2004\/\"]}]},{\"@type\":\"ImageObject\",\"inLanguage\":\"ca\",\"@id\":\"https:\/\/aeter.org\/ca\/amelia-de-irazazabal-nerpell-1926-2004\/#primaryimage\",\"url\":\"http:\/\/www.aeter.org\/wp-content\/uploads\/2013\/02\/amelia_irazazabal-227x300.jpg\",\"contentUrl\":\"http:\/\/www.aeter.org\/wp-content\/uploads\/2013\/02\/amelia_irazazabal-227x300.jpg\"},{\"@type\":\"BreadcrumbList\",\"@id\":\"https:\/\/aeter.org\/ca\/amelia-de-irazazabal-nerpell-1926-2004\/#breadcrumb\",\"itemListElement\":[{\"@type\":\"ListItem\",\"position\":1,\"name\":\"Portada\",\"item\":\"https:\/\/aeter.org\/\"},{\"@type\":\"ListItem\",\"position\":2,\"name\":\"Amelia de Irazaz\u00e1bal Nerpell (1926-2004)\"}]},{\"@type\":\"WebSite\",\"@id\":\"https:\/\/aeter.org\/#website\",\"url\":\"https:\/\/aeter.org\/\",\"name\":\"ASOCIACI\u00d3N ESPA\u00d1OLA DE TERMINOLOG\u00cdA\",\"description\":\"AETER\",\"potentialAction\":[{\"@type\":\"SearchAction\",\"target\":{\"@type\":\"EntryPoint\",\"urlTemplate\":\"https:\/\/aeter.org\/?s={search_term_string}\"},\"query-input\":{\"@type\":\"PropertyValueSpecification\",\"valueRequired\":true,\"valueName\":\"search_term_string\"}}],\"inLanguage\":\"ca\"}]}<\/script>\n<!-- \/ Yoast SEO plugin. -->","yoast_head_json":{"title":"Amelia de Irazaz\u00e1bal Nerpell (1926-2004) - ASOCIACI\u00d3N ESPA\u00d1OLA DE TERMINOLOG\u00cdA","robots":{"index":"index","follow":"follow","max-snippet":"max-snippet:-1","max-image-preview":"max-image-preview:large","max-video-preview":"max-video-preview:-1"},"canonical":"https:\/\/aeter.org\/ca\/amelia-de-irazazabal-nerpell-1926-2004\/","og_locale":"ca_ES","og_type":"article","og_title":"Amelia de Irazaz\u00e1bal Nerpell (1926-2004) - ASOCIACI\u00d3N ESPA\u00d1OLA DE TERMINOLOG\u00cdA","og_description":"&nbsp; Amelia de Irazaz\u00e1bal Nerpell (Cr\u00e9menes 1926 \u2013 Madrid 2004) Doctora en Ci\u00e8ncies (1953) i professora adjunta a la c\u00e0tedra de Qu\u00edmica Org\u00e0nica de la Universitat de Valladolid, el 1968 va ingressar a l&#8217;Institut d&#8217;Informaci\u00f3 i Documentaci\u00f3 del Consell Superior d&#8217;Investigacions Cient\u00edfiques (CSIC), on va desenvolupar una intensa i fruct\u00edfera tasca en terminologia fins a&hellip;","og_url":"https:\/\/aeter.org\/ca\/amelia-de-irazazabal-nerpell-1926-2004\/","og_site_name":"ASOCIACI\u00d3N ESPA\u00d1OLA DE TERMINOLOG\u00cdA","article_modified_time":"2021-03-31T11:27:26+00:00","og_image":[{"url":"http:\/\/www.aeter.org\/wp-content\/uploads\/2013\/02\/amelia_irazazabal-227x300.jpg","type":"","width":"","height":""}],"twitter_card":"summary_large_image","twitter_misc":{"Temps estimat de lectura":"4 minuts"},"schema":{"@context":"https:\/\/schema.org","@graph":[{"@type":"WebPage","@id":"https:\/\/aeter.org\/ca\/amelia-de-irazazabal-nerpell-1926-2004\/","url":"https:\/\/aeter.org\/ca\/amelia-de-irazazabal-nerpell-1926-2004\/","name":"Amelia de Irazaz\u00e1bal Nerpell (1926-2004) - ASOCIACI\u00d3N ESPA\u00d1OLA DE TERMINOLOG\u00cdA","isPartOf":{"@id":"https:\/\/aeter.org\/#website"},"primaryImageOfPage":{"@id":"https:\/\/aeter.org\/ca\/amelia-de-irazazabal-nerpell-1926-2004\/#primaryimage"},"image":{"@id":"https:\/\/aeter.org\/ca\/amelia-de-irazazabal-nerpell-1926-2004\/#primaryimage"},"thumbnailUrl":"http:\/\/www.aeter.org\/wp-content\/uploads\/2013\/02\/amelia_irazazabal-227x300.jpg","datePublished":"2021-03-31T11:27:25+00:00","dateModified":"2021-03-31T11:27:26+00:00","breadcrumb":{"@id":"https:\/\/aeter.org\/ca\/amelia-de-irazazabal-nerpell-1926-2004\/#breadcrumb"},"inLanguage":"ca","potentialAction":[{"@type":"ReadAction","target":["https:\/\/aeter.org\/ca\/amelia-de-irazazabal-nerpell-1926-2004\/"]}]},{"@type":"ImageObject","inLanguage":"ca","@id":"https:\/\/aeter.org\/ca\/amelia-de-irazazabal-nerpell-1926-2004\/#primaryimage","url":"http:\/\/www.aeter.org\/wp-content\/uploads\/2013\/02\/amelia_irazazabal-227x300.jpg","contentUrl":"http:\/\/www.aeter.org\/wp-content\/uploads\/2013\/02\/amelia_irazazabal-227x300.jpg"},{"@type":"BreadcrumbList","@id":"https:\/\/aeter.org\/ca\/amelia-de-irazazabal-nerpell-1926-2004\/#breadcrumb","itemListElement":[{"@type":"ListItem","position":1,"name":"Portada","item":"https:\/\/aeter.org\/"},{"@type":"ListItem","position":2,"name":"Amelia de Irazaz\u00e1bal Nerpell (1926-2004)"}]},{"@type":"WebSite","@id":"https:\/\/aeter.org\/#website","url":"https:\/\/aeter.org\/","name":"ASOCIACI\u00d3N ESPA\u00d1OLA DE TERMINOLOG\u00cdA","description":"AETER","potentialAction":[{"@type":"SearchAction","target":{"@type":"EntryPoint","urlTemplate":"https:\/\/aeter.org\/?s={search_term_string}"},"query-input":{"@type":"PropertyValueSpecification","valueRequired":true,"valueName":"search_term_string"}}],"inLanguage":"ca"}]}},"_links":{"self":[{"href":"https:\/\/aeter.org\/ca\/wp-json\/wp\/v2\/pages\/3904","targetHints":{"allow":["GET"]}}],"collection":[{"href":"https:\/\/aeter.org\/ca\/wp-json\/wp\/v2\/pages"}],"about":[{"href":"https:\/\/aeter.org\/ca\/wp-json\/wp\/v2\/types\/page"}],"author":[{"embeddable":true,"href":"https:\/\/aeter.org\/ca\/wp-json\/wp\/v2\/users\/5"}],"replies":[{"embeddable":true,"href":"https:\/\/aeter.org\/ca\/wp-json\/wp\/v2\/comments?post=3904"}],"version-history":[{"count":1,"href":"https:\/\/aeter.org\/ca\/wp-json\/wp\/v2\/pages\/3904\/revisions"}],"predecessor-version":[{"id":3925,"href":"https:\/\/aeter.org\/ca\/wp-json\/wp\/v2\/pages\/3904\/revisions\/3925"}],"wp:attachment":[{"href":"https:\/\/aeter.org\/ca\/wp-json\/wp\/v2\/media?parent=3904"}],"curies":[{"name":"wp","href":"https:\/\/api.w.org\/{rel}","templated":true}]}}