{"id":3936,"date":"2021-03-31T14:45:36","date_gmt":"2021-03-31T14:45:36","guid":{"rendered":"https:\/\/aeter.org\/biodata-dos-membros-da-xunta-actual\/"},"modified":"2023-12-21T17:45:17","modified_gmt":"2023-12-21T17:45:17","slug":"biodata-dels-membres-de-la-junta-actual","status":"publish","type":"page","link":"https:\/\/aeter.org\/ca\/biodata-dels-membres-de-la-junta-actual\/","title":{"rendered":"Biodata dels membres de la junta actual"},"content":{"rendered":"<p style=\"text-align: justify;\"><strong>Joaqu\u00edn Garc\u00eda Palacios<\/strong> \u00e9s doctor en Filologia Hisp\u00e0nica per la Universitat de Salamanca i catedr\u00e0tic d&#8217;Universitat en el Departament de Traducci\u00f3 i Interpretaci\u00f3, del qual ha estat director entre 1999 i 2004. S&#8217;ha ocupat de diferents mat\u00e8ries relacionades amb la llengua espanyola i la ling\u00fc\u00edstica aplicada, i actualment imparteix classes de Terminologia i Gesti\u00f3 terminol\u00f2gica. Ha publicat articles i monografies sobre llengua espanyola, el l\u00e8xic i els diccionaris, centrant-se especialment en la terminologia i els diccionaris d&#8217;especialitat, i en les relacions d&#8217;aquests dos \u00e0mbits amb la traducci\u00f3. Els seus \u00faltims articles estan centrats en la neologia i en la depend\u00e8ncia terminol\u00f2giques. Actualment dirigeix un projecte de recerca sobre la neologia terminol\u00f2gica en l&#8217;\u00e0mbit de les neuroci\u00e8ncies i un altre sobre neologia general de l&#8217;espanyol.<br \/>\nM\u00e9s informaci\u00f3 en el seu web personal: <a href=\"http:\/\/diarium.usal.es\/gpalacios\/\" target=\"_blank\" rel=\"noopener noreferrer\">http:\/\/diarium.usal.es\/gpalacios\/<\/a><\/p>\n<p style=\"text-align: justify;\"><strong>Nava Maroto Garc\u00eda<\/strong> \u00e9s doctora en Traducci\u00f3 per la Universitat Jaume I amb una tesi sobre la formalitzaci\u00f3 de les relacions conceptuals per mitj\u00e0 d&#8217;ontologies. Durant quinze anys ha impartit doc\u00e8ncia en Terminologia, Tecnologies i Documentaci\u00f3 en la titulaci\u00f3 de Traducci\u00f3 i Interpretaci\u00f3 de la Universitat Complutense de Madrid. Actualment imparteix doc\u00e8ncia en el Departament de Ling\u00fc\u00edstica Aplicada a la Ci\u00e8ncia i la Tecnologia de la Universitat Polit\u00e8cnica de Madrid i en diversos m\u00e0sters oficials (Universitat d&#8217;Alcal\u00e1 d&#8217;Henares, Universitat de Valladolid, Universitat de Salamanca, Universitat Jaume I, entre d&#8217;altres). Ha col\u00b7laborat amb el grup de recerca TecnoLeTra de la Universitat Jaume I (2006-2012) i des de 2013 \u00e9s membre del grup de recerca NeoUsal-ATeNeo de la Universitat de Salamanca. Ha treballat com a termin\u00f2loga en el Servei de Traducci\u00f3 de la Comissi\u00f3 Europea i en diversos projectes d&#8217;internacionalitzaci\u00f3 de serveis.<\/p>\n<p><strong>Rosa Castro Prieto<\/strong> \u00e9s doctora en Traducci\u00f3 i Interpretaci\u00f3 per la Universitat de Granada i llicenciada en Filologia Espanyola per la Universitat Aut\u00f2noma de Madrid. Ha desenvolupat la seva carrera acad\u00e8mica en aquestes dues universitats impartint doc\u00e8ncia en Terminologia aplicada a la traducci\u00f3 en la llicenciatura de la UGR i en el grau de Traducci\u00f3 de la UAM. Aix\u00ed mateix, \u00e9s docent en el m\u00e0ster interuniversitari de Traducci\u00f3 Audiovisual i Localitzaci\u00f3 (TRAVLOC) en el qual coordina i imparteix l&#8217;assignatura de Gesti\u00f3 terminol\u00f2gica. Ha publicat diversos articles orientats d\u2019una banda a l&#8217;estudi del l\u00e8xic en espanyol, des d&#8217;una perspectiva hist\u00f2rica recent, i d&#8217;altra banda al de la terminologia i la seva gesti\u00f3, i al de la formaci\u00f3 del traductor i a l&#8217;aplicaci\u00f3 de les noves tecnologies al proc\u00e9s de la traducci\u00f3. Des de fa m\u00e9s de quinze anys participa com a investigadora en projectes d&#8217;innovaci\u00f3 docent (<a href=\"http:\/\/aulaint.es\/miembros\/\">Aula.int<\/a>) relacionats amb la formaci\u00f3 integral de l&#8217;intermediari en la comunicaci\u00f3, aix\u00ed com en grups de recerca dirigits a l&#8217;an\u00e0lisi de la generaci\u00f3 de coneixement especialitzat des d&#8217;una perspectiva ling\u00fc\u00edstica.<br \/>\nM\u00e9s informaci\u00f3 al seu web personal: <a href=\"https:\/\/sites.google.com\/site\/mrosacastroprieto\/\">https:\/\/sites.google.com\/site\/mrosacastroprieto\/<\/a><\/p>\n<p style=\"text-align: justify;\"><strong>Chelo Vargas-Serra<\/strong>, llicenciada i doctora en Traducci\u00f3 i Interpretaci\u00f3 (angl\u00e8s), \u00e9s professora titular de la Universitat d&#8217;Alacant (UA). Premi Extraordinari de Doctorat el 2007, \u00e9s m\u00e0ster en Terminologia per l&#8217;Institut Universitari de Ling\u00fc\u00edstica Aplicada (IULA) de la Universitat Pompeu Fabra i t\u00e9 la &#8216;Sufici\u00e8ncia Docent&#8217; en el curs de doctorat &#8220;Aplicacions de la Inform\u00e0tica\u00bb de la UA, a m\u00e9s de diversos cursos de postgrau sobre terminologia i traducci\u00f3 especialitzada. Les seves l\u00ednies de recerca abasten la terminologia, la terminografia, la ling\u00fc\u00edstica de corpus, la traducci\u00f3 especialitzada i la traducci\u00f3 assistida per ordinador, l\u00ednies sobre les quals t\u00e9 diferents publicacions i pon\u00e8ncies en congressos.<br \/>\nM\u00e9s informaci\u00f3 al seu web personal: <a href=\"http:\/\/personal.ua.es\/es\/chelo-vargas\/\" target=\"_blank\" rel=\"noopener noreferrer\">http:\/\/personal.ua.es\/es\/chelo-vargas\/<\/a><\/p>\n<p><strong>Rosa Estop\u00e0<\/strong>, profesora titular del Departamento de Traducci\u00f3n y Ciencias del Lenguaje y directora de la <a href=\"https:\/\/www.upf.edu\/web\/catedrapompeufabra\">C\u00e1tedra Pompeu Fabra<\/a> de la Universitat Pompeu Fabra (UPF). Licenciada en Filolog\u00eda catalana por la Universidad de Barcelona, M\u00e1ster en Patolog\u00eda del lenguaje y Ciencias de la audici\u00f3n por la Universidad Aut\u00f3noma de Barcelona y doctora en Ling\u00fc\u00edstica por la UPF. Investigadora del grupo <a href=\"https:\/\/www.upf.edu\/es\/web\/iulaterm\">IULATERM<\/a> del <a href=\"http:\/\/www.iula.upf.edu\/\">Institut de Ling\u00fc\u00edstica Aplicada (IULA)<\/a> de la UPF. Coordina el M\u00e1ster online de Terminolog\u00eda. Participa en el\u00a0<a href=\"http:\/\/www.iula.upf.edu\/obneo\/\">Observatori de Neologia<\/a>\u00a0desde su creaci\u00f3n, donde coordina el <em>Martes Neol\u00f3gico<\/em> y la red de Observatorios del espa\u00f1ol de Espa\u00f1a, NEOROC. La<strong>\u00a0<\/strong><strong>neolog\u00eda l\u00e9xica<\/strong><strong>, <\/strong>la<strong>\u00a0<\/strong><strong>terminolog\u00eda m\u00e9dica<\/strong>, la lexicograf\u00eda de aprendizaje especializada, la comunicaci\u00f3n en salud y la<strong> transferencia del conocimiento a la sociedad y a la escuela <\/strong>son actualmente los principales intereses de investigaci\u00f3n. Es vicepresidenta de la <a href=\"https:\/\/scaterm.llocs.iec.cat\/\">Societat Catalana de Terminologia<\/a>, sociedad filial del Institut d\u2019Estudis Catalans.<\/p>\n<p>M\u00e1s informaci\u00f3n en su web personal: <a href=\"https:\/\/www.upf.edu\/es\/web\/rosa-estopa\">https:\/\/www.upf.edu\/es\/web\/rosa-estopa<\/a><\/p>\n<p dir=\"ltr\"><strong>Imanol Urbieta Sorarrain \u00e9s economista, llicenciat en CC.EE.<\/strong> i empresarials per la Universitat de Deusto. Ha desenvolupat la seva carrera professional en diferents c\u00e0rrecs de responsabilitat, fonamentalment com a responsable administratiu-financer, en diverses empreses i organismes. Actualment, i des de 2002, \u00e9s el gerent del centre de terminologia i lexicografia UZEI. \u00c9s tresorer del cl\u00faster de les ind\u00fastries de la llengua del Pa\u00eds Basc, Langune. \u00c9s membre de la Junta Directiva d&#8217;EAFT (Associaci\u00f3 Europea de Terminologia). \u00c9s membre de la Junta Directiva del Col\u00b7legi Basc d&#8217;Economistes (Guip\u00fascoa).<br \/>\nM\u00e9s informaci\u00f3 al seu web personal: <a href=\"https:\/\/www.linkedin.com\/in\/urbieta\/\" target=\"_blank\" rel=\"noopener noreferrer\" data-auth=\"NotApplicable\">https:\/\/www.linkedin.com\/in\/urbieta\/<\/a><\/p>\n<p><strong>Miguel \u00c1ngel Candel-Mora<\/strong>, doctor en Filologia Anglesa i m\u00e0ster en Traducci\u00f3 per la Kent State University, \u00e9s catedr\u00e0tic d&#8217;Universitat al Departament de Ling\u00fc\u00edstica Aplicada de la Universitat Polit\u00e8cnica de Val\u00e8ncia, on imparteix cursos de lleng\u00fces d&#8217;especialitat, terminologia aplicada a la traducci\u00f3 i tecnologies de la llengua. Des de fa m\u00e9s de 25 anys participa activament en la ind\u00fastria de la traducci\u00f3 i la localitzaci\u00f3. El seu inter\u00e8s acad\u00e8mic se centra en l&#8217;an\u00e0lisi de tecnologies de la llengua per a la traducci\u00f3, l&#8217;\u00fas d&#8217;eines inform\u00e0tiques aplicades a la gesti\u00f3 terminol\u00f2gica, la ling\u00fc\u00edstica de corpus i l&#8217;explotaci\u00f3 de dades i textos. En l&#8217;actualitat \u00e9s director del M\u00e0ster en Lleng\u00fces i Tecnologia de la Universitat Polit\u00e8cnica de Val\u00e8ncia.<br \/>\nM\u00e9s informaci\u00f3 a:\u00a0 <a href=\"http:\/\/www.upv.es\/ficha-personal\/mcandel\">http:\/\/www.upv.es\/ficha-personal\/mcandel<\/a><\/p>\n","protected":false},"excerpt":{"rendered":"<p>Joaqu\u00edn Garc\u00eda Palacios \u00e9s doctor en Filologia Hisp\u00e0nica per la Universitat de Salamanca i catedr\u00e0tic d&#8217;Universitat en el Departament de Traducci\u00f3 i Interpretaci\u00f3, del qual ha estat director entre 1999 i 2004. S&#8217;ha ocupat de diferents mat\u00e8ries relacionades amb la llengua espanyola i la ling\u00fc\u00edstica aplicada, i actualment imparteix classes de Terminologia i Gesti\u00f3 terminol\u00f2gica.&hellip;<\/p>\n","protected":false},"author":5,"featured_media":0,"parent":0,"menu_order":0,"comment_status":"closed","ping_status":"closed","template":"","meta":{"footnotes":""},"class_list":["post-3936","page","type-page","status-publish","hentry"],"yoast_head":"<!-- This site is optimized with the Yoast SEO plugin v24.4 - https:\/\/yoast.com\/wordpress\/plugins\/seo\/ -->\n<title>Biodata dels membres de la junta actual - ASOCIACI\u00d3N ESPA\u00d1OLA DE TERMINOLOG\u00cdA<\/title>\n<meta name=\"robots\" content=\"index, follow, max-snippet:-1, max-image-preview:large, max-video-preview:-1\" \/>\n<link rel=\"canonical\" href=\"https:\/\/aeter.org\/ca\/biodata-dels-membres-de-la-junta-actual\/\" \/>\n<meta property=\"og:locale\" content=\"ca_ES\" \/>\n<meta property=\"og:type\" content=\"article\" \/>\n<meta property=\"og:title\" content=\"Biodata dels membres de la junta actual - ASOCIACI\u00d3N ESPA\u00d1OLA DE TERMINOLOG\u00cdA\" \/>\n<meta property=\"og:description\" content=\"Joaqu\u00edn Garc\u00eda Palacios \u00e9s doctor en Filologia Hisp\u00e0nica per la Universitat de Salamanca i catedr\u00e0tic d&#8217;Universitat en el Departament de Traducci\u00f3 i Interpretaci\u00f3, del qual ha estat director entre 1999 i 2004. S&#8217;ha ocupat de diferents mat\u00e8ries relacionades amb la llengua espanyola i la ling\u00fc\u00edstica aplicada, i actualment imparteix classes de Terminologia i Gesti\u00f3 terminol\u00f2gica.&hellip;\" \/>\n<meta property=\"og:url\" content=\"https:\/\/aeter.org\/ca\/biodata-dels-membres-de-la-junta-actual\/\" \/>\n<meta property=\"og:site_name\" content=\"ASOCIACI\u00d3N ESPA\u00d1OLA DE TERMINOLOG\u00cdA\" \/>\n<meta property=\"article:modified_time\" content=\"2023-12-21T17:45:17+00:00\" \/>\n<meta name=\"twitter:card\" content=\"summary_large_image\" \/>\n<meta name=\"twitter:label1\" content=\"Temps estimat de lectura\" \/>\n\t<meta name=\"twitter:data1\" content=\"5 minuts\" \/>\n<script type=\"application\/ld+json\" class=\"yoast-schema-graph\">{\"@context\":\"https:\/\/schema.org\",\"@graph\":[{\"@type\":\"WebPage\",\"@id\":\"https:\/\/aeter.org\/ca\/biodata-dels-membres-de-la-junta-actual\/\",\"url\":\"https:\/\/aeter.org\/ca\/biodata-dels-membres-de-la-junta-actual\/\",\"name\":\"Biodata dels membres de la junta actual - ASOCIACI\u00d3N ESPA\u00d1OLA DE TERMINOLOG\u00cdA\",\"isPartOf\":{\"@id\":\"https:\/\/aeter.org\/#website\"},\"datePublished\":\"2021-03-31T14:45:36+00:00\",\"dateModified\":\"2023-12-21T17:45:17+00:00\",\"breadcrumb\":{\"@id\":\"https:\/\/aeter.org\/ca\/biodata-dels-membres-de-la-junta-actual\/#breadcrumb\"},\"inLanguage\":\"ca\",\"potentialAction\":[{\"@type\":\"ReadAction\",\"target\":[\"https:\/\/aeter.org\/ca\/biodata-dels-membres-de-la-junta-actual\/\"]}]},{\"@type\":\"BreadcrumbList\",\"@id\":\"https:\/\/aeter.org\/ca\/biodata-dels-membres-de-la-junta-actual\/#breadcrumb\",\"itemListElement\":[{\"@type\":\"ListItem\",\"position\":1,\"name\":\"Portada\",\"item\":\"https:\/\/aeter.org\/\"},{\"@type\":\"ListItem\",\"position\":2,\"name\":\"Biodata dels membres de la junta actual\"}]},{\"@type\":\"WebSite\",\"@id\":\"https:\/\/aeter.org\/#website\",\"url\":\"https:\/\/aeter.org\/\",\"name\":\"ASOCIACI\u00d3N ESPA\u00d1OLA DE TERMINOLOG\u00cdA\",\"description\":\"AETER\",\"potentialAction\":[{\"@type\":\"SearchAction\",\"target\":{\"@type\":\"EntryPoint\",\"urlTemplate\":\"https:\/\/aeter.org\/?s={search_term_string}\"},\"query-input\":{\"@type\":\"PropertyValueSpecification\",\"valueRequired\":true,\"valueName\":\"search_term_string\"}}],\"inLanguage\":\"ca\"}]}<\/script>\n<!-- \/ Yoast SEO plugin. -->","yoast_head_json":{"title":"Biodata dels membres de la junta actual - ASOCIACI\u00d3N ESPA\u00d1OLA DE TERMINOLOG\u00cdA","robots":{"index":"index","follow":"follow","max-snippet":"max-snippet:-1","max-image-preview":"max-image-preview:large","max-video-preview":"max-video-preview:-1"},"canonical":"https:\/\/aeter.org\/ca\/biodata-dels-membres-de-la-junta-actual\/","og_locale":"ca_ES","og_type":"article","og_title":"Biodata dels membres de la junta actual - ASOCIACI\u00d3N ESPA\u00d1OLA DE TERMINOLOG\u00cdA","og_description":"Joaqu\u00edn Garc\u00eda Palacios \u00e9s doctor en Filologia Hisp\u00e0nica per la Universitat de Salamanca i catedr\u00e0tic d&#8217;Universitat en el Departament de Traducci\u00f3 i Interpretaci\u00f3, del qual ha estat director entre 1999 i 2004. S&#8217;ha ocupat de diferents mat\u00e8ries relacionades amb la llengua espanyola i la ling\u00fc\u00edstica aplicada, i actualment imparteix classes de Terminologia i Gesti\u00f3 terminol\u00f2gica.&hellip;","og_url":"https:\/\/aeter.org\/ca\/biodata-dels-membres-de-la-junta-actual\/","og_site_name":"ASOCIACI\u00d3N ESPA\u00d1OLA DE TERMINOLOG\u00cdA","article_modified_time":"2023-12-21T17:45:17+00:00","twitter_card":"summary_large_image","twitter_misc":{"Temps estimat de lectura":"5 minuts"},"schema":{"@context":"https:\/\/schema.org","@graph":[{"@type":"WebPage","@id":"https:\/\/aeter.org\/ca\/biodata-dels-membres-de-la-junta-actual\/","url":"https:\/\/aeter.org\/ca\/biodata-dels-membres-de-la-junta-actual\/","name":"Biodata dels membres de la junta actual - ASOCIACI\u00d3N ESPA\u00d1OLA DE TERMINOLOG\u00cdA","isPartOf":{"@id":"https:\/\/aeter.org\/#website"},"datePublished":"2021-03-31T14:45:36+00:00","dateModified":"2023-12-21T17:45:17+00:00","breadcrumb":{"@id":"https:\/\/aeter.org\/ca\/biodata-dels-membres-de-la-junta-actual\/#breadcrumb"},"inLanguage":"ca","potentialAction":[{"@type":"ReadAction","target":["https:\/\/aeter.org\/ca\/biodata-dels-membres-de-la-junta-actual\/"]}]},{"@type":"BreadcrumbList","@id":"https:\/\/aeter.org\/ca\/biodata-dels-membres-de-la-junta-actual\/#breadcrumb","itemListElement":[{"@type":"ListItem","position":1,"name":"Portada","item":"https:\/\/aeter.org\/"},{"@type":"ListItem","position":2,"name":"Biodata dels membres de la junta actual"}]},{"@type":"WebSite","@id":"https:\/\/aeter.org\/#website","url":"https:\/\/aeter.org\/","name":"ASOCIACI\u00d3N ESPA\u00d1OLA DE TERMINOLOG\u00cdA","description":"AETER","potentialAction":[{"@type":"SearchAction","target":{"@type":"EntryPoint","urlTemplate":"https:\/\/aeter.org\/?s={search_term_string}"},"query-input":{"@type":"PropertyValueSpecification","valueRequired":true,"valueName":"search_term_string"}}],"inLanguage":"ca"}]}},"_links":{"self":[{"href":"https:\/\/aeter.org\/ca\/wp-json\/wp\/v2\/pages\/3936","targetHints":{"allow":["GET"]}}],"collection":[{"href":"https:\/\/aeter.org\/ca\/wp-json\/wp\/v2\/pages"}],"about":[{"href":"https:\/\/aeter.org\/ca\/wp-json\/wp\/v2\/types\/page"}],"author":[{"embeddable":true,"href":"https:\/\/aeter.org\/ca\/wp-json\/wp\/v2\/users\/5"}],"replies":[{"embeddable":true,"href":"https:\/\/aeter.org\/ca\/wp-json\/wp\/v2\/comments?post=3936"}],"version-history":[{"count":6,"href":"https:\/\/aeter.org\/ca\/wp-json\/wp\/v2\/pages\/3936\/revisions"}],"predecessor-version":[{"id":6672,"href":"https:\/\/aeter.org\/ca\/wp-json\/wp\/v2\/pages\/3936\/revisions\/6672"}],"wp:attachment":[{"href":"https:\/\/aeter.org\/ca\/wp-json\/wp\/v2\/media?parent=3936"}],"curies":[{"name":"wp","href":"https:\/\/api.w.org\/{rel}","templated":true}]}}