{"id":3939,"date":"2021-03-31T15:04:32","date_gmt":"2021-03-31T15:04:32","guid":{"rendered":"https:\/\/aeter.org\/junta-directiva\/juntes-directives-anteriors\/"},"modified":"2023-12-21T18:31:16","modified_gmt":"2023-12-21T18:31:16","slug":"juntes-directives-anteriors","status":"publish","type":"page","link":"https:\/\/aeter.org\/ca\/junta-directiva\/juntes-directives-anteriors\/","title":{"rendered":"Juntes directives anteriors"},"content":{"rendered":"<p><strong><span style=\"color: #ff9900;\">1998-2002<\/span><\/strong><\/p>\n<p style=\"text-align: left;\">\u00c1ngel Mart\u00edn Municio (Real Academia de Ciencias), president<br \/>\nM. Teresa Cabr\u00e9 (Institut Universitari de Ling\u00fc\u00edstica Aplicada-UPF), vicepresidenta<br \/>\nFernando Pardos (Instituto de Lexicograf\u00eda, RAE), secretari<br \/>\nAlberto Agirreazaldegui (UZEI)<br \/>\nIsidro Aguillo (CINDOC-CSIC)<br \/>\nSof\u00eda \u00c1lvarez (CINDOC-CSIC)<br \/>\nNatividad Gallardo (Universidad de Granada)<\/p>\n<p><strong><span style=\"color: #ff9900;\">2002-2005<\/span><\/strong><\/p>\n<p>M. Teresa Cabr\u00e9 (Institut Universitari de Ling\u00fc\u00edstica Aplicada-UPF), presidenta<br \/>\nManuel Gonz\u00e1lez (Real Academia Galega), vicepresident<br \/>\nFernando Pardos (Instituto de Lexicograf\u00eda, RAE), secretari<br \/>\nAlberto Agirreazaldegui (UZEI)<br \/>\nSof\u00eda \u00c1lvarez (CINDOC-CSIC)<br \/>\nAgnes Bourdon (traductora)<br \/>\nAlicia F\u00e1tima G\u00f3mez (Universidad Alfonso X el Sabio)<\/p>\n<p><strong><span style=\"color: #ff9900;\">2005-2009<\/span><\/strong><\/p>\n<p>M. Teresa Cabr\u00e9 (Institut Universitari de Ling\u00fc\u00edstica Aplicada-UPF), presidenta<br \/>\nFernando Pardos (Instituto de Lexicograf\u00eda, RAE), vicepresident<br \/>\nIgnacio Ahumada (CINDOC-CSIC), secretari<br \/>\nMarisol Hernando (CINDOC-CSIC), tresorera<br \/>\nGuadalupe Aguado de Cea (Universidad Polit\u00e9cnica de Madrid)<br \/>\nJosefa G\u00f3mez de Enterr\u00eda (Universidad de Alcal\u00e1 de Henares)<br \/>\nAlicia F\u00e1tima G\u00f3mez (Universidad Alfonso X el Sabio)<\/p>\n<p><strong><span style=\"color: #ff9900;\">2009-2012<\/span><\/strong><\/p>\n<p>M. Teresa Cabr\u00e9 (Institut Universitari de Ling\u00fc\u00edstica Aplicada-UPF), presidenta<br \/>\nJosefa G\u00f3mez de Enterr\u00eda (Universidad de Alcal\u00e1 de Henares), vicepresidenta<br \/>\nFernando Pardos (Instituto de Lexicograf\u00eda, RAE), secretari<br \/>\nGuadalupe Aguado de Cea (Universidad Polit\u00e9cnica de Madrid)<br \/>\nAmparo Alcina (Universitat Jaume I)<br \/>\nPurificaci\u00f3n Fern\u00e1ndez Nistal (Universidad de Valladolid)<br \/>\nChelo Vargas (Universitat d&#8217;Alacant)<\/p>\n<p><strong><span style=\"color: #ff9900;\">2012-2016<\/span><\/strong><\/p>\n<p>Guadalupe Aguado de Cea (Universidad Polit\u00e9cnica de Madrid), presidenta<br \/>\nMerc\u00e8 Lorente Casafont (Universitat Pompeu Fabra), vicepresidenta<br \/>\nJoaqu\u00edn Garc\u00eda Palacios (Universidad de Salamanca), secretari<br \/>\nChelo Vargas (Universitat d&#8217;Alacant), tresorera<br \/>\nAmparo Alcina (Universitat Jaume I)<br \/>\nPurificaci\u00f3n Fern\u00e1ndez Nistal (Universidad de Valladolid)<br \/>\nManuel Mart\u00ed S\u00e1nchez (Universidad de Alcal\u00e1) [hasta septiembre de 2015]<br \/>\nImanol Urbieta (UZEI) [a partir de septiembre de 2015]<\/p>\n<p><strong><span style=\"color: #ff9900;\">2016-2018<\/span><\/strong><\/p>\n<p>Guadalupe Aguado de Cea (Universidad Polit\u00e9cnica de Madrid), presidenta<br \/>\nJoaqu\u00edn Garc\u00eda Palacios (Universidad de Salamanca), vicepresident<br \/>\nNava Maroto Garc\u00eda (Universidad Polit\u00e9cnica de Madrid), secret\u00e0ria<br \/>\nChelo Vargas Sierra (Universitat d\u2019Alacant), tresorera<br \/>\nPurificaci\u00f3n Fern\u00e1ndez Nistal (Universidad de Valladolid)<br \/>\nImanol Urbieta (UZEI)<br \/>\nIria da Cunha Fanego (Universidad Nacional de Eduaci\u00f3n a Distancia)<\/p>\n<p><strong><span style=\"color: #ff9900;\">2018-2019<\/span><\/strong><\/p>\n<p>Joaqu\u00edn Garc\u00eda Palacios (Universidad de Salamanca), president<br \/>\nPurificaci\u00f3n Fern\u00e1ndez Nistal (Universidad de Valladolid), vicepresidenta<br \/>\nNava Maroto Garc\u00eda (Universidad Polit\u00e9cnica de Madrid), secret\u00e0ria<br \/>\nChelo Vargas Sierra (Universitat d\u2019Alacant), tresorera<br \/>\nImanol Urbieta (UZEI)<br \/>\nIria da Cunha Fanego (Universidad Nacional de Eduaci\u00f3n a Distancia)<br \/>\nRosa Mar\u00eda Castro Prieto (Universidad Aut\u00f3noma de Madrid)<\/p>\n<p><strong><span style=\"color: #ff9900;\">2019-2023<\/span><\/strong><\/p>\n<p>Joaqu\u00edn Garc\u00eda Palacios (Universidad de Salamanca), president<br \/>\nNava Maroto Garc\u00eda (Universidad Polit\u00e9cnica de Madrid), vicepresidenta<br \/>\nRosa Mar\u00eda Castro Prieto (Universidad Aut\u00f3noma de Madrid), secret\u00e0ria<br \/>\nChelo Vargas Sierra (Universitat d\u2019Alacant), tresorera<br \/>\nImanol Urbieta (UZEI)<br \/>\nMiguel \u00c1ngel Candel Mora (Universitat Polit\u00e8cnica de Val\u00e8ncia)<br \/>\nIria da Cunha Fanego (Universidad Nacional de Educaci\u00f3n a Distancia)<\/p>\n","protected":false},"excerpt":{"rendered":"<p>1998-2002 \u00c1ngel Mart\u00edn Municio (Real Academia de Ciencias), president M. Teresa Cabr\u00e9 (Institut Universitari de Ling\u00fc\u00edstica Aplicada-UPF), vicepresidenta Fernando Pardos (Instituto de Lexicograf\u00eda, RAE), secretari Alberto Agirreazaldegui (UZEI) Isidro Aguillo (CINDOC-CSIC) Sof\u00eda \u00c1lvarez (CINDOC-CSIC) Natividad Gallardo (Universidad de Granada) 2002-2005 M. Teresa Cabr\u00e9 (Institut Universitari de Ling\u00fc\u00edstica Aplicada-UPF), presidenta Manuel Gonz\u00e1lez (Real Academia Galega), vicepresident&hellip;<\/p>\n","protected":false},"author":5,"featured_media":0,"parent":3930,"menu_order":0,"comment_status":"closed","ping_status":"closed","template":"","meta":{"footnotes":""},"class_list":["post-3939","page","type-page","status-publish","hentry"],"yoast_head":"<!-- This site is optimized with the Yoast SEO plugin v24.4 - https:\/\/yoast.com\/wordpress\/plugins\/seo\/ -->\n<title>Juntes directives anteriors - ASOCIACI\u00d3N ESPA\u00d1OLA DE TERMINOLOG\u00cdA<\/title>\n<meta name=\"robots\" content=\"index, follow, max-snippet:-1, max-image-preview:large, max-video-preview:-1\" \/>\n<link rel=\"canonical\" href=\"https:\/\/aeter.org\/ca\/junta-directiva\/juntes-directives-anteriors\/\" \/>\n<meta property=\"og:locale\" content=\"ca_ES\" \/>\n<meta property=\"og:type\" content=\"article\" \/>\n<meta property=\"og:title\" content=\"Juntes directives anteriors - ASOCIACI\u00d3N ESPA\u00d1OLA DE TERMINOLOG\u00cdA\" \/>\n<meta property=\"og:description\" content=\"1998-2002 \u00c1ngel Mart\u00edn Municio (Real Academia de Ciencias), president M. Teresa Cabr\u00e9 (Institut Universitari de Ling\u00fc\u00edstica Aplicada-UPF), vicepresidenta Fernando Pardos (Instituto de Lexicograf\u00eda, RAE), secretari Alberto Agirreazaldegui (UZEI) Isidro Aguillo (CINDOC-CSIC) Sof\u00eda \u00c1lvarez (CINDOC-CSIC) Natividad Gallardo (Universidad de Granada) 2002-2005 M. Teresa Cabr\u00e9 (Institut Universitari de Ling\u00fc\u00edstica Aplicada-UPF), presidenta Manuel Gonz\u00e1lez (Real Academia Galega), vicepresident&hellip;\" \/>\n<meta property=\"og:url\" content=\"https:\/\/aeter.org\/ca\/junta-directiva\/juntes-directives-anteriors\/\" \/>\n<meta property=\"og:site_name\" content=\"ASOCIACI\u00d3N ESPA\u00d1OLA DE TERMINOLOG\u00cdA\" \/>\n<meta property=\"article:modified_time\" content=\"2023-12-21T18:31:16+00:00\" \/>\n<meta name=\"twitter:card\" content=\"summary_large_image\" \/>\n<meta name=\"twitter:label1\" content=\"Temps estimat de lectura\" \/>\n\t<meta name=\"twitter:data1\" content=\"2 minuts\" \/>\n<script type=\"application\/ld+json\" class=\"yoast-schema-graph\">{\"@context\":\"https:\/\/schema.org\",\"@graph\":[{\"@type\":\"WebPage\",\"@id\":\"https:\/\/aeter.org\/ca\/junta-directiva\/juntes-directives-anteriors\/\",\"url\":\"https:\/\/aeter.org\/ca\/junta-directiva\/juntes-directives-anteriors\/\",\"name\":\"Juntes directives anteriors - ASOCIACI\u00d3N ESPA\u00d1OLA DE TERMINOLOG\u00cdA\",\"isPartOf\":{\"@id\":\"https:\/\/aeter.org\/#website\"},\"datePublished\":\"2021-03-31T15:04:32+00:00\",\"dateModified\":\"2023-12-21T18:31:16+00:00\",\"breadcrumb\":{\"@id\":\"https:\/\/aeter.org\/ca\/junta-directiva\/juntes-directives-anteriors\/#breadcrumb\"},\"inLanguage\":\"ca\",\"potentialAction\":[{\"@type\":\"ReadAction\",\"target\":[\"https:\/\/aeter.org\/ca\/junta-directiva\/juntes-directives-anteriors\/\"]}]},{\"@type\":\"BreadcrumbList\",\"@id\":\"https:\/\/aeter.org\/ca\/junta-directiva\/juntes-directives-anteriors\/#breadcrumb\",\"itemListElement\":[{\"@type\":\"ListItem\",\"position\":1,\"name\":\"Portada\",\"item\":\"https:\/\/aeter.org\/\"},{\"@type\":\"ListItem\",\"position\":2,\"name\":\"Junta directiva\",\"item\":\"https:\/\/aeter.org\/ca\/junta-directiva\/\"},{\"@type\":\"ListItem\",\"position\":3,\"name\":\"Juntes directives anteriors\"}]},{\"@type\":\"WebSite\",\"@id\":\"https:\/\/aeter.org\/#website\",\"url\":\"https:\/\/aeter.org\/\",\"name\":\"ASOCIACI\u00d3N ESPA\u00d1OLA DE TERMINOLOG\u00cdA\",\"description\":\"AETER\",\"potentialAction\":[{\"@type\":\"SearchAction\",\"target\":{\"@type\":\"EntryPoint\",\"urlTemplate\":\"https:\/\/aeter.org\/?s={search_term_string}\"},\"query-input\":{\"@type\":\"PropertyValueSpecification\",\"valueRequired\":true,\"valueName\":\"search_term_string\"}}],\"inLanguage\":\"ca\"}]}<\/script>\n<!-- \/ Yoast SEO plugin. -->","yoast_head_json":{"title":"Juntes directives anteriors - ASOCIACI\u00d3N ESPA\u00d1OLA DE TERMINOLOG\u00cdA","robots":{"index":"index","follow":"follow","max-snippet":"max-snippet:-1","max-image-preview":"max-image-preview:large","max-video-preview":"max-video-preview:-1"},"canonical":"https:\/\/aeter.org\/ca\/junta-directiva\/juntes-directives-anteriors\/","og_locale":"ca_ES","og_type":"article","og_title":"Juntes directives anteriors - ASOCIACI\u00d3N ESPA\u00d1OLA DE TERMINOLOG\u00cdA","og_description":"1998-2002 \u00c1ngel Mart\u00edn Municio (Real Academia de Ciencias), president M. Teresa Cabr\u00e9 (Institut Universitari de Ling\u00fc\u00edstica Aplicada-UPF), vicepresidenta Fernando Pardos (Instituto de Lexicograf\u00eda, RAE), secretari Alberto Agirreazaldegui (UZEI) Isidro Aguillo (CINDOC-CSIC) Sof\u00eda \u00c1lvarez (CINDOC-CSIC) Natividad Gallardo (Universidad de Granada) 2002-2005 M. Teresa Cabr\u00e9 (Institut Universitari de Ling\u00fc\u00edstica Aplicada-UPF), presidenta Manuel Gonz\u00e1lez (Real Academia Galega), vicepresident&hellip;","og_url":"https:\/\/aeter.org\/ca\/junta-directiva\/juntes-directives-anteriors\/","og_site_name":"ASOCIACI\u00d3N ESPA\u00d1OLA DE TERMINOLOG\u00cdA","article_modified_time":"2023-12-21T18:31:16+00:00","twitter_card":"summary_large_image","twitter_misc":{"Temps estimat de lectura":"2 minuts"},"schema":{"@context":"https:\/\/schema.org","@graph":[{"@type":"WebPage","@id":"https:\/\/aeter.org\/ca\/junta-directiva\/juntes-directives-anteriors\/","url":"https:\/\/aeter.org\/ca\/junta-directiva\/juntes-directives-anteriors\/","name":"Juntes directives anteriors - ASOCIACI\u00d3N ESPA\u00d1OLA DE TERMINOLOG\u00cdA","isPartOf":{"@id":"https:\/\/aeter.org\/#website"},"datePublished":"2021-03-31T15:04:32+00:00","dateModified":"2023-12-21T18:31:16+00:00","breadcrumb":{"@id":"https:\/\/aeter.org\/ca\/junta-directiva\/juntes-directives-anteriors\/#breadcrumb"},"inLanguage":"ca","potentialAction":[{"@type":"ReadAction","target":["https:\/\/aeter.org\/ca\/junta-directiva\/juntes-directives-anteriors\/"]}]},{"@type":"BreadcrumbList","@id":"https:\/\/aeter.org\/ca\/junta-directiva\/juntes-directives-anteriors\/#breadcrumb","itemListElement":[{"@type":"ListItem","position":1,"name":"Portada","item":"https:\/\/aeter.org\/"},{"@type":"ListItem","position":2,"name":"Junta directiva","item":"https:\/\/aeter.org\/ca\/junta-directiva\/"},{"@type":"ListItem","position":3,"name":"Juntes directives anteriors"}]},{"@type":"WebSite","@id":"https:\/\/aeter.org\/#website","url":"https:\/\/aeter.org\/","name":"ASOCIACI\u00d3N ESPA\u00d1OLA DE TERMINOLOG\u00cdA","description":"AETER","potentialAction":[{"@type":"SearchAction","target":{"@type":"EntryPoint","urlTemplate":"https:\/\/aeter.org\/?s={search_term_string}"},"query-input":{"@type":"PropertyValueSpecification","valueRequired":true,"valueName":"search_term_string"}}],"inLanguage":"ca"}]}},"_links":{"self":[{"href":"https:\/\/aeter.org\/ca\/wp-json\/wp\/v2\/pages\/3939","targetHints":{"allow":["GET"]}}],"collection":[{"href":"https:\/\/aeter.org\/ca\/wp-json\/wp\/v2\/pages"}],"about":[{"href":"https:\/\/aeter.org\/ca\/wp-json\/wp\/v2\/types\/page"}],"author":[{"embeddable":true,"href":"https:\/\/aeter.org\/ca\/wp-json\/wp\/v2\/users\/5"}],"replies":[{"embeddable":true,"href":"https:\/\/aeter.org\/ca\/wp-json\/wp\/v2\/comments?post=3939"}],"version-history":[{"count":3,"href":"https:\/\/aeter.org\/ca\/wp-json\/wp\/v2\/pages\/3939\/revisions"}],"predecessor-version":[{"id":6713,"href":"https:\/\/aeter.org\/ca\/wp-json\/wp\/v2\/pages\/3939\/revisions\/6713"}],"up":[{"embeddable":true,"href":"https:\/\/aeter.org\/ca\/wp-json\/wp\/v2\/pages\/3930"}],"wp:attachment":[{"href":"https:\/\/aeter.org\/ca\/wp-json\/wp\/v2\/media?parent=3939"}],"curies":[{"name":"wp","href":"https:\/\/api.w.org\/{rel}","templated":true}]}}