{"id":3943,"date":"2021-03-31T16:28:09","date_gmt":"2021-03-31T16:28:09","guid":{"rendered":"https:\/\/aeter.org\/premis-aeter\/"},"modified":"2021-03-31T16:28:09","modified_gmt":"2021-03-31T16:28:09","slug":"premis-aeter","status":"publish","type":"page","link":"https:\/\/aeter.org\/ca\/premis-aeter\/","title":{"rendered":"Premis AETER"},"content":{"rendered":"<p>Els Premis d\u2019AETER es convoquen anualment en dues modalitats alternes:<\/p>\n<ul>\n<li>Modalitat A per a joves investigadors en Terminologia<\/li>\n<li>Modalitat B per a projectes o desenvolupaments en Terminologia<\/li>\n<\/ul>\n<h3 style=\"text-align: center;\"><strong><span style=\"color: #800080;\">PREMI D&#8217;INVESTIGACI\u00d3 I DESENVOLUPAMENT AETER 2018<\/span><\/strong><br \/>\n<strong><span style=\"color: #800080;\">Modalitat B per a investigadors i desenvolupadors de recursos terminol\u00f2gics<\/span><\/strong><br \/>\n<strong><span style=\"color: #800080;\">(Convocat\u00f2ria tancada)<\/span><\/strong><\/h3>\n<p>L&#8217;Associaci\u00f3 Espanyola de Terminologia (AETER) convoca el Premi d&#8217;Iniciatives orientades a la integraci\u00f3 de recursos terminol\u00f2gics de l&#8217;espanyol.<\/p>\n<p><strong>Finalitat<\/strong><br \/>\nAquest premi t\u00e9 com a objectiu fomentar la creaci\u00f3 de recursos terminol\u00f2gics de l&#8217;espanyol per aconseguir una major difusi\u00f3 de la terminologia tant monoling\u00fce com multiling\u00fce i aix\u00ed promocionar la terminologia de l&#8217;espanyol.<\/p>\n<p><strong>Bases de la convocat\u00f2ria<\/strong><br \/>\n<strong>1.<\/strong> Es podran presentar treballs o desenvolupaments originals, tant in\u00e8dits com publicats, durant els dos anys anteriors a aquesta convocat\u00f2ria.<br \/>\n<strong>2.<\/strong> Cap treball es pot presentar en dues convocat\u00f2ries diferents.<br \/>\n<strong>3.<\/strong> Els treballs o els programes desenvolupats hauran de venir acompanyats d&#8217;una explicaci\u00f3 en qualsevol de les lleng\u00fces de l&#8217;Estat espanyol, amb un resum de 30 p\u00e0gines en castell\u00e0.<br \/>\n<strong>4.<\/strong> El treball presentat (recurs, programa, aplicaci\u00f3, o similar) haur\u00e0 de:<\/p>\n<ul>\n<li>a) Representar un aven\u00e7 per als recursos de l&#8217;espanyol.<\/li>\n<li>b) Comptar amb documentaci\u00f3 formalitzada per poder accedir al recurs.<\/li>\n<li>c) Poder ser desplegat en un servidor.<\/li>\n<li>d) Estar acompanyat d&#8217;una carta de motivaci\u00f3 del treball presentat, on s&#8217;expliquin els motius i els avantatges per al camp de la Terminologia.<\/li>\n<\/ul>\n<p><strong>5.<\/strong> En el cas que es tract\u00e9s d&#8217;un recurs ling\u00fc\u00edstic anotat, es valorar\u00e0 favorablement que es proporcionin les guies d&#8217;anotaci\u00f3 o una DTD (o ambdues).<br \/>\n<strong>6.<\/strong> Si es tracta d&#8217;un recurs no anotat, que com a m\u00ednim estigui en algun format est\u00e0ndard per a aquest tipus de recursos. En aquest cas, \u00e9s fonamental que tingui una interf\u00edcie o un portal perqu\u00e8 altres termin\u00f2legs puguin fer-hi consultes.<br \/>\n<strong>7.<\/strong> Avaluaci\u00f3:<br \/>\nSe seguir\u00e0 el sistema d&#8217;avaluaci\u00f3 per parells.<br \/>\nCriteris. Es valorar\u00e0 favorablement:<\/p>\n<ul>\n<li>a) el car\u00e0cter innovador,<\/li>\n<li>b) l&#8217;\u00fas d&#8217;est\u00e0ndards de representaci\u00f3 coneguts (per exemple, TBX en terminologia, SKOS, etc.),<\/li>\n<li>c) la possibilitat d&#8217;integraci\u00f3 o de reutilitzaci\u00f3 amb altres eines de l&#8217;\u00e0rea,<\/li>\n<li>d) el car\u00e0cter multiling\u00fce, donant prefer\u00e8ncia a la pres\u00e8ncia de l&#8217;espanyol.<\/li>\n<\/ul>\n<p>Altres criteris que podran ser tinguts en compte s\u00f3n:<\/p>\n<ul>\n<li>e) que l&#8217;aplicaci\u00f3 o recurs estigui en OpenSource,<\/li>\n<li>f) que l&#8217;aplicaci\u00f3 o recurs tingui una API o llenguatges de consulta estandarditzats.<\/li>\n<\/ul>\n<p><strong>8.<\/strong> Dotaci\u00f3. El premi consistir\u00e0 en una dotaci\u00f3 econ\u00f2mica de 300 \u20ac i la subscripci\u00f3 d&#8217;un any com a membre d\u2019AETER.<br \/>\n<strong>9.<\/strong> Decisi\u00f3 i lliurament del premi. El premi es fallar\u00e0 i s&#8217;anunciar\u00e0 en el marc de la reuni\u00f3 anual d\u2019AETER. Es concedir\u00e0 al treball premiat una dotaci\u00f3 \u00fanica de 300 euros, destinada a una o m\u00e9s borses de viatge per a congressos o estades de recerca. Aquesta dotaci\u00f3 ha de gastar-se en el per\u00edode de temps que hi ha entre l&#8217;anunci de la concessi\u00f3 a l&#8217;Assemblea de la Jornada d\u2019AETER en curs i les quatre setmanes anteriors a la celebraci\u00f3 de l\u2019Assemblea seg\u00fcent.<br \/>\n<strong>10.<\/strong> La Junta Directiva d\u2019AETER podr\u00e0 revocar la concessi\u00f3 del premi quan es detecti que s&#8217;han incomplert les bases d&#8217;aquesta convocat\u00f2ria o quan s&#8217;hagi detectat una situaci\u00f3 fraudulenta.<br \/>\n<strong>11.<\/strong> Tramitaci\u00f3 i requisits:<br \/>\na) Els candidats hauran de trametre per correu electr\u00f2nic a <a href=\"mailto:premios@aeter.org\">premios@aeter.org<\/a> els seg\u00fcents documents:<br \/>\n\u2022 Un informe d&#8217;unes 300 paraules, justificatiu de la pertin\u00e8ncia de la investigaci\u00f3 realitzada per als estudis de Terminologia, que s&#8217;utilitzar\u00e0, en cas de resultar premiada, com a text de presentaci\u00f3 de la feina a la p\u00e0gina web d\u2019AETER.<br \/>\n\u2022 Un breu CV, d&#8217;unes 10-15 l\u00ednies, amb el resum de la formaci\u00f3 acad\u00e8mica i de les publicacions del concursant, relacionades amb el treball presentat, si n&#8217;hi ha.<br \/>\n\u2022 L&#8217;arxiu en format PDF que contingui la descripci\u00f3 del treball amb el qual s&#8217;opta al premi.<br \/>\n\u2022 El programa, aplicaci\u00f3, o un altre tipus de recurs (anotador, corpus, etc.).<\/p>\n<p>b) Per correu postal certificat:<br \/>\n\u2022 Una c\u00f2pia impresa de l&#8217;informe justificatiu.<br \/>\n\u2022 Una c\u00f2pia impresa del CV.<br \/>\n\u2022 Tres c\u00f2pies en CD de la feina, adequadament identificades en la car\u00e0tula de cada CD o, si escau, amb els permisos i possibilitats d&#8217;\u00fas i avaluaci\u00f3.<br \/>\n\u2022 Adre\u00e7a postal a la qual s&#8217;han d&#8217;enviar els treballs:<\/p>\n<p style=\"padding-left: 90px;\">Guadalupe Aguado de Cea<br \/>\nPresidenta d\u2019AETER<br \/>\nEscuela T\u00e9cnica Superior de Ingenieros Inform\u00e1ticos<br \/>\nUniversidad Polit\u00e9cnica de Madrid<br \/>\nCampus de Montegancedo s\/n<br \/>\nBoadilla del Monte<br \/>\n28660 Madrid<\/p>\n<p><strong>12.<\/strong> L&#8217;\u00faltim dia per a enviar propostes per correu electr\u00f2nic i per als enviaments per correu postal certificat \u00e9s el <strong>02 setembre 2018<\/strong>.<\/p>\n<p>Madrid, 18 de juny de 2018<\/p>\n<p>&#8212;-<\/p>\n<p><strong>Resoluci\u00f3 del guanyador del Premi d&#8217;Investigaci\u00f3 i Desenvolupament AETER 2018, Modalitat B per a investigadors i desenvolupadors de recursos terminol\u00f2gics<\/strong><\/p>\n<p>El divendres 16 de novembre de 2018, a l&#8217;Assemblea de Socis que va tenir lloc despr\u00e9s de la Jornada AETER 2018 celebrada a Alacant, es va fer p\u00fablica la resoluci\u00f3 del Premi d&#8217;Investigaci\u00f3 i Desenvolupament AETER 2018, Modalitat B per a investigadors i desenvolupadors de recursos terminol\u00f2gics. En aquesta ocasi\u00f3 el premi ha quedat desert.<\/p>\n<p>Alacant, 16 de novembre de 2018<\/p>\n<h2 style=\"text-align: center;\">&#8212;&#8212;&#8212;&#8212;&#8212;&#8212;&#8212;&#8212;&#8212;&#8212;&#8212;&#8212;&#8212;&#8212;&#8212;&#8212;&#8212;&#8212;&#8212;&#8212;&#8212;&#8212;&#8212;&#8212;&#8212;&#8212;&#8212;<\/h2>\n<h2 style=\"text-align: center;\"><strong><span style=\"color: #800080;\">PREMI D\u2019INVESTIGACI\u00d3 AETER 2017<\/span><\/strong><br \/>\n <strong><span style=\"color: #800080;\">Modalitat A<br \/>\n<\/span><\/strong><strong><span style=\"color: #800080;\">per a joves investigadors en terminologia<\/span><\/strong><\/h2>\n<p>L&#8217;<strong>Associaci\u00f3 Espanyola de Terminologia (AETER)<\/strong> convoca el <em>Premi d&#8217;Investigaci\u00f3 en Terminologia per a joves investigadors<\/em>.<\/p>\n<p>A efectes d&#8217;aquests premis, es considera &#8220;jove investigador&#8221; aquell que estigui en proc\u00e9s de realitzaci\u00f3 de la seva tesi doctoral o l&#8217;hagi defensat en els \u00faltims tres anys; <span style=\"text-decoration: underline;\">el treball haur\u00e0 d&#8217;haver estat presentat i defensat abans del 31 de desembre de 2016.<\/span><\/p>\n<p><strong>Finalitat<\/strong><\/p>\n<p>Aquest premi t\u00e9 com a objectiu fomentar i recon\u00e8ixer la investigaci\u00f3 en qualsevol \u00e0rea d&#8217;inter\u00e8s per al desenvolupament i promoci\u00f3 de la terminologia espanyola.<\/p>\n<p><strong>Bases de la Convocat\u00f2ria<\/strong><\/p>\n<ol>\n<li>Es podran presentar treballs d&#8217;investigaci\u00f3 originals, tant in\u00e8dits com publicats, durant els anys fixats en la present convocat\u00f2ria.<\/li>\n<li>Cap treball es pot presentar en dues convocat\u00f2ries diferents.<\/li>\n<li>Els treballs hauran d&#8217;estar escrits en qualsevol de les lleng\u00fces de l&#8217;Estat espanyol, amb un resum de 30 p\u00e0gines en castell\u00e0.<\/li>\n<li>El treball presentat ha de versar sobre algun aspecte innovador en el camp de la Terminologia i tindr\u00e0 una extensi\u00f3 m\u00ednima de 150 p\u00e0gines (al voltant de 75.000 paraules aproximadament).<\/li>\n<li><strong>Avaluaci\u00f3<\/strong>\n<ol>\n<li>Se seguir\u00e0 el sistema d&#8217;avaluaci\u00f3 per parells.<\/li>\n<li>Criteris. Es valorar\u00e0 el car\u00e0cter innovador, l&#8217;originalitat del plantejament, el rigor cient\u00edfic i metodol\u00f2gic, aix\u00ed com la seva projecci\u00f3 en l&#8217;aven\u00e7 del camp de la Terminologia.<\/li>\n<\/ol>\n<\/li>\n<li><strong>Dotaci\u00f3<\/strong>. El premi consistir\u00e0 en una dotaci\u00f3 econ\u00f2mica de 300 \u20ac i la subscripci\u00f3 d&#8217;un any com a membre d\u2019AETER.<\/li>\n<li><strong>Decisi\u00f3 i lliurament del premi<\/strong>. El premi es fallar\u00e0 i s&#8217;anunciar\u00e0 en el marc de la reuni\u00f3 anual d\u2019AETER. Es concedir\u00e0 al treball premiat una dotaci\u00f3 \u00fanica de 300 euros, destinada a una o m\u00e9s borses de viatge per a congressos o estades de recerca. Aquesta dotaci\u00f3 ha de gastar-se en el per\u00edode de temps que hi ha entre l&#8217;anunci de la concessi\u00f3 a l&#8217;Assemblea de la Jornada d\u2019AETER en curs i les quatre setmanes anteriors a la celebraci\u00f3 de l\u2019Assemblea seg\u00fcent.<\/li>\n<li>La Junta Directiva d\u2019AETER podr\u00e0 revocar la concessi\u00f3 del premi quan es detecti que s&#8217;han incomplert les bases d&#8217;aquesta convocat\u00f2ria o quan s&#8217;hagi detectat una situaci\u00f3 fraudulenta.<\/li>\n<li><strong>Tramitaci\u00f3 i requisits:<\/strong><\/li>\n<\/ol>\n<p>a) Els candidats hauran de trametre per correu electr\u00f2nic a <a href=\"mailto:info@aeter.org\">premios@aeter.org<\/a> els seg\u00fcents documents:<\/p>\n<ul>\n<li>Un informe d&#8217;unes 300 paraules, justificatiu de la pertin\u00e8ncia de la investigaci\u00f3 realitzada per als estudis de Terminologia, que s&#8217;utilitzar\u00e0, en cas de resultar premiada, com a text de presentaci\u00f3 de la feina a la p\u00e0gina web d\u2019AETER.<\/li>\n<li>Un breu CV, d&#8217;unes 10-15 l\u00ednies, amb el resum de la formaci\u00f3 acad\u00e8mica i de les publicacions del concursant, relacionades amb el treball presentat, si n&#8217;hi ha.<\/li>\n<li>L&#8217;arxiu en format PDF que contingui el treball amb el qual s&#8217;opta al premi.<\/li>\n<\/ul>\n<p>b) Per correu postal certificat:<\/p>\n<ul>\n<li>Una c\u00f2pia impresa de l&#8217;informe justificatiu.<\/li>\n<li>Una c\u00f2pia impresa del CV.<\/li>\n<li>Tres c\u00f2pies en CD de la feina, adequadament identificades en la car\u00e0tula de cada CD.<\/li>\n<li>Adre\u00e7a postal a la qual s&#8217;han d&#8217;enviar els treballs:<\/li>\n<\/ul>\n<p style=\"padding-left: 90px;\">Guadalupe Aguado de Cea<br \/>\nPresidenta d\u2019AETER<br \/>\nEscuela T\u00e9cnica Superior de Ingenieros Inform\u00e1ticos<br \/>\nUniversidad Polit\u00e9cnica de Madrid<br \/>\nCampus de Montegancedo s\/n<br \/>\nBoadilla del Monte<br \/>\n28660 Madrid<\/p>\n<p>L\u2019\u00faltim dia per enviar propostes per correu electr\u00f2nic i per als enviaments per correu postal certificat \u00e9s el <strong>31 de mar\u00e7 de 2017<\/strong><\/p>\n<p>Castell\u00f3, 18 de novembre de 2016<\/p>\n<p>&#8212;-<\/p>\n<p><strong>Resoluci\u00f3 del guanyador del Premi d&#8217;investigaci\u00f3 AETER 2017. Joves investigadors en Terminologia<\/strong><\/p>\n<p>El divendres 3 de novembre de 2017, durant l&#8217;Assemblea de Socis que va tenir lloc durant la Jornada ATER 2017, es va fer p\u00fablica la resoluci\u00f3 del candidat guanyador del Premi d&#8217;investigaci\u00f3 AETER 2017. Joves investigadors en Terminologia. El guanyador \u00e9s <span style=\"color: #ff0000;\">Antonio San Mart\u00edn Pizarro<\/span>, que ha guanyat per presentar l&#8217;obra titulada \u00bbLa representaci\u00f3 de la variaci\u00f3 contextual mitjan\u00e7ant definicions terminol\u00f2giques flexibles\u00bb.<\/p>\n<p>Des de la Junta Directiva d&#8217;AETER volem felicitar el guanyador i tamb\u00e9 agrair a la resta de candidats la seva participaci\u00f3.<\/p>\n<p>Barcelona, 3 de novembre de 2017<\/p>\n","protected":false},"excerpt":{"rendered":"<p>Els Premis d\u2019AETER es convoquen anualment en dues modalitats alternes: Modalitat A per a joves investigadors en Terminologia Modalitat B per a projectes o desenvolupaments en Terminologia PREMI D&#8217;INVESTIGACI\u00d3 I DESENVOLUPAMENT AETER 2018 Modalitat B per a investigadors i desenvolupadors de recursos terminol\u00f2gics (Convocat\u00f2ria tancada) L&#8217;Associaci\u00f3 Espanyola de Terminologia (AETER) convoca el Premi d&#8217;Iniciatives orientades&hellip;<\/p>\n","protected":false},"author":5,"featured_media":0,"parent":0,"menu_order":0,"comment_status":"closed","ping_status":"closed","template":"","meta":{"footnotes":""},"class_list":["post-3943","page","type-page","status-publish","hentry"],"yoast_head":"<!-- This site is optimized with the Yoast SEO plugin v24.4 - https:\/\/yoast.com\/wordpress\/plugins\/seo\/ -->\n<title>Premis AETER - ASOCIACI\u00d3N ESPA\u00d1OLA DE TERMINOLOG\u00cdA<\/title>\n<meta name=\"robots\" content=\"index, follow, max-snippet:-1, max-image-preview:large, max-video-preview:-1\" \/>\n<link rel=\"canonical\" href=\"https:\/\/aeter.org\/ca\/premis-aeter\/\" \/>\n<meta property=\"og:locale\" content=\"ca_ES\" \/>\n<meta property=\"og:type\" content=\"article\" \/>\n<meta property=\"og:title\" content=\"Premis AETER - ASOCIACI\u00d3N ESPA\u00d1OLA DE TERMINOLOG\u00cdA\" \/>\n<meta property=\"og:description\" content=\"Els Premis d\u2019AETER es convoquen anualment en dues modalitats alternes: Modalitat A per a joves investigadors en Terminologia Modalitat B per a projectes o desenvolupaments en Terminologia PREMI D&#8217;INVESTIGACI\u00d3 I DESENVOLUPAMENT AETER 2018 Modalitat B per a investigadors i desenvolupadors de recursos terminol\u00f2gics (Convocat\u00f2ria tancada) L&#8217;Associaci\u00f3 Espanyola de Terminologia (AETER) convoca el Premi d&#8217;Iniciatives orientades&hellip;\" \/>\n<meta property=\"og:url\" content=\"https:\/\/aeter.org\/ca\/premis-aeter\/\" \/>\n<meta property=\"og:site_name\" content=\"ASOCIACI\u00d3N ESPA\u00d1OLA DE TERMINOLOG\u00cdA\" \/>\n<meta name=\"twitter:card\" content=\"summary_large_image\" \/>\n<meta name=\"twitter:label1\" content=\"Temps estimat de lectura\" \/>\n\t<meta name=\"twitter:data1\" content=\"7 minuts\" \/>\n<script type=\"application\/ld+json\" class=\"yoast-schema-graph\">{\"@context\":\"https:\/\/schema.org\",\"@graph\":[{\"@type\":\"WebPage\",\"@id\":\"https:\/\/aeter.org\/ca\/premis-aeter\/\",\"url\":\"https:\/\/aeter.org\/ca\/premis-aeter\/\",\"name\":\"Premis AETER - ASOCIACI\u00d3N ESPA\u00d1OLA DE TERMINOLOG\u00cdA\",\"isPartOf\":{\"@id\":\"https:\/\/aeter.org\/#website\"},\"datePublished\":\"2021-03-31T16:28:09+00:00\",\"breadcrumb\":{\"@id\":\"https:\/\/aeter.org\/ca\/premis-aeter\/#breadcrumb\"},\"inLanguage\":\"ca\",\"potentialAction\":[{\"@type\":\"ReadAction\",\"target\":[\"https:\/\/aeter.org\/ca\/premis-aeter\/\"]}]},{\"@type\":\"BreadcrumbList\",\"@id\":\"https:\/\/aeter.org\/ca\/premis-aeter\/#breadcrumb\",\"itemListElement\":[{\"@type\":\"ListItem\",\"position\":1,\"name\":\"Portada\",\"item\":\"https:\/\/aeter.org\/\"},{\"@type\":\"ListItem\",\"position\":2,\"name\":\"Premis AETER\"}]},{\"@type\":\"WebSite\",\"@id\":\"https:\/\/aeter.org\/#website\",\"url\":\"https:\/\/aeter.org\/\",\"name\":\"ASOCIACI\u00d3N ESPA\u00d1OLA DE TERMINOLOG\u00cdA\",\"description\":\"AETER\",\"potentialAction\":[{\"@type\":\"SearchAction\",\"target\":{\"@type\":\"EntryPoint\",\"urlTemplate\":\"https:\/\/aeter.org\/?s={search_term_string}\"},\"query-input\":{\"@type\":\"PropertyValueSpecification\",\"valueRequired\":true,\"valueName\":\"search_term_string\"}}],\"inLanguage\":\"ca\"}]}<\/script>\n<!-- \/ Yoast SEO plugin. -->","yoast_head_json":{"title":"Premis AETER - ASOCIACI\u00d3N ESPA\u00d1OLA DE TERMINOLOG\u00cdA","robots":{"index":"index","follow":"follow","max-snippet":"max-snippet:-1","max-image-preview":"max-image-preview:large","max-video-preview":"max-video-preview:-1"},"canonical":"https:\/\/aeter.org\/ca\/premis-aeter\/","og_locale":"ca_ES","og_type":"article","og_title":"Premis AETER - ASOCIACI\u00d3N ESPA\u00d1OLA DE TERMINOLOG\u00cdA","og_description":"Els Premis d\u2019AETER es convoquen anualment en dues modalitats alternes: Modalitat A per a joves investigadors en Terminologia Modalitat B per a projectes o desenvolupaments en Terminologia PREMI D&#8217;INVESTIGACI\u00d3 I DESENVOLUPAMENT AETER 2018 Modalitat B per a investigadors i desenvolupadors de recursos terminol\u00f2gics (Convocat\u00f2ria tancada) L&#8217;Associaci\u00f3 Espanyola de Terminologia (AETER) convoca el Premi d&#8217;Iniciatives orientades&hellip;","og_url":"https:\/\/aeter.org\/ca\/premis-aeter\/","og_site_name":"ASOCIACI\u00d3N ESPA\u00d1OLA DE TERMINOLOG\u00cdA","twitter_card":"summary_large_image","twitter_misc":{"Temps estimat de lectura":"7 minuts"},"schema":{"@context":"https:\/\/schema.org","@graph":[{"@type":"WebPage","@id":"https:\/\/aeter.org\/ca\/premis-aeter\/","url":"https:\/\/aeter.org\/ca\/premis-aeter\/","name":"Premis AETER - ASOCIACI\u00d3N ESPA\u00d1OLA DE TERMINOLOG\u00cdA","isPartOf":{"@id":"https:\/\/aeter.org\/#website"},"datePublished":"2021-03-31T16:28:09+00:00","breadcrumb":{"@id":"https:\/\/aeter.org\/ca\/premis-aeter\/#breadcrumb"},"inLanguage":"ca","potentialAction":[{"@type":"ReadAction","target":["https:\/\/aeter.org\/ca\/premis-aeter\/"]}]},{"@type":"BreadcrumbList","@id":"https:\/\/aeter.org\/ca\/premis-aeter\/#breadcrumb","itemListElement":[{"@type":"ListItem","position":1,"name":"Portada","item":"https:\/\/aeter.org\/"},{"@type":"ListItem","position":2,"name":"Premis AETER"}]},{"@type":"WebSite","@id":"https:\/\/aeter.org\/#website","url":"https:\/\/aeter.org\/","name":"ASOCIACI\u00d3N ESPA\u00d1OLA DE TERMINOLOG\u00cdA","description":"AETER","potentialAction":[{"@type":"SearchAction","target":{"@type":"EntryPoint","urlTemplate":"https:\/\/aeter.org\/?s={search_term_string}"},"query-input":{"@type":"PropertyValueSpecification","valueRequired":true,"valueName":"search_term_string"}}],"inLanguage":"ca"}]}},"_links":{"self":[{"href":"https:\/\/aeter.org\/ca\/wp-json\/wp\/v2\/pages\/3943","targetHints":{"allow":["GET"]}}],"collection":[{"href":"https:\/\/aeter.org\/ca\/wp-json\/wp\/v2\/pages"}],"about":[{"href":"https:\/\/aeter.org\/ca\/wp-json\/wp\/v2\/types\/page"}],"author":[{"embeddable":true,"href":"https:\/\/aeter.org\/ca\/wp-json\/wp\/v2\/users\/5"}],"replies":[{"embeddable":true,"href":"https:\/\/aeter.org\/ca\/wp-json\/wp\/v2\/comments?post=3943"}],"version-history":[{"count":1,"href":"https:\/\/aeter.org\/ca\/wp-json\/wp\/v2\/pages\/3943\/revisions"}],"predecessor-version":[{"id":3944,"href":"https:\/\/aeter.org\/ca\/wp-json\/wp\/v2\/pages\/3943\/revisions\/3944"}],"wp:attachment":[{"href":"https:\/\/aeter.org\/ca\/wp-json\/wp\/v2\/media?parent=3943"}],"curies":[{"name":"wp","href":"https:\/\/api.w.org\/{rel}","templated":true}]}}