{"id":3945,"date":"2021-03-31T16:38:36","date_gmt":"2021-03-31T16:38:36","guid":{"rendered":"https:\/\/aeter.org\/assemblees-daeter\/"},"modified":"2023-12-21T19:01:56","modified_gmt":"2023-12-21T19:01:56","slug":"assemblees-daeter","status":"publish","type":"page","link":"https:\/\/aeter.org\/ca\/assemblees-daeter\/","title":{"rendered":"Assemblees d\u2019AETER"},"content":{"rendered":"<p>&nbsp;<\/p>\n<p><span style=\"color: #000000;\"><a href=\"https:\/\/aeter.org\/wp-content\/uploads\/2023\/12\/2023_borrador_ACTA_ASAMBLEA.pdf\" target=\"_blank\" rel=\"noopener noreferrer\"><img loading=\"lazy\" decoding=\"async\" class=\"alignleft wp-image-309\" src=\"https:\/\/www.aeter.org\/wp-content\/uploads\/2013\/02\/aeter_pdf.png\" alt=\"PDF\" width=\"30\" height=\"30\" \/><\/a>XXVII Asamblea general (2023) (Acta provisional)<\/span><\/p>\n<p><span style=\"color: #000000;\">San Sebasti\u00e1n\/Donostia, sede de la Real Academia de la Lengua Vasca\/Euskaltzaindia, 3 de novembre de 2023<\/span><\/p>\n<p><span style=\"color: #000000;\"><a href=\"https:\/\/aeter.org\/wp-content\/uploads\/2023\/03\/JUNTA-DIRECTIVA_2022.pdf\" target=\"_blank\" rel=\"noopener\">Acord de la nova junta directiva sobre distribuci\u00f3 de c\u00e0rrecs<\/a><a href=\"https:\/\/aeter.org\/wp-content\/uploads\/2023\/12\/JUNTA-DIRECTIVA_2023.pdf\" target=\"_blank\" rel=\"noopener\"> (3\/11\/2023)<\/a><\/span><\/p>\n<p><span style=\"color: #000000;\"><a href=\"https:\/\/aeter.org\/wp-content\/uploads\/2023\/12\/2022_ACTA_ASAMBLEA_aprobada.pdf\" target=\"_blank\" rel=\"noopener noreferrer\"><img loading=\"lazy\" decoding=\"async\" class=\"alignleft wp-image-309\" src=\"https:\/\/www.aeter.org\/wp-content\/uploads\/2013\/02\/aeter_pdf.png\" alt=\"PDF\" width=\"30\" height=\"30\" \/><\/a>XXVI Asamblea general (2022)\u00a0<\/span><br \/>\n<span style=\"color: #000000;\">Madrid, Escuela de Telecomunicaci\u00f3n, Universidad Polit\u00e9cnica de Madrid, 11 de novembre de 2022<\/span><br \/>\n<span style=\"color: #000000;\"><a href=\"https:\/\/aeter.org\/wp-content\/uploads\/2023\/03\/JUNTA-DIRECTIVA_2022.pdf\" target=\"_blank\" rel=\"noopener\">Acord de la nova junta directiva sobre distribuci\u00f3 de c\u00e0rrecs<\/a><a href=\"https:\/\/aeter.org\/wp-content\/uploads\/2023\/03\/JUNTA-DIRECTIVA_2022.pdf\" target=\"_blank\" rel=\"noopener\">(11\/10\/2022)<\/a><\/span><\/p>\n<p><span style=\"color: #000000;\"><a href=\"https:\/\/aeter.org\/wp-content\/uploads\/2023\/03\/2021_ACTA_ASAMBLEA_2021.pdf\" target=\"_blank\" rel=\"noopener noreferrer\"><img loading=\"lazy\" decoding=\"async\" class=\"alignleft wp-image-309\" src=\"https:\/\/www.aeter.org\/wp-content\/uploads\/2013\/02\/aeter_pdf.png\" alt=\"PDF\" width=\"30\" height=\"30\" \/><\/a>XXV Asamblea general (2021)<br \/>\n<\/span><span style=\"color: #000000;\">Madrid, Direcci\u00f3n General de Traducci\u00f3n (DGT) de la Comisi\u00f3n Europea, 10 de diciembre de 2021<\/span><\/p>\n<p><span style=\"color: #000000;\"><a href=\"https:\/\/aeter.org\/wp-content\/uploads\/2021\/12\/AETER_acta_definitiva_online_2020.pdf\" target=\"_blank\" rel=\"noopener noreferrer\"><img loading=\"lazy\" decoding=\"async\" class=\"alignleft wp-image-309\" src=\"https:\/\/www.aeter.org\/wp-content\/uploads\/2013\/02\/aeter_pdf.png\" alt=\"PDF\" width=\"30\" height=\"30\" \/><\/a>XXIV Assemblea general (2020)<\/span><br \/>\n<span style=\"color: #000000;\">Assemblea celebrada de manera virtual, 23 de desembre de 2020<\/span><\/p>\n<p><span style=\"color: #000000;\"><a href=\"https:\/\/aeter.org\/wp-content\/uploads\/2021\/04\/AETER_acta_definitiva_Malaga_2019.pdf\" target=\"_blank\" rel=\"noopener noreferrer\"><img loading=\"lazy\" decoding=\"async\" class=\"alignleft wp-image-309\" src=\"https:\/\/www.aeter.org\/wp-content\/uploads\/2013\/02\/aeter_pdf.png\" alt=\"PDF\" width=\"30\" height=\"30\" \/><\/a>XXIII Assemblea general (2019)<br \/>\nM\u00e0laga, Universitat de M\u00e0laga, Facultat de Filosofia i Lletres, 29 de novembre de 2019<br \/>\n<a href=\"https:\/\/aeter.org\/wp-content\/uploads\/2020\/01\/nueva_junta_AETER_2019_M%C3%A1laga.pdf\" target=\"_blank\" rel=\"noopener noreferrer\">Acord de la nova junta directiva sobre distribuci\u00f3 de c\u00e0rrecs (2019.11.29)<\/a><\/span><\/p>\n<p><span style=\"color: #000000;\"><a href=\"https:\/\/aeter.org\/wp-content\/uploads\/2020\/01\/Acta_Asamblea18Alicante.pdf\" target=\"_blank\" rel=\"noopener noreferrer\"><img loading=\"lazy\" decoding=\"async\" class=\"alignleft wp-image-309\" src=\"https:\/\/www.aeter.org\/wp-content\/uploads\/2013\/02\/aeter_pdf.png\" alt=\"PDF\" width=\"30\" height=\"30\" \/><\/a>XXII Assemblea general (2018)<\/span><br \/>\n<span style=\"color: #000000;\">Alacant, Universitat d&#8217;Alacant, Facultat de Filosofia i Lletres, 16 de novembre de 2018<br \/>\n<a href=\"https:\/\/www.aeter.org\/wp-content\/uploads\/2013\/02\/junta_AETER_2018_Alicante.pdf\" target=\"_blank\" rel=\"noopener noreferrer\">Acord de la nova junta directiva sobre distribuci\u00f3 de c\u00e0rrecs (16\/11\/18)<\/a><\/span><\/p>\n<p><span style=\"color: #000000;\"><a href=\"https:\/\/aeter.org\/wp-content\/uploads\/2021\/04\/AETER_acta_definitiva_Barcelona_2017.pdf\" target=\"_blank\" rel=\"noopener noreferrer\"><img loading=\"lazy\" decoding=\"async\" class=\"alignleft wp-image-309\" src=\"https:\/\/www.aeter.org\/wp-content\/uploads\/2013\/02\/aeter_pdf.png\" alt=\"PDF\" width=\"30\" height=\"30\" \/><\/a><\/span><\/p>\n<p>XXI Assemblea general (2017)<br \/>\n<span style=\"color: #000000;\">Barcelona, Universitat Pompeu Fabra (UPF), 3 de novembre de 2017<\/span><\/p>\n<p><span style=\"color: #000000;\"><a href=\"https:\/\/aeter.org\/wp-content\/uploads\/2021\/04\/AETER_acta_definitiva_Castellon-2016.pdf\" target=\"_blank\" rel=\"noopener noreferrer\"><img loading=\"lazy\" decoding=\"async\" class=\"alignleft wp-image-309\" src=\"https:\/\/www.aeter.org\/wp-content\/uploads\/2013\/02\/aeter_pdf.png\" alt=\"PDF\" width=\"30\" height=\"30\" \/><\/a>XX Assemblea general (2016)<br \/>\nCastell\u00f3 de la Plana, Universitat Jaume I, 18 de novembre del 2016.<br \/>\n<a href=\"https:\/\/www.aeter.org\/wp-content\/uploads\/2013\/02\/AETER-Castello%CC%81n-Junta-directiva.pdf\" target=\"_blank\" rel=\"noopener noreferrer\">Acord de la nova junta directiva sobre distribuci\u00f3 de c\u00e0rrecs (18\/11\/16)<\/a><\/span><\/p>\n<p><span style=\"color: #000000;\"><a href=\"https:\/\/www.aeter.org\/wp-content\/uploads\/2016\/11\/Acta-AETER-2015-Soria.pdf\" target=\"_blank\" rel=\"noopener noreferrer\"><img loading=\"lazy\" decoding=\"async\" class=\"alignleft wp-image-309\" src=\"https:\/\/www.aeter.org\/wp-content\/uploads\/2013\/02\/aeter_pdf.png\" alt=\"PDF\" width=\"30\" height=\"30\" \/><\/a>XIX Assemblea general (2015).<br \/>\nSoria, Facultat de Traducci\u00f3 i Interpretaci\u00f3 de la<br \/>\nUniversitat de Valladolid, 18 de setembre del 2015.<br \/>\n<\/span><\/p>\n<p><a href=\"https:\/\/www.aeter.org\/wp-content\/uploads\/2016\/07\/Acta_XVIIIAsamblea_2014.pdf\" target=\"_blank\" rel=\"noopener noreferrer\"><img loading=\"lazy\" decoding=\"async\" class=\"alignleft size-full wp-image-309\" title=\"PDF\" src=\"https:\/\/www.aeter.org\/wp-content\/uploads\/2013\/02\/aeter_pdf.png\" alt=\"\" width=\"30\" height=\"30\" \/><\/a>XVIII Assemblea general (2014).<br \/>\nMadrid, Universitat Complutense de Madrid, 26 de setembre de 2014.<\/p>\n<p><a href=\"https:\/\/www.aeter.org\/wp-content\/uploads\/2013\/02\/ACTA-AETER-2013.pdf\" target=\"_blank\" rel=\"noopener noreferrer\"><img loading=\"lazy\" decoding=\"async\" class=\"alignleft size-full wp-image-309\" title=\"PDF\" src=\"https:\/\/www.aeter.org\/wp-content\/uploads\/2013\/02\/aeter_pdf.png\" alt=\"\" width=\"30\" height=\"30\" \/><\/a>XVII Assemblea general (2013).<br \/>\nAlcal\u00e1 d&#8217;Henares, Universitat d&#8217;Alcal\u00e1, 8 de novembre de 2013.<\/p>\n<p><a href=\"https:\/\/www.aeter.org\/wp-content\/uploads\/2013\/02\/Acta-de-la-XVI-Asamblea-nov-2012.pdf\" target=\"_blank\" rel=\"noopener noreferrer\"><img loading=\"lazy\" decoding=\"async\" class=\"alignleft size-full wp-image-309\" title=\"PDF\" src=\"https:\/\/www.aeter.org\/wp-content\/uploads\/2013\/02\/aeter_pdf.png\" alt=\"\" width=\"30\" height=\"30\" \/><\/a>XVI Assemblea general (2012).<br \/>\nSevilla, Universitat Pablo de Olavide, 23 de novembre del 2012.<\/p>\n<p><a href=\"https:\/\/www.aeter.org\/wp-content\/uploads\/2013\/02\/Acta-Asamblea-nov-20113.pdf\" target=\"_blank\" rel=\"noopener noreferrer\"><img loading=\"lazy\" decoding=\"async\" class=\"size-full wp-image-309 alignnone\" title=\"PFD\" src=\"https:\/\/www.aeter.org\/wp-content\/uploads\/2013\/02\/aeter_pdf.png\" alt=\"\" width=\"30\" height=\"30\" \/><\/a> XV Assemblea general (2011).<br \/>\nSalamanca, Universitat de Salamanca, 18 de novembre del 2011.<\/p>\n<p><a href=\"https:\/\/www.aeter.org\/wp-content\/uploads\/2013\/02\/Acta-Asamblea-dic-20101.pdf\" target=\"_blank\" rel=\"noopener noreferrer\"><img loading=\"lazy\" decoding=\"async\" class=\"size-full wp-image-309 alignnone\" title=\"PFD\" src=\"https:\/\/www.aeter.org\/wp-content\/uploads\/2013\/02\/aeter_pdf.png\" alt=\"\" width=\"30\" height=\"30\" \/><\/a> XIV Assemblea general (2010).<br \/>\nMadrid, Representaci\u00f3 a Espanya de la Comissi\u00f3 Europea, 10 d desembre del 2010.<\/p>\n<p><a href=\"https:\/\/www.aeter.org\/wp-content\/uploads\/2013\/02\/Acta-Asamblea-nov-092.pdf\" target=\"_blank\" rel=\"noopener noreferrer\"><img loading=\"lazy\" decoding=\"async\" class=\"size-full wp-image-309 alignnone\" title=\"PFD\" src=\"https:\/\/www.aeter.org\/wp-content\/uploads\/2013\/02\/aeter_pdf.png\" alt=\"\" width=\"30\" height=\"30\" \/><\/a> XIII Assemblea general (2009).<br \/>\nSoria, Universitat de Valladolid, 27 de novembre del 2009.<\/p>\n<p><a href=\"https:\/\/www.aeter.org\/wp-content\/uploads\/2013\/02\/AETER_Asamblea_Acta08.pdf\" target=\"_blank\" rel=\"noopener noreferrer\"><img loading=\"lazy\" decoding=\"async\" class=\"size-full wp-image-309 alignnone\" title=\"PFD\" src=\"https:\/\/www.aeter.org\/wp-content\/uploads\/2013\/02\/aeter_pdf.png\" alt=\"\" width=\"30\" height=\"30\" \/><\/a> XII Assemblea general (2008).<br \/>\nMadrid, Universitat Polit\u00e8cnica de Madrid, 21 de novembre del 2008.<\/p>\n<p><a href=\"https:\/\/www.aeter.org\/wp-content\/uploads\/2013\/02\/AETER_Asamblea_Acta07.pdf\" target=\"_blank\" rel=\"noopener noreferrer\"><img loading=\"lazy\" decoding=\"async\" class=\"size-full wp-image-309 alignnone\" title=\"PFD\" src=\"https:\/\/www.aeter.org\/wp-content\/uploads\/2013\/02\/aeter_pdf.png\" alt=\"\" width=\"30\" height=\"30\" \/><\/a> XI Assemblea general (2007).<br \/>\nMadrid, Consell Superior d&#8217;Investigacions Cient\u00edfiques, 4 d&#8217;octubre del 2007<\/p>\n<p><a href=\"https:\/\/www.aeter.org\/wp-content\/uploads\/2013\/02\/Acta-AETER-2006.pdf\" target=\"_blank\" rel=\"noopener noreferrer\"><img loading=\"lazy\" decoding=\"async\" class=\"alignleft size-full wp-image-309\" title=\"PDF\" src=\"https:\/\/www.aeter.org\/wp-content\/uploads\/2013\/02\/aeter_pdf.png\" alt=\"\" width=\"30\" height=\"30\" \/><\/a>X Assemblea general i <a href=\"https:\/\/www.aeter.org\/wp-content\/uploads\/2013\/02\/Acta-AETER-2006-EXTRA.pdf\" target=\"_blank\" rel=\"noopener noreferrer\">extraordin\u00e0ria<\/a> (2006).<br \/>\nMadrid, Direcci\u00f3 General d&#8217;Universitats, 24 de novembre de 2006<\/p>\n<p><a href=\"https:\/\/www.aeter.org\/wp-content\/uploads\/2013\/02\/Acta-AETER-2005.pdf\" target=\"_blank\" rel=\"noopener noreferrer\"><img loading=\"lazy\" decoding=\"async\" class=\"alignleft size-full wp-image-309\" title=\"PDF\" src=\"https:\/\/www.aeter.org\/wp-content\/uploads\/2013\/02\/aeter_pdf.png\" alt=\"\" width=\"30\" height=\"30\" \/><\/a>IX Assemblea general (2005).<br \/>\nMadrid, Consell Superior d&#8217;Investigacions Cient\u00edfiques, 28 de novembre de 2005<\/p>\n<p>VIII Assemblea general (2004).<br \/>\nAlcal\u00e1 d&#8217;Henares, Universitat d&#8217;Alcal\u00e1, 15 d octubre del 2004.<\/p>\n<p>VII Assemblea general (2003)<br \/>\nSantiago de Compostel\u00b7la, Centre Ramon Pi\u00f1eiro, 7 de novembre del 2003.<\/p>\n<p><a href=\"https:\/\/www.aeter.org\/wp-content\/uploads\/2013\/02\/Acta-AETER-2002.pdf\" target=\"_blank\" rel=\"noopener noreferrer\"><img loading=\"lazy\" decoding=\"async\" class=\"alignleft size-full wp-image-309\" title=\"PDF\" src=\"https:\/\/www.aeter.org\/wp-content\/uploads\/2013\/02\/aeter_pdf.png\" alt=\"\" width=\"30\" height=\"30\" \/><\/a>VI Assemblea general (2002). Madrid, Reial Acad\u00e8mia de Ci\u00e8ncies Exactes, F\u00edsiques i Naturals, 7 de juny del 2002<\/p>\n<p>V Assemblea general (2001)<\/p>\n<p><a href=\"https:\/\/www.aeter.org\/wp-content\/uploads\/2013\/02\/Acta-AETER-2000.pdf\" target=\"_blank\" rel=\"noopener noreferrer\"><img loading=\"lazy\" decoding=\"async\" class=\"alignleft size-full wp-image-309\" title=\"PDF\" src=\"https:\/\/www.aeter.org\/wp-content\/uploads\/2013\/02\/aeter_pdf.png\" alt=\"\" width=\"30\" height=\"30\" \/><\/a>IV Assemblea general (2000). Madrid, Reial Acad\u00e8mia de Ci\u00e8ncies Exactes, F\u00edsiques i Naturals, 21 d octubre de 2000<\/p>\n<p><a href=\"https:\/\/www.aeter.org\/wp-content\/uploads\/2013\/02\/Acta-AETER1999.pdf\" target=\"_blank\" rel=\"noopener noreferrer\"><img loading=\"lazy\" decoding=\"async\" class=\"alignleft size-full wp-image-309\" title=\"PDF\" src=\"https:\/\/www.aeter.org\/wp-content\/uploads\/2013\/02\/aeter_pdf.png\" alt=\"\" width=\"30\" height=\"30\" \/><\/a>III Assemblea general (1999)<\/p>\n<p><a href=\"https:\/\/www.aeter.org\/wp-content\/uploads\/2013\/02\/Acta-AETER-1998.pdf\" target=\"_blank\" rel=\"noopener noreferrer\"><img loading=\"lazy\" decoding=\"async\" class=\"alignleft size-full wp-image-309\" title=\"PDF\" src=\"https:\/\/www.aeter.org\/wp-content\/uploads\/2013\/02\/aeter_pdf.png\" alt=\"\" width=\"30\" height=\"30\" \/><\/a>II Assemblea general (1998). Madrid, Reial Acad\u00e8mia de Ci\u00e8ncies Exactes, F\u00edsiques i Naturals, 5 de maig de 1998<\/p>\n<p>I Assemblea general (1997), constituent<\/p>\n","protected":false},"excerpt":{"rendered":"<p>&nbsp; XXVII Asamblea general (2023) (Acta provisional) San Sebasti\u00e1n\/Donostia, sede de la Real Academia de la Lengua Vasca\/Euskaltzaindia, 3 de novembre de 2023 Acord de la nova junta directiva sobre distribuci\u00f3 de c\u00e0rrecs (3\/11\/2023) XXVI Asamblea general (2022)\u00a0 Madrid, Escuela de Telecomunicaci\u00f3n, Universidad Polit\u00e9cnica de Madrid, 11 de novembre de 2022 Acord de la nova&hellip;<\/p>\n","protected":false},"author":5,"featured_media":0,"parent":0,"menu_order":0,"comment_status":"closed","ping_status":"closed","template":"","meta":{"footnotes":""},"class_list":["post-3945","page","type-page","status-publish","hentry"],"yoast_head":"<!-- This site is optimized with the Yoast SEO plugin v24.4 - https:\/\/yoast.com\/wordpress\/plugins\/seo\/ -->\n<title>Assemblees d\u2019AETER - ASOCIACI\u00d3N ESPA\u00d1OLA DE TERMINOLOG\u00cdA<\/title>\n<meta name=\"robots\" content=\"index, follow, max-snippet:-1, max-image-preview:large, max-video-preview:-1\" \/>\n<link rel=\"canonical\" href=\"https:\/\/aeter.org\/ca\/assemblees-daeter\/\" \/>\n<meta property=\"og:locale\" content=\"ca_ES\" \/>\n<meta property=\"og:type\" content=\"article\" \/>\n<meta property=\"og:title\" content=\"Assemblees d\u2019AETER - ASOCIACI\u00d3N ESPA\u00d1OLA DE TERMINOLOG\u00cdA\" \/>\n<meta property=\"og:description\" content=\"&nbsp; XXVII Asamblea general (2023) (Acta provisional) San Sebasti\u00e1n\/Donostia, sede de la Real Academia de la Lengua Vasca\/Euskaltzaindia, 3 de novembre de 2023 Acord de la nova junta directiva sobre distribuci\u00f3 de c\u00e0rrecs (3\/11\/2023) XXVI Asamblea general (2022)\u00a0 Madrid, Escuela de Telecomunicaci\u00f3n, Universidad Polit\u00e9cnica de Madrid, 11 de novembre de 2022 Acord de la nova&hellip;\" \/>\n<meta property=\"og:url\" content=\"https:\/\/aeter.org\/ca\/assemblees-daeter\/\" \/>\n<meta property=\"og:site_name\" content=\"ASOCIACI\u00d3N ESPA\u00d1OLA DE TERMINOLOG\u00cdA\" \/>\n<meta property=\"article:modified_time\" content=\"2023-12-21T19:01:56+00:00\" \/>\n<meta property=\"og:image\" content=\"https:\/\/www.aeter.org\/wp-content\/uploads\/2013\/02\/aeter_pdf.png\" \/>\n<meta name=\"twitter:card\" content=\"summary_large_image\" \/>\n<meta name=\"twitter:label1\" content=\"Temps estimat de lectura\" \/>\n\t<meta name=\"twitter:data1\" content=\"7 minuts\" \/>\n<script type=\"application\/ld+json\" class=\"yoast-schema-graph\">{\"@context\":\"https:\/\/schema.org\",\"@graph\":[{\"@type\":\"WebPage\",\"@id\":\"https:\/\/aeter.org\/ca\/assemblees-daeter\/\",\"url\":\"https:\/\/aeter.org\/ca\/assemblees-daeter\/\",\"name\":\"Assemblees d\u2019AETER - ASOCIACI\u00d3N ESPA\u00d1OLA DE TERMINOLOG\u00cdA\",\"isPartOf\":{\"@id\":\"https:\/\/aeter.org\/#website\"},\"primaryImageOfPage\":{\"@id\":\"https:\/\/aeter.org\/ca\/assemblees-daeter\/#primaryimage\"},\"image\":{\"@id\":\"https:\/\/aeter.org\/ca\/assemblees-daeter\/#primaryimage\"},\"thumbnailUrl\":\"https:\/\/www.aeter.org\/wp-content\/uploads\/2013\/02\/aeter_pdf.png\",\"datePublished\":\"2021-03-31T16:38:36+00:00\",\"dateModified\":\"2023-12-21T19:01:56+00:00\",\"breadcrumb\":{\"@id\":\"https:\/\/aeter.org\/ca\/assemblees-daeter\/#breadcrumb\"},\"inLanguage\":\"ca\",\"potentialAction\":[{\"@type\":\"ReadAction\",\"target\":[\"https:\/\/aeter.org\/ca\/assemblees-daeter\/\"]}]},{\"@type\":\"ImageObject\",\"inLanguage\":\"ca\",\"@id\":\"https:\/\/aeter.org\/ca\/assemblees-daeter\/#primaryimage\",\"url\":\"https:\/\/www.aeter.org\/wp-content\/uploads\/2013\/02\/aeter_pdf.png\",\"contentUrl\":\"https:\/\/www.aeter.org\/wp-content\/uploads\/2013\/02\/aeter_pdf.png\"},{\"@type\":\"BreadcrumbList\",\"@id\":\"https:\/\/aeter.org\/ca\/assemblees-daeter\/#breadcrumb\",\"itemListElement\":[{\"@type\":\"ListItem\",\"position\":1,\"name\":\"Portada\",\"item\":\"https:\/\/aeter.org\/\"},{\"@type\":\"ListItem\",\"position\":2,\"name\":\"Assemblees d\u2019AETER\"}]},{\"@type\":\"WebSite\",\"@id\":\"https:\/\/aeter.org\/#website\",\"url\":\"https:\/\/aeter.org\/\",\"name\":\"ASOCIACI\u00d3N ESPA\u00d1OLA DE TERMINOLOG\u00cdA\",\"description\":\"AETER\",\"potentialAction\":[{\"@type\":\"SearchAction\",\"target\":{\"@type\":\"EntryPoint\",\"urlTemplate\":\"https:\/\/aeter.org\/?s={search_term_string}\"},\"query-input\":{\"@type\":\"PropertyValueSpecification\",\"valueRequired\":true,\"valueName\":\"search_term_string\"}}],\"inLanguage\":\"ca\"}]}<\/script>\n<!-- \/ Yoast SEO plugin. -->","yoast_head_json":{"title":"Assemblees d\u2019AETER - ASOCIACI\u00d3N ESPA\u00d1OLA DE TERMINOLOG\u00cdA","robots":{"index":"index","follow":"follow","max-snippet":"max-snippet:-1","max-image-preview":"max-image-preview:large","max-video-preview":"max-video-preview:-1"},"canonical":"https:\/\/aeter.org\/ca\/assemblees-daeter\/","og_locale":"ca_ES","og_type":"article","og_title":"Assemblees d\u2019AETER - ASOCIACI\u00d3N ESPA\u00d1OLA DE TERMINOLOG\u00cdA","og_description":"&nbsp; XXVII Asamblea general (2023) (Acta provisional) San Sebasti\u00e1n\/Donostia, sede de la Real Academia de la Lengua Vasca\/Euskaltzaindia, 3 de novembre de 2023 Acord de la nova junta directiva sobre distribuci\u00f3 de c\u00e0rrecs (3\/11\/2023) XXVI Asamblea general (2022)\u00a0 Madrid, Escuela de Telecomunicaci\u00f3n, Universidad Polit\u00e9cnica de Madrid, 11 de novembre de 2022 Acord de la nova&hellip;","og_url":"https:\/\/aeter.org\/ca\/assemblees-daeter\/","og_site_name":"ASOCIACI\u00d3N ESPA\u00d1OLA DE TERMINOLOG\u00cdA","article_modified_time":"2023-12-21T19:01:56+00:00","og_image":[{"url":"https:\/\/www.aeter.org\/wp-content\/uploads\/2013\/02\/aeter_pdf.png","type":"","width":"","height":""}],"twitter_card":"summary_large_image","twitter_misc":{"Temps estimat de lectura":"7 minuts"},"schema":{"@context":"https:\/\/schema.org","@graph":[{"@type":"WebPage","@id":"https:\/\/aeter.org\/ca\/assemblees-daeter\/","url":"https:\/\/aeter.org\/ca\/assemblees-daeter\/","name":"Assemblees d\u2019AETER - ASOCIACI\u00d3N ESPA\u00d1OLA DE TERMINOLOG\u00cdA","isPartOf":{"@id":"https:\/\/aeter.org\/#website"},"primaryImageOfPage":{"@id":"https:\/\/aeter.org\/ca\/assemblees-daeter\/#primaryimage"},"image":{"@id":"https:\/\/aeter.org\/ca\/assemblees-daeter\/#primaryimage"},"thumbnailUrl":"https:\/\/www.aeter.org\/wp-content\/uploads\/2013\/02\/aeter_pdf.png","datePublished":"2021-03-31T16:38:36+00:00","dateModified":"2023-12-21T19:01:56+00:00","breadcrumb":{"@id":"https:\/\/aeter.org\/ca\/assemblees-daeter\/#breadcrumb"},"inLanguage":"ca","potentialAction":[{"@type":"ReadAction","target":["https:\/\/aeter.org\/ca\/assemblees-daeter\/"]}]},{"@type":"ImageObject","inLanguage":"ca","@id":"https:\/\/aeter.org\/ca\/assemblees-daeter\/#primaryimage","url":"https:\/\/www.aeter.org\/wp-content\/uploads\/2013\/02\/aeter_pdf.png","contentUrl":"https:\/\/www.aeter.org\/wp-content\/uploads\/2013\/02\/aeter_pdf.png"},{"@type":"BreadcrumbList","@id":"https:\/\/aeter.org\/ca\/assemblees-daeter\/#breadcrumb","itemListElement":[{"@type":"ListItem","position":1,"name":"Portada","item":"https:\/\/aeter.org\/"},{"@type":"ListItem","position":2,"name":"Assemblees d\u2019AETER"}]},{"@type":"WebSite","@id":"https:\/\/aeter.org\/#website","url":"https:\/\/aeter.org\/","name":"ASOCIACI\u00d3N ESPA\u00d1OLA DE TERMINOLOG\u00cdA","description":"AETER","potentialAction":[{"@type":"SearchAction","target":{"@type":"EntryPoint","urlTemplate":"https:\/\/aeter.org\/?s={search_term_string}"},"query-input":{"@type":"PropertyValueSpecification","valueRequired":true,"valueName":"search_term_string"}}],"inLanguage":"ca"}]}},"_links":{"self":[{"href":"https:\/\/aeter.org\/ca\/wp-json\/wp\/v2\/pages\/3945","targetHints":{"allow":["GET"]}}],"collection":[{"href":"https:\/\/aeter.org\/ca\/wp-json\/wp\/v2\/pages"}],"about":[{"href":"https:\/\/aeter.org\/ca\/wp-json\/wp\/v2\/types\/page"}],"author":[{"embeddable":true,"href":"https:\/\/aeter.org\/ca\/wp-json\/wp\/v2\/users\/5"}],"replies":[{"embeddable":true,"href":"https:\/\/aeter.org\/ca\/wp-json\/wp\/v2\/comments?post=3945"}],"version-history":[{"count":9,"href":"https:\/\/aeter.org\/ca\/wp-json\/wp\/v2\/pages\/3945\/revisions"}],"predecessor-version":[{"id":6724,"href":"https:\/\/aeter.org\/ca\/wp-json\/wp\/v2\/pages\/3945\/revisions\/6724"}],"wp:attachment":[{"href":"https:\/\/aeter.org\/ca\/wp-json\/wp\/v2\/media?parent=3945"}],"curies":[{"name":"wp","href":"https:\/\/api.w.org\/{rel}","templated":true}]}}