{"id":4277,"date":"2021-03-31T18:24:34","date_gmt":"2021-03-31T18:24:34","guid":{"rendered":"https:\/\/aeter.org\/jornada-soria-2015-materials\/"},"modified":"2021-06-14T10:26:15","modified_gmt":"2021-06-14T10:26:15","slug":"jornada-soria-2015-materials","status":"publish","type":"page","link":"https:\/\/aeter.org\/ca\/jornada-soria-2015-materials\/","title":{"rendered":"Jornada S\u00f2ria 2015 \u2013 Materials"},"content":{"rendered":"<h2 style=\"text-align: center;\"><strong>XV Jornada de la Asociaci\u00f3n Espa\u00f1ola de Terminolog\u00eda: \u201cTerminolog\u00eda y Biomedicina\u201d<\/strong><\/h2>\n<p>Facultad de Traducci\u00f3n e Interpretaci\u00f3n de Soria (UVa)<br \/>\nCampus Universitario Duques de Soria \u2013 Sal\u00f3n de Actos<br \/>\nS\u00f2ria, 18 de setembre de 2015<\/p>\n<p><strong>Materials<\/strong><\/p>\n<p><em>Confer\u00e8ncia<\/em>: \u201cNeolog\u00eda y pr\u00e9stamo en la terminolog\u00eda m\u00e9dica del siglo XVIII\u201d, a c\u00e0rrec de Josefa G\u00f3mez de Enterr\u00eda S\u00e1nchez (Universidad de Alcal\u00e1)<\/p>\n<p><em>Confer\u00e8ncia: <\/em><a href=\"http:\/\/www.aeter.org\/wp-content\/uploads\/2016\/11\/Miguel-Sa%CC%81nchez.pdf\" target=\"_blank\" rel=\"noopener\">&#8220;(Inventar) t\u00e9rminos para curar: la terminolog\u00eda m\u00e9dica en la Organizaci\u00f3n Mundial de la Propiedad Intelectual&#8221;<\/a>, a c\u00e0rrec de Miguel S\u00e1nchez Ib\u00e1\u00f1ez (Universidad de Salamanca)<\/p>\n<p><em>Confer\u00e8ncia: <\/em><a href=\"http:\/\/www.aeter.org\/wp-content\/uploads\/2016\/11\/Carmen-Remacha-y-Cristina-Victoria-Gonza%CC%81lez.pdf\" target=\"_blank\" rel=\"noopener\">\u201cLos proyectos terminol\u00f3gicos de la Real Academia Nacional de Medicina (RANM)\u201d<\/a>, a c\u00e0rrec de Carmen Remacha Mart\u00ednez i Cristina Victoria Gonz\u00e1lez S\u00e1nchez (Unidad de Terminolog\u00eda M\u00e9dica de la Real Academia Nacional de Medicina)<\/p>\n<p><a href=\"http:\/\/www.aeter.org\/wp-content\/uploads\/2016\/11\/Antonio-Bueno-Cristina-Adrada-y-Carmen-Cue%CC%81llar.pdf\" target=\"_blank\" rel=\"noopener\">Presentaci\u00f3 del &#8220;Diccionario terminol\u00f3gico multiling\u00fce de gen\u00e9tica molecular (ingl\u00e9s-franc\u00e9s-alem\u00e1n-espa\u00f1ol)&#8221;<\/a>, a c\u00e0rrec d\u2019Antonio Bueno Garc\u00eda, Susana \u00c1lvarez \u00c1lvarez, Cristina Adrada Rafael, Carmen Cu\u00e9llar L\u00e1zaro i Valent\u00edn del Villar Sordo (Universidad de Valladolid)<\/p>\n<p>Taula rodona: Expectativas de la terminolog\u00eda en el \u00e1mbito de la biomedicina con la participaci\u00f3n de Jos\u00e9 Ram\u00f3n L\u00f3pez L\u00f3pez (fisi\u00f2leg. Vicerrector d\u2019Investigaci\u00f3 de la Uva), <a href=\"http:\/\/www.aeter.org\/wp-content\/uploads\/2016\/11\/Juan-Jose%CC%81-Arevalillo.pdf\" target=\"_blank\" rel=\"noopener\">Juan Jos\u00e9 Arevalillo Doval (directo gerent d\u2019Hermes Traducciones, President del comit\u00e8 t\u00e8cnic 174 de AENOR i vicepresident de la EUATC)<\/a> i Rogelio Gonz\u00e1lez Sarmiento (Director IBSAL). Modera: Purificaci\u00f3n Fern\u00e1ndez Nistal (UVa)<\/p>\n","protected":false},"excerpt":{"rendered":"<p>XV Jornada de la Asociaci\u00f3n Espa\u00f1ola de Terminolog\u00eda: \u201cTerminolog\u00eda y Biomedicina\u201d Facultad de Traducci\u00f3n e Interpretaci\u00f3n de Soria (UVa) Campus Universitario Duques de Soria \u2013 Sal\u00f3n de Actos S\u00f2ria, 18 de setembre de 2015 Materials Confer\u00e8ncia: \u201cNeolog\u00eda y pr\u00e9stamo en la terminolog\u00eda m\u00e9dica del siglo XVIII\u201d, a c\u00e0rrec de Josefa G\u00f3mez de Enterr\u00eda S\u00e1nchez (Universidad&hellip;<\/p>\n","protected":false},"author":5,"featured_media":0,"parent":0,"menu_order":0,"comment_status":"closed","ping_status":"closed","template":"","meta":{"footnotes":""},"class_list":["post-4277","page","type-page","status-publish","hentry"],"yoast_head":"<!-- This site is optimized with the Yoast SEO plugin v24.4 - https:\/\/yoast.com\/wordpress\/plugins\/seo\/ -->\n<title>Jornada S\u00f2ria 2015 \u2013 Materials - ASOCIACI\u00d3N ESPA\u00d1OLA DE TERMINOLOG\u00cdA<\/title>\n<meta name=\"robots\" content=\"index, follow, max-snippet:-1, max-image-preview:large, max-video-preview:-1\" \/>\n<link rel=\"canonical\" href=\"https:\/\/aeter.org\/ca\/jornada-soria-2015-materials\/\" \/>\n<meta property=\"og:locale\" content=\"ca_ES\" \/>\n<meta property=\"og:type\" content=\"article\" \/>\n<meta property=\"og:title\" content=\"Jornada S\u00f2ria 2015 \u2013 Materials - ASOCIACI\u00d3N ESPA\u00d1OLA DE TERMINOLOG\u00cdA\" \/>\n<meta property=\"og:description\" content=\"XV Jornada de la Asociaci\u00f3n Espa\u00f1ola de Terminolog\u00eda: \u201cTerminolog\u00eda y Biomedicina\u201d Facultad de Traducci\u00f3n e Interpretaci\u00f3n de Soria (UVa) Campus Universitario Duques de Soria \u2013 Sal\u00f3n de Actos S\u00f2ria, 18 de setembre de 2015 Materials Confer\u00e8ncia: \u201cNeolog\u00eda y pr\u00e9stamo en la terminolog\u00eda m\u00e9dica del siglo XVIII\u201d, a c\u00e0rrec de Josefa G\u00f3mez de Enterr\u00eda S\u00e1nchez (Universidad&hellip;\" \/>\n<meta property=\"og:url\" content=\"https:\/\/aeter.org\/ca\/jornada-soria-2015-materials\/\" \/>\n<meta property=\"og:site_name\" content=\"ASOCIACI\u00d3N ESPA\u00d1OLA DE TERMINOLOG\u00cdA\" \/>\n<meta property=\"article:modified_time\" content=\"2021-06-14T10:26:15+00:00\" \/>\n<meta name=\"twitter:card\" content=\"summary_large_image\" \/>\n<meta name=\"twitter:label1\" content=\"Temps estimat de lectura\" \/>\n\t<meta name=\"twitter:data1\" content=\"1 minut\" \/>\n<script type=\"application\/ld+json\" class=\"yoast-schema-graph\">{\"@context\":\"https:\/\/schema.org\",\"@graph\":[{\"@type\":\"WebPage\",\"@id\":\"https:\/\/aeter.org\/ca\/jornada-soria-2015-materials\/\",\"url\":\"https:\/\/aeter.org\/ca\/jornada-soria-2015-materials\/\",\"name\":\"Jornada S\u00f2ria 2015 \u2013 Materials - ASOCIACI\u00d3N ESPA\u00d1OLA DE TERMINOLOG\u00cdA\",\"isPartOf\":{\"@id\":\"https:\/\/aeter.org\/#website\"},\"datePublished\":\"2021-03-31T18:24:34+00:00\",\"dateModified\":\"2021-06-14T10:26:15+00:00\",\"breadcrumb\":{\"@id\":\"https:\/\/aeter.org\/ca\/jornada-soria-2015-materials\/#breadcrumb\"},\"inLanguage\":\"ca\",\"potentialAction\":[{\"@type\":\"ReadAction\",\"target\":[\"https:\/\/aeter.org\/ca\/jornada-soria-2015-materials\/\"]}]},{\"@type\":\"BreadcrumbList\",\"@id\":\"https:\/\/aeter.org\/ca\/jornada-soria-2015-materials\/#breadcrumb\",\"itemListElement\":[{\"@type\":\"ListItem\",\"position\":1,\"name\":\"Portada\",\"item\":\"https:\/\/aeter.org\/\"},{\"@type\":\"ListItem\",\"position\":2,\"name\":\"Jornada S\u00f2ria 2015 \u2013 Materials\"}]},{\"@type\":\"WebSite\",\"@id\":\"https:\/\/aeter.org\/#website\",\"url\":\"https:\/\/aeter.org\/\",\"name\":\"ASOCIACI\u00d3N ESPA\u00d1OLA DE TERMINOLOG\u00cdA\",\"description\":\"AETER\",\"potentialAction\":[{\"@type\":\"SearchAction\",\"target\":{\"@type\":\"EntryPoint\",\"urlTemplate\":\"https:\/\/aeter.org\/?s={search_term_string}\"},\"query-input\":{\"@type\":\"PropertyValueSpecification\",\"valueRequired\":true,\"valueName\":\"search_term_string\"}}],\"inLanguage\":\"ca\"}]}<\/script>\n<!-- \/ Yoast SEO plugin. -->","yoast_head_json":{"title":"Jornada S\u00f2ria 2015 \u2013 Materials - ASOCIACI\u00d3N ESPA\u00d1OLA DE TERMINOLOG\u00cdA","robots":{"index":"index","follow":"follow","max-snippet":"max-snippet:-1","max-image-preview":"max-image-preview:large","max-video-preview":"max-video-preview:-1"},"canonical":"https:\/\/aeter.org\/ca\/jornada-soria-2015-materials\/","og_locale":"ca_ES","og_type":"article","og_title":"Jornada S\u00f2ria 2015 \u2013 Materials - ASOCIACI\u00d3N ESPA\u00d1OLA DE TERMINOLOG\u00cdA","og_description":"XV Jornada de la Asociaci\u00f3n Espa\u00f1ola de Terminolog\u00eda: \u201cTerminolog\u00eda y Biomedicina\u201d Facultad de Traducci\u00f3n e Interpretaci\u00f3n de Soria (UVa) Campus Universitario Duques de Soria \u2013 Sal\u00f3n de Actos S\u00f2ria, 18 de setembre de 2015 Materials Confer\u00e8ncia: \u201cNeolog\u00eda y pr\u00e9stamo en la terminolog\u00eda m\u00e9dica del siglo XVIII\u201d, a c\u00e0rrec de Josefa G\u00f3mez de Enterr\u00eda S\u00e1nchez (Universidad&hellip;","og_url":"https:\/\/aeter.org\/ca\/jornada-soria-2015-materials\/","og_site_name":"ASOCIACI\u00d3N ESPA\u00d1OLA DE TERMINOLOG\u00cdA","article_modified_time":"2021-06-14T10:26:15+00:00","twitter_card":"summary_large_image","twitter_misc":{"Temps estimat de lectura":"1 minut"},"schema":{"@context":"https:\/\/schema.org","@graph":[{"@type":"WebPage","@id":"https:\/\/aeter.org\/ca\/jornada-soria-2015-materials\/","url":"https:\/\/aeter.org\/ca\/jornada-soria-2015-materials\/","name":"Jornada S\u00f2ria 2015 \u2013 Materials - ASOCIACI\u00d3N ESPA\u00d1OLA DE TERMINOLOG\u00cdA","isPartOf":{"@id":"https:\/\/aeter.org\/#website"},"datePublished":"2021-03-31T18:24:34+00:00","dateModified":"2021-06-14T10:26:15+00:00","breadcrumb":{"@id":"https:\/\/aeter.org\/ca\/jornada-soria-2015-materials\/#breadcrumb"},"inLanguage":"ca","potentialAction":[{"@type":"ReadAction","target":["https:\/\/aeter.org\/ca\/jornada-soria-2015-materials\/"]}]},{"@type":"BreadcrumbList","@id":"https:\/\/aeter.org\/ca\/jornada-soria-2015-materials\/#breadcrumb","itemListElement":[{"@type":"ListItem","position":1,"name":"Portada","item":"https:\/\/aeter.org\/"},{"@type":"ListItem","position":2,"name":"Jornada S\u00f2ria 2015 \u2013 Materials"}]},{"@type":"WebSite","@id":"https:\/\/aeter.org\/#website","url":"https:\/\/aeter.org\/","name":"ASOCIACI\u00d3N ESPA\u00d1OLA DE TERMINOLOG\u00cdA","description":"AETER","potentialAction":[{"@type":"SearchAction","target":{"@type":"EntryPoint","urlTemplate":"https:\/\/aeter.org\/?s={search_term_string}"},"query-input":{"@type":"PropertyValueSpecification","valueRequired":true,"valueName":"search_term_string"}}],"inLanguage":"ca"}]}},"_links":{"self":[{"href":"https:\/\/aeter.org\/ca\/wp-json\/wp\/v2\/pages\/4277","targetHints":{"allow":["GET"]}}],"collection":[{"href":"https:\/\/aeter.org\/ca\/wp-json\/wp\/v2\/pages"}],"about":[{"href":"https:\/\/aeter.org\/ca\/wp-json\/wp\/v2\/types\/page"}],"author":[{"embeddable":true,"href":"https:\/\/aeter.org\/ca\/wp-json\/wp\/v2\/users\/5"}],"replies":[{"embeddable":true,"href":"https:\/\/aeter.org\/ca\/wp-json\/wp\/v2\/comments?post=4277"}],"version-history":[{"count":3,"href":"https:\/\/aeter.org\/ca\/wp-json\/wp\/v2\/pages\/4277\/revisions"}],"predecessor-version":[{"id":5661,"href":"https:\/\/aeter.org\/ca\/wp-json\/wp\/v2\/pages\/4277\/revisions\/5661"}],"wp:attachment":[{"href":"https:\/\/aeter.org\/ca\/wp-json\/wp\/v2\/media?parent=4277"}],"curies":[{"name":"wp","href":"https:\/\/api.w.org\/{rel}","templated":true}]}}