{"id":4356,"date":"2021-04-21T14:39:58","date_gmt":"2021-04-21T14:39:58","guid":{"rendered":"https:\/\/aeter.org\/terminesp\/"},"modified":"2021-04-30T14:01:36","modified_gmt":"2021-04-30T14:01:36","slug":"terminesp","status":"publish","type":"page","link":"https:\/\/aeter.org\/ca\/terminesp\/","title":{"rendered":"TERMINESP"},"content":{"rendered":"<p><a href=\"\/ca\/projecte-terminesp\/\" target=\"_blank\" rel=\"noopener noreferrer\">Projecte Terminesp<\/a><br \/>\nProjecte impulsat per AETER el 2005 per a l\u2019organitzaci\u00f3 de la terminologia en espanyol.<\/p>\n<p><a href=\"\/ca\/base-de-dades-terminesp\/\" target=\"_blank\" rel=\"noopener noreferrer\">Base de dades Terminesp<\/a><br \/>\nBase de dades terminol\u00f2gica de la llengua espanyola impulsada per l\u2019Associaci\u00f3 Espanyola de Terminologia (AETER), creada a partir de les dades proporcionades per l\u2019Associaci\u00f3 Espanyola de Normalitzaci\u00f3 i Certificaci\u00f3 (AENOR).<\/p>\n","protected":false},"excerpt":{"rendered":"<p>Projecte Terminesp Projecte impulsat per AETER el 2005 per a l\u2019organitzaci\u00f3 de la terminologia en espanyol. Base de dades Terminesp Base de dades terminol\u00f2gica de la llengua espanyola impulsada per l\u2019Associaci\u00f3 Espanyola de Terminologia (AETER), creada a partir de les dades proporcionades per l\u2019Associaci\u00f3 Espanyola de Normalitzaci\u00f3 i Certificaci\u00f3 (AENOR).<\/p>\n","protected":false},"author":5,"featured_media":0,"parent":0,"menu_order":0,"comment_status":"closed","ping_status":"closed","template":"","meta":{"footnotes":""},"class_list":["post-4356","page","type-page","status-publish","hentry"],"yoast_head":"<!-- This site is optimized with the Yoast SEO plugin v24.4 - https:\/\/yoast.com\/wordpress\/plugins\/seo\/ -->\n<title>TERMINESP - ASOCIACI\u00d3N ESPA\u00d1OLA DE TERMINOLOG\u00cdA<\/title>\n<meta name=\"robots\" content=\"index, follow, max-snippet:-1, max-image-preview:large, max-video-preview:-1\" \/>\n<link rel=\"canonical\" href=\"https:\/\/aeter.org\/ca\/terminesp\/\" \/>\n<meta property=\"og:locale\" content=\"ca_ES\" \/>\n<meta property=\"og:type\" content=\"article\" \/>\n<meta property=\"og:title\" content=\"TERMINESP - ASOCIACI\u00d3N ESPA\u00d1OLA DE TERMINOLOG\u00cdA\" \/>\n<meta property=\"og:description\" content=\"Projecte Terminesp Projecte impulsat per AETER el 2005 per a l\u2019organitzaci\u00f3 de la terminologia en espanyol. Base de dades Terminesp Base de dades terminol\u00f2gica de la llengua espanyola impulsada per l\u2019Associaci\u00f3 Espanyola de Terminologia (AETER), creada a partir de les dades proporcionades per l\u2019Associaci\u00f3 Espanyola de Normalitzaci\u00f3 i Certificaci\u00f3 (AENOR).\" \/>\n<meta property=\"og:url\" content=\"https:\/\/aeter.org\/ca\/terminesp\/\" \/>\n<meta property=\"og:site_name\" content=\"ASOCIACI\u00d3N ESPA\u00d1OLA DE TERMINOLOG\u00cdA\" \/>\n<meta property=\"article:modified_time\" content=\"2021-04-30T14:01:36+00:00\" \/>\n<meta name=\"twitter:card\" content=\"summary_large_image\" \/>\n<meta name=\"twitter:label1\" content=\"Temps estimat de lectura\" \/>\n\t<meta name=\"twitter:data1\" content=\"1 minut\" \/>\n<script type=\"application\/ld+json\" class=\"yoast-schema-graph\">{\"@context\":\"https:\/\/schema.org\",\"@graph\":[{\"@type\":\"WebPage\",\"@id\":\"https:\/\/aeter.org\/ca\/terminesp\/\",\"url\":\"https:\/\/aeter.org\/ca\/terminesp\/\",\"name\":\"TERMINESP - ASOCIACI\u00d3N ESPA\u00d1OLA DE TERMINOLOG\u00cdA\",\"isPartOf\":{\"@id\":\"https:\/\/aeter.org\/#website\"},\"datePublished\":\"2021-04-21T14:39:58+00:00\",\"dateModified\":\"2021-04-30T14:01:36+00:00\",\"breadcrumb\":{\"@id\":\"https:\/\/aeter.org\/ca\/terminesp\/#breadcrumb\"},\"inLanguage\":\"ca\",\"potentialAction\":[{\"@type\":\"ReadAction\",\"target\":[\"https:\/\/aeter.org\/ca\/terminesp\/\"]}]},{\"@type\":\"BreadcrumbList\",\"@id\":\"https:\/\/aeter.org\/ca\/terminesp\/#breadcrumb\",\"itemListElement\":[{\"@type\":\"ListItem\",\"position\":1,\"name\":\"Portada\",\"item\":\"https:\/\/aeter.org\/\"},{\"@type\":\"ListItem\",\"position\":2,\"name\":\"TERMINESP\"}]},{\"@type\":\"WebSite\",\"@id\":\"https:\/\/aeter.org\/#website\",\"url\":\"https:\/\/aeter.org\/\",\"name\":\"ASOCIACI\u00d3N ESPA\u00d1OLA DE TERMINOLOG\u00cdA\",\"description\":\"AETER\",\"potentialAction\":[{\"@type\":\"SearchAction\",\"target\":{\"@type\":\"EntryPoint\",\"urlTemplate\":\"https:\/\/aeter.org\/?s={search_term_string}\"},\"query-input\":{\"@type\":\"PropertyValueSpecification\",\"valueRequired\":true,\"valueName\":\"search_term_string\"}}],\"inLanguage\":\"ca\"}]}<\/script>\n<!-- \/ Yoast SEO plugin. -->","yoast_head_json":{"title":"TERMINESP - ASOCIACI\u00d3N ESPA\u00d1OLA DE TERMINOLOG\u00cdA","robots":{"index":"index","follow":"follow","max-snippet":"max-snippet:-1","max-image-preview":"max-image-preview:large","max-video-preview":"max-video-preview:-1"},"canonical":"https:\/\/aeter.org\/ca\/terminesp\/","og_locale":"ca_ES","og_type":"article","og_title":"TERMINESP - ASOCIACI\u00d3N ESPA\u00d1OLA DE TERMINOLOG\u00cdA","og_description":"Projecte Terminesp Projecte impulsat per AETER el 2005 per a l\u2019organitzaci\u00f3 de la terminologia en espanyol. Base de dades Terminesp Base de dades terminol\u00f2gica de la llengua espanyola impulsada per l\u2019Associaci\u00f3 Espanyola de Terminologia (AETER), creada a partir de les dades proporcionades per l\u2019Associaci\u00f3 Espanyola de Normalitzaci\u00f3 i Certificaci\u00f3 (AENOR).","og_url":"https:\/\/aeter.org\/ca\/terminesp\/","og_site_name":"ASOCIACI\u00d3N ESPA\u00d1OLA DE TERMINOLOG\u00cdA","article_modified_time":"2021-04-30T14:01:36+00:00","twitter_card":"summary_large_image","twitter_misc":{"Temps estimat de lectura":"1 minut"},"schema":{"@context":"https:\/\/schema.org","@graph":[{"@type":"WebPage","@id":"https:\/\/aeter.org\/ca\/terminesp\/","url":"https:\/\/aeter.org\/ca\/terminesp\/","name":"TERMINESP - ASOCIACI\u00d3N ESPA\u00d1OLA DE TERMINOLOG\u00cdA","isPartOf":{"@id":"https:\/\/aeter.org\/#website"},"datePublished":"2021-04-21T14:39:58+00:00","dateModified":"2021-04-30T14:01:36+00:00","breadcrumb":{"@id":"https:\/\/aeter.org\/ca\/terminesp\/#breadcrumb"},"inLanguage":"ca","potentialAction":[{"@type":"ReadAction","target":["https:\/\/aeter.org\/ca\/terminesp\/"]}]},{"@type":"BreadcrumbList","@id":"https:\/\/aeter.org\/ca\/terminesp\/#breadcrumb","itemListElement":[{"@type":"ListItem","position":1,"name":"Portada","item":"https:\/\/aeter.org\/"},{"@type":"ListItem","position":2,"name":"TERMINESP"}]},{"@type":"WebSite","@id":"https:\/\/aeter.org\/#website","url":"https:\/\/aeter.org\/","name":"ASOCIACI\u00d3N ESPA\u00d1OLA DE TERMINOLOG\u00cdA","description":"AETER","potentialAction":[{"@type":"SearchAction","target":{"@type":"EntryPoint","urlTemplate":"https:\/\/aeter.org\/?s={search_term_string}"},"query-input":{"@type":"PropertyValueSpecification","valueRequired":true,"valueName":"search_term_string"}}],"inLanguage":"ca"}]}},"_links":{"self":[{"href":"https:\/\/aeter.org\/ca\/wp-json\/wp\/v2\/pages\/4356","targetHints":{"allow":["GET"]}}],"collection":[{"href":"https:\/\/aeter.org\/ca\/wp-json\/wp\/v2\/pages"}],"about":[{"href":"https:\/\/aeter.org\/ca\/wp-json\/wp\/v2\/types\/page"}],"author":[{"embeddable":true,"href":"https:\/\/aeter.org\/ca\/wp-json\/wp\/v2\/users\/5"}],"replies":[{"embeddable":true,"href":"https:\/\/aeter.org\/ca\/wp-json\/wp\/v2\/comments?post=4356"}],"version-history":[{"count":2,"href":"https:\/\/aeter.org\/ca\/wp-json\/wp\/v2\/pages\/4356\/revisions"}],"predecessor-version":[{"id":5604,"href":"https:\/\/aeter.org\/ca\/wp-json\/wp\/v2\/pages\/4356\/revisions\/5604"}],"wp:attachment":[{"href":"https:\/\/aeter.org\/ca\/wp-json\/wp\/v2\/media?parent=4356"}],"curies":[{"name":"wp","href":"https:\/\/api.w.org\/{rel}","templated":true}]}}