{"id":4363,"date":"2021-04-21T14:58:35","date_gmt":"2021-04-21T14:58:35","guid":{"rendered":"https:\/\/aeter.org\/base-de-dades-terminesp\/"},"modified":"2021-04-21T14:59:25","modified_gmt":"2021-04-21T14:59:25","slug":"base-de-dades-terminesp","status":"publish","type":"page","link":"https:\/\/aeter.org\/ca\/base-de-dades-terminesp\/","title":{"rendered":"Base de dades Terminesp"},"content":{"rendered":"\n<p>La base de dades terminol\u00f2giques <em>Terminesp<\/em> forma part de la <em>Terminoteca<\/em> de la <em>Wikilengua<\/em>. \u00c9s un banc de dades terminol\u00f2giques de la llengua espanyola promogut per l\u2019Associaci\u00f3 Espanyola de Terminologia (AETER), creat a partir de les dades proporcionades per l\u2019Associaci\u00f3 Espanyola de Normalitzaci\u00f3 i Certificaci\u00f3 (AENOR).<\/p>\n\n<p>L\u2019objectiu principal del banc de dades terminol\u00f2giques <em>Terminesp<\/em> \u00e9s oferir les definicions incloses en les normes espanyoles UNE de diverses dotzenes de milers de termes, amb equival\u00e8ncies en altres lleng\u00fces, quan n\u2019hi ha, tal com apareix en elles.<\/p>\n\n<p>Els camps d\u2019informaci\u00f3 possibles per als termes s\u00f3n els seg\u00fcents:<\/p>\n\n<ul class=\"wp-block-list\"><li>Definici\u00f3<\/li><li>Llengua<\/li><li>Norma UNE<\/li><li>Nota<\/li><li>Terme en alemany<\/li><li>Terme en espanyol<\/li><li>Terme en franc\u00e8s<\/li><li>Terme en angl\u00e8s<\/li><li>Terme en itali\u00e0<\/li><li>Terme en llat\u00ed<\/li><li>Terme en suec<\/li><li>T\u00edtol de la norma<\/li><\/ul>\n<p>Par a m\u00e9s informaci\u00f3, consulteu la p\u00e0gina seg\u00fcent:<br\/><a href=\"http:\/\/www.wikilengua.org\/index.php\/Wikilengua:Terminesp\">http:\/\/www.wikilengua.org\/index.php\/Wikilengua:Terminesp<\/a> <\/p>\n\n<p>La base de dades terminol\u00f2giques <em>Terminesp<\/em> est\u00e0 inclosa tamb\u00e9 com un dels recursos de la Plataforma <em>Enclave de Ciencia<\/em>, promoguda per la Real Academia Espa\u00f1ola i la FECYT: <a rel=\"noreferrer noopener\" href=\"https:\/\/enclavedeciencia.rae.es\/\" target=\"_blank\">https:\/\/enclavedeciencia.rae.es<\/a><\/p>\n","protected":false},"excerpt":{"rendered":"<p>La base de dades terminol\u00f2giques Terminesp forma part de la Terminoteca de la Wikilengua. \u00c9s un banc de dades terminol\u00f2giques de la llengua espanyola promogut per l\u2019Associaci\u00f3 Espanyola de Terminologia (AETER), creat a partir de les dades proporcionades per l\u2019Associaci\u00f3 Espanyola de Normalitzaci\u00f3 i Certificaci\u00f3 (AENOR). L\u2019objectiu principal del banc de dades terminol\u00f2giques Terminesp \u00e9s&hellip;<\/p>\n","protected":false},"author":5,"featured_media":0,"parent":0,"menu_order":0,"comment_status":"closed","ping_status":"closed","template":"","meta":{"footnotes":""},"class_list":["post-4363","page","type-page","status-publish","hentry"],"yoast_head":"<!-- This site is optimized with the Yoast SEO plugin v24.4 - https:\/\/yoast.com\/wordpress\/plugins\/seo\/ -->\n<title>Base de dades Terminesp - ASOCIACI\u00d3N ESPA\u00d1OLA DE TERMINOLOG\u00cdA<\/title>\n<meta name=\"robots\" content=\"index, follow, max-snippet:-1, max-image-preview:large, max-video-preview:-1\" \/>\n<link rel=\"canonical\" href=\"https:\/\/aeter.org\/ca\/base-de-dades-terminesp\/\" \/>\n<meta property=\"og:locale\" content=\"ca_ES\" \/>\n<meta property=\"og:type\" content=\"article\" \/>\n<meta property=\"og:title\" content=\"Base de dades Terminesp - ASOCIACI\u00d3N ESPA\u00d1OLA DE TERMINOLOG\u00cdA\" \/>\n<meta property=\"og:description\" content=\"La base de dades terminol\u00f2giques Terminesp forma part de la Terminoteca de la Wikilengua. \u00c9s un banc de dades terminol\u00f2giques de la llengua espanyola promogut per l\u2019Associaci\u00f3 Espanyola de Terminologia (AETER), creat a partir de les dades proporcionades per l\u2019Associaci\u00f3 Espanyola de Normalitzaci\u00f3 i Certificaci\u00f3 (AENOR). L\u2019objectiu principal del banc de dades terminol\u00f2giques Terminesp \u00e9s&hellip;\" \/>\n<meta property=\"og:url\" content=\"https:\/\/aeter.org\/ca\/base-de-dades-terminesp\/\" \/>\n<meta property=\"og:site_name\" content=\"ASOCIACI\u00d3N ESPA\u00d1OLA DE TERMINOLOG\u00cdA\" \/>\n<meta property=\"article:modified_time\" content=\"2021-04-21T14:59:25+00:00\" \/>\n<meta name=\"twitter:card\" content=\"summary_large_image\" \/>\n<meta name=\"twitter:label1\" content=\"Temps estimat de lectura\" \/>\n\t<meta name=\"twitter:data1\" content=\"1 minut\" \/>\n<script type=\"application\/ld+json\" class=\"yoast-schema-graph\">{\"@context\":\"https:\/\/schema.org\",\"@graph\":[{\"@type\":\"WebPage\",\"@id\":\"https:\/\/aeter.org\/ca\/base-de-dades-terminesp\/\",\"url\":\"https:\/\/aeter.org\/ca\/base-de-dades-terminesp\/\",\"name\":\"Base de dades Terminesp - ASOCIACI\u00d3N ESPA\u00d1OLA DE TERMINOLOG\u00cdA\",\"isPartOf\":{\"@id\":\"https:\/\/aeter.org\/#website\"},\"datePublished\":\"2021-04-21T14:58:35+00:00\",\"dateModified\":\"2021-04-21T14:59:25+00:00\",\"breadcrumb\":{\"@id\":\"https:\/\/aeter.org\/ca\/base-de-dades-terminesp\/#breadcrumb\"},\"inLanguage\":\"ca\",\"potentialAction\":[{\"@type\":\"ReadAction\",\"target\":[\"https:\/\/aeter.org\/ca\/base-de-dades-terminesp\/\"]}]},{\"@type\":\"BreadcrumbList\",\"@id\":\"https:\/\/aeter.org\/ca\/base-de-dades-terminesp\/#breadcrumb\",\"itemListElement\":[{\"@type\":\"ListItem\",\"position\":1,\"name\":\"Portada\",\"item\":\"https:\/\/aeter.org\/\"},{\"@type\":\"ListItem\",\"position\":2,\"name\":\"Base de dades Terminesp\"}]},{\"@type\":\"WebSite\",\"@id\":\"https:\/\/aeter.org\/#website\",\"url\":\"https:\/\/aeter.org\/\",\"name\":\"ASOCIACI\u00d3N ESPA\u00d1OLA DE TERMINOLOG\u00cdA\",\"description\":\"AETER\",\"potentialAction\":[{\"@type\":\"SearchAction\",\"target\":{\"@type\":\"EntryPoint\",\"urlTemplate\":\"https:\/\/aeter.org\/?s={search_term_string}\"},\"query-input\":{\"@type\":\"PropertyValueSpecification\",\"valueRequired\":true,\"valueName\":\"search_term_string\"}}],\"inLanguage\":\"ca\"}]}<\/script>\n<!-- \/ Yoast SEO plugin. -->","yoast_head_json":{"title":"Base de dades Terminesp - ASOCIACI\u00d3N ESPA\u00d1OLA DE TERMINOLOG\u00cdA","robots":{"index":"index","follow":"follow","max-snippet":"max-snippet:-1","max-image-preview":"max-image-preview:large","max-video-preview":"max-video-preview:-1"},"canonical":"https:\/\/aeter.org\/ca\/base-de-dades-terminesp\/","og_locale":"ca_ES","og_type":"article","og_title":"Base de dades Terminesp - ASOCIACI\u00d3N ESPA\u00d1OLA DE TERMINOLOG\u00cdA","og_description":"La base de dades terminol\u00f2giques Terminesp forma part de la Terminoteca de la Wikilengua. \u00c9s un banc de dades terminol\u00f2giques de la llengua espanyola promogut per l\u2019Associaci\u00f3 Espanyola de Terminologia (AETER), creat a partir de les dades proporcionades per l\u2019Associaci\u00f3 Espanyola de Normalitzaci\u00f3 i Certificaci\u00f3 (AENOR). L\u2019objectiu principal del banc de dades terminol\u00f2giques Terminesp \u00e9s&hellip;","og_url":"https:\/\/aeter.org\/ca\/base-de-dades-terminesp\/","og_site_name":"ASOCIACI\u00d3N ESPA\u00d1OLA DE TERMINOLOG\u00cdA","article_modified_time":"2021-04-21T14:59:25+00:00","twitter_card":"summary_large_image","twitter_misc":{"Temps estimat de lectura":"1 minut"},"schema":{"@context":"https:\/\/schema.org","@graph":[{"@type":"WebPage","@id":"https:\/\/aeter.org\/ca\/base-de-dades-terminesp\/","url":"https:\/\/aeter.org\/ca\/base-de-dades-terminesp\/","name":"Base de dades Terminesp - ASOCIACI\u00d3N ESPA\u00d1OLA DE TERMINOLOG\u00cdA","isPartOf":{"@id":"https:\/\/aeter.org\/#website"},"datePublished":"2021-04-21T14:58:35+00:00","dateModified":"2021-04-21T14:59:25+00:00","breadcrumb":{"@id":"https:\/\/aeter.org\/ca\/base-de-dades-terminesp\/#breadcrumb"},"inLanguage":"ca","potentialAction":[{"@type":"ReadAction","target":["https:\/\/aeter.org\/ca\/base-de-dades-terminesp\/"]}]},{"@type":"BreadcrumbList","@id":"https:\/\/aeter.org\/ca\/base-de-dades-terminesp\/#breadcrumb","itemListElement":[{"@type":"ListItem","position":1,"name":"Portada","item":"https:\/\/aeter.org\/"},{"@type":"ListItem","position":2,"name":"Base de dades Terminesp"}]},{"@type":"WebSite","@id":"https:\/\/aeter.org\/#website","url":"https:\/\/aeter.org\/","name":"ASOCIACI\u00d3N ESPA\u00d1OLA DE TERMINOLOG\u00cdA","description":"AETER","potentialAction":[{"@type":"SearchAction","target":{"@type":"EntryPoint","urlTemplate":"https:\/\/aeter.org\/?s={search_term_string}"},"query-input":{"@type":"PropertyValueSpecification","valueRequired":true,"valueName":"search_term_string"}}],"inLanguage":"ca"}]}},"_links":{"self":[{"href":"https:\/\/aeter.org\/ca\/wp-json\/wp\/v2\/pages\/4363","targetHints":{"allow":["GET"]}}],"collection":[{"href":"https:\/\/aeter.org\/ca\/wp-json\/wp\/v2\/pages"}],"about":[{"href":"https:\/\/aeter.org\/ca\/wp-json\/wp\/v2\/types\/page"}],"author":[{"embeddable":true,"href":"https:\/\/aeter.org\/ca\/wp-json\/wp\/v2\/users\/5"}],"replies":[{"embeddable":true,"href":"https:\/\/aeter.org\/ca\/wp-json\/wp\/v2\/comments?post=4363"}],"version-history":[{"count":3,"href":"https:\/\/aeter.org\/ca\/wp-json\/wp\/v2\/pages\/4363\/revisions"}],"predecessor-version":[{"id":4366,"href":"https:\/\/aeter.org\/ca\/wp-json\/wp\/v2\/pages\/4363\/revisions\/4366"}],"wp:attachment":[{"href":"https:\/\/aeter.org\/ca\/wp-json\/wp\/v2\/media?parent=4363"}],"curies":[{"name":"wp","href":"https:\/\/api.w.org\/{rel}","templated":true}]}}