{"id":4378,"date":"2021-04-21T16:46:58","date_gmt":"2021-04-21T16:46:58","guid":{"rendered":"https:\/\/aeter.org\/terminesp-wikilengua\/"},"modified":"2021-04-21T16:47:13","modified_gmt":"2021-04-21T16:47:13","slug":"terminesp-wikilengua","status":"publish","type":"page","link":"https:\/\/aeter.org\/ca\/terminesp-wikilengua\/","title":{"rendered":"TERMINESP: WIKILENGUA"},"content":{"rendered":"<p><a href=\"http:\/\/www.wikilengua.org\/index.php\/Wikilengua:Terminesp\" target=\"_blank\" rel=\"noopener\">TERMINESP: WIKILENGUA<\/a><br \/>\nBanc de dades terminol\u00f2giques de la llengua espanyola promogut per l\u2019Associaci\u00f3 Espanyola de Terminologia (<strong>AETER<\/strong>), creat a partir de les dades proporcionades per l\u2019Associaci\u00f3 Espanyola de Normalitzaci\u00f3 i Certificaci\u00f3 (<a href=\"http:\/\/www.aenor.es\/aenor\/inicio\/home\/home.asp#.USZY31GzQe4\" target=\"_blank\" rel=\"noopener\">AENOR<\/a>) i desenvolupat en col\u00b7laboraci\u00f3 amb la <a href=\"http:\/\/www.fundeu.es\/\">Fundaci\u00f3n del Espa\u00f1ol Urgente (Fund\u00e9u BBVA)<\/a>, que l\u2019inclou com a recurs en la Terminoteca de <em>Wikilengua.<\/em><\/p>\n<p><a href=\"https:\/\/aeter.org\/wp-content\/uploads\/2018\/11\/captura_TERMINESP_WIKILENGUA.png\"><img loading=\"lazy\" decoding=\"async\" class=\"alignleft wp-image-4379 size-full\" src=\"https:\/\/aeter.org\/wp-content\/uploads\/2018\/11\/captura_TERMINESP_WIKILENGUA.png\" alt=\"captura_TERMINESP_WIKILENGUA\" width=\"1548\" height=\"866\" srcset=\"https:\/\/aeter.org\/wp-content\/uploads\/2018\/11\/captura_TERMINESP_WIKILENGUA.png 1548w, https:\/\/aeter.org\/wp-content\/uploads\/2018\/11\/captura_TERMINESP_WIKILENGUA-600x336.png 600w, https:\/\/aeter.org\/wp-content\/uploads\/2018\/11\/captura_TERMINESP_WIKILENGUA-300x167.png 300w, https:\/\/aeter.org\/wp-content\/uploads\/2018\/11\/captura_TERMINESP_WIKILENGUA-1024x572.png 1024w\" sizes=\"auto, (max-width: 1548px) 100vw, 1548px\" \/><\/a><\/p>\n","protected":false},"excerpt":{"rendered":"<p>TERMINESP: WIKILENGUA Banc de dades terminol\u00f2giques de la llengua espanyola promogut per l\u2019Associaci\u00f3 Espanyola de Terminologia (AETER), creat a partir de les dades proporcionades per l\u2019Associaci\u00f3 Espanyola de Normalitzaci\u00f3 i Certificaci\u00f3 (AENOR) i desenvolupat en col\u00b7laboraci\u00f3 amb la Fundaci\u00f3n del Espa\u00f1ol Urgente (Fund\u00e9u BBVA), que l\u2019inclou com a recurs en la Terminoteca de Wikilengua.<\/p>\n","protected":false},"author":5,"featured_media":0,"parent":0,"menu_order":0,"comment_status":"closed","ping_status":"closed","template":"","meta":{"footnotes":""},"class_list":["post-4378","page","type-page","status-publish","hentry"],"yoast_head":"<!-- This site is optimized with the Yoast SEO plugin v24.4 - https:\/\/yoast.com\/wordpress\/plugins\/seo\/ -->\n<title>TERMINESP: WIKILENGUA - ASOCIACI\u00d3N ESPA\u00d1OLA DE TERMINOLOG\u00cdA<\/title>\n<meta name=\"robots\" content=\"index, follow, max-snippet:-1, max-image-preview:large, max-video-preview:-1\" \/>\n<link rel=\"canonical\" href=\"https:\/\/aeter.org\/ca\/terminesp-wikilengua\/\" \/>\n<meta property=\"og:locale\" content=\"ca_ES\" \/>\n<meta property=\"og:type\" content=\"article\" \/>\n<meta property=\"og:title\" content=\"TERMINESP: WIKILENGUA - ASOCIACI\u00d3N ESPA\u00d1OLA DE TERMINOLOG\u00cdA\" \/>\n<meta property=\"og:description\" content=\"TERMINESP: WIKILENGUA Banc de dades terminol\u00f2giques de la llengua espanyola promogut per l\u2019Associaci\u00f3 Espanyola de Terminologia (AETER), creat a partir de les dades proporcionades per l\u2019Associaci\u00f3 Espanyola de Normalitzaci\u00f3 i Certificaci\u00f3 (AENOR) i desenvolupat en col\u00b7laboraci\u00f3 amb la Fundaci\u00f3n del Espa\u00f1ol Urgente (Fund\u00e9u BBVA), que l\u2019inclou com a recurs en la Terminoteca de Wikilengua.\" \/>\n<meta property=\"og:url\" content=\"https:\/\/aeter.org\/ca\/terminesp-wikilengua\/\" \/>\n<meta property=\"og:site_name\" content=\"ASOCIACI\u00d3N ESPA\u00d1OLA DE TERMINOLOG\u00cdA\" \/>\n<meta property=\"article:modified_time\" content=\"2021-04-21T16:47:13+00:00\" \/>\n<meta property=\"og:image\" content=\"https:\/\/aeter.org\/wp-content\/uploads\/2018\/11\/captura_TERMINESP_WIKILENGUA.png\" \/>\n<meta name=\"twitter:card\" content=\"summary_large_image\" \/>\n<script type=\"application\/ld+json\" class=\"yoast-schema-graph\">{\"@context\":\"https:\/\/schema.org\",\"@graph\":[{\"@type\":\"WebPage\",\"@id\":\"https:\/\/aeter.org\/ca\/terminesp-wikilengua\/\",\"url\":\"https:\/\/aeter.org\/ca\/terminesp-wikilengua\/\",\"name\":\"TERMINESP: WIKILENGUA - ASOCIACI\u00d3N ESPA\u00d1OLA DE TERMINOLOG\u00cdA\",\"isPartOf\":{\"@id\":\"https:\/\/aeter.org\/#website\"},\"primaryImageOfPage\":{\"@id\":\"https:\/\/aeter.org\/ca\/terminesp-wikilengua\/#primaryimage\"},\"image\":{\"@id\":\"https:\/\/aeter.org\/ca\/terminesp-wikilengua\/#primaryimage\"},\"thumbnailUrl\":\"https:\/\/aeter.org\/wp-content\/uploads\/2018\/11\/captura_TERMINESP_WIKILENGUA.png\",\"datePublished\":\"2021-04-21T16:46:58+00:00\",\"dateModified\":\"2021-04-21T16:47:13+00:00\",\"breadcrumb\":{\"@id\":\"https:\/\/aeter.org\/ca\/terminesp-wikilengua\/#breadcrumb\"},\"inLanguage\":\"ca\",\"potentialAction\":[{\"@type\":\"ReadAction\",\"target\":[\"https:\/\/aeter.org\/ca\/terminesp-wikilengua\/\"]}]},{\"@type\":\"ImageObject\",\"inLanguage\":\"ca\",\"@id\":\"https:\/\/aeter.org\/ca\/terminesp-wikilengua\/#primaryimage\",\"url\":\"https:\/\/aeter.org\/wp-content\/uploads\/2018\/11\/captura_TERMINESP_WIKILENGUA.png\",\"contentUrl\":\"https:\/\/aeter.org\/wp-content\/uploads\/2018\/11\/captura_TERMINESP_WIKILENGUA.png\"},{\"@type\":\"BreadcrumbList\",\"@id\":\"https:\/\/aeter.org\/ca\/terminesp-wikilengua\/#breadcrumb\",\"itemListElement\":[{\"@type\":\"ListItem\",\"position\":1,\"name\":\"Portada\",\"item\":\"https:\/\/aeter.org\/\"},{\"@type\":\"ListItem\",\"position\":2,\"name\":\"TERMINESP: WIKILENGUA\"}]},{\"@type\":\"WebSite\",\"@id\":\"https:\/\/aeter.org\/#website\",\"url\":\"https:\/\/aeter.org\/\",\"name\":\"ASOCIACI\u00d3N ESPA\u00d1OLA DE TERMINOLOG\u00cdA\",\"description\":\"AETER\",\"potentialAction\":[{\"@type\":\"SearchAction\",\"target\":{\"@type\":\"EntryPoint\",\"urlTemplate\":\"https:\/\/aeter.org\/?s={search_term_string}\"},\"query-input\":{\"@type\":\"PropertyValueSpecification\",\"valueRequired\":true,\"valueName\":\"search_term_string\"}}],\"inLanguage\":\"ca\"}]}<\/script>\n<!-- \/ Yoast SEO plugin. -->","yoast_head_json":{"title":"TERMINESP: WIKILENGUA - ASOCIACI\u00d3N ESPA\u00d1OLA DE TERMINOLOG\u00cdA","robots":{"index":"index","follow":"follow","max-snippet":"max-snippet:-1","max-image-preview":"max-image-preview:large","max-video-preview":"max-video-preview:-1"},"canonical":"https:\/\/aeter.org\/ca\/terminesp-wikilengua\/","og_locale":"ca_ES","og_type":"article","og_title":"TERMINESP: WIKILENGUA - ASOCIACI\u00d3N ESPA\u00d1OLA DE TERMINOLOG\u00cdA","og_description":"TERMINESP: WIKILENGUA Banc de dades terminol\u00f2giques de la llengua espanyola promogut per l\u2019Associaci\u00f3 Espanyola de Terminologia (AETER), creat a partir de les dades proporcionades per l\u2019Associaci\u00f3 Espanyola de Normalitzaci\u00f3 i Certificaci\u00f3 (AENOR) i desenvolupat en col\u00b7laboraci\u00f3 amb la Fundaci\u00f3n del Espa\u00f1ol Urgente (Fund\u00e9u BBVA), que l\u2019inclou com a recurs en la Terminoteca de Wikilengua.","og_url":"https:\/\/aeter.org\/ca\/terminesp-wikilengua\/","og_site_name":"ASOCIACI\u00d3N ESPA\u00d1OLA DE TERMINOLOG\u00cdA","article_modified_time":"2021-04-21T16:47:13+00:00","og_image":[{"url":"https:\/\/aeter.org\/wp-content\/uploads\/2018\/11\/captura_TERMINESP_WIKILENGUA.png","type":"","width":"","height":""}],"twitter_card":"summary_large_image","schema":{"@context":"https:\/\/schema.org","@graph":[{"@type":"WebPage","@id":"https:\/\/aeter.org\/ca\/terminesp-wikilengua\/","url":"https:\/\/aeter.org\/ca\/terminesp-wikilengua\/","name":"TERMINESP: WIKILENGUA - ASOCIACI\u00d3N ESPA\u00d1OLA DE TERMINOLOG\u00cdA","isPartOf":{"@id":"https:\/\/aeter.org\/#website"},"primaryImageOfPage":{"@id":"https:\/\/aeter.org\/ca\/terminesp-wikilengua\/#primaryimage"},"image":{"@id":"https:\/\/aeter.org\/ca\/terminesp-wikilengua\/#primaryimage"},"thumbnailUrl":"https:\/\/aeter.org\/wp-content\/uploads\/2018\/11\/captura_TERMINESP_WIKILENGUA.png","datePublished":"2021-04-21T16:46:58+00:00","dateModified":"2021-04-21T16:47:13+00:00","breadcrumb":{"@id":"https:\/\/aeter.org\/ca\/terminesp-wikilengua\/#breadcrumb"},"inLanguage":"ca","potentialAction":[{"@type":"ReadAction","target":["https:\/\/aeter.org\/ca\/terminesp-wikilengua\/"]}]},{"@type":"ImageObject","inLanguage":"ca","@id":"https:\/\/aeter.org\/ca\/terminesp-wikilengua\/#primaryimage","url":"https:\/\/aeter.org\/wp-content\/uploads\/2018\/11\/captura_TERMINESP_WIKILENGUA.png","contentUrl":"https:\/\/aeter.org\/wp-content\/uploads\/2018\/11\/captura_TERMINESP_WIKILENGUA.png"},{"@type":"BreadcrumbList","@id":"https:\/\/aeter.org\/ca\/terminesp-wikilengua\/#breadcrumb","itemListElement":[{"@type":"ListItem","position":1,"name":"Portada","item":"https:\/\/aeter.org\/"},{"@type":"ListItem","position":2,"name":"TERMINESP: WIKILENGUA"}]},{"@type":"WebSite","@id":"https:\/\/aeter.org\/#website","url":"https:\/\/aeter.org\/","name":"ASOCIACI\u00d3N ESPA\u00d1OLA DE TERMINOLOG\u00cdA","description":"AETER","potentialAction":[{"@type":"SearchAction","target":{"@type":"EntryPoint","urlTemplate":"https:\/\/aeter.org\/?s={search_term_string}"},"query-input":{"@type":"PropertyValueSpecification","valueRequired":true,"valueName":"search_term_string"}}],"inLanguage":"ca"}]}},"_links":{"self":[{"href":"https:\/\/aeter.org\/ca\/wp-json\/wp\/v2\/pages\/4378","targetHints":{"allow":["GET"]}}],"collection":[{"href":"https:\/\/aeter.org\/ca\/wp-json\/wp\/v2\/pages"}],"about":[{"href":"https:\/\/aeter.org\/ca\/wp-json\/wp\/v2\/types\/page"}],"author":[{"embeddable":true,"href":"https:\/\/aeter.org\/ca\/wp-json\/wp\/v2\/users\/5"}],"replies":[{"embeddable":true,"href":"https:\/\/aeter.org\/ca\/wp-json\/wp\/v2\/comments?post=4378"}],"version-history":[{"count":1,"href":"https:\/\/aeter.org\/ca\/wp-json\/wp\/v2\/pages\/4378\/revisions"}],"predecessor-version":[{"id":4383,"href":"https:\/\/aeter.org\/ca\/wp-json\/wp\/v2\/pages\/4378\/revisions\/4383"}],"wp:attachment":[{"href":"https:\/\/aeter.org\/ca\/wp-json\/wp\/v2\/media?parent=4378"}],"curies":[{"name":"wp","href":"https:\/\/api.w.org\/{rel}","templated":true}]}}