{"id":4393,"date":"2021-04-21T17:08:04","date_gmt":"2021-04-21T17:08:04","guid":{"rendered":"https:\/\/aeter.org\/revistes-i-butlletins\/"},"modified":"2021-04-22T07:34:39","modified_gmt":"2021-04-22T07:34:39","slug":"revistes-i-butlletins","status":"publish","type":"page","link":"https:\/\/aeter.org\/ca\/revistes-i-butlletins\/","title":{"rendered":"Revistes i butlletins"},"content":{"rendered":"<p><span style=\"color: #993366;\">REVISTES ESPECIALITZADES EN TERMINOLOGIA<\/span><\/p>\n<p><strong><em>DEBAT TERMINOL\u00d2GIC<\/em><\/strong><br \/>\nISSN: 1813-1867 (electr\u00f2nica)<br \/>\nEditada per la <a href=\"https:\/\/sites.google.com\/view\/riterm\/es\" target=\"_blank\" rel=\"noopener\">Xarxa Iberoamericana de Terminologia (RITerm, per les seves sigles en espanyol)<\/a><br \/>\nPeriodicitat semestral<br \/>\nLleng\u00fces: Espanyol i portugu\u00e8s<br \/>\nAcc\u00e9s a l\u2019edici\u00f3 electr\u00f2nica: <a href=\"http:\/\/seer.ufrgs.br\/riterm\/index\" target=\"_blank\" rel=\"noopener\">http:\/\/seer.ufrgs.br\/riterm\/index<\/a><\/p>\n<p><strong><em>TERMIN\u00c0LIA<br \/>\n<\/em><\/strong>Revista de la <a href=\"http:\/\/scaterm.iec.cat\/\" target=\"_blank\" rel=\"noopener\">Societat Catalana de Terminologia (SCATERM)<\/a><br \/>\nISSN: 2013-6706 (edici\u00f3 electr\u00f2nica); 2013-6692 (edici\u00f3 impresa)<br \/>\nEditada per <a href=\"http:\/\/www.iec.cat\/activitats\/entrada.asp\" target=\"_blank\" rel=\"noopener\">l\u2019Institut d\u2019Estudis Catalans<\/a><br \/>\nDirectora: M. Teresa Cabr\u00e9<br \/>\nEditora en cap: Merc\u00e8 Lorente<br \/>\nContacte: terminalia@iec.cat<br \/>\nPeriodicitat semestral<br \/>\nLleng\u00fces: Catal\u00e0, angl\u00e8s i espanyol<br \/>\nAcc\u00e9s a l\u2019edici\u00f3 electr\u00f2nica: <a href=\"http:\/\/revistes.iec.cat\/index.php\/terminalia\" target=\"_blank\" rel=\"noopener\">http:\/\/terminalia.iec.cat<\/a><\/p>\n<p><em><strong>TERMINOLOGY<\/strong><br \/>\nInternational Journal of Theoretical and Applied Issues in Specialized Communication<\/em><br \/>\nISSN: 0929-9971 (edici\u00f3 impresa); 1569-9994 (edici\u00f3 electr\u00f2nica)<br \/>\nEditada per <a href=\"http:\/\/benjamins.com\/#catalog\/journals\/term\/main\" target=\"_blank\" rel=\"noopener\">John Benjamins Publishing Company<\/a><br \/>\nEditors: Marie-Claude L\u2019Homme i Kyo Kagueura<br \/>\nConsultor: Juan Carlos Sager<br \/>\nPeriodicitat semestral<br \/>\nLleng\u00fces: Angl\u00e8s. S\u2019admeten originals en espanyol.<br \/>\nAcc\u00e9s a l\u2019edici\u00f3 electr\u00f2nica: <a href=\"http:\/\/www.ingentaconnect.com\/content\/jbp\/term\" target=\"_blank\" rel=\"noopener\">Ingentaconnect Publicaci\u00f3n<\/a><\/p>\n<p><span style=\"color: #993366;\">ALTRES REVISTES QUE ACOSTUMEN A INCLOURE ARTICLES SOBRE TERMINOLOGIA<\/span><\/p>\n<ul>\n<li><a href=\"http:\/\/www-ldi.univ-paris13.fr\/index.php?option=com_content&amp;view=article&amp;id=83:derniers-numeros-parus&amp;catid=101&amp;Itemid=506\" target=\"_blank\" rel=\"noopener\">Cahiers de Lexicologie<\/a><\/li>\n<li><a href=\"http:\/\/www.aelfe.org\/?s=revista\" target=\"_blank\" rel=\"noopener\">Ib\u00e9rica. Revista de la AELFE<\/a><\/li>\n<li><a href=\"http:\/\/www3.oup.co.uk\/lexico\/\" target=\"_blank\" rel=\"noopener\">International Journal of Lexicography<\/a><\/li>\n<li><a href=\"https:\/\/www.lessius.eu\/english\/ku-leuven-academic-bachelors-and-masters\/language-and-communication\/journal-internationalisa\" target=\"_blank\" rel=\"noopener\">Journal of Internationalisation and Localization (JIAL)<\/a><\/li>\n<li><a href=\"http:\/\/www.cilf.fr\/f\/index.php?sp=coll&amp;collection_id=10\" target=\"_blank\" rel=\"noopener\">La Banque des mots<\/a><\/li>\n<li><a href=\"http:\/\/www.rifal.org\/3_information.html#cahiers\" target=\"_blank\" rel=\"noopener\">Les Cahiers du Rifal<\/a> (antes Terminologies Nouvelles)<\/li>\n<li><a href=\"http:\/\/rauli.cbs.dk\/index.php\/lspcog\" target=\"_blank\" rel=\"noopener\">LSP Journal. Language for special purposes, professional communication, knowledge management and cognition<\/a><\/li>\n<li><a href=\"http:\/\/meta.erudit.org\/\" target=\"_blank\" rel=\"noopener\">Meta: Journal des traducteurs \/ Meta: Translators&#8217; Journal<\/a><\/li>\n<li><a href=\"http:\/\/www-ldi.univ-paris13.fr\/index.php?option=com_content&amp;view=article&amp;id=82:numeros-parus&amp;catid=100&amp;Itemid=505\" target=\"_blank\" rel=\"noopener\">Neologica. Revue Internationale de N\u00e9ologie<\/a><\/li>\n<li><a href=\"http:\/\/www.tremedica.org\/panacea.html\" target=\"_blank\" rel=\"noopener\">Panace@.Revista de Traducci\u00f3n y medicina<\/a><\/li>\n<li><a href=\"http:\/\/www.udc.es\/grupos\/lexicografia\/revista.htm\" target=\"_blank\" rel=\"noopener\">Revista de Lexicograf\u00eda<\/a><\/li>\n<li><a href=\"http:\/\/www.oqlf.gouv.qc.ca\/ressources\/publications\/publications_amenagement\/terminogramme.html\" target=\"_blank\" rel=\"noopener\">Revue d&#8217;am\u00e9nagement linguistique<\/a> (antes Terminogramme)<\/li>\n<li><a href=\"http:\/\/revistaseug.ugr.es\/index.php\/sendebar\" target=\"_blank\" rel=\"noopener\">Sendebar<\/a><\/li>\n<li><a href=\"http:\/\/www.fti.uab.es\/tradumatica\/revista\/\" target=\"_blank\" rel=\"noopener\">Tradum\u00e1tica<\/a><\/li>\n<li><a href=\"http:\/\/ttr.erudit.org\/\" target=\"_blank\" rel=\"noopener\">TTR. Traduction, terminologie, r\u00e9daction<\/a><\/li>\n<\/ul>\n<p><span style=\"color: #993366;\">BUTLLETINS D\u2019ASSOCIACIONS DE TERMINOLOGIA<\/span><\/p>\n<ul>\n<li><a href=\"http:\/\/blocs.iec.cat\/scaterm\" target=\"_blank\" rel=\"noopener\">Butllet\u00ed de SCATERM<\/a><\/li>\n<li><a href=\"http:\/\/www.eaft-aet.net\/news\/article\/eaft-newsletter\/\" target=\"_blank\" rel=\"noopener\">EAFT Newsletter<\/a><\/li>\n<li><a href=\"http:\/\/www.terminometro.info\/modules\/articles\/accueil\/index.php\" target=\"_blank\" rel=\"noopener\">Terminometro<\/a> (Bolet\u00edn de Uni\u00f3n Latina)<\/li>\n<li><a href=\"http:\/\/www.termnet.org\/english\/products_service\/TermNetNews.php\" target=\"_blank\" rel=\"noopener\">TermNet News<\/a><\/li>\n<\/ul>\n","protected":false},"excerpt":{"rendered":"<p>REVISTES ESPECIALITZADES EN TERMINOLOGIA DEBAT TERMINOL\u00d2GIC ISSN: 1813-1867 (electr\u00f2nica) Editada per la Xarxa Iberoamericana de Terminologia (RITerm, per les seves sigles en espanyol) Periodicitat semestral Lleng\u00fces: Espanyol i portugu\u00e8s Acc\u00e9s a l\u2019edici\u00f3 electr\u00f2nica: http:\/\/seer.ufrgs.br\/riterm\/index TERMIN\u00c0LIA Revista de la Societat Catalana de Terminologia (SCATERM) ISSN: 2013-6706 (edici\u00f3 electr\u00f2nica); 2013-6692 (edici\u00f3 impresa) Editada per l\u2019Institut d\u2019Estudis Catalans&hellip;<\/p>\n","protected":false},"author":5,"featured_media":0,"parent":0,"menu_order":0,"comment_status":"closed","ping_status":"closed","template":"","meta":{"footnotes":""},"class_list":["post-4393","page","type-page","status-publish","hentry"],"yoast_head":"<!-- This site is optimized with the Yoast SEO plugin v24.4 - https:\/\/yoast.com\/wordpress\/plugins\/seo\/ -->\n<title>Revistes i butlletins - ASOCIACI\u00d3N ESPA\u00d1OLA DE TERMINOLOG\u00cdA<\/title>\n<meta name=\"robots\" content=\"index, follow, max-snippet:-1, max-image-preview:large, max-video-preview:-1\" \/>\n<link rel=\"canonical\" href=\"https:\/\/aeter.org\/ca\/revistes-i-butlletins\/\" \/>\n<meta property=\"og:locale\" content=\"ca_ES\" \/>\n<meta property=\"og:type\" content=\"article\" \/>\n<meta property=\"og:title\" content=\"Revistes i butlletins - ASOCIACI\u00d3N ESPA\u00d1OLA DE TERMINOLOG\u00cdA\" \/>\n<meta property=\"og:description\" content=\"REVISTES ESPECIALITZADES EN TERMINOLOGIA DEBAT TERMINOL\u00d2GIC ISSN: 1813-1867 (electr\u00f2nica) Editada per la Xarxa Iberoamericana de Terminologia (RITerm, per les seves sigles en espanyol) Periodicitat semestral Lleng\u00fces: Espanyol i portugu\u00e8s Acc\u00e9s a l\u2019edici\u00f3 electr\u00f2nica: http:\/\/seer.ufrgs.br\/riterm\/index TERMIN\u00c0LIA Revista de la Societat Catalana de Terminologia (SCATERM) ISSN: 2013-6706 (edici\u00f3 electr\u00f2nica); 2013-6692 (edici\u00f3 impresa) Editada per l\u2019Institut d\u2019Estudis Catalans&hellip;\" \/>\n<meta property=\"og:url\" content=\"https:\/\/aeter.org\/ca\/revistes-i-butlletins\/\" \/>\n<meta property=\"og:site_name\" content=\"ASOCIACI\u00d3N ESPA\u00d1OLA DE TERMINOLOG\u00cdA\" \/>\n<meta property=\"article:modified_time\" content=\"2021-04-22T07:34:39+00:00\" \/>\n<meta name=\"twitter:card\" content=\"summary_large_image\" \/>\n<meta name=\"twitter:label1\" content=\"Temps estimat de lectura\" \/>\n\t<meta name=\"twitter:data1\" content=\"1 minut\" \/>\n<script type=\"application\/ld+json\" class=\"yoast-schema-graph\">{\"@context\":\"https:\/\/schema.org\",\"@graph\":[{\"@type\":\"WebPage\",\"@id\":\"https:\/\/aeter.org\/ca\/revistes-i-butlletins\/\",\"url\":\"https:\/\/aeter.org\/ca\/revistes-i-butlletins\/\",\"name\":\"Revistes i butlletins - ASOCIACI\u00d3N ESPA\u00d1OLA DE TERMINOLOG\u00cdA\",\"isPartOf\":{\"@id\":\"https:\/\/aeter.org\/#website\"},\"datePublished\":\"2021-04-21T17:08:04+00:00\",\"dateModified\":\"2021-04-22T07:34:39+00:00\",\"breadcrumb\":{\"@id\":\"https:\/\/aeter.org\/ca\/revistes-i-butlletins\/#breadcrumb\"},\"inLanguage\":\"ca\",\"potentialAction\":[{\"@type\":\"ReadAction\",\"target\":[\"https:\/\/aeter.org\/ca\/revistes-i-butlletins\/\"]}]},{\"@type\":\"BreadcrumbList\",\"@id\":\"https:\/\/aeter.org\/ca\/revistes-i-butlletins\/#breadcrumb\",\"itemListElement\":[{\"@type\":\"ListItem\",\"position\":1,\"name\":\"Portada\",\"item\":\"https:\/\/aeter.org\/\"},{\"@type\":\"ListItem\",\"position\":2,\"name\":\"Revistes i butlletins\"}]},{\"@type\":\"WebSite\",\"@id\":\"https:\/\/aeter.org\/#website\",\"url\":\"https:\/\/aeter.org\/\",\"name\":\"ASOCIACI\u00d3N ESPA\u00d1OLA DE TERMINOLOG\u00cdA\",\"description\":\"AETER\",\"potentialAction\":[{\"@type\":\"SearchAction\",\"target\":{\"@type\":\"EntryPoint\",\"urlTemplate\":\"https:\/\/aeter.org\/?s={search_term_string}\"},\"query-input\":{\"@type\":\"PropertyValueSpecification\",\"valueRequired\":true,\"valueName\":\"search_term_string\"}}],\"inLanguage\":\"ca\"}]}<\/script>\n<!-- \/ Yoast SEO plugin. -->","yoast_head_json":{"title":"Revistes i butlletins - ASOCIACI\u00d3N ESPA\u00d1OLA DE TERMINOLOG\u00cdA","robots":{"index":"index","follow":"follow","max-snippet":"max-snippet:-1","max-image-preview":"max-image-preview:large","max-video-preview":"max-video-preview:-1"},"canonical":"https:\/\/aeter.org\/ca\/revistes-i-butlletins\/","og_locale":"ca_ES","og_type":"article","og_title":"Revistes i butlletins - ASOCIACI\u00d3N ESPA\u00d1OLA DE TERMINOLOG\u00cdA","og_description":"REVISTES ESPECIALITZADES EN TERMINOLOGIA DEBAT TERMINOL\u00d2GIC ISSN: 1813-1867 (electr\u00f2nica) Editada per la Xarxa Iberoamericana de Terminologia (RITerm, per les seves sigles en espanyol) Periodicitat semestral Lleng\u00fces: Espanyol i portugu\u00e8s Acc\u00e9s a l\u2019edici\u00f3 electr\u00f2nica: http:\/\/seer.ufrgs.br\/riterm\/index TERMIN\u00c0LIA Revista de la Societat Catalana de Terminologia (SCATERM) ISSN: 2013-6706 (edici\u00f3 electr\u00f2nica); 2013-6692 (edici\u00f3 impresa) Editada per l\u2019Institut d\u2019Estudis Catalans&hellip;","og_url":"https:\/\/aeter.org\/ca\/revistes-i-butlletins\/","og_site_name":"ASOCIACI\u00d3N ESPA\u00d1OLA DE TERMINOLOG\u00cdA","article_modified_time":"2021-04-22T07:34:39+00:00","twitter_card":"summary_large_image","twitter_misc":{"Temps estimat de lectura":"1 minut"},"schema":{"@context":"https:\/\/schema.org","@graph":[{"@type":"WebPage","@id":"https:\/\/aeter.org\/ca\/revistes-i-butlletins\/","url":"https:\/\/aeter.org\/ca\/revistes-i-butlletins\/","name":"Revistes i butlletins - ASOCIACI\u00d3N ESPA\u00d1OLA DE TERMINOLOG\u00cdA","isPartOf":{"@id":"https:\/\/aeter.org\/#website"},"datePublished":"2021-04-21T17:08:04+00:00","dateModified":"2021-04-22T07:34:39+00:00","breadcrumb":{"@id":"https:\/\/aeter.org\/ca\/revistes-i-butlletins\/#breadcrumb"},"inLanguage":"ca","potentialAction":[{"@type":"ReadAction","target":["https:\/\/aeter.org\/ca\/revistes-i-butlletins\/"]}]},{"@type":"BreadcrumbList","@id":"https:\/\/aeter.org\/ca\/revistes-i-butlletins\/#breadcrumb","itemListElement":[{"@type":"ListItem","position":1,"name":"Portada","item":"https:\/\/aeter.org\/"},{"@type":"ListItem","position":2,"name":"Revistes i butlletins"}]},{"@type":"WebSite","@id":"https:\/\/aeter.org\/#website","url":"https:\/\/aeter.org\/","name":"ASOCIACI\u00d3N ESPA\u00d1OLA DE TERMINOLOG\u00cdA","description":"AETER","potentialAction":[{"@type":"SearchAction","target":{"@type":"EntryPoint","urlTemplate":"https:\/\/aeter.org\/?s={search_term_string}"},"query-input":{"@type":"PropertyValueSpecification","valueRequired":true,"valueName":"search_term_string"}}],"inLanguage":"ca"}]}},"_links":{"self":[{"href":"https:\/\/aeter.org\/ca\/wp-json\/wp\/v2\/pages\/4393","targetHints":{"allow":["GET"]}}],"collection":[{"href":"https:\/\/aeter.org\/ca\/wp-json\/wp\/v2\/pages"}],"about":[{"href":"https:\/\/aeter.org\/ca\/wp-json\/wp\/v2\/types\/page"}],"author":[{"embeddable":true,"href":"https:\/\/aeter.org\/ca\/wp-json\/wp\/v2\/users\/5"}],"replies":[{"embeddable":true,"href":"https:\/\/aeter.org\/ca\/wp-json\/wp\/v2\/comments?post=4393"}],"version-history":[{"count":1,"href":"https:\/\/aeter.org\/ca\/wp-json\/wp\/v2\/pages\/4393\/revisions"}],"predecessor-version":[{"id":4394,"href":"https:\/\/aeter.org\/ca\/wp-json\/wp\/v2\/pages\/4393\/revisions\/4394"}],"wp:attachment":[{"href":"https:\/\/aeter.org\/ca\/wp-json\/wp\/v2\/media?parent=4393"}],"curies":[{"name":"wp","href":"https:\/\/api.w.org\/{rel}","templated":true}]}}