{"id":4399,"date":"2021-04-21T17:20:12","date_gmt":"2021-04-21T17:20:12","guid":{"rendered":"https:\/\/aeter.org\/formacio-en-terminologia\/"},"modified":"2021-04-21T17:20:48","modified_gmt":"2021-04-21T17:20:48","slug":"formacio-en-terminologia","status":"publish","type":"page","link":"https:\/\/aeter.org\/ca\/formacio-en-terminologia\/","title":{"rendered":"Formaci\u00f3 en terminologia"},"content":{"rendered":"<p><strong><span style=\"color: #993366;\">M\u00c1STER ONLINE EN TERMINOLOG\u00cdA<\/span><\/strong><br \/>\nUniversitat Pompeu Fabra. Barcelona<br \/>\nDirecci\u00f3 acad\u00e8mica: M. Teresa Cabr\u00e9<br \/>\nCoordinaci\u00f3: Rosa Estop\u00e0<br \/>\nProfessorat: Grup IULATERM de l\u2019Institut Universitari de Ling\u00fc\u00edstica Aplicada (IULA)<br \/>\nOrganizat per IDEC-UPF<br \/>\nEdici\u00f3 en espanyol: <a href=\"http:\/\/www.idec.upf.edu\/master-en-terminologia-modalitat-online\" target=\"_blank\" rel=\"noopener\">http:\/\/www.idec.upf.edu\/master-en-terminologia-modalitat-online<\/a><br \/>\nEdici\u00f3 en angl\u00e8s: <a href=\"http:\/\/www.iula.upf.edu\/teronl3uk.htm\" target=\"_blank\" rel=\"noopener\">http:\/\/www.iula.upf.edu\/teronl3uk.htm<\/a><br \/>\nM\u00e9s informaci\u00f3 a: iulaonline@upf.edu<\/p>\n<p>&nbsp;<\/p>\n<p>&nbsp;<\/p>\n","protected":false},"excerpt":{"rendered":"<p>M\u00c1STER ONLINE EN TERMINOLOG\u00cdA Universitat Pompeu Fabra. Barcelona Direcci\u00f3 acad\u00e8mica: M. Teresa Cabr\u00e9 Coordinaci\u00f3: Rosa Estop\u00e0 Professorat: Grup IULATERM de l\u2019Institut Universitari de Ling\u00fc\u00edstica Aplicada (IULA) Organizat per IDEC-UPF Edici\u00f3 en espanyol: http:\/\/www.idec.upf.edu\/master-en-terminologia-modalitat-online Edici\u00f3 en angl\u00e8s: http:\/\/www.iula.upf.edu\/teronl3uk.htm M\u00e9s informaci\u00f3 a: iulaonline@upf.edu &nbsp; &nbsp;<\/p>\n","protected":false},"author":5,"featured_media":0,"parent":0,"menu_order":0,"comment_status":"closed","ping_status":"closed","template":"","meta":{"footnotes":""},"class_list":["post-4399","page","type-page","status-publish","hentry"],"yoast_head":"<!-- This site is optimized with the Yoast SEO plugin v24.4 - https:\/\/yoast.com\/wordpress\/plugins\/seo\/ -->\n<title>Formaci\u00f3 en terminologia - ASOCIACI\u00d3N ESPA\u00d1OLA DE TERMINOLOG\u00cdA<\/title>\n<meta name=\"robots\" content=\"index, follow, max-snippet:-1, max-image-preview:large, max-video-preview:-1\" \/>\n<link rel=\"canonical\" href=\"https:\/\/aeter.org\/ca\/formacio-en-terminologia\/\" \/>\n<meta property=\"og:locale\" content=\"ca_ES\" \/>\n<meta property=\"og:type\" content=\"article\" \/>\n<meta property=\"og:title\" content=\"Formaci\u00f3 en terminologia - ASOCIACI\u00d3N ESPA\u00d1OLA DE TERMINOLOG\u00cdA\" \/>\n<meta property=\"og:description\" content=\"M\u00c1STER ONLINE EN TERMINOLOG\u00cdA Universitat Pompeu Fabra. Barcelona Direcci\u00f3 acad\u00e8mica: M. Teresa Cabr\u00e9 Coordinaci\u00f3: Rosa Estop\u00e0 Professorat: Grup IULATERM de l\u2019Institut Universitari de Ling\u00fc\u00edstica Aplicada (IULA) Organizat per IDEC-UPF Edici\u00f3 en espanyol: http:\/\/www.idec.upf.edu\/master-en-terminologia-modalitat-online Edici\u00f3 en angl\u00e8s: http:\/\/www.iula.upf.edu\/teronl3uk.htm M\u00e9s informaci\u00f3 a: iulaonline@upf.edu &nbsp; &nbsp;\" \/>\n<meta property=\"og:url\" content=\"https:\/\/aeter.org\/ca\/formacio-en-terminologia\/\" \/>\n<meta property=\"og:site_name\" content=\"ASOCIACI\u00d3N ESPA\u00d1OLA DE TERMINOLOG\u00cdA\" \/>\n<meta property=\"article:modified_time\" content=\"2021-04-21T17:20:48+00:00\" \/>\n<meta name=\"twitter:card\" content=\"summary_large_image\" \/>\n<script type=\"application\/ld+json\" class=\"yoast-schema-graph\">{\"@context\":\"https:\/\/schema.org\",\"@graph\":[{\"@type\":\"WebPage\",\"@id\":\"https:\/\/aeter.org\/ca\/formacio-en-terminologia\/\",\"url\":\"https:\/\/aeter.org\/ca\/formacio-en-terminologia\/\",\"name\":\"Formaci\u00f3 en terminologia - ASOCIACI\u00d3N ESPA\u00d1OLA DE TERMINOLOG\u00cdA\",\"isPartOf\":{\"@id\":\"https:\/\/aeter.org\/#website\"},\"datePublished\":\"2021-04-21T17:20:12+00:00\",\"dateModified\":\"2021-04-21T17:20:48+00:00\",\"breadcrumb\":{\"@id\":\"https:\/\/aeter.org\/ca\/formacio-en-terminologia\/#breadcrumb\"},\"inLanguage\":\"ca\",\"potentialAction\":[{\"@type\":\"ReadAction\",\"target\":[\"https:\/\/aeter.org\/ca\/formacio-en-terminologia\/\"]}]},{\"@type\":\"BreadcrumbList\",\"@id\":\"https:\/\/aeter.org\/ca\/formacio-en-terminologia\/#breadcrumb\",\"itemListElement\":[{\"@type\":\"ListItem\",\"position\":1,\"name\":\"Portada\",\"item\":\"https:\/\/aeter.org\/\"},{\"@type\":\"ListItem\",\"position\":2,\"name\":\"Formaci\u00f3 en terminologia\"}]},{\"@type\":\"WebSite\",\"@id\":\"https:\/\/aeter.org\/#website\",\"url\":\"https:\/\/aeter.org\/\",\"name\":\"ASOCIACI\u00d3N ESPA\u00d1OLA DE TERMINOLOG\u00cdA\",\"description\":\"AETER\",\"potentialAction\":[{\"@type\":\"SearchAction\",\"target\":{\"@type\":\"EntryPoint\",\"urlTemplate\":\"https:\/\/aeter.org\/?s={search_term_string}\"},\"query-input\":{\"@type\":\"PropertyValueSpecification\",\"valueRequired\":true,\"valueName\":\"search_term_string\"}}],\"inLanguage\":\"ca\"}]}<\/script>\n<!-- \/ Yoast SEO plugin. -->","yoast_head_json":{"title":"Formaci\u00f3 en terminologia - ASOCIACI\u00d3N ESPA\u00d1OLA DE TERMINOLOG\u00cdA","robots":{"index":"index","follow":"follow","max-snippet":"max-snippet:-1","max-image-preview":"max-image-preview:large","max-video-preview":"max-video-preview:-1"},"canonical":"https:\/\/aeter.org\/ca\/formacio-en-terminologia\/","og_locale":"ca_ES","og_type":"article","og_title":"Formaci\u00f3 en terminologia - ASOCIACI\u00d3N ESPA\u00d1OLA DE TERMINOLOG\u00cdA","og_description":"M\u00c1STER ONLINE EN TERMINOLOG\u00cdA Universitat Pompeu Fabra. Barcelona Direcci\u00f3 acad\u00e8mica: M. Teresa Cabr\u00e9 Coordinaci\u00f3: Rosa Estop\u00e0 Professorat: Grup IULATERM de l\u2019Institut Universitari de Ling\u00fc\u00edstica Aplicada (IULA) Organizat per IDEC-UPF Edici\u00f3 en espanyol: http:\/\/www.idec.upf.edu\/master-en-terminologia-modalitat-online Edici\u00f3 en angl\u00e8s: http:\/\/www.iula.upf.edu\/teronl3uk.htm M\u00e9s informaci\u00f3 a: iulaonline@upf.edu &nbsp; &nbsp;","og_url":"https:\/\/aeter.org\/ca\/formacio-en-terminologia\/","og_site_name":"ASOCIACI\u00d3N ESPA\u00d1OLA DE TERMINOLOG\u00cdA","article_modified_time":"2021-04-21T17:20:48+00:00","twitter_card":"summary_large_image","schema":{"@context":"https:\/\/schema.org","@graph":[{"@type":"WebPage","@id":"https:\/\/aeter.org\/ca\/formacio-en-terminologia\/","url":"https:\/\/aeter.org\/ca\/formacio-en-terminologia\/","name":"Formaci\u00f3 en terminologia - ASOCIACI\u00d3N ESPA\u00d1OLA DE TERMINOLOG\u00cdA","isPartOf":{"@id":"https:\/\/aeter.org\/#website"},"datePublished":"2021-04-21T17:20:12+00:00","dateModified":"2021-04-21T17:20:48+00:00","breadcrumb":{"@id":"https:\/\/aeter.org\/ca\/formacio-en-terminologia\/#breadcrumb"},"inLanguage":"ca","potentialAction":[{"@type":"ReadAction","target":["https:\/\/aeter.org\/ca\/formacio-en-terminologia\/"]}]},{"@type":"BreadcrumbList","@id":"https:\/\/aeter.org\/ca\/formacio-en-terminologia\/#breadcrumb","itemListElement":[{"@type":"ListItem","position":1,"name":"Portada","item":"https:\/\/aeter.org\/"},{"@type":"ListItem","position":2,"name":"Formaci\u00f3 en terminologia"}]},{"@type":"WebSite","@id":"https:\/\/aeter.org\/#website","url":"https:\/\/aeter.org\/","name":"ASOCIACI\u00d3N ESPA\u00d1OLA DE TERMINOLOG\u00cdA","description":"AETER","potentialAction":[{"@type":"SearchAction","target":{"@type":"EntryPoint","urlTemplate":"https:\/\/aeter.org\/?s={search_term_string}"},"query-input":{"@type":"PropertyValueSpecification","valueRequired":true,"valueName":"search_term_string"}}],"inLanguage":"ca"}]}},"_links":{"self":[{"href":"https:\/\/aeter.org\/ca\/wp-json\/wp\/v2\/pages\/4399","targetHints":{"allow":["GET"]}}],"collection":[{"href":"https:\/\/aeter.org\/ca\/wp-json\/wp\/v2\/pages"}],"about":[{"href":"https:\/\/aeter.org\/ca\/wp-json\/wp\/v2\/types\/page"}],"author":[{"embeddable":true,"href":"https:\/\/aeter.org\/ca\/wp-json\/wp\/v2\/users\/5"}],"replies":[{"embeddable":true,"href":"https:\/\/aeter.org\/ca\/wp-json\/wp\/v2\/comments?post=4399"}],"version-history":[{"count":1,"href":"https:\/\/aeter.org\/ca\/wp-json\/wp\/v2\/pages\/4399\/revisions"}],"predecessor-version":[{"id":4400,"href":"https:\/\/aeter.org\/ca\/wp-json\/wp\/v2\/pages\/4399\/revisions\/4400"}],"wp:attachment":[{"href":"https:\/\/aeter.org\/ca\/wp-json\/wp\/v2\/media?parent=4399"}],"curies":[{"name":"wp","href":"https:\/\/api.w.org\/{rel}","templated":true}]}}