{"id":4401,"date":"2021-04-21T17:23:31","date_gmt":"2021-04-21T17:23:31","guid":{"rendered":"https:\/\/aeter.org\/centres-i-academies\/"},"modified":"2021-04-21T17:23:50","modified_gmt":"2021-04-21T17:23:50","slug":"centres-i-academies","status":"publish","type":"page","link":"https:\/\/aeter.org\/ca\/centres-i-academies\/","title":{"rendered":"Centres i acad\u00e8mies"},"content":{"rendered":"<div><span style=\"font-size: 16px; line-height: 24px;\"><strong><span style=\"color: #339966;\">CENTRES DE TERMINOLOGIA<\/span><\/strong><\/span><\/div>\n<p><em><span style=\"color: #339966;\">Llengua espanyola<br \/>\n<\/span><\/em><\/p>\n<ul>\n<li>El projecte TERMINESP.ORG<\/li>\n<li><a href=\"http:\/\/valiter.es\/Portada\" target=\"_blank\" rel=\"noopener\">VALITER, xarxa de validaci\u00f3 de la terminologia espanyola<\/a><\/li>\n<li><a href=\"http:\/\/www.rae.es\/rae\/gestores\/gespub000011.nsf\/voTodosporId\/12CE5C1E73FB298AC12571810039EFF7?OpenDocument&amp;i=5\" target=\"_blank\" rel=\"noopener\">La Comisi\u00f3n Ling\u00fc\u00edstica para la Terminolog\u00eda Espa\u00f1ola (COLTE) <\/a><\/li>\n<\/ul>\n<p><em><span style=\"color: #339966;\">Llengua catalana<\/span><\/em><\/p>\n<ul>\n<li><a href=\"http:\/\/www.termcat.cat\/\" target=\"_blank\" rel=\"noopener\">TERMCAT, Centre de terminologia<\/a><\/li>\n<\/ul>\n<p><em><span style=\"color: #339966;\">Llengua gallega<\/span><\/em><\/p>\n<ul>\n<li><a href=\"http:\/\/www.realacademiagalega.org\/seccions\" target=\"_blank\" rel=\"noopener\">TERMIGAL, Seminario de Terminolox\u00eda Galega<\/a><\/li>\n<\/ul>\n<p><em><span style=\"color: #339966;\">Llengua basca<\/span><\/em><\/p>\n<ul>\n<li><a href=\"http:\/\/www.uzei.com\/home.asp\" target=\"_blank\" rel=\"noopener\">UZEI, Terminologia eta Lexikografia Zentroa<\/a><\/li>\n<\/ul>\n<p><em><span style=\"color: #008000;\">Llengua asturiana<\/span><\/em><\/p>\n<ul>\n<li><a href=\"http:\/\/grupos.uniovi.es\/web\/sfa\" target=\"_blank\" rel=\"noopener\">Seminariu de Filolox\u00eda Asturiana de la Universidad de Oviedo<\/a><\/li>\n<\/ul>\n<p><strong><span style=\"color: #339966;\">ACAD\u00c8MIES<\/span><\/strong><\/p>\n<p><em><span style=\"color: #339966;\">Llengua espanyola<\/span><\/em><\/p>\n<ul>\n<li><a href=\"http:\/\/www.rae.es\/rae.html\" target=\"_blank\" rel=\"noopener\">REAL ACADEMIA ESPA\u00d1OLA (RAE)<\/a><\/li>\n<li><a href=\"http:\/\/www.rac.es\/0\/0_1.php\" target=\"_blank\" rel=\"noopener\">REAL ACADEMIA DE CIENCIAS EXACTAS, F\u00cdSICAS Y NATURALES (RAC)<\/a><\/li>\n<\/ul>\n<p><em><span style=\"color: #339966;\">Llengua catalana<\/span><\/em><\/p>\n<ul>\n<li><a href=\"http:\/\/www.iec.cat\/activitats\/entrada.asp\" target=\"_blank\" rel=\"noopener\">INSTITUT D&#8217;ESTUDIS CATALANS (IEC)<\/a><\/li>\n<\/ul>\n<p><em><span style=\"color: #339966;\">Llengua gallega<\/span><\/em><\/p>\n<ul>\n<li><a href=\"http:\/\/www.realacademiagalega.org\/\" target=\"_blank\" rel=\"noopener\">REAL ACADEMIA GALEGA<\/a><\/li>\n<\/ul>\n<p><em><span style=\"color: #339966;\">Llengua basca<\/span><\/em><\/p>\n<ul>\n<li><a href=\"http:\/\/www.euskaltzaindia.net\/\" target=\"_blank\" rel=\"noopener\">EUSKALTZAINDIA<\/a><\/li>\n<\/ul>\n<p><em><span style=\"color: #008000;\">Llengua asturiana<\/span><\/em><\/p>\n<ul>\n<li><a href=\"http:\/\/www.academiadelallingua.com\/\" target=\"_blank\" rel=\"noopener\">Academia de la Llingua Asturiana<\/a><\/li>\n<\/ul>\n","protected":false},"excerpt":{"rendered":"<p>CENTRES DE TERMINOLOGIA Llengua espanyola El projecte TERMINESP.ORG VALITER, xarxa de validaci\u00f3 de la terminologia espanyola La Comisi\u00f3n Ling\u00fc\u00edstica para la Terminolog\u00eda Espa\u00f1ola (COLTE) Llengua catalana TERMCAT, Centre de terminologia Llengua gallega TERMIGAL, Seminario de Terminolox\u00eda Galega Llengua basca UZEI, Terminologia eta Lexikografia Zentroa Llengua asturiana Seminariu de Filolox\u00eda Asturiana de la Universidad de Oviedo&hellip;<\/p>\n","protected":false},"author":5,"featured_media":0,"parent":0,"menu_order":0,"comment_status":"closed","ping_status":"closed","template":"","meta":{"footnotes":""},"class_list":["post-4401","page","type-page","status-publish","hentry"],"yoast_head":"<!-- This site is optimized with the Yoast SEO plugin v24.4 - https:\/\/yoast.com\/wordpress\/plugins\/seo\/ -->\n<title>Centres i acad\u00e8mies - ASOCIACI\u00d3N ESPA\u00d1OLA DE TERMINOLOG\u00cdA<\/title>\n<meta name=\"robots\" content=\"index, follow, max-snippet:-1, max-image-preview:large, max-video-preview:-1\" \/>\n<link rel=\"canonical\" href=\"https:\/\/aeter.org\/ca\/centres-i-academies\/\" \/>\n<meta property=\"og:locale\" content=\"ca_ES\" \/>\n<meta property=\"og:type\" content=\"article\" \/>\n<meta property=\"og:title\" content=\"Centres i acad\u00e8mies - ASOCIACI\u00d3N ESPA\u00d1OLA DE TERMINOLOG\u00cdA\" \/>\n<meta property=\"og:description\" content=\"CENTRES DE TERMINOLOGIA Llengua espanyola El projecte TERMINESP.ORG VALITER, xarxa de validaci\u00f3 de la terminologia espanyola La Comisi\u00f3n Ling\u00fc\u00edstica para la Terminolog\u00eda Espa\u00f1ola (COLTE) Llengua catalana TERMCAT, Centre de terminologia Llengua gallega TERMIGAL, Seminario de Terminolox\u00eda Galega Llengua basca UZEI, Terminologia eta Lexikografia Zentroa Llengua asturiana Seminariu de Filolox\u00eda Asturiana de la Universidad de Oviedo&hellip;\" \/>\n<meta property=\"og:url\" content=\"https:\/\/aeter.org\/ca\/centres-i-academies\/\" \/>\n<meta property=\"og:site_name\" content=\"ASOCIACI\u00d3N ESPA\u00d1OLA DE TERMINOLOG\u00cdA\" \/>\n<meta property=\"article:modified_time\" content=\"2021-04-21T17:23:50+00:00\" \/>\n<meta name=\"twitter:card\" content=\"summary_large_image\" \/>\n<meta name=\"twitter:label1\" content=\"Temps estimat de lectura\" \/>\n\t<meta name=\"twitter:data1\" content=\"1 minut\" \/>\n<script type=\"application\/ld+json\" class=\"yoast-schema-graph\">{\"@context\":\"https:\/\/schema.org\",\"@graph\":[{\"@type\":\"WebPage\",\"@id\":\"https:\/\/aeter.org\/ca\/centres-i-academies\/\",\"url\":\"https:\/\/aeter.org\/ca\/centres-i-academies\/\",\"name\":\"Centres i acad\u00e8mies - ASOCIACI\u00d3N ESPA\u00d1OLA DE TERMINOLOG\u00cdA\",\"isPartOf\":{\"@id\":\"https:\/\/aeter.org\/#website\"},\"datePublished\":\"2021-04-21T17:23:31+00:00\",\"dateModified\":\"2021-04-21T17:23:50+00:00\",\"breadcrumb\":{\"@id\":\"https:\/\/aeter.org\/ca\/centres-i-academies\/#breadcrumb\"},\"inLanguage\":\"ca\",\"potentialAction\":[{\"@type\":\"ReadAction\",\"target\":[\"https:\/\/aeter.org\/ca\/centres-i-academies\/\"]}]},{\"@type\":\"BreadcrumbList\",\"@id\":\"https:\/\/aeter.org\/ca\/centres-i-academies\/#breadcrumb\",\"itemListElement\":[{\"@type\":\"ListItem\",\"position\":1,\"name\":\"Portada\",\"item\":\"https:\/\/aeter.org\/\"},{\"@type\":\"ListItem\",\"position\":2,\"name\":\"Centres i acad\u00e8mies\"}]},{\"@type\":\"WebSite\",\"@id\":\"https:\/\/aeter.org\/#website\",\"url\":\"https:\/\/aeter.org\/\",\"name\":\"ASOCIACI\u00d3N ESPA\u00d1OLA DE TERMINOLOG\u00cdA\",\"description\":\"AETER\",\"potentialAction\":[{\"@type\":\"SearchAction\",\"target\":{\"@type\":\"EntryPoint\",\"urlTemplate\":\"https:\/\/aeter.org\/?s={search_term_string}\"},\"query-input\":{\"@type\":\"PropertyValueSpecification\",\"valueRequired\":true,\"valueName\":\"search_term_string\"}}],\"inLanguage\":\"ca\"}]}<\/script>\n<!-- \/ Yoast SEO plugin. -->","yoast_head_json":{"title":"Centres i acad\u00e8mies - ASOCIACI\u00d3N ESPA\u00d1OLA DE TERMINOLOG\u00cdA","robots":{"index":"index","follow":"follow","max-snippet":"max-snippet:-1","max-image-preview":"max-image-preview:large","max-video-preview":"max-video-preview:-1"},"canonical":"https:\/\/aeter.org\/ca\/centres-i-academies\/","og_locale":"ca_ES","og_type":"article","og_title":"Centres i acad\u00e8mies - ASOCIACI\u00d3N ESPA\u00d1OLA DE TERMINOLOG\u00cdA","og_description":"CENTRES DE TERMINOLOGIA Llengua espanyola El projecte TERMINESP.ORG VALITER, xarxa de validaci\u00f3 de la terminologia espanyola La Comisi\u00f3n Ling\u00fc\u00edstica para la Terminolog\u00eda Espa\u00f1ola (COLTE) Llengua catalana TERMCAT, Centre de terminologia Llengua gallega TERMIGAL, Seminario de Terminolox\u00eda Galega Llengua basca UZEI, Terminologia eta Lexikografia Zentroa Llengua asturiana Seminariu de Filolox\u00eda Asturiana de la Universidad de Oviedo&hellip;","og_url":"https:\/\/aeter.org\/ca\/centres-i-academies\/","og_site_name":"ASOCIACI\u00d3N ESPA\u00d1OLA DE TERMINOLOG\u00cdA","article_modified_time":"2021-04-21T17:23:50+00:00","twitter_card":"summary_large_image","twitter_misc":{"Temps estimat de lectura":"1 minut"},"schema":{"@context":"https:\/\/schema.org","@graph":[{"@type":"WebPage","@id":"https:\/\/aeter.org\/ca\/centres-i-academies\/","url":"https:\/\/aeter.org\/ca\/centres-i-academies\/","name":"Centres i acad\u00e8mies - ASOCIACI\u00d3N ESPA\u00d1OLA DE TERMINOLOG\u00cdA","isPartOf":{"@id":"https:\/\/aeter.org\/#website"},"datePublished":"2021-04-21T17:23:31+00:00","dateModified":"2021-04-21T17:23:50+00:00","breadcrumb":{"@id":"https:\/\/aeter.org\/ca\/centres-i-academies\/#breadcrumb"},"inLanguage":"ca","potentialAction":[{"@type":"ReadAction","target":["https:\/\/aeter.org\/ca\/centres-i-academies\/"]}]},{"@type":"BreadcrumbList","@id":"https:\/\/aeter.org\/ca\/centres-i-academies\/#breadcrumb","itemListElement":[{"@type":"ListItem","position":1,"name":"Portada","item":"https:\/\/aeter.org\/"},{"@type":"ListItem","position":2,"name":"Centres i acad\u00e8mies"}]},{"@type":"WebSite","@id":"https:\/\/aeter.org\/#website","url":"https:\/\/aeter.org\/","name":"ASOCIACI\u00d3N ESPA\u00d1OLA DE TERMINOLOG\u00cdA","description":"AETER","potentialAction":[{"@type":"SearchAction","target":{"@type":"EntryPoint","urlTemplate":"https:\/\/aeter.org\/?s={search_term_string}"},"query-input":{"@type":"PropertyValueSpecification","valueRequired":true,"valueName":"search_term_string"}}],"inLanguage":"ca"}]}},"_links":{"self":[{"href":"https:\/\/aeter.org\/ca\/wp-json\/wp\/v2\/pages\/4401","targetHints":{"allow":["GET"]}}],"collection":[{"href":"https:\/\/aeter.org\/ca\/wp-json\/wp\/v2\/pages"}],"about":[{"href":"https:\/\/aeter.org\/ca\/wp-json\/wp\/v2\/types\/page"}],"author":[{"embeddable":true,"href":"https:\/\/aeter.org\/ca\/wp-json\/wp\/v2\/users\/5"}],"replies":[{"embeddable":true,"href":"https:\/\/aeter.org\/ca\/wp-json\/wp\/v2\/comments?post=4401"}],"version-history":[{"count":1,"href":"https:\/\/aeter.org\/ca\/wp-json\/wp\/v2\/pages\/4401\/revisions"}],"predecessor-version":[{"id":4402,"href":"https:\/\/aeter.org\/ca\/wp-json\/wp\/v2\/pages\/4401\/revisions\/4402"}],"wp:attachment":[{"href":"https:\/\/aeter.org\/ca\/wp-json\/wp\/v2\/media?parent=4401"}],"curies":[{"name":"wp","href":"https:\/\/api.w.org\/{rel}","templated":true}]}}