{"id":4403,"date":"2021-04-21T17:25:39","date_gmt":"2021-04-21T17:25:39","guid":{"rendered":"https:\/\/aeter.org\/grups-dinvestigacio\/"},"modified":"2021-04-21T17:26:03","modified_gmt":"2021-04-21T17:26:03","slug":"grups-dinvestigacio","status":"publish","type":"page","link":"https:\/\/aeter.org\/ca\/grups-dinvestigacio\/","title":{"rendered":"Grups d\u2019investigaci\u00f3"},"content":{"rendered":"<p><strong><span style=\"color: #800080;\">IULATERM<\/span><\/strong><br \/>\nInstitut Universitari de Ling\u00fc\u00edstica Aplicada<br \/>\nUniversitat Pompeu Fabra<br \/>\nIP: Merc\u00e8 Lorente (desde 2014); M. Teresa Cabr\u00e9 (de 1994 a 2014)<br \/>\n<a href=\"http:\/\/www.iula.upf.edu\/iulaterm\/tpreses.htm\" target=\"_blank\" rel=\"noopener\">http:\/\/www.iula.upf.edu\/iulaterm\/tpreses.htm<\/a><\/p>\n<p><strong><span style=\"color: #800080;\">LEXICON<\/span><\/strong><span style=\"color: #800080;\"><strong><br \/>\n<\/strong><\/span>Departamento de Traducci\u00f3n e Interpretaci\u00f3n<br \/>\nUniversidad de Granada<br \/>\nIP: Pamela Faber<br \/>\n<a href=\"http:\/\/lexicon.ugr.es\" target=\"_blank\" rel=\"noopener\">http:\/\/lexicon.ugr.es<\/a><\/p>\n<p><strong><span style=\"color: #800080;\">TECNOLETTRA<br \/>\n<\/span><\/strong><span style=\"color: #800080;\"><span style=\"color: #333333;\">Departament de Traducci\u00f3 i Comunicaci\u00f3<br \/>\nUniversitat Jaume I<br \/>\nIP: Amparo Alcina<br \/>\n<\/span><\/span><a href=\"http:\/\/tecnolettra.uji.es\/es\/\" target=\"_blank\" rel=\"noopener\">http:\/\/tecnolettra.uji.es\/es\/<\/a><\/p>\n<p>&nbsp;<\/p>\n<p>&nbsp;<\/p>\n","protected":false},"excerpt":{"rendered":"<p>IULATERM Institut Universitari de Ling\u00fc\u00edstica Aplicada Universitat Pompeu Fabra IP: Merc\u00e8 Lorente (desde 2014); M. Teresa Cabr\u00e9 (de 1994 a 2014) http:\/\/www.iula.upf.edu\/iulaterm\/tpreses.htm LEXICON Departamento de Traducci\u00f3n e Interpretaci\u00f3n Universidad de Granada IP: Pamela Faber http:\/\/lexicon.ugr.es TECNOLETTRA Departament de Traducci\u00f3 i Comunicaci\u00f3 Universitat Jaume I IP: Amparo Alcina http:\/\/tecnolettra.uji.es\/es\/ &nbsp; &nbsp;<\/p>\n","protected":false},"author":5,"featured_media":0,"parent":0,"menu_order":0,"comment_status":"closed","ping_status":"closed","template":"","meta":{"footnotes":""},"class_list":["post-4403","page","type-page","status-publish","hentry"],"yoast_head":"<!-- This site is optimized with the Yoast SEO plugin v24.4 - https:\/\/yoast.com\/wordpress\/plugins\/seo\/ -->\n<title>Grups d\u2019investigaci\u00f3 - ASOCIACI\u00d3N ESPA\u00d1OLA DE TERMINOLOG\u00cdA<\/title>\n<meta name=\"robots\" content=\"index, follow, max-snippet:-1, max-image-preview:large, max-video-preview:-1\" \/>\n<link rel=\"canonical\" href=\"https:\/\/aeter.org\/ca\/grups-dinvestigacio\/\" \/>\n<meta property=\"og:locale\" content=\"ca_ES\" \/>\n<meta property=\"og:type\" content=\"article\" \/>\n<meta property=\"og:title\" content=\"Grups d\u2019investigaci\u00f3 - ASOCIACI\u00d3N ESPA\u00d1OLA DE TERMINOLOG\u00cdA\" \/>\n<meta property=\"og:description\" content=\"IULATERM Institut Universitari de Ling\u00fc\u00edstica Aplicada Universitat Pompeu Fabra IP: Merc\u00e8 Lorente (desde 2014); M. Teresa Cabr\u00e9 (de 1994 a 2014) http:\/\/www.iula.upf.edu\/iulaterm\/tpreses.htm LEXICON Departamento de Traducci\u00f3n e Interpretaci\u00f3n Universidad de Granada IP: Pamela Faber http:\/\/lexicon.ugr.es TECNOLETTRA Departament de Traducci\u00f3 i Comunicaci\u00f3 Universitat Jaume I IP: Amparo Alcina http:\/\/tecnolettra.uji.es\/es\/ &nbsp; &nbsp;\" \/>\n<meta property=\"og:url\" content=\"https:\/\/aeter.org\/ca\/grups-dinvestigacio\/\" \/>\n<meta property=\"og:site_name\" content=\"ASOCIACI\u00d3N ESPA\u00d1OLA DE TERMINOLOG\u00cdA\" \/>\n<meta property=\"article:modified_time\" content=\"2021-04-21T17:26:03+00:00\" \/>\n<meta name=\"twitter:card\" content=\"summary_large_image\" \/>\n<script type=\"application\/ld+json\" class=\"yoast-schema-graph\">{\"@context\":\"https:\/\/schema.org\",\"@graph\":[{\"@type\":\"WebPage\",\"@id\":\"https:\/\/aeter.org\/ca\/grups-dinvestigacio\/\",\"url\":\"https:\/\/aeter.org\/ca\/grups-dinvestigacio\/\",\"name\":\"Grups d\u2019investigaci\u00f3 - ASOCIACI\u00d3N ESPA\u00d1OLA DE TERMINOLOG\u00cdA\",\"isPartOf\":{\"@id\":\"https:\/\/aeter.org\/#website\"},\"datePublished\":\"2021-04-21T17:25:39+00:00\",\"dateModified\":\"2021-04-21T17:26:03+00:00\",\"breadcrumb\":{\"@id\":\"https:\/\/aeter.org\/ca\/grups-dinvestigacio\/#breadcrumb\"},\"inLanguage\":\"ca\",\"potentialAction\":[{\"@type\":\"ReadAction\",\"target\":[\"https:\/\/aeter.org\/ca\/grups-dinvestigacio\/\"]}]},{\"@type\":\"BreadcrumbList\",\"@id\":\"https:\/\/aeter.org\/ca\/grups-dinvestigacio\/#breadcrumb\",\"itemListElement\":[{\"@type\":\"ListItem\",\"position\":1,\"name\":\"Portada\",\"item\":\"https:\/\/aeter.org\/\"},{\"@type\":\"ListItem\",\"position\":2,\"name\":\"Grups d\u2019investigaci\u00f3\"}]},{\"@type\":\"WebSite\",\"@id\":\"https:\/\/aeter.org\/#website\",\"url\":\"https:\/\/aeter.org\/\",\"name\":\"ASOCIACI\u00d3N ESPA\u00d1OLA DE TERMINOLOG\u00cdA\",\"description\":\"AETER\",\"potentialAction\":[{\"@type\":\"SearchAction\",\"target\":{\"@type\":\"EntryPoint\",\"urlTemplate\":\"https:\/\/aeter.org\/?s={search_term_string}\"},\"query-input\":{\"@type\":\"PropertyValueSpecification\",\"valueRequired\":true,\"valueName\":\"search_term_string\"}}],\"inLanguage\":\"ca\"}]}<\/script>\n<!-- \/ Yoast SEO plugin. -->","yoast_head_json":{"title":"Grups d\u2019investigaci\u00f3 - ASOCIACI\u00d3N ESPA\u00d1OLA DE TERMINOLOG\u00cdA","robots":{"index":"index","follow":"follow","max-snippet":"max-snippet:-1","max-image-preview":"max-image-preview:large","max-video-preview":"max-video-preview:-1"},"canonical":"https:\/\/aeter.org\/ca\/grups-dinvestigacio\/","og_locale":"ca_ES","og_type":"article","og_title":"Grups d\u2019investigaci\u00f3 - ASOCIACI\u00d3N ESPA\u00d1OLA DE TERMINOLOG\u00cdA","og_description":"IULATERM Institut Universitari de Ling\u00fc\u00edstica Aplicada Universitat Pompeu Fabra IP: Merc\u00e8 Lorente (desde 2014); M. Teresa Cabr\u00e9 (de 1994 a 2014) http:\/\/www.iula.upf.edu\/iulaterm\/tpreses.htm LEXICON Departamento de Traducci\u00f3n e Interpretaci\u00f3n Universidad de Granada IP: Pamela Faber http:\/\/lexicon.ugr.es TECNOLETTRA Departament de Traducci\u00f3 i Comunicaci\u00f3 Universitat Jaume I IP: Amparo Alcina http:\/\/tecnolettra.uji.es\/es\/ &nbsp; &nbsp;","og_url":"https:\/\/aeter.org\/ca\/grups-dinvestigacio\/","og_site_name":"ASOCIACI\u00d3N ESPA\u00d1OLA DE TERMINOLOG\u00cdA","article_modified_time":"2021-04-21T17:26:03+00:00","twitter_card":"summary_large_image","schema":{"@context":"https:\/\/schema.org","@graph":[{"@type":"WebPage","@id":"https:\/\/aeter.org\/ca\/grups-dinvestigacio\/","url":"https:\/\/aeter.org\/ca\/grups-dinvestigacio\/","name":"Grups d\u2019investigaci\u00f3 - ASOCIACI\u00d3N ESPA\u00d1OLA DE TERMINOLOG\u00cdA","isPartOf":{"@id":"https:\/\/aeter.org\/#website"},"datePublished":"2021-04-21T17:25:39+00:00","dateModified":"2021-04-21T17:26:03+00:00","breadcrumb":{"@id":"https:\/\/aeter.org\/ca\/grups-dinvestigacio\/#breadcrumb"},"inLanguage":"ca","potentialAction":[{"@type":"ReadAction","target":["https:\/\/aeter.org\/ca\/grups-dinvestigacio\/"]}]},{"@type":"BreadcrumbList","@id":"https:\/\/aeter.org\/ca\/grups-dinvestigacio\/#breadcrumb","itemListElement":[{"@type":"ListItem","position":1,"name":"Portada","item":"https:\/\/aeter.org\/"},{"@type":"ListItem","position":2,"name":"Grups d\u2019investigaci\u00f3"}]},{"@type":"WebSite","@id":"https:\/\/aeter.org\/#website","url":"https:\/\/aeter.org\/","name":"ASOCIACI\u00d3N ESPA\u00d1OLA DE TERMINOLOG\u00cdA","description":"AETER","potentialAction":[{"@type":"SearchAction","target":{"@type":"EntryPoint","urlTemplate":"https:\/\/aeter.org\/?s={search_term_string}"},"query-input":{"@type":"PropertyValueSpecification","valueRequired":true,"valueName":"search_term_string"}}],"inLanguage":"ca"}]}},"_links":{"self":[{"href":"https:\/\/aeter.org\/ca\/wp-json\/wp\/v2\/pages\/4403","targetHints":{"allow":["GET"]}}],"collection":[{"href":"https:\/\/aeter.org\/ca\/wp-json\/wp\/v2\/pages"}],"about":[{"href":"https:\/\/aeter.org\/ca\/wp-json\/wp\/v2\/types\/page"}],"author":[{"embeddable":true,"href":"https:\/\/aeter.org\/ca\/wp-json\/wp\/v2\/users\/5"}],"replies":[{"embeddable":true,"href":"https:\/\/aeter.org\/ca\/wp-json\/wp\/v2\/comments?post=4403"}],"version-history":[{"count":1,"href":"https:\/\/aeter.org\/ca\/wp-json\/wp\/v2\/pages\/4403\/revisions"}],"predecessor-version":[{"id":4404,"href":"https:\/\/aeter.org\/ca\/wp-json\/wp\/v2\/pages\/4403\/revisions\/4404"}],"wp:attachment":[{"href":"https:\/\/aeter.org\/ca\/wp-json\/wp\/v2\/media?parent=4403"}],"curies":[{"name":"wp","href":"https:\/\/api.w.org\/{rel}","templated":true}]}}