{"id":5537,"date":"2021-04-29T12:47:41","date_gmt":"2021-04-29T12:47:41","guid":{"rendered":"https:\/\/aeter.org\/?page_id=5537"},"modified":"2021-04-30T14:22:10","modified_gmt":"2021-04-30T14:22:10","slug":"avis-legal","status":"publish","type":"page","link":"https:\/\/aeter.org\/ca\/avis-legal\/","title":{"rendered":"Av\u00eds legal"},"content":{"rendered":"<h2><em>Identificaci\u00f3 i titularitat<\/em><\/h2>\n<p>A continuaci\u00f3 s\u2019exposen les dades identificatives del titular.<\/p>\n<ul>\n<li><b>Titular:<\/b> AETER.<\/li>\n<li><b>NIF:<\/b> G819822333<\/li>\n<li><b>Domicili:<\/b> Universitat d\u2019Alacant apt. 99 03690 Sant Vicent del Raspeig, Alacant &#8211; Espanya.<\/li>\n<li><b>Correu electr\u00f2nic:<\/b> info@aeter.org<\/li>\n<li><b>Lloc web:<\/b> http:\/\/www.aeter.org<\/li>\n<\/ul>\n<h2>Finalitat<\/h2>\n<p>La finalitat del lloc web <a href=\"https:\/\/aeter.org\">http:\/\/www.aeter.org<\/a> \u00e9s Organitzaci\u00f3 Traductors, idiomes.<\/p>\n<h2>Condicions d\u2019\u00fas<\/h2>\n<p>La utilitzaci\u00f3 del lloc web t\u2019atorga la condici\u00f3 d&#8217;usuari i implica l&#8217;acceptaci\u00f3 completa de totes les cl\u00e0usules i condicions d&#8217;\u00fas incloses en les p\u00e0gines:<\/p>\n<ul>\n<li><a>Av\u00eds Legal<\/a><\/li>\n<\/ul>\n<p>Si no est\u00e0s d&#8217;acord amb totes i cadascuna d&#8217;aquestes cl\u00e0usules i condicions t\u2019abstindr\u00e0s d&#8217;utilitzar aquest lloc web.<\/p>\n<p>L&#8217;acc\u00e9s a aquest lloc web no suposa, de cap manera, l&#8217;inici d&#8217;una relaci\u00f3 comercial amb AETER.<\/p>\n<p>A trav\u00e9s d&#8217;aquest lloc web, el titular et facilita l&#8217;acc\u00e9s i la utilitzaci\u00f3 de diversos continguts que el titular o els seus col\u00b7laboradors han publicat a trav\u00e9s d&#8217;Internet.<\/p>\n<p>Amb aquesta finalitat, t&#8217;obligues i et compromets a NO utilitzar qualsevol dels continguts del lloc web amb finalitats o efectes il\u00b7l\u00edcits, prohibits en aquest Av\u00eds Legal o per la legislaci\u00f3 vigent, lesius dels drets i interessos de tercers, o que de qualsevol manera puguin danyar, inutilitzar, sobrecarregar, deteriorar o impedir la normal utilitzaci\u00f3 dels continguts, dels equips inform\u00e0tics o dels documents, arxius i tota classe de continguts emmagatzemats en qualsevol equip inform\u00e0tic, propis o contractats per AETER, d&#8217;altres usuaris o de qualsevol usuari d&#8217;Internet.<\/p>\n<p>El titular es reserva el dret de retirar tots aquells comentaris que vulnerin la legislaci\u00f3 vigent, lesius dels drets o interessos de tercers, o que, a parer seu, no resultin adequats per a la seva publicaci\u00f3.<\/p>\n<p>AETER no ser\u00e0 responsable de les opinions abocades pels usuaris a trav\u00e9s de sistema de comentaris, xarxes socials o altres eines de participaci\u00f3, d&#8217;acord amb el que preveu la normativa d&#8217;aplicaci\u00f3.<\/p>\n<h2>Mesures de seguretat<\/h2>\n<p>Les dades personals que facilitis al titular poden ser emmagatzemats en bases de dades automatitzades o no, la titularitat de les quals correspon exclusivament a AETER, que assumeix totes les mesures d&#8217;\u00edndole t\u00e8cnica, organitzativa i de seguretat que garanteixen la confidencialitat, integritat i qualitat de la informaci\u00f3 continguda en aquestes, d&#8217;acord amb el que estableix la normativa vigent en protecci\u00f3 de dades.<\/p>\n<p>No obstant aix\u00f2, has de ser conscient que les mesures de seguretat dels sistemes inform\u00e0tics a Internet no s\u00f3n enterament fiables i que, per tant, el titular no pot garantir la inexist\u00e8ncia de virus o altres elements que puguin produir alteracions en els sistemes inform\u00e0tics (programari i maquinari) de l&#8217;usuari o en els seus documents electr\u00f2nics i els fitxers que continguin, tot i que el titular posa tots els mitjans necessaris i pren les mesures de seguretat oportunes per evitar la pres\u00e8ncia d&#8217;aquests elements nocius.<\/p>\n<h2>Continguts<\/h2>\n<p>El titular ha obtingut la informaci\u00f3, el contingut multim\u00e8dia i els materials inclosos en el lloc web de fonts que considera fiables, per\u00f2, si b\u00e9 ha pres totes les mesures raonables per assegurar que la informaci\u00f3 continguda \u00e9s correcta, el titular no garanteix que sigui exacta, completa o actualitzada. AETER declina expressament qualsevol responsabilitat per error o omissi\u00f3 en la informaci\u00f3 continguda en les p\u00e0gines d&#8217;aquest lloc web.<\/p>\n<p>Queda prohibit transmetre o enviar a trav\u00e9s del lloc web qualsevol contingut il\u00b7legal o il\u00b7l\u00edcit, virus inform\u00e0tics o missatges que, en general, afectin o violin drets del titular o de tercers.<\/p>\n<p>Els continguts d&#8217;<a href=\"https:\/\/aeter.org\">http:\/\/www.aeter.org<\/a> tenen \u00fanicament una finalitat informativa i sota cap circumst\u00e0ncia s\u2019han d\u2019utilitzar ni considerar com a oferta de venda, sol\u00b7licitud d&#8217;una oferta de compra, ni recomanaci\u00f3 per fer qualsevol altra operaci\u00f3, tret que s&#8217;indiqui aix\u00ed expressament.<\/p>\n<p>AETER es reserva el dret a modificar, suspendre, cancel\u00b7lar o restringir el contingut de <a href=\"https:\/\/aeter.org\">http:\/\/www.aeter.org<\/a>, els vincles o la informaci\u00f3 obtinguda a trav\u00e9s del lloc web, sense necessitat de previ av\u00eds.<\/p>\n<p>AETER no \u00e9s responsable dels danys i perjudicis que es puguin derivar de la utilitzaci\u00f3 de la informaci\u00f3 del lloc web o de la que continguin les xarxes socials del titular.<\/p>\n<h2>Pol\u00edtica de galetes<\/h2>\n<p>El titular nom\u00e9s obt\u00e9 i conserva la seg\u00fcent informaci\u00f3 sobre els visitants del lloc web: <\/p>\n<ul>\n<li>El nom del domini del prove\u00efdor (PSI) o adre\u00e7a IP que els dona acc\u00e9s a la xarxa.<\/li>\n<li>La data i hora de l\u2019acc\u00e9s al lloc web.<\/li>\n<li>L\u2019adre\u00e7a d\u2019Internet origen de l\u2019enlla\u00e7 que dirigeix al lloc web.<\/li>\n<li>El nombre de visitants diaris a cada secci\u00f3.<\/li>\n<li>La informaci\u00f3 obtinguda \u00e9s totalment an\u00f2nima i, en cap cas, pot ser associada a un usuari concret o identificat.<\/li>\n<\/ul>\n<h2>Vincles a altres llocs web<\/h2>\n<p>El titular pot proporcionar acc\u00e9s a llocs web de tercers mitjan\u00e7ant enlla\u00e7os amb la finalitat exclusiva d\u2019informar sobre l&#8217;exist\u00e8ncia d&#8217;altres fonts d&#8217;informaci\u00f3 a Internet amb qu\u00e8 es poden ampliar les dades que s\u2019ofereixen en el lloc web.<\/p>\n<p>Aquests enlla\u00e7os a altres llocs web no suposen en cap cas un suggeriment o recomanaci\u00f3 perqu\u00e8 visitis les p\u00e0gines web de destinaci\u00f3, que estan fora de control de la persona titular, per la qual cosa AETER no \u00e9s responsable del contingut dels llocs web vinculats ni del resultat que obtinguis quan segueixis els enlla\u00e7os.<\/p>\n<p>Aix\u00ed mateix, AETER no respon sobre els enlla\u00e7os ubicats en els llocs web vinculats als quals et proporciona acc\u00e9s.<\/p>\n<p>L&#8217;establiment de l&#8217;enlla\u00e7 no implica en cap cas l&#8217;exist\u00e8ncia de relacions entre AETER i el propietari del lloc en qu\u00e8 s&#8217;estableix l&#8217;enlla\u00e7, ni l&#8217;acceptaci\u00f3 o aprovaci\u00f3 per part del titular dels seus continguts o serveis.<\/p>\n<p>Si accedeixes a un lloc web extern des d&#8217;un enlla\u00e7 que trobis a http:\/\/www.aeter.org, haur\u00e0s de llegir la pol\u00edtica de privacitat de l&#8217;altre lloc web, que pot ser diferent de la d&#8217;aquest lloc web.<\/p>\n<h2>Propietat intel\u00b7lectual i industrial<\/h2>\n<p>Tots els drets estan reservats.<\/p>\n<p>Tot acc\u00e9s a aquest lloc web est\u00e0 subjecte a les seg\u00fcents condicions: la reproducci\u00f3, l\u2019emmagatzematge i la difusi\u00f3 dels continguts o qualsevol altre \u00fas que tingui finalitat p\u00fablica o comercial queda expressament prohibida sense el consentiment previ expr\u00e9s i per escrit d\u2019AETER.<\/p>\n<h2>Limitaci\u00f3 de responsabilitat<\/h2>\n<p>AETER declina qualsevol responsabilitat en cas que existeixin interrupcions o un mal funcionament dels Serveis o continguts que s\u2019ofereixen a Internet, sigui quina sigui la causa. Aix\u00ed mateix, el titular no es fa responsable de caigudes de la xarxa, p\u00e8rdues de negoci a conseq\u00fc\u00e8ncia d\u2019aquestes caigudes, suspensions temporals de flux electr\u00f2nic o qualsevol altre tipus de dany indirecte que pugui ser causat per causes alienes al titular.<\/p>\n<p>Abans de prendre decisions o accions amb base a la informaci\u00f3 inclosa al lloc web, el titular recomana comprovar i contrastar la informaci\u00f3 rebuda amb altres fonts.<\/p>\n<h2>Contacte<\/h2>\n<p>En cas que tinguis qualsevol dubte sobre aquestes condicions legals o vulguis fer qualsevol comentari sobre aquest lloc web, pots enviar un missatge de correu electr\u00f2nic a l\u2019adre\u00e7a info@aeter.org.<\/p>\n","protected":false},"excerpt":{"rendered":"<p>Identificaci\u00f3 i titularitat A continuaci\u00f3 s\u2019exposen les dades identificatives del titular. Titular: AETER. NIF: G819822333 Domicili: Universitat d\u2019Alacant apt. 99 03690 Sant Vicent del Raspeig, Alacant &#8211; Espanya. Correu electr\u00f2nic: info@aeter.org Lloc web: http:\/\/www.aeter.org Finalitat La finalitat del lloc web http:\/\/www.aeter.org \u00e9s Organitzaci\u00f3 Traductors, idiomes. Condicions d\u2019\u00fas La utilitzaci\u00f3 del lloc web t\u2019atorga la condici\u00f3&hellip;<\/p>\n","protected":false},"author":5,"featured_media":0,"parent":0,"menu_order":0,"comment_status":"closed","ping_status":"closed","template":"","meta":{"footnotes":""},"class_list":["post-5537","page","type-page","status-publish","hentry"],"yoast_head":"<!-- This site is optimized with the Yoast SEO plugin v24.4 - https:\/\/yoast.com\/wordpress\/plugins\/seo\/ -->\n<title>Av\u00eds legal - ASOCIACI\u00d3N ESPA\u00d1OLA DE TERMINOLOG\u00cdA<\/title>\n<meta name=\"robots\" content=\"index, follow, max-snippet:-1, max-image-preview:large, max-video-preview:-1\" \/>\n<link rel=\"canonical\" href=\"https:\/\/aeter.org\/ca\/avis-legal\/\" \/>\n<meta property=\"og:locale\" content=\"ca_ES\" \/>\n<meta property=\"og:type\" content=\"article\" \/>\n<meta property=\"og:title\" content=\"Av\u00eds legal - ASOCIACI\u00d3N ESPA\u00d1OLA DE TERMINOLOG\u00cdA\" \/>\n<meta property=\"og:description\" content=\"Identificaci\u00f3 i titularitat A continuaci\u00f3 s\u2019exposen les dades identificatives del titular. Titular: AETER. NIF: G819822333 Domicili: Universitat d\u2019Alacant apt. 99 03690 Sant Vicent del Raspeig, Alacant &#8211; Espanya. Correu electr\u00f2nic: info@aeter.org Lloc web: http:\/\/www.aeter.org Finalitat La finalitat del lloc web http:\/\/www.aeter.org \u00e9s Organitzaci\u00f3 Traductors, idiomes. Condicions d\u2019\u00fas La utilitzaci\u00f3 del lloc web t\u2019atorga la condici\u00f3&hellip;\" \/>\n<meta property=\"og:url\" content=\"https:\/\/aeter.org\/ca\/avis-legal\/\" \/>\n<meta property=\"og:site_name\" content=\"ASOCIACI\u00d3N ESPA\u00d1OLA DE TERMINOLOG\u00cdA\" \/>\n<meta property=\"article:modified_time\" content=\"2021-04-30T14:22:10+00:00\" \/>\n<meta name=\"twitter:card\" content=\"summary_large_image\" \/>\n<meta name=\"twitter:label1\" content=\"Temps estimat de lectura\" \/>\n\t<meta name=\"twitter:data1\" content=\"6 minuts\" \/>\n<script type=\"application\/ld+json\" class=\"yoast-schema-graph\">{\"@context\":\"https:\/\/schema.org\",\"@graph\":[{\"@type\":\"WebPage\",\"@id\":\"https:\/\/aeter.org\/ca\/avis-legal\/\",\"url\":\"https:\/\/aeter.org\/ca\/avis-legal\/\",\"name\":\"Av\u00eds legal - ASOCIACI\u00d3N ESPA\u00d1OLA DE TERMINOLOG\u00cdA\",\"isPartOf\":{\"@id\":\"https:\/\/aeter.org\/#website\"},\"datePublished\":\"2021-04-29T12:47:41+00:00\",\"dateModified\":\"2021-04-30T14:22:10+00:00\",\"breadcrumb\":{\"@id\":\"https:\/\/aeter.org\/ca\/avis-legal\/#breadcrumb\"},\"inLanguage\":\"ca\",\"potentialAction\":[{\"@type\":\"ReadAction\",\"target\":[\"https:\/\/aeter.org\/ca\/avis-legal\/\"]}]},{\"@type\":\"BreadcrumbList\",\"@id\":\"https:\/\/aeter.org\/ca\/avis-legal\/#breadcrumb\",\"itemListElement\":[{\"@type\":\"ListItem\",\"position\":1,\"name\":\"Portada\",\"item\":\"https:\/\/aeter.org\/\"},{\"@type\":\"ListItem\",\"position\":2,\"name\":\"Av\u00eds legal\"}]},{\"@type\":\"WebSite\",\"@id\":\"https:\/\/aeter.org\/#website\",\"url\":\"https:\/\/aeter.org\/\",\"name\":\"ASOCIACI\u00d3N ESPA\u00d1OLA DE TERMINOLOG\u00cdA\",\"description\":\"AETER\",\"potentialAction\":[{\"@type\":\"SearchAction\",\"target\":{\"@type\":\"EntryPoint\",\"urlTemplate\":\"https:\/\/aeter.org\/?s={search_term_string}\"},\"query-input\":{\"@type\":\"PropertyValueSpecification\",\"valueRequired\":true,\"valueName\":\"search_term_string\"}}],\"inLanguage\":\"ca\"}]}<\/script>\n<!-- \/ Yoast SEO plugin. -->","yoast_head_json":{"title":"Av\u00eds legal - ASOCIACI\u00d3N ESPA\u00d1OLA DE TERMINOLOG\u00cdA","robots":{"index":"index","follow":"follow","max-snippet":"max-snippet:-1","max-image-preview":"max-image-preview:large","max-video-preview":"max-video-preview:-1"},"canonical":"https:\/\/aeter.org\/ca\/avis-legal\/","og_locale":"ca_ES","og_type":"article","og_title":"Av\u00eds legal - ASOCIACI\u00d3N ESPA\u00d1OLA DE TERMINOLOG\u00cdA","og_description":"Identificaci\u00f3 i titularitat A continuaci\u00f3 s\u2019exposen les dades identificatives del titular. Titular: AETER. NIF: G819822333 Domicili: Universitat d\u2019Alacant apt. 99 03690 Sant Vicent del Raspeig, Alacant &#8211; Espanya. Correu electr\u00f2nic: info@aeter.org Lloc web: http:\/\/www.aeter.org Finalitat La finalitat del lloc web http:\/\/www.aeter.org \u00e9s Organitzaci\u00f3 Traductors, idiomes. Condicions d\u2019\u00fas La utilitzaci\u00f3 del lloc web t\u2019atorga la condici\u00f3&hellip;","og_url":"https:\/\/aeter.org\/ca\/avis-legal\/","og_site_name":"ASOCIACI\u00d3N ESPA\u00d1OLA DE TERMINOLOG\u00cdA","article_modified_time":"2021-04-30T14:22:10+00:00","twitter_card":"summary_large_image","twitter_misc":{"Temps estimat de lectura":"6 minuts"},"schema":{"@context":"https:\/\/schema.org","@graph":[{"@type":"WebPage","@id":"https:\/\/aeter.org\/ca\/avis-legal\/","url":"https:\/\/aeter.org\/ca\/avis-legal\/","name":"Av\u00eds legal - ASOCIACI\u00d3N ESPA\u00d1OLA DE TERMINOLOG\u00cdA","isPartOf":{"@id":"https:\/\/aeter.org\/#website"},"datePublished":"2021-04-29T12:47:41+00:00","dateModified":"2021-04-30T14:22:10+00:00","breadcrumb":{"@id":"https:\/\/aeter.org\/ca\/avis-legal\/#breadcrumb"},"inLanguage":"ca","potentialAction":[{"@type":"ReadAction","target":["https:\/\/aeter.org\/ca\/avis-legal\/"]}]},{"@type":"BreadcrumbList","@id":"https:\/\/aeter.org\/ca\/avis-legal\/#breadcrumb","itemListElement":[{"@type":"ListItem","position":1,"name":"Portada","item":"https:\/\/aeter.org\/"},{"@type":"ListItem","position":2,"name":"Av\u00eds legal"}]},{"@type":"WebSite","@id":"https:\/\/aeter.org\/#website","url":"https:\/\/aeter.org\/","name":"ASOCIACI\u00d3N ESPA\u00d1OLA DE TERMINOLOG\u00cdA","description":"AETER","potentialAction":[{"@type":"SearchAction","target":{"@type":"EntryPoint","urlTemplate":"https:\/\/aeter.org\/?s={search_term_string}"},"query-input":{"@type":"PropertyValueSpecification","valueRequired":true,"valueName":"search_term_string"}}],"inLanguage":"ca"}]}},"_links":{"self":[{"href":"https:\/\/aeter.org\/ca\/wp-json\/wp\/v2\/pages\/5537","targetHints":{"allow":["GET"]}}],"collection":[{"href":"https:\/\/aeter.org\/ca\/wp-json\/wp\/v2\/pages"}],"about":[{"href":"https:\/\/aeter.org\/ca\/wp-json\/wp\/v2\/types\/page"}],"author":[{"embeddable":true,"href":"https:\/\/aeter.org\/ca\/wp-json\/wp\/v2\/users\/5"}],"replies":[{"embeddable":true,"href":"https:\/\/aeter.org\/ca\/wp-json\/wp\/v2\/comments?post=5537"}],"version-history":[{"count":4,"href":"https:\/\/aeter.org\/ca\/wp-json\/wp\/v2\/pages\/5537\/revisions"}],"predecessor-version":[{"id":5617,"href":"https:\/\/aeter.org\/ca\/wp-json\/wp\/v2\/pages\/5537\/revisions\/5617"}],"wp:attachment":[{"href":"https:\/\/aeter.org\/ca\/wp-json\/wp\/v2\/media?parent=5537"}],"curies":[{"name":"wp","href":"https:\/\/api.w.org\/{rel}","templated":true}]}}