{"id":5555,"date":"2021-04-29T15:38:10","date_gmt":"2021-04-29T15:38:10","guid":{"rendered":"https:\/\/aeter.org\/?page_id=5555"},"modified":"2021-06-14T10:40:14","modified_gmt":"2021-06-14T10:40:14","slug":"politica-de-galetes","status":"publish","type":"page","link":"https:\/\/aeter.org\/ca\/politica-de-galetes\/","title":{"rendered":"Pol\u00edtica de galetes"},"content":{"rendered":"<p><em><br \/>\nEn compliment amb l\u2019article 22 de la Llei 34\/2002, d&#8217;11 de juliol, de serveis de la societat de la informaci\u00f3 i de comer\u00e7 electr\u00f2nic (LSSI), en relaci\u00f3 amb el Reglament (UE) 2016\/679 del Parlament Europeu i del Consell, de 27 d\u2019abril de 2016, General de Protecci\u00f3 de Dades (RGPD) i la Llei org\u00e0nica 3\/2018, de 5 de desembre, de protecci\u00f3 de dades personals i garantia dels drets digitals (LOPDGDD), AETER posa a disposici\u00f3 dels usuaris la Pol\u00edtica de recollida i tractament de galetes del lloc web.<br \/>\n<\/em><\/p>\n<p>&nbsp;<\/p>\n<h2>Qu\u00e8 s\u00f3n les galetes<\/h2>\n<p>Una galeta \u00e9s un fitxer que es descarrega al teu ordinador quan entres a determinades p\u00e0gines web. Les galetes permeten que una p\u00e0gina web, entre altres coses, emmagatzemi i recuperi informaci\u00f3 sobre els teus h\u00e0bits de navegaci\u00f3 i \u2014depenent de la informaci\u00f3 que continguin i de la forma en qu\u00e8 utilitzis el teu equip\u2014 es poden utilitzar per identificar-te.<\/p>\n<h2>Galetes utilitzades al lloc web<\/h2>\n<p>A continuaci\u00f3 es classifiquen les galetes utilitzades pel lloc web http:\/\/www.aeter.org:<\/p>\n<p><b>Segons l\u2019entitat que les gestiona<\/b><\/p>\n<ul>\n<li><b>Galetes pr\u00f2pies:<\/b> S\u00f3n les que envia i gestiona directament AETER.<\/li>\n<li><b>Galetes de tercers:<\/b> S\u00f3n les que s\u2019envien a l\u2019usuari des d\u2019un domini ali\u00e8 a AETER.<\/li>\n<\/ul>\n<p><b>Segons la finalitat<\/b><\/p>\n<ul>\n<li><b>Galetes t\u00e8cniques:<\/b> S\u00f3n les que permeten als usuaris registrats navegar a trav\u00e9s del lloc web, de l&#8217;\u00e0rea restringida i utilitzar les diferents funcions, com per exemple, el sistema de comentaris o el cercador.<\/li>\n<li><b>Galets de personalitzaci\u00f3:<\/b> S\u00f3n les que permeten als usuaris accedir al Servei amb algunes caracter\u00edstiques de car\u00e0cter general predefinides en funci\u00f3 d\u2019una s\u00e8rie de criteris establerts per l\u2019usuari com, per exemple, l\u2019idioma o el tipus de navegador a trav\u00e9s del qual es connecta a aquest lloc web.<\/li>\n<li><b>Galetes d\u2019an\u00e0lisi o mesurament:<\/b> S\u00f3n les que, ben tractades pel lloc web o per tercers, permeten quantificar el nombre d\u2019usuaris i aix\u00ed realitzar el mesurament i an\u00e0lisi estad\u00edstica de l\u2019\u00fas que fan els usuaris del lloc web. Per fer-ho s\u2019analitza la navegaci\u00f3 que realitzes en aquest lloc web amb la finalitat de millorar-ho.<\/li>\n<li><b>Galetes socials:<\/b> Les estableixen les plataformes de xarxes socials per permetre als usuaris compartir contingut amb les seves amistats i xarxes.<\/li>\n<\/ul>\n<p><b>Segons la seva durada<\/b><\/p>\n<ul>\n<li><b>Galetes de sessi\u00f3:<\/b> S\u00f3n les dissenyades per aconseguir i emmagatzemar dades mentre l\u2019usuari accedeix al lloc web.<\/li>\n<li><b>Galetes persistents:<\/b> S\u00f3n aquelles en qu\u00e8 les dades segueixen emmagatzemades a la terminal de l\u2019usuari i a les quals es pot accedir i tractar durant un per\u00edode definit pel responsable de la galeta.<\/li>\n<\/ul>\n<h2>Llistat de galetes utilitzades<\/h2>\n<p>Aquest lloc web pot instal\u00b7lar les seg\u00fcents galetes:<\/p>\n<p><b>Galetes t\u00e8cniques<\/b><\/p>\n<ul>\n<li><b>wp-settings-{user_id}:<\/b> Galeta t\u00e8cnica que s\u2019utilitza per mantenir la configuraci\u00f3 de l\u2019usuari en wp-admin. \u00c9s persistent i t\u00e9 una durada d\u20191 any.<\/li>\n<li><b>hasConsent:<\/b> Galeta t\u00e8cnica que emmagatzema el consentiment de l\u2019usuari. \u00c9s persistent i t\u00e9 una durada d\u20191 any.<\/li>\n<\/ul>\n<p><b>Galetes d\u2019an\u00e0lisi i mesurament<\/b><\/p>\n<ul>\n<li><b>_ga:<\/b> Galeta anal\u00edtica que habilita la funci\u00f3 de control de visites \u00faniques. \u00c9s persistent i t\u00e9 una durada de 2 anys.<\/li>\n<li><b>_gat:<\/b> Galeta anal\u00edtica per limitar el nombre de sol\u00b7licituds. El seu \u00e0mbit \u00e9s la sessi\u00f3 i t\u00e9 una durada d\u20191 minut.<\/li>\n<li><b>_gid:<\/b> Galeta anal\u00edtica per distingir entre usuaris. El seu \u00e0mbit \u00e9s la sessi\u00f3 i t\u00e9 una durada de 24 hores.<\/li>\n<\/ul>\n<p>Informaci\u00f3 addicional:<\/p>\n<ul>\n<li>Google Analytics pot instal\u00b7lat altres galetes segons el document <a href=\"https:\/\/developers.google.com\/analytics\/devguides\/collection\/analyticsjs\/cookie-usage?hl=es\" target=\"_blank\" rel=\"noopener noreferrer nofollow\">\u00das de les galetes de Google Analytics en llocs web<\/a>.<\/li>\n<\/ul>\n<p><b>Galetes socials<\/b><\/p>\n<ul>\n<li>El lloc web inclou altres funcionalitats proporcionades per serveis de tercers i xarxes socials per millor l\u2019experi\u00e8ncia dels visitants. Pot compartir el contingut a les seves xarxes socials, com ara \u00abFacebook\u00bb, \u00abTwitter\u00bb, \u00abInstagram\u00bb, \u00abVimeo\u00bb o \u00abYouTube\u00bb, amb els botons inclosos amb aquesta finalitat o amb les eines per compartir pr\u00f2pies de les xarxes socials. Com a resultat, aquests serveis poden instal\u00b7lar galetes i utilitzar-les per rastrejar la teva activitat en l\u00ednia. No tenim control directe sobre la informaci\u00f3 recopilada per aquestes galetes.<\/li>\n<\/ul>\n<p>El lloc web pot instal\u00b7lar altres galetes:<\/p>\n<h2>Acceptaci\u00f3 o rebuig de la instal\u00b7laci\u00f3 de galetes<\/h2>\n<p>AETER mostra informaci\u00f3 sobre la seva Pol\u00edtica de galetes al men\u00fa del peu de p\u00e0gina i al b\u00e0ner de galetes accessible en totes les p\u00e0gines del lloc web. El b\u00e0ner de galetes mostra informaci\u00f3 essencial sobre el tractament de dades i permet a l\u2019usuari realitzar les seg\u00fcents accions:<\/p>\n<ul>\n<li><b>Acceptar o rebutjar la instal\u00b7laci\u00f3 de galetes<\/b>, o retirar el consentiment atorgat pr\u00e8viament, a la qual pots accedir des d\u2019Av\u00eds de Galetes.<\/li>\n<\/ul>\n<h2>Eliminaci\u00f3 de galetes<\/h2>\n<p>Pots acceptar, bloquejar o eliminar les galetes instal\u00b7lades al teu equip mitjan\u00e7ant la configuraci\u00f3 de les opcions del navegador, per\u00f2 part del lloc no funcionar\u00e0 correctament o se\u2019n podr\u00e0 veure afectada la qualitat.<\/p>\n<p>En els seg\u00fcents enlla\u00e7os trobar\u00e0s instruccions per habilitar o deshabilitar les galtes en els navegadors m\u00e9s comuns.<\/p>\n<ul>\n<li><b>Firefox<\/b> <a href=\"http:\/\/support.mozilla.org\/es\/kb\/habilitar-y-deshabilitar-cookies-que-los-sitios-we\" target=\"_blank\" rel=\"nofollow noopener\">http:\/\/support.mozilla.org\/es\/kb\/habilitar-y-deshabilitar-cookies-que-los-sitios-we<\/a><\/li>\n<li><b>Google Chrome<\/b> <a href=\"https:\/\/support.google.com\/chrome\/answer\/95647?hl=es\" target=\"_blank\" rel=\"noopener noreferrer nofollow\">https:\/\/support.google.com\/chrome\/answer\/95647?hl=es<\/a><\/li>\n<li><b>Internet Explorer<\/b> <a href=\"https:\/\/support.microsoft.com\/es-es\/help\/17442\/windows-internet-explorer-delete-manage-cookies#ie=&quot;ie-10&quot;\" target=\"_blank\" rel=\"noopener noreferrer nofollow\">https:\/\/support.microsoft.com\/es-es\/help\/17442\/windows-internet-explorer-delete-manage-cookies#ie=&#8221;ie-10&#8243;<\/a><\/li>\n<li><b>Microsoft Edge<\/b> <a href=\"https:\/\/support.microsoft.com\/es-es\/help\/4468242\/microsoft-edge-browsing-data-and-privacy\" target=\"_blank\" rel=\"noopener noreferrer nofollow\">https:\/\/support.microsoft.com\/es-es\/help\/4468242\/microsoft-edge-browsing-data-and-privacy<\/a><\/li>\n<li><b>Safari<\/b> <a href=\"http:\/\/support.apple.com\/kb\/HT1677?viewlocale=es_ES\" target=\"_blank\" rel=\"nofollow noopener\">http:\/\/support.apple.com\/kb\/HT1677?viewlocale=es_ES<\/a><\/li>\n<\/ul>\n<h2>Tractament de dades personals<\/h2>\n<p>AETER \u00e9s el responsable del tractament de les dades personals de l\u2019usuari.<\/p>\n<h2>Contacte<\/h2>\n<p>En cas que tinguis qualsevol dubte sobre aquesta Pol\u00edtica de Galetes o vulguis realitzar qualsevol comentari sobre aquest lloc web, pots enviar un missatge de correu electr\u00f2nic a l\u2019adre\u00e7a info@aeter.org.<\/p>\n<p>&nbsp;<\/p>\n","protected":false},"excerpt":{"rendered":"<p>En compliment amb l\u2019article 22 de la Llei 34\/2002, d&#8217;11 de juliol, de serveis de la societat de la informaci\u00f3 i de comer\u00e7 electr\u00f2nic (LSSI), en relaci\u00f3 amb el Reglament (UE) 2016\/679 del Parlament Europeu i del Consell, de 27 d\u2019abril de 2016, General de Protecci\u00f3 de Dades (RGPD) i la Llei org\u00e0nica 3\/2018, de&hellip;<\/p>\n","protected":false},"author":5,"featured_media":0,"parent":0,"menu_order":0,"comment_status":"closed","ping_status":"closed","template":"","meta":{"footnotes":""},"class_list":["post-5555","page","type-page","status-publish","hentry"],"yoast_head":"<!-- This site is optimized with the Yoast SEO plugin v24.4 - https:\/\/yoast.com\/wordpress\/plugins\/seo\/ -->\n<title>Pol\u00edtica de galetes - ASOCIACI\u00d3N ESPA\u00d1OLA DE TERMINOLOG\u00cdA<\/title>\n<meta name=\"robots\" content=\"index, follow, max-snippet:-1, max-image-preview:large, max-video-preview:-1\" \/>\n<link rel=\"canonical\" href=\"https:\/\/aeter.org\/ca\/politica-de-galetes\/\" \/>\n<meta property=\"og:locale\" content=\"ca_ES\" \/>\n<meta property=\"og:type\" content=\"article\" \/>\n<meta property=\"og:title\" content=\"Pol\u00edtica de galetes - ASOCIACI\u00d3N ESPA\u00d1OLA DE TERMINOLOG\u00cdA\" \/>\n<meta property=\"og:description\" content=\"En compliment amb l\u2019article 22 de la Llei 34\/2002, d&#8217;11 de juliol, de serveis de la societat de la informaci\u00f3 i de comer\u00e7 electr\u00f2nic (LSSI), en relaci\u00f3 amb el Reglament (UE) 2016\/679 del Parlament Europeu i del Consell, de 27 d\u2019abril de 2016, General de Protecci\u00f3 de Dades (RGPD) i la Llei org\u00e0nica 3\/2018, de&hellip;\" \/>\n<meta property=\"og:url\" content=\"https:\/\/aeter.org\/ca\/politica-de-galetes\/\" \/>\n<meta property=\"og:site_name\" content=\"ASOCIACI\u00d3N ESPA\u00d1OLA DE TERMINOLOG\u00cdA\" \/>\n<meta property=\"article:modified_time\" content=\"2021-06-14T10:40:14+00:00\" \/>\n<meta name=\"twitter:card\" content=\"summary_large_image\" \/>\n<meta name=\"twitter:label1\" content=\"Temps estimat de lectura\" \/>\n\t<meta name=\"twitter:data1\" content=\"4 minuts\" \/>\n<script type=\"application\/ld+json\" class=\"yoast-schema-graph\">{\"@context\":\"https:\/\/schema.org\",\"@graph\":[{\"@type\":\"WebPage\",\"@id\":\"https:\/\/aeter.org\/ca\/politica-de-galetes\/\",\"url\":\"https:\/\/aeter.org\/ca\/politica-de-galetes\/\",\"name\":\"Pol\u00edtica de galetes - ASOCIACI\u00d3N ESPA\u00d1OLA DE TERMINOLOG\u00cdA\",\"isPartOf\":{\"@id\":\"https:\/\/aeter.org\/#website\"},\"datePublished\":\"2021-04-29T15:38:10+00:00\",\"dateModified\":\"2021-06-14T10:40:14+00:00\",\"breadcrumb\":{\"@id\":\"https:\/\/aeter.org\/ca\/politica-de-galetes\/#breadcrumb\"},\"inLanguage\":\"ca\",\"potentialAction\":[{\"@type\":\"ReadAction\",\"target\":[\"https:\/\/aeter.org\/ca\/politica-de-galetes\/\"]}]},{\"@type\":\"BreadcrumbList\",\"@id\":\"https:\/\/aeter.org\/ca\/politica-de-galetes\/#breadcrumb\",\"itemListElement\":[{\"@type\":\"ListItem\",\"position\":1,\"name\":\"Portada\",\"item\":\"https:\/\/aeter.org\/\"},{\"@type\":\"ListItem\",\"position\":2,\"name\":\"Pol\u00edtica de galetes\"}]},{\"@type\":\"WebSite\",\"@id\":\"https:\/\/aeter.org\/#website\",\"url\":\"https:\/\/aeter.org\/\",\"name\":\"ASOCIACI\u00d3N ESPA\u00d1OLA DE TERMINOLOG\u00cdA\",\"description\":\"AETER\",\"potentialAction\":[{\"@type\":\"SearchAction\",\"target\":{\"@type\":\"EntryPoint\",\"urlTemplate\":\"https:\/\/aeter.org\/?s={search_term_string}\"},\"query-input\":{\"@type\":\"PropertyValueSpecification\",\"valueRequired\":true,\"valueName\":\"search_term_string\"}}],\"inLanguage\":\"ca\"}]}<\/script>\n<!-- \/ Yoast SEO plugin. -->","yoast_head_json":{"title":"Pol\u00edtica de galetes - ASOCIACI\u00d3N ESPA\u00d1OLA DE TERMINOLOG\u00cdA","robots":{"index":"index","follow":"follow","max-snippet":"max-snippet:-1","max-image-preview":"max-image-preview:large","max-video-preview":"max-video-preview:-1"},"canonical":"https:\/\/aeter.org\/ca\/politica-de-galetes\/","og_locale":"ca_ES","og_type":"article","og_title":"Pol\u00edtica de galetes - ASOCIACI\u00d3N ESPA\u00d1OLA DE TERMINOLOG\u00cdA","og_description":"En compliment amb l\u2019article 22 de la Llei 34\/2002, d&#8217;11 de juliol, de serveis de la societat de la informaci\u00f3 i de comer\u00e7 electr\u00f2nic (LSSI), en relaci\u00f3 amb el Reglament (UE) 2016\/679 del Parlament Europeu i del Consell, de 27 d\u2019abril de 2016, General de Protecci\u00f3 de Dades (RGPD) i la Llei org\u00e0nica 3\/2018, de&hellip;","og_url":"https:\/\/aeter.org\/ca\/politica-de-galetes\/","og_site_name":"ASOCIACI\u00d3N ESPA\u00d1OLA DE TERMINOLOG\u00cdA","article_modified_time":"2021-06-14T10:40:14+00:00","twitter_card":"summary_large_image","twitter_misc":{"Temps estimat de lectura":"4 minuts"},"schema":{"@context":"https:\/\/schema.org","@graph":[{"@type":"WebPage","@id":"https:\/\/aeter.org\/ca\/politica-de-galetes\/","url":"https:\/\/aeter.org\/ca\/politica-de-galetes\/","name":"Pol\u00edtica de galetes - ASOCIACI\u00d3N ESPA\u00d1OLA DE TERMINOLOG\u00cdA","isPartOf":{"@id":"https:\/\/aeter.org\/#website"},"datePublished":"2021-04-29T15:38:10+00:00","dateModified":"2021-06-14T10:40:14+00:00","breadcrumb":{"@id":"https:\/\/aeter.org\/ca\/politica-de-galetes\/#breadcrumb"},"inLanguage":"ca","potentialAction":[{"@type":"ReadAction","target":["https:\/\/aeter.org\/ca\/politica-de-galetes\/"]}]},{"@type":"BreadcrumbList","@id":"https:\/\/aeter.org\/ca\/politica-de-galetes\/#breadcrumb","itemListElement":[{"@type":"ListItem","position":1,"name":"Portada","item":"https:\/\/aeter.org\/"},{"@type":"ListItem","position":2,"name":"Pol\u00edtica de galetes"}]},{"@type":"WebSite","@id":"https:\/\/aeter.org\/#website","url":"https:\/\/aeter.org\/","name":"ASOCIACI\u00d3N ESPA\u00d1OLA DE TERMINOLOG\u00cdA","description":"AETER","potentialAction":[{"@type":"SearchAction","target":{"@type":"EntryPoint","urlTemplate":"https:\/\/aeter.org\/?s={search_term_string}"},"query-input":{"@type":"PropertyValueSpecification","valueRequired":true,"valueName":"search_term_string"}}],"inLanguage":"ca"}]}},"_links":{"self":[{"href":"https:\/\/aeter.org\/ca\/wp-json\/wp\/v2\/pages\/5555","targetHints":{"allow":["GET"]}}],"collection":[{"href":"https:\/\/aeter.org\/ca\/wp-json\/wp\/v2\/pages"}],"about":[{"href":"https:\/\/aeter.org\/ca\/wp-json\/wp\/v2\/types\/page"}],"author":[{"embeddable":true,"href":"https:\/\/aeter.org\/ca\/wp-json\/wp\/v2\/users\/5"}],"replies":[{"embeddable":true,"href":"https:\/\/aeter.org\/ca\/wp-json\/wp\/v2\/comments?post=5555"}],"version-history":[{"count":4,"href":"https:\/\/aeter.org\/ca\/wp-json\/wp\/v2\/pages\/5555\/revisions"}],"predecessor-version":[{"id":5678,"href":"https:\/\/aeter.org\/ca\/wp-json\/wp\/v2\/pages\/5555\/revisions\/5678"}],"wp:attachment":[{"href":"https:\/\/aeter.org\/ca\/wp-json\/wp\/v2\/media?parent=5555"}],"curies":[{"name":"wp","href":"https:\/\/api.w.org\/{rel}","templated":true}]}}