{"id":5570,"date":"2021-04-29T16:36:02","date_gmt":"2021-04-29T16:36:02","guid":{"rendered":"https:\/\/aeter.org\/?page_id=5570"},"modified":"2021-06-14T10:40:53","modified_gmt":"2021-06-14T10:40:53","slug":"politica-de-privacitat","status":"publish","type":"page","link":"https:\/\/aeter.org\/ca\/politica-de-privacitat\/","title":{"rendered":"Pol\u00edtica de privacitat"},"content":{"rendered":"<p><em><br \/>\nAETER t\u2019informa sobre la seva Pol\u00edtica de Privacitat respecte al tractament i protecci\u00f3 de les dades de car\u00e0cter personal dels usuaris que puguin ser recaptades durant la navegaci\u00f3 a trav\u00e9s del lloc web http:\/\/www.aeter.org.<br \/>\n<\/em><\/p>\n<p>&nbsp;<\/p>\n<p>En aquest sentit, AETER compleix amb el Reglament (UE) 2016\/679 del Parlament Europeu i del Consell de 27 d&#8217;abril de 2016 relatiu a la protecci\u00f3 de les persones f\u00edsiques (RGPD).<\/p>\n<p>L\u2019\u00fas del lloc web implica l\u2019acceptaci\u00f3 d&#8217;aquesta Pol\u00edtica de Privacitat.<\/p>\n<h2>Identitat del responsable<\/h2>\n<ul>\n<li><b>Titular:<\/b> AETER.<\/li>\n<li><b>NIF:<\/b> G819822333<\/li>\n<li><b>Domicili:<\/b> Universitat d\u2019Alacant apt. 99 03690 Sant Vicent del Raspeig, Alacant &#8211; Espanya.<\/li>\n<li><b>Correu electr\u00f2nic:<\/b> info@aeter.org<\/li>\n<li><b>Lloc web:<\/b> http:\/\/www.aeter.org<\/li>\n<\/ul>\n<h2>Principis aplicats en el tractament de dades<\/h2>\n<p>En el tractament de les teves dades personals, el titular aplicar\u00e0 els seg\u00fcents principis que s\u2019ajusten a les exig\u00e8ncies del nou reglament europeu de protecci\u00f3 de dades (RGPD):<\/p>\n<ul>\n<li><b>Principi de licitud, lleialtat i transpar\u00e8ncia:<\/b> El titular sempre requerir\u00e0 el consentiment per al tractament de les dades personals, que pot ser per a una o diverses finalitats espec\u00edfiques sobre les quals el titular informar\u00e0 l\u2019usuari pr\u00e8viament amb absoluta transpar\u00e8ncia.<\/li>\n<li><b>Principi de minimitzaci\u00f3 de dades:<\/b> El titular nom\u00e9s sol\u00b7licitar\u00e0 les dades estrictament necess\u00e0ries per a la o les finalitats que les sol\u00b7licita.<\/li>\n<li><b>Principi de limitaci\u00f3 del termini de conservaci\u00f3:<\/b> El titular mantindr\u00e0 les dades personals recaptades durant el temps estrictament necessari per a la o les finalitats del tractament. El titular informar\u00e0 l\u2019usuari del termini de conservaci\u00f3 corresponent en <a href=\"#finalidad-del-tratamiento-de-datos-personales\">funci\u00f3 de la finalitat<\/a>.\n<p>En el cas de subscripcions, el titular revisar\u00e0 peri\u00f2dicament les llistes i eliminar\u00e0 aquells registres inactius durant un temps considerable.<\/li>\n<li><b>Principi d\u2019integritat i confidencialitat:<\/b> Les dades personals recollides seran tractades de tal manera que n\u2019estiguin garantides la seguretat, confidencialitat i integritat.\n<p>El titular pren les precaucions necess\u00e0ries per evitar l\u2019acc\u00e9s no autoritzar a l\u2019\u00fas indegut de les dades dels seus usuaris per part de tercers.<\/li>\n<\/ul>\n<h2>Obtenci\u00f3 de dades personals<\/h2>\n<p>Per navegar per http:\/\/www.aeter.org no \u00e9s necessari que facilitis cap dada personal.<\/p>\n<p>Els casos en qu\u00e8 s\u00ed que proporciones les teves dades personals s\u00f3n els seg\u00fcents:<\/p>\n<ul>\n<li>Quan contactes a trav\u00e9s dels formularis de contacte o quan envies un correu electr\u00f2nic.<\/li>\n<li>Quan comentes un article o una p\u00e0gina.<\/li>\n<\/ul>\n<h2>Drets<\/h2>\n<p>El titular t\u2019informa que sobre les teves dades personals tens dret a:<\/p>\n<ul>\n<li>Sol\u00b7licitar l\u2019acc\u00e9s a les dades emmagatzemades.<\/li>\n<li>Sol\u00b7licitar una rectificaci\u00f3 o la cancel\u00b7laci\u00f3.<\/li>\n<li>Sol\u00b7licitar-ne la limitaci\u00f3 del tractament.<\/li>\n<li>Oposar-te al tractament.<\/li>\n<\/ul>\n<p>No pots exercir el dret a la portabilitat de les dades.<\/p>\n<p>L\u2019exercici d\u2019aquests drets \u00e9s personal i, per tant, l\u2019ha d\u2019exercir directament per l\u2019interessant, sol\u00b7licitant-lo directament al titular, la qual cosa significa que qualsevol client, subscriptor o col\u00b7laborador que hagi facilitat les seves dades en algun moment pot dirigir-se a AETER i demanar informaci\u00f3 sobre les dades que t\u00e9 emmagatzemades i sobre com les ha obtingut, sol\u00b7licitar-ne la rectificaci\u00f3, oposar-se al tractament, limitar-ne l\u2019\u00fas o sol\u00b7licitar-ne la cancel\u00b7laci\u00f3 en els fitxers del titular.<\/p>\n<p>Per exercir els teus drets d\u2019acc\u00e9s, rectificaci\u00f3, cancel\u00b7laci\u00f3 i oposici\u00f3 has d\u2019enviar un correu electr\u00f2nic a info@aeter.org amb una prova v\u00e0lida en dret com una fotoc\u00f2pia del DNI o equivalent.<\/p>\n<p>Tens dret a la tutela judicial efectiva i a presentar una reclamaci\u00f3 davant l\u2019autoritat de control, en aquest cas, l\u2019Ag\u00e8ncia Espanyola de Protecci\u00f3 de Dades, si consideres que el tractament de dades persona que et concerneixen infringeix el reglament.<\/p>\n<h2 id=\"finalidad-del-tratamiento-de-datos-personales\">Finalitat del tractament de dades personals<\/h2>\n<p>Quan et connectes al lloc web per enviar un correu al titular, comentes un article o una p\u00e0gina o et subscrius a un butllet\u00ed est\u00e0s facilitant informaci\u00f3 de car\u00e0cter personal de la qual el responsable n&#8217;\u00e9s AETER. Aquesta informaci\u00f3 pot incloure dades de car\u00e0cter personal, com ara la teva adre\u00e7a IP, nom i cognoms, adre\u00e7a f\u00edsica, adre\u00e7a de correu electr\u00f2nic, n\u00famero de tel\u00e8fon, i m\u00e9s informaci\u00f3. Quan facilites aquesta informaci\u00f3, consenteixes que sigui recopilada, utilitzada, gestionada i emmagatzemada per \u2014AETER\u2014<\/p>\n<p>Les dades personals i la finalitat del tractament per part del titular \u00e9s diferent en funci\u00f3 del sistema de captura d&#8217;informaci\u00f3.<\/p>\n<ul>\n<li><b>Formularis de contacte:<\/b> El titular sol\u00b7licita dades personals, entre les quals pot haver-hi: nom i cognoms, adre\u00e7a de correu electr\u00f2nic, n\u00famero de tel\u00e8fon i adre\u00e7a de lloc web, amb la finalitat de respondre les consultes dels usuaris.<br \/>\nPer exemple, AETER utilitza aquestes dades per respondre missatges, dubtes, queixes, comentaris o inquietuds que poden tenir els usuaris en refer\u00e8ncia a la informaci\u00f3 inclosa en el lloc web, al tractament de les dades personals, a q\u00fcestions referents als textos legals inclosos en el lloc web o a qualsevol altra consulta que l&#8217;usuari pugui tenir i que no estigui subjecta a les condicions del lloc web.<\/li>\n<li><b>Formularis de comentaris:<\/b> El titular sol\u00b7licita dades personals, entre les quals pot haver-hi: nom i cognoms, adre\u00e7a de correu electr\u00f2nic i adre\u00e7a de lloc web, amb la finalitat de respondre els comentaris dels usuaris.<\/li>\n<\/ul>\n<p>Existeixen altres finalitats per a les quals el titulat tracta dades personals<\/p>\n<ul>\n<li>Per garantir el compliment de les condicions recollides en la llei aplicable. Aix\u00f2 pot incloure el desenvolupament d&#8217;eines i algoritmes que ajudin aquest lloc web a garantir la confidencialitat de les dades personals que recull.<\/li>\n<li>Para recolzar i millorar els serveis que ofereix aquest lloc web.<\/li>\n<li>Per gestionar les xarxes socials. AETER t\u00e9 pres\u00e8ncia a les xarxes socials. Si et fas seguidor de les xarxes socials del titular, el tractament de les dades personals es regir\u00e0 per aquest apartat, aix\u00ed com per les condicions d&#8217;\u00fas, pol\u00edtiques de privacitat i normatives d&#8217;acc\u00e9s que pertanyin a la xarxa social que procedeixi en cada cas i que has acceptat pr\u00e8viament.<br \/>\nPots consultar les pol\u00edtiques de privacitat de les principals xarxes socials en aquests enlla\u00e7os:<\/p>\n<ul>\n<li><a href=\"https:\/\/www.facebook.com\/help\/cookies\" target=\"_blank\" rel=\"nofollow noopener\">Facebook<\/a><\/li>\n<li><a href=\"https:\/\/twitter.com\/privacy\" target=\"_blank\" rel=\"nofollow noopener\">Twitter<\/a><\/li>\n<li><a href=\"https:\/\/www.linkedin.com\/legal\/cookie-policy\" target=\"_blank\" rel=\"nofollow noopener\">Linkedin<\/a><\/li>\n<li><a href=\"https:\/\/www.youtube.com\/privacy\" target=\"_blank\" rel=\"nofollow noopener\">YouTube<\/a><\/li>\n<li><a href=\"https:\/\/www.instagram.com\/legal\/privacy\/\" target=\"_blank\" rel=\"nofollow noopener\">Instagram<\/a><\/li>\n<\/ul>\n<p>El titular tractar\u00e0 les teves dades personals amb la finalitat d&#8217;administrar-ne correctament la pres\u00e8ncia a la xarxa social o d\u2019informar-te de les seves activitats, aix\u00ed com per a qualsevol altra finalitat que les normatives de les xarxes socials permetin.<\/p>\n<p>En cap cas el titular utilitzar\u00e0 els perfils de seguidor a les xarxes socials per enviar publicitat de manera individual.<\/li>\n<\/ul>\n<h2>Seguretat de les dades personals<\/h2>\n<p>Per protegir les teves dades personals, el titular pren totes les precaucions raonables i segueix les millors pr\u00e0ctiques de la ind\u00fastria per evitar-ne la p\u00e8rdua, mal \u00fas, acc\u00e9s indegut, divulgaci\u00f3, alteraci\u00f3 o destrucci\u00f3.<\/p>\n<p>Les teves dades es podran incorporar a un fitxer de llista de correu, del qual AETER n\u2019\u00e9s el responsable de la gesti\u00f3 i el tractament. La seguretat de les teves dades est\u00e0 garantida, ja que AETER pren totes les mesures de seguretat necess\u00e0ries i et garanteix que les dades personals nom\u00e9s es faran servir per a les finalitats donades.<\/p>\n<p>AETER informa l&#8217;usuari que les seves dades personals no seran cedides a terceres organitzacions, amb l&#8217;excepci\u00f3 que la cessi\u00f3 de dades estigui emparada en una obligaci\u00f3 legal o quan la prestaci\u00f3 d&#8217;un servei impliqui la necessitat d&#8217;una relaci\u00f3 contractual amb un encarregat de tractament. En aquest \u00faltim cas, nom\u00e9s es dur\u00e0 a terme la cessi\u00f3 de dades al tercer quan AETER disposi del consentiment expr\u00e9s de l&#8217;usuari.<\/p>\n<p>No obstant aix\u00f2, en alguns casos es poden realitzar col\u00b7laboracions amb altres professionals. En aquests casos, es requerir\u00e0 consentiment a l&#8217;usuari, informant-lo sobre la identitat del col\u00b7laborador i la finalitat de la col\u00b7laboraci\u00f3. Sempre es realitzar\u00e0 amb els est\u00e0ndards de seguretat m\u00e9s estrictes.<\/p>\n<h2>Contingut d\u2019altres llocs web<\/h2>\n<p>Les p\u00e0gines d&#8217;aquest lloc web poden incloure contingut incrustat (per exemple, v\u00eddeos, imatges, articles, etc.). El contingut incrustat d&#8217;altres webs es comporta exactament de la mateixa manera que si haguessis visitat l&#8217;altra web.<\/p>\n<p>Aquests llocs web poden recopilar dades sobre tu, utilitzar galetes, incrustar un codi de seguiment addicional de tercers i supervisar la teva interacci\u00f3 usant aquest codi.<\/p>\n<h2>Pol\u00edtica de galetes<\/h2>\n<p>Perqu\u00e8 aquest lloc web funcioni correctament necessita utilitzar galetes, que s\u00f3n una informaci\u00f3 que s&#8217;emmagatzema al navegador web.<\/p>\n<h2>Legitimaci\u00f3 per al tractament de dades<\/h2>\n<p>La base legal per al tractament de les teves dades \u00e9s: el consentiment.<\/p>\n<p>Per contactar amb el titular, subscriure\u2019t a un butllet\u00ed o fer comentaris en aquest lloc web, has d\u2019acceptar aquesta Pol\u00edtica de Privacitat.<\/p>\n<h2>Categories de dades personals<\/h2>\n<p>Les categories de dades personals que tracta el titular s\u00f3n:<\/p>\n<ul>\n<li>Dades identificatives.<\/li>\n<li>No es tracten categories de dades especialment protegides.<\/li>\n<\/ul>\n<h2>Conservaci\u00f3 de dades personals<\/h2>\n<p>Les dades personals que proporciones al titular es conservaran fins que en sol\u00b7licitis la supressi\u00f3.<\/p>\n<div id=\"destinatarios\">\n<h2>Destinataris de dades personals<\/h2>\n<ul>\n<li><b>Google Analytics<\/b> \u00e9s un servei d&#8217;anal\u00edtica web que presta Google, Inc., una companyia de Delaware que t\u00e9 l&#8217;oficina principal a 1600 Amphitheatre Parkway, Mountain View (Calif\u00f2rnia), CA 94043, els Estats Units (&#8220;Google&#8221;).\n<p>Google Analytics utilitza galetes, que s\u00f3n arxius de text ubicats al teu ordinador per ajudar el titular a analitzar l&#8217;\u00fas que fan els usuaris de la p\u00e0gina web. La informaci\u00f3 que genera la galeta sobre l&#8217;\u00fas del lloc web (inclosa l\u2019adre\u00e7a IP) ser\u00e0 directament transmesa i arxivada per Google en els servidors dels Estats Units.<\/p>\n<p>M\u00e9s informaci\u00f3 a: <a href=\"https:\/\/policies.google.com\/privacy?hl=es-ES\" target=\"_blank\" rel=\"nofollow noopener\">https:\/\/analytics.google.com<\/a><\/li>\n<\/ul>\n<\/div>\n<p>A la p\u00e0gina de <a href=\"https:\/\/policies.google.com\/privacy?hl=es\" target=\"_blank\" rel=\"nofollow noopener\">Pol\u00edtica de privadesa de Google<\/a> s&#8217;explica com Google gestiona la privacitat pel que fa a l&#8217;\u00fas de les galetes i altra informaci\u00f3.<\/p>\n<p>Tamb\u00e9 pots veure una llista dels <a href=\"https:\/\/policies.google.com\/technologies\/types?hl=es\" target=\"_blank\" rel=\"nofollow noopener\">tipus de galetes<\/a> que utilitzen Google i els seus col\u00b7laboradors i tota la informaci\u00f3 relativa a l&#8217;\u00fas que fan de les <a href=\"https:\/\/policies.google.com\/technologies\/ads?hl=es\" target=\"_blank\" rel=\"nofollow noopener\">galetes publicit\u00e0ries<\/a>.<\/p>\n<h2>Navegaci\u00f3 web<\/h2>\n<p>Quan navegues per http:\/\/www.aeter.org es poden recollir dades no identificatives que poden incloure: l&#8217;adre\u00e7a IP, la geolocalitzaci\u00f3, un registre de com s&#8217;utilitzen els serveis i llocs, els h\u00e0bits de navegaci\u00f3 i altres dades que no poden ser utilitzades per identificar-te.<\/p>\n<p>El lloc web utilitza els seg\u00fcents serveis d\u2019an\u00e0lisi de tercers:<\/p>\n<ul>\n<li>Google Analytics.<\/li>\n<\/ul>\n<p>El titular utilitza la informaci\u00f3 obtinguda per obtenir dades estad\u00edstiques, analitzar tend\u00e8ncies, administrar el lloc, estudiar patrons de navegaci\u00f3 i recopilar informaci\u00f3 demogr\u00e0fica.<\/p>\n<p>El titular no es fa responsable del tractament de les dades personals que realitzin les p\u00e0gines web a les quals puguis accedir a trav\u00e9s dels diferents enlla\u00e7os que cont\u00e9 el lloc web.<\/p>\n<h2>Exactitud i veracitat de les dades personals<\/h2>\n<p>Et compromets a qu\u00e8 les dades facilitades al titular siguin correctes, completes, exactes i vigents, aix\u00ed com a mantenir-les degudament actualitzades.<\/p>\n<p>Com a usuari del lloc web ets l&#8217;\u00fanic responsable de la veracitat i correcci\u00f3 de les dades trameses al lloc web eximint AETER de qualsevol responsabilitat al respecte.<\/p>\n<h2>Acceptaci\u00f3 i consentiment<\/h2>\n<p>Com a usuari del lloc web, declares haver estat informat de les condicions sobre protecci\u00f3 de dades de car\u00e0cter personal, acceptes i en consenteixes el tractament per part d\u2019AETER en la forma i per a les finalitats indicades en aquesta Pol\u00edtica de Privacitat.<\/p>\n<h2>Revocabilitat<\/h2>\n<p>Per exercir els teus drets d&#8217;acc\u00e9s, rectificaci\u00f3, cancel\u00b7laci\u00f3 i oposici\u00f3 has d&#8217;enviar un correu electr\u00f2nic a info@aeter.org amb una prova v\u00e0lida en dret, com una fotoc\u00f2pia del DNI o equivalent.<\/p>\n<p>L&#8217;exercici d&#8217;aquests drets no inclou cap dada que AETER estigui obligat a conservar amb finalitats administratives, legals o de seguretat.<\/p>\n<h2>Canvis en la pol\u00edtica de privacitat<\/h2>\n<p>El titular es reserva el dret a modificar aquesta Pol\u00edtica de Privacitat per adaptar-la a novetats legislatives o jurisprudencials, aix\u00ed com a pr\u00e0ctiques de la ind\u00fastria.<\/p>\n<p>Aquestes pol\u00edtiques seran vigents fins que siguin modificades per altres pol\u00edtiques degudament publicades.<\/p>\n<p>&nbsp;<\/p>\n","protected":false},"excerpt":{"rendered":"<p>AETER t\u2019informa sobre la seva Pol\u00edtica de Privacitat respecte al tractament i protecci\u00f3 de les dades de car\u00e0cter personal dels usuaris que puguin ser recaptades durant la navegaci\u00f3 a trav\u00e9s del lloc web http:\/\/www.aeter.org. &nbsp; En aquest sentit, AETER compleix amb el Reglament (UE) 2016\/679 del Parlament Europeu i del Consell de 27 d&#8217;abril de&hellip;<\/p>\n","protected":false},"author":5,"featured_media":0,"parent":0,"menu_order":0,"comment_status":"closed","ping_status":"closed","template":"","meta":{"footnotes":""},"class_list":["post-5570","page","type-page","status-publish","hentry"],"yoast_head":"<!-- This site is optimized with the Yoast SEO plugin v24.4 - https:\/\/yoast.com\/wordpress\/plugins\/seo\/ -->\n<title>Pol\u00edtica de privacitat - ASOCIACI\u00d3N ESPA\u00d1OLA DE TERMINOLOG\u00cdA<\/title>\n<meta name=\"robots\" content=\"index, follow, max-snippet:-1, max-image-preview:large, max-video-preview:-1\" \/>\n<link rel=\"canonical\" href=\"https:\/\/aeter.org\/ca\/politica-de-privacitat\/\" \/>\n<meta property=\"og:locale\" content=\"ca_ES\" \/>\n<meta property=\"og:type\" content=\"article\" \/>\n<meta property=\"og:title\" content=\"Pol\u00edtica de privacitat - ASOCIACI\u00d3N ESPA\u00d1OLA DE TERMINOLOG\u00cdA\" \/>\n<meta property=\"og:description\" content=\"AETER t\u2019informa sobre la seva Pol\u00edtica de Privacitat respecte al tractament i protecci\u00f3 de les dades de car\u00e0cter personal dels usuaris que puguin ser recaptades durant la navegaci\u00f3 a trav\u00e9s del lloc web http:\/\/www.aeter.org. &nbsp; En aquest sentit, AETER compleix amb el Reglament (UE) 2016\/679 del Parlament Europeu i del Consell de 27 d&#8217;abril de&hellip;\" \/>\n<meta property=\"og:url\" content=\"https:\/\/aeter.org\/ca\/politica-de-privacitat\/\" \/>\n<meta property=\"og:site_name\" content=\"ASOCIACI\u00d3N ESPA\u00d1OLA DE TERMINOLOG\u00cdA\" \/>\n<meta property=\"article:modified_time\" content=\"2021-06-14T10:40:53+00:00\" \/>\n<meta name=\"twitter:card\" content=\"summary_large_image\" \/>\n<meta name=\"twitter:label1\" content=\"Temps estimat de lectura\" \/>\n\t<meta name=\"twitter:data1\" content=\"8 minuts\" \/>\n<script type=\"application\/ld+json\" class=\"yoast-schema-graph\">{\"@context\":\"https:\/\/schema.org\",\"@graph\":[{\"@type\":\"WebPage\",\"@id\":\"https:\/\/aeter.org\/ca\/politica-de-privacitat\/\",\"url\":\"https:\/\/aeter.org\/ca\/politica-de-privacitat\/\",\"name\":\"Pol\u00edtica de privacitat - ASOCIACI\u00d3N ESPA\u00d1OLA DE TERMINOLOG\u00cdA\",\"isPartOf\":{\"@id\":\"https:\/\/aeter.org\/#website\"},\"datePublished\":\"2021-04-29T16:36:02+00:00\",\"dateModified\":\"2021-06-14T10:40:53+00:00\",\"breadcrumb\":{\"@id\":\"https:\/\/aeter.org\/ca\/politica-de-privacitat\/#breadcrumb\"},\"inLanguage\":\"ca\",\"potentialAction\":[{\"@type\":\"ReadAction\",\"target\":[\"https:\/\/aeter.org\/ca\/politica-de-privacitat\/\"]}]},{\"@type\":\"BreadcrumbList\",\"@id\":\"https:\/\/aeter.org\/ca\/politica-de-privacitat\/#breadcrumb\",\"itemListElement\":[{\"@type\":\"ListItem\",\"position\":1,\"name\":\"Portada\",\"item\":\"https:\/\/aeter.org\/\"},{\"@type\":\"ListItem\",\"position\":2,\"name\":\"Pol\u00edtica de privacitat\"}]},{\"@type\":\"WebSite\",\"@id\":\"https:\/\/aeter.org\/#website\",\"url\":\"https:\/\/aeter.org\/\",\"name\":\"ASOCIACI\u00d3N ESPA\u00d1OLA DE TERMINOLOG\u00cdA\",\"description\":\"AETER\",\"potentialAction\":[{\"@type\":\"SearchAction\",\"target\":{\"@type\":\"EntryPoint\",\"urlTemplate\":\"https:\/\/aeter.org\/?s={search_term_string}\"},\"query-input\":{\"@type\":\"PropertyValueSpecification\",\"valueRequired\":true,\"valueName\":\"search_term_string\"}}],\"inLanguage\":\"ca\"}]}<\/script>\n<!-- \/ Yoast SEO plugin. -->","yoast_head_json":{"title":"Pol\u00edtica de privacitat - ASOCIACI\u00d3N ESPA\u00d1OLA DE TERMINOLOG\u00cdA","robots":{"index":"index","follow":"follow","max-snippet":"max-snippet:-1","max-image-preview":"max-image-preview:large","max-video-preview":"max-video-preview:-1"},"canonical":"https:\/\/aeter.org\/ca\/politica-de-privacitat\/","og_locale":"ca_ES","og_type":"article","og_title":"Pol\u00edtica de privacitat - ASOCIACI\u00d3N ESPA\u00d1OLA DE TERMINOLOG\u00cdA","og_description":"AETER t\u2019informa sobre la seva Pol\u00edtica de Privacitat respecte al tractament i protecci\u00f3 de les dades de car\u00e0cter personal dels usuaris que puguin ser recaptades durant la navegaci\u00f3 a trav\u00e9s del lloc web http:\/\/www.aeter.org. &nbsp; En aquest sentit, AETER compleix amb el Reglament (UE) 2016\/679 del Parlament Europeu i del Consell de 27 d&#8217;abril de&hellip;","og_url":"https:\/\/aeter.org\/ca\/politica-de-privacitat\/","og_site_name":"ASOCIACI\u00d3N ESPA\u00d1OLA DE TERMINOLOG\u00cdA","article_modified_time":"2021-06-14T10:40:53+00:00","twitter_card":"summary_large_image","twitter_misc":{"Temps estimat de lectura":"8 minuts"},"schema":{"@context":"https:\/\/schema.org","@graph":[{"@type":"WebPage","@id":"https:\/\/aeter.org\/ca\/politica-de-privacitat\/","url":"https:\/\/aeter.org\/ca\/politica-de-privacitat\/","name":"Pol\u00edtica de privacitat - ASOCIACI\u00d3N ESPA\u00d1OLA DE TERMINOLOG\u00cdA","isPartOf":{"@id":"https:\/\/aeter.org\/#website"},"datePublished":"2021-04-29T16:36:02+00:00","dateModified":"2021-06-14T10:40:53+00:00","breadcrumb":{"@id":"https:\/\/aeter.org\/ca\/politica-de-privacitat\/#breadcrumb"},"inLanguage":"ca","potentialAction":[{"@type":"ReadAction","target":["https:\/\/aeter.org\/ca\/politica-de-privacitat\/"]}]},{"@type":"BreadcrumbList","@id":"https:\/\/aeter.org\/ca\/politica-de-privacitat\/#breadcrumb","itemListElement":[{"@type":"ListItem","position":1,"name":"Portada","item":"https:\/\/aeter.org\/"},{"@type":"ListItem","position":2,"name":"Pol\u00edtica de privacitat"}]},{"@type":"WebSite","@id":"https:\/\/aeter.org\/#website","url":"https:\/\/aeter.org\/","name":"ASOCIACI\u00d3N ESPA\u00d1OLA DE TERMINOLOG\u00cdA","description":"AETER","potentialAction":[{"@type":"SearchAction","target":{"@type":"EntryPoint","urlTemplate":"https:\/\/aeter.org\/?s={search_term_string}"},"query-input":{"@type":"PropertyValueSpecification","valueRequired":true,"valueName":"search_term_string"}}],"inLanguage":"ca"}]}},"_links":{"self":[{"href":"https:\/\/aeter.org\/ca\/wp-json\/wp\/v2\/pages\/5570","targetHints":{"allow":["GET"]}}],"collection":[{"href":"https:\/\/aeter.org\/ca\/wp-json\/wp\/v2\/pages"}],"about":[{"href":"https:\/\/aeter.org\/ca\/wp-json\/wp\/v2\/types\/page"}],"author":[{"embeddable":true,"href":"https:\/\/aeter.org\/ca\/wp-json\/wp\/v2\/users\/5"}],"replies":[{"embeddable":true,"href":"https:\/\/aeter.org\/ca\/wp-json\/wp\/v2\/comments?post=5570"}],"version-history":[{"count":5,"href":"https:\/\/aeter.org\/ca\/wp-json\/wp\/v2\/pages\/5570\/revisions"}],"predecessor-version":[{"id":5679,"href":"https:\/\/aeter.org\/ca\/wp-json\/wp\/v2\/pages\/5570\/revisions\/5679"}],"wp:attachment":[{"href":"https:\/\/aeter.org\/ca\/wp-json\/wp\/v2\/media?parent=5570"}],"curies":[{"name":"wp","href":"https:\/\/api.w.org\/{rel}","templated":true}]}}