{"id":5948,"date":"2022-04-05T08:41:37","date_gmt":"2022-04-05T08:41:37","guid":{"rendered":"https:\/\/aeter.org\/publicacions-recents-dels-socis-daeter\/"},"modified":"2023-11-02T17:40:32","modified_gmt":"2023-11-02T17:40:32","slug":"publicacions-recents-dels-socis-daeter","status":"publish","type":"page","link":"https:\/\/aeter.org\/ca\/publicacions-recents-dels-socis-daeter\/","title":{"rendered":"Publicacions recents dels socis d&#8217;AETER"},"content":{"rendered":"<p>Cabr\u00e9, T.; Lorente, M. (2021). &#8220;Panorama te\u00f2ric de la terminologia actual&#8221;. <em>Termin\u00e0lia<\/em>, 24 (desembre 2021), 57-63. <a href=\"https:\/\/raco.cat\/index.php\/Terminalia\/article\/view\/397373\" target=\"_blank\" rel=\"noopener\">https:\/\/raco.cat\/index.php\/Terminalia\/article\/view\/397373<\/a><\/p>\n<p>Col\u00b7legi de Farmac\u00e8utics de Barcelona, TERMCAT, Centre de Terminologia (2008-2022). <em>L\u00e8xic de f\u00e0rmacs<\/em>.\u00a0 <a style=\"background-color: #ffffff;\" href=\"https:\/\/www.termcat.cat\/ca\/diccionaris-en-linia\/12\">https:\/\/www.termcat.cat\/ca\/diccionaris-en-linia\/12<\/a><\/p>\n<p>Contreras Blanco, F. (2023). <em>53 terminockianos \u2013 Terminolog\u00eda hitchcockiana: una pel\u00edcula, un t\u00e9rmino clave\u2026 o no<\/em>. Granada: Editorial Comares, Colecci\u00f3n Interlingua. ISBN: 978-84-1369-524-2. <a style=\"background-color: #ffffff;\" href=\"https:\/\/www.comares.com\/libro\/53-terminockianos_147107\/\" target=\"_blank\" rel=\"noopener\">https:\/\/www.comares.com\/libro\/53-terminockianos_147107\/<\/a><\/p>\n<p>Da Cunha, Iria (ed.). (2022). <em>Lenguaje claro y tecnolog\u00eda en la Administraci\u00f3n<\/em>. Editorial Comares. ISBN 978-84-1369-444-3 <a href=\"https:\/\/www.comares.com\/libro\/lenguaje-claro-y-tecnologia-en-la-administracion_145665\/\" target=\"_blank\" rel=\"noopener\">https:\/\/www.comares.com\/libro\/lenguaje-claro-y-tecnologia-en-la-administracion_145665\/<\/a><\/p>\n<p>Fundaci\u00f3 Barcelona Capital N\u00e0utica, TERMCAT, Centre de Terminologia (2023). <em>Els velers de la Copa Am\u00e8rica<\/em>. <a href=\"https:\/\/www.termcat.cat\/ca\/recursos\/productes-multimedia\/els-velers-la-copa-america\" target=\"_blank\" rel=\"noopener\">https:\/\/www.termcat.cat\/ca\/recursos\/productes-multimedia\/els-velers-la-copa-america<\/a><\/p>\n<p>Fundaci\u00f3 Dr. Antoni Esteve, TERMCAT, Centre de Terminologia, dir. (2022). <em>Diccionari multiling\u00fce de la COVID-19: Cinc-cents termes per a entendre la pand\u00e8mia<\/em>. Fundaci\u00f3 Dr. Antoni Esteve. <a href=\"https:\/\/www.esteve.org\/ca\/capitulos\/diccionari-multilingue-de-la-covid-19-cinc-cents-termes-per-a-entendre-la-pandemia\/\">https:\/\/www.esteve.org\/ca\/capitulos\/diccionari-multilingue-de-la-covid-19-cinc-cents-termes-per-a-entendre-la-pandemia\/<\/a><\/p>\n<p>Garc\u00eda Palacios, J. (Dir.). (2022). <em>El pr\u00e9stamo como procedimiento de actualizaci\u00f3n l\u00e9xica<\/em>. Editorial Comares. <a href=\"https:\/\/www.comares.com\/libro\/el-prestamo-como-procedimiento-de-actualizacion-lexica_145666\/\" target=\"_blank\" rel=\"noopener\">https:\/\/www.comares.com\/libro\/el-prestamo-como-procedimiento-de-actualizacion-lexica_145666\/<\/a><\/p>\n<p>Garc\u00eda Soler, J (2022). <em>Diccionari de br\u00e0nding verbal<\/em>. TERMCAT, Centre de Terminologia.<a href=\"https:\/\/www.termcat.cat\/ca\/diccionaris-en-linia\/307\"> https:\/\/www.termcat.cat\/ca\/diccionaris-en-linia\/307<\/a><\/p>\n<p>Generalitat de Catalunya. Departament de Just\u00edcia, Drets i Mem\u00f2ria, TERMCAT, Centre de Terminologia (2022). <em>Diccionari de la mediaci\u00f3<\/em>. <a href=\"https:\/\/www.termcat.cat\/ca\/diccionaris-en-linia\/301\" target=\"_blank\" rel=\"noopener\">https:\/\/www.termcat.cat\/ca\/diccionaris-en-linia\/301<\/a><\/p>\n<p>Generalitat de Catalunya. Departament de Salut, TERMCAT, Centre de Terminologia (2022). <em>Calendari de vacunacions sistem\u00e0tiques<\/em>. <a href=\"https:\/\/www.termcat.cat\/ca\/recursos\/productes-multimedia\/calendari-vacunacions-sistematiques\">https:\/\/www.termcat.cat\/ca\/recursos\/productes-multimedia\/calendari-vacunacions-sistematiques<\/a><\/p>\n<p>Generalitat de Catalunya. Departament de Salut, TERMCAT, Centre de Terminologia (2012-2022). <em>L\u00e8xic d\u2019additius alimentaris<\/em>. <a href=\"https:\/\/www.termcat.cat\/ca\/diccionaris-en-linia\/135\">https:\/\/www.termcat.cat\/ca\/diccionaris-en-linia\/135<\/a><\/p>\n<p>Ib\u00e1\u00f1ez Rodr\u00edguez, M.; Cu\u00e9llar L\u00e1zaro, C.; Masseau, P. (eds.) (2022). <em>De la hip\u00f3tesis a la tesis: traductolog\u00eda y ling\u00fc\u00edstica aplicada<\/em>. Granada: Comares. Colecci\u00f3n Interlingua. <a href=\"https:\/\/dialnet.unirioja.es\/servlet\/libro?codigo=858134\">https:\/\/dialnet.unirioja.es\/servlet\/libro?codigo=858134<\/a><\/p>\n<p>Ib\u00e1\u00f1ez Rodr\u00edguez, M. (2022). <em>Enotradulengua. G\u00e9neros y tipos textuales en el sector del vino<\/em>. Studien zur romanischen Sprachwissenschaft und interkulturellen Kommunikation, Vol. 172. Peter Lang. <a href=\"https:\/\/www.peterlang.com\/document\/1253474\" target=\"_blank\" rel=\"noopener\">https:\/\/www.peterlang.com\/document\/1253474<\/a><\/p>\n<p>Lorente, M. (2022). &#8220;La vitalidad de las lenguas y el cambio l\u00e9xico&#8221;. En Bernal, E.; Freixa, J.; Torner, S. (eds.). <em>La neolog\u00eda del espa\u00f1ol: del uso al diccionario<\/em>. 35-50. Frankfurt: Iberoamericana Vervuert, Ling\u00fc\u00edstica Iberoamericana, 87. <a href=\"https:\/\/www.iberoamericana-vervuert.es\/FichaLibro.aspx?P1=201650\" target=\"_blank\" rel=\"noopener\">https:\/\/www.iberoamericana-vervuert.es\/FichaLibro.aspx?P1=201650<\/a><\/p>\n<p>Losey, M. A.; Corpas, G. (2023). <em>La terminolog\u00eda del dominio de la seguridad de la navegaci\u00f3n mar\u00edtima en ingl\u00e9s y en espa\u00f1ol: formalizaci\u00f3n ontol\u00f3gica a partir de recursos digitales y corpus especializados<\/em>. Peter Lang. <a href=\"https:\/\/www.peterlang.com\/document\/1303843\" target=\"_blank\" rel=\"noopener\">https:\/\/www.peterlang.com\/document\/1303843<\/a><\/p>\n<p>Rold\u00e1n, M. (2022). Los tipos de aceite de oliva en el <em>Diccionario de la Lengua Espa\u00f1ola<\/em>. <em>Bolet\u00edn de la Real Academia Espa\u00f1ola<\/em>, 101(324), 643-676. <a href=\"http:\/\/revistas.rae.es\/brae\/article\/view\/492\/978\">http:\/\/revistas.rae.es\/brae\/article\/view\/492\/978<\/a><\/p>\n<p>Santamar\u00eda-P\u00e9rez, M. I. (2022). &#8220;Sextorsi\u00f3n y mansplaining: caracterizaci\u00f3n y percepci\u00f3n social del l\u00e9xico de la violencia de g\u00e9nero en los medios digitales&#8221;. <em>C\u00edrculo de Ling\u00fc\u00edstica Aplicada a la Comunicaci\u00f3n<\/em>, 89, 43-55. <a href=\"https:\/\/dx.doi.org\/10.5209\/clac.79500\" target=\"_blank\" rel=\"noopener\">https:\/\/dx.doi.org\/10.5209\/clac.79500<\/a><\/p>\n<p>Santamar\u00eda-P\u00e9rez, M. I. (2022). &#8220;De heterosexual a intersexual: neolog\u00eda, cognici\u00f3n y visibilidad de la diversidad de g\u00e9nero&#8221;. <em>Estudios Rom\u00e1nicos<\/em> 3, 361-381. <a href=\"https:\/\/doi.org\/10.6018\/ER.509241\" target=\"_blank\" rel=\"noopener\">https:\/\/doi.org\/10.6018\/ER.509241<\/a><\/p>\n<p>SCATERM (2022). <em>Dossier: Mirades a la neologia especialitzada. Termin\u00e0lia<\/em>,\u202f26. <a href=\"http:\/\/revistes.iec.cat\/index.php\/Terminalia\/index\" target=\"_blank\" rel=\"noopener\">http:\/\/revistes.iec.cat\/index.php\/Terminalia\/index\u00a0<\/a><\/p>\n<p>TERMCAT, Centre de Terminologia (2023). <em>Diccionari de seguretat aliment\u00e0ria<\/em>. 2a ed. <a href=\"https:\/\/www.termcat.cat\/ca\/diccionaris-en-linia\/304\" target=\"_blank\" rel=\"noopener\">https:\/\/www.termcat.cat\/ca\/diccionaris-en-linia\/304<\/a><\/p>\n<p>TERMCAT, Centre de Terminologia (2023). <em>Diccionari dels mam\u00edfers del m\u00f3n<\/em>. <a href=\"https:\/\/www.termcat.cat\/ca\/diccionaris-en-linia\/317\" target=\"_blank\" rel=\"noopener\">https:\/\/www.termcat.cat\/ca\/diccionaris-en-linia\/317<\/a><\/p>\n<p>TERMCAT, Centre de Terminologia (2023).<em> Intel\u00b7lig\u00e8ncia artificial: vocabulari b\u00e0sic<\/em>. <a href=\"https:\/\/www.termcat.cat\/ca\/recursos\/productes-multimedia\/intelligencia-artificial-vocabulari-basic\" target=\"_blank\" rel=\"noopener\">https:\/\/www.termcat.cat\/ca\/recursos\/productes-multimedia\/intelligencia-artificial-vocabulari-basic<\/a><\/p>\n<p>TERMCAT, Centre de Terminologia (2023). <em>Terminologia de les plataformes de v\u00eddeo a la carta<\/em>. <a href=\"https:\/\/www.termcat.cat\/ca\/diccionaris-en-linia\/314\" target=\"_blank\" rel=\"noopener\">https:\/\/www.termcat.cat\/ca\/diccionaris-en-linia\/314<\/a><\/p>\n<p>TERMCAT, Centre de Terminologia (2023). <em>Les capes de la Terra<\/em>. <a href=\"https:\/\/www.termcat.cat\/ca\/recursos\/productes-multimedia\/les-capes-la-terra\" target=\"_blank\" rel=\"noopener\">https:\/\/www.termcat.cat\/ca\/recursos\/productes-multimedia\/les-capes-la-terra<\/a><\/p>\n<p>TERMCAT, Centre de Terminologia (2023). <em>L&#8217;incendi forestal<\/em>. <a href=\"https:\/\/www.termcat.cat\/ca\/recursos\/productes-multimedia\/lincendi-forestal\" target=\"_blank\" rel=\"noopener\">https:\/\/www.termcat.cat\/ca\/recursos\/productes-multimedia\/lincendi-forestal<\/a><\/p>\n<p>TERMCAT, Centre de Terminologia (2023). <em>Seguretat aliment\u00e0ria: Els perills alimentaris<\/em>. <a href=\"https:\/\/www.termcat.cat\/ca\/recursos\/productes-multimedia\/seguretat-alimentaria-els-perills-alimentaris\" target=\"_blank\" rel=\"noopener\">https:\/\/www.termcat.cat\/ca\/recursos\/productes-multimedia\/seguretat-alimentaria-els-perills-alimentaris<\/a><\/p>\n<p>TERMCAT, Centre de Terminologia (2023). <em>Termes de criquet<\/em>. <a href=\"https:\/\/www.termcat.cat\/ca\/recursos\/productes-multimedia\/termes-criquet\" target=\"_blank\" rel=\"noopener\">https:\/\/www.termcat.cat\/ca\/recursos\/productes-multimedia\/termes-criquet<\/a><\/p>\n<p>TERMCAT, Centre de Terminologia (2016-2023).<em> Diccionari de qu\u00edmica<\/em>. <a href=\"https:\/\/www.termcat.cat\/ca\/diccionaris-en-linia\/212\" target=\"_blank\" rel=\"noopener\">https:\/\/www.termcat.cat\/ca\/diccionaris-en-linia\/212<\/a><\/p>\n<p>TERMCAT, Centre de Terminologia (2023). <em>Diccionari de tr\u00e0nsi<\/em>t. <a href=\"https:\/\/www.termcat.cat\/ca\/diccionaris-en-linia\/315\" target=\"_blank\" rel=\"noopener\">https:\/\/www.termcat.cat\/ca\/diccionaris-en-linia\/315<\/a><\/p>\n<p>TERMCAT, Centre de Terminologia (2023). <em>Les parts del llibre<\/em>. <a href=\"https:\/\/www.termcat.cat\/ca\/recursos\/productes-multimedia\/les-parts-del-llibre\" target=\"_blank\" rel=\"noopener\">https:\/\/www.termcat.cat\/ca\/recursos\/productes-multimedia\/les-parts-del-llibre<\/a><\/p>\n<p>TERMCAT, Centre de Terminologia (2023). <em>Llamps: tipologia i fases<\/em>. <a href=\"https:\/\/www.termcat.cat\/ca\/recursos\/productes-multimedia\/llamps-tipologia-i-fases\" target=\"_blank\" rel=\"noopener\">https:\/\/www.termcat.cat\/ca\/recursos\/productes-multimedia\/llamps-tipologia-i-fases<\/a><\/p>\n<p>TERMCAT, Centre de Terminologia (2022). <em>Terminologia de la fibra \u00f2ptica<\/em>. <a href=\"https:\/\/www.termcat.cat\/ca\/diccionaris-en-linia\/299\" target=\"_blank\" rel=\"noopener\">https:\/\/www.termcat.cat\/ca\/diccionaris-en-linia\/299<\/a><\/p>\n<p>TERMCAT, Centre de Terminologia (2022). <em>Terminologia del consentiment sexual<\/em>. <a href=\"https:\/\/www.termcat.cat\/ca\/diccionaris-en-linia\/302\" target=\"_blank\" rel=\"noopener\">https:\/\/www.termcat.cat\/ca\/diccionaris-en-linia\/302<\/a><\/p>\n<p>TERMCAT, Centre de Terminologia (2022). <em>Termes de dansa cl\u00e0ssica. 1 infografia<\/em>. <a href=\"https:\/\/www.termcat.cat\/ca\/recursos\/productes-multimedia\/termes-dansa-classica\" target=\"_blank\" rel=\"noopener\">https:\/\/www.termcat.cat\/ca\/recursos\/productes-multimedia\/termes-dansa-classica<\/a><\/p>\n<p>TERMCAT, Centre de Terminologia (2022). <em>Vocabulari de la moto de neu<\/em>.\u00a0 <a href=\"https:\/\/www.termcat.cat\/ca\/diccionaris-en-linia\/306\">https:\/\/www.termcat.cat\/ca\/diccionaris-en-linia\/306<\/a><\/p>\n<p>TERMCAT, Centre de Terminologia (2020-2022). <em>Diccionari de mobilitat sostenible<\/em>. <a href=\"https:\/\/www.termcat.cat\/ca\/diccionaris-en-linia\/288\">https:\/\/www.termcat.cat\/ca\/diccionaris-en-linia\/288<\/a><\/p>\n<p>TERMCAT, Centre de Terminologia; Fundaci\u00f3 de la Jardineria i el Paisatge (2016-2022). <em>Glossari de jardineria i paisatgisme<\/em>. <a href=\"https:\/\/www.termcat.cat\/ca\/diccionaris-en-linia\/222\">https:\/\/www.termcat.cat\/ca\/diccionaris-en-linia\/222<\/a><\/p>\n<p>TERMCAT, Centre de Terminologia (2015-2022). <em>Glossari de sabors del m\u00f3n<\/em>. <a href=\"https:\/\/www.termcat.cat\/ca\/diccionaris-en-linia\/201\">https:\/\/www.termcat.cat\/ca\/diccionaris-en-linia\/201<\/a><\/p>\n<p>TERMCAT, Centre de Terminologia (2010-2022). <em>Diccionari general de l&#8217;esport<\/em>. <a href=\"https:\/\/www.termcat.cat\/ca\/diccionaris-en-linia\/114\">https:\/\/www.termcat.cat\/ca\/diccionaris-en-linia\/114<\/a><\/p>\n<p>TERMCAT, Centre de Terminologia (2022). <em>La ciberseguretat en les relacions socials: Termes clau<\/em>. <a href=\"https:\/\/www.termcat.cat\/ca\/recursos\/productes-multimedia\/la-ciberseguretat-les-relacions-socials-termes-clau\">https:\/\/www.termcat.cat\/ca\/recursos\/productes-multimedia\/la-ciberseguretat-les-relacions-socials-termes-clau<\/a><\/p>\n<p>TERMCAT, Centre de Terminologia (2022). <em>Gr\u00e0fics de visualitzaci\u00f3 de dades<\/em>. <a href=\"https:\/\/www.termcat.cat\/ca\/recursos\/productes-multimedia\/grafics-visualitzacio-dades\">https:\/\/www.termcat.cat\/ca\/recursos\/productes-multimedia\/grafics-visualitzacio-dades<\/a><\/p>\n<p>TERMCAT, Centre de Terminologia (2022). <em>8M. Dia de la Dona<\/em>. <a href=\"https:\/\/www.termcat.cat\/ca\/recursos\/productes-multimedia\/8m-dia-la-dona\">https:\/\/www.termcat.cat\/ca\/recursos\/productes-multimedia\/8m-dia-la-dona<\/a><\/p>\n<p>TERMCAT, Centre de Terminologia (2022). <em>Bestiari econ\u00f2mic<\/em>. <a href=\"https:\/\/www.termcat.cat\/ca\/recursos\/productes-multimedia\/bestiari-economic\">https:\/\/www.termcat.cat\/ca\/recursos\/productes-multimedia\/bestiari-economic<\/a><\/p>\n<p>TERMCAT, Centre de Terminologia (2022). <em>Diccionari de turisme<\/em>. <a href=\"https:\/\/www.termcat.cat\/ca\/diccionaris-en-linia\/312\" target=\"_blank\" rel=\"noopener\">https:\/\/www.termcat.cat\/ca\/diccionaris-en-linia\/312<\/a><\/p>\n<p>TERMCAT, Centre de Terminologia, Consorci per a la Normalitzaci\u00f3 Ling\u00fc\u00edstica (2022). <em>Tastets de cuina amaziga<\/em>. <a href=\"https:\/\/www.termcat.cat\/ca\/diccionaris-en-linia\/311\" target=\"_blank\" rel=\"noopener\">https:\/\/www.termcat.cat\/ca\/diccionaris-en-linia\/311<\/a><\/p>\n<p>TERMCAT, Centre de Terminologia, REALITER (2014-2022). <em>Vocabulari de les xarxes socials<\/em>. <a href=\"https:\/\/www.termcat.cat\/ca\/diccionaris-en-linia\/156\">https:\/\/www.termcat.cat\/ca\/diccionaris-en-linia\/156<\/a><\/p>\n<p>* AETER es limita a difondre les noves publicacions dels seus socis, sense compartir-ne necess\u00e0riament el contingut.<\/p>\n","protected":false},"excerpt":{"rendered":"<p>Cabr\u00e9, T.; Lorente, M. (2021). &#8220;Panorama te\u00f2ric de la terminologia actual&#8221;. Termin\u00e0lia, 24 (desembre 2021), 57-63. https:\/\/raco.cat\/index.php\/Terminalia\/article\/view\/397373 Col\u00b7legi de Farmac\u00e8utics de Barcelona, TERMCAT, Centre de Terminologia (2008-2022). L\u00e8xic de f\u00e0rmacs.\u00a0 https:\/\/www.termcat.cat\/ca\/diccionaris-en-linia\/12 Contreras Blanco, F. (2023). 53 terminockianos \u2013 Terminolog\u00eda hitchcockiana: una pel\u00edcula, un t\u00e9rmino clave\u2026 o no. Granada: Editorial Comares, Colecci\u00f3n Interlingua. ISBN: 978-84-1369-524-2. https:\/\/www.comares.com\/libro\/53-terminockianos_147107\/&hellip;<\/p>\n","protected":false},"author":5,"featured_media":0,"parent":0,"menu_order":0,"comment_status":"closed","ping_status":"closed","template":"","meta":{"footnotes":""},"class_list":["post-5948","page","type-page","status-publish","hentry"],"yoast_head":"<!-- This site is optimized with the Yoast SEO plugin v24.4 - https:\/\/yoast.com\/wordpress\/plugins\/seo\/ -->\n<title>Publicacions recents dels socis d&#039;AETER - ASOCIACI\u00d3N ESPA\u00d1OLA DE TERMINOLOG\u00cdA<\/title>\n<meta name=\"robots\" content=\"index, follow, max-snippet:-1, max-image-preview:large, max-video-preview:-1\" \/>\n<link rel=\"canonical\" href=\"https:\/\/aeter.org\/ca\/publicacions-recents-dels-socis-daeter\/\" \/>\n<meta property=\"og:locale\" content=\"ca_ES\" \/>\n<meta property=\"og:type\" content=\"article\" \/>\n<meta property=\"og:title\" content=\"Publicacions recents dels socis d&#039;AETER - ASOCIACI\u00d3N ESPA\u00d1OLA DE TERMINOLOG\u00cdA\" \/>\n<meta property=\"og:description\" content=\"Cabr\u00e9, T.; Lorente, M. (2021). &#8220;Panorama te\u00f2ric de la terminologia actual&#8221;. Termin\u00e0lia, 24 (desembre 2021), 57-63. https:\/\/raco.cat\/index.php\/Terminalia\/article\/view\/397373 Col\u00b7legi de Farmac\u00e8utics de Barcelona, TERMCAT, Centre de Terminologia (2008-2022). L\u00e8xic de f\u00e0rmacs.\u00a0 https:\/\/www.termcat.cat\/ca\/diccionaris-en-linia\/12 Contreras Blanco, F. (2023). 53 terminockianos \u2013 Terminolog\u00eda hitchcockiana: una pel\u00edcula, un t\u00e9rmino clave\u2026 o no. Granada: Editorial Comares, Colecci\u00f3n Interlingua. ISBN: 978-84-1369-524-2. https:\/\/www.comares.com\/libro\/53-terminockianos_147107\/&hellip;\" \/>\n<meta property=\"og:url\" content=\"https:\/\/aeter.org\/ca\/publicacions-recents-dels-socis-daeter\/\" \/>\n<meta property=\"og:site_name\" content=\"ASOCIACI\u00d3N ESPA\u00d1OLA DE TERMINOLOG\u00cdA\" \/>\n<meta property=\"article:modified_time\" content=\"2023-11-02T17:40:32+00:00\" \/>\n<meta name=\"twitter:card\" content=\"summary_large_image\" \/>\n<meta name=\"twitter:label1\" content=\"Temps estimat de lectura\" \/>\n\t<meta name=\"twitter:data1\" content=\"4 minuts\" \/>\n<script type=\"application\/ld+json\" class=\"yoast-schema-graph\">{\"@context\":\"https:\/\/schema.org\",\"@graph\":[{\"@type\":\"WebPage\",\"@id\":\"https:\/\/aeter.org\/ca\/publicacions-recents-dels-socis-daeter\/\",\"url\":\"https:\/\/aeter.org\/ca\/publicacions-recents-dels-socis-daeter\/\",\"name\":\"Publicacions recents dels socis d'AETER - ASOCIACI\u00d3N ESPA\u00d1OLA DE TERMINOLOG\u00cdA\",\"isPartOf\":{\"@id\":\"https:\/\/aeter.org\/#website\"},\"datePublished\":\"2022-04-05T08:41:37+00:00\",\"dateModified\":\"2023-11-02T17:40:32+00:00\",\"breadcrumb\":{\"@id\":\"https:\/\/aeter.org\/ca\/publicacions-recents-dels-socis-daeter\/#breadcrumb\"},\"inLanguage\":\"ca\",\"potentialAction\":[{\"@type\":\"ReadAction\",\"target\":[\"https:\/\/aeter.org\/ca\/publicacions-recents-dels-socis-daeter\/\"]}]},{\"@type\":\"BreadcrumbList\",\"@id\":\"https:\/\/aeter.org\/ca\/publicacions-recents-dels-socis-daeter\/#breadcrumb\",\"itemListElement\":[{\"@type\":\"ListItem\",\"position\":1,\"name\":\"Portada\",\"item\":\"https:\/\/aeter.org\/\"},{\"@type\":\"ListItem\",\"position\":2,\"name\":\"Publicacions recents dels socis d&#8217;AETER\"}]},{\"@type\":\"WebSite\",\"@id\":\"https:\/\/aeter.org\/#website\",\"url\":\"https:\/\/aeter.org\/\",\"name\":\"ASOCIACI\u00d3N ESPA\u00d1OLA DE TERMINOLOG\u00cdA\",\"description\":\"AETER\",\"potentialAction\":[{\"@type\":\"SearchAction\",\"target\":{\"@type\":\"EntryPoint\",\"urlTemplate\":\"https:\/\/aeter.org\/?s={search_term_string}\"},\"query-input\":{\"@type\":\"PropertyValueSpecification\",\"valueRequired\":true,\"valueName\":\"search_term_string\"}}],\"inLanguage\":\"ca\"}]}<\/script>\n<!-- \/ Yoast SEO plugin. -->","yoast_head_json":{"title":"Publicacions recents dels socis d'AETER - ASOCIACI\u00d3N ESPA\u00d1OLA DE TERMINOLOG\u00cdA","robots":{"index":"index","follow":"follow","max-snippet":"max-snippet:-1","max-image-preview":"max-image-preview:large","max-video-preview":"max-video-preview:-1"},"canonical":"https:\/\/aeter.org\/ca\/publicacions-recents-dels-socis-daeter\/","og_locale":"ca_ES","og_type":"article","og_title":"Publicacions recents dels socis d'AETER - ASOCIACI\u00d3N ESPA\u00d1OLA DE TERMINOLOG\u00cdA","og_description":"Cabr\u00e9, T.; Lorente, M. (2021). &#8220;Panorama te\u00f2ric de la terminologia actual&#8221;. Termin\u00e0lia, 24 (desembre 2021), 57-63. https:\/\/raco.cat\/index.php\/Terminalia\/article\/view\/397373 Col\u00b7legi de Farmac\u00e8utics de Barcelona, TERMCAT, Centre de Terminologia (2008-2022). L\u00e8xic de f\u00e0rmacs.\u00a0 https:\/\/www.termcat.cat\/ca\/diccionaris-en-linia\/12 Contreras Blanco, F. (2023). 53 terminockianos \u2013 Terminolog\u00eda hitchcockiana: una pel\u00edcula, un t\u00e9rmino clave\u2026 o no. Granada: Editorial Comares, Colecci\u00f3n Interlingua. ISBN: 978-84-1369-524-2. https:\/\/www.comares.com\/libro\/53-terminockianos_147107\/&hellip;","og_url":"https:\/\/aeter.org\/ca\/publicacions-recents-dels-socis-daeter\/","og_site_name":"ASOCIACI\u00d3N ESPA\u00d1OLA DE TERMINOLOG\u00cdA","article_modified_time":"2023-11-02T17:40:32+00:00","twitter_card":"summary_large_image","twitter_misc":{"Temps estimat de lectura":"4 minuts"},"schema":{"@context":"https:\/\/schema.org","@graph":[{"@type":"WebPage","@id":"https:\/\/aeter.org\/ca\/publicacions-recents-dels-socis-daeter\/","url":"https:\/\/aeter.org\/ca\/publicacions-recents-dels-socis-daeter\/","name":"Publicacions recents dels socis d'AETER - ASOCIACI\u00d3N ESPA\u00d1OLA DE TERMINOLOG\u00cdA","isPartOf":{"@id":"https:\/\/aeter.org\/#website"},"datePublished":"2022-04-05T08:41:37+00:00","dateModified":"2023-11-02T17:40:32+00:00","breadcrumb":{"@id":"https:\/\/aeter.org\/ca\/publicacions-recents-dels-socis-daeter\/#breadcrumb"},"inLanguage":"ca","potentialAction":[{"@type":"ReadAction","target":["https:\/\/aeter.org\/ca\/publicacions-recents-dels-socis-daeter\/"]}]},{"@type":"BreadcrumbList","@id":"https:\/\/aeter.org\/ca\/publicacions-recents-dels-socis-daeter\/#breadcrumb","itemListElement":[{"@type":"ListItem","position":1,"name":"Portada","item":"https:\/\/aeter.org\/"},{"@type":"ListItem","position":2,"name":"Publicacions recents dels socis d&#8217;AETER"}]},{"@type":"WebSite","@id":"https:\/\/aeter.org\/#website","url":"https:\/\/aeter.org\/","name":"ASOCIACI\u00d3N ESPA\u00d1OLA DE TERMINOLOG\u00cdA","description":"AETER","potentialAction":[{"@type":"SearchAction","target":{"@type":"EntryPoint","urlTemplate":"https:\/\/aeter.org\/?s={search_term_string}"},"query-input":{"@type":"PropertyValueSpecification","valueRequired":true,"valueName":"search_term_string"}}],"inLanguage":"ca"}]}},"_links":{"self":[{"href":"https:\/\/aeter.org\/ca\/wp-json\/wp\/v2\/pages\/5948","targetHints":{"allow":["GET"]}}],"collection":[{"href":"https:\/\/aeter.org\/ca\/wp-json\/wp\/v2\/pages"}],"about":[{"href":"https:\/\/aeter.org\/ca\/wp-json\/wp\/v2\/types\/page"}],"author":[{"embeddable":true,"href":"https:\/\/aeter.org\/ca\/wp-json\/wp\/v2\/users\/5"}],"replies":[{"embeddable":true,"href":"https:\/\/aeter.org\/ca\/wp-json\/wp\/v2\/comments?post=5948"}],"version-history":[{"count":17,"href":"https:\/\/aeter.org\/ca\/wp-json\/wp\/v2\/pages\/5948\/revisions"}],"predecessor-version":[{"id":6616,"href":"https:\/\/aeter.org\/ca\/wp-json\/wp\/v2\/pages\/5948\/revisions\/6616"}],"wp:attachment":[{"href":"https:\/\/aeter.org\/ca\/wp-json\/wp\/v2\/media?parent=5948"}],"curies":[{"name":"wp","href":"https:\/\/api.w.org\/{rel}","templated":true}]}}