{"id":2646,"date":"2021-03-25T17:30:00","date_gmt":"2021-03-25T17:30:00","guid":{"rendered":"https:\/\/aeter.org\/aurkezpena\/"},"modified":"2023-11-02T15:23:03","modified_gmt":"2023-11-02T15:23:03","slug":"aurkezpena","status":"publish","type":"page","link":"https:\/\/aeter.org\/eu\/aurkezpena\/","title":{"rendered":"Aurkezpena"},"content":{"rendered":"<p><span style=\"font-size: 13px; line-height: 19px;\"><strong>Zer da AETER?<\/strong><\/span><\/p>\n<div id=\"_mcePaste\">\n<div id=\"_mcePaste\" style=\"text-align: justify;\"><strong>Espainiako Terminologia Elkartea (AETER)<\/strong> 1997an sortu zuten Madrilen hainbat pertsonak eta erakundek. Terminologiari eta espezialitate-hizkuntzei buruz ikertzeko eta espainierazko eta Espainiako gainerako hizkuntzetako terminologia-baliabideak prestatzeko eta kontsultatzeko interesa zuten erakunde horiek guztiek.<\/div>\n<div style=\"text-align: justify;\">AETER eremu nazionaleko elkarte bat da, irabazi-asmorik gabea, eta helburu nagusi hauek ditu: Terminologia diziplina gisa garatzea eta sustatzea; beharrezkoak diren baliabide terminologikoak sortzeari laguntzea; eta dauden baliabideak zabaltzea.<\/div>\n<div id=\"_mcePaste\"><\/div>\n<div id=\"_mcePaste\" style=\"text-align: justify;\">AETERek erregulartasunez antolatzen ditu <a href=\"https:\/\/aeter.org\/eu\/aeter-jardunaldiak\/\" target=\"_blank\" rel=\"noopener noreferrer\">Terminologia Jardunaldiak<\/a>, truke zientifikoa errazteko eta terminologia sortzen eta kontsumitzen duten erakundeak komunikazioan eta dibulgazioan espezialitate-eremuetan duen garrantziaz kontzientziatzeko asmoz. Jardunaldi horietan, terminologiarekin zerikusia duten gaiak lantzen dira, edozein arlori dagokionez, teorikoak nahiz praktikoak eta aplikatuak. Era berean, Elkarteak parte hartzen du terminologiarekin eta antzeko gaiekin zerikusia duten bileretan, biltzarretan eta jardueretan.<\/div>\n<div id=\"_mcePaste\"><\/div>\n<div id=\"_mcePaste\" style=\"text-align: justify;\">AETERek <strong>harremanak<\/strong> ditu organismo, elkarte eta erakunde autonomiko, nazional eta nazioartekoekin, hizkuntza espezializatuen erabilera komuna koordinatzen laguntzeko. Red Iberoamericana de Terminolog\u00eda (<a href=\"https:\/\/sites.google.com\/view\/riterm\/es\" target=\"_blank\" rel=\"noopener noreferrer\">RITerm<\/a>) eta Red Panlatina de Terminolog\u00eda (<a href=\"http:\/\/www.realiter.net\/\" target=\"_blank\" rel=\"noopener noreferrer\">REALITER<\/a>) sareetako parte da. Societat Catalana de Terminologia (<a href=\"http:\/\/scaterm.iec.cat\/\" target=\"_blank\" rel=\"noopener noreferrer\">SCATERM<\/a>) elkarteko kidea da elkarrekikotasun-harremanez.<\/div>\n<div id=\"_mcePaste\"><\/div>\n<div id=\"_mcePaste\" style=\"text-align: justify;\">AETER irekia dago Terminologian interesa duten guztien <strong>parte-hartzera<\/strong> eta ahaleginera, edozein arlotan nahiz alderditan. <a href=\"https:\/\/aeter.org\/eu\/kideak\/\" target=\"_blank\" rel=\"noopener noreferrer\">AETERen kide<\/a> indibidualak nahiz erakundeak askotarikoak dira: <a href=\"https:\/\/www.ranm.es\/\" target=\"_blank\" rel=\"noopener\">Real Academia Nacional de Medicina<\/a>; <a href=\"http:\/\/www.rae.es\" target=\"_blank\" rel=\"noopener noreferrer\">Real Academia Espa\u00f1ola<\/a>; hainbat unibertsitatetako sailak eta institutuak; Asociaci\u00f3n Espa\u00f1ola de Normalizaci\u00f3n (<a href=\"https:\/\/www.une.org\/\" target=\"_blank\" rel=\"noopener\">UNE<\/a>); Espainiako beste hizkuntza batzuetako terminologia-zentroak, <a href=\"http:\/\/www.termcat.net\" target=\"_blank\" rel=\"noopener noreferrer\">TERMCAT<\/a>, <a href=\"https:\/\/www.uzei.eus\/\" target=\"_blank\" rel=\"noopener noreferrer\">UZEI<\/a> eta <a href=\"http:\/\/www.cirp.es\" target=\"_blank\" rel=\"noopener noreferrer\">TERMIGAL<\/a>; eta hizkuntza-industrien eta edizioaren eremuko hainbat erakunde pribatu.<\/div>\n<div id=\"_mcePaste\"><\/div>\n<div id=\"_mcePaste\" style=\"text-align: justify;\"><a href=\"https:\/\/aeter.org\/eu\/afiliazioa\/\" target=\"_blank\" rel=\"noopener noreferrer\">AETEReko kide izan daitezke<\/a>\u00a0hala eskatzen duten pertsonak edo erakundeak, Elkartearen Estatutuen arabera. Bazkide instituzionalak haiek izendatutako pertsona batek ordezkatzen ditu, eta pertsona hori bazkide ere izan daiteke pertsonalki.<\/div>\n<\/div>\n","protected":false},"excerpt":{"rendered":"<p>Zer da AETER? Espainiako Terminologia Elkartea (AETER) 1997an sortu zuten Madrilen hainbat pertsonak eta erakundek. Terminologiari eta espezialitate-hizkuntzei buruz ikertzeko eta espainierazko eta Espainiako gainerako hizkuntzetako terminologia-baliabideak prestatzeko eta kontsultatzeko interesa zuten erakunde horiek guztiek. AETER eremu nazionaleko elkarte bat da, irabazi-asmorik gabea, eta helburu nagusi hauek ditu: Terminologia diziplina gisa garatzea eta sustatzea; beharrezkoak&hellip;<\/p>\n","protected":false},"author":5,"featured_media":0,"parent":0,"menu_order":0,"comment_status":"closed","ping_status":"closed","template":"","meta":{"footnotes":""},"class_list":["post-2646","page","type-page","status-publish","hentry"],"yoast_head":"<!-- This site is optimized with the Yoast SEO plugin v24.4 - https:\/\/yoast.com\/wordpress\/plugins\/seo\/ -->\n<title>Aurkezpena - ASOCIACI\u00d3N ESPA\u00d1OLA DE TERMINOLOG\u00cdA<\/title>\n<meta name=\"robots\" content=\"index, follow, max-snippet:-1, max-image-preview:large, max-video-preview:-1\" \/>\n<link rel=\"canonical\" href=\"https:\/\/aeter.org\/eu\/aurkezpena\/\" \/>\n<meta property=\"og:locale\" content=\"eu_ES\" \/>\n<meta property=\"og:type\" content=\"article\" \/>\n<meta property=\"og:title\" content=\"Aurkezpena - ASOCIACI\u00d3N ESPA\u00d1OLA DE TERMINOLOG\u00cdA\" \/>\n<meta property=\"og:description\" content=\"Zer da AETER? Espainiako Terminologia Elkartea (AETER) 1997an sortu zuten Madrilen hainbat pertsonak eta erakundek. Terminologiari eta espezialitate-hizkuntzei buruz ikertzeko eta espainierazko eta Espainiako gainerako hizkuntzetako terminologia-baliabideak prestatzeko eta kontsultatzeko interesa zuten erakunde horiek guztiek. AETER eremu nazionaleko elkarte bat da, irabazi-asmorik gabea, eta helburu nagusi hauek ditu: Terminologia diziplina gisa garatzea eta sustatzea; beharrezkoak&hellip;\" \/>\n<meta property=\"og:url\" content=\"https:\/\/aeter.org\/eu\/aurkezpena\/\" \/>\n<meta property=\"og:site_name\" content=\"ASOCIACI\u00d3N ESPA\u00d1OLA DE TERMINOLOG\u00cdA\" \/>\n<meta property=\"article:modified_time\" content=\"2023-11-02T15:23:03+00:00\" \/>\n<meta name=\"twitter:card\" content=\"summary_large_image\" \/>\n<meta name=\"twitter:label1\" content=\"Est. reading time\" \/>\n\t<meta name=\"twitter:data1\" content=\"2 minutes\" \/>\n<script type=\"application\/ld+json\" class=\"yoast-schema-graph\">{\"@context\":\"https:\/\/schema.org\",\"@graph\":[{\"@type\":\"WebPage\",\"@id\":\"https:\/\/aeter.org\/eu\/aurkezpena\/\",\"url\":\"https:\/\/aeter.org\/eu\/aurkezpena\/\",\"name\":\"Aurkezpena - ASOCIACI\u00d3N ESPA\u00d1OLA DE TERMINOLOG\u00cdA\",\"isPartOf\":{\"@id\":\"https:\/\/aeter.org\/#website\"},\"datePublished\":\"2021-03-25T17:30:00+00:00\",\"dateModified\":\"2023-11-02T15:23:03+00:00\",\"breadcrumb\":{\"@id\":\"https:\/\/aeter.org\/eu\/aurkezpena\/#breadcrumb\"},\"inLanguage\":\"eu-ES\",\"potentialAction\":[{\"@type\":\"ReadAction\",\"target\":[\"https:\/\/aeter.org\/eu\/aurkezpena\/\"]}]},{\"@type\":\"BreadcrumbList\",\"@id\":\"https:\/\/aeter.org\/eu\/aurkezpena\/#breadcrumb\",\"itemListElement\":[{\"@type\":\"ListItem\",\"position\":1,\"name\":\"Portada\",\"item\":\"https:\/\/aeter.org\/\"},{\"@type\":\"ListItem\",\"position\":2,\"name\":\"Aurkezpena\"}]},{\"@type\":\"WebSite\",\"@id\":\"https:\/\/aeter.org\/#website\",\"url\":\"https:\/\/aeter.org\/\",\"name\":\"ASOCIACI\u00d3N ESPA\u00d1OLA DE TERMINOLOG\u00cdA\",\"description\":\"AETER\",\"potentialAction\":[{\"@type\":\"SearchAction\",\"target\":{\"@type\":\"EntryPoint\",\"urlTemplate\":\"https:\/\/aeter.org\/?s={search_term_string}\"},\"query-input\":{\"@type\":\"PropertyValueSpecification\",\"valueRequired\":true,\"valueName\":\"search_term_string\"}}],\"inLanguage\":\"eu-ES\"}]}<\/script>\n<!-- \/ Yoast SEO plugin. -->","yoast_head_json":{"title":"Aurkezpena - ASOCIACI\u00d3N ESPA\u00d1OLA DE TERMINOLOG\u00cdA","robots":{"index":"index","follow":"follow","max-snippet":"max-snippet:-1","max-image-preview":"max-image-preview:large","max-video-preview":"max-video-preview:-1"},"canonical":"https:\/\/aeter.org\/eu\/aurkezpena\/","og_locale":"eu_ES","og_type":"article","og_title":"Aurkezpena - ASOCIACI\u00d3N ESPA\u00d1OLA DE TERMINOLOG\u00cdA","og_description":"Zer da AETER? Espainiako Terminologia Elkartea (AETER) 1997an sortu zuten Madrilen hainbat pertsonak eta erakundek. Terminologiari eta espezialitate-hizkuntzei buruz ikertzeko eta espainierazko eta Espainiako gainerako hizkuntzetako terminologia-baliabideak prestatzeko eta kontsultatzeko interesa zuten erakunde horiek guztiek. AETER eremu nazionaleko elkarte bat da, irabazi-asmorik gabea, eta helburu nagusi hauek ditu: Terminologia diziplina gisa garatzea eta sustatzea; beharrezkoak&hellip;","og_url":"https:\/\/aeter.org\/eu\/aurkezpena\/","og_site_name":"ASOCIACI\u00d3N ESPA\u00d1OLA DE TERMINOLOG\u00cdA","article_modified_time":"2023-11-02T15:23:03+00:00","twitter_card":"summary_large_image","twitter_misc":{"Est. reading time":"2 minutes"},"schema":{"@context":"https:\/\/schema.org","@graph":[{"@type":"WebPage","@id":"https:\/\/aeter.org\/eu\/aurkezpena\/","url":"https:\/\/aeter.org\/eu\/aurkezpena\/","name":"Aurkezpena - ASOCIACI\u00d3N ESPA\u00d1OLA DE TERMINOLOG\u00cdA","isPartOf":{"@id":"https:\/\/aeter.org\/#website"},"datePublished":"2021-03-25T17:30:00+00:00","dateModified":"2023-11-02T15:23:03+00:00","breadcrumb":{"@id":"https:\/\/aeter.org\/eu\/aurkezpena\/#breadcrumb"},"inLanguage":"eu-ES","potentialAction":[{"@type":"ReadAction","target":["https:\/\/aeter.org\/eu\/aurkezpena\/"]}]},{"@type":"BreadcrumbList","@id":"https:\/\/aeter.org\/eu\/aurkezpena\/#breadcrumb","itemListElement":[{"@type":"ListItem","position":1,"name":"Portada","item":"https:\/\/aeter.org\/"},{"@type":"ListItem","position":2,"name":"Aurkezpena"}]},{"@type":"WebSite","@id":"https:\/\/aeter.org\/#website","url":"https:\/\/aeter.org\/","name":"ASOCIACI\u00d3N ESPA\u00d1OLA DE TERMINOLOG\u00cdA","description":"AETER","potentialAction":[{"@type":"SearchAction","target":{"@type":"EntryPoint","urlTemplate":"https:\/\/aeter.org\/?s={search_term_string}"},"query-input":{"@type":"PropertyValueSpecification","valueRequired":true,"valueName":"search_term_string"}}],"inLanguage":"eu-ES"}]}},"_links":{"self":[{"href":"https:\/\/aeter.org\/eu\/wp-json\/wp\/v2\/pages\/2646","targetHints":{"allow":["GET"]}}],"collection":[{"href":"https:\/\/aeter.org\/eu\/wp-json\/wp\/v2\/pages"}],"about":[{"href":"https:\/\/aeter.org\/eu\/wp-json\/wp\/v2\/types\/page"}],"author":[{"embeddable":true,"href":"https:\/\/aeter.org\/eu\/wp-json\/wp\/v2\/users\/5"}],"replies":[{"embeddable":true,"href":"https:\/\/aeter.org\/eu\/wp-json\/wp\/v2\/comments?post=2646"}],"version-history":[{"count":6,"href":"https:\/\/aeter.org\/eu\/wp-json\/wp\/v2\/pages\/2646\/revisions"}],"predecessor-version":[{"id":6589,"href":"https:\/\/aeter.org\/eu\/wp-json\/wp\/v2\/pages\/2646\/revisions\/6589"}],"wp:attachment":[{"href":"https:\/\/aeter.org\/eu\/wp-json\/wp\/v2\/media?parent=2646"}],"curies":[{"name":"wp","href":"https:\/\/api.w.org\/{rel}","templated":true}]}}