{"id":4412,"date":"2021-04-22T11:23:06","date_gmt":"2021-04-22T11:23:06","guid":{"rendered":"https:\/\/aeter.org\/afiliazioa\/"},"modified":"2021-04-30T14:33:02","modified_gmt":"2021-04-30T14:33:02","slug":"afiliazioa","status":"publish","type":"page","link":"https:\/\/aeter.org\/eu\/afiliazioa\/","title":{"rendered":"Afiliazioa"},"content":{"rendered":"<p><strong>Nola egin daiteke AETEReko kide?<\/strong><\/p>\n<p>Espainiako Terminologia Elkartearen helburu nagusia terminologiaren eta espezialitate-hizkuntzen arloko truke zientifikoari laguntzea da.<\/p>\n<p>Elkarteko kide izateak, besteak beste, aukera ematen du AETERek urtero antolatzen dituen Terminologiari eta antzeko gaiei buruzko Jardunaldietara doan joateko.<\/p>\n<p>AETEReko kide izan daitezke hala eskatzen duten pertsonak edo erakundeak, Elkartearen Estatutuen arabera. Bazkide instituzionalak haiek izendatutako pertsona batek ordezkatzen ditu, eta pertsona hori bazkide ere izan daiteke maila pertsonalean. Urteko kuota 30,05 eurokoa da kide indibidualentzat, eta 72,12 eurokoa erakundeentzat.<\/p>\n<p>Kuotak urte bakoitzeko lehen hiruhilekoan ordainduko dira, dagokion faktura jaso ondoren.<\/p>\n<p>Izapideak arintzeko, kuotak honela bakarrik ordaindu ahal izango dira:<\/p>\n<p>\u2022 banku-helbideratze bidez, kide indibidualentzat eta aukera duten erakundeentzat.<\/p>\n<p>\u2022 Elkartearen kontura transferentzia eginez, kuota helbideratu ezin duten erakundeentzat soilik. Garrantzitsua da fakturaren zenbakia Oharrak eremuan agertzea.<\/p>\n<p>Bazkide gisa onartua izateko, interesdunek, lehenik eta behin, atal honetako inskripzio-inprimakia bete behar dute, erabiltzaile-mota hautatuz (indibiduala edo instituzionala).<\/p>\n<ul>\n<li><a href=\"\/eu\/formulario-socio-institucional\/\/\">Bazkide instituzional gisa izena emateko inprimakia<\/a><\/li>\n<li><a href=\"\/eu\/bazkide-indibidualaren-inprimakia\/\">Bazkide indibidual gisa izena emateko inprimakia.<\/a><\/li>\n<\/ul>\n<p>Eskatzaileari alta emango zaio helbideratutako lehenengo kuota ordaintzen duenean.<\/p>\n<p style=\"text-align: left;\"><strong> <\/strong><\/p>\n","protected":false},"excerpt":{"rendered":"<p>Nola egin daiteke AETEReko kide? Espainiako Terminologia Elkartearen helburu nagusia terminologiaren eta espezialitate-hizkuntzen arloko truke zientifikoari laguntzea da. Elkarteko kide izateak, besteak beste, aukera ematen du AETERek urtero antolatzen dituen Terminologiari eta antzeko gaiei buruzko Jardunaldietara doan joateko. AETEReko kide izan daitezke hala eskatzen duten pertsonak edo erakundeak, Elkartearen Estatutuen arabera. Bazkide instituzionalak haiek izendatutako&hellip;<\/p>\n","protected":false},"author":5,"featured_media":0,"parent":0,"menu_order":4,"comment_status":"closed","ping_status":"closed","template":"","meta":{"footnotes":""},"class_list":["post-4412","page","type-page","status-publish","hentry"],"yoast_head":"<!-- This site is optimized with the Yoast SEO plugin v24.4 - https:\/\/yoast.com\/wordpress\/plugins\/seo\/ -->\n<title>Afiliazioa - ASOCIACI\u00d3N ESPA\u00d1OLA DE TERMINOLOG\u00cdA<\/title>\n<meta name=\"robots\" content=\"index, follow, max-snippet:-1, max-image-preview:large, max-video-preview:-1\" \/>\n<link rel=\"canonical\" href=\"https:\/\/aeter.org\/eu\/afiliazioa\/\" \/>\n<meta property=\"og:locale\" content=\"eu_ES\" \/>\n<meta property=\"og:type\" content=\"article\" \/>\n<meta property=\"og:title\" content=\"Afiliazioa - ASOCIACI\u00d3N ESPA\u00d1OLA DE TERMINOLOG\u00cdA\" \/>\n<meta property=\"og:description\" content=\"Nola egin daiteke AETEReko kide? Espainiako Terminologia Elkartearen helburu nagusia terminologiaren eta espezialitate-hizkuntzen arloko truke zientifikoari laguntzea da. Elkarteko kide izateak, besteak beste, aukera ematen du AETERek urtero antolatzen dituen Terminologiari eta antzeko gaiei buruzko Jardunaldietara doan joateko. AETEReko kide izan daitezke hala eskatzen duten pertsonak edo erakundeak, Elkartearen Estatutuen arabera. Bazkide instituzionalak haiek izendatutako&hellip;\" \/>\n<meta property=\"og:url\" content=\"https:\/\/aeter.org\/eu\/afiliazioa\/\" \/>\n<meta property=\"og:site_name\" content=\"ASOCIACI\u00d3N ESPA\u00d1OLA DE TERMINOLOG\u00cdA\" \/>\n<meta property=\"article:modified_time\" content=\"2021-04-30T14:33:02+00:00\" \/>\n<meta name=\"twitter:card\" content=\"summary_large_image\" \/>\n<meta name=\"twitter:label1\" content=\"Est. reading time\" \/>\n\t<meta name=\"twitter:data1\" content=\"1 minute\" \/>\n<script type=\"application\/ld+json\" class=\"yoast-schema-graph\">{\"@context\":\"https:\/\/schema.org\",\"@graph\":[{\"@type\":\"WebPage\",\"@id\":\"https:\/\/aeter.org\/eu\/afiliazioa\/\",\"url\":\"https:\/\/aeter.org\/eu\/afiliazioa\/\",\"name\":\"Afiliazioa - ASOCIACI\u00d3N ESPA\u00d1OLA DE TERMINOLOG\u00cdA\",\"isPartOf\":{\"@id\":\"https:\/\/aeter.org\/#website\"},\"datePublished\":\"2021-04-22T11:23:06+00:00\",\"dateModified\":\"2021-04-30T14:33:02+00:00\",\"breadcrumb\":{\"@id\":\"https:\/\/aeter.org\/eu\/afiliazioa\/#breadcrumb\"},\"inLanguage\":\"eu-ES\",\"potentialAction\":[{\"@type\":\"ReadAction\",\"target\":[\"https:\/\/aeter.org\/eu\/afiliazioa\/\"]}]},{\"@type\":\"BreadcrumbList\",\"@id\":\"https:\/\/aeter.org\/eu\/afiliazioa\/#breadcrumb\",\"itemListElement\":[{\"@type\":\"ListItem\",\"position\":1,\"name\":\"Portada\",\"item\":\"https:\/\/aeter.org\/\"},{\"@type\":\"ListItem\",\"position\":2,\"name\":\"Afiliazioa\"}]},{\"@type\":\"WebSite\",\"@id\":\"https:\/\/aeter.org\/#website\",\"url\":\"https:\/\/aeter.org\/\",\"name\":\"ASOCIACI\u00d3N ESPA\u00d1OLA DE TERMINOLOG\u00cdA\",\"description\":\"AETER\",\"potentialAction\":[{\"@type\":\"SearchAction\",\"target\":{\"@type\":\"EntryPoint\",\"urlTemplate\":\"https:\/\/aeter.org\/?s={search_term_string}\"},\"query-input\":{\"@type\":\"PropertyValueSpecification\",\"valueRequired\":true,\"valueName\":\"search_term_string\"}}],\"inLanguage\":\"eu-ES\"}]}<\/script>\n<!-- \/ Yoast SEO plugin. -->","yoast_head_json":{"title":"Afiliazioa - ASOCIACI\u00d3N ESPA\u00d1OLA DE TERMINOLOG\u00cdA","robots":{"index":"index","follow":"follow","max-snippet":"max-snippet:-1","max-image-preview":"max-image-preview:large","max-video-preview":"max-video-preview:-1"},"canonical":"https:\/\/aeter.org\/eu\/afiliazioa\/","og_locale":"eu_ES","og_type":"article","og_title":"Afiliazioa - ASOCIACI\u00d3N ESPA\u00d1OLA DE TERMINOLOG\u00cdA","og_description":"Nola egin daiteke AETEReko kide? Espainiako Terminologia Elkartearen helburu nagusia terminologiaren eta espezialitate-hizkuntzen arloko truke zientifikoari laguntzea da. Elkarteko kide izateak, besteak beste, aukera ematen du AETERek urtero antolatzen dituen Terminologiari eta antzeko gaiei buruzko Jardunaldietara doan joateko. AETEReko kide izan daitezke hala eskatzen duten pertsonak edo erakundeak, Elkartearen Estatutuen arabera. Bazkide instituzionalak haiek izendatutako&hellip;","og_url":"https:\/\/aeter.org\/eu\/afiliazioa\/","og_site_name":"ASOCIACI\u00d3N ESPA\u00d1OLA DE TERMINOLOG\u00cdA","article_modified_time":"2021-04-30T14:33:02+00:00","twitter_card":"summary_large_image","twitter_misc":{"Est. reading time":"1 minute"},"schema":{"@context":"https:\/\/schema.org","@graph":[{"@type":"WebPage","@id":"https:\/\/aeter.org\/eu\/afiliazioa\/","url":"https:\/\/aeter.org\/eu\/afiliazioa\/","name":"Afiliazioa - ASOCIACI\u00d3N ESPA\u00d1OLA DE TERMINOLOG\u00cdA","isPartOf":{"@id":"https:\/\/aeter.org\/#website"},"datePublished":"2021-04-22T11:23:06+00:00","dateModified":"2021-04-30T14:33:02+00:00","breadcrumb":{"@id":"https:\/\/aeter.org\/eu\/afiliazioa\/#breadcrumb"},"inLanguage":"eu-ES","potentialAction":[{"@type":"ReadAction","target":["https:\/\/aeter.org\/eu\/afiliazioa\/"]}]},{"@type":"BreadcrumbList","@id":"https:\/\/aeter.org\/eu\/afiliazioa\/#breadcrumb","itemListElement":[{"@type":"ListItem","position":1,"name":"Portada","item":"https:\/\/aeter.org\/"},{"@type":"ListItem","position":2,"name":"Afiliazioa"}]},{"@type":"WebSite","@id":"https:\/\/aeter.org\/#website","url":"https:\/\/aeter.org\/","name":"ASOCIACI\u00d3N ESPA\u00d1OLA DE TERMINOLOG\u00cdA","description":"AETER","potentialAction":[{"@type":"SearchAction","target":{"@type":"EntryPoint","urlTemplate":"https:\/\/aeter.org\/?s={search_term_string}"},"query-input":{"@type":"PropertyValueSpecification","valueRequired":true,"valueName":"search_term_string"}}],"inLanguage":"eu-ES"}]}},"_links":{"self":[{"href":"https:\/\/aeter.org\/eu\/wp-json\/wp\/v2\/pages\/4412","targetHints":{"allow":["GET"]}}],"collection":[{"href":"https:\/\/aeter.org\/eu\/wp-json\/wp\/v2\/pages"}],"about":[{"href":"https:\/\/aeter.org\/eu\/wp-json\/wp\/v2\/types\/page"}],"author":[{"embeddable":true,"href":"https:\/\/aeter.org\/eu\/wp-json\/wp\/v2\/users\/5"}],"replies":[{"embeddable":true,"href":"https:\/\/aeter.org\/eu\/wp-json\/wp\/v2\/comments?post=4412"}],"version-history":[{"count":1,"href":"https:\/\/aeter.org\/eu\/wp-json\/wp\/v2\/pages\/4412\/revisions"}],"predecessor-version":[{"id":5623,"href":"https:\/\/aeter.org\/eu\/wp-json\/wp\/v2\/pages\/4412\/revisions\/5623"}],"wp:attachment":[{"href":"https:\/\/aeter.org\/eu\/wp-json\/wp\/v2\/media?parent=4412"}],"curies":[{"name":"wp","href":"https:\/\/api.w.org\/{rel}","templated":true}]}}