{"id":4438,"date":"2021-04-22T15:09:16","date_gmt":"2021-04-22T15:09:16","guid":{"rendered":"https:\/\/aeter.org\/amelia-de-irazazabal-nerpell-1926-2004\/"},"modified":"2021-04-30T14:37:07","modified_gmt":"2021-04-30T14:37:07","slug":"amelia-de-irazazabal-nerpell-1926-2004","status":"publish","type":"page","link":"https:\/\/aeter.org\/eu\/amelia-de-irazazabal-nerpell-1926-2004\/","title":{"rendered":"Amelia de Irazaz\u00e1bal Nerpell (1926-2004)"},"content":{"rendered":"<p>&nbsp;<\/p>\n<p><a href=\"http:\/\/www.aeter.org\/wp-content\/uploads\/2013\/02\/amelia_irazazabal.jpg\"><img loading=\"lazy\" decoding=\"async\" class=\"alignleft size-medium wp-image-232\" title=\"Amelia de Irazaz\u00e1bal\" src=\"http:\/\/www.aeter.org\/wp-content\/uploads\/2013\/02\/amelia_irazazabal-227x300.jpg\" alt=\"Amelia de Irazaz\u00e1bal\" width=\"136\" height=\"180\" srcset=\"https:\/\/aeter.org\/wp-content\/uploads\/2013\/02\/amelia_irazazabal-227x300.jpg 227w, https:\/\/aeter.org\/wp-content\/uploads\/2013\/02\/amelia_irazazabal.jpg 358w\" sizes=\"auto, (max-width: 136px) 100vw, 136px\" \/><\/a><\/p>\n<p><strong><span style=\"color: #800000;\">Amelia de Irazaz\u00e1bal Nerpell<br \/>\n<\/span><\/strong><span style=\"color: #800000;\">(Cr\u00e9menes 1926 \u2013 Madrid 2004)<\/span><\/p>\n<p style=\"text-align: justify;\">Zientzietan Doktorea (1953) eta irakasle ondokoa Valladolideko Unibertsitateko Kimika Organikoaren katedran, 1968an Instituto de Informaci\u00f3n y Documentaci\u00f3n del Consejo Superior de Investigaciones Cient\u00edficas (CSIC) institutuan sartu zen, eta bertan lan handia eta oparoa egin zuen terminologiaren alorrean erretiratu zen arte. Hiztegi zientifikoan eta teknikoan espezialistarik onenetako bat izan zen. CSICetik bere lanak bultzatzen hasteko, Hispanoterm (Centro de Terminolog\u00eda Cient\u00edfica y T\u00e9cnica en Espa\u00f1ol) zentroa sortu zuen 1977an Criado de Val irakaslearekin batera, bere garaiko terminologia-normalizaziorako nazioarteko erakunde garrantzitsuenekin lankidetzan.<\/p>\n<p style=\"text-align: justify;\">Espainierako terminologiaren aldeko etengabeko jarduera bideratzeko, ICYT (Instituto de Informaci\u00f3n y Documentaci\u00f3n en Ciencia y Tecnolog\u00eda) eta ISOCen (Instituto de Informaci\u00f3n y Documentaci\u00f3n en Ciencias Sociales y Humanidades) Espainiako Hizkuntza Zientifikoaren Normalizazioari buruz garatu zituen ikerketa-programak baliatu zituen, eta CSICeko Terminologiako Taldea zuzendu zuen (1985etik aurrera TermEsp izena hartu zuen, eta penintsulako espainierarako terminologiaren bihotz handia bihurtu zen). Espainierako terminologia defendatzeaz gain, Espainiako beste hizkuntzetako (katalana, galiziera eta euskara) lexiko zientifikoen eta teknikoen alde agertu zen, eta halakoen garapena bultzatzeari ekin zion.<\/p>\n<p style=\"text-align: justify;\">Ildo horretan, erakunde nazionalekiko (UZEI eta TERMCAT) eta nazioartekoekiko (Infoterm, TermNet eta Uni\u00f3n Latina) harreman estuaren bidez CSICen garatutako jarduera bizia bateratu zuen hizkuntza dokumentalak eta tesauro eleaniztunak lantzearekin eta garatzearekin.<\/p>\n<p style=\"text-align: justify;\">Espezialisten prestakuntza ere proposatu zen, lehenik ICYTen eta gero Espainiako unibertsitate ugaritan (Granada, Valladolid, Alcal\u00e1, Las Palmas Kanaria Handikoa, Madrilgo Complutense, Euskal Herriko Unibertsitatea, Castell\u00f3ko Jaume I, etab.), eta doktorego-ikastaroak ere eman zituen prestakuntza haietan.<\/p>\n<p style=\"text-align: justify;\">Ehun bat glosario, tesauro, liburu eta artikuluren egilea izan zen. Ikerketa-kontratu ugaritan parte hartu zuen enpresa publikoekin (Europako Erkidegoko Batzordea, Herri Lan eta Hirigintzako Ministerioa, Osasun eta Kontsumo Ministerioa, Osasunaren Mundu Erakundea, etab.) eta pribatuekin (Logomotiv, Mapfre, Airtel, besteak beste) Autoretza zientifikoa bere senarrarekin \u2013Miguel Pedro de Andr\u00e9sekin\u2013 ere partekatu zuen, eta berarekin lankidetzan landu zuen <em>Stahleisen-W\u00f6rterbuch (Deutsch-Spanisch, Spanisch-Deutsch) Diccionario hierro y acero (alem\u00e1n-espa\u00f1ol, espa\u00f1ol-alem\u00e1n)<\/em> hiztegia. Uni\u00f3n Latinarekin batera, <em>espainierako terminologia-baliabideen katalogoa<\/em> argitaratu zuen.<\/p>\n<p style=\"text-align: justify;\">Granadako Unibertsitateak urrezko domina eman zion, itzulpengintza eta interpretazioko ikasketetan eskainitako ohiko lankidetza aitortzeko.<\/p>\n<p style=\"text-align: justify;\">2003ko urtean, International Information Centre for Terminology (Infoterm) zentroak Eugen W\u00fcster <span style=\"color: #800000;\">(*)<\/span> saria eman zion, terminologiaren alorrean nazioartean nabarmentzen diren ikertzaileei eman ohi zaiena.<\/p>\n<p style=\"text-align: right;\">Purificaci\u00f3n Fern\u00e1ndez Nistal<br \/>\nAETEReko Zuzendaritza Batzordea<\/p>\n<p><strong><span style=\"color: #800000;\">(*)<\/span><\/strong><span style=\"color: #800000;\">A<\/span><span style=\"color: #800000;\">melia de Irazaz\u00e1balen onarpeneko eta esker oneko hitzaldia eta ekitaldiko argazkiak: <a href=\"http:\/\/www.aeter.org\/wp-content\/uploads\/2013\/02\/archivo_PDF1.pdf\">PDF_fitxategia<\/a><\/span><\/p>\n<p><strong><span style=\"color: #800000;\">Ikus, halaber:<\/span><\/strong><\/p>\n<p style=\"text-align: justify;\"><span style=\"color: #000000;\">G\u00f3mez de Enterr\u00eda, Josefa; Gallardo, Natividad (2005): \u201cAmelia de Irazaz\u00e1bal, in memoriam. Amelia de Irazaz\u00e1bal Nerpell (1926-2004): impulsora de la terminolog\u00eda cient\u00edfica en lengua espa\u00f1ola\u201d. En G\u00f3mez de Enterr\u00eda, Josefa (coord.): <em>Comunicar y ense\u00f1ar a comunicar el conocimiento especializado. V Jornada-Coloquio de la Asociaci\u00f3n Espa\u00f1ola de Terminolog\u00eda (15 de Octubre de 2004)<\/em>. Madrid: Centro Virtual Cervantes<\/span>.<br \/>\nTestu osorako sarbidea:<br \/>\n<a href=\"http:\/\/cvc.cervantes.es\/lengua\/aeter\/memoriam.htm\" target=\"_blank\" rel=\"noopener\">http:\/\/cvc.cervantes.es\/lengua\/aeter\/memoriam.htm<\/a><\/p>\n<p><span style=\"color: #000000;\">Navarro, Carmen (ed.) (2008): <em>Terminolog\u00eda, Traducci\u00f3n y Comunicaci\u00f3n Especializada: Homenaje a Amelia de Irazaz\u00e1bal: Actas del Congreso Internacional, 11-12 de Octubre 2007, Universit\u00e0 Degli Studi di Verona, Dipartimento di <\/em><\/span><em>Romanistica<\/em><span style=\"color: #000000;\"><em>.<\/em> Verona: Fiorini. ISBN: 8887082804, 9788887082807<\/span><\/p>\n<p><span style=\"color: #000000;\">Mayoral, Roberto; Gallardo, Natividad (2012): &#8220;Estimada Amelia&#8221;. En <em>Termin\u00e0lia<\/em>, 6 (juny 2012), p\u00e1g. 60-62 <\/span><br \/>\n<span style=\"color: #000000;\">Testu osorako sarbidea: <span style=\"color: #000080;\"><a href=\"http:\/\/revistes.iec.cat\/index.php\/Terminalia\/article\/view\/65809\/pdf_378\" target=\"_blank\" rel=\"noopener\">http:\/\/revistes.iec.cat\/index.php\/Terminalia\/article\/view\/65809\/pdf_378<\/a><\/span> <\/span><\/p>\n<p><span style=\"color: #000000;\">Cabr\u00e9, M. Teresa (2012): &#8220;Nota en record d&#8217;Amelia de Irazaz\u00e1bal, sempre present en el meu record&#8221;. En <em>Termin\u00e0lia,<\/em> 6 (juny 2012), p\u00e1g. 63-64 <\/span><br \/>\n<span style=\"color: #000000;\">Testu osorako sarbidea:<\/span><br \/>\n<span style=\"color: #000080;\"><a href=\"http:\/\/revistes.iec.cat\/index.php\/Terminalia\/article\/view\/65810\/pdf_379%20\" target=\"_blank\" rel=\"noopener\">http:\/\/revistes.iec.cat\/index.php\/Terminalia\/article\/view\/65810\/pdf_379 <\/a><\/span><\/p>\n<p><span style=\"color: #000000;\">&#8220;Bibliografia m\u00e9s rellevant d&#8217;Amelia de Irazaz\u00e1bal&#8221; [compilada por Gemma Mart\u00ednez Ayuso]. En <\/span><em><span style=\"color: #000000;\">Termin\u00e0lia, <\/span><\/em><span style=\"color: #000000;\">6 (juny 2012), p\u00e1g. 65<br \/>\n<\/span><span style=\"color: #000000;\">Testu osorako sarbidea<\/span>:<br \/>\n<span style=\"color: #000080;\"><a href=\"http:\/\/revistes.iec.cat\/index.php\/Terminalia\/article\/view\/65811\/pdf_380\" target=\"_blank\" rel=\"noopener\">http:\/\/revistes.iec.cat\/index.php\/Terminalia\/article\/view\/65811\/pdf_380<\/a> <\/span><\/p>\n<p>&nbsp;<\/p>\n<hr>\n","protected":false},"excerpt":{"rendered":"<p>&nbsp; Amelia de Irazaz\u00e1bal Nerpell (Cr\u00e9menes 1926 \u2013 Madrid 2004) Zientzietan Doktorea (1953) eta irakasle ondokoa Valladolideko Unibertsitateko Kimika Organikoaren katedran, 1968an Instituto de Informaci\u00f3n y Documentaci\u00f3n del Consejo Superior de Investigaciones Cient\u00edficas (CSIC) institutuan sartu zen, eta bertan lan handia eta oparoa egin zuen terminologiaren alorrean erretiratu zen arte. Hiztegi zientifikoan eta teknikoan espezialistarik&hellip;<\/p>\n","protected":false},"author":5,"featured_media":0,"parent":0,"menu_order":0,"comment_status":"closed","ping_status":"closed","template":"","meta":{"footnotes":""},"class_list":["post-4438","page","type-page","status-publish","hentry"],"yoast_head":"<!-- This site is optimized with the Yoast SEO plugin v24.4 - https:\/\/yoast.com\/wordpress\/plugins\/seo\/ -->\n<title>Amelia de Irazaz\u00e1bal Nerpell (1926-2004) - ASOCIACI\u00d3N ESPA\u00d1OLA DE TERMINOLOG\u00cdA<\/title>\n<meta name=\"robots\" content=\"index, follow, max-snippet:-1, max-image-preview:large, max-video-preview:-1\" \/>\n<link rel=\"canonical\" href=\"https:\/\/aeter.org\/eu\/amelia-de-irazazabal-nerpell-1926-2004\/\" \/>\n<meta property=\"og:locale\" content=\"eu_ES\" \/>\n<meta property=\"og:type\" content=\"article\" \/>\n<meta property=\"og:title\" content=\"Amelia de Irazaz\u00e1bal Nerpell (1926-2004) - ASOCIACI\u00d3N ESPA\u00d1OLA DE TERMINOLOG\u00cdA\" \/>\n<meta property=\"og:description\" content=\"&nbsp; Amelia de Irazaz\u00e1bal Nerpell (Cr\u00e9menes 1926 \u2013 Madrid 2004) Zientzietan Doktorea (1953) eta irakasle ondokoa Valladolideko Unibertsitateko Kimika Organikoaren katedran, 1968an Instituto de Informaci\u00f3n y Documentaci\u00f3n del Consejo Superior de Investigaciones Cient\u00edficas (CSIC) institutuan sartu zen, eta bertan lan handia eta oparoa egin zuen terminologiaren alorrean erretiratu zen arte. Hiztegi zientifikoan eta teknikoan espezialistarik&hellip;\" \/>\n<meta property=\"og:url\" content=\"https:\/\/aeter.org\/eu\/amelia-de-irazazabal-nerpell-1926-2004\/\" \/>\n<meta property=\"og:site_name\" content=\"ASOCIACI\u00d3N ESPA\u00d1OLA DE TERMINOLOG\u00cdA\" \/>\n<meta property=\"article:modified_time\" content=\"2021-04-30T14:37:07+00:00\" \/>\n<meta property=\"og:image\" content=\"http:\/\/www.aeter.org\/wp-content\/uploads\/2013\/02\/amelia_irazazabal-227x300.jpg\" \/>\n<meta name=\"twitter:card\" content=\"summary_large_image\" \/>\n<meta name=\"twitter:label1\" content=\"Est. reading time\" \/>\n\t<meta name=\"twitter:data1\" content=\"3 minutes\" \/>\n<script type=\"application\/ld+json\" class=\"yoast-schema-graph\">{\"@context\":\"https:\/\/schema.org\",\"@graph\":[{\"@type\":\"WebPage\",\"@id\":\"https:\/\/aeter.org\/eu\/amelia-de-irazazabal-nerpell-1926-2004\/\",\"url\":\"https:\/\/aeter.org\/eu\/amelia-de-irazazabal-nerpell-1926-2004\/\",\"name\":\"Amelia de Irazaz\u00e1bal Nerpell (1926-2004) - ASOCIACI\u00d3N ESPA\u00d1OLA DE TERMINOLOG\u00cdA\",\"isPartOf\":{\"@id\":\"https:\/\/aeter.org\/#website\"},\"primaryImageOfPage\":{\"@id\":\"https:\/\/aeter.org\/eu\/amelia-de-irazazabal-nerpell-1926-2004\/#primaryimage\"},\"image\":{\"@id\":\"https:\/\/aeter.org\/eu\/amelia-de-irazazabal-nerpell-1926-2004\/#primaryimage\"},\"thumbnailUrl\":\"http:\/\/www.aeter.org\/wp-content\/uploads\/2013\/02\/amelia_irazazabal-227x300.jpg\",\"datePublished\":\"2021-04-22T15:09:16+00:00\",\"dateModified\":\"2021-04-30T14:37:07+00:00\",\"breadcrumb\":{\"@id\":\"https:\/\/aeter.org\/eu\/amelia-de-irazazabal-nerpell-1926-2004\/#breadcrumb\"},\"inLanguage\":\"eu-ES\",\"potentialAction\":[{\"@type\":\"ReadAction\",\"target\":[\"https:\/\/aeter.org\/eu\/amelia-de-irazazabal-nerpell-1926-2004\/\"]}]},{\"@type\":\"ImageObject\",\"inLanguage\":\"eu-ES\",\"@id\":\"https:\/\/aeter.org\/eu\/amelia-de-irazazabal-nerpell-1926-2004\/#primaryimage\",\"url\":\"http:\/\/www.aeter.org\/wp-content\/uploads\/2013\/02\/amelia_irazazabal-227x300.jpg\",\"contentUrl\":\"http:\/\/www.aeter.org\/wp-content\/uploads\/2013\/02\/amelia_irazazabal-227x300.jpg\"},{\"@type\":\"BreadcrumbList\",\"@id\":\"https:\/\/aeter.org\/eu\/amelia-de-irazazabal-nerpell-1926-2004\/#breadcrumb\",\"itemListElement\":[{\"@type\":\"ListItem\",\"position\":1,\"name\":\"Portada\",\"item\":\"https:\/\/aeter.org\/\"},{\"@type\":\"ListItem\",\"position\":2,\"name\":\"Amelia de Irazaz\u00e1bal Nerpell (1926-2004)\"}]},{\"@type\":\"WebSite\",\"@id\":\"https:\/\/aeter.org\/#website\",\"url\":\"https:\/\/aeter.org\/\",\"name\":\"ASOCIACI\u00d3N ESPA\u00d1OLA DE TERMINOLOG\u00cdA\",\"description\":\"AETER\",\"potentialAction\":[{\"@type\":\"SearchAction\",\"target\":{\"@type\":\"EntryPoint\",\"urlTemplate\":\"https:\/\/aeter.org\/?s={search_term_string}\"},\"query-input\":{\"@type\":\"PropertyValueSpecification\",\"valueRequired\":true,\"valueName\":\"search_term_string\"}}],\"inLanguage\":\"eu-ES\"}]}<\/script>\n<!-- \/ Yoast SEO plugin. -->","yoast_head_json":{"title":"Amelia de Irazaz\u00e1bal Nerpell (1926-2004) - ASOCIACI\u00d3N ESPA\u00d1OLA DE TERMINOLOG\u00cdA","robots":{"index":"index","follow":"follow","max-snippet":"max-snippet:-1","max-image-preview":"max-image-preview:large","max-video-preview":"max-video-preview:-1"},"canonical":"https:\/\/aeter.org\/eu\/amelia-de-irazazabal-nerpell-1926-2004\/","og_locale":"eu_ES","og_type":"article","og_title":"Amelia de Irazaz\u00e1bal Nerpell (1926-2004) - ASOCIACI\u00d3N ESPA\u00d1OLA DE TERMINOLOG\u00cdA","og_description":"&nbsp; Amelia de Irazaz\u00e1bal Nerpell (Cr\u00e9menes 1926 \u2013 Madrid 2004) Zientzietan Doktorea (1953) eta irakasle ondokoa Valladolideko Unibertsitateko Kimika Organikoaren katedran, 1968an Instituto de Informaci\u00f3n y Documentaci\u00f3n del Consejo Superior de Investigaciones Cient\u00edficas (CSIC) institutuan sartu zen, eta bertan lan handia eta oparoa egin zuen terminologiaren alorrean erretiratu zen arte. Hiztegi zientifikoan eta teknikoan espezialistarik&hellip;","og_url":"https:\/\/aeter.org\/eu\/amelia-de-irazazabal-nerpell-1926-2004\/","og_site_name":"ASOCIACI\u00d3N ESPA\u00d1OLA DE TERMINOLOG\u00cdA","article_modified_time":"2021-04-30T14:37:07+00:00","og_image":[{"url":"http:\/\/www.aeter.org\/wp-content\/uploads\/2013\/02\/amelia_irazazabal-227x300.jpg","type":"","width":"","height":""}],"twitter_card":"summary_large_image","twitter_misc":{"Est. reading time":"3 minutes"},"schema":{"@context":"https:\/\/schema.org","@graph":[{"@type":"WebPage","@id":"https:\/\/aeter.org\/eu\/amelia-de-irazazabal-nerpell-1926-2004\/","url":"https:\/\/aeter.org\/eu\/amelia-de-irazazabal-nerpell-1926-2004\/","name":"Amelia de Irazaz\u00e1bal Nerpell (1926-2004) - ASOCIACI\u00d3N ESPA\u00d1OLA DE TERMINOLOG\u00cdA","isPartOf":{"@id":"https:\/\/aeter.org\/#website"},"primaryImageOfPage":{"@id":"https:\/\/aeter.org\/eu\/amelia-de-irazazabal-nerpell-1926-2004\/#primaryimage"},"image":{"@id":"https:\/\/aeter.org\/eu\/amelia-de-irazazabal-nerpell-1926-2004\/#primaryimage"},"thumbnailUrl":"http:\/\/www.aeter.org\/wp-content\/uploads\/2013\/02\/amelia_irazazabal-227x300.jpg","datePublished":"2021-04-22T15:09:16+00:00","dateModified":"2021-04-30T14:37:07+00:00","breadcrumb":{"@id":"https:\/\/aeter.org\/eu\/amelia-de-irazazabal-nerpell-1926-2004\/#breadcrumb"},"inLanguage":"eu-ES","potentialAction":[{"@type":"ReadAction","target":["https:\/\/aeter.org\/eu\/amelia-de-irazazabal-nerpell-1926-2004\/"]}]},{"@type":"ImageObject","inLanguage":"eu-ES","@id":"https:\/\/aeter.org\/eu\/amelia-de-irazazabal-nerpell-1926-2004\/#primaryimage","url":"http:\/\/www.aeter.org\/wp-content\/uploads\/2013\/02\/amelia_irazazabal-227x300.jpg","contentUrl":"http:\/\/www.aeter.org\/wp-content\/uploads\/2013\/02\/amelia_irazazabal-227x300.jpg"},{"@type":"BreadcrumbList","@id":"https:\/\/aeter.org\/eu\/amelia-de-irazazabal-nerpell-1926-2004\/#breadcrumb","itemListElement":[{"@type":"ListItem","position":1,"name":"Portada","item":"https:\/\/aeter.org\/"},{"@type":"ListItem","position":2,"name":"Amelia de Irazaz\u00e1bal Nerpell (1926-2004)"}]},{"@type":"WebSite","@id":"https:\/\/aeter.org\/#website","url":"https:\/\/aeter.org\/","name":"ASOCIACI\u00d3N ESPA\u00d1OLA DE TERMINOLOG\u00cdA","description":"AETER","potentialAction":[{"@type":"SearchAction","target":{"@type":"EntryPoint","urlTemplate":"https:\/\/aeter.org\/?s={search_term_string}"},"query-input":{"@type":"PropertyValueSpecification","valueRequired":true,"valueName":"search_term_string"}}],"inLanguage":"eu-ES"}]}},"_links":{"self":[{"href":"https:\/\/aeter.org\/eu\/wp-json\/wp\/v2\/pages\/4438","targetHints":{"allow":["GET"]}}],"collection":[{"href":"https:\/\/aeter.org\/eu\/wp-json\/wp\/v2\/pages"}],"about":[{"href":"https:\/\/aeter.org\/eu\/wp-json\/wp\/v2\/types\/page"}],"author":[{"embeddable":true,"href":"https:\/\/aeter.org\/eu\/wp-json\/wp\/v2\/users\/5"}],"replies":[{"embeddable":true,"href":"https:\/\/aeter.org\/eu\/wp-json\/wp\/v2\/comments?post=4438"}],"version-history":[{"count":1,"href":"https:\/\/aeter.org\/eu\/wp-json\/wp\/v2\/pages\/4438\/revisions"}],"predecessor-version":[{"id":5626,"href":"https:\/\/aeter.org\/eu\/wp-json\/wp\/v2\/pages\/4438\/revisions\/5626"}],"wp:attachment":[{"href":"https:\/\/aeter.org\/eu\/wp-json\/wp\/v2\/media?parent=4438"}],"curies":[{"name":"wp","href":"https:\/\/api.w.org\/{rel}","templated":true}]}}