{"id":4449,"date":"2021-04-22T15:24:09","date_gmt":"2021-04-22T15:24:09","guid":{"rendered":"https:\/\/aeter.org\/angel-martin-municio\/"},"modified":"2021-04-22T15:24:22","modified_gmt":"2021-04-22T15:24:22","slug":"angel-martin-municio","status":"publish","type":"page","link":"https:\/\/aeter.org\/eu\/angel-martin-municio\/","title":{"rendered":"\u00c1ngel Mart\u00edn Municio"},"content":{"rendered":"<p><a href=\"http:\/\/www.aeter.org\/wp-content\/uploads\/2017\/02\/AMMunicio.jpg\"><img loading=\"lazy\" decoding=\"async\" class=\"alignleft wp-image-1452 size-medium\" title=\"\u00c1ngel Mart\u00edn Municio\" src=\"https:\/\/aeter.org\/wp-content\/uploads\/2019\/11\/angelmartinmunicio.jpg\" alt=\"\" width=\"202\" height=\"300\"><\/a><\/p>\n<p><span style=\"color: #993300;\"><strong>\u00c1ngel Mart\u00edn Municio<\/strong><\/span><\/p>\n<p><span style=\"color: #000000;\">\u2026 edo ekimen entziklopedikoa<\/span><\/p>\n<p><span style=\"color: #000000;\">(Haro 1923 \u2013 Madrid 2002)<\/span><\/p>\n<p style=\"text-align: justify;\">Kimika Zientzietan lizentziaduna Salamancako Unibertsitatean eta Kimika Zientzietan eta Farmazian doktorea garai hartako Universidad Central unibertsitatean. Ikerketa-lanak Lora Tamayo irakaslearen zuzendaritzapean hasi zituen. Consejo Superior de Investigaciones Cient\u00edficas (CSIC) kontseiluan lan egin zuen, zientzia- eta ikerketa-kolaboratzaile gisa, eta Espainiako Zientzien Fakultateetako Biokimikako lehen irakaslea izan zen. Sei urtez aritu zen lanean Herbehereetako eta Erresuma Batuko unibertsitateetan. 1967an, Complutense Unibertsitateko Zientzien Fakultateko lehen katedra lortu zuen. Gerora, unibertsitate horretako Ikerketa Errektoreorde izan zen. Real Sociedad Espa\u00f1ola de F\u00edsica y Qu\u00edmica Elkartearen lehendakariordea izan zen; Espainiaren OCDEko ordezkaria; Juan March Fundazioko Biologia Saileko zuzendaria; eta, lau urtez, Universidad Internacional Men\u00e9ndez Pelayo Unibertsitateko Biologiako ikastaroetako zuzendaria.<\/p>\n<p style=\"text-align: justify;\">En 1969 fue nombrado miembro de pleno derecho de la Real Academia de Ciencias F\u00edsicas, Exactas y Naturales (Medalla 23) con la charla &#8220;Proyecci\u00f3n biol\u00f3gica de l\u00edpidos&#8221;. Berehala sartu zen bertako Terminologia Zientifikoko Batzordean, eta 1983an argia ikusi zuen Vocabulario Cient\u00edfico y T\u00e9cnico lanaren lehen edizioan lan egin zuen.<\/p>\n<p style=\"text-align: justify;\">1985. urtean Akademiako Lehendakari izendatu zuten. Kargu horretatik, erakundea modernizatu zuen eta terminologia-lanak bereziki indartu zituen. Vocabulario lanaren beste bi argitaraldi (1990, 1996) bultzatu zituen, eta Diccionario Esencial de las Ciencias hiztegia diziplina anitzeko ikuspegi terminologikoarekin pertsonalki sortu eta diseinatu zuen. Lan horren bi argitaraldi agertu dira 1999an eta 2002an.<\/p>\n<p style=\"text-align: justify;\">1984an, Real Academia Espa\u00f1olan sartzean, \u201cBiolog\u00eda del habla y del lenguaje\u201d hitzaldia eman zuen. Berehala sartu zen Hiztegi Teknikoko Batzordean, besteak beste Antonio Colino, Rafael Alvarado, Margarita Salas eta Jos\u00e9 Manuel S\u00e1nchez Ron-ekin batera. 1992an Korporazioko lehen zuzendariorde aukeratu zuten.<\/p>\n<p style=\"text-align: justify;\">Hizkuntza zientifikoaz zuen kezkak ahalegin terminologikoak bateratzera eta kontzentratzera bultzatu zuten, eta, ahalegin horren ondorioz, 1998an Espainiako Terminologia Elkartea (AETER) sortu zen. Elkartearen fundazio-bileran lehendakari hautatu zuten, eta 2002ra arte izan zuen kargu hori, hil baino hilabete gutxi lehenago arte. AETERetik eta bi akademia horietatik ekimen ugari bultzatu zituen, proiektuak sustatu, bilerak, biltzarrak eta sinposioak antolatu, harremanak ezarri eta terminologiaren mundu sakabanatuan ahaleginak bateratu zituen, AENORekin, itzultzaile espezializatuekin&#8230;<\/p>\n<p style=\"text-align: justify;\">Atzean zuen bere lan zientifiko osoari esker (300 artikulu inguru argitaratu ditu), \u00c1ngel Mart\u00edn Municio bere kezka intelektual sakonagatik nabarmendu zen Bere horizonte epistemologikoak, Antonio Colinoren hitzetan, gero eta zabalago bihurtu ziren. Interes intelektual ugari izan zituen, eta itxuraz bakarrik inkonexoak ziren jarduera eta proiektu oso desberdinetan aritu zen: anilinak, lexikografia, poesia, poliakrilamida-gelak, ekonomia linguistikoa&#8230; Eta hori guztia eskuzabaltasun handiarekin, bazekielako erakunde bateko kide zenean berak bultzatutako ekimenen zerbitzura erakunde hori jartzen, eta ia beti protagonismoa beste batzuen eskuetan utziz gainera. Bere irudia betiko geratuko da Kulturaren hedatzaile bikain gisa, zientzialari, unibertsitateko irakasle edo akademiako kide baino gehiago. Maiuskulekin.<\/p>\n<p style=\"text-align: right;\">Fernando Pardos Mart\u00ednez<\/p>\n<p><a href=\"http:\/\/www.rae.es\/sites\/default\/files\/Discurso_de_ingreso_Angel_Martin_Municio.pdf\" target=\"_blank\" rel=\"noopener\"><strong><span style=\"color: #800000;\">*<\/span><\/strong><span style=\"color: #800000;\">R<\/span><span style=\"color: #800000;\">eal Academia Espa\u00f1olako (RAE) sarrera-hitzaldia.<\/span><\/a><\/p>\n<p style=\"text-align: justify;\"><span style=\"color: #800000;\">Bere lan batzuk:<\/span><\/p>\n<p style=\"text-align: justify;\">Mart\u00edn Municio, \u00c1ngel (2003). <em>La investigaci\u00f3n en la gran industria: el contexto europeo. Delegacion Espa\u00f1ola de la Academia Europea de Ciencias<\/em>. ISBN 978-84-607-9584-1.<\/p>\n<p style=\"text-align: justify;\">Mart\u00edn Municio, \u00c1ngel (1999). <em>Naturaleza, ciencia y cultura<\/em>. Fundaci\u00f3n Antonio de Nebrija. ISBN 978-84-88957-27-6.<\/p>\n<p style=\"text-align: justify;\">Mart\u00edn Municio, \u00c1ngel (1991). <em>Torres Quevedo y su \u00e9poca<\/em>. Amigos de la Cultura Cient\u00edfica. ISBN 978-84-87635-04-5.<\/p>\n<p style=\"text-align: justify;\">Mart\u00edn Municio, \u00c1ngel (2003). El <em>valor econ\u00f3mico de la lengua espa\u00f1ola<\/em>. Espasa-Calpe. ISBN 978-84-670-1035-0.<\/p>\n<p style=\"text-align: justify;\">Mart\u00edn Municio, \u00c1ngel; Colino Mart\u00ednez, Antonio (2004). <em>Diccionario espa\u00f1ol de la energ\u00eda<\/em>. Ediciones Doce Calles. ISBN 978-84-9744-025-7.<\/p>\n<p style=\"text-align: justify;\">Cowgill, Robert W.; Pardee, Arthur B.; Mart\u00edn Municio, \u00c1ngel (tr.) (1964). <em>T\u00e9cnicas de investigaci\u00f3n bioqu\u00edmica<\/em>. Pearson Alhambra. ISBN 978-84-205-0028-7.<\/p>\n<p style=\"text-align: justify;\">Mart\u00edn Municio, \u00c1ngel. Real Academia de Ciencias Exactas, F\u00edsicas y Naturales, ed. <em>Discurso Inaugural del a\u00f1o acad\u00e9mico<\/em> 1980-1981. Dep\u00f3sito Legal: M. 36.660-1980.<\/p>\n<p style=\"text-align: justify;\"><strong>Informazio gehiago nahi izanez gero, ikus <a href=\"https:\/\/es.wikipedia.org\/wiki\/%C3%81ngel_Mart%C3%ADn_Municio\" target=\"_blank\" rel=\"noopener\">\u00c1ngel Mart\u00edn Municiori buruzko Wikipediako orria<\/a>.<\/strong><\/p>\n","protected":false},"excerpt":{"rendered":"<p>\u00c1ngel Mart\u00edn Municio \u2026 edo ekimen entziklopedikoa (Haro 1923 \u2013 Madrid 2002) Kimika Zientzietan lizentziaduna Salamancako Unibertsitatean eta Kimika Zientzietan eta Farmazian doktorea garai hartako Universidad Central unibertsitatean. Ikerketa-lanak Lora Tamayo irakaslearen zuzendaritzapean hasi zituen. Consejo Superior de Investigaciones Cient\u00edficas (CSIC) kontseiluan lan egin zuen, zientzia- eta ikerketa-kolaboratzaile gisa, eta Espainiako Zientzien Fakultateetako Biokimikako lehen&hellip;<\/p>\n","protected":false},"author":5,"featured_media":0,"parent":0,"menu_order":0,"comment_status":"closed","ping_status":"closed","template":"","meta":{"footnotes":""},"class_list":["post-4449","page","type-page","status-publish","hentry"],"yoast_head":"<!-- This site is optimized with the Yoast SEO plugin v24.4 - https:\/\/yoast.com\/wordpress\/plugins\/seo\/ -->\n<title>\u00c1ngel Mart\u00edn Municio - ASOCIACI\u00d3N ESPA\u00d1OLA DE TERMINOLOG\u00cdA<\/title>\n<meta name=\"robots\" content=\"index, follow, max-snippet:-1, max-image-preview:large, max-video-preview:-1\" \/>\n<link rel=\"canonical\" href=\"https:\/\/aeter.org\/eu\/angel-martin-municio\/\" \/>\n<meta property=\"og:locale\" content=\"eu_ES\" \/>\n<meta property=\"og:type\" content=\"article\" \/>\n<meta property=\"og:title\" content=\"\u00c1ngel Mart\u00edn Municio - ASOCIACI\u00d3N ESPA\u00d1OLA DE TERMINOLOG\u00cdA\" \/>\n<meta property=\"og:description\" content=\"\u00c1ngel Mart\u00edn Municio \u2026 edo ekimen entziklopedikoa (Haro 1923 \u2013 Madrid 2002) Kimika Zientzietan lizentziaduna Salamancako Unibertsitatean eta Kimika Zientzietan eta Farmazian doktorea garai hartako Universidad Central unibertsitatean. Ikerketa-lanak Lora Tamayo irakaslearen zuzendaritzapean hasi zituen. Consejo Superior de Investigaciones Cient\u00edficas (CSIC) kontseiluan lan egin zuen, zientzia- eta ikerketa-kolaboratzaile gisa, eta Espainiako Zientzien Fakultateetako Biokimikako lehen&hellip;\" \/>\n<meta property=\"og:url\" content=\"https:\/\/aeter.org\/eu\/angel-martin-municio\/\" \/>\n<meta property=\"og:site_name\" content=\"ASOCIACI\u00d3N ESPA\u00d1OLA DE TERMINOLOG\u00cdA\" \/>\n<meta property=\"article:modified_time\" content=\"2021-04-22T15:24:22+00:00\" \/>\n<meta property=\"og:image\" content=\"https:\/\/aeter.org\/wp-content\/uploads\/2019\/11\/angelmartinmunicio.jpg\" \/>\n<meta name=\"twitter:card\" content=\"summary_large_image\" \/>\n<meta name=\"twitter:label1\" content=\"Est. reading time\" \/>\n\t<meta name=\"twitter:data1\" content=\"3 minutes\" \/>\n<script type=\"application\/ld+json\" class=\"yoast-schema-graph\">{\"@context\":\"https:\/\/schema.org\",\"@graph\":[{\"@type\":\"WebPage\",\"@id\":\"https:\/\/aeter.org\/eu\/angel-martin-municio\/\",\"url\":\"https:\/\/aeter.org\/eu\/angel-martin-municio\/\",\"name\":\"\u00c1ngel Mart\u00edn Municio - ASOCIACI\u00d3N ESPA\u00d1OLA DE TERMINOLOG\u00cdA\",\"isPartOf\":{\"@id\":\"https:\/\/aeter.org\/#website\"},\"primaryImageOfPage\":{\"@id\":\"https:\/\/aeter.org\/eu\/angel-martin-municio\/#primaryimage\"},\"image\":{\"@id\":\"https:\/\/aeter.org\/eu\/angel-martin-municio\/#primaryimage\"},\"thumbnailUrl\":\"https:\/\/aeter.org\/wp-content\/uploads\/2019\/11\/angelmartinmunicio.jpg\",\"datePublished\":\"2021-04-22T15:24:09+00:00\",\"dateModified\":\"2021-04-22T15:24:22+00:00\",\"breadcrumb\":{\"@id\":\"https:\/\/aeter.org\/eu\/angel-martin-municio\/#breadcrumb\"},\"inLanguage\":\"eu-ES\",\"potentialAction\":[{\"@type\":\"ReadAction\",\"target\":[\"https:\/\/aeter.org\/eu\/angel-martin-municio\/\"]}]},{\"@type\":\"ImageObject\",\"inLanguage\":\"eu-ES\",\"@id\":\"https:\/\/aeter.org\/eu\/angel-martin-municio\/#primaryimage\",\"url\":\"https:\/\/aeter.org\/wp-content\/uploads\/2019\/11\/angelmartinmunicio.jpg\",\"contentUrl\":\"https:\/\/aeter.org\/wp-content\/uploads\/2019\/11\/angelmartinmunicio.jpg\"},{\"@type\":\"BreadcrumbList\",\"@id\":\"https:\/\/aeter.org\/eu\/angel-martin-municio\/#breadcrumb\",\"itemListElement\":[{\"@type\":\"ListItem\",\"position\":1,\"name\":\"Portada\",\"item\":\"https:\/\/aeter.org\/\"},{\"@type\":\"ListItem\",\"position\":2,\"name\":\"\u00c1ngel Mart\u00edn Municio\"}]},{\"@type\":\"WebSite\",\"@id\":\"https:\/\/aeter.org\/#website\",\"url\":\"https:\/\/aeter.org\/\",\"name\":\"ASOCIACI\u00d3N ESPA\u00d1OLA DE TERMINOLOG\u00cdA\",\"description\":\"AETER\",\"potentialAction\":[{\"@type\":\"SearchAction\",\"target\":{\"@type\":\"EntryPoint\",\"urlTemplate\":\"https:\/\/aeter.org\/?s={search_term_string}\"},\"query-input\":{\"@type\":\"PropertyValueSpecification\",\"valueRequired\":true,\"valueName\":\"search_term_string\"}}],\"inLanguage\":\"eu-ES\"}]}<\/script>\n<!-- \/ Yoast SEO plugin. -->","yoast_head_json":{"title":"\u00c1ngel Mart\u00edn Municio - ASOCIACI\u00d3N ESPA\u00d1OLA DE TERMINOLOG\u00cdA","robots":{"index":"index","follow":"follow","max-snippet":"max-snippet:-1","max-image-preview":"max-image-preview:large","max-video-preview":"max-video-preview:-1"},"canonical":"https:\/\/aeter.org\/eu\/angel-martin-municio\/","og_locale":"eu_ES","og_type":"article","og_title":"\u00c1ngel Mart\u00edn Municio - ASOCIACI\u00d3N ESPA\u00d1OLA DE TERMINOLOG\u00cdA","og_description":"\u00c1ngel Mart\u00edn Municio \u2026 edo ekimen entziklopedikoa (Haro 1923 \u2013 Madrid 2002) Kimika Zientzietan lizentziaduna Salamancako Unibertsitatean eta Kimika Zientzietan eta Farmazian doktorea garai hartako Universidad Central unibertsitatean. Ikerketa-lanak Lora Tamayo irakaslearen zuzendaritzapean hasi zituen. Consejo Superior de Investigaciones Cient\u00edficas (CSIC) kontseiluan lan egin zuen, zientzia- eta ikerketa-kolaboratzaile gisa, eta Espainiako Zientzien Fakultateetako Biokimikako lehen&hellip;","og_url":"https:\/\/aeter.org\/eu\/angel-martin-municio\/","og_site_name":"ASOCIACI\u00d3N ESPA\u00d1OLA DE TERMINOLOG\u00cdA","article_modified_time":"2021-04-22T15:24:22+00:00","og_image":[{"url":"https:\/\/aeter.org\/wp-content\/uploads\/2019\/11\/angelmartinmunicio.jpg","type":"","width":"","height":""}],"twitter_card":"summary_large_image","twitter_misc":{"Est. reading time":"3 minutes"},"schema":{"@context":"https:\/\/schema.org","@graph":[{"@type":"WebPage","@id":"https:\/\/aeter.org\/eu\/angel-martin-municio\/","url":"https:\/\/aeter.org\/eu\/angel-martin-municio\/","name":"\u00c1ngel Mart\u00edn Municio - ASOCIACI\u00d3N ESPA\u00d1OLA DE TERMINOLOG\u00cdA","isPartOf":{"@id":"https:\/\/aeter.org\/#website"},"primaryImageOfPage":{"@id":"https:\/\/aeter.org\/eu\/angel-martin-municio\/#primaryimage"},"image":{"@id":"https:\/\/aeter.org\/eu\/angel-martin-municio\/#primaryimage"},"thumbnailUrl":"https:\/\/aeter.org\/wp-content\/uploads\/2019\/11\/angelmartinmunicio.jpg","datePublished":"2021-04-22T15:24:09+00:00","dateModified":"2021-04-22T15:24:22+00:00","breadcrumb":{"@id":"https:\/\/aeter.org\/eu\/angel-martin-municio\/#breadcrumb"},"inLanguage":"eu-ES","potentialAction":[{"@type":"ReadAction","target":["https:\/\/aeter.org\/eu\/angel-martin-municio\/"]}]},{"@type":"ImageObject","inLanguage":"eu-ES","@id":"https:\/\/aeter.org\/eu\/angel-martin-municio\/#primaryimage","url":"https:\/\/aeter.org\/wp-content\/uploads\/2019\/11\/angelmartinmunicio.jpg","contentUrl":"https:\/\/aeter.org\/wp-content\/uploads\/2019\/11\/angelmartinmunicio.jpg"},{"@type":"BreadcrumbList","@id":"https:\/\/aeter.org\/eu\/angel-martin-municio\/#breadcrumb","itemListElement":[{"@type":"ListItem","position":1,"name":"Portada","item":"https:\/\/aeter.org\/"},{"@type":"ListItem","position":2,"name":"\u00c1ngel Mart\u00edn Municio"}]},{"@type":"WebSite","@id":"https:\/\/aeter.org\/#website","url":"https:\/\/aeter.org\/","name":"ASOCIACI\u00d3N ESPA\u00d1OLA DE TERMINOLOG\u00cdA","description":"AETER","potentialAction":[{"@type":"SearchAction","target":{"@type":"EntryPoint","urlTemplate":"https:\/\/aeter.org\/?s={search_term_string}"},"query-input":{"@type":"PropertyValueSpecification","valueRequired":true,"valueName":"search_term_string"}}],"inLanguage":"eu-ES"}]}},"_links":{"self":[{"href":"https:\/\/aeter.org\/eu\/wp-json\/wp\/v2\/pages\/4449","targetHints":{"allow":["GET"]}}],"collection":[{"href":"https:\/\/aeter.org\/eu\/wp-json\/wp\/v2\/pages"}],"about":[{"href":"https:\/\/aeter.org\/eu\/wp-json\/wp\/v2\/types\/page"}],"author":[{"embeddable":true,"href":"https:\/\/aeter.org\/eu\/wp-json\/wp\/v2\/users\/5"}],"replies":[{"embeddable":true,"href":"https:\/\/aeter.org\/eu\/wp-json\/wp\/v2\/comments?post=4449"}],"version-history":[{"count":1,"href":"https:\/\/aeter.org\/eu\/wp-json\/wp\/v2\/pages\/4449\/revisions"}],"predecessor-version":[{"id":4450,"href":"https:\/\/aeter.org\/eu\/wp-json\/wp\/v2\/pages\/4449\/revisions\/4450"}],"wp:attachment":[{"href":"https:\/\/aeter.org\/eu\/wp-json\/wp\/v2\/media?parent=4449"}],"curies":[{"name":"wp","href":"https:\/\/api.w.org\/{rel}","templated":true}]}}