{"id":4451,"date":"2021-04-22T15:33:23","date_gmt":"2021-04-22T15:33:23","guid":{"rendered":"https:\/\/aeter.org\/zuzendaritza-batzordea\/"},"modified":"2025-05-12T16:53:19","modified_gmt":"2025-05-12T16:53:19","slug":"zuzendaritza-batzordea","status":"publish","type":"page","link":"https:\/\/aeter.org\/eu\/zuzendaritza-batzordea\/","title":{"rendered":"Zuzendaritza-batzordea"},"content":{"rendered":"\r\n<section id=\"section-22975e25-cd4c-4417-ad3c-feab016952a4\" class=\"wp-block-gutentor-team gutentor-section gutentor-team team-template1 has-color-bg has-custom-bg\">\r\n<div class=\"grid-container\">\r\n<div class=\"gutentor-block-header\">\r\n<div class=\"gutentor-section-title text-center\">\r\n<p>ZUZENDARITZA-BATZORDEA<\/p>\r\n<p><img decoding=\"async\" src=\"https:\/\/aeter.org\/wp-content\/uploads\/2020\/02\/unnamed_OK.jpg\" \/><\/p>\r\n<p><strong><em>JOAQU\u00cdN GARC\u00cdA PALACIOS<\/em><\/strong><\/p>\r\n<p><strong>Lehendakaria<\/strong><br \/>Universidad de Salamanca<br \/>Departamento de Traducci\u00f3n e Interpretaci\u00f3n<br \/>c\/ Francisco Vitoria 6-16<br \/>37008 Salamanca<br \/><a href=\"mailto:info@aeter.org\">info@aeter.org<br \/><\/a><a href=\"mailto:%20gpalacios@usal.es\">gpalacios@usal.es<\/a><br \/><a href=\"https:\/\/aeter.org\/eu\/egungo-batzordeko-kideen-biodata\/\">Biodata<\/a><\/p>\r\n<p><img decoding=\"async\" src=\"https:\/\/aeter.org\/wp-content\/uploads\/2020\/02\/FotoNMarotoOK.jpg\" \/><\/p>\r\n<p><strong><em>NAVA MAROTO GARC\u00cdA<\/em><\/strong><\/p>\r\n<p><strong>Lehendakariordea<\/strong><br \/>Universidad Polit\u00e9cnica de Madrid<br \/>Dpto. de Ling\u00fc\u00edstica Aplicada a la Ciencia y a la Tecnolog\u00eda<br \/>Avda. Complutense, 30<br \/>28030 \u2013 Madrid<br \/><a href=\"mailto:mariadelanava.maroto@upm.es\">mariadelanava.maroto@upm.es<\/a><br \/><a href=\"https:\/\/aeter.org\/eu\/egungo-batzordeko-kideen-biodata\/\">Biodata<\/a><\/p>\r\n<p><img decoding=\"async\" src=\"https:\/\/aeter.org\/wp-content\/uploads\/2020\/02\/2019_ROSA-CASTROOK.jpg\" \/><\/p>\r\n<p><strong><em>MAR\u00cdA ROSA<\/em><\/strong><br \/><strong><em>CASTRO PRIETO<\/em><\/strong><\/p>\r\n<p><strong>Idazkaria<\/strong><br \/>Universidad Aut\u00f3noma de Madrid<br \/>Departamento de Filolog\u00eda Espa\u00f1ola<br \/>Campus de Cantoblanco<br \/>28049 Madrid<\/p>\r\n<p><a href=\"mailto:aeter.secretaria@aeter.org\">aeter.secretaria@aeter.org<\/a><br \/><a href=\"https:\/\/aeter.org\/wp-admin\/mariar.castro@uam.es\">mariar.castro@uam.es<\/a><br \/><a href=\"https:\/\/aeter.org\/eu\/egungo-batzordeko-kideen-biodata\/\">Biodata<\/a><\/p>\r\n<p><img decoding=\"async\" src=\"https:\/\/aeter.org\/wp-content\/uploads\/2020\/02\/ImanolOK.jpg\" \/><\/p>\r\n<p><strong><em>IMANOL URBIETA<\/em><\/strong><\/p>\r\n<p><strong>Diruzaina<\/strong><br \/>UZEI, Centro Vasco de Terminolog\u00eda y Lexicograf\u00eda<br \/>Aldapeta, 20<br \/>20009 Donostia<a href=\"mailto:info@aeter.org\"><br \/><\/a><a href=\"mailto:tesoreria@aeter.org\">tesoreria@aeter.org<\/a><a href=\"mailto:iurbieta@uzei.eus\"><br \/><\/a><a href=\"https:\/\/aeter.org\/eu\/egungo-batzordeko-kideen-biodata\/\">Biodata<\/a><\/p>\r\n<p>&nbsp;<\/p>\r\n<p><img loading=\"lazy\" decoding=\"async\" class=\"\" src=\"https:\/\/aeter.org\/wp-content\/uploads\/2023\/12\/Rosa_Estopa.jpg\" width=\"198\" height=\"149\" \/><\/p>\r\n<p><strong><em>ROSA ESTOP\u00c0<\/em><\/strong><\/p>\r\n<p>Batzordekidea<br \/>Universitat Pompeu Fabra<br \/>Departamento de Traducci\u00f3n y Ciencias del Lenguaje<br \/><a href=\"mailto:rosa.estopa@upf.edu\">rosa.estopa@upf.edu<\/a><a href=\"mailto:info@aeter.org\">\u00a0<br \/><\/a><a href=\"https:\/\/aeter.org\/eu\/egungo-batzordeko-kideen-biodata\/\">Biodata<\/a><\/p>\r\n<p><a href=\"https:\/\/aeter.org\/eu\/zuzendaritza-batzordea\/aurreko-zuzendaritza-batzordeak\/\">Aurreko zuzendaritza-batzordeak<\/a><\/p>\r\n<p>&nbsp;<\/p>\r\n<\/div>\r\n<\/div>\r\n<\/div>\r\n<\/section>\r\n<div class=\"wp-block-group\">\r\n<div class=\"wp-block-group__inner-container\"><\/div>\r\n<\/div>\r\n<!-- \/wp:group -->","protected":false},"excerpt":{"rendered":"","protected":false},"author":5,"featured_media":0,"parent":0,"menu_order":1,"comment_status":"closed","ping_status":"closed","template":"","meta":{"footnotes":""},"class_list":["post-4451","page","type-page","status-publish","hentry"],"yoast_head":"<!-- This site is optimized with the Yoast SEO plugin v24.4 - https:\/\/yoast.com\/wordpress\/plugins\/seo\/ -->\n<title>Zuzendaritza-batzordea - ASOCIACI\u00d3N ESPA\u00d1OLA DE TERMINOLOG\u00cdA<\/title>\n<meta name=\"robots\" content=\"index, follow, max-snippet:-1, max-image-preview:large, max-video-preview:-1\" \/>\n<link rel=\"canonical\" href=\"https:\/\/aeter.org\/eu\/zuzendaritza-batzordea\/\" \/>\n<meta property=\"og:locale\" content=\"eu_ES\" \/>\n<meta property=\"og:type\" content=\"article\" \/>\n<meta property=\"og:title\" content=\"Zuzendaritza-batzordea - ASOCIACI\u00d3N ESPA\u00d1OLA DE TERMINOLOG\u00cdA\" \/>\n<meta property=\"og:url\" content=\"https:\/\/aeter.org\/eu\/zuzendaritza-batzordea\/\" \/>\n<meta property=\"og:site_name\" content=\"ASOCIACI\u00d3N ESPA\u00d1OLA DE TERMINOLOG\u00cdA\" \/>\n<meta property=\"article:modified_time\" content=\"2025-05-12T16:53:19+00:00\" \/>\n<meta property=\"og:image\" content=\"https:\/\/aeter.org\/wp-content\/uploads\/2020\/02\/unnamed_OK.jpg\" \/>\n<meta name=\"twitter:card\" content=\"summary_large_image\" \/>\n<meta name=\"twitter:label1\" content=\"Est. reading time\" \/>\n\t<meta name=\"twitter:data1\" content=\"2 minutes\" \/>\n<script type=\"application\/ld+json\" class=\"yoast-schema-graph\">{\"@context\":\"https:\/\/schema.org\",\"@graph\":[{\"@type\":\"WebPage\",\"@id\":\"https:\/\/aeter.org\/eu\/zuzendaritza-batzordea\/\",\"url\":\"https:\/\/aeter.org\/eu\/zuzendaritza-batzordea\/\",\"name\":\"Zuzendaritza-batzordea - ASOCIACI\u00d3N ESPA\u00d1OLA DE TERMINOLOG\u00cdA\",\"isPartOf\":{\"@id\":\"https:\/\/aeter.org\/#website\"},\"primaryImageOfPage\":{\"@id\":\"https:\/\/aeter.org\/eu\/zuzendaritza-batzordea\/#primaryimage\"},\"image\":{\"@id\":\"https:\/\/aeter.org\/eu\/zuzendaritza-batzordea\/#primaryimage\"},\"thumbnailUrl\":\"https:\/\/aeter.org\/wp-content\/uploads\/2020\/02\/unnamed_OK.jpg\",\"datePublished\":\"2021-04-22T15:33:23+00:00\",\"dateModified\":\"2025-05-12T16:53:19+00:00\",\"breadcrumb\":{\"@id\":\"https:\/\/aeter.org\/eu\/zuzendaritza-batzordea\/#breadcrumb\"},\"inLanguage\":\"eu-ES\",\"potentialAction\":[{\"@type\":\"ReadAction\",\"target\":[\"https:\/\/aeter.org\/eu\/zuzendaritza-batzordea\/\"]}]},{\"@type\":\"ImageObject\",\"inLanguage\":\"eu-ES\",\"@id\":\"https:\/\/aeter.org\/eu\/zuzendaritza-batzordea\/#primaryimage\",\"url\":\"https:\/\/aeter.org\/wp-content\/uploads\/2020\/02\/unnamed_OK.jpg\",\"contentUrl\":\"https:\/\/aeter.org\/wp-content\/uploads\/2020\/02\/unnamed_OK.jpg\"},{\"@type\":\"BreadcrumbList\",\"@id\":\"https:\/\/aeter.org\/eu\/zuzendaritza-batzordea\/#breadcrumb\",\"itemListElement\":[{\"@type\":\"ListItem\",\"position\":1,\"name\":\"Portada\",\"item\":\"https:\/\/aeter.org\/\"},{\"@type\":\"ListItem\",\"position\":2,\"name\":\"Zuzendaritza-batzordea\"}]},{\"@type\":\"WebSite\",\"@id\":\"https:\/\/aeter.org\/#website\",\"url\":\"https:\/\/aeter.org\/\",\"name\":\"ASOCIACI\u00d3N ESPA\u00d1OLA DE TERMINOLOG\u00cdA\",\"description\":\"AETER\",\"potentialAction\":[{\"@type\":\"SearchAction\",\"target\":{\"@type\":\"EntryPoint\",\"urlTemplate\":\"https:\/\/aeter.org\/?s={search_term_string}\"},\"query-input\":{\"@type\":\"PropertyValueSpecification\",\"valueRequired\":true,\"valueName\":\"search_term_string\"}}],\"inLanguage\":\"eu-ES\"}]}<\/script>\n<!-- \/ Yoast SEO plugin. -->","yoast_head_json":{"title":"Zuzendaritza-batzordea - ASOCIACI\u00d3N ESPA\u00d1OLA DE TERMINOLOG\u00cdA","robots":{"index":"index","follow":"follow","max-snippet":"max-snippet:-1","max-image-preview":"max-image-preview:large","max-video-preview":"max-video-preview:-1"},"canonical":"https:\/\/aeter.org\/eu\/zuzendaritza-batzordea\/","og_locale":"eu_ES","og_type":"article","og_title":"Zuzendaritza-batzordea - ASOCIACI\u00d3N ESPA\u00d1OLA DE TERMINOLOG\u00cdA","og_url":"https:\/\/aeter.org\/eu\/zuzendaritza-batzordea\/","og_site_name":"ASOCIACI\u00d3N ESPA\u00d1OLA DE TERMINOLOG\u00cdA","article_modified_time":"2025-05-12T16:53:19+00:00","og_image":[{"url":"https:\/\/aeter.org\/wp-content\/uploads\/2020\/02\/unnamed_OK.jpg","type":"","width":"","height":""}],"twitter_card":"summary_large_image","twitter_misc":{"Est. reading time":"2 minutes"},"schema":{"@context":"https:\/\/schema.org","@graph":[{"@type":"WebPage","@id":"https:\/\/aeter.org\/eu\/zuzendaritza-batzordea\/","url":"https:\/\/aeter.org\/eu\/zuzendaritza-batzordea\/","name":"Zuzendaritza-batzordea - ASOCIACI\u00d3N ESPA\u00d1OLA DE TERMINOLOG\u00cdA","isPartOf":{"@id":"https:\/\/aeter.org\/#website"},"primaryImageOfPage":{"@id":"https:\/\/aeter.org\/eu\/zuzendaritza-batzordea\/#primaryimage"},"image":{"@id":"https:\/\/aeter.org\/eu\/zuzendaritza-batzordea\/#primaryimage"},"thumbnailUrl":"https:\/\/aeter.org\/wp-content\/uploads\/2020\/02\/unnamed_OK.jpg","datePublished":"2021-04-22T15:33:23+00:00","dateModified":"2025-05-12T16:53:19+00:00","breadcrumb":{"@id":"https:\/\/aeter.org\/eu\/zuzendaritza-batzordea\/#breadcrumb"},"inLanguage":"eu-ES","potentialAction":[{"@type":"ReadAction","target":["https:\/\/aeter.org\/eu\/zuzendaritza-batzordea\/"]}]},{"@type":"ImageObject","inLanguage":"eu-ES","@id":"https:\/\/aeter.org\/eu\/zuzendaritza-batzordea\/#primaryimage","url":"https:\/\/aeter.org\/wp-content\/uploads\/2020\/02\/unnamed_OK.jpg","contentUrl":"https:\/\/aeter.org\/wp-content\/uploads\/2020\/02\/unnamed_OK.jpg"},{"@type":"BreadcrumbList","@id":"https:\/\/aeter.org\/eu\/zuzendaritza-batzordea\/#breadcrumb","itemListElement":[{"@type":"ListItem","position":1,"name":"Portada","item":"https:\/\/aeter.org\/"},{"@type":"ListItem","position":2,"name":"Zuzendaritza-batzordea"}]},{"@type":"WebSite","@id":"https:\/\/aeter.org\/#website","url":"https:\/\/aeter.org\/","name":"ASOCIACI\u00d3N ESPA\u00d1OLA DE TERMINOLOG\u00cdA","description":"AETER","potentialAction":[{"@type":"SearchAction","target":{"@type":"EntryPoint","urlTemplate":"https:\/\/aeter.org\/?s={search_term_string}"},"query-input":{"@type":"PropertyValueSpecification","valueRequired":true,"valueName":"search_term_string"}}],"inLanguage":"eu-ES"}]}},"_links":{"self":[{"href":"https:\/\/aeter.org\/eu\/wp-json\/wp\/v2\/pages\/4451","targetHints":{"allow":["GET"]}}],"collection":[{"href":"https:\/\/aeter.org\/eu\/wp-json\/wp\/v2\/pages"}],"about":[{"href":"https:\/\/aeter.org\/eu\/wp-json\/wp\/v2\/types\/page"}],"author":[{"embeddable":true,"href":"https:\/\/aeter.org\/eu\/wp-json\/wp\/v2\/users\/5"}],"replies":[{"embeddable":true,"href":"https:\/\/aeter.org\/eu\/wp-json\/wp\/v2\/comments?post=4451"}],"version-history":[{"count":17,"href":"https:\/\/aeter.org\/eu\/wp-json\/wp\/v2\/pages\/4451\/revisions"}],"predecessor-version":[{"id":6826,"href":"https:\/\/aeter.org\/eu\/wp-json\/wp\/v2\/pages\/4451\/revisions\/6826"}],"wp:attachment":[{"href":"https:\/\/aeter.org\/eu\/wp-json\/wp\/v2\/media?parent=4451"}],"curies":[{"name":"wp","href":"https:\/\/api.w.org\/{rel}","templated":true}]}}