{"id":4472,"date":"2021-04-23T08:08:40","date_gmt":"2021-04-23T08:08:40","guid":{"rendered":"https:\/\/aeter.org\/aeteren-batzarrak\/"},"modified":"2023-12-21T18:58:57","modified_gmt":"2023-12-21T18:58:57","slug":"aeteren-batzarrak","status":"publish","type":"page","link":"https:\/\/aeter.org\/eu\/aeteren-batzarrak\/","title":{"rendered":"AETERen batzarrak"},"content":{"rendered":"<p><span style=\"color: #000000;\"><a href=\"https:\/\/aeter.org\/wp-content\/uploads\/2023\/12\/2023_borrador_ACTA_ASAMBLEA.pdf\" target=\"_blank\" rel=\"noopener noreferrer\"><img loading=\"lazy\" decoding=\"async\" class=\"alignleft wp-image-309\" src=\"https:\/\/www.aeter.org\/wp-content\/uploads\/2013\/02\/aeter_pdf.png\" alt=\"PDF\" width=\"30\" height=\"30\" \/><\/a>XXVII Asamblea general (2023) (Acta provisional)<\/span><\/p>\n<p><span style=\"color: #000000;\">San Sebasti\u00e1n\/Donostia, sede de la Real Academia de la Lengua Vasca\/Euskaltzaindia, 3 de noviembre de 2023<\/span><\/p>\n<p><span style=\"color: #000000;\">\u00a0<a href=\"https:\/\/aeter.org\/wp-content\/uploads\/2023\/12\/JUNTA-DIRECTIVA_2023.pdf\" target=\"_blank\" rel=\"noopener\">Acuerdo de la nueva junta directiva sobre distribuci\u00f3n de cargos (3\/11\/2023)<\/a><\/span><\/p>\n<p><span style=\"color: #000000;\"><a href=\"https:\/\/aeter.org\/wp-content\/uploads\/2023\/12\/2022_ACTA_ASAMBLEA_aprobada.pdf\" target=\"_blank\" rel=\"noopener noreferrer\"><img loading=\"lazy\" decoding=\"async\" class=\"alignleft wp-image-309\" src=\"https:\/\/www.aeter.org\/wp-content\/uploads\/2013\/02\/aeter_pdf.png\" alt=\"PDF\" width=\"30\" height=\"30\" \/><\/a>XXVI Asamblea general (2022)\u00a0<\/span><br \/>\n<span style=\"color: #000000;\">Madrid, Escuela de Telecomunicaci\u00f3n, Universidad Polit\u00e9cnica de Madrid, 2022ko azaroaren 11<\/span><br \/>\n<span style=\"color: #000000;\"><a href=\"https:\/\/aeter.org\/wp-content\/uploads\/2023\/03\/JUNTA-DIRECTIVA_2022.pdf\" target=\"_blank\" rel=\"noopener\">Zuzendaritza-batzorde berriaren erabakia, karguak banatzeari buruzkoa (11\/10\/2022)<\/a><\/span><\/p>\n<p><span style=\"color: #000000;\"><a href=\"https:\/\/aeter.org\/wp-content\/uploads\/2023\/03\/2021_ACTA_ASAMBLEA_2021.pdf\" target=\"_blank\" rel=\"noopener noreferrer\"><img loading=\"lazy\" decoding=\"async\" class=\"alignleft wp-image-309\" src=\"https:\/\/www.aeter.org\/wp-content\/uploads\/2013\/02\/aeter_pdf.png\" alt=\"PDF\" width=\"30\" height=\"30\" \/><\/a>XXV Asamblea general (2021)<br \/>\n<\/span><span style=\"color: #000000;\">Madrid, Direcci\u00f3n General de Traducci\u00f3n (DGT) de la Comisi\u00f3n Europea, 2021eko abenduaren 10a<\/span><\/p>\n<p><span style=\"color: #000000;\"><a href=\"https:\/\/aeter.org\/wp-content\/uploads\/2021\/12\/AETER_acta_definitiva_online_2020.pdf\" target=\"_blank\" rel=\"noopener noreferrer\"><img loading=\"lazy\" decoding=\"async\" class=\"alignleft wp-image-309\" src=\"https:\/\/www.aeter.org\/wp-content\/uploads\/2013\/02\/aeter_pdf.png\" alt=\"PDF\" width=\"30\" height=\"30\" \/><\/a>XXIV. Batzar Nagusia (2020)<\/span><br \/>\n<span style=\"color: #000000;\">2020ko abenduaren 23an modu birtualean egindako batzarra<\/span><\/p>\n<p><span style=\"color: #000000;\"><a href=\"https:\/\/aeter.org\/wp-content\/uploads\/2021\/04\/AETER_acta_definitiva_Malaga_2019.pdf\" target=\"_blank\" rel=\"noopener noreferrer\"><img loading=\"lazy\" decoding=\"async\" class=\"alignleft wp-image-309\" src=\"https:\/\/www.aeter.org\/wp-content\/uploads\/2013\/02\/aeter_pdf.png\" alt=\"PDF\" width=\"30\" height=\"30\" \/><\/a>XXIII. Batzar Nagusia (2019) (behin-behinekoa)<br \/>\nM\u00e1laga, Universitad de M\u00e1laga, Facultad de Filosof\u00eda y Letras, 2019ko azaroaren 29a<br \/>\n<a href=\"https:\/\/aeter.org\/wp-content\/uploads\/2020\/01\/nueva_junta_AETER_2019_M%C3%A1laga.pdf\" target=\"_blank\" rel=\"noopener noreferrer\">Zuzendaritza-batzorde berriaren erabakia, karguak banatzeari buruzkoa (2019\/11\/29)<\/a><\/span><\/p>\n<p><span style=\"color: #000000;\"><a href=\"https:\/\/aeter.org\/wp-content\/uploads\/2020\/01\/Acta_Asamblea18Alicante.pdf\" target=\"_blank\" rel=\"noopener noreferrer\"><img loading=\"lazy\" decoding=\"async\" class=\"alignleft wp-image-309\" src=\"https:\/\/www.aeter.org\/wp-content\/uploads\/2013\/02\/aeter_pdf.png\" alt=\"PDF\" width=\"30\" height=\"30\" \/><\/a>XXII. Batzar Nagusia (2018)<\/span><br \/>\n<span style=\"color: #000000;\">Alicante, Universitad de Alicante, Facultad de Filosof\u00eda y Letras, 2018ko azaroaren 16a<br \/>\n<a href=\"https:\/\/www.aeter.org\/wp-content\/uploads\/2013\/02\/junta_AETER_2018_Alicante.pdf\" target=\"_blank\" rel=\"noopener noreferrer\">Zuzendaritza-batzorde berriaren erabakia, karguak banatzeari buruzkoa (2018\/11\/16)<\/a><\/span><\/p>\n<p><span style=\"color: #000000;\"><a href=\"https:\/\/aeter.org\/wp-content\/uploads\/2021\/04\/AETER_acta_definitiva_Barcelona_2017.pdf\" target=\"_blank\" rel=\"noopener noreferrer\"><img loading=\"lazy\" decoding=\"async\" class=\"alignleft wp-image-309\" src=\"https:\/\/www.aeter.org\/wp-content\/uploads\/2013\/02\/aeter_pdf.png\" alt=\"PDF\" width=\"30\" height=\"30\" \/><\/a><\/span><\/p>\n<p>XXI. Batzar Nagusia (2017)<br \/>\n<span style=\"color: #000000;\">Bartzelona, Universitat Pompeu Fabra (UPF), 2017ko azaroaren 3a<\/span><\/p>\n<p><span style=\"color: #000000;\"><a href=\"https:\/\/aeter.org\/wp-content\/uploads\/2021\/04\/AETER_acta_definitiva_Castellon-2016.pdf\" target=\"_blank\" rel=\"noopener noreferrer\"><img loading=\"lazy\" decoding=\"async\" class=\"alignleft wp-image-309\" src=\"https:\/\/www.aeter.org\/wp-content\/uploads\/2013\/02\/aeter_pdf.png\" alt=\"PDF\" width=\"30\" height=\"30\" \/><\/a>XX. Batzar Nagusia (2016)<br \/>\nCastell\u00f3 de la Plana, Universitat Jaume I, 2016ko azaroaren 18a.<br \/>\n<a href=\"https:\/\/www.aeter.org\/wp-content\/uploads\/2013\/02\/AETER-Castello%CC%81n-Junta-directiva.pdf\" target=\"_blank\" rel=\"noopener noreferrer\">Zuzendaritza-batzorde berriaren erabakia, karguak banatzeari buruzkoa (2016\/11\/18)<\/a><\/span><\/p>\n<p><span style=\"color: #000000;\"><a href=\"https:\/\/www.aeter.org\/wp-content\/uploads\/2016\/11\/Acta-AETER-2015-Soria.pdf\" target=\"_blank\" rel=\"noopener noreferrer\"><img loading=\"lazy\" decoding=\"async\" class=\"alignleft wp-image-309\" src=\"https:\/\/www.aeter.org\/wp-content\/uploads\/2013\/02\/aeter_pdf.png\" alt=\"PDF\" width=\"30\" height=\"30\" \/><\/a>XIX. Batzar Nagusia (2015).<br \/>\nSoria, Facultad de Traducci\u00f3n e Interpretaci\u00f3n de la<br \/>\nUniversidad de Valladolid, 2015eko irailaren 18a.<br \/>\n<\/span><\/p>\n<p><a href=\"https:\/\/www.aeter.org\/wp-content\/uploads\/2016\/07\/Acta_XVIIIAsamblea_2014.pdf\" target=\"_blank\" rel=\"noopener noreferrer\"><img loading=\"lazy\" decoding=\"async\" class=\"alignleft size-full wp-image-309\" title=\"PDF\" src=\"https:\/\/www.aeter.org\/wp-content\/uploads\/2013\/02\/aeter_pdf.png\" alt=\"\" width=\"30\" height=\"30\" \/><\/a>XVIII. Batzar Nagusia (2014).<br \/>\nMadril, Universidad Complutense, 2014ko irailaren 26a.<\/p>\n<p><a href=\"https:\/\/www.aeter.org\/wp-content\/uploads\/2013\/02\/ACTA-AETER-2013.pdf\" target=\"_blank\" rel=\"noopener noreferrer\"><img loading=\"lazy\" decoding=\"async\" class=\"alignleft size-full wp-image-309\" title=\"PDF\" src=\"https:\/\/www.aeter.org\/wp-content\/uploads\/2013\/02\/aeter_pdf.png\" alt=\"\" width=\"30\" height=\"30\" \/><\/a>XVII. Batzar Nagusia (2013).<br \/>\nAlcal\u00e1 de Henares, Universidad de Alcal\u00e1, 2013ko azaroaren 8a.<\/p>\n<p><a href=\"https:\/\/www.aeter.org\/wp-content\/uploads\/2013\/02\/Acta-de-la-XVI-Asamblea-nov-2012.pdf\" target=\"_blank\" rel=\"noopener noreferrer\"><img loading=\"lazy\" decoding=\"async\" class=\"alignleft size-full wp-image-309\" title=\"PDF\" src=\"https:\/\/www.aeter.org\/wp-content\/uploads\/2013\/02\/aeter_pdf.png\" alt=\"\" width=\"30\" height=\"30\" \/><\/a>XVI. Batzar Nagusia (2012).<br \/>\nSevilla, Universidad Pablo de Olavide, 2012ko azaroaren 23a.<\/p>\n<p><a href=\"https:\/\/www.aeter.org\/wp-content\/uploads\/2013\/02\/Acta-Asamblea-nov-20113.pdf\" target=\"_blank\" rel=\"noopener noreferrer\"><img loading=\"lazy\" decoding=\"async\" class=\"size-full wp-image-309 alignnone\" title=\"PFD\" src=\"https:\/\/www.aeter.org\/wp-content\/uploads\/2013\/02\/aeter_pdf.png\" alt=\"\" width=\"30\" height=\"30\" \/><\/a> XV. Batzar Nagusia (2011).<br \/>\nSalamanca, Universidad de Salamanca, 2011ko azaroaren 18a.<\/p>\n<p><a href=\"https:\/\/www.aeter.org\/wp-content\/uploads\/2013\/02\/Acta-Asamblea-dic-20101.pdf\" target=\"_blank\" rel=\"noopener noreferrer\"><img loading=\"lazy\" decoding=\"async\" class=\"size-full wp-image-309 alignnone\" title=\"PFD\" src=\"https:\/\/www.aeter.org\/wp-content\/uploads\/2013\/02\/aeter_pdf.png\" alt=\"\" width=\"30\" height=\"30\" \/><\/a> XIV. Batzar Nagusia (2010).<br \/>\nMadril, Europako Batzordearen Espainiako Ordezkaritza, 2010eko abenduaren 10a.<\/p>\n<p><a href=\"https:\/\/www.aeter.org\/wp-content\/uploads\/2013\/02\/Acta-Asamblea-nov-092.pdf\" target=\"_blank\" rel=\"noopener noreferrer\"><img loading=\"lazy\" decoding=\"async\" class=\"size-full wp-image-309 alignnone\" title=\"PFD\" src=\"https:\/\/www.aeter.org\/wp-content\/uploads\/2013\/02\/aeter_pdf.png\" alt=\"\" width=\"30\" height=\"30\" \/><\/a> XIII. Batzar Nagusia (2009).<br \/>\nSoria, Universidad de Valladolid, 2009ko azaroaren 27a.<\/p>\n<p><a href=\"https:\/\/www.aeter.org\/wp-content\/uploads\/2013\/02\/AETER_Asamblea_Acta08.pdf\" target=\"_blank\" rel=\"noopener noreferrer\"><img loading=\"lazy\" decoding=\"async\" class=\"size-full wp-image-309 alignnone\" title=\"PFD\" src=\"https:\/\/www.aeter.org\/wp-content\/uploads\/2013\/02\/aeter_pdf.png\" alt=\"\" width=\"30\" height=\"30\" \/><\/a> XII. Batzar Nagusia (2008).<br \/>\nMadril, Universidad Polit\u00e9cnica de Madrid, 2008ko azaroaren 21a.<\/p>\n<p><a href=\"https:\/\/www.aeter.org\/wp-content\/uploads\/2013\/02\/AETER_Asamblea_Acta07.pdf\" target=\"_blank\" rel=\"noopener noreferrer\"><img loading=\"lazy\" decoding=\"async\" class=\"size-full wp-image-309 alignnone\" title=\"PFD\" src=\"https:\/\/www.aeter.org\/wp-content\/uploads\/2013\/02\/aeter_pdf.png\" alt=\"\" width=\"30\" height=\"30\" \/><\/a> XI. Batzar Nagusia (2007).<br \/>\nMadril, Consejo Superior de Investigaciones Cient\u00edficas, 2007ko urriaren 4a.<\/p>\n<p><a href=\"https:\/\/www.aeter.org\/wp-content\/uploads\/2013\/02\/Acta-AETER-2006.pdf\" target=\"_blank\" rel=\"noopener noreferrer\"><img loading=\"lazy\" decoding=\"async\" class=\"alignleft size-full wp-image-309\" title=\"PDF\" src=\"https:\/\/www.aeter.org\/wp-content\/uploads\/2013\/02\/aeter_pdf.png\" alt=\"\" width=\"30\" height=\"30\" \/><\/a>X. Batzar Nagusia eta <a href=\"https:\/\/www.aeter.org\/wp-content\/uploads\/2013\/02\/Acta-AETER-2006-EXTRA.pdf\" target=\"_blank\" rel=\"noopener noreferrer\">Ezohikoa<\/a> (2006).<br \/>\nMadril, Unibertsitate Zuzendaritza Nagusia, 2006ko azaroaren 24a.<\/p>\n<p><a href=\"https:\/\/www.aeter.org\/wp-content\/uploads\/2013\/02\/Acta-AETER-2005.pdf\" target=\"_blank\" rel=\"noopener noreferrer\"><img loading=\"lazy\" decoding=\"async\" class=\"alignleft size-full wp-image-309\" title=\"PDF\" src=\"https:\/\/www.aeter.org\/wp-content\/uploads\/2013\/02\/aeter_pdf.png\" alt=\"\" width=\"30\" height=\"30\" \/><\/a>IX. Batzar Nagusia (2005).<br \/>\nMadril, Consejo Superior de Investigaciones Cient\u00edficas, 2005eko azaroaren 28a<\/p>\n<p>VIII. Batzar Nagusia (2004).<br \/>\nAlcal\u00e1 de Henares, Universidad de Alcal\u00e1, 2004ko urriaren 15a.<\/p>\n<p>VII. Batzar Nagusia (2003).<br \/>\nSantiago de Compostela, Centro Ramon Pi\u00f1eiro, 2003ko azaroaren 7a.<\/p>\n<p><a href=\"https:\/\/www.aeter.org\/wp-content\/uploads\/2013\/02\/Acta-AETER-2002.pdf\" target=\"_blank\" rel=\"noopener noreferrer\"><img loading=\"lazy\" decoding=\"async\" class=\"alignleft size-full wp-image-309\" title=\"PDF\" src=\"https:\/\/www.aeter.org\/wp-content\/uploads\/2013\/02\/aeter_pdf.png\" alt=\"\" width=\"30\" height=\"30\" \/><\/a>VI. Batzar Nagusia (2002). Madril, Real Academia de Ciencias Exactas, F\u00edsicas y Naturales, 2002ko ekainaren 7a.<\/p>\n<p>V. Batzar Nagusia (2001).<\/p>\n<p><a href=\"https:\/\/www.aeter.org\/wp-content\/uploads\/2013\/02\/Acta-AETER-2000.pdf\" target=\"_blank\" rel=\"noopener noreferrer\"><img loading=\"lazy\" decoding=\"async\" class=\"alignleft size-full wp-image-309\" title=\"PDF\" src=\"https:\/\/www.aeter.org\/wp-content\/uploads\/2013\/02\/aeter_pdf.png\" alt=\"\" width=\"30\" height=\"30\" \/><\/a>IV. Batzar Nagusia (2000). Madril, Real Academia de Ciencias Exactas, F\u00edsicas y Naturales, 2000ko urriaren 21a.<\/p>\n<p>&nbsp;<\/p>\n<p><a href=\"https:\/\/www.aeter.org\/wp-content\/uploads\/2013\/02\/Acta-AETER1999.pdf\" target=\"_blank\" rel=\"noopener noreferrer\"><img loading=\"lazy\" decoding=\"async\" class=\"alignleft size-full wp-image-309\" title=\"PDF\" src=\"https:\/\/www.aeter.org\/wp-content\/uploads\/2013\/02\/aeter_pdf.png\" alt=\"\" width=\"30\" height=\"30\" \/><\/a>III. Batzar Nagusia (1999).<\/p>\n<p>&nbsp;<\/p>\n<p><a href=\"https:\/\/www.aeter.org\/wp-content\/uploads\/2013\/02\/Acta-AETER-1998.pdf\" target=\"_blank\" rel=\"noopener noreferrer\"><img loading=\"lazy\" decoding=\"async\" class=\"alignleft size-full wp-image-309\" title=\"PDF\" src=\"https:\/\/www.aeter.org\/wp-content\/uploads\/2013\/02\/aeter_pdf.png\" alt=\"\" width=\"30\" height=\"30\" \/><\/a>II. Batzar Nagusia (1998). Madril, Real Academia de Ciencias Exactas, F\u00edsicas y Naturales, 1998ko maiatzaren 5a.<\/p>\n<p>&nbsp;<\/p>\n<p>I. Batzar Nagusia (1997), eratzailea<\/p>\n","protected":false},"excerpt":{"rendered":"<p>XXVII Asamblea general (2023) (Acta provisional) San Sebasti\u00e1n\/Donostia, sede de la Real Academia de la Lengua Vasca\/Euskaltzaindia, 3 de noviembre de 2023 \u00a0Acuerdo de la nueva junta directiva sobre distribuci\u00f3n de cargos (3\/11\/2023) XXVI Asamblea general (2022)\u00a0 Madrid, Escuela de Telecomunicaci\u00f3n, Universidad Polit\u00e9cnica de Madrid, 2022ko azaroaren 11 Zuzendaritza-batzorde berriaren erabakia, karguak banatzeari buruzkoa (11\/10\/2022)&hellip;<\/p>\n","protected":false},"author":5,"featured_media":0,"parent":0,"menu_order":0,"comment_status":"closed","ping_status":"closed","template":"","meta":{"footnotes":""},"class_list":["post-4472","page","type-page","status-publish","hentry"],"yoast_head":"<!-- This site is optimized with the Yoast SEO plugin v24.4 - https:\/\/yoast.com\/wordpress\/plugins\/seo\/ -->\n<title>AETERen batzarrak - ASOCIACI\u00d3N ESPA\u00d1OLA DE TERMINOLOG\u00cdA<\/title>\n<meta name=\"robots\" content=\"index, follow, max-snippet:-1, max-image-preview:large, max-video-preview:-1\" \/>\n<link rel=\"canonical\" href=\"https:\/\/aeter.org\/eu\/aeteren-batzarrak\/\" \/>\n<meta property=\"og:locale\" content=\"eu_ES\" \/>\n<meta property=\"og:type\" content=\"article\" \/>\n<meta property=\"og:title\" content=\"AETERen batzarrak - ASOCIACI\u00d3N ESPA\u00d1OLA DE TERMINOLOG\u00cdA\" \/>\n<meta property=\"og:description\" content=\"XXVII Asamblea general (2023) (Acta provisional) San Sebasti\u00e1n\/Donostia, sede de la Real Academia de la Lengua Vasca\/Euskaltzaindia, 3 de noviembre de 2023 \u00a0Acuerdo de la nueva junta directiva sobre distribuci\u00f3n de cargos (3\/11\/2023) XXVI Asamblea general (2022)\u00a0 Madrid, Escuela de Telecomunicaci\u00f3n, Universidad Polit\u00e9cnica de Madrid, 2022ko azaroaren 11 Zuzendaritza-batzorde berriaren erabakia, karguak banatzeari buruzkoa (11\/10\/2022)&hellip;\" \/>\n<meta property=\"og:url\" content=\"https:\/\/aeter.org\/eu\/aeteren-batzarrak\/\" \/>\n<meta property=\"og:site_name\" content=\"ASOCIACI\u00d3N ESPA\u00d1OLA DE TERMINOLOG\u00cdA\" \/>\n<meta property=\"article:modified_time\" content=\"2023-12-21T18:58:57+00:00\" \/>\n<meta property=\"og:image\" content=\"https:\/\/www.aeter.org\/wp-content\/uploads\/2013\/02\/aeter_pdf.png\" \/>\n<meta name=\"twitter:card\" content=\"summary_large_image\" \/>\n<meta name=\"twitter:label1\" content=\"Est. reading time\" \/>\n\t<meta name=\"twitter:data1\" content=\"7 minutes\" \/>\n<script type=\"application\/ld+json\" class=\"yoast-schema-graph\">{\"@context\":\"https:\/\/schema.org\",\"@graph\":[{\"@type\":\"WebPage\",\"@id\":\"https:\/\/aeter.org\/eu\/aeteren-batzarrak\/\",\"url\":\"https:\/\/aeter.org\/eu\/aeteren-batzarrak\/\",\"name\":\"AETERen batzarrak - ASOCIACI\u00d3N ESPA\u00d1OLA DE TERMINOLOG\u00cdA\",\"isPartOf\":{\"@id\":\"https:\/\/aeter.org\/#website\"},\"primaryImageOfPage\":{\"@id\":\"https:\/\/aeter.org\/eu\/aeteren-batzarrak\/#primaryimage\"},\"image\":{\"@id\":\"https:\/\/aeter.org\/eu\/aeteren-batzarrak\/#primaryimage\"},\"thumbnailUrl\":\"https:\/\/www.aeter.org\/wp-content\/uploads\/2013\/02\/aeter_pdf.png\",\"datePublished\":\"2021-04-23T08:08:40+00:00\",\"dateModified\":\"2023-12-21T18:58:57+00:00\",\"breadcrumb\":{\"@id\":\"https:\/\/aeter.org\/eu\/aeteren-batzarrak\/#breadcrumb\"},\"inLanguage\":\"eu-ES\",\"potentialAction\":[{\"@type\":\"ReadAction\",\"target\":[\"https:\/\/aeter.org\/eu\/aeteren-batzarrak\/\"]}]},{\"@type\":\"ImageObject\",\"inLanguage\":\"eu-ES\",\"@id\":\"https:\/\/aeter.org\/eu\/aeteren-batzarrak\/#primaryimage\",\"url\":\"https:\/\/www.aeter.org\/wp-content\/uploads\/2013\/02\/aeter_pdf.png\",\"contentUrl\":\"https:\/\/www.aeter.org\/wp-content\/uploads\/2013\/02\/aeter_pdf.png\"},{\"@type\":\"BreadcrumbList\",\"@id\":\"https:\/\/aeter.org\/eu\/aeteren-batzarrak\/#breadcrumb\",\"itemListElement\":[{\"@type\":\"ListItem\",\"position\":1,\"name\":\"Portada\",\"item\":\"https:\/\/aeter.org\/\"},{\"@type\":\"ListItem\",\"position\":2,\"name\":\"AETERen batzarrak\"}]},{\"@type\":\"WebSite\",\"@id\":\"https:\/\/aeter.org\/#website\",\"url\":\"https:\/\/aeter.org\/\",\"name\":\"ASOCIACI\u00d3N ESPA\u00d1OLA DE TERMINOLOG\u00cdA\",\"description\":\"AETER\",\"potentialAction\":[{\"@type\":\"SearchAction\",\"target\":{\"@type\":\"EntryPoint\",\"urlTemplate\":\"https:\/\/aeter.org\/?s={search_term_string}\"},\"query-input\":{\"@type\":\"PropertyValueSpecification\",\"valueRequired\":true,\"valueName\":\"search_term_string\"}}],\"inLanguage\":\"eu-ES\"}]}<\/script>\n<!-- \/ Yoast SEO plugin. -->","yoast_head_json":{"title":"AETERen batzarrak - ASOCIACI\u00d3N ESPA\u00d1OLA DE TERMINOLOG\u00cdA","robots":{"index":"index","follow":"follow","max-snippet":"max-snippet:-1","max-image-preview":"max-image-preview:large","max-video-preview":"max-video-preview:-1"},"canonical":"https:\/\/aeter.org\/eu\/aeteren-batzarrak\/","og_locale":"eu_ES","og_type":"article","og_title":"AETERen batzarrak - ASOCIACI\u00d3N ESPA\u00d1OLA DE TERMINOLOG\u00cdA","og_description":"XXVII Asamblea general (2023) (Acta provisional) San Sebasti\u00e1n\/Donostia, sede de la Real Academia de la Lengua Vasca\/Euskaltzaindia, 3 de noviembre de 2023 \u00a0Acuerdo de la nueva junta directiva sobre distribuci\u00f3n de cargos (3\/11\/2023) XXVI Asamblea general (2022)\u00a0 Madrid, Escuela de Telecomunicaci\u00f3n, Universidad Polit\u00e9cnica de Madrid, 2022ko azaroaren 11 Zuzendaritza-batzorde berriaren erabakia, karguak banatzeari buruzkoa (11\/10\/2022)&hellip;","og_url":"https:\/\/aeter.org\/eu\/aeteren-batzarrak\/","og_site_name":"ASOCIACI\u00d3N ESPA\u00d1OLA DE TERMINOLOG\u00cdA","article_modified_time":"2023-12-21T18:58:57+00:00","og_image":[{"url":"https:\/\/www.aeter.org\/wp-content\/uploads\/2013\/02\/aeter_pdf.png","type":"","width":"","height":""}],"twitter_card":"summary_large_image","twitter_misc":{"Est. reading time":"7 minutes"},"schema":{"@context":"https:\/\/schema.org","@graph":[{"@type":"WebPage","@id":"https:\/\/aeter.org\/eu\/aeteren-batzarrak\/","url":"https:\/\/aeter.org\/eu\/aeteren-batzarrak\/","name":"AETERen batzarrak - ASOCIACI\u00d3N ESPA\u00d1OLA DE TERMINOLOG\u00cdA","isPartOf":{"@id":"https:\/\/aeter.org\/#website"},"primaryImageOfPage":{"@id":"https:\/\/aeter.org\/eu\/aeteren-batzarrak\/#primaryimage"},"image":{"@id":"https:\/\/aeter.org\/eu\/aeteren-batzarrak\/#primaryimage"},"thumbnailUrl":"https:\/\/www.aeter.org\/wp-content\/uploads\/2013\/02\/aeter_pdf.png","datePublished":"2021-04-23T08:08:40+00:00","dateModified":"2023-12-21T18:58:57+00:00","breadcrumb":{"@id":"https:\/\/aeter.org\/eu\/aeteren-batzarrak\/#breadcrumb"},"inLanguage":"eu-ES","potentialAction":[{"@type":"ReadAction","target":["https:\/\/aeter.org\/eu\/aeteren-batzarrak\/"]}]},{"@type":"ImageObject","inLanguage":"eu-ES","@id":"https:\/\/aeter.org\/eu\/aeteren-batzarrak\/#primaryimage","url":"https:\/\/www.aeter.org\/wp-content\/uploads\/2013\/02\/aeter_pdf.png","contentUrl":"https:\/\/www.aeter.org\/wp-content\/uploads\/2013\/02\/aeter_pdf.png"},{"@type":"BreadcrumbList","@id":"https:\/\/aeter.org\/eu\/aeteren-batzarrak\/#breadcrumb","itemListElement":[{"@type":"ListItem","position":1,"name":"Portada","item":"https:\/\/aeter.org\/"},{"@type":"ListItem","position":2,"name":"AETERen batzarrak"}]},{"@type":"WebSite","@id":"https:\/\/aeter.org\/#website","url":"https:\/\/aeter.org\/","name":"ASOCIACI\u00d3N ESPA\u00d1OLA DE TERMINOLOG\u00cdA","description":"AETER","potentialAction":[{"@type":"SearchAction","target":{"@type":"EntryPoint","urlTemplate":"https:\/\/aeter.org\/?s={search_term_string}"},"query-input":{"@type":"PropertyValueSpecification","valueRequired":true,"valueName":"search_term_string"}}],"inLanguage":"eu-ES"}]}},"_links":{"self":[{"href":"https:\/\/aeter.org\/eu\/wp-json\/wp\/v2\/pages\/4472","targetHints":{"allow":["GET"]}}],"collection":[{"href":"https:\/\/aeter.org\/eu\/wp-json\/wp\/v2\/pages"}],"about":[{"href":"https:\/\/aeter.org\/eu\/wp-json\/wp\/v2\/types\/page"}],"author":[{"embeddable":true,"href":"https:\/\/aeter.org\/eu\/wp-json\/wp\/v2\/users\/5"}],"replies":[{"embeddable":true,"href":"https:\/\/aeter.org\/eu\/wp-json\/wp\/v2\/comments?post=4472"}],"version-history":[{"count":6,"href":"https:\/\/aeter.org\/eu\/wp-json\/wp\/v2\/pages\/4472\/revisions"}],"predecessor-version":[{"id":6722,"href":"https:\/\/aeter.org\/eu\/wp-json\/wp\/v2\/pages\/4472\/revisions\/6722"}],"wp:attachment":[{"href":"https:\/\/aeter.org\/eu\/wp-json\/wp\/v2\/media?parent=4472"}],"curies":[{"name":"wp","href":"https:\/\/api.w.org\/{rel}","templated":true}]}}