{"id":4507,"date":"2021-04-23T09:30:48","date_gmt":"2021-04-23T09:30:48","guid":{"rendered":"https:\/\/aeter.org\/aeter-jardunaldiak\/"},"modified":"2023-12-21T19:25:45","modified_gmt":"2023-12-21T19:25:45","slug":"aeter-jardunaldiak","status":"publish","type":"page","link":"https:\/\/aeter.org\/eu\/aeter-jardunaldiak\/","title":{"rendered":"AETER jardunaldiak"},"content":{"rendered":"<p><strong>XXII Jornada AETER: P\u00e9rdida de dominios terminol\u00f3gicos: estrategias colaborativas para su recuperaci\u00f3n e implantaci\u00f3n<\/strong><\/p>\n<p>Delegaci\u00f3n de Euskaltzaindia en Donostia \/ San Sebasti\u00e1n, 3 de noviembre de 2023<br \/>\n<a href=\"https:\/\/aeter.org\/wp-content\/uploads\/2023\/12\/Programa-Jornada_maquetado-20230928.pdf\">Programa<\/a>\u00a0 \u00a0 \u00a0 \u00a0 Enlace a las grabaciones <a href=\"https:\/\/www.youtube.com\/watch?v=jj6_-N4NuXY\">Elea Gim\u00e9nez<\/a>\u00a0 <a href=\"https:\/\/www.youtube.com\/watch?v=4Mo64icb93U\">Elena Garc\u00eda<\/a><\/p>\n<p><strong>XXI Jornada AETER: Terminolog\u00eda, \u00e1mbitos especializados y procesamiento del lenguaje natural: puntos de encuentro<\/strong><br \/>\nMadrid, Escuela de Telecomunicaci\u00f3n de la Universidad Polit\u00e9cnica de Madrid, 2022ko azaroaren 11<br \/>\n<a href=\"https:\/\/aeter.org\/wp-content\/uploads\/2022\/11\/programa_aeter2022.pdf\" target=\"_blank\" rel=\"noopener\">Programa<\/a>\u00a0 \u00a0 \u00a0 \u00a0 \u00a0 <a href=\"https:\/\/aeter.org\/jornada-aeter-2022-materiales\/\" target=\"_blank\" rel=\"noopener\">Materialetarako sarbidea<\/a>\u00a0 \u00a0 \u00a0 \u00a0 \u00a0 \u00a0 \u00a0 \u00a0 \u00a0 \u00a0 <a href=\"https:\/\/www.flickr.com\/photos\/etsit-upm\/sets\/72177720303667151\/\" target=\"_blank\" rel=\"noopener\">Argazkiak<\/a><\/p>\n<p><strong>XX Jornada AETER:\u00a0<\/strong><em><strong>Terminolog\u00eda, inteligencia artificial y sociedad digital<\/strong><\/em><br \/>\nMadrid, Direcci\u00f3n General de Traducci\u00f3n (DGT) de la Comisi\u00f3n Europea, 2021eko abenduaren 10a<br \/>\n<a href=\"https:\/\/aeter.org\/wp-content\/uploads\/2021\/12\/Programa-XX-Jornada-Jornada-AETER.pdf\" target=\"_blank\" rel=\"noopener\">Programa<\/a>\u00a0 \u00a0 \u00a0 \u00a0 <a href=\"https:\/\/www.youtube.com\/watch?v=Xe62PGBftj4\" target=\"_blank\" rel=\"noopener\">YouTuben grabaziorako esteka<\/a>\u00a0 \u00a0 \u00a0 \u00a0<a href=\"https:\/\/drive.google.com\/drive\/folders\/1QUEn0OxBwuZh6EJn0EDUratiOZqm_fpZ?usp=sharing\" target=\"_blank\" rel=\"noopener\">Argazkiak<\/a><\/p>\n<p><strong>XIX Jornada AETER: <em>Terminolog\u00eda, neolog\u00eda y traducci\u00f3n<\/em><\/strong><br \/>\nM\u00e1laga, Universitad de M\u00e1laga, Sal\u00f3n de actos Mar\u00eda Zambrano de la Facultad de Filosof\u00eda y Letras, 2019ko azaroaren 29a<br \/>\n<a href=\"https:\/\/aeter.org\/wp-content\/uploads\/2019\/09\/Jornada_AETER_Malaga_2019_programa-definitivo.pdf\">Programa<\/a><\/p>\n<p><strong>XVIII Jornada AETER: <em>Avances en la lexicograf\u00eda especializada: retos y cambios en la elaboraci\u00f3n de recursos lexicogr\u00e1ficos y terminol\u00f3gicos para traductores e int\u00e9rpretes<\/em><\/strong><br \/>\nAlicante, Universitad de Alicante, Aula Magna de la Facultad de Filosof\u00eda y Letras, 2018ko azaroaren 16a<br \/>\n<a href=\"https:\/\/aeter.org\/wp-content\/uploads\/2013\/02\/Folleto-AETER_v2.pdf\" target=\"_blank\" rel=\"noopener noreferrer\">Programa<\/a> \u00a0 \u00a0 \u00a0 \u00a0 <a href=\"https:\/\/aeter.org\/wp-content\/uploads\/2013\/02\/Cartel-AETER-1.jpg\" target=\"_blank\" rel=\"noopener noreferrer\">Zabalkunde-kartela<\/a> \u00a0 \u00a0 \u00a0 <a href=\"\/eu\/2018ko-aeter-jardunaldia-materialak\/\" target=\"_blank\" rel=\"noopener noreferrer\">Materialetarako sarbidea<\/a> \u00a0 \u00a0 \u00a0 <a href=\"https:\/\/drive.google.com\/drive\/u\/2\/folders\/1R-ODFuMSyfRAboP2Pjpj7AtlbpZLi3KI\" target=\"_blank\" rel=\"noopener noreferrer\">Argazkiak<\/a><\/p>\n<p><strong>XVII Jornada AETER: <em>La formaci\u00f3n en terminolog\u00eda, un espacio en movimiento<\/em><\/strong><br \/>\nBarcelona, Universitat Pompeu Fabra (UPF), Campus de Poblenou, 2017ko azaroaren 3a<br \/>\n<a href=\"https:\/\/aeter.org\/wp-content\/uploads\/2017\/10\/programaAETER_updated.pdf\" target=\"_blank\" rel=\"noopener noreferrer\">Programa <\/a> \u00a0 \u00a0 \u00a0 <a href=\"https:\/\/aeter.org\/wp-content\/uploads\/2017\/10\/cartell.17.11.03.jornadaAETER.a3_es_updated.pdf\" target=\"_blank\" rel=\"noopener noreferrer\">Zabalkunde-kartela<\/a> \u00a0 \u00a0 \u00a0 <a href=\"https:\/\/aeter.org\/wp-content\/uploads\/2017\/10\/cartell.17.11.03.jornadaAETER.a4_red.pdf\" target=\"_blank\" rel=\"noopener noreferrer\">Kartelaren laburpena<\/a> \u00a0 \u00a0 \u00a0 <a href=\"https:\/\/drive.google.com\/open?id=1r_Rubn62A4gCVooQNqQxMlJxiRYeKAam\" target=\"_blank\" rel=\"noopener noreferrer\">Argazkiak<\/a><\/p>\n<p><strong>XVI Jornada AETER: <em>Terminolog\u00eda, textos digitales y traducci\u00f3n autom\u00e1tica<br \/>\n<\/em><\/strong>Castell\u00f3 de la Plana, Facultat de Ci\u00e8ncies Humanes i Socials de la Universitat Jaume I , 2016ko azaroaren 17a eta 18a<br \/>\n<a title=\"Jornada Castell\u00f3 2016 -programa\" href=\"\/eu\/jornada-castello-2016-programa\/\" target=\"_blank\" rel=\"noopener noreferrer\">Programa<\/a> \u00a0 \u00a0 \u00a0 <a href=\"http:\/\/www.aeter.org\/wp-content\/uploads\/2013\/02\/D%C3%ADptico_AETER_2016.pdf\" target=\"_blank\" rel=\"noopener noreferrer\">Diptikoa<\/a> \u00a0 \u00a0 \u00a0 <a href=\"http:\/\/tecnolettra.uji.es\/es\/?page_id=891\" target=\"_blank\" rel=\"noopener noreferrer\">UJIren jardunaldiaren webgunea<\/a> \u00a0 \u00a0 \u00a0 <a href=\"https:\/\/drive.google.com\/open?id=0B2ou1ZQ2zI63ZGhBYjhkLXVNVjA\" target=\"_blank\" rel=\"noopener noreferrer\">Argazkiak<\/a><\/p>\n<p><strong>XV Jornada AETER: <em>Terminolog\u00eda y Biomedicina<\/em><\/strong><br \/>\nSoria, Facultad de Traducci\u00f3n e Interpretaci\u00f3n de la Universidad de Valladolid, 2015eko irailaren 18a<br \/>\n<a href=\"http:\/\/www.aeter.org\/wp-content\/uploads\/2016\/11\/ProgramaXVJornadaAETERSoria2015.pdf\"><img loading=\"lazy\" decoding=\"async\" class=\"alignleft wp-image-4494 size-full\" src=\"https:\/\/aeter.org\/wp-content\/uploads\/2013\/02\/aeter_pdf.png\" alt=\"PDF\" width=\"30\" height=\"30\" \/><\/a>Programa \u00a0 \u00a0 \u00a0 <a title=\"Jornada Soria 2015 \u2013 Materiales\" href=\"\/eu\/soriako-2015eko-jardunaldia-materialak\/\" target=\"_blank\" rel=\"noopener noreferrer\">Materialetarako sarbidea<\/a> <a href=\"https:\/\/drive.google.com\/open?id=0B2ou1ZQ2zI63N0hxMTY1cy05MFU\" target=\"_blank\" rel=\"noopener noreferrer\">Argazkiak<\/a><\/p>\n<p><a href=\"\/eu\/2014ko-aeter-jardunaldia-materialak\/\" target=\"_blank\" rel=\"noopener noreferrer\"><strong><strong>XIV Jornada AETER: <em>Normalizaci\u00f3n y otros nuevos escenarios para la terminolog\u00eda<\/em><\/strong><\/strong><\/a><strong><br \/>\n<\/strong>Madrid, Facultad de Filolog\u00eda de la Universidad Complutense de Madrid, 2014ko irailaren 26a<strong><br \/>\n<a href=\"http:\/\/www.aeter.org\/wp-content\/uploads\/2013\/02\/XIV-Jornada-de-AETER-2014.pdf\"><img loading=\"lazy\" decoding=\"async\" class=\"size-full wp-image-4494 alignnone\" title=\"PDF\" src=\"https:\/\/aeter.org\/wp-content\/uploads\/2013\/02\/aeter_pdf.png\" alt=\"\" width=\"30\" height=\"30\" \/><\/a> <\/strong>Programa \u00a0 \u00a0 \u00a0 <a href=\"\/eu\/2014ko-aeter-jardunaldia-materialak\/\" target=\"_blank\" rel=\"noopener noreferrer\">Materialetarako sarbidea eta argazkiak<\/a><strong><br \/>\n<\/strong><\/p>\n<p><strong><a title=\"Jornada AETER 2013: Presentaciones\" href=\"\/eu\/aeter-jardunaldiak\/2013ko-aeter-jardunaldia-materialak\/\">XIII Jornada AETER: <\/a><\/strong><em><strong><a title=\"Jornada AETER 2013: Presentaciones\" href=\"\/eu\/aeter-jardunaldiak\/2013ko-aeter-jardunaldia-materialak\/\">Presente y futuro de la Terminolog\u00eda en lengua espa\u00f1ola<\/a><br \/>\n<\/strong><\/em>Alcal\u00e1 de Henares, Universidad de Alcal\u00e1, 2013ko azaroaren 8a<br \/>\n<a href=\"http:\/\/www.aeter.org\/wp-content\/uploads\/2013\/10\/Programa-XIII-Jornada-AETER.pdf\"><img loading=\"lazy\" decoding=\"async\" class=\"size-full wp-image-4494 alignnone\" title=\"PDF\" src=\"https:\/\/aeter.org\/wp-content\/uploads\/2013\/02\/aeter_pdf.png\" alt=\"\" width=\"30\" height=\"30\" \/><\/a> Programa \u00a0 \u00a0 \u00a0\u00a0<a title=\"Jornada AETER 2013: Presentaciones\" href=\"\/eu\/aeter-jardunaldiak\/2013ko-aeter-jardunaldia-materialak\/\">Materialetarako sarbidea<\/a><\/p>\n<p><strong>XII Jornada AETER: <em>La investigaci\u00f3n terminol\u00f3gica en Andaluc\u00eda<\/em><\/strong><br \/>\nSevilla, Universidad Pablo de Olavide, 2012ko azaroaren 23a<br \/>\n<a href=\"http:\/\/www.aeter.org\/wp-content\/uploads\/2013\/02\/Jornadaaeter_sevilla2012programa.pdf\" target=\"_blank\" rel=\"noopener noreferrer\"><img loading=\"lazy\" decoding=\"async\" class=\"alignnone size-full wp-image-4494\" title=\"PDF\" src=\"https:\/\/aeter.org\/wp-content\/uploads\/2013\/02\/aeter_pdf.png\" alt=\"\" width=\"30\" height=\"30\" \/><\/a> Pr<span style=\"font-family: Georgia, 'Times New Roman', 'Bitstream Charter', Times, serif; font-size: 13px; line-height: 19px;\"><span style=\"font-size: 16px; font-family: Georgia, 'Bitstream Charter', serif; line-height: 24px;\">ograma<\/span><\/span><\/p>\n<p><strong>XI Jornada AETER: <em><span style=\"color: #333333;\">Terminolog\u00eda y diacron\u00eda: instrumentos para el estudio del l\u00e9xico especializado<\/span><\/em><\/strong><br \/>\nSalamanca, Universidad de Salamanca, 2011ko azaroaren 18a<br \/>\n<a href=\"http:\/\/www.aeter.org\/wp-content\/uploads\/2013\/02\/JornadaAETER_usal2011.pdf\" target=\"_blank\" rel=\"noopener noreferrer\"><img loading=\"lazy\" decoding=\"async\" class=\"alignnone size-full wp-image-4494\" title=\"PFD\" src=\"https:\/\/aeter.org\/wp-content\/uploads\/2013\/02\/aeter_pdf.png\" alt=\"\" width=\"30\" height=\"30\" \/><\/a> Programa \u00a0 \u00a0 \u00a0\u00a0<a href=\"http:\/\/ec.europa.eu\/translation\/bulletins\/puntoycoma\/125\/pyc1255_es.htm\" target=\"_blank\" rel=\"noopener noreferrer\">Aipamena in <em>PuntoyComa<\/em>, 125 (2011)<\/a><\/p>\n<p><strong>X Jornada AETER:<\/strong><em><strong>Gaztelaniaren terminologia eta sendotzea nazioarteko hizkuntza gisa<br \/>\n<\/strong><\/em>Madrid, Representaci\u00f3n en Espa\u00f1a de la Comisi\u00f3n Europea, 2010eko abenduaren 10a<br \/>\n<a href=\"http:\/\/www.aeter.org\/wp-content\/uploads\/2013\/02\/jornada_madrid2010.pdf\" target=\"_blank\" rel=\"noopener noreferrer\"><img loading=\"lazy\" decoding=\"async\" class=\"alignnone size-full wp-image-4494\" title=\"PDF\" src=\"https:\/\/aeter.org\/wp-content\/uploads\/2013\/02\/aeter_pdf.png\" alt=\"\" width=\"30\" height=\"30\" \/><\/a> Programa<\/p>\n<p><strong>IX Jornada AETER: <em>Lenguas de especialidad y terminolog\u00eda<br \/>\n<\/em><\/strong>Soria, Universidad de Valladolid, 2009ko azaroaren 271<br \/>\n<a href=\"http:\/\/www.aeter.org\/wp-content\/uploads\/2013\/02\/jornada_soria2009.pdf\" target=\"_blank\" rel=\"noopener noreferrer\"><img loading=\"lazy\" decoding=\"async\" class=\"alignnone size-full wp-image-4494\" title=\"PDF\" src=\"https:\/\/aeter.org\/wp-content\/uploads\/2013\/02\/aeter_pdf.png\" alt=\"\" width=\"30\" height=\"30\" \/><\/a> Programa <a href=\"http:\/\/www.aeter.org\/wp-content\/uploads\/2013\/02\/ref_actasjornada2009.pdf\" target=\"_blank\" rel=\"noopener noreferrer\"><img loading=\"lazy\" decoding=\"async\" class=\"alignnone size-full wp-image-4494\" title=\"PDF\" src=\"https:\/\/aeter.org\/wp-content\/uploads\/2013\/02\/aeter_pdf.png\" alt=\"\" width=\"30\" height=\"30\" \/><\/a> Akten erref.<\/p>\n<p><strong>VIII Jornada AETER: <em>Modelos, recursos y aplicaciones inform\u00e1ticas para la terminolog\u00eda<br \/>\n<\/em><\/strong>Madrid, Universidad Polit\u00e9cnica de Madrid, 2008ko azaroaren 21a<br \/>\n<a href=\"http:\/\/ec.europa.eu\/translation\/spanish\/magazine\/documents\/pyc_115_supl_es.pdf\" target=\"_blank\" rel=\"noopener noreferrer\">Aktak <em>PuntoyComa<\/em>-ko gehigarrian, 115 (2009)<\/a><\/p>\n<p><strong>VII Jornada AETER: <em>Lenguas de especialidad y lenguajes documentales<\/em><\/strong><br \/>\nMadrid, Direcci\u00f3n General de Universidades, 2006ko azaroaren 24a.<br \/>\n<a href=\"http:\/\/www.aeter.org\/wp-content\/uploads\/2013\/02\/jornada_madrid2006_2.pdf\" target=\"_blank\" rel=\"noopener noreferrer\"><img loading=\"lazy\" decoding=\"async\" class=\"alignnone size-full wp-image-4494\" title=\"PDF\" src=\"https:\/\/aeter.org\/wp-content\/uploads\/2013\/02\/aeter_pdf.png\" alt=\"\" width=\"30\" height=\"30\" \/><\/a> Programa <a href=\"http:\/\/www.aeter.org\/wp-content\/uploads\/2013\/02\/ref_actasjornada2006.pdf\" target=\"_blank\" rel=\"noopener noreferrer\"><img loading=\"lazy\" decoding=\"async\" class=\"alignnone size-full wp-image-4494\" title=\"PDF\" src=\"https:\/\/aeter.org\/wp-content\/uploads\/2013\/02\/aeter_pdf.png\" alt=\"\" width=\"30\" height=\"30\" \/><\/a> Akten erref. <a href=\"http:\/\/www.aeter.org\/wp-content\/uploads\/2013\/02\/RL_14_2008_rec-1.pdf\" target=\"_blank\" rel=\"noopener noreferrer\"><img loading=\"lazy\" decoding=\"async\" class=\"alignnone size-full wp-image-4494\" title=\"PDF\" src=\"https:\/\/aeter.org\/wp-content\/uploads\/2013\/02\/aeter_pdf.png\" alt=\"\" width=\"30\" height=\"30\" \/><\/a> Aipamena in <em>Revista de Lexicograf\u00eda<\/em>, 14 (2008)<\/p>\n<p><strong>VI Jornada AETER: <em>Terminolog\u00eda y documentaci\u00f3n<\/em><\/strong><br \/>\nMadrid, Residencia de Estudiantes, 2005eko azaroaren 28a<\/p>\n<p><strong>V Jornada AETER: <em>Comunicar y ense\u00f1ar a comunicar el conocimiento especializado<\/em><\/strong><br \/>\nAlcal\u00e1 de Henares, Universidad de Alcal\u00e1, 2004ko urriaren 15a<br \/>\n<a href=\"http:\/\/www.aeter.org\/wp-content\/uploads\/2013\/02\/programa_V_jornada-AETER_Alcala1.pdf\"><img loading=\"lazy\" decoding=\"async\" class=\"alignleft wp-image-4494 size-full\" src=\"https:\/\/aeter.org\/wp-content\/uploads\/2013\/02\/aeter_pdf.png\" alt=\"PDF\" width=\"30\" height=\"30\" \/><\/a>Programaren PDFa <a href=\"http:\/\/cvc.cervantes.es\/lengua\/aeter\/\" target=\"_blank\" rel=\"noopener noreferrer\">Aktak Centro Virtual Cervantes-en<\/a><\/p>\n<p><strong>IV Jornada AETER:<\/strong><br \/>\nSantiago de Compostela, Centro Ramon Pi\u00f1eiro, 2003ko azaroaren 7a<\/p>\n<p><strong>III Jornada AETER: <em>Terminolog\u00eda y normalizaci\u00f3n<\/em><\/strong><br \/>\nMadrid, 2002<\/p>\n<p><strong>II Jornada AETER: <em>Lenguaje cient\u00edfico y lexicograf\u00eda<\/em><\/strong><br \/>\nMadrid, Real Academia de Ciencias, 2000ko urriaren 20a eta 21a<br \/>\n<a href=\"https:\/\/aeter.org\/wp-content\/uploads\/2013\/02\/ress_jornada2000.pdf\" target=\"_blank\" rel=\"noopener noreferrer\">Aipamena in Panace@, 1:2 (2000)<\/a><\/p>\n<p><strong>I Jornada AETER: <em>Problemas terminol\u00f3gicos en medicina<\/em><\/strong><br \/>\nMadrid, 1999<\/p>\n<p><em>La actualidad terminol\u00f3gica en Espa\u00f1a<\/em> (1999)<\/p>\n","protected":false},"excerpt":{"rendered":"<p>XXII Jornada AETER: P\u00e9rdida de dominios terminol\u00f3gicos: estrategias colaborativas para su recuperaci\u00f3n e implantaci\u00f3n Delegaci\u00f3n de Euskaltzaindia en Donostia \/ San Sebasti\u00e1n, 3 de noviembre de 2023 Programa\u00a0 \u00a0 \u00a0 \u00a0 Enlace a las grabaciones Elea Gim\u00e9nez\u00a0 Elena Garc\u00eda XXI Jornada AETER: Terminolog\u00eda, \u00e1mbitos especializados y procesamiento del lenguaje natural: puntos de encuentro Madrid, Escuela&hellip;<\/p>\n","protected":false},"author":5,"featured_media":0,"parent":0,"menu_order":0,"comment_status":"closed","ping_status":"closed","template":"","meta":{"footnotes":""},"class_list":["post-4507","page","type-page","status-publish","hentry"],"yoast_head":"<!-- This site is optimized with the Yoast SEO plugin v24.4 - https:\/\/yoast.com\/wordpress\/plugins\/seo\/ -->\n<title>AETER jardunaldiak - ASOCIACI\u00d3N ESPA\u00d1OLA DE TERMINOLOG\u00cdA<\/title>\n<meta name=\"robots\" content=\"index, follow, max-snippet:-1, max-image-preview:large, max-video-preview:-1\" \/>\n<link rel=\"canonical\" href=\"https:\/\/aeter.org\/eu\/aeter-jardunaldiak\/\" \/>\n<meta property=\"og:locale\" content=\"eu_ES\" \/>\n<meta property=\"og:type\" content=\"article\" \/>\n<meta property=\"og:title\" content=\"AETER jardunaldiak - ASOCIACI\u00d3N ESPA\u00d1OLA DE TERMINOLOG\u00cdA\" \/>\n<meta property=\"og:description\" content=\"XXII Jornada AETER: P\u00e9rdida de dominios terminol\u00f3gicos: estrategias colaborativas para su recuperaci\u00f3n e implantaci\u00f3n Delegaci\u00f3n de Euskaltzaindia en Donostia \/ San Sebasti\u00e1n, 3 de noviembre de 2023 Programa\u00a0 \u00a0 \u00a0 \u00a0 Enlace a las grabaciones Elea Gim\u00e9nez\u00a0 Elena Garc\u00eda XXI Jornada AETER: Terminolog\u00eda, \u00e1mbitos especializados y procesamiento del lenguaje natural: puntos de encuentro Madrid, Escuela&hellip;\" \/>\n<meta property=\"og:url\" content=\"https:\/\/aeter.org\/eu\/aeter-jardunaldiak\/\" \/>\n<meta property=\"og:site_name\" content=\"ASOCIACI\u00d3N ESPA\u00d1OLA DE TERMINOLOG\u00cdA\" \/>\n<meta property=\"article:modified_time\" content=\"2023-12-21T19:25:45+00:00\" \/>\n<meta property=\"og:image\" content=\"https:\/\/aeter.org\/wp-content\/uploads\/2013\/02\/aeter_pdf.png\" \/>\n<meta name=\"twitter:card\" content=\"summary_large_image\" \/>\n<meta name=\"twitter:label1\" content=\"Est. reading time\" \/>\n\t<meta name=\"twitter:data1\" content=\"5 minutes\" \/>\n<script type=\"application\/ld+json\" class=\"yoast-schema-graph\">{\"@context\":\"https:\/\/schema.org\",\"@graph\":[{\"@type\":\"WebPage\",\"@id\":\"https:\/\/aeter.org\/eu\/aeter-jardunaldiak\/\",\"url\":\"https:\/\/aeter.org\/eu\/aeter-jardunaldiak\/\",\"name\":\"AETER jardunaldiak - ASOCIACI\u00d3N ESPA\u00d1OLA DE TERMINOLOG\u00cdA\",\"isPartOf\":{\"@id\":\"https:\/\/aeter.org\/#website\"},\"primaryImageOfPage\":{\"@id\":\"https:\/\/aeter.org\/eu\/aeter-jardunaldiak\/#primaryimage\"},\"image\":{\"@id\":\"https:\/\/aeter.org\/eu\/aeter-jardunaldiak\/#primaryimage\"},\"thumbnailUrl\":\"https:\/\/aeter.org\/wp-content\/uploads\/2013\/02\/aeter_pdf.png\",\"datePublished\":\"2021-04-23T09:30:48+00:00\",\"dateModified\":\"2023-12-21T19:25:45+00:00\",\"breadcrumb\":{\"@id\":\"https:\/\/aeter.org\/eu\/aeter-jardunaldiak\/#breadcrumb\"},\"inLanguage\":\"eu-ES\",\"potentialAction\":[{\"@type\":\"ReadAction\",\"target\":[\"https:\/\/aeter.org\/eu\/aeter-jardunaldiak\/\"]}]},{\"@type\":\"ImageObject\",\"inLanguage\":\"eu-ES\",\"@id\":\"https:\/\/aeter.org\/eu\/aeter-jardunaldiak\/#primaryimage\",\"url\":\"https:\/\/aeter.org\/wp-content\/uploads\/2013\/02\/aeter_pdf.png\",\"contentUrl\":\"https:\/\/aeter.org\/wp-content\/uploads\/2013\/02\/aeter_pdf.png\"},{\"@type\":\"BreadcrumbList\",\"@id\":\"https:\/\/aeter.org\/eu\/aeter-jardunaldiak\/#breadcrumb\",\"itemListElement\":[{\"@type\":\"ListItem\",\"position\":1,\"name\":\"Portada\",\"item\":\"https:\/\/aeter.org\/\"},{\"@type\":\"ListItem\",\"position\":2,\"name\":\"AETER jardunaldiak\"}]},{\"@type\":\"WebSite\",\"@id\":\"https:\/\/aeter.org\/#website\",\"url\":\"https:\/\/aeter.org\/\",\"name\":\"ASOCIACI\u00d3N ESPA\u00d1OLA DE TERMINOLOG\u00cdA\",\"description\":\"AETER\",\"potentialAction\":[{\"@type\":\"SearchAction\",\"target\":{\"@type\":\"EntryPoint\",\"urlTemplate\":\"https:\/\/aeter.org\/?s={search_term_string}\"},\"query-input\":{\"@type\":\"PropertyValueSpecification\",\"valueRequired\":true,\"valueName\":\"search_term_string\"}}],\"inLanguage\":\"eu-ES\"}]}<\/script>\n<!-- \/ Yoast SEO plugin. -->","yoast_head_json":{"title":"AETER jardunaldiak - ASOCIACI\u00d3N ESPA\u00d1OLA DE TERMINOLOG\u00cdA","robots":{"index":"index","follow":"follow","max-snippet":"max-snippet:-1","max-image-preview":"max-image-preview:large","max-video-preview":"max-video-preview:-1"},"canonical":"https:\/\/aeter.org\/eu\/aeter-jardunaldiak\/","og_locale":"eu_ES","og_type":"article","og_title":"AETER jardunaldiak - ASOCIACI\u00d3N ESPA\u00d1OLA DE TERMINOLOG\u00cdA","og_description":"XXII Jornada AETER: P\u00e9rdida de dominios terminol\u00f3gicos: estrategias colaborativas para su recuperaci\u00f3n e implantaci\u00f3n Delegaci\u00f3n de Euskaltzaindia en Donostia \/ San Sebasti\u00e1n, 3 de noviembre de 2023 Programa\u00a0 \u00a0 \u00a0 \u00a0 Enlace a las grabaciones Elea Gim\u00e9nez\u00a0 Elena Garc\u00eda XXI Jornada AETER: Terminolog\u00eda, \u00e1mbitos especializados y procesamiento del lenguaje natural: puntos de encuentro Madrid, Escuela&hellip;","og_url":"https:\/\/aeter.org\/eu\/aeter-jardunaldiak\/","og_site_name":"ASOCIACI\u00d3N ESPA\u00d1OLA DE TERMINOLOG\u00cdA","article_modified_time":"2023-12-21T19:25:45+00:00","og_image":[{"url":"https:\/\/aeter.org\/wp-content\/uploads\/2013\/02\/aeter_pdf.png","type":"","width":"","height":""}],"twitter_card":"summary_large_image","twitter_misc":{"Est. reading time":"5 minutes"},"schema":{"@context":"https:\/\/schema.org","@graph":[{"@type":"WebPage","@id":"https:\/\/aeter.org\/eu\/aeter-jardunaldiak\/","url":"https:\/\/aeter.org\/eu\/aeter-jardunaldiak\/","name":"AETER jardunaldiak - ASOCIACI\u00d3N ESPA\u00d1OLA DE TERMINOLOG\u00cdA","isPartOf":{"@id":"https:\/\/aeter.org\/#website"},"primaryImageOfPage":{"@id":"https:\/\/aeter.org\/eu\/aeter-jardunaldiak\/#primaryimage"},"image":{"@id":"https:\/\/aeter.org\/eu\/aeter-jardunaldiak\/#primaryimage"},"thumbnailUrl":"https:\/\/aeter.org\/wp-content\/uploads\/2013\/02\/aeter_pdf.png","datePublished":"2021-04-23T09:30:48+00:00","dateModified":"2023-12-21T19:25:45+00:00","breadcrumb":{"@id":"https:\/\/aeter.org\/eu\/aeter-jardunaldiak\/#breadcrumb"},"inLanguage":"eu-ES","potentialAction":[{"@type":"ReadAction","target":["https:\/\/aeter.org\/eu\/aeter-jardunaldiak\/"]}]},{"@type":"ImageObject","inLanguage":"eu-ES","@id":"https:\/\/aeter.org\/eu\/aeter-jardunaldiak\/#primaryimage","url":"https:\/\/aeter.org\/wp-content\/uploads\/2013\/02\/aeter_pdf.png","contentUrl":"https:\/\/aeter.org\/wp-content\/uploads\/2013\/02\/aeter_pdf.png"},{"@type":"BreadcrumbList","@id":"https:\/\/aeter.org\/eu\/aeter-jardunaldiak\/#breadcrumb","itemListElement":[{"@type":"ListItem","position":1,"name":"Portada","item":"https:\/\/aeter.org\/"},{"@type":"ListItem","position":2,"name":"AETER jardunaldiak"}]},{"@type":"WebSite","@id":"https:\/\/aeter.org\/#website","url":"https:\/\/aeter.org\/","name":"ASOCIACI\u00d3N ESPA\u00d1OLA DE TERMINOLOG\u00cdA","description":"AETER","potentialAction":[{"@type":"SearchAction","target":{"@type":"EntryPoint","urlTemplate":"https:\/\/aeter.org\/?s={search_term_string}"},"query-input":{"@type":"PropertyValueSpecification","valueRequired":true,"valueName":"search_term_string"}}],"inLanguage":"eu-ES"}]}},"_links":{"self":[{"href":"https:\/\/aeter.org\/eu\/wp-json\/wp\/v2\/pages\/4507","targetHints":{"allow":["GET"]}}],"collection":[{"href":"https:\/\/aeter.org\/eu\/wp-json\/wp\/v2\/pages"}],"about":[{"href":"https:\/\/aeter.org\/eu\/wp-json\/wp\/v2\/types\/page"}],"author":[{"embeddable":true,"href":"https:\/\/aeter.org\/eu\/wp-json\/wp\/v2\/users\/5"}],"replies":[{"embeddable":true,"href":"https:\/\/aeter.org\/eu\/wp-json\/wp\/v2\/comments?post=4507"}],"version-history":[{"count":9,"href":"https:\/\/aeter.org\/eu\/wp-json\/wp\/v2\/pages\/4507\/revisions"}],"predecessor-version":[{"id":6727,"href":"https:\/\/aeter.org\/eu\/wp-json\/wp\/v2\/pages\/4507\/revisions\/6727"}],"wp:attachment":[{"href":"https:\/\/aeter.org\/eu\/wp-json\/wp\/v2\/media?parent=4507"}],"curies":[{"name":"wp","href":"https:\/\/api.w.org\/{rel}","templated":true}]}}