{"id":4565,"date":"2021-04-23T11:45:59","date_gmt":"2021-04-23T11:45:59","guid":{"rendered":"https:\/\/aeter.org\/aeter-jardunaldiak\/2013ko-aeter-jardunaldia-materialak\/"},"modified":"2021-04-23T11:46:01","modified_gmt":"2021-04-23T11:46:01","slug":"2013ko-aeter-jardunaldia-materialak","status":"publish","type":"page","link":"https:\/\/aeter.org\/eu\/aeter-jardunaldiak\/2013ko-aeter-jardunaldia-materialak\/","title":{"rendered":"2013ko AETER jardunaldia: materialak"},"content":{"rendered":"<p><strong>XIII Jornada AETER: <\/strong><em><strong>Presente y futuro de la Terminolog\u00eda en lengua espa\u00f1ola<br \/>\n<\/strong><\/em>Alcal\u00e1 de Henares, Universidad de Alcal\u00e1, 8 de noviembre de 2013<\/p>\n<p><strong>PRESENTACIONES<\/strong><\/p>\n<p>\u201cIntegraci\u00f3n y difusi\u00f3n de recursos terminol\u00f3gicos en la UE\u201d<br \/>\npor D. Luis Gonz\u00e1lez (DGT, Comisi\u00f3n Europea, Bruselas, B\u00e9lgica)<\/p>\n<p>\u201cDe la Ingenier\u00eda a la Ling\u00fc\u00edstica: la gesti\u00f3n del conocimiento\u201d<br \/>\npor D. Jes\u00fas Carde\u00f1osa (Universidad Polit\u00e9cnica de Madrid)<br \/>\n<a href=\"http:\/\/www.aeter.org\/wp-content\/uploads\/2013\/11\/PRESENTACION-AETER081113.pdf\" target=\"_blank\" rel=\"noopener\">Aurkezpena<\/a><\/p>\n<p>&#8220;El espa\u00f1ol lengua cient\u00edfica y del conocimiento: algunas referencias hist\u00f3ricas\u201d<br \/>\npor D\u00aa Josefa G\u00f3mez de Enterr\u00eda (Universidad de Alcal\u00e1)<\/p>\n<p>Mesa redonda: Perspectivas interdisciplinares de la Terminolog\u00eda<br \/>\nIntervienen: Miguel Mara\u00f1\u00f3n (Instituto Cervantes); Chelo Vargas (Universidad de Alicante); Cristina Tejedor (Universidad de Alcal\u00e1). Modera: Purificaci\u00f3n Fern\u00e1ndez Nistal (Universidad de Valladolid).<\/p>\n<p><a href=\"http:\/\/www.aeter.org\/wp-content\/uploads\/2013\/11\/Programa-XIII-Jornada-AETER.pdf\" target=\"_blank\" rel=\"noopener\"><img loading=\"lazy\" decoding=\"async\" class=\"alignnone size-full wp-image-4494\" title=\"PDF\" src=\"https:\/\/aeter.org\/wp-content\/uploads\/2013\/02\/aeter_pdf.png\" alt=\"\" width=\"30\" height=\"30\"><\/a> Descargar el programa<\/p>\n<p><a href=\"https:\/\/picasaweb.google.com\/102222476379373805353\/JornadaAETER2013UniversidadDeAlcala02?authuser=0&amp;authkey=Gv1sRgCMjSg56zlvDFHg&amp;feat=directlink\" target=\"_blank\" rel=\"noopener\"><strong>Fotograf\u00edas de la Jornada<\/strong><\/a><\/p>\n<p>&nbsp;<\/p>\n<p>&nbsp;<\/p>\n<p><strong> <\/strong><\/p>\n<p>&nbsp;<\/p>\n","protected":false},"excerpt":{"rendered":"<p>XIII Jornada AETER: Presente y futuro de la Terminolog\u00eda en lengua espa\u00f1ola Alcal\u00e1 de Henares, Universidad de Alcal\u00e1, 8 de noviembre de 2013 PRESENTACIONES \u201cIntegraci\u00f3n y difusi\u00f3n de recursos terminol\u00f3gicos en la UE\u201d por D. Luis Gonz\u00e1lez (DGT, Comisi\u00f3n Europea, Bruselas, B\u00e9lgica) \u201cDe la Ingenier\u00eda a la Ling\u00fc\u00edstica: la gesti\u00f3n del conocimiento\u201d por D. Jes\u00fas&hellip;<\/p>\n","protected":false},"author":5,"featured_media":0,"parent":4507,"menu_order":0,"comment_status":"closed","ping_status":"closed","template":"","meta":{"footnotes":""},"class_list":["post-4565","page","type-page","status-publish","hentry"],"yoast_head":"<!-- This site is optimized with the Yoast SEO plugin v24.4 - https:\/\/yoast.com\/wordpress\/plugins\/seo\/ -->\n<title>2013ko AETER jardunaldia: materialak - ASOCIACI\u00d3N ESPA\u00d1OLA DE TERMINOLOG\u00cdA<\/title>\n<meta name=\"robots\" content=\"index, follow, max-snippet:-1, max-image-preview:large, max-video-preview:-1\" \/>\n<link rel=\"canonical\" href=\"https:\/\/aeter.org\/eu\/aeter-jardunaldiak\/2013ko-aeter-jardunaldia-materialak\/\" \/>\n<meta property=\"og:locale\" content=\"eu_ES\" \/>\n<meta property=\"og:type\" content=\"article\" \/>\n<meta property=\"og:title\" content=\"2013ko AETER jardunaldia: materialak - ASOCIACI\u00d3N ESPA\u00d1OLA DE TERMINOLOG\u00cdA\" \/>\n<meta property=\"og:description\" content=\"XIII Jornada AETER: Presente y futuro de la Terminolog\u00eda en lengua espa\u00f1ola Alcal\u00e1 de Henares, Universidad de Alcal\u00e1, 8 de noviembre de 2013 PRESENTACIONES \u201cIntegraci\u00f3n y difusi\u00f3n de recursos terminol\u00f3gicos en la UE\u201d por D. Luis Gonz\u00e1lez (DGT, Comisi\u00f3n Europea, Bruselas, B\u00e9lgica) \u201cDe la Ingenier\u00eda a la Ling\u00fc\u00edstica: la gesti\u00f3n del conocimiento\u201d por D. Jes\u00fas&hellip;\" \/>\n<meta property=\"og:url\" content=\"https:\/\/aeter.org\/eu\/aeter-jardunaldiak\/2013ko-aeter-jardunaldia-materialak\/\" \/>\n<meta property=\"og:site_name\" content=\"ASOCIACI\u00d3N ESPA\u00d1OLA DE TERMINOLOG\u00cdA\" \/>\n<meta property=\"article:modified_time\" content=\"2021-04-23T11:46:01+00:00\" \/>\n<meta property=\"og:image\" content=\"https:\/\/aeter.org\/wp-content\/uploads\/2013\/02\/aeter_pdf.png\" \/>\n<meta name=\"twitter:card\" content=\"summary_large_image\" \/>\n<meta name=\"twitter:label1\" content=\"Est. reading time\" \/>\n\t<meta name=\"twitter:data1\" content=\"1 minute\" \/>\n<script type=\"application\/ld+json\" class=\"yoast-schema-graph\">{\"@context\":\"https:\/\/schema.org\",\"@graph\":[{\"@type\":\"WebPage\",\"@id\":\"https:\/\/aeter.org\/eu\/aeter-jardunaldiak\/2013ko-aeter-jardunaldia-materialak\/\",\"url\":\"https:\/\/aeter.org\/eu\/aeter-jardunaldiak\/2013ko-aeter-jardunaldia-materialak\/\",\"name\":\"2013ko AETER jardunaldia: materialak - ASOCIACI\u00d3N ESPA\u00d1OLA DE TERMINOLOG\u00cdA\",\"isPartOf\":{\"@id\":\"https:\/\/aeter.org\/#website\"},\"primaryImageOfPage\":{\"@id\":\"https:\/\/aeter.org\/eu\/aeter-jardunaldiak\/2013ko-aeter-jardunaldia-materialak\/#primaryimage\"},\"image\":{\"@id\":\"https:\/\/aeter.org\/eu\/aeter-jardunaldiak\/2013ko-aeter-jardunaldia-materialak\/#primaryimage\"},\"thumbnailUrl\":\"https:\/\/aeter.org\/wp-content\/uploads\/2013\/02\/aeter_pdf.png\",\"datePublished\":\"2021-04-23T11:45:59+00:00\",\"dateModified\":\"2021-04-23T11:46:01+00:00\",\"breadcrumb\":{\"@id\":\"https:\/\/aeter.org\/eu\/aeter-jardunaldiak\/2013ko-aeter-jardunaldia-materialak\/#breadcrumb\"},\"inLanguage\":\"eu-ES\",\"potentialAction\":[{\"@type\":\"ReadAction\",\"target\":[\"https:\/\/aeter.org\/eu\/aeter-jardunaldiak\/2013ko-aeter-jardunaldia-materialak\/\"]}]},{\"@type\":\"ImageObject\",\"inLanguage\":\"eu-ES\",\"@id\":\"https:\/\/aeter.org\/eu\/aeter-jardunaldiak\/2013ko-aeter-jardunaldia-materialak\/#primaryimage\",\"url\":\"https:\/\/aeter.org\/wp-content\/uploads\/2013\/02\/aeter_pdf.png\",\"contentUrl\":\"https:\/\/aeter.org\/wp-content\/uploads\/2013\/02\/aeter_pdf.png\"},{\"@type\":\"BreadcrumbList\",\"@id\":\"https:\/\/aeter.org\/eu\/aeter-jardunaldiak\/2013ko-aeter-jardunaldia-materialak\/#breadcrumb\",\"itemListElement\":[{\"@type\":\"ListItem\",\"position\":1,\"name\":\"Portada\",\"item\":\"https:\/\/aeter.org\/\"},{\"@type\":\"ListItem\",\"position\":2,\"name\":\"AETER jardunaldiak\",\"item\":\"https:\/\/aeter.org\/eu\/aeter-jardunaldiak\/\"},{\"@type\":\"ListItem\",\"position\":3,\"name\":\"2013ko AETER jardunaldia: materialak\"}]},{\"@type\":\"WebSite\",\"@id\":\"https:\/\/aeter.org\/#website\",\"url\":\"https:\/\/aeter.org\/\",\"name\":\"ASOCIACI\u00d3N ESPA\u00d1OLA DE TERMINOLOG\u00cdA\",\"description\":\"AETER\",\"potentialAction\":[{\"@type\":\"SearchAction\",\"target\":{\"@type\":\"EntryPoint\",\"urlTemplate\":\"https:\/\/aeter.org\/?s={search_term_string}\"},\"query-input\":{\"@type\":\"PropertyValueSpecification\",\"valueRequired\":true,\"valueName\":\"search_term_string\"}}],\"inLanguage\":\"eu-ES\"}]}<\/script>\n<!-- \/ Yoast SEO plugin. -->","yoast_head_json":{"title":"2013ko AETER jardunaldia: materialak - ASOCIACI\u00d3N ESPA\u00d1OLA DE TERMINOLOG\u00cdA","robots":{"index":"index","follow":"follow","max-snippet":"max-snippet:-1","max-image-preview":"max-image-preview:large","max-video-preview":"max-video-preview:-1"},"canonical":"https:\/\/aeter.org\/eu\/aeter-jardunaldiak\/2013ko-aeter-jardunaldia-materialak\/","og_locale":"eu_ES","og_type":"article","og_title":"2013ko AETER jardunaldia: materialak - ASOCIACI\u00d3N ESPA\u00d1OLA DE TERMINOLOG\u00cdA","og_description":"XIII Jornada AETER: Presente y futuro de la Terminolog\u00eda en lengua espa\u00f1ola Alcal\u00e1 de Henares, Universidad de Alcal\u00e1, 8 de noviembre de 2013 PRESENTACIONES \u201cIntegraci\u00f3n y difusi\u00f3n de recursos terminol\u00f3gicos en la UE\u201d por D. Luis Gonz\u00e1lez (DGT, Comisi\u00f3n Europea, Bruselas, B\u00e9lgica) \u201cDe la Ingenier\u00eda a la Ling\u00fc\u00edstica: la gesti\u00f3n del conocimiento\u201d por D. Jes\u00fas&hellip;","og_url":"https:\/\/aeter.org\/eu\/aeter-jardunaldiak\/2013ko-aeter-jardunaldia-materialak\/","og_site_name":"ASOCIACI\u00d3N ESPA\u00d1OLA DE TERMINOLOG\u00cdA","article_modified_time":"2021-04-23T11:46:01+00:00","og_image":[{"url":"https:\/\/aeter.org\/wp-content\/uploads\/2013\/02\/aeter_pdf.png","type":"","width":"","height":""}],"twitter_card":"summary_large_image","twitter_misc":{"Est. reading time":"1 minute"},"schema":{"@context":"https:\/\/schema.org","@graph":[{"@type":"WebPage","@id":"https:\/\/aeter.org\/eu\/aeter-jardunaldiak\/2013ko-aeter-jardunaldia-materialak\/","url":"https:\/\/aeter.org\/eu\/aeter-jardunaldiak\/2013ko-aeter-jardunaldia-materialak\/","name":"2013ko AETER jardunaldia: materialak - ASOCIACI\u00d3N ESPA\u00d1OLA DE TERMINOLOG\u00cdA","isPartOf":{"@id":"https:\/\/aeter.org\/#website"},"primaryImageOfPage":{"@id":"https:\/\/aeter.org\/eu\/aeter-jardunaldiak\/2013ko-aeter-jardunaldia-materialak\/#primaryimage"},"image":{"@id":"https:\/\/aeter.org\/eu\/aeter-jardunaldiak\/2013ko-aeter-jardunaldia-materialak\/#primaryimage"},"thumbnailUrl":"https:\/\/aeter.org\/wp-content\/uploads\/2013\/02\/aeter_pdf.png","datePublished":"2021-04-23T11:45:59+00:00","dateModified":"2021-04-23T11:46:01+00:00","breadcrumb":{"@id":"https:\/\/aeter.org\/eu\/aeter-jardunaldiak\/2013ko-aeter-jardunaldia-materialak\/#breadcrumb"},"inLanguage":"eu-ES","potentialAction":[{"@type":"ReadAction","target":["https:\/\/aeter.org\/eu\/aeter-jardunaldiak\/2013ko-aeter-jardunaldia-materialak\/"]}]},{"@type":"ImageObject","inLanguage":"eu-ES","@id":"https:\/\/aeter.org\/eu\/aeter-jardunaldiak\/2013ko-aeter-jardunaldia-materialak\/#primaryimage","url":"https:\/\/aeter.org\/wp-content\/uploads\/2013\/02\/aeter_pdf.png","contentUrl":"https:\/\/aeter.org\/wp-content\/uploads\/2013\/02\/aeter_pdf.png"},{"@type":"BreadcrumbList","@id":"https:\/\/aeter.org\/eu\/aeter-jardunaldiak\/2013ko-aeter-jardunaldia-materialak\/#breadcrumb","itemListElement":[{"@type":"ListItem","position":1,"name":"Portada","item":"https:\/\/aeter.org\/"},{"@type":"ListItem","position":2,"name":"AETER jardunaldiak","item":"https:\/\/aeter.org\/eu\/aeter-jardunaldiak\/"},{"@type":"ListItem","position":3,"name":"2013ko AETER jardunaldia: materialak"}]},{"@type":"WebSite","@id":"https:\/\/aeter.org\/#website","url":"https:\/\/aeter.org\/","name":"ASOCIACI\u00d3N ESPA\u00d1OLA DE TERMINOLOG\u00cdA","description":"AETER","potentialAction":[{"@type":"SearchAction","target":{"@type":"EntryPoint","urlTemplate":"https:\/\/aeter.org\/?s={search_term_string}"},"query-input":{"@type":"PropertyValueSpecification","valueRequired":true,"valueName":"search_term_string"}}],"inLanguage":"eu-ES"}]}},"_links":{"self":[{"href":"https:\/\/aeter.org\/eu\/wp-json\/wp\/v2\/pages\/4565","targetHints":{"allow":["GET"]}}],"collection":[{"href":"https:\/\/aeter.org\/eu\/wp-json\/wp\/v2\/pages"}],"about":[{"href":"https:\/\/aeter.org\/eu\/wp-json\/wp\/v2\/types\/page"}],"author":[{"embeddable":true,"href":"https:\/\/aeter.org\/eu\/wp-json\/wp\/v2\/users\/5"}],"replies":[{"embeddable":true,"href":"https:\/\/aeter.org\/eu\/wp-json\/wp\/v2\/comments?post=4565"}],"version-history":[{"count":1,"href":"https:\/\/aeter.org\/eu\/wp-json\/wp\/v2\/pages\/4565\/revisions"}],"predecessor-version":[{"id":4590,"href":"https:\/\/aeter.org\/eu\/wp-json\/wp\/v2\/pages\/4565\/revisions\/4590"}],"up":[{"embeddable":true,"href":"https:\/\/aeter.org\/eu\/wp-json\/wp\/v2\/pages\/4507"}],"wp:attachment":[{"href":"https:\/\/aeter.org\/eu\/wp-json\/wp\/v2\/media?parent=4565"}],"curies":[{"name":"wp","href":"https:\/\/api.w.org\/{rel}","templated":true}]}}