{"id":4591,"date":"2021-04-23T16:50:14","date_gmt":"2021-04-23T16:50:14","guid":{"rendered":"https:\/\/aeter.org\/ct191-aenor\/"},"modified":"2023-11-02T16:04:39","modified_gmt":"2023-11-02T16:04:39","slug":"ct191-aenor","status":"publish","type":"page","link":"https:\/\/aeter.org\/eu\/ct191-aenor\/","title":{"rendered":"CT191 UNE"},"content":{"rendered":"<h2><strong><span style=\"color: #800080;\">Espainiako Normalizazio eta Ziurtapen Elkarteko (aenor) 191 Batzorde Teknikoko idazkaritzaren ardura du AETER-ek. <\/span><\/strong><\/h2>\n<p><strong><span style=\"color: #800080;\">Aurkezpena<\/span><\/strong><\/p>\n<p>Espainiako Normalizazio eta Ziurtapen Elkarteko (AENOR) 191 Batzordea sortuz (AEN-CTN 191), Espainiako Terminologia Elkartearen (AETER) helburuetako bat bete zen, terminologiaren eta espezialitateko lengoaien azterketan eta espainierazko baliabide terminologikoak prestaketan sakontzeko. Batzorde hori 2006ko otsailaren 21ean eratu zen, AENORen babespean, eta erakunde horrekin eta espainierarako terminologiaren normalizazioarekin lotutako beste pertsona eta erakunde batzuekin egindako bileren emaitza da. Sortu zenetik, Antonio Colino jaunak \u2013Industria Ingeniari doktoreak eta Ingeniaritzako Errege Akademikoko kideak\u2013 du lehendakaritza, eta AETERek hartu du bere gain idazkaritza.<\/p>\n<p>Batzorde horrek hasiera batean proposatutako helburuak bere jarduera eremuaren definizioan islatuta daude: \u201cTerminologia eta lexiko zientifiko-tekniko orokorraren normalizazioa, bai eta horren beharra duten sektoreetako lexiko espezifikoren normalizazioa, interpretazio-desberdintasunak eta hizkuntzaren erabilera homogeneizatzeko. Era berean, terminologiari buruzko printzipio, metodo eta aplikazioak normalizatzea\u201d. Hala ere, batzorde horren eskumenetatik kanpo geratzen ziren AENOReko beste normalizazio-batzorde teknikoetan garatzen diren bokabulario espezifikoak. AEN-CTN 191 erakundearen funtzioak dira, besteak beste: normalizazio-jardueren proposamena; erabakiak hartzea eta araugintza-lanak onartzea; eta lan terminologikoez arduratzen diren nazioarteko organoetan ordezkaritza nazionala izatea, hala nola ISO-TC 37an.<\/p>\n<p>AENOReko batzorde tekniko gisa integratzearen ondorioz, AEN-CTN 191 batzordeak nazioarteko erantzukizunak ere hartzen ditu bere gain, harremanak izanez, besteak beste, ISO\/TC 37rekin (Terminologia: printzipioak eta koordinazioa), Elektrotekniako Nazioarteko Batzordearekin (Terminologia: IEC\/TC 1) eta Arau Teknikoen Batzorde Panamerikarrarekin (Terminologia: COPANT CT 150). Lan horiek egiteko, AEN-CTN 191 azpibatzordeen (SC) edo lantalde espezifikoen (GT) laguntza jaso ahal izango du, adituek osatuak denak ere.<\/p>\n<p>Era berean, AENOReko batzorde tekniko denez, AEN-CTN 191k ere honako hauek ditu bere jardueren artean:<\/p>\n<ul>\n<li>UNE arauen proiektuak egitea eta, hala badagokio, proposatzea, informazio publikoa jaso ahal izateko.<\/li>\n<li>UNE arauen proposamenak lantzea, arau nazional gisa hartzeko.<\/li>\n<li>Arau nazional gisa hartzea hala eskatzen duten Europako arauak.<\/li>\n<li>Arauen aplikazioa sustatzea eta normalizazioaren garapena eta zabalkundea sustatzea bere jarduera-eremuaren barruan.<\/li>\n<\/ul>\n<p>Terminologiako oinarrizko UNE arau bat itzultzea eta bere egitea izan zen AEN-CTN 191ren lehen helburua: ISO 1087-1 <em>Terminology work nazioarteko araua. Vocabulary. <\/em><em>Part 1: Theory and application<\/em>, eta ISO 1087-2 <em>Terminology work<\/em> araua. <em>Vocabulary. Part 2: Computer applications.<\/em> Arau honen hasierako itzulpenean AETEReko hainbat kidek parte hartu zuten, era desinteresatu eta altruistan, eta horiei eskerrak eman nahi dizkiet, berriro ere, beren lankidetza ordainezinagatik. Terminologia berrikusteko eta homogeneizatzeko prozesua egin ondoren, laster argitaratuko ditu AENORek UNE arau gisa.<\/p>\n<p>AEN-CTN 191 batzordea, gutxi gorabehera, hiru hilean behin elkartzen da. AEN-CTN 191ren beste zeregin batzuen artean dago ISO TC 37k bidalitako dokumentuak berrikustea (herrialde bakoitzeko batzorde nazionaletara bidaltzen ditu, aldatzeko edo onartzeko) eta baita terminologia-irizpideak bateratzeko asmoz AENORek idatzitako beste dokumentu batzuk berrikustea.<\/p>\n<p>Hori dela-eta, batzorde hau eratu izanak aspaldiko desira bat bete du espainierazko terminologiak interes estrategikoa duela transmititu nahi izan duten eta espezialitate-hizkuntzen esparruan etengabe lanean aritu diren guztientzat. Espero dugu normalizazioari buruz, terminologia-gaiei buruz eta informazioaren gizartean estandarrak erabiltzeari buruz interesa azaldu duten enpresa eta erakundeentzat onuragarria izango dela ekimen hau.<\/p>\n<p><strong><span style=\"color: #800080;\">AETERen ordezkariak AENORen eta CTN191n:<\/span><\/strong><\/p>\n<ul>\n<li>M. Teresa Cabr\u00e9, 2003tik 2006ra, AETEReko lehendakari gisa.<\/li>\n<li>Guadalupe Aguado, CTN191ko idazkaria 2006 eta 2011 bitartean (*), Lehendakaritzaren ordezkaritzaren eta Batzarraren berrespenaren ondorioz.<\/li>\n<li>Antonio Pareja, CTN191ko idazkaria 2011tik hona, Lehendakaritzaren ordezkaritzaren eta Batzarraren berrespenaren ondorioz.<\/li>\n<\/ul>\n<p>(*) Guadalupe Aguadok CTN191eko lehendakaritza du 2011tik hona.<\/p>\n<p><strong><span style=\"color: #800080;\">AETER eta AENOR artean kredentzialak trukatzea<\/span><\/strong><\/p>\n<p>AETER sortu eta urtebetera, AENORen kidetza-oinarrian sartu zen, eta azkena ere AETER taldeko kide da 2003. urtetik. Bi erakundeek kidetza fakturatzen diote elkarri, eta, beraz, ez du eraginik AETERen urteko aurrekontuan.<\/p>\n<p><strong><span style=\"color: #800080;\">CTN191ko azpibatzordeak<\/span><\/strong><\/p>\n<p>CTN191 ISO-TC37ren ispilu-batzordea da Espainian. AENOR da Espainiaren ordezkaria ISOn. Espainiako CTN191 ISOren azpibatzorde eta lantalde beretan antolatzen da.<\/p>\n<ul>\n<li>I. azpibatzordea: Printzipioak eta metodoak (1087 eta 784 estandarrak)<\/li>\n<li>III. azpibatzordea: Terminologia, ezagutza eta edukiak kudeatzeko sistemak<\/li>\n<li>IV. azpibatzordea: Hizkuntza-baliabideen kudeaketa<\/li>\n<li>V. azpibatzordea: Itzulpengintza, interpretazioa eta erlazionatutako teknologia<\/li>\n<\/ul>\n<p><strong><span style=\"color: #0000ff;\"><a href=\"http:\/\/www.aenor.es\/aenor\/normas\/ctn\/fichactn.asp?codigonorm=AEN\/CTN%20191&amp;pagina=1#.WDLIEqLhDHc\" target=\"_blank\" rel=\"noopener\">AENOR webgunerako sarbidea: AEN\/CTN191<\/a> <a href=\"http:\/\/www.iso.org\/iso\/iso_technical_committee.html%3Fcommid%3D48104\" target=\"_blank\" rel=\"noopener\">ISO webgunerako sarbidea: TC37<\/a><\/span><\/strong><\/p>\n<p><strong><span style=\"color: #800080;\">AETERen CTN191ko ordezkariek egindako urteko txostenak<\/span><\/strong><\/p>\n<p>2012ko Batzarrean, Sevillan, erabaki zen AETERen CTN191ko ordezkariek urteko batzarrean idatzizko txosten bat aurkeztea, batzordearen eta ordezkarien jarduerak gardentasunez jaso zitzaten bazkideek.<\/p>\n<ul>\n<li><a href=\"https:\/\/aeter.org\/wp-content\/uploads\/2016\/11\/Jornada-de-ISO-TC-37-WG-2.pdf\" target=\"_blank\" rel=\"noopener\">2014ko ISO\/CT37 jardunaldia (Madril)<\/a><\/li>\n<li><a href=\"http:\/\/www.aeter.org\/wp-content\/uploads\/2013\/11\/Informe-de-la-Secretar%C3%ADa-del-AEN-CTN-191-v.2.pdf\" target=\"_blank\" rel=\"noopener\">2015eko CTN191 txostena<\/a><\/li>\n<li>2016ko CTN191 txostena<\/li>\n<\/ul>\n","protected":false},"excerpt":{"rendered":"<p>Espainiako Normalizazio eta Ziurtapen Elkarteko (aenor) 191 Batzorde Teknikoko idazkaritzaren ardura du AETER-ek. Aurkezpena Espainiako Normalizazio eta Ziurtapen Elkarteko (AENOR) 191 Batzordea sortuz (AEN-CTN 191), Espainiako Terminologia Elkartearen (AETER) helburuetako bat bete zen, terminologiaren eta espezialitateko lengoaien azterketan eta espainierazko baliabide terminologikoak prestaketan sakontzeko. Batzorde hori 2006ko otsailaren 21ean eratu zen, AENORen babespean, eta erakunde&hellip;<\/p>\n","protected":false},"author":5,"featured_media":0,"parent":0,"menu_order":0,"comment_status":"closed","ping_status":"closed","template":"","meta":{"footnotes":""},"class_list":["post-4591","page","type-page","status-publish","hentry"],"yoast_head":"<!-- This site is optimized with the Yoast SEO plugin v24.4 - https:\/\/yoast.com\/wordpress\/plugins\/seo\/ -->\n<title>CT191 UNE - ASOCIACI\u00d3N ESPA\u00d1OLA DE TERMINOLOG\u00cdA<\/title>\n<meta name=\"robots\" content=\"index, follow, max-snippet:-1, max-image-preview:large, max-video-preview:-1\" \/>\n<link rel=\"canonical\" href=\"https:\/\/aeter.org\/eu\/ct191-aenor\/\" \/>\n<meta property=\"og:locale\" content=\"eu_ES\" \/>\n<meta property=\"og:type\" content=\"article\" \/>\n<meta property=\"og:title\" content=\"CT191 UNE - ASOCIACI\u00d3N ESPA\u00d1OLA DE TERMINOLOG\u00cdA\" \/>\n<meta property=\"og:description\" content=\"Espainiako Normalizazio eta Ziurtapen Elkarteko (aenor) 191 Batzorde Teknikoko idazkaritzaren ardura du AETER-ek. Aurkezpena Espainiako Normalizazio eta Ziurtapen Elkarteko (AENOR) 191 Batzordea sortuz (AEN-CTN 191), Espainiako Terminologia Elkartearen (AETER) helburuetako bat bete zen, terminologiaren eta espezialitateko lengoaien azterketan eta espainierazko baliabide terminologikoak prestaketan sakontzeko. Batzorde hori 2006ko otsailaren 21ean eratu zen, AENORen babespean, eta erakunde&hellip;\" \/>\n<meta property=\"og:url\" content=\"https:\/\/aeter.org\/eu\/ct191-aenor\/\" \/>\n<meta property=\"og:site_name\" content=\"ASOCIACI\u00d3N ESPA\u00d1OLA DE TERMINOLOG\u00cdA\" \/>\n<meta property=\"article:modified_time\" content=\"2023-11-02T16:04:39+00:00\" \/>\n<meta name=\"twitter:card\" content=\"summary_large_image\" \/>\n<meta name=\"twitter:label1\" content=\"Est. reading time\" \/>\n\t<meta name=\"twitter:data1\" content=\"3 minutes\" \/>\n<script type=\"application\/ld+json\" class=\"yoast-schema-graph\">{\"@context\":\"https:\/\/schema.org\",\"@graph\":[{\"@type\":\"WebPage\",\"@id\":\"https:\/\/aeter.org\/eu\/ct191-aenor\/\",\"url\":\"https:\/\/aeter.org\/eu\/ct191-aenor\/\",\"name\":\"CT191 UNE - ASOCIACI\u00d3N ESPA\u00d1OLA DE TERMINOLOG\u00cdA\",\"isPartOf\":{\"@id\":\"https:\/\/aeter.org\/#website\"},\"datePublished\":\"2021-04-23T16:50:14+00:00\",\"dateModified\":\"2023-11-02T16:04:39+00:00\",\"breadcrumb\":{\"@id\":\"https:\/\/aeter.org\/eu\/ct191-aenor\/#breadcrumb\"},\"inLanguage\":\"eu-ES\",\"potentialAction\":[{\"@type\":\"ReadAction\",\"target\":[\"https:\/\/aeter.org\/eu\/ct191-aenor\/\"]}]},{\"@type\":\"BreadcrumbList\",\"@id\":\"https:\/\/aeter.org\/eu\/ct191-aenor\/#breadcrumb\",\"itemListElement\":[{\"@type\":\"ListItem\",\"position\":1,\"name\":\"Portada\",\"item\":\"https:\/\/aeter.org\/\"},{\"@type\":\"ListItem\",\"position\":2,\"name\":\"CT191 UNE\"}]},{\"@type\":\"WebSite\",\"@id\":\"https:\/\/aeter.org\/#website\",\"url\":\"https:\/\/aeter.org\/\",\"name\":\"ASOCIACI\u00d3N ESPA\u00d1OLA DE TERMINOLOG\u00cdA\",\"description\":\"AETER\",\"potentialAction\":[{\"@type\":\"SearchAction\",\"target\":{\"@type\":\"EntryPoint\",\"urlTemplate\":\"https:\/\/aeter.org\/?s={search_term_string}\"},\"query-input\":{\"@type\":\"PropertyValueSpecification\",\"valueRequired\":true,\"valueName\":\"search_term_string\"}}],\"inLanguage\":\"eu-ES\"}]}<\/script>\n<!-- \/ Yoast SEO plugin. -->","yoast_head_json":{"title":"CT191 UNE - ASOCIACI\u00d3N ESPA\u00d1OLA DE TERMINOLOG\u00cdA","robots":{"index":"index","follow":"follow","max-snippet":"max-snippet:-1","max-image-preview":"max-image-preview:large","max-video-preview":"max-video-preview:-1"},"canonical":"https:\/\/aeter.org\/eu\/ct191-aenor\/","og_locale":"eu_ES","og_type":"article","og_title":"CT191 UNE - ASOCIACI\u00d3N ESPA\u00d1OLA DE TERMINOLOG\u00cdA","og_description":"Espainiako Normalizazio eta Ziurtapen Elkarteko (aenor) 191 Batzorde Teknikoko idazkaritzaren ardura du AETER-ek. Aurkezpena Espainiako Normalizazio eta Ziurtapen Elkarteko (AENOR) 191 Batzordea sortuz (AEN-CTN 191), Espainiako Terminologia Elkartearen (AETER) helburuetako bat bete zen, terminologiaren eta espezialitateko lengoaien azterketan eta espainierazko baliabide terminologikoak prestaketan sakontzeko. Batzorde hori 2006ko otsailaren 21ean eratu zen, AENORen babespean, eta erakunde&hellip;","og_url":"https:\/\/aeter.org\/eu\/ct191-aenor\/","og_site_name":"ASOCIACI\u00d3N ESPA\u00d1OLA DE TERMINOLOG\u00cdA","article_modified_time":"2023-11-02T16:04:39+00:00","twitter_card":"summary_large_image","twitter_misc":{"Est. reading time":"3 minutes"},"schema":{"@context":"https:\/\/schema.org","@graph":[{"@type":"WebPage","@id":"https:\/\/aeter.org\/eu\/ct191-aenor\/","url":"https:\/\/aeter.org\/eu\/ct191-aenor\/","name":"CT191 UNE - ASOCIACI\u00d3N ESPA\u00d1OLA DE TERMINOLOG\u00cdA","isPartOf":{"@id":"https:\/\/aeter.org\/#website"},"datePublished":"2021-04-23T16:50:14+00:00","dateModified":"2023-11-02T16:04:39+00:00","breadcrumb":{"@id":"https:\/\/aeter.org\/eu\/ct191-aenor\/#breadcrumb"},"inLanguage":"eu-ES","potentialAction":[{"@type":"ReadAction","target":["https:\/\/aeter.org\/eu\/ct191-aenor\/"]}]},{"@type":"BreadcrumbList","@id":"https:\/\/aeter.org\/eu\/ct191-aenor\/#breadcrumb","itemListElement":[{"@type":"ListItem","position":1,"name":"Portada","item":"https:\/\/aeter.org\/"},{"@type":"ListItem","position":2,"name":"CT191 UNE"}]},{"@type":"WebSite","@id":"https:\/\/aeter.org\/#website","url":"https:\/\/aeter.org\/","name":"ASOCIACI\u00d3N ESPA\u00d1OLA DE TERMINOLOG\u00cdA","description":"AETER","potentialAction":[{"@type":"SearchAction","target":{"@type":"EntryPoint","urlTemplate":"https:\/\/aeter.org\/?s={search_term_string}"},"query-input":{"@type":"PropertyValueSpecification","valueRequired":true,"valueName":"search_term_string"}}],"inLanguage":"eu-ES"}]}},"_links":{"self":[{"href":"https:\/\/aeter.org\/eu\/wp-json\/wp\/v2\/pages\/4591","targetHints":{"allow":["GET"]}}],"collection":[{"href":"https:\/\/aeter.org\/eu\/wp-json\/wp\/v2\/pages"}],"about":[{"href":"https:\/\/aeter.org\/eu\/wp-json\/wp\/v2\/types\/page"}],"author":[{"embeddable":true,"href":"https:\/\/aeter.org\/eu\/wp-json\/wp\/v2\/users\/5"}],"replies":[{"embeddable":true,"href":"https:\/\/aeter.org\/eu\/wp-json\/wp\/v2\/comments?post=4591"}],"version-history":[{"count":1,"href":"https:\/\/aeter.org\/eu\/wp-json\/wp\/v2\/pages\/4591\/revisions"}],"predecessor-version":[{"id":6597,"href":"https:\/\/aeter.org\/eu\/wp-json\/wp\/v2\/pages\/4591\/revisions\/6597"}],"wp:attachment":[{"href":"https:\/\/aeter.org\/eu\/wp-json\/wp\/v2\/media?parent=4591"}],"curies":[{"name":"wp","href":"https:\/\/api.w.org\/{rel}","templated":true}]}}