{"id":4621,"date":"2021-04-27T14:07:27","date_gmt":"2021-04-27T14:07:27","guid":{"rendered":"https:\/\/aeter.org\/datu-banku-terminologikoak\/"},"modified":"2023-11-02T17:15:55","modified_gmt":"2023-11-02T17:15:55","slug":"datu-banku-terminologikoak","status":"publish","type":"page","link":"https:\/\/aeter.org\/eu\/datu-banku-terminologikoak\/","title":{"rendered":"Datu-banku terminologikoak"},"content":{"rendered":"<p><span style=\"color: #339966;\"><strong>ESPAINIAN<\/strong><\/span><\/p>\n<p><a href=\"http:\/\/www.wikilengua.org\/index.php\/Wikilengua:Terminesp\" target=\"_blank\" rel=\"noopener\">TERMINESP: WIKILENGUA<\/a><br \/>\nEspainiako Terminologiako Elkarteak (<strong>AETER<\/strong>) sustatutako espainierazko datu-banku terminologikoa, Espainiako Normalizazio eta Ziurtapen Elkarteak (<a href=\"http:\/\/www.aenor.es\/aenor\/inicio\/home\/home.asp#.USZY31GzQe4\" target=\"_blank\" rel=\"noopener\">AENOR<\/a>) emandako datuetatik abiatuta sortua eta <a href=\"http:\/\/www.fundeu.es\/\">Fundaci\u00f3n del Espa\u00f1ol Urgente-ren (Fund\u00e9u BBVA)<\/a> lankidetzarekin garatua; Wikilenguako Terminoteca-ko baliabide gisa eskaintzen du honek <em>.<\/em><\/p>\n<p><a href=\"http:\/\/cit.iec.cat\/\">PORTAL CiT<\/a> del Institut d\u2019Estudis Catalans<\/p>\n<p><a href=\"http:\/\/www.termcat.cat\/ca\/Cercaterm\/Fitxes\/\" target=\"_blank\" rel=\"noopener\">CERCATERM<\/a> del TERMCAT<\/p>\n<p><a href=\"https:\/\/www.euskadi.eus\/web01-apeuster\/es\/ac36aEuskaltermWar\/publiko\/erakutsiBilaketa?locale=es\" target=\"_blank\" rel=\"noopener\">EUSKALTERM<\/a> del Gobierno Vasco<\/p>\n<p><a href=\"http:\/\/lexicon.ugr.es\/projects\" target=\"_blank\" rel=\"noopener\">RECURSOS del grupo LEXICON<\/a> de la Universidad de Granada<\/p>\n<p><a href=\"http:\/\/tecnolettra.uji.es\/es\/?page_id=31\" target=\"_blank\" rel=\"noopener\">RECURSOS TECNOLETTRA<\/a> de la Universitat Jaume I (Castell\u00f3)<\/p>\n<p><a href=\"http:\/\/sli.uvigo.es\/termoteca\/\" target=\"_blank\" rel=\"noopener\">TERMOTECA<\/a>. BDT da Universidade de Vigo<\/p>\n<p><a href=\"http:\/\/www.iula.upf.edu\/rec\/upfterm\/cat\/index.htm\" target=\"_blank\" rel=\"noopener\">UPFTERM<\/a>. BDT de la Facultat de Traducci\u00f3 i Interpretaci\u00f3 de la Universitat Pompeu Fabra<\/p>\n<p><a href=\"https:\/\/www.humantermuem.es\/\" target=\"_blank\" rel=\"noopener\">Humanterm<\/a> de la Universidad Europea<\/p>\n<p><a href=\"https:\/\/sierterm.es\/\" target=\"_blank\" rel=\"noopener\">Sierterm<\/a> de la Universidad Europea<\/p>\n<p><span style=\"color: #339966;\"><strong>BDT DE ORGANISMOS INTERNACIONALES<\/strong><\/span><\/p>\n<p><a href=\"http:\/\/iate.europa.eu\/iatediff\/switchLang.do?success=mainPage&amp;lang=es\" target=\"_blank\" rel=\"noopener\">IATE<\/a>, InterActive Terminology for Europe (Uni\u00f3n Europea)<br \/>\n<a href=\"http:\/\/157.150.197.21\/dgaacs\/unterm.nsf\" target=\"_blank\" rel=\"noopener\">UNTERM. United Nations Multilingual Terminology Database<\/a> (ONU)<br \/>\n<a href=\"http:\/\/www.electropedia.org\/\" target=\"_blank\" rel=\"noopener\">ELECTROPEDIA<\/a> (Comisi\u00f3n Electrot\u00e9cnica Internacional)<br \/>\n<a href=\"http:\/\/termportal.fao.org\/search\/main\/start.do\" target=\"_blank\" rel=\"noopener\">FAOTERM<\/a> (Organizaci\u00f3n de las Naciones Unidas para la Agricultura y la Alimentaci\u00f3n)<br \/>\n<a href=\"http:\/\/www.itu.int\/ITU-R\/index.asp?redirect=true&amp;category=information&amp;link=terminology-database&amp;lang=en&amp;adsearch=&amp;SearchTerminology=&amp;sector=&amp;language=all&amp;part=abbreviationterm&amp;kind=anywhere\" target=\"_blank\" rel=\"noopener\">ITU Terms<\/a> (Uni\u00f3n Internacional de Telecomunicaciones)<br \/>\n<a href=\"http:\/\/wmo.multicorpora.net\/MultiTransWeb\/Web.mvc\" target=\"_blank\" rel=\"noopener\">METEOTERM<\/a> (Organizaci\u00f3n Mundial de la Meteorolog\u00eda)<br \/>\n<a href=\"http:\/\/webapp.etsi.org\/Teddi\/\" target=\"_blank\" rel=\"noopener\">TEDDI<\/a> (European Telecommunications Standards Institute)<br \/>\n<a href=\"http:\/\/www.imf.org\/external\/np\/term\/esl\/index.htm\" target=\"_blank\" rel=\"noopener\">Terminolog\u00eda del FMI<\/a> (Fondo Monetario Internacional)<\/p>\n<p><span style=\"color: #339966;\"><strong>EN OTROS PA\u00cdSES<\/strong><\/span><\/p>\n<p><a href=\"http:\/\/www2.cfwb.be\/franca\/xml\/html\/bd\/bd.htm\" target=\"_blank\" rel=\"noopener\">BELTERME<\/a> (Service de Langue Fran\u00e7aise de la F\u00e9d\u00e9ration Wallonie-Bruxelles, B\u00e9lgica)<br \/>\n<a href=\"http:\/\/franceterme.culture.fr\/FranceTerme\/index.html\" target=\"_blank\" rel=\"noopener\">FRANCETERME<\/a> (Comission g\u00e9n\u00e9rale de terminologie et n\u00e9ologie, Francia)<br \/>\n<a href=\"http:\/\/gdt.oqlf.gouv.qc.ca\/\" target=\"_blank\" rel=\"noopener\">Le Grand Dictionnaire Terminologique<\/a> (Office qu\u00e9b\u00e9cois de la langue fran\u00e7aise, Canad\u00e1)<br \/>\n<a href=\"http:\/\/www.tsk.fi\/tepa\/netmot.exe?UI=engr&amp;height=157\" target=\"_blank\" rel=\"noopener\">TEPA<\/a> (The Finnish Terminology Centre TSK, Finlandia)<br \/>\n<a href=\"http:\/\/www.termium.com\/\" target=\"_blank\" rel=\"noopener\">TERMIUM<\/a> (Translation Bureau, Gobierno Federal, Canad\u00e1)<\/p>\n<div id=\"shr_canvas2\" class=\"shareaholic-canvas shareaholic-ui shareaholic-resolved-canvas ng-scope\" data-app-id=\"8044825\" data-app=\"share_buttons\" data-title=\"Datu-banku terminologikoak\" data-link=\"http:\/\/www.aeter.org\/?page_id=75\" data-summary=\"\"><\/div>\n","protected":false},"excerpt":{"rendered":"<p>ESPAINIAN TERMINESP: WIKILENGUA Espainiako Terminologiako Elkarteak (AETER) sustatutako espainierazko datu-banku terminologikoa, Espainiako Normalizazio eta Ziurtapen Elkarteak (AENOR) emandako datuetatik abiatuta sortua eta Fundaci\u00f3n del Espa\u00f1ol Urgente-ren (Fund\u00e9u BBVA) lankidetzarekin garatua; Wikilenguako Terminoteca-ko baliabide gisa eskaintzen du honek . PORTAL CiT del Institut d\u2019Estudis Catalans CERCATERM del TERMCAT EUSKALTERM del Gobierno Vasco RECURSOS del grupo LEXICON&hellip;<\/p>\n","protected":false},"author":5,"featured_media":0,"parent":0,"menu_order":0,"comment_status":"closed","ping_status":"closed","template":"","meta":{"footnotes":""},"class_list":["post-4621","page","type-page","status-publish","hentry"],"yoast_head":"<!-- This site is optimized with the Yoast SEO plugin v24.4 - https:\/\/yoast.com\/wordpress\/plugins\/seo\/ -->\n<title>Datu-banku terminologikoak - ASOCIACI\u00d3N ESPA\u00d1OLA DE TERMINOLOG\u00cdA<\/title>\n<meta name=\"robots\" content=\"index, follow, max-snippet:-1, max-image-preview:large, max-video-preview:-1\" \/>\n<link rel=\"canonical\" href=\"https:\/\/aeter.org\/eu\/datu-banku-terminologikoak\/\" \/>\n<meta property=\"og:locale\" content=\"eu_ES\" \/>\n<meta property=\"og:type\" content=\"article\" \/>\n<meta property=\"og:title\" content=\"Datu-banku terminologikoak - ASOCIACI\u00d3N ESPA\u00d1OLA DE TERMINOLOG\u00cdA\" \/>\n<meta property=\"og:description\" content=\"ESPAINIAN TERMINESP: WIKILENGUA Espainiako Terminologiako Elkarteak (AETER) sustatutako espainierazko datu-banku terminologikoa, Espainiako Normalizazio eta Ziurtapen Elkarteak (AENOR) emandako datuetatik abiatuta sortua eta Fundaci\u00f3n del Espa\u00f1ol Urgente-ren (Fund\u00e9u BBVA) lankidetzarekin garatua; Wikilenguako Terminoteca-ko baliabide gisa eskaintzen du honek . PORTAL CiT del Institut d\u2019Estudis Catalans CERCATERM del TERMCAT EUSKALTERM del Gobierno Vasco RECURSOS del grupo LEXICON&hellip;\" \/>\n<meta property=\"og:url\" content=\"https:\/\/aeter.org\/eu\/datu-banku-terminologikoak\/\" \/>\n<meta property=\"og:site_name\" content=\"ASOCIACI\u00d3N ESPA\u00d1OLA DE TERMINOLOG\u00cdA\" \/>\n<meta property=\"article:modified_time\" content=\"2023-11-02T17:15:55+00:00\" \/>\n<meta name=\"twitter:card\" content=\"summary_large_image\" \/>\n<meta name=\"twitter:label1\" content=\"Est. reading time\" \/>\n\t<meta name=\"twitter:data1\" content=\"1 minute\" \/>\n<script type=\"application\/ld+json\" class=\"yoast-schema-graph\">{\"@context\":\"https:\/\/schema.org\",\"@graph\":[{\"@type\":\"WebPage\",\"@id\":\"https:\/\/aeter.org\/eu\/datu-banku-terminologikoak\/\",\"url\":\"https:\/\/aeter.org\/eu\/datu-banku-terminologikoak\/\",\"name\":\"Datu-banku terminologikoak - ASOCIACI\u00d3N ESPA\u00d1OLA DE TERMINOLOG\u00cdA\",\"isPartOf\":{\"@id\":\"https:\/\/aeter.org\/#website\"},\"datePublished\":\"2021-04-27T14:07:27+00:00\",\"dateModified\":\"2023-11-02T17:15:55+00:00\",\"breadcrumb\":{\"@id\":\"https:\/\/aeter.org\/eu\/datu-banku-terminologikoak\/#breadcrumb\"},\"inLanguage\":\"eu-ES\",\"potentialAction\":[{\"@type\":\"ReadAction\",\"target\":[\"https:\/\/aeter.org\/eu\/datu-banku-terminologikoak\/\"]}]},{\"@type\":\"BreadcrumbList\",\"@id\":\"https:\/\/aeter.org\/eu\/datu-banku-terminologikoak\/#breadcrumb\",\"itemListElement\":[{\"@type\":\"ListItem\",\"position\":1,\"name\":\"Portada\",\"item\":\"https:\/\/aeter.org\/\"},{\"@type\":\"ListItem\",\"position\":2,\"name\":\"Datu-banku terminologikoak\"}]},{\"@type\":\"WebSite\",\"@id\":\"https:\/\/aeter.org\/#website\",\"url\":\"https:\/\/aeter.org\/\",\"name\":\"ASOCIACI\u00d3N ESPA\u00d1OLA DE TERMINOLOG\u00cdA\",\"description\":\"AETER\",\"potentialAction\":[{\"@type\":\"SearchAction\",\"target\":{\"@type\":\"EntryPoint\",\"urlTemplate\":\"https:\/\/aeter.org\/?s={search_term_string}\"},\"query-input\":{\"@type\":\"PropertyValueSpecification\",\"valueRequired\":true,\"valueName\":\"search_term_string\"}}],\"inLanguage\":\"eu-ES\"}]}<\/script>\n<!-- \/ Yoast SEO plugin. -->","yoast_head_json":{"title":"Datu-banku terminologikoak - ASOCIACI\u00d3N ESPA\u00d1OLA DE TERMINOLOG\u00cdA","robots":{"index":"index","follow":"follow","max-snippet":"max-snippet:-1","max-image-preview":"max-image-preview:large","max-video-preview":"max-video-preview:-1"},"canonical":"https:\/\/aeter.org\/eu\/datu-banku-terminologikoak\/","og_locale":"eu_ES","og_type":"article","og_title":"Datu-banku terminologikoak - ASOCIACI\u00d3N ESPA\u00d1OLA DE TERMINOLOG\u00cdA","og_description":"ESPAINIAN TERMINESP: WIKILENGUA Espainiako Terminologiako Elkarteak (AETER) sustatutako espainierazko datu-banku terminologikoa, Espainiako Normalizazio eta Ziurtapen Elkarteak (AENOR) emandako datuetatik abiatuta sortua eta Fundaci\u00f3n del Espa\u00f1ol Urgente-ren (Fund\u00e9u BBVA) lankidetzarekin garatua; Wikilenguako Terminoteca-ko baliabide gisa eskaintzen du honek . PORTAL CiT del Institut d\u2019Estudis Catalans CERCATERM del TERMCAT EUSKALTERM del Gobierno Vasco RECURSOS del grupo LEXICON&hellip;","og_url":"https:\/\/aeter.org\/eu\/datu-banku-terminologikoak\/","og_site_name":"ASOCIACI\u00d3N ESPA\u00d1OLA DE TERMINOLOG\u00cdA","article_modified_time":"2023-11-02T17:15:55+00:00","twitter_card":"summary_large_image","twitter_misc":{"Est. reading time":"1 minute"},"schema":{"@context":"https:\/\/schema.org","@graph":[{"@type":"WebPage","@id":"https:\/\/aeter.org\/eu\/datu-banku-terminologikoak\/","url":"https:\/\/aeter.org\/eu\/datu-banku-terminologikoak\/","name":"Datu-banku terminologikoak - ASOCIACI\u00d3N ESPA\u00d1OLA DE TERMINOLOG\u00cdA","isPartOf":{"@id":"https:\/\/aeter.org\/#website"},"datePublished":"2021-04-27T14:07:27+00:00","dateModified":"2023-11-02T17:15:55+00:00","breadcrumb":{"@id":"https:\/\/aeter.org\/eu\/datu-banku-terminologikoak\/#breadcrumb"},"inLanguage":"eu-ES","potentialAction":[{"@type":"ReadAction","target":["https:\/\/aeter.org\/eu\/datu-banku-terminologikoak\/"]}]},{"@type":"BreadcrumbList","@id":"https:\/\/aeter.org\/eu\/datu-banku-terminologikoak\/#breadcrumb","itemListElement":[{"@type":"ListItem","position":1,"name":"Portada","item":"https:\/\/aeter.org\/"},{"@type":"ListItem","position":2,"name":"Datu-banku terminologikoak"}]},{"@type":"WebSite","@id":"https:\/\/aeter.org\/#website","url":"https:\/\/aeter.org\/","name":"ASOCIACI\u00d3N ESPA\u00d1OLA DE TERMINOLOG\u00cdA","description":"AETER","potentialAction":[{"@type":"SearchAction","target":{"@type":"EntryPoint","urlTemplate":"https:\/\/aeter.org\/?s={search_term_string}"},"query-input":{"@type":"PropertyValueSpecification","valueRequired":true,"valueName":"search_term_string"}}],"inLanguage":"eu-ES"}]}},"_links":{"self":[{"href":"https:\/\/aeter.org\/eu\/wp-json\/wp\/v2\/pages\/4621","targetHints":{"allow":["GET"]}}],"collection":[{"href":"https:\/\/aeter.org\/eu\/wp-json\/wp\/v2\/pages"}],"about":[{"href":"https:\/\/aeter.org\/eu\/wp-json\/wp\/v2\/types\/page"}],"author":[{"embeddable":true,"href":"https:\/\/aeter.org\/eu\/wp-json\/wp\/v2\/users\/5"}],"replies":[{"embeddable":true,"href":"https:\/\/aeter.org\/eu\/wp-json\/wp\/v2\/comments?post=4621"}],"version-history":[{"count":4,"href":"https:\/\/aeter.org\/eu\/wp-json\/wp\/v2\/pages\/4621\/revisions"}],"predecessor-version":[{"id":6606,"href":"https:\/\/aeter.org\/eu\/wp-json\/wp\/v2\/pages\/4621\/revisions\/6606"}],"wp:attachment":[{"href":"https:\/\/aeter.org\/eu\/wp-json\/wp\/v2\/media?parent=4621"}],"curies":[{"name":"wp","href":"https:\/\/api.w.org\/{rel}","templated":true}]}}