{"id":4623,"date":"2021-04-27T15:07:49","date_gmt":"2021-04-27T15:07:49","guid":{"rendered":"https:\/\/aeter.org\/revistas-y-boletines\/"},"modified":"2021-04-28T09:30:26","modified_gmt":"2021-04-28T09:30:26","slug":"aldizkariak-eta-buletinak","status":"publish","type":"page","link":"https:\/\/aeter.org\/eu\/aldizkariak-eta-buletinak\/","title":{"rendered":"Aldizkariak eta buletinak"},"content":{"rendered":"<p><span style=\"color: #993366;\">TERMINOLOGIAN ESPEZIALIZATUTAKO ALDIZKARIAK<\/span><\/p>\n<p><strong><em>DEBATE TERMINOL\u00d3GICO<\/em><\/strong><br \/>\nISSN: 1813-1867 (elektronikoa)<br \/>\n<a href=\"https:\/\/sites.google.com\/view\/riterm\/es\" target=\"_blank\" rel=\"noopener\">Red Iberoamericana de Terminolog\u00eda-k (RITerm)<\/a> argitaratua<br \/>\nSei hilean behin<br \/>\nHizkuntzak: Espainiera eta portugesa<br \/>\nArgitalpen elektronikorako sarbidea: http:\/\/seer.ufrgs.br\/riterm\/index<\/p>\n<p><strong><em>TERMIN\u00c0LIA<br \/>\n<\/em><\/strong><a href=\"http:\/\/scaterm.iec.cat\/\" target=\"_blank\" rel=\"noopener\">Societat Catalana de Terminologia-ren (SCATERM)<\/a> aldizkaria<br \/>\nISSN: 2013-6706 (argitalpen elektronikoa); 2013-6692 (argitalpen inprimatua)<br \/>\n<a href=\"http:\/\/www.iec.cat\/activitats\/entrada.asp\" target=\"_blank\" rel=\"noopener\">Institut d&#8217;Estudis Catalans-ek<\/a> argitaratua<br \/>\nZuzendaria: M. Teresa Cabr\u00e9<br \/>\nArgitaratzaile burua: Merc\u00e8 Lorente<br \/>\nHarremanetarako: terminalia@iec.cat<br \/>\nSei hilean behin<br \/>\nHizkuntzak: Katalana, ingelesa eta espainiera<br \/>\nArgitalpen elektronikorako sarbidea: <a href=\"http:\/\/revistes.iec.cat\/index.php\/terminalia\" target=\"_blank\" rel=\"noopener\">http:\/\/terminalia.iec.cat<\/a><\/p>\n<p><em><strong>TERMINOLOGIA<\/strong><br \/>\nInternational Journal of Theoretical and Applied Issues in Specialized Communication<\/em><br \/>\nISSN: 0929-9971 (argitalpen inprimatua); 1569-9994 (argitalpen elektronikoa)<br \/>\n<a href=\"http:\/\/benjamins.com\/#catalog\/journals\/term\/main\" target=\"_blank\" rel=\"noopener\">John Benjamins Publishing Company-k<\/a> argitaratua<br \/>\nEditoreak: Marie-Claude L&#8217;Homme eta Kyo Kagueura<br \/>\nAholkularia: Juan Carlos Sager<br \/>\nSei hilean behin<br \/>\nHizkuntzak: Ingelesa. Originalak onartzen dira espainieraz.<br \/>\nArgitalpen elektronikorako sarbidea: <a href=\"http:\/\/www.ingentaconnect.com\/content\/jbp\/term\" target=\"_blank\" rel=\"noopener\">Ingentaconnect Publicaci\u00f3n<\/a><\/p>\n<p><span style=\"color: #993366;\">TERMINOLOGIARI BURUZKO ARTIKULUAK IZATEN DITUZTEN BESTE ALDIZKARI BATZUK<\/span><\/p>\n<ul>\n<li><a href=\"http:\/\/www-ldi.univ-paris13.fr\/index.php?option=com_content&amp;view=article&amp;id=83:derniers-numeros-parus&amp;catid=101&amp;Itemid=506\" target=\"_blank\" rel=\"noopener\">Cahiers de Lexicologie<\/a><\/li>\n<li><a href=\"http:\/\/www.aelfe.org\/?s=revista\" target=\"_blank\" rel=\"noopener\">Ib\u00e9rica. Revista de la AELFE<\/a><\/li>\n<li><a href=\"http:\/\/www3.oup.co.uk\/lexico\/\" target=\"_blank\" rel=\"noopener\">International Journal of Lexicography<\/a><\/li>\n<li><a href=\"https:\/\/www.lessius.eu\/english\/ku-leuven-academic-bachelors-and-masters\/language-and-communication\/journal-internationalisa\" target=\"_blank\" rel=\"noopener\">Journal of Internationalisation and Localization (JIAL)<\/a><\/li>\n<li><a href=\"http:\/\/www.cilf.fr\/f\/index.php?sp=coll&amp;collection_id=10\" target=\"_blank\" rel=\"noopener\">La Banque des mots<\/a><\/li>\n<li><a href=\"http:\/\/www.rifal.org\/3_information.html#cahiers\" target=\"_blank\" rel=\"noopener\">Les Cahiers du Rifal<\/a> (antes Terminologies Nouvelles)<\/li>\n<li><a href=\"http:\/\/rauli.cbs.dk\/index.php\/lspcog\" target=\"_blank\" rel=\"noopener\">LSP Journal. Language for special purposes, professional communication, knowledge management and cognition<\/a><\/li>\n<li><a href=\"http:\/\/meta.erudit.org\/\" target=\"_blank\" rel=\"noopener\">Meta: Journal des traducteurs \/ Meta: Translators&#8217; Journal<\/a><\/li>\n<li><a href=\"http:\/\/www-ldi.univ-paris13.fr\/index.php?option=com_content&amp;view=article&amp;id=82:numeros-parus&amp;catid=100&amp;Itemid=505\" target=\"_blank\" rel=\"noopener\">Neologica. Revue Internationale de N\u00e9ologie<\/a><\/li>\n<li><a href=\"http:\/\/www.tremedica.org\/panacea.html\" target=\"_blank\" rel=\"noopener\">Panace@.Revista de Traducci\u00f3n y medicina<\/a><\/li>\n<li><a href=\"http:\/\/www.udc.es\/grupos\/lexicografia\/revista.htm\" target=\"_blank\" rel=\"noopener\">Revista de Lexicograf\u00eda<\/a><\/li>\n<li><a href=\"http:\/\/www.oqlf.gouv.qc.ca\/ressources\/publications\/publications_amenagement\/terminogramme.html\" target=\"_blank\" rel=\"noopener\">Revue d&#8217;am\u00e9nagement linguistique<\/a> (antes Terminogramme)<\/li>\n<li><a href=\"http:\/\/revistaseug.ugr.es\/index.php\/sendebar\" target=\"_blank\" rel=\"noopener\">Sendebar<\/a><\/li>\n<li><a href=\"http:\/\/www.fti.uab.es\/tradumatica\/revista\/\" target=\"_blank\" rel=\"noopener\">Tradum\u00e1tica<\/a><\/li>\n<li><a href=\"http:\/\/ttr.erudit.org\/\" target=\"_blank\" rel=\"noopener\">TTR. Traduction, terminologie, r\u00e9daction<\/a><\/li>\n<\/ul>\n<p><span style=\"color: #993366;\">TERMINOLOGIA-ELKARTEEN BULETINAK<\/span><\/p>\n<ul>\n<li><a href=\"http:\/\/blocs.iec.cat\/scaterm\" target=\"_blank\" rel=\"noopener\">Butllet\u00ed de SCATERM<\/a><\/li>\n<li><a href=\"http:\/\/www.eaft-aet.net\/news\/article\/eaft-newsletter\/\" target=\"_blank\" rel=\"noopener\">EAFT Newsletter<\/a><\/li>\n<li><a href=\"http:\/\/www.terminometro.info\/modules\/articles\/accueil\/index.php\" target=\"_blank\" rel=\"noopener\">Terminometro<\/a> (Bolet\u00edn de Uni\u00f3n Latina)<\/li>\n<li><a href=\"http:\/\/www.termnet.org\/english\/products_service\/TermNetNews.php\" target=\"_blank\" rel=\"noopener\">TermNet News<\/a><\/li>\n<\/ul>\n","protected":false},"excerpt":{"rendered":"<p>TERMINOLOGIAN ESPEZIALIZATUTAKO ALDIZKARIAK DEBATE TERMINOL\u00d3GICO ISSN: 1813-1867 (elektronikoa) Red Iberoamericana de Terminolog\u00eda-k (RITerm) argitaratua Sei hilean behin Hizkuntzak: Espainiera eta portugesa Argitalpen elektronikorako sarbidea: http:\/\/seer.ufrgs.br\/riterm\/index TERMIN\u00c0LIA Societat Catalana de Terminologia-ren (SCATERM) aldizkaria ISSN: 2013-6706 (argitalpen elektronikoa); 2013-6692 (argitalpen inprimatua) Institut d&#8217;Estudis Catalans-ek argitaratua Zuzendaria: M. Teresa Cabr\u00e9 Argitaratzaile burua: Merc\u00e8 Lorente Harremanetarako: terminalia@iec.cat Sei hilean&hellip;<\/p>\n","protected":false},"author":5,"featured_media":0,"parent":0,"menu_order":0,"comment_status":"closed","ping_status":"closed","template":"","meta":{"footnotes":""},"class_list":["post-4623","page","type-page","status-publish","hentry"],"yoast_head":"<!-- This site is optimized with the Yoast SEO plugin v24.4 - https:\/\/yoast.com\/wordpress\/plugins\/seo\/ -->\n<title>Aldizkariak eta buletinak - ASOCIACI\u00d3N ESPA\u00d1OLA DE TERMINOLOG\u00cdA<\/title>\n<meta name=\"robots\" content=\"index, follow, max-snippet:-1, max-image-preview:large, max-video-preview:-1\" \/>\n<link rel=\"canonical\" href=\"https:\/\/aeter.org\/eu\/aldizkariak-eta-buletinak\/\" \/>\n<meta property=\"og:locale\" content=\"eu_ES\" \/>\n<meta property=\"og:type\" content=\"article\" \/>\n<meta property=\"og:title\" content=\"Aldizkariak eta buletinak - ASOCIACI\u00d3N ESPA\u00d1OLA DE TERMINOLOG\u00cdA\" \/>\n<meta property=\"og:description\" content=\"TERMINOLOGIAN ESPEZIALIZATUTAKO ALDIZKARIAK DEBATE TERMINOL\u00d3GICO ISSN: 1813-1867 (elektronikoa) Red Iberoamericana de Terminolog\u00eda-k (RITerm) argitaratua Sei hilean behin Hizkuntzak: Espainiera eta portugesa Argitalpen elektronikorako sarbidea: http:\/\/seer.ufrgs.br\/riterm\/index TERMIN\u00c0LIA Societat Catalana de Terminologia-ren (SCATERM) aldizkaria ISSN: 2013-6706 (argitalpen elektronikoa); 2013-6692 (argitalpen inprimatua) Institut d&#8217;Estudis Catalans-ek argitaratua Zuzendaria: M. Teresa Cabr\u00e9 Argitaratzaile burua: Merc\u00e8 Lorente Harremanetarako: terminalia@iec.cat Sei hilean&hellip;\" \/>\n<meta property=\"og:url\" content=\"https:\/\/aeter.org\/eu\/aldizkariak-eta-buletinak\/\" \/>\n<meta property=\"og:site_name\" content=\"ASOCIACI\u00d3N ESPA\u00d1OLA DE TERMINOLOG\u00cdA\" \/>\n<meta property=\"article:modified_time\" content=\"2021-04-28T09:30:26+00:00\" \/>\n<meta name=\"twitter:card\" content=\"summary_large_image\" \/>\n<meta name=\"twitter:label1\" content=\"Est. reading time\" \/>\n\t<meta name=\"twitter:data1\" content=\"1 minute\" \/>\n<script type=\"application\/ld+json\" class=\"yoast-schema-graph\">{\"@context\":\"https:\/\/schema.org\",\"@graph\":[{\"@type\":\"WebPage\",\"@id\":\"https:\/\/aeter.org\/eu\/aldizkariak-eta-buletinak\/\",\"url\":\"https:\/\/aeter.org\/eu\/aldizkariak-eta-buletinak\/\",\"name\":\"Aldizkariak eta buletinak - ASOCIACI\u00d3N ESPA\u00d1OLA DE TERMINOLOG\u00cdA\",\"isPartOf\":{\"@id\":\"https:\/\/aeter.org\/#website\"},\"datePublished\":\"2021-04-27T15:07:49+00:00\",\"dateModified\":\"2021-04-28T09:30:26+00:00\",\"breadcrumb\":{\"@id\":\"https:\/\/aeter.org\/eu\/aldizkariak-eta-buletinak\/#breadcrumb\"},\"inLanguage\":\"eu-ES\",\"potentialAction\":[{\"@type\":\"ReadAction\",\"target\":[\"https:\/\/aeter.org\/eu\/aldizkariak-eta-buletinak\/\"]}]},{\"@type\":\"BreadcrumbList\",\"@id\":\"https:\/\/aeter.org\/eu\/aldizkariak-eta-buletinak\/#breadcrumb\",\"itemListElement\":[{\"@type\":\"ListItem\",\"position\":1,\"name\":\"Portada\",\"item\":\"https:\/\/aeter.org\/\"},{\"@type\":\"ListItem\",\"position\":2,\"name\":\"Aldizkariak eta buletinak\"}]},{\"@type\":\"WebSite\",\"@id\":\"https:\/\/aeter.org\/#website\",\"url\":\"https:\/\/aeter.org\/\",\"name\":\"ASOCIACI\u00d3N ESPA\u00d1OLA DE TERMINOLOG\u00cdA\",\"description\":\"AETER\",\"potentialAction\":[{\"@type\":\"SearchAction\",\"target\":{\"@type\":\"EntryPoint\",\"urlTemplate\":\"https:\/\/aeter.org\/?s={search_term_string}\"},\"query-input\":{\"@type\":\"PropertyValueSpecification\",\"valueRequired\":true,\"valueName\":\"search_term_string\"}}],\"inLanguage\":\"eu-ES\"}]}<\/script>\n<!-- \/ Yoast SEO plugin. -->","yoast_head_json":{"title":"Aldizkariak eta buletinak - ASOCIACI\u00d3N ESPA\u00d1OLA DE TERMINOLOG\u00cdA","robots":{"index":"index","follow":"follow","max-snippet":"max-snippet:-1","max-image-preview":"max-image-preview:large","max-video-preview":"max-video-preview:-1"},"canonical":"https:\/\/aeter.org\/eu\/aldizkariak-eta-buletinak\/","og_locale":"eu_ES","og_type":"article","og_title":"Aldizkariak eta buletinak - ASOCIACI\u00d3N ESPA\u00d1OLA DE TERMINOLOG\u00cdA","og_description":"TERMINOLOGIAN ESPEZIALIZATUTAKO ALDIZKARIAK DEBATE TERMINOL\u00d3GICO ISSN: 1813-1867 (elektronikoa) Red Iberoamericana de Terminolog\u00eda-k (RITerm) argitaratua Sei hilean behin Hizkuntzak: Espainiera eta portugesa Argitalpen elektronikorako sarbidea: http:\/\/seer.ufrgs.br\/riterm\/index TERMIN\u00c0LIA Societat Catalana de Terminologia-ren (SCATERM) aldizkaria ISSN: 2013-6706 (argitalpen elektronikoa); 2013-6692 (argitalpen inprimatua) Institut d&#8217;Estudis Catalans-ek argitaratua Zuzendaria: M. Teresa Cabr\u00e9 Argitaratzaile burua: Merc\u00e8 Lorente Harremanetarako: terminalia@iec.cat Sei hilean&hellip;","og_url":"https:\/\/aeter.org\/eu\/aldizkariak-eta-buletinak\/","og_site_name":"ASOCIACI\u00d3N ESPA\u00d1OLA DE TERMINOLOG\u00cdA","article_modified_time":"2021-04-28T09:30:26+00:00","twitter_card":"summary_large_image","twitter_misc":{"Est. reading time":"1 minute"},"schema":{"@context":"https:\/\/schema.org","@graph":[{"@type":"WebPage","@id":"https:\/\/aeter.org\/eu\/aldizkariak-eta-buletinak\/","url":"https:\/\/aeter.org\/eu\/aldizkariak-eta-buletinak\/","name":"Aldizkariak eta buletinak - ASOCIACI\u00d3N ESPA\u00d1OLA DE TERMINOLOG\u00cdA","isPartOf":{"@id":"https:\/\/aeter.org\/#website"},"datePublished":"2021-04-27T15:07:49+00:00","dateModified":"2021-04-28T09:30:26+00:00","breadcrumb":{"@id":"https:\/\/aeter.org\/eu\/aldizkariak-eta-buletinak\/#breadcrumb"},"inLanguage":"eu-ES","potentialAction":[{"@type":"ReadAction","target":["https:\/\/aeter.org\/eu\/aldizkariak-eta-buletinak\/"]}]},{"@type":"BreadcrumbList","@id":"https:\/\/aeter.org\/eu\/aldizkariak-eta-buletinak\/#breadcrumb","itemListElement":[{"@type":"ListItem","position":1,"name":"Portada","item":"https:\/\/aeter.org\/"},{"@type":"ListItem","position":2,"name":"Aldizkariak eta buletinak"}]},{"@type":"WebSite","@id":"https:\/\/aeter.org\/#website","url":"https:\/\/aeter.org\/","name":"ASOCIACI\u00d3N ESPA\u00d1OLA DE TERMINOLOG\u00cdA","description":"AETER","potentialAction":[{"@type":"SearchAction","target":{"@type":"EntryPoint","urlTemplate":"https:\/\/aeter.org\/?s={search_term_string}"},"query-input":{"@type":"PropertyValueSpecification","valueRequired":true,"valueName":"search_term_string"}}],"inLanguage":"eu-ES"}]}},"_links":{"self":[{"href":"https:\/\/aeter.org\/eu\/wp-json\/wp\/v2\/pages\/4623","targetHints":{"allow":["GET"]}}],"collection":[{"href":"https:\/\/aeter.org\/eu\/wp-json\/wp\/v2\/pages"}],"about":[{"href":"https:\/\/aeter.org\/eu\/wp-json\/wp\/v2\/types\/page"}],"author":[{"embeddable":true,"href":"https:\/\/aeter.org\/eu\/wp-json\/wp\/v2\/users\/5"}],"replies":[{"embeddable":true,"href":"https:\/\/aeter.org\/eu\/wp-json\/wp\/v2\/comments?post=4623"}],"version-history":[{"count":3,"href":"https:\/\/aeter.org\/eu\/wp-json\/wp\/v2\/pages\/4623\/revisions"}],"predecessor-version":[{"id":4638,"href":"https:\/\/aeter.org\/eu\/wp-json\/wp\/v2\/pages\/4623\/revisions\/4638"}],"wp:attachment":[{"href":"https:\/\/aeter.org\/eu\/wp-json\/wp\/v2\/media?parent=4623"}],"curies":[{"name":"wp","href":"https:\/\/api.w.org\/{rel}","templated":true}]}}