{"id":4625,"date":"2021-04-27T15:18:45","date_gmt":"2021-04-27T15:18:45","guid":{"rendered":"https:\/\/aeter.org\/itzulpengintza-eta-interpretaziorako-baliabideak\/"},"modified":"2023-11-02T17:26:26","modified_gmt":"2023-11-02T17:26:26","slug":"itzulpengintza-eta-interpretaziorako-baliabideak","status":"publish","type":"page","link":"https:\/\/aeter.org\/eu\/itzulpengintza-eta-interpretaziorako-baliabideak\/","title":{"rendered":"Itzulpengintza eta interpretaziorako baliabideak"},"content":{"rendered":"<ol>\n<li><a href=\"#EFT\">Espainiako Itzulpen eta Interpretazioko fakultateetako baliabideak<\/a><\/li>\n<li><a href=\"#OTR\">Beste baliabide batzuk<\/a><\/li>\n<\/ol>\n<h3><a name=\"EFT\"><\/a>Espainiako Itzulpen eta Interpretazioko fakultateetako baliabideak<\/h3>\n<ul>\n<li><a href=\"http:\/\/dti.ua.es\/es\/recursos\/recursos-para-el-traductor.html\">Universidad de Alicante \u2013 Departamento de Traducci\u00f3n e Interpretaci\u00f3n<\/a><\/li>\n<li><a href=\"http:\/\/www.trad.uji.es\/d\/cat\/enlaces\/\" target=\"_blank\" rel=\"noopener\">Universidad Jaume I \u2013 Departament de Traduci\u00f3 i Comunicaci\u00f3<\/a><\/li>\n<li><a href=\"http:\/\/www.trad.uji.es\/d\/cat\/enlaces\/\" target=\"_blank\" rel=\"noopener\">Universidad de Granada \u2013 Departamento de Traduci\u00f3n e Interpretaci\u00f3n<\/a><\/li>\n<li><a href=\"http:\/\/www.iula.upf.es\/\" target=\"_blank\" rel=\"noopener\">Universidad Pompeu Fabra \u2013 Institut Universitari de Ling\u00fc\u00edstica Aplicada<\/a><\/li>\n<li><a href=\"http:\/\/webs.uvigo.es\/h06\/weba573\/ferramenta.html\" target=\"_blank\" rel=\"noopener\">Universidad de Vigo \u2013 Departamento de traducci\u00f3n e ling\u00fc\u00edstica: Ferramentas para o traductor<\/a><\/li>\n<\/ul>\n<h3><a name=\"OTR\"><\/a>Beste baliabide batzuk<\/h3>\n<ul>\n<li><a href=\"http:\/\/www.medtrad.org\/index.htm\" target=\"_blank\" rel=\"noopener\">MedTrad-eko erakusleihoa. Osasun Zientzien Baliabideak itzultzaileentzat <\/a><\/li>\n<li><a href=\"http:\/\/europa.eu.int\/eur-lex\/es\/index.html\" target=\"_blank\" rel=\"noopener\">Europar Batasuneko zuzenbidearen ataria<\/a><\/li>\n<li><a href=\"http:\/\/www.portalingua.info\/\" target=\"_blank\" rel=\"noopener\">Portalingua: Interneteko hizkuntza-baliabideei buruzko atari tematikoa<\/a><\/li>\n<li><a href=\"http:\/\/sistema-artext.com\/\" target=\"_blank\" rel=\"noopener\">Sistema arText: redactor asistido para escribir textos de \u00e1mbitos especializados y en lenguaje claro (UNED)<\/a><\/li>\n<\/ul>\n","protected":false},"excerpt":{"rendered":"<p>Espainiako Itzulpen eta Interpretazioko fakultateetako baliabideak Beste baliabide batzuk Espainiako Itzulpen eta Interpretazioko fakultateetako baliabideak Universidad de Alicante \u2013 Departamento de Traducci\u00f3n e Interpretaci\u00f3n Universidad Jaume I \u2013 Departament de Traduci\u00f3 i Comunicaci\u00f3 Universidad de Granada \u2013 Departamento de Traduci\u00f3n e Interpretaci\u00f3n Universidad Pompeu Fabra \u2013 Institut Universitari de Ling\u00fc\u00edstica Aplicada Universidad de Vigo \u2013&hellip;<\/p>\n","protected":false},"author":5,"featured_media":0,"parent":0,"menu_order":0,"comment_status":"closed","ping_status":"closed","template":"","meta":{"footnotes":""},"class_list":["post-4625","page","type-page","status-publish","hentry"],"yoast_head":"<!-- This site is optimized with the Yoast SEO plugin v24.4 - https:\/\/yoast.com\/wordpress\/plugins\/seo\/ -->\n<title>Itzulpengintza eta interpretaziorako baliabideak - ASOCIACI\u00d3N ESPA\u00d1OLA DE TERMINOLOG\u00cdA<\/title>\n<meta name=\"robots\" content=\"index, follow, max-snippet:-1, max-image-preview:large, max-video-preview:-1\" \/>\n<link rel=\"canonical\" href=\"https:\/\/aeter.org\/eu\/itzulpengintza-eta-interpretaziorako-baliabideak\/\" \/>\n<meta property=\"og:locale\" content=\"eu_ES\" \/>\n<meta property=\"og:type\" content=\"article\" \/>\n<meta property=\"og:title\" content=\"Itzulpengintza eta interpretaziorako baliabideak - ASOCIACI\u00d3N ESPA\u00d1OLA DE TERMINOLOG\u00cdA\" \/>\n<meta property=\"og:description\" content=\"Espainiako Itzulpen eta Interpretazioko fakultateetako baliabideak Beste baliabide batzuk Espainiako Itzulpen eta Interpretazioko fakultateetako baliabideak Universidad de Alicante \u2013 Departamento de Traducci\u00f3n e Interpretaci\u00f3n Universidad Jaume I \u2013 Departament de Traduci\u00f3 i Comunicaci\u00f3 Universidad de Granada \u2013 Departamento de Traduci\u00f3n e Interpretaci\u00f3n Universidad Pompeu Fabra \u2013 Institut Universitari de Ling\u00fc\u00edstica Aplicada Universidad de Vigo \u2013&hellip;\" \/>\n<meta property=\"og:url\" content=\"https:\/\/aeter.org\/eu\/itzulpengintza-eta-interpretaziorako-baliabideak\/\" \/>\n<meta property=\"og:site_name\" content=\"ASOCIACI\u00d3N ESPA\u00d1OLA DE TERMINOLOG\u00cdA\" \/>\n<meta property=\"article:modified_time\" content=\"2023-11-02T17:26:26+00:00\" \/>\n<meta name=\"twitter:card\" content=\"summary_large_image\" \/>\n<meta name=\"twitter:label1\" content=\"Est. reading time\" \/>\n\t<meta name=\"twitter:data1\" content=\"1 minute\" \/>\n<script type=\"application\/ld+json\" class=\"yoast-schema-graph\">{\"@context\":\"https:\/\/schema.org\",\"@graph\":[{\"@type\":\"WebPage\",\"@id\":\"https:\/\/aeter.org\/eu\/itzulpengintza-eta-interpretaziorako-baliabideak\/\",\"url\":\"https:\/\/aeter.org\/eu\/itzulpengintza-eta-interpretaziorako-baliabideak\/\",\"name\":\"Itzulpengintza eta interpretaziorako baliabideak - ASOCIACI\u00d3N ESPA\u00d1OLA DE TERMINOLOG\u00cdA\",\"isPartOf\":{\"@id\":\"https:\/\/aeter.org\/#website\"},\"datePublished\":\"2021-04-27T15:18:45+00:00\",\"dateModified\":\"2023-11-02T17:26:26+00:00\",\"breadcrumb\":{\"@id\":\"https:\/\/aeter.org\/eu\/itzulpengintza-eta-interpretaziorako-baliabideak\/#breadcrumb\"},\"inLanguage\":\"eu-ES\",\"potentialAction\":[{\"@type\":\"ReadAction\",\"target\":[\"https:\/\/aeter.org\/eu\/itzulpengintza-eta-interpretaziorako-baliabideak\/\"]}]},{\"@type\":\"BreadcrumbList\",\"@id\":\"https:\/\/aeter.org\/eu\/itzulpengintza-eta-interpretaziorako-baliabideak\/#breadcrumb\",\"itemListElement\":[{\"@type\":\"ListItem\",\"position\":1,\"name\":\"Portada\",\"item\":\"https:\/\/aeter.org\/\"},{\"@type\":\"ListItem\",\"position\":2,\"name\":\"Itzulpengintza eta interpretaziorako baliabideak\"}]},{\"@type\":\"WebSite\",\"@id\":\"https:\/\/aeter.org\/#website\",\"url\":\"https:\/\/aeter.org\/\",\"name\":\"ASOCIACI\u00d3N ESPA\u00d1OLA DE TERMINOLOG\u00cdA\",\"description\":\"AETER\",\"potentialAction\":[{\"@type\":\"SearchAction\",\"target\":{\"@type\":\"EntryPoint\",\"urlTemplate\":\"https:\/\/aeter.org\/?s={search_term_string}\"},\"query-input\":{\"@type\":\"PropertyValueSpecification\",\"valueRequired\":true,\"valueName\":\"search_term_string\"}}],\"inLanguage\":\"eu-ES\"}]}<\/script>\n<!-- \/ Yoast SEO plugin. -->","yoast_head_json":{"title":"Itzulpengintza eta interpretaziorako baliabideak - ASOCIACI\u00d3N ESPA\u00d1OLA DE TERMINOLOG\u00cdA","robots":{"index":"index","follow":"follow","max-snippet":"max-snippet:-1","max-image-preview":"max-image-preview:large","max-video-preview":"max-video-preview:-1"},"canonical":"https:\/\/aeter.org\/eu\/itzulpengintza-eta-interpretaziorako-baliabideak\/","og_locale":"eu_ES","og_type":"article","og_title":"Itzulpengintza eta interpretaziorako baliabideak - ASOCIACI\u00d3N ESPA\u00d1OLA DE TERMINOLOG\u00cdA","og_description":"Espainiako Itzulpen eta Interpretazioko fakultateetako baliabideak Beste baliabide batzuk Espainiako Itzulpen eta Interpretazioko fakultateetako baliabideak Universidad de Alicante \u2013 Departamento de Traducci\u00f3n e Interpretaci\u00f3n Universidad Jaume I \u2013 Departament de Traduci\u00f3 i Comunicaci\u00f3 Universidad de Granada \u2013 Departamento de Traduci\u00f3n e Interpretaci\u00f3n Universidad Pompeu Fabra \u2013 Institut Universitari de Ling\u00fc\u00edstica Aplicada Universidad de Vigo \u2013&hellip;","og_url":"https:\/\/aeter.org\/eu\/itzulpengintza-eta-interpretaziorako-baliabideak\/","og_site_name":"ASOCIACI\u00d3N ESPA\u00d1OLA DE TERMINOLOG\u00cdA","article_modified_time":"2023-11-02T17:26:26+00:00","twitter_card":"summary_large_image","twitter_misc":{"Est. reading time":"1 minute"},"schema":{"@context":"https:\/\/schema.org","@graph":[{"@type":"WebPage","@id":"https:\/\/aeter.org\/eu\/itzulpengintza-eta-interpretaziorako-baliabideak\/","url":"https:\/\/aeter.org\/eu\/itzulpengintza-eta-interpretaziorako-baliabideak\/","name":"Itzulpengintza eta interpretaziorako baliabideak - ASOCIACI\u00d3N ESPA\u00d1OLA DE TERMINOLOG\u00cdA","isPartOf":{"@id":"https:\/\/aeter.org\/#website"},"datePublished":"2021-04-27T15:18:45+00:00","dateModified":"2023-11-02T17:26:26+00:00","breadcrumb":{"@id":"https:\/\/aeter.org\/eu\/itzulpengintza-eta-interpretaziorako-baliabideak\/#breadcrumb"},"inLanguage":"eu-ES","potentialAction":[{"@type":"ReadAction","target":["https:\/\/aeter.org\/eu\/itzulpengintza-eta-interpretaziorako-baliabideak\/"]}]},{"@type":"BreadcrumbList","@id":"https:\/\/aeter.org\/eu\/itzulpengintza-eta-interpretaziorako-baliabideak\/#breadcrumb","itemListElement":[{"@type":"ListItem","position":1,"name":"Portada","item":"https:\/\/aeter.org\/"},{"@type":"ListItem","position":2,"name":"Itzulpengintza eta interpretaziorako baliabideak"}]},{"@type":"WebSite","@id":"https:\/\/aeter.org\/#website","url":"https:\/\/aeter.org\/","name":"ASOCIACI\u00d3N ESPA\u00d1OLA DE TERMINOLOG\u00cdA","description":"AETER","potentialAction":[{"@type":"SearchAction","target":{"@type":"EntryPoint","urlTemplate":"https:\/\/aeter.org\/?s={search_term_string}"},"query-input":{"@type":"PropertyValueSpecification","valueRequired":true,"valueName":"search_term_string"}}],"inLanguage":"eu-ES"}]}},"_links":{"self":[{"href":"https:\/\/aeter.org\/eu\/wp-json\/wp\/v2\/pages\/4625","targetHints":{"allow":["GET"]}}],"collection":[{"href":"https:\/\/aeter.org\/eu\/wp-json\/wp\/v2\/pages"}],"about":[{"href":"https:\/\/aeter.org\/eu\/wp-json\/wp\/v2\/types\/page"}],"author":[{"embeddable":true,"href":"https:\/\/aeter.org\/eu\/wp-json\/wp\/v2\/users\/5"}],"replies":[{"embeddable":true,"href":"https:\/\/aeter.org\/eu\/wp-json\/wp\/v2\/comments?post=4625"}],"version-history":[{"count":2,"href":"https:\/\/aeter.org\/eu\/wp-json\/wp\/v2\/pages\/4625\/revisions"}],"predecessor-version":[{"id":6612,"href":"https:\/\/aeter.org\/eu\/wp-json\/wp\/v2\/pages\/4625\/revisions\/6612"}],"wp:attachment":[{"href":"https:\/\/aeter.org\/eu\/wp-json\/wp\/v2\/media?parent=4625"}],"curies":[{"name":"wp","href":"https:\/\/api.w.org\/{rel}","templated":true}]}}