{"id":4627,"date":"2021-04-27T15:23:28","date_gmt":"2021-04-27T15:23:28","guid":{"rendered":"https:\/\/aeter.org\/normalizazio-industriala\/"},"modified":"2021-04-27T15:23:29","modified_gmt":"2021-04-27T15:23:29","slug":"normalizazio-industriala","status":"publish","type":"page","link":"https:\/\/aeter.org\/eu\/normalizazio-industriala\/","title":{"rendered":"Normalizazio industriala"},"content":{"rendered":"<ol>\n<li><a href=\"#OI\">Nazioarteko erakundeak<\/a><\/li>\n<li><a href=\"#ON\">Erakunde nazionalak<\/a><\/li>\n<\/ol>\n<h3><a name=\"OI\"><\/a>1. Nazioarteko erakundeak<\/h3>\n<ul>\n<li><a href=\"http:\/\/www.cenorm.be\/cenorm\/index.htm\" target=\"_blank\" rel=\"noopener\">CEN \u2013 European Committe for Standardization<\/a><\/li>\n<li><a href=\"http:\/\/www.cenelec.org\/Cenelec\/Homepage.htm\" target=\"_blank\" rel=\"noopener\">CENELEC \u2013 Comit\u00e9 Eutopeo de Normalizaci\u00f3n Electrot\u00e9cnica<\/a><\/li>\n<li><a href=\"http:\/\/www.etsi.org\/\" target=\"_blank\" rel=\"noopener\">ETSI \u2013 Comit\u00e9 Eutopeo de Normalizaci\u00f3n<\/a><\/li>\n<li><a href=\"http:\/\/www.iso.org\/\" target=\"_blank\" rel=\"noopener\">ISO \u2013 International Organization for Standardization<\/a><\/li>\n<li><a href=\"http:\/\/www.iec.ch\/\" target=\"_blank\" rel=\"noopener\">IEC \u2013 International Electrotechnical Commission<\/a><\/li>\n<li><a href=\"http:\/\/www.itu.ch\/\" target=\"_blank\" rel=\"noopener\">ITU-T \u2013 International Telecommunication Union Telecommunication Standarization Sector<\/a><\/li>\n<li><a href=\"http:\/\/standards.ieee.org\/catalog\/olis\/index.html\" target=\"_blank\" rel=\"noopener\">IEEE \u2013 Institute of Electrical and Electronics Engineers<\/a><\/li>\n<\/ul>\n<h3><a name=\"ON\"><\/a>2. Erakunde nazionalak<\/h3>\n<ul>\n<li><a href=\"http:\/\/www.aenor.es\/\" target=\"_blank\" rel=\"noopener\">Asociaci\u00f3n Espa\u00f1ola de Normalizaci\u00f3n (AENOR)<\/a><\/li>\n<li><a href=\"http:\/\/www.scc.ca\/\" target=\"_blank\" rel=\"noopener\">Canada Standards Council of Canada (SCC)<\/a><\/li>\n<li><a href=\"http:\/\/www.afnor.fr\/\" target=\"_blank\" rel=\"noopener\">France Association fran\u00e7aise de normalisation (AFNOR)<\/a><\/li>\n<li><a href=\"http:\/\/www.din.de\/\" target=\"_blank\" rel=\"noopener\">Germany Deutsches Institut f\u00fcr Normung (DIN)<\/a><\/li>\n<li><a href=\"http:\/\/www.nasai.ir\/\" target=\"_blank\" rel=\"noopener\">Ireland National Standards Authority of Ireland (NSAI)<\/a><\/li>\n<li><a href=\"http:\/\/www.stri.is\/\" target=\"_blank\" rel=\"noopener\">Iceland Icelandic Council for Standardization (STRI)<\/a><\/li>\n<li><a href=\"http:\/\/www.ipq.pt\/\" target=\"_blank\" rel=\"noopener\">Portugal Instituto Portugu\u00eas da Qualidade (IPQ)<\/a><\/li>\n<li><a href=\"http:\/\/www.bsi.org.uk\/\" target=\"_blank\" rel=\"noopener\">United Kingdom British Standards Institution (BSI)<\/a><\/li>\n<li><a href=\"http:\/\/www.ansi.org\/\" target=\"_blank\" rel=\"noopener\">USA American National Standards Institute (ANSI)<\/a><\/li>\n<\/ul>\n","protected":false},"excerpt":{"rendered":"<p>Nazioarteko erakundeak Erakunde nazionalak 1. Nazioarteko erakundeak CEN \u2013 European Committe for Standardization CENELEC \u2013 Comit\u00e9 Eutopeo de Normalizaci\u00f3n Electrot\u00e9cnica ETSI \u2013 Comit\u00e9 Eutopeo de Normalizaci\u00f3n ISO \u2013 International Organization for Standardization IEC \u2013 International Electrotechnical Commission ITU-T \u2013 International Telecommunication Union Telecommunication Standarization Sector IEEE \u2013 Institute of Electrical and Electronics Engineers 2. Erakunde&hellip;<\/p>\n","protected":false},"author":5,"featured_media":0,"parent":0,"menu_order":0,"comment_status":"closed","ping_status":"closed","template":"","meta":{"footnotes":""},"class_list":["post-4627","page","type-page","status-publish","hentry"],"yoast_head":"<!-- This site is optimized with the Yoast SEO plugin v24.4 - https:\/\/yoast.com\/wordpress\/plugins\/seo\/ -->\n<title>Normalizazio industriala - ASOCIACI\u00d3N ESPA\u00d1OLA DE TERMINOLOG\u00cdA<\/title>\n<meta name=\"robots\" content=\"index, follow, max-snippet:-1, max-image-preview:large, max-video-preview:-1\" \/>\n<link rel=\"canonical\" href=\"https:\/\/aeter.org\/eu\/normalizazio-industriala\/\" \/>\n<meta property=\"og:locale\" content=\"eu_ES\" \/>\n<meta property=\"og:type\" content=\"article\" \/>\n<meta property=\"og:title\" content=\"Normalizazio industriala - ASOCIACI\u00d3N ESPA\u00d1OLA DE TERMINOLOG\u00cdA\" \/>\n<meta property=\"og:description\" content=\"Nazioarteko erakundeak Erakunde nazionalak 1. Nazioarteko erakundeak CEN \u2013 European Committe for Standardization CENELEC \u2013 Comit\u00e9 Eutopeo de Normalizaci\u00f3n Electrot\u00e9cnica ETSI \u2013 Comit\u00e9 Eutopeo de Normalizaci\u00f3n ISO \u2013 International Organization for Standardization IEC \u2013 International Electrotechnical Commission ITU-T \u2013 International Telecommunication Union Telecommunication Standarization Sector IEEE \u2013 Institute of Electrical and Electronics Engineers 2. Erakunde&hellip;\" \/>\n<meta property=\"og:url\" content=\"https:\/\/aeter.org\/eu\/normalizazio-industriala\/\" \/>\n<meta property=\"og:site_name\" content=\"ASOCIACI\u00d3N ESPA\u00d1OLA DE TERMINOLOG\u00cdA\" \/>\n<meta property=\"article:modified_time\" content=\"2021-04-27T15:23:29+00:00\" \/>\n<meta name=\"twitter:card\" content=\"summary_large_image\" \/>\n<meta name=\"twitter:label1\" content=\"Est. reading time\" \/>\n\t<meta name=\"twitter:data1\" content=\"1 minute\" \/>\n<script type=\"application\/ld+json\" class=\"yoast-schema-graph\">{\"@context\":\"https:\/\/schema.org\",\"@graph\":[{\"@type\":\"WebPage\",\"@id\":\"https:\/\/aeter.org\/eu\/normalizazio-industriala\/\",\"url\":\"https:\/\/aeter.org\/eu\/normalizazio-industriala\/\",\"name\":\"Normalizazio industriala - ASOCIACI\u00d3N ESPA\u00d1OLA DE TERMINOLOG\u00cdA\",\"isPartOf\":{\"@id\":\"https:\/\/aeter.org\/#website\"},\"datePublished\":\"2021-04-27T15:23:28+00:00\",\"dateModified\":\"2021-04-27T15:23:29+00:00\",\"breadcrumb\":{\"@id\":\"https:\/\/aeter.org\/eu\/normalizazio-industriala\/#breadcrumb\"},\"inLanguage\":\"eu-ES\",\"potentialAction\":[{\"@type\":\"ReadAction\",\"target\":[\"https:\/\/aeter.org\/eu\/normalizazio-industriala\/\"]}]},{\"@type\":\"BreadcrumbList\",\"@id\":\"https:\/\/aeter.org\/eu\/normalizazio-industriala\/#breadcrumb\",\"itemListElement\":[{\"@type\":\"ListItem\",\"position\":1,\"name\":\"Portada\",\"item\":\"https:\/\/aeter.org\/\"},{\"@type\":\"ListItem\",\"position\":2,\"name\":\"Normalizazio industriala\"}]},{\"@type\":\"WebSite\",\"@id\":\"https:\/\/aeter.org\/#website\",\"url\":\"https:\/\/aeter.org\/\",\"name\":\"ASOCIACI\u00d3N ESPA\u00d1OLA DE TERMINOLOG\u00cdA\",\"description\":\"AETER\",\"potentialAction\":[{\"@type\":\"SearchAction\",\"target\":{\"@type\":\"EntryPoint\",\"urlTemplate\":\"https:\/\/aeter.org\/?s={search_term_string}\"},\"query-input\":{\"@type\":\"PropertyValueSpecification\",\"valueRequired\":true,\"valueName\":\"search_term_string\"}}],\"inLanguage\":\"eu-ES\"}]}<\/script>\n<!-- \/ Yoast SEO plugin. -->","yoast_head_json":{"title":"Normalizazio industriala - ASOCIACI\u00d3N ESPA\u00d1OLA DE TERMINOLOG\u00cdA","robots":{"index":"index","follow":"follow","max-snippet":"max-snippet:-1","max-image-preview":"max-image-preview:large","max-video-preview":"max-video-preview:-1"},"canonical":"https:\/\/aeter.org\/eu\/normalizazio-industriala\/","og_locale":"eu_ES","og_type":"article","og_title":"Normalizazio industriala - ASOCIACI\u00d3N ESPA\u00d1OLA DE TERMINOLOG\u00cdA","og_description":"Nazioarteko erakundeak Erakunde nazionalak 1. Nazioarteko erakundeak CEN \u2013 European Committe for Standardization CENELEC \u2013 Comit\u00e9 Eutopeo de Normalizaci\u00f3n Electrot\u00e9cnica ETSI \u2013 Comit\u00e9 Eutopeo de Normalizaci\u00f3n ISO \u2013 International Organization for Standardization IEC \u2013 International Electrotechnical Commission ITU-T \u2013 International Telecommunication Union Telecommunication Standarization Sector IEEE \u2013 Institute of Electrical and Electronics Engineers 2. Erakunde&hellip;","og_url":"https:\/\/aeter.org\/eu\/normalizazio-industriala\/","og_site_name":"ASOCIACI\u00d3N ESPA\u00d1OLA DE TERMINOLOG\u00cdA","article_modified_time":"2021-04-27T15:23:29+00:00","twitter_card":"summary_large_image","twitter_misc":{"Est. reading time":"1 minute"},"schema":{"@context":"https:\/\/schema.org","@graph":[{"@type":"WebPage","@id":"https:\/\/aeter.org\/eu\/normalizazio-industriala\/","url":"https:\/\/aeter.org\/eu\/normalizazio-industriala\/","name":"Normalizazio industriala - ASOCIACI\u00d3N ESPA\u00d1OLA DE TERMINOLOG\u00cdA","isPartOf":{"@id":"https:\/\/aeter.org\/#website"},"datePublished":"2021-04-27T15:23:28+00:00","dateModified":"2021-04-27T15:23:29+00:00","breadcrumb":{"@id":"https:\/\/aeter.org\/eu\/normalizazio-industriala\/#breadcrumb"},"inLanguage":"eu-ES","potentialAction":[{"@type":"ReadAction","target":["https:\/\/aeter.org\/eu\/normalizazio-industriala\/"]}]},{"@type":"BreadcrumbList","@id":"https:\/\/aeter.org\/eu\/normalizazio-industriala\/#breadcrumb","itemListElement":[{"@type":"ListItem","position":1,"name":"Portada","item":"https:\/\/aeter.org\/"},{"@type":"ListItem","position":2,"name":"Normalizazio industriala"}]},{"@type":"WebSite","@id":"https:\/\/aeter.org\/#website","url":"https:\/\/aeter.org\/","name":"ASOCIACI\u00d3N ESPA\u00d1OLA DE TERMINOLOG\u00cdA","description":"AETER","potentialAction":[{"@type":"SearchAction","target":{"@type":"EntryPoint","urlTemplate":"https:\/\/aeter.org\/?s={search_term_string}"},"query-input":{"@type":"PropertyValueSpecification","valueRequired":true,"valueName":"search_term_string"}}],"inLanguage":"eu-ES"}]}},"_links":{"self":[{"href":"https:\/\/aeter.org\/eu\/wp-json\/wp\/v2\/pages\/4627","targetHints":{"allow":["GET"]}}],"collection":[{"href":"https:\/\/aeter.org\/eu\/wp-json\/wp\/v2\/pages"}],"about":[{"href":"https:\/\/aeter.org\/eu\/wp-json\/wp\/v2\/types\/page"}],"author":[{"embeddable":true,"href":"https:\/\/aeter.org\/eu\/wp-json\/wp\/v2\/users\/5"}],"replies":[{"embeddable":true,"href":"https:\/\/aeter.org\/eu\/wp-json\/wp\/v2\/comments?post=4627"}],"version-history":[{"count":1,"href":"https:\/\/aeter.org\/eu\/wp-json\/wp\/v2\/pages\/4627\/revisions"}],"predecessor-version":[{"id":4628,"href":"https:\/\/aeter.org\/eu\/wp-json\/wp\/v2\/pages\/4627\/revisions\/4628"}],"wp:attachment":[{"href":"https:\/\/aeter.org\/eu\/wp-json\/wp\/v2\/media?parent=4627"}],"curies":[{"name":"wp","href":"https:\/\/api.w.org\/{rel}","templated":true}]}}