{"id":4629,"date":"2021-04-27T15:45:08","date_gmt":"2021-04-27T15:45:08","guid":{"rendered":"https:\/\/aeter.org\/terminologiako-prestakuntza\/"},"modified":"2021-04-27T15:45:08","modified_gmt":"2021-04-27T15:45:08","slug":"terminologiako-prestakuntza","status":"publish","type":"page","link":"https:\/\/aeter.org\/eu\/terminologiako-prestakuntza\/","title":{"rendered":"Terminologiako prestakuntza"},"content":{"rendered":"<p><strong><span style=\"color: #993366;\">TERMINOLOGIAKO ONLINE MASTERRA<\/span><\/strong><br \/>\nUniversitat Pompeu Fabra. Bartzelona<br \/>\nZuzendaritza akademikoa: M. Teresa Cabr\u00e9<br \/>\nKoordinazioa: Rosa Estop\u00e0<br \/>\nIrakasleak: Institut Universitari de Ling\u00fc\u00edstica Aplicada-ko (IULA) IULATERM taldea<br \/>\nIDEC-UPFek antolatua<br \/>\nEspainierazko edizioa: <a href=\"http:\/\/www.idec.upf.edu\/master-en-terminologia-modalitat-online\" target=\"_blank\" rel=\"noopener\">http:\/\/www.idec.upf.edu\/master-en-terminologia-modalitat-online<\/a><br \/>\nIngelesezko edizioa: <a href=\"http:\/\/www.iula.upf.edu\/teronl3uk.htm\" target=\"_blank\" rel=\"noopener\">http:\/\/www.iula.upf.edu\/teronl3uk.htm<\/a><br \/>\nInformazio gehiago: iulaonline@upf.edu<\/p>\n<p>&nbsp;<\/p>\n<p>&nbsp;<\/p>\n","protected":false},"excerpt":{"rendered":"<p>TERMINOLOGIAKO ONLINE MASTERRA Universitat Pompeu Fabra. Bartzelona Zuzendaritza akademikoa: M. Teresa Cabr\u00e9 Koordinazioa: Rosa Estop\u00e0 Irakasleak: Institut Universitari de Ling\u00fc\u00edstica Aplicada-ko (IULA) IULATERM taldea IDEC-UPFek antolatua Espainierazko edizioa: http:\/\/www.idec.upf.edu\/master-en-terminologia-modalitat-online Ingelesezko edizioa: http:\/\/www.iula.upf.edu\/teronl3uk.htm Informazio gehiago: iulaonline@upf.edu &nbsp; &nbsp;<\/p>\n","protected":false},"author":5,"featured_media":0,"parent":0,"menu_order":0,"comment_status":"closed","ping_status":"closed","template":"","meta":{"footnotes":""},"class_list":["post-4629","page","type-page","status-publish","hentry"],"yoast_head":"<!-- This site is optimized with the Yoast SEO plugin v24.4 - https:\/\/yoast.com\/wordpress\/plugins\/seo\/ -->\n<title>Terminologiako prestakuntza - ASOCIACI\u00d3N ESPA\u00d1OLA DE TERMINOLOG\u00cdA<\/title>\n<meta name=\"robots\" content=\"index, follow, max-snippet:-1, max-image-preview:large, max-video-preview:-1\" \/>\n<link rel=\"canonical\" href=\"https:\/\/aeter.org\/eu\/terminologiako-prestakuntza\/\" \/>\n<meta property=\"og:locale\" content=\"eu_ES\" \/>\n<meta property=\"og:type\" content=\"article\" \/>\n<meta property=\"og:title\" content=\"Terminologiako prestakuntza - ASOCIACI\u00d3N ESPA\u00d1OLA DE TERMINOLOG\u00cdA\" \/>\n<meta property=\"og:description\" content=\"TERMINOLOGIAKO ONLINE MASTERRA Universitat Pompeu Fabra. Bartzelona Zuzendaritza akademikoa: M. Teresa Cabr\u00e9 Koordinazioa: Rosa Estop\u00e0 Irakasleak: Institut Universitari de Ling\u00fc\u00edstica Aplicada-ko (IULA) IULATERM taldea IDEC-UPFek antolatua Espainierazko edizioa: http:\/\/www.idec.upf.edu\/master-en-terminologia-modalitat-online Ingelesezko edizioa: http:\/\/www.iula.upf.edu\/teronl3uk.htm Informazio gehiago: iulaonline@upf.edu &nbsp; &nbsp;\" \/>\n<meta property=\"og:url\" content=\"https:\/\/aeter.org\/eu\/terminologiako-prestakuntza\/\" \/>\n<meta property=\"og:site_name\" content=\"ASOCIACI\u00d3N ESPA\u00d1OLA DE TERMINOLOG\u00cdA\" \/>\n<meta name=\"twitter:card\" content=\"summary_large_image\" \/>\n<script type=\"application\/ld+json\" class=\"yoast-schema-graph\">{\"@context\":\"https:\/\/schema.org\",\"@graph\":[{\"@type\":\"WebPage\",\"@id\":\"https:\/\/aeter.org\/eu\/terminologiako-prestakuntza\/\",\"url\":\"https:\/\/aeter.org\/eu\/terminologiako-prestakuntza\/\",\"name\":\"Terminologiako prestakuntza - ASOCIACI\u00d3N ESPA\u00d1OLA DE TERMINOLOG\u00cdA\",\"isPartOf\":{\"@id\":\"https:\/\/aeter.org\/#website\"},\"datePublished\":\"2021-04-27T15:45:08+00:00\",\"breadcrumb\":{\"@id\":\"https:\/\/aeter.org\/eu\/terminologiako-prestakuntza\/#breadcrumb\"},\"inLanguage\":\"eu-ES\",\"potentialAction\":[{\"@type\":\"ReadAction\",\"target\":[\"https:\/\/aeter.org\/eu\/terminologiako-prestakuntza\/\"]}]},{\"@type\":\"BreadcrumbList\",\"@id\":\"https:\/\/aeter.org\/eu\/terminologiako-prestakuntza\/#breadcrumb\",\"itemListElement\":[{\"@type\":\"ListItem\",\"position\":1,\"name\":\"Portada\",\"item\":\"https:\/\/aeter.org\/\"},{\"@type\":\"ListItem\",\"position\":2,\"name\":\"Terminologiako prestakuntza\"}]},{\"@type\":\"WebSite\",\"@id\":\"https:\/\/aeter.org\/#website\",\"url\":\"https:\/\/aeter.org\/\",\"name\":\"ASOCIACI\u00d3N ESPA\u00d1OLA DE TERMINOLOG\u00cdA\",\"description\":\"AETER\",\"potentialAction\":[{\"@type\":\"SearchAction\",\"target\":{\"@type\":\"EntryPoint\",\"urlTemplate\":\"https:\/\/aeter.org\/?s={search_term_string}\"},\"query-input\":{\"@type\":\"PropertyValueSpecification\",\"valueRequired\":true,\"valueName\":\"search_term_string\"}}],\"inLanguage\":\"eu-ES\"}]}<\/script>\n<!-- \/ Yoast SEO plugin. -->","yoast_head_json":{"title":"Terminologiako prestakuntza - ASOCIACI\u00d3N ESPA\u00d1OLA DE TERMINOLOG\u00cdA","robots":{"index":"index","follow":"follow","max-snippet":"max-snippet:-1","max-image-preview":"max-image-preview:large","max-video-preview":"max-video-preview:-1"},"canonical":"https:\/\/aeter.org\/eu\/terminologiako-prestakuntza\/","og_locale":"eu_ES","og_type":"article","og_title":"Terminologiako prestakuntza - ASOCIACI\u00d3N ESPA\u00d1OLA DE TERMINOLOG\u00cdA","og_description":"TERMINOLOGIAKO ONLINE MASTERRA Universitat Pompeu Fabra. Bartzelona Zuzendaritza akademikoa: M. Teresa Cabr\u00e9 Koordinazioa: Rosa Estop\u00e0 Irakasleak: Institut Universitari de Ling\u00fc\u00edstica Aplicada-ko (IULA) IULATERM taldea IDEC-UPFek antolatua Espainierazko edizioa: http:\/\/www.idec.upf.edu\/master-en-terminologia-modalitat-online Ingelesezko edizioa: http:\/\/www.iula.upf.edu\/teronl3uk.htm Informazio gehiago: iulaonline@upf.edu &nbsp; &nbsp;","og_url":"https:\/\/aeter.org\/eu\/terminologiako-prestakuntza\/","og_site_name":"ASOCIACI\u00d3N ESPA\u00d1OLA DE TERMINOLOG\u00cdA","twitter_card":"summary_large_image","schema":{"@context":"https:\/\/schema.org","@graph":[{"@type":"WebPage","@id":"https:\/\/aeter.org\/eu\/terminologiako-prestakuntza\/","url":"https:\/\/aeter.org\/eu\/terminologiako-prestakuntza\/","name":"Terminologiako prestakuntza - ASOCIACI\u00d3N ESPA\u00d1OLA DE TERMINOLOG\u00cdA","isPartOf":{"@id":"https:\/\/aeter.org\/#website"},"datePublished":"2021-04-27T15:45:08+00:00","breadcrumb":{"@id":"https:\/\/aeter.org\/eu\/terminologiako-prestakuntza\/#breadcrumb"},"inLanguage":"eu-ES","potentialAction":[{"@type":"ReadAction","target":["https:\/\/aeter.org\/eu\/terminologiako-prestakuntza\/"]}]},{"@type":"BreadcrumbList","@id":"https:\/\/aeter.org\/eu\/terminologiako-prestakuntza\/#breadcrumb","itemListElement":[{"@type":"ListItem","position":1,"name":"Portada","item":"https:\/\/aeter.org\/"},{"@type":"ListItem","position":2,"name":"Terminologiako prestakuntza"}]},{"@type":"WebSite","@id":"https:\/\/aeter.org\/#website","url":"https:\/\/aeter.org\/","name":"ASOCIACI\u00d3N ESPA\u00d1OLA DE TERMINOLOG\u00cdA","description":"AETER","potentialAction":[{"@type":"SearchAction","target":{"@type":"EntryPoint","urlTemplate":"https:\/\/aeter.org\/?s={search_term_string}"},"query-input":{"@type":"PropertyValueSpecification","valueRequired":true,"valueName":"search_term_string"}}],"inLanguage":"eu-ES"}]}},"_links":{"self":[{"href":"https:\/\/aeter.org\/eu\/wp-json\/wp\/v2\/pages\/4629","targetHints":{"allow":["GET"]}}],"collection":[{"href":"https:\/\/aeter.org\/eu\/wp-json\/wp\/v2\/pages"}],"about":[{"href":"https:\/\/aeter.org\/eu\/wp-json\/wp\/v2\/types\/page"}],"author":[{"embeddable":true,"href":"https:\/\/aeter.org\/eu\/wp-json\/wp\/v2\/users\/5"}],"replies":[{"embeddable":true,"href":"https:\/\/aeter.org\/eu\/wp-json\/wp\/v2\/comments?post=4629"}],"version-history":[{"count":1,"href":"https:\/\/aeter.org\/eu\/wp-json\/wp\/v2\/pages\/4629\/revisions"}],"predecessor-version":[{"id":4630,"href":"https:\/\/aeter.org\/eu\/wp-json\/wp\/v2\/pages\/4629\/revisions\/4630"}],"wp:attachment":[{"href":"https:\/\/aeter.org\/eu\/wp-json\/wp\/v2\/media?parent=4629"}],"curies":[{"name":"wp","href":"https:\/\/api.w.org\/{rel}","templated":true}]}}