{"id":4631,"date":"2021-04-27T15:49:48","date_gmt":"2021-04-27T15:49:48","guid":{"rendered":"https:\/\/aeter.org\/zentroak-eta-akademiak\/"},"modified":"2021-04-27T15:49:48","modified_gmt":"2021-04-27T15:49:48","slug":"zentroak-eta-akademiak","status":"publish","type":"page","link":"https:\/\/aeter.org\/eu\/zentroak-eta-akademiak\/","title":{"rendered":"Zentroak eta akademiak"},"content":{"rendered":"<div><span style=\"font-size: 16px; line-height: 24px;\"><strong><span style=\"color: #339966;\">TERMINOLOGIA-ZENTROAK<\/span><\/strong><\/span><\/div>\n<p><em><span style=\"color: #339966;\">Espainiera<br \/>\n<\/span><\/em><\/p>\n<ul>\n<li>El proyecto TERMINESP.ORG<\/li>\n<li><a href=\"http:\/\/valiter.es\/Portada\" target=\"_blank\" rel=\"noopener\">VALITER, red de validaci\u00f3n de la terminolog\u00eda espa\u00f1ola<\/a><\/li>\n<li><a href=\"http:\/\/www.rae.es\/rae\/gestores\/gespub000011.nsf\/voTodosporId\/12CE5C1E73FB298AC12571810039EFF7?OpenDocument&amp;i=5\" target=\"_blank\" rel=\"noopener\">La Comisi\u00f3n Ling\u00fc\u00edstica para la Terminolog\u00eda Espa\u00f1ola (COLTE) <\/a><\/li>\n<\/ul>\n<p><em><span style=\"color: #339966;\">Katalana<\/span><\/em><\/p>\n<ul>\n<li><a href=\"http:\/\/www.termcat.cat\/\" target=\"_blank\" rel=\"noopener\">TERMCAT, Centre de terminologia<\/a><\/li>\n<\/ul>\n<p><em><span style=\"color: #339966;\">Galiziera<\/span><\/em><\/p>\n<ul>\n<li><a href=\"http:\/\/www.realacademiagalega.org\/seccions\" target=\"_blank\" rel=\"noopener\">TERMIGAL, Seminario de Terminolox\u00eda Galega<\/a><\/li>\n<\/ul>\n<p><em><span style=\"color: #339966;\">Euskara<\/span><\/em><\/p>\n<ul>\n<li><a href=\"http:\/\/www.uzei.com\/home.asp\" target=\"_blank\" rel=\"noopener\">UZEI, Terminologia eta Lexikografia Zentroa<\/a><\/li>\n<\/ul>\n<p><em><span style=\"color: #008000;\">Asturiera<\/span><\/em><\/p>\n<ul>\n<li><a href=\"http:\/\/grupos.uniovi.es\/web\/sfa\" target=\"_blank\" rel=\"noopener\">Seminariu de Filolox\u00eda Asturiana de la Universidad de Oviedo<\/a><\/li>\n<\/ul>\n<p><strong><span style=\"color: #339966;\">AKADEMIAK<\/span><\/strong><\/p>\n<p><em><span style=\"color: #339966;\">Espainiera<\/span><\/em><\/p>\n<ul>\n<li><a href=\"http:\/\/www.rae.es\/rae.html\" target=\"_blank\" rel=\"noopener\">REAL ACADEMIA ESPA\u00d1OLA (RAE)<\/a><\/li>\n<li><a href=\"http:\/\/www.rac.es\/0\/0_1.php\" target=\"_blank\" rel=\"noopener\">REAL ACADEMIA DE CIENCIAS EXACTAS, F\u00cdSICAS Y NATURALES (RAC)<\/a><\/li>\n<\/ul>\n<p><em><span style=\"color: #339966;\">Katalana<\/span><\/em><\/p>\n<ul>\n<li><a href=\"http:\/\/www.iec.cat\/activitats\/entrada.asp\" target=\"_blank\" rel=\"noopener\">INSTITUT D&#8217;ESTUDIS CATALANS (IEC)<\/a><\/li>\n<\/ul>\n<p><em><span style=\"color: #339966;\">Galiziera<\/span><\/em><\/p>\n<ul>\n<li><a href=\"http:\/\/www.realacademiagalega.org\/\" target=\"_blank\" rel=\"noopener\">REAL ACADEMIA GALEGA<\/a><\/li>\n<\/ul>\n<p><em><span style=\"color: #339966;\">Euskara<\/span><\/em><\/p>\n<ul>\n<li><a href=\"http:\/\/www.euskaltzaindia.net\/\" target=\"_blank\" rel=\"noopener\">EUSKALTZAINDIA<\/a><\/li>\n<\/ul>\n<p><em><span style=\"color: #008000;\">Asturiera<\/span><\/em><\/p>\n<ul>\n<li><a href=\"http:\/\/www.academiadelallingua.com\/\" target=\"_blank\" rel=\"noopener\">Academia de la Llingua Asturiana<\/a><\/li>\n<\/ul>\n","protected":false},"excerpt":{"rendered":"<p>TERMINOLOGIA-ZENTROAK Espainiera El proyecto TERMINESP.ORG VALITER, red de validaci\u00f3n de la terminolog\u00eda espa\u00f1ola La Comisi\u00f3n Ling\u00fc\u00edstica para la Terminolog\u00eda Espa\u00f1ola (COLTE) Katalana TERMCAT, Centre de terminologia Galiziera TERMIGAL, Seminario de Terminolox\u00eda Galega Euskara UZEI, Terminologia eta Lexikografia Zentroa Asturiera Seminariu de Filolox\u00eda Asturiana de la Universidad de Oviedo AKADEMIAK Espainiera REAL ACADEMIA ESPA\u00d1OLA (RAE) REAL&hellip;<\/p>\n","protected":false},"author":5,"featured_media":0,"parent":0,"menu_order":0,"comment_status":"closed","ping_status":"closed","template":"","meta":{"footnotes":""},"class_list":["post-4631","page","type-page","status-publish","hentry"],"yoast_head":"<!-- This site is optimized with the Yoast SEO plugin v24.4 - https:\/\/yoast.com\/wordpress\/plugins\/seo\/ -->\n<title>Zentroak eta akademiak - ASOCIACI\u00d3N ESPA\u00d1OLA DE TERMINOLOG\u00cdA<\/title>\n<meta name=\"robots\" content=\"index, follow, max-snippet:-1, max-image-preview:large, max-video-preview:-1\" \/>\n<link rel=\"canonical\" href=\"https:\/\/aeter.org\/eu\/zentroak-eta-akademiak\/\" \/>\n<meta property=\"og:locale\" content=\"eu_ES\" \/>\n<meta property=\"og:type\" content=\"article\" \/>\n<meta property=\"og:title\" content=\"Zentroak eta akademiak - ASOCIACI\u00d3N ESPA\u00d1OLA DE TERMINOLOG\u00cdA\" \/>\n<meta property=\"og:description\" content=\"TERMINOLOGIA-ZENTROAK Espainiera El proyecto TERMINESP.ORG VALITER, red de validaci\u00f3n de la terminolog\u00eda espa\u00f1ola La Comisi\u00f3n Ling\u00fc\u00edstica para la Terminolog\u00eda Espa\u00f1ola (COLTE) Katalana TERMCAT, Centre de terminologia Galiziera TERMIGAL, Seminario de Terminolox\u00eda Galega Euskara UZEI, Terminologia eta Lexikografia Zentroa Asturiera Seminariu de Filolox\u00eda Asturiana de la Universidad de Oviedo AKADEMIAK Espainiera REAL ACADEMIA ESPA\u00d1OLA (RAE) REAL&hellip;\" \/>\n<meta property=\"og:url\" content=\"https:\/\/aeter.org\/eu\/zentroak-eta-akademiak\/\" \/>\n<meta property=\"og:site_name\" content=\"ASOCIACI\u00d3N ESPA\u00d1OLA DE TERMINOLOG\u00cdA\" \/>\n<meta name=\"twitter:card\" content=\"summary_large_image\" \/>\n<script type=\"application\/ld+json\" class=\"yoast-schema-graph\">{\"@context\":\"https:\/\/schema.org\",\"@graph\":[{\"@type\":\"WebPage\",\"@id\":\"https:\/\/aeter.org\/eu\/zentroak-eta-akademiak\/\",\"url\":\"https:\/\/aeter.org\/eu\/zentroak-eta-akademiak\/\",\"name\":\"Zentroak eta akademiak - ASOCIACI\u00d3N ESPA\u00d1OLA DE TERMINOLOG\u00cdA\",\"isPartOf\":{\"@id\":\"https:\/\/aeter.org\/#website\"},\"datePublished\":\"2021-04-27T15:49:48+00:00\",\"breadcrumb\":{\"@id\":\"https:\/\/aeter.org\/eu\/zentroak-eta-akademiak\/#breadcrumb\"},\"inLanguage\":\"eu-ES\",\"potentialAction\":[{\"@type\":\"ReadAction\",\"target\":[\"https:\/\/aeter.org\/eu\/zentroak-eta-akademiak\/\"]}]},{\"@type\":\"BreadcrumbList\",\"@id\":\"https:\/\/aeter.org\/eu\/zentroak-eta-akademiak\/#breadcrumb\",\"itemListElement\":[{\"@type\":\"ListItem\",\"position\":1,\"name\":\"Portada\",\"item\":\"https:\/\/aeter.org\/\"},{\"@type\":\"ListItem\",\"position\":2,\"name\":\"Zentroak eta akademiak\"}]},{\"@type\":\"WebSite\",\"@id\":\"https:\/\/aeter.org\/#website\",\"url\":\"https:\/\/aeter.org\/\",\"name\":\"ASOCIACI\u00d3N ESPA\u00d1OLA DE TERMINOLOG\u00cdA\",\"description\":\"AETER\",\"potentialAction\":[{\"@type\":\"SearchAction\",\"target\":{\"@type\":\"EntryPoint\",\"urlTemplate\":\"https:\/\/aeter.org\/?s={search_term_string}\"},\"query-input\":{\"@type\":\"PropertyValueSpecification\",\"valueRequired\":true,\"valueName\":\"search_term_string\"}}],\"inLanguage\":\"eu-ES\"}]}<\/script>\n<!-- \/ Yoast SEO plugin. -->","yoast_head_json":{"title":"Zentroak eta akademiak - ASOCIACI\u00d3N ESPA\u00d1OLA DE TERMINOLOG\u00cdA","robots":{"index":"index","follow":"follow","max-snippet":"max-snippet:-1","max-image-preview":"max-image-preview:large","max-video-preview":"max-video-preview:-1"},"canonical":"https:\/\/aeter.org\/eu\/zentroak-eta-akademiak\/","og_locale":"eu_ES","og_type":"article","og_title":"Zentroak eta akademiak - ASOCIACI\u00d3N ESPA\u00d1OLA DE TERMINOLOG\u00cdA","og_description":"TERMINOLOGIA-ZENTROAK Espainiera El proyecto TERMINESP.ORG VALITER, red de validaci\u00f3n de la terminolog\u00eda espa\u00f1ola La Comisi\u00f3n Ling\u00fc\u00edstica para la Terminolog\u00eda Espa\u00f1ola (COLTE) Katalana TERMCAT, Centre de terminologia Galiziera TERMIGAL, Seminario de Terminolox\u00eda Galega Euskara UZEI, Terminologia eta Lexikografia Zentroa Asturiera Seminariu de Filolox\u00eda Asturiana de la Universidad de Oviedo AKADEMIAK Espainiera REAL ACADEMIA ESPA\u00d1OLA (RAE) REAL&hellip;","og_url":"https:\/\/aeter.org\/eu\/zentroak-eta-akademiak\/","og_site_name":"ASOCIACI\u00d3N ESPA\u00d1OLA DE TERMINOLOG\u00cdA","twitter_card":"summary_large_image","schema":{"@context":"https:\/\/schema.org","@graph":[{"@type":"WebPage","@id":"https:\/\/aeter.org\/eu\/zentroak-eta-akademiak\/","url":"https:\/\/aeter.org\/eu\/zentroak-eta-akademiak\/","name":"Zentroak eta akademiak - ASOCIACI\u00d3N ESPA\u00d1OLA DE TERMINOLOG\u00cdA","isPartOf":{"@id":"https:\/\/aeter.org\/#website"},"datePublished":"2021-04-27T15:49:48+00:00","breadcrumb":{"@id":"https:\/\/aeter.org\/eu\/zentroak-eta-akademiak\/#breadcrumb"},"inLanguage":"eu-ES","potentialAction":[{"@type":"ReadAction","target":["https:\/\/aeter.org\/eu\/zentroak-eta-akademiak\/"]}]},{"@type":"BreadcrumbList","@id":"https:\/\/aeter.org\/eu\/zentroak-eta-akademiak\/#breadcrumb","itemListElement":[{"@type":"ListItem","position":1,"name":"Portada","item":"https:\/\/aeter.org\/"},{"@type":"ListItem","position":2,"name":"Zentroak eta akademiak"}]},{"@type":"WebSite","@id":"https:\/\/aeter.org\/#website","url":"https:\/\/aeter.org\/","name":"ASOCIACI\u00d3N ESPA\u00d1OLA DE TERMINOLOG\u00cdA","description":"AETER","potentialAction":[{"@type":"SearchAction","target":{"@type":"EntryPoint","urlTemplate":"https:\/\/aeter.org\/?s={search_term_string}"},"query-input":{"@type":"PropertyValueSpecification","valueRequired":true,"valueName":"search_term_string"}}],"inLanguage":"eu-ES"}]}},"_links":{"self":[{"href":"https:\/\/aeter.org\/eu\/wp-json\/wp\/v2\/pages\/4631","targetHints":{"allow":["GET"]}}],"collection":[{"href":"https:\/\/aeter.org\/eu\/wp-json\/wp\/v2\/pages"}],"about":[{"href":"https:\/\/aeter.org\/eu\/wp-json\/wp\/v2\/types\/page"}],"author":[{"embeddable":true,"href":"https:\/\/aeter.org\/eu\/wp-json\/wp\/v2\/users\/5"}],"replies":[{"embeddable":true,"href":"https:\/\/aeter.org\/eu\/wp-json\/wp\/v2\/comments?post=4631"}],"version-history":[{"count":1,"href":"https:\/\/aeter.org\/eu\/wp-json\/wp\/v2\/pages\/4631\/revisions"}],"predecessor-version":[{"id":4632,"href":"https:\/\/aeter.org\/eu\/wp-json\/wp\/v2\/pages\/4631\/revisions\/4632"}],"wp:attachment":[{"href":"https:\/\/aeter.org\/eu\/wp-json\/wp\/v2\/media?parent=4631"}],"curies":[{"name":"wp","href":"https:\/\/api.w.org\/{rel}","templated":true}]}}