{"id":5551,"date":"2021-04-29T15:02:59","date_gmt":"2021-04-29T15:02:59","guid":{"rendered":"https:\/\/aeter.org\/?page_id=5551"},"modified":"2021-04-29T15:02:59","modified_gmt":"2021-04-29T15:02:59","slug":"cookie-politika","status":"publish","type":"page","link":"https:\/\/aeter.org\/eu\/cookie-politika\/","title":{"rendered":"Cookie-politika"},"content":{"rendered":"<p><em><br \/>\nInformazio Gizartearen eta Merkataritza Elektronikoaren Zerbitzuei buruzko uztailaren 11ko 34\/2002 Legearen 22. artikulua betez, Datuak Babesteari buruzko Europako Parlamentuaren eta Kontseiluaren 2016ko apirilaren 27ko 2016\/679 (EB) Erregelamendu Orokorrari (DBEO) eta Datu Pertsonalak Babesteko eta Eskubide Digitalak Bermatzeko abenduaren 5eko 3\/2018 Lege Organikoari (DBEDBLO) dagokienez, AETERek erabiltzaileen esku jartzen du webgunean cookieak jaso eta tratatzeari buruzko politika.<br \/>\n<\/em><\/p>\n<p><em><\/p>\n<h2>Zer dira cookieak?<\/h2>\n<p>\nCookie bat web-orri jakin batzuetan sartzean zure ordenagailuan deskargatzen den fitxategi bat da. Cookieek aukera ematen diote web-orriari, besteak beste, zure nabigazio-ohiturei buruzko informazioa biltegiratzeko eta berreskuratzeko eta \u2013edukien informazioaren arabera eta zure ekipamendua erabiltzeko moduaren arabera\u2013 zu identifikatzeko erabil daitezke.\n<\/p>\n<h2>Webgunean erabilitako cookieak<\/h2>\n<p>\nHona hemen http:\/\/www.aeter.org webgunean erabiltzen diren cookieen sailkapena:\n<\/p>\n<p>\n<b>Kudeatzen dituen erakundearen arabera<\/b>\n<\/p>\n<ul>\n<li><b>Cookie propioak:<\/b> AETERek zuzenean bidali eta kudeatzen dituenak dira.<\/li>\n<li><b>Hirugarrenen cookieak:<\/b> AETERena ez den domeinu batetik erabiltzaileari bidaltzen zaizkionak dira.<\/li>\n<\/ul>\n<p>\n<b>Xedearen arabera<\/b>\n<\/p>\n<ul>\n<li><b>Cookie teknikoak:<\/b> Erregistratutako erabiltzaileei webgunean eta eremu mugatuan nabigatzeko eta beren funtzioak erabiltzeko aukera ematen diete, hala nola iruzkin-sistema edo bilatzailea.<\/li>\n<li><b>Pertsonalizazio-cookieak:<\/b> Erabiltzaileak ezarritako irizpide batzuen arabera, aurrez definitutako ezaugarri orokor batzuekin zerbitzuan sartzeko aukera ematen diete erabiltzaileei, hala nola webgunera konektatzeko erabiliko den hizkuntza edo nabigatzaile-mota.<\/li>\n<li><b>Analisi edo neurketarako cookieak:<\/b> Webguneak edo hirugarrenek tratatutakoak dira, erabiltzaile-kopurua zenbatzeko aukera ematen dute, eta, horrela, erabileraren neurketa eta analisi estatistikoa egin daiteke. Horretarako, webgune honetan egiten duzun nabigazioa aztertzen da, hobetzeko asmoz.<\/li>\n<li><b>Cookie sozialak:<\/b> Sare sozialen plataformek ezartzen dituzte, erabiltzaileek beren lagunekin eta sareekin edukia partekatzeko aukera izan dezaten.\n\t<\/li>\n<\/ul>\n<p>\n<b>Iraupenaren arabera<\/b>\n<\/p>\n<ul>\n<li><b>Saioko cookieak:<\/b> Erabiltzailea webgunean sartuta dagoen bitartean datuak biltzeko eta biltegiratzeko diseinatutakoak dira.<\/li>\n<li><b>Cookie iraunkorrak:<\/b> Son aquellas en las que los datos siguen almacenados en el terminal del usuario y pueden ser accedidos y tratados durante un per\u00edodo definido por el responsable de la cookie.<\/li>\n<\/ul>\n<h2>Erabilitako cookieen zerrenda<\/h2>\n<p>\nWebgune honek cookie hauek instala ditzake:\n<\/p>\n<p>\n<b>Cookie teknikoak<\/b>\n<\/p>\n<ul>\n<li><b>wp-settings-{user_id}:<\/b> Erabiltzailearen konfigurazioa wp-admin-en mantentzeko erabiltzen den cookie teknikoa. Iraunkorra da, eta urtebeteko iraupena du.<\/li>\n<li><b>hasConsent:<\/b> Erabiltzailearen baimena biltegiratzen duen cookie teknikoa. Iraunkorra da, eta urtebeteko iraupena du.<\/li>\n<\/ul>\n<p>\n<b>Analisi edo neurketarako cookieak<\/b>\n<\/p>\n<ul>\n<li><b>_ga:<\/b> Bisita bakarrak kontrolatzeko funtzioa gaitzen duen cookie analitikoa. Iraunkorra da, eta 2 urteko iraupena du.<\/li>\n<li><b>_gat:<\/b> Eskaera-kopurua mugatzeko cookie analitikoa. Saioa da bere eremua, eta minutu bateko iraupena du.<\/li>\n<li><b>_gid:<\/b> Erabiltzaileak bereizteko cookie analitikoa. Saioa da bere eremua, eta 24 orduko iraupena du.<\/li>\n<\/ul>\n<p>\nInformazio gehigarria:\n<\/p>\n<ul>\n<li>Google Analytics-ek beste cookie batzuk instala ditzake <a target=\"_blank\" rel=\"noopener noreferrer nofollow\" href=\"https:\/\/developers.google.com\/analytics\/devguides\/collection\/analyticsjs\/cookie-usage?hl=es\">Google Analytics-en cookieen erabilera webguneetan<\/a> dokumentuaren arabera..<\/li>\n<\/ul>\n<p>\n<b>Cookie sozialak<\/b>\n<\/p>\n<ul>\n<li>Webguneak hirugarrenen zerbitzuek eta sare sozialek emandako beste funtzionalitate batzuk ditu, bisitarien esperientzia hobetzeko. Edukia sare sozialetan parteka dezakezu, hala nola \u00abFacebook\u00bb, \u00abTwitter\u00bb, \u00abInstagram\u00bb, \u00abVimeo\u00bb edo \u00abYouTube\u00bbn, horretarako gehitutako botoiekin edo sare sozialen beren partekatze-tresnekin. Horren ondorioz, zerbitzu hauek cookieak instala ditzakete eta zure online jarduera bilatzeko erabil ditzakete. Ez daukagu kontrol zuzenik cookie horiek bildutako informazioari buruz.<\/li>\n<\/ul>\n<p>\nWebguneak beste cookie batzuk instala ditzake:\n<\/p>\n<\/p>\n<h2>Cookieen instalazioa onartzea edo baztertzea<\/h2>\n<p>\nAETERek bere cookie-politikari buruzko informazioa erakusten du orri-oineko menuan eta webguneko orri guztietan erabilgarri dagoen cookieen bannerrean. Cookieen bannerrak datuen tratamenduari buruzko funtsezko informazioa erakusten du, eta ekintza hauek egiteko aukera ematen dio erabiltzaileari:\n<\/p>\n<\/p>\n<ul>\n<li><b>Cookieen instalazioa onartzea edo baztertzea<\/b>, edo aurretik emandako baimena kentzea (Cookie-abisutik sar zaitezke).<\/li>\n<\/ul>\n<h2>Cookieak ezabatzea<\/h2>\n<p>\nZure ordenagailuan instalatutako cookieak onartu, blokeatu edo ezabatu ditzakezu nabigatzailearen aukeren ezarpenen bidez, baina webgunearen parte batek ez du behar bezala funtzionatuko edo kalitatean eragina izan dezake.\n<\/p>\n<p>\nNabigatzaile ohikoenetan cookieak gaitzeko edo desgaitzeko jarraibideak aurkituko dituzu esteka hauetan.\n<\/p>\n<\/p>\n<ul>\n<li><b>Firefox<\/b>  <a rel=\"nofollow noopener\" target=\"_blank\" href=\"http:\/\/support.mozilla.org\/es\/kb\/habilitar-y-deshabilitar-cookies-que-los-sitios-we\">http:\/\/support.mozilla.org\/es\/kb\/habilitar-y-deshabilitar-cookies-que-los-sitios-we<\/a><\/li>\n<li><b>Google Chrome<\/b> <a target=\"_blank\" rel=\"noopener noreferrer nofollow\" href=\"https:\/\/support.google.com\/chrome\/answer\/95647?hl=es\">https:\/\/support.google.com\/chrome\/answer\/95647?hl=es<\/a><\/li>\n<li><b>Internet Explorer<\/b> <a target=\"_blank\" rel=\"noopener noreferrer nofollow\" href=\"https:\/\/support.microsoft.com\/es-es\/help\/17442\/windows-internet-explorer-delete-manage-cookies#ie=&quot;ie-10&quot;\">https:\/\/support.microsoft.com\/es-es\/help\/17442\/windows-internet-explorer-delete-manage-cookies#ie=&#8221;ie-10&#8243;<\/a><\/li>\n<li><b>Microsoft Edge<\/b> <a target=\"_blank\" rel=\"noopener noreferrer nofollow\" href=\"https:\/\/support.microsoft.com\/es-es\/help\/4468242\/microsoft-edge-browsing-data-and-privacy\">https:\/\/support.microsoft.com\/es-es\/help\/4468242\/microsoft-edge-browsing-data-and-privacy<\/a><\/li>\n<li><b>Safari<\/b> <a rel=\"nofollow noopener\" target=\"_blank\" href=\"http:\/\/support.apple.com\/kb\/HT1677?viewlocale=es_ES\">http:\/\/support.apple.com\/kb\/HT1677?viewlocale=es_ES<\/a><\/li>\n<\/ul>\n<h2>Datu pertsonalen tratamendua<\/h2>\n<p>\nAETER da erabiltzailearen datu pertsonalen tratamenduaren arduraduna.\n<\/p>\n<h2>Harremanetarako<\/h2>\n<p>\nCookieen politika honi buruzko edozein zalantza izanez gero edo webgune honi buruzko edozein iruzkin egin nahi baduzu, mezu elektroniko bat bidal dezakezu helbide honetara: info@aeter.org.\n<\/p>\n<p><\/em><\/p>\n","protected":false},"excerpt":{"rendered":"<p>Informazio Gizartearen eta Merkataritza Elektronikoaren Zerbitzuei buruzko uztailaren 11ko 34\/2002 Legearen 22. artikulua betez, Datuak Babesteari buruzko Europako Parlamentuaren eta Kontseiluaren 2016ko apirilaren 27ko 2016\/679 (EB) Erregelamendu Orokorrari (DBEO) eta Datu Pertsonalak Babesteko eta Eskubide Digitalak Bermatzeko abenduaren 5eko 3\/2018 Lege Organikoari (DBEDBLO) dagokienez, AETERek erabiltzaileen esku jartzen du webgunean cookieak jaso eta tratatzeari buruzko&hellip;<\/p>\n","protected":false},"author":5,"featured_media":0,"parent":0,"menu_order":0,"comment_status":"closed","ping_status":"closed","template":"","meta":{"footnotes":""},"class_list":["post-5551","page","type-page","status-publish","hentry"],"yoast_head":"<!-- This site is optimized with the Yoast SEO plugin v24.4 - https:\/\/yoast.com\/wordpress\/plugins\/seo\/ -->\n<title>Cookie-politika - ASOCIACI\u00d3N ESPA\u00d1OLA DE TERMINOLOG\u00cdA<\/title>\n<meta name=\"robots\" content=\"index, follow, max-snippet:-1, max-image-preview:large, max-video-preview:-1\" \/>\n<link rel=\"canonical\" href=\"https:\/\/aeter.org\/eu\/cookie-politika\/\" \/>\n<meta property=\"og:locale\" content=\"eu_ES\" \/>\n<meta property=\"og:type\" content=\"article\" \/>\n<meta property=\"og:title\" content=\"Cookie-politika - ASOCIACI\u00d3N ESPA\u00d1OLA DE TERMINOLOG\u00cdA\" \/>\n<meta property=\"og:description\" content=\"Informazio Gizartearen eta Merkataritza Elektronikoaren Zerbitzuei buruzko uztailaren 11ko 34\/2002 Legearen 22. artikulua betez, Datuak Babesteari buruzko Europako Parlamentuaren eta Kontseiluaren 2016ko apirilaren 27ko 2016\/679 (EB) Erregelamendu Orokorrari (DBEO) eta Datu Pertsonalak Babesteko eta Eskubide Digitalak Bermatzeko abenduaren 5eko 3\/2018 Lege Organikoari (DBEDBLO) dagokienez, AETERek erabiltzaileen esku jartzen du webgunean cookieak jaso eta tratatzeari buruzko&hellip;\" \/>\n<meta property=\"og:url\" content=\"https:\/\/aeter.org\/eu\/cookie-politika\/\" \/>\n<meta property=\"og:site_name\" content=\"ASOCIACI\u00d3N ESPA\u00d1OLA DE TERMINOLOG\u00cdA\" \/>\n<meta name=\"twitter:card\" content=\"summary_large_image\" \/>\n<meta name=\"twitter:label1\" content=\"Est. reading time\" \/>\n\t<meta name=\"twitter:data1\" content=\"3 minutes\" \/>\n<script type=\"application\/ld+json\" class=\"yoast-schema-graph\">{\"@context\":\"https:\/\/schema.org\",\"@graph\":[{\"@type\":\"WebPage\",\"@id\":\"https:\/\/aeter.org\/eu\/cookie-politika\/\",\"url\":\"https:\/\/aeter.org\/eu\/cookie-politika\/\",\"name\":\"Cookie-politika - ASOCIACI\u00d3N ESPA\u00d1OLA DE TERMINOLOG\u00cdA\",\"isPartOf\":{\"@id\":\"https:\/\/aeter.org\/#website\"},\"datePublished\":\"2021-04-29T15:02:59+00:00\",\"breadcrumb\":{\"@id\":\"https:\/\/aeter.org\/eu\/cookie-politika\/#breadcrumb\"},\"inLanguage\":\"eu-ES\",\"potentialAction\":[{\"@type\":\"ReadAction\",\"target\":[\"https:\/\/aeter.org\/eu\/cookie-politika\/\"]}]},{\"@type\":\"BreadcrumbList\",\"@id\":\"https:\/\/aeter.org\/eu\/cookie-politika\/#breadcrumb\",\"itemListElement\":[{\"@type\":\"ListItem\",\"position\":1,\"name\":\"Portada\",\"item\":\"https:\/\/aeter.org\/\"},{\"@type\":\"ListItem\",\"position\":2,\"name\":\"Cookie-politika\"}]},{\"@type\":\"WebSite\",\"@id\":\"https:\/\/aeter.org\/#website\",\"url\":\"https:\/\/aeter.org\/\",\"name\":\"ASOCIACI\u00d3N ESPA\u00d1OLA DE TERMINOLOG\u00cdA\",\"description\":\"AETER\",\"potentialAction\":[{\"@type\":\"SearchAction\",\"target\":{\"@type\":\"EntryPoint\",\"urlTemplate\":\"https:\/\/aeter.org\/?s={search_term_string}\"},\"query-input\":{\"@type\":\"PropertyValueSpecification\",\"valueRequired\":true,\"valueName\":\"search_term_string\"}}],\"inLanguage\":\"eu-ES\"}]}<\/script>\n<!-- \/ Yoast SEO plugin. -->","yoast_head_json":{"title":"Cookie-politika - ASOCIACI\u00d3N ESPA\u00d1OLA DE TERMINOLOG\u00cdA","robots":{"index":"index","follow":"follow","max-snippet":"max-snippet:-1","max-image-preview":"max-image-preview:large","max-video-preview":"max-video-preview:-1"},"canonical":"https:\/\/aeter.org\/eu\/cookie-politika\/","og_locale":"eu_ES","og_type":"article","og_title":"Cookie-politika - ASOCIACI\u00d3N ESPA\u00d1OLA DE TERMINOLOG\u00cdA","og_description":"Informazio Gizartearen eta Merkataritza Elektronikoaren Zerbitzuei buruzko uztailaren 11ko 34\/2002 Legearen 22. artikulua betez, Datuak Babesteari buruzko Europako Parlamentuaren eta Kontseiluaren 2016ko apirilaren 27ko 2016\/679 (EB) Erregelamendu Orokorrari (DBEO) eta Datu Pertsonalak Babesteko eta Eskubide Digitalak Bermatzeko abenduaren 5eko 3\/2018 Lege Organikoari (DBEDBLO) dagokienez, AETERek erabiltzaileen esku jartzen du webgunean cookieak jaso eta tratatzeari buruzko&hellip;","og_url":"https:\/\/aeter.org\/eu\/cookie-politika\/","og_site_name":"ASOCIACI\u00d3N ESPA\u00d1OLA DE TERMINOLOG\u00cdA","twitter_card":"summary_large_image","twitter_misc":{"Est. reading time":"3 minutes"},"schema":{"@context":"https:\/\/schema.org","@graph":[{"@type":"WebPage","@id":"https:\/\/aeter.org\/eu\/cookie-politika\/","url":"https:\/\/aeter.org\/eu\/cookie-politika\/","name":"Cookie-politika - ASOCIACI\u00d3N ESPA\u00d1OLA DE TERMINOLOG\u00cdA","isPartOf":{"@id":"https:\/\/aeter.org\/#website"},"datePublished":"2021-04-29T15:02:59+00:00","breadcrumb":{"@id":"https:\/\/aeter.org\/eu\/cookie-politika\/#breadcrumb"},"inLanguage":"eu-ES","potentialAction":[{"@type":"ReadAction","target":["https:\/\/aeter.org\/eu\/cookie-politika\/"]}]},{"@type":"BreadcrumbList","@id":"https:\/\/aeter.org\/eu\/cookie-politika\/#breadcrumb","itemListElement":[{"@type":"ListItem","position":1,"name":"Portada","item":"https:\/\/aeter.org\/"},{"@type":"ListItem","position":2,"name":"Cookie-politika"}]},{"@type":"WebSite","@id":"https:\/\/aeter.org\/#website","url":"https:\/\/aeter.org\/","name":"ASOCIACI\u00d3N ESPA\u00d1OLA DE TERMINOLOG\u00cdA","description":"AETER","potentialAction":[{"@type":"SearchAction","target":{"@type":"EntryPoint","urlTemplate":"https:\/\/aeter.org\/?s={search_term_string}"},"query-input":{"@type":"PropertyValueSpecification","valueRequired":true,"valueName":"search_term_string"}}],"inLanguage":"eu-ES"}]}},"_links":{"self":[{"href":"https:\/\/aeter.org\/eu\/wp-json\/wp\/v2\/pages\/5551","targetHints":{"allow":["GET"]}}],"collection":[{"href":"https:\/\/aeter.org\/eu\/wp-json\/wp\/v2\/pages"}],"about":[{"href":"https:\/\/aeter.org\/eu\/wp-json\/wp\/v2\/types\/page"}],"author":[{"embeddable":true,"href":"https:\/\/aeter.org\/eu\/wp-json\/wp\/v2\/users\/5"}],"replies":[{"embeddable":true,"href":"https:\/\/aeter.org\/eu\/wp-json\/wp\/v2\/comments?post=5551"}],"version-history":[{"count":1,"href":"https:\/\/aeter.org\/eu\/wp-json\/wp\/v2\/pages\/5551\/revisions"}],"predecessor-version":[{"id":5552,"href":"https:\/\/aeter.org\/eu\/wp-json\/wp\/v2\/pages\/5551\/revisions\/5552"}],"wp:attachment":[{"href":"https:\/\/aeter.org\/eu\/wp-json\/wp\/v2\/media?parent=5551"}],"curies":[{"name":"wp","href":"https:\/\/api.w.org\/{rel}","templated":true}]}}