{"id":5566,"date":"2021-04-29T16:33:49","date_gmt":"2021-04-29T16:33:49","guid":{"rendered":"https:\/\/aeter.org\/?page_id=5566"},"modified":"2021-04-30T14:20:03","modified_gmt":"2021-04-30T14:20:03","slug":"pribatutasun-politika","status":"publish","type":"page","link":"https:\/\/aeter.org\/eu\/pribatutasun-politika\/","title":{"rendered":"Pribatutasun-politika"},"content":{"rendered":"<p><em><br \/>\nAETERek bere Pribatutasun-politikari buruzko informazioa ematen dizu, nabigatzen aritu bitartean bildu ditzakeen erabiltzaileen datu pertsonalen tratamenduari eta babesari buruzkoa, http:\/\/www.aeter.org webgunearen bidez.<br \/>\n<\/em><\/p>\n<p><em><\/p>\n<p>\nHorrela, Europako Parlamentuaren eta Kontseiluaren 2016ko apirilaren 27ko 2016\/679 (EB) Erregelamendua, Pertsona Fisikoen Babesari buruzkoa (DBEO), betetzen du AETERek.\n<\/p>\n<p>\nWebgunea erabiltzeak Pribatutasun Politika hau onartzea dakar.\n<\/p>\n<h2>Arduradunaren identitatea<\/h2>\n<\/p>\n<ul>\n<li><b>Titularra:<\/b> AETER.<\/li>\n<li><b>IFZ:<\/b> G819822333<\/li>\n<li><b>Helbidea:<\/b>  Universidad de Alicante Apdo. 99 03690 San Vicente del Raspeig,  Alicante &#8211; Espa\u00f1a.<\/li>\n<li><b>Helbide elektronikoa:<\/b> info@aeter.org<\/li>\n<li><b>Webgunea:<\/b> http:\/\/www.aeter.org<\/li>\n<\/ul>\n<h2>Datuen tratamenduan aplikatutako printzipioak<\/h2>\n<p>\nZure datu pertsonalen tratamenduan, Datuak Babesteko Europako Erregelamendu berriaren (DBEO) eskakizunetara egokitzen diren honako printzipio hauek aplikatuko ditu Titularrak:\n<\/p>\n<\/p>\n<ul>\n<li>\n\t\t\t<b>Zilegitasun-, leialtasun- eta gardentasun-printzipioa:<\/b> Titularrak beti beharko du datu pertsonalak tratatzeko baimena, helburu espezifiko baterako edo batzuetarako izan daitekeena, eta Titularrak aldez aurretik erabateko gardentasunarekin jakinaraziko dio Erabiltzaileari.\n\t\t<\/li>\n<li>\n\t\t\t<b>Datuak minimizatzeko printzipioa:<\/b> Titularrak eskatutako helbururako behar-beharrezkoak diren datuak bakarrik eskatuko ditu.\n\t\t<\/li>\n<li>\n\t\t\t<b>Gordetzeko epea mugatzeko printzipioa:<\/b> Titularrak jasotako datu pertsonalak tratamenduaren amaierarako edo helburuetarako behar den denboran bakarrik gordeko ditu. Titularrak <a href=\"#finalidad-del-tratamiento-de-datos-personales\">helburuaren arabera<\/a> dagokion gordetze-epearen berri emango dio Erabiltzaileari.<br \/>\n\t\t\t<br \/>Harpidetzen kasuan, Titularrak aldian-aldian berrikusiko ditu zerrendak eta erregistro ez-aktiboak kenduko ditu denbora luze batez.\n\t\t<\/li>\n<li>\n\t\t\t<b>Osotasunaren eta konfidentzialtasunaren printzipioa:<\/b> Bildutako datu pertsonalak datuen segurtasuna, konfidentzialtasuna eta osotasuna bermatuz tratatuko dira.<br \/>\n\t\t\t<br \/>Titularrak beharrezko neurriak hartuko ditu baimenik gabe sartzea edo hirugarrenek bere erabiltzaileen datuak behar ez bezala erabiltzea saihesteko.\n\t\t<\/li>\n<\/ul>\n<h2>Datu pertsonalak lortzea<\/h2>\n<p>\nhttp:\/\/www.aeter.org webgunean nabigatzeko ez duzu datu pertsonalik eman behar.\n<\/p>\n<p>\nZure datu pertsonalak ematen dituzun kasuak hauek dira:\n<\/p>\n<\/p>\n<ul>\n<li>Harremanetarako inprimakien bidez harremanetan jartzean edo posta elektroniko bat bidaltzean.<\/li>\n<li>Artikulu batean edo orrialde batean iruzkin bat egitean.<\/li>\n<\/ul>\n<h2>Eskubideak<\/h2>\n<p>\nTitularrak jakinarazten dizu zure datu pertsonalei buruz eskubide hauek dituzula:\n<\/p>\n<\/p>\n<ul>\n<li>Biltegiratutako datuetarako sarbidea izatea.<\/li>\n<li>Zuzenketa edo ezeztapena eskatzea.<\/li>\n<li>Tratamendua mugatzeko eskatzea.<\/li>\n<li>Tratamenduari aurka egitea.<\/li>\n<\/ul>\n<p>\nEzin duzu erabili datuak eramateko eskubiderik.\n<\/p>\n<p>\nEskubide horiek pertsonalak dira eta, beraz, interesdunak zuzenean baliatu behar ditu, Titularrari zuzenean eskatuta. Horrek esan nahi du inoiz datuak eman dituen edozein bezero, harpidedun edo laguntzailek AETERera jo dezakeela biltegiratuta dituen datuei buruzko informazioa eskatzeko, datu horiek nola lortu dituen jakiteko, datuak zuzentzeko, tratamenduari aurka egiteko, haren erabilera mugatzeko edo datu horiek Titularraren fitxategietan ezereztea eskatzeko.\n<\/p>\n<p>\nFitxategian sartzeko, datuak zuzentzeko, ezeztatzeko eta haien aurka egiteko dituzun eskubideak baliatzeko, mezu elektroniko bat bidali behar duzu info@aeter.org helbidera, zuzenbidean baliozkoa den proba batekin batera (hala nola NANaren edo baliokide baten fotokopia).\n<\/p>\n<p>\nBenetako babes judiziala jasotzeko eskubidea duzu eta kontrol-agintaritzaren aurrean erreklamazioa aurkezteko eskubidea duzu, kasu honetan Datuak Babesteko Espainiako Bulegoaren aurrean, baldin eta aipatutako datu pertsonalen tratamenduak Araudia urratzen duela uste baduzu.\n<\/p>\n<h2 id=\"finalidad-del-tratamiento-de-datos-personales\">Datu pertsonalen tratamenduaren helburua<\/h2>\n<p>\nWebgunera konektatu eta Titularrari mezu bat bidaltzean, artikulu batean edo orrialde batean iruzkin bat idaztean edo buletinean harpidetza egitean, informazio pertsonala ematen ari zara, eta AETER da informazio horren arduraduna. Informazio horrek datu pertsonalak izan ditzake, hala nola zure IP helbidea, izen-abizenak, helbide fisikoa, helbide elektronikoa, telefono-zenbakia eta bestelako informazioa. Informazio hau ematean, baimena ematen duzu AETERek zure informazioa biltzeko, erabiltzeko, kudeatzeko eta biltegiratzeko.\n<\/p>\n<p>\nDatu pertsonalak eta Titularraren tratamenduaren helburua desberdinak izango dira informazioa hartzeko sistemaren arabera:\n<\/p>\n<\/p>\n<ul>\n<li>\n\t\t\t<b>Harremanetarako inprimakiak:<\/b> Titularrak datu pertsonalak eskatzen ditu, hala nola izen-abizenak, helbide elektronikoa, telefono-zenbakia eta webgunearen helbidea, Erabiltzaileen kontsultei erantzuteko helburuarekin.<br \/>\n\t\t\tAdibidez, AETERek datu horiek erabiltzen ditu erabiltzaileak webguneko informazioari, datu pertsonalen tratamenduari edo webguneko lege-testuei buruz izan ditzakeen zalantza, kexa, iruzkin edo kezkei erantzuteko, bai eta Erabiltzaileak webgunearen baldintzen bestelako gaiez egindako kontsultei erantzuteko ere.\n\t\t<\/li>\n<li>\n\t\t\t<b>Iruzkinen inprimakiak:<\/b> Titularrak datu pertsonalak eskatzen ditu, hala nola izen-abizenak, helbide elektronikoa eta webguneko helbidea, Erabiltzaileen iruzkinei erantzuteko.\n\t\t<\/li>\n<\/ul>\n<p>\nTitularrak datu pertsonalak tratatzeko beste helburu batzuk ere badira:\n<\/p>\n<\/p>\n<ul>\n<li>\n\t\t\tAplikatu beharreko legean jasotako baldintzak betetzen direla bermatzeko. Horren ondorioz, webgune honi laguntzen dioten tresnak eta algoritmoak garatu ahal izango dira, bertan jasotzen dituen datu pertsonalen konfidentzialtasuna bermatzen laguntzeko.\n\t\t<\/li>\n<li>\n\t\t\tWebgune honek eskaintzen dituen zerbitzuei laguntzeko eta hobetzeko.\n\t\t<\/li>\n<li>\n<p>\n\t\t\tSare sozialak kudeatzeko. AETERek presentzia du sare sozialetan. Titularraren sare sozialen jarraitzaile egiten bazara, datu pertsonalen tratamendua atal honen araberakoa izango da, bai eta kasu bakoitzean dagokion sare sozialekoak diren eta aurrez onartu dituzun erabilera-baldintza, pribatutasun-politika eta sarbide-araudien araberakoa ere.<br \/>\n\t\t\t\t<br \/>\n\t\t\t\tSare sozial nagusien pribatutasun-politikak esteka hauetan kontsulta ditzakezu:\n\t\t\t<\/p>\n<\/p>\n<ul>\n<li><a href=\"https:\/\/www.facebook.com\/help\/cookies\" rel=\"nofollow noopener\" target=\"_blank\">Facebook<\/a><\/li>\n<li><a href=\"https:\/\/twitter.com\/privacy\" rel=\"nofollow noopener\" target=\"_blank\">Twitter<\/a><\/li>\n<li><a href=\"https:\/\/www.linkedin.com\/legal\/cookie-policy\" rel=\"nofollow noopener\" target=\"_blank\">Linkedin<\/a><\/li>\n<li><a href=\"https:\/\/www.youtube.com\/privacy\" rel=\"nofollow noopener\" target=\"_blank\">YouTube<\/a><\/li>\n<li><a href=\"https:\/\/www.instagram.com\/legal\/privacy\/\" rel=\"nofollow noopener\" target=\"_blank\">Instagram<\/a><\/li>\n<\/ul>\n<p>\n\t\t\t\t\tTitularrak zure datu pertsonalak tratatuko ditu sare sozialean duen presentzia zuzen administratzeko eta bere jardueren berri emateko, baita sare sozialen araudiek ahalbidetzen duten beste edozein helburu lortzeko ere.\n\t\t\t<\/p>\n<p>\n\t\t\t\tTitularrak ez ditu inola ere sare sozialetan jarraipen-profilak erabiliko publizitatea era indibidualean bidaltzeko.\n\t\t\t<\/p>\n<\/li>\n<\/ul>\n<h2>Datu pertsonalen segurtasuna<\/h2>\n<p>\nZure datu pertsonalak babesteko, Titularrak arrazoizko neurri guztiak hartuko ditu eta industriaren jardunbide egokienei jarraitzen die, datu horiek galdu, gaizki erabili, bidegabe sartu, zabaldu, aldatu edo suntsitu ez daitezen.\n<\/p>\n<p>\nZure datuak posta-zerrendako fitxategi batean sartu ahal izango dira, eta AETER arduratuko da horiek kudeatzeaz eta tratatzeaz. Zure datuen segurtasuna bermatuta dago, AETERek beharrezko segurtasun-neurri guztiak hartzen baititu,eta datu pertsonalak emandako helburuetarako soilik erabiliko direla bermatzen dizu.\n<\/p>\n<p>\nAETERek Erabiltzaileari jakinarazten dio bere datu pertsonalak ez zaizkiela hirugarrenei lagako, salbu eta datu-lagapen hori legezko betebehar batean babestuta badago edo zerbitzu bat emateak tratamendu-arduradun batekin kontratu-harreman bat behar izatea badakar. Azken kasu horretan, AETERek Erabiltzailearen berariazko baimena duenean soilik lagako zaizkio datuak hirugarrenari.\n<\/p>\n<p>\nHala ere, zenbait kasutan lankidetzak egin daitezke beste profesional batzuekin. Kasu horietan, Erabiltzaileari baimena eskatuko zaio lankidearen identitatea eta lankidetzaren xedea jakinarazteko. Beti segurtasun-estandarrik zorrotzenekin egingo da.\n<\/p>\n<h2>Beste webgune batzuen edukia<\/h2>\n<p>\nWebgune honetako orrietan, txertatutako edukia sar daiteke (adibidez, bideoak, irudiak, artikuluak, etab.). Beste webgune batzuetako eduki txertatuan beste webgunea bisitatu izan bazenu bezala jokatzen da.\n<\/p>\n<p>\nWebgune horiek zuri buruzko datuak bildu ditzakete, cookieak erabil ditzakete, hirugarrenen jarraipen-kode gehigarri bat txerta dezakete eta zure interakzioa ikusi kode hori erabiliz.\n<\/p>\n<h2>Cookie-politika<\/h2>\n<p>\nWebgune honek ondo funtziona dezan cookieak erabili behar ditu. Zure web-nabigatzailean gordetzen den informazioa da.\n<\/p>\n<h2>Datuak tratatzeko legitimazioa<\/h2>\n<p>\nZure datuak tratatzeko lege-oinarria hau da: baimena.\n<\/p>\n<p>\nTitularrarekin harremanetan jartzeko, buletin baten harpidetza egiteko edo webgune honetan iruzkinak egiteko Pribatutasun-politika hau onartu behar duzu.\n<\/p>\n<h2>Datu pertsonalen kategoriak<\/h2>\n<p>\nTitularrak tratatzen dituen datu pertsonalen kategoriak hauek dira:\n<\/p>\n<\/p>\n<ul>\n<li>Identifikazio-datuak.<\/li>\n<li>Ez dira bereziki babestutako datu-kategoriak tratatzen.<\/li>\n<\/ul>\n<h2>Datu pertsonalak gordetzea<\/h2>\n<p>\nTitularrari ematen dizkiozun datu pertsonalak ezabatzeko eskatu arte gordeko dira.\n<\/p>\n<div id=\"destinatarios\">\n<h2>Datu pertsonalen hartzaileak<\/h2>\n<\/p>\n<ul>\n<li>\n\t\t\t<b>Google Analytics<\/b> web-analitikarako zerbitzu bat da Delaware-ko Google, Inc., enpresak eskainia; haren bulego nagusiaren helbidea da 1600 Amphitheatre Parkway, Mountain View (California), CA 94043, CA 94043, Estatu Batuak (&#8220;Google&#8221;).<br \/>\n\t\t\t<br \/>Google Analytics-ek &#8220;cookieak&#8221; erabiltzen ditu (zure ordenagailuan kokatutako testu-fitxategiak) Titularrari webgunearen erabiltzaileek egiten duten erabilera aztertzen laguntzeko. Cookieek webgunearen erabilerari buruz sortzen duen informazioa (IP helbidea barne) zuzenean transmititu eta artxibatuko du Google-k Estatu Batuetako zerbitzarietan.<br \/>\n\t\t\t<br \/>Informazio gehiago: : <a href=\"https:\/\/policies.google.com\/privacy?hl=es-ES\" rel=\"nofollow noopener\" target=\"_blank\">https:\/\/analytics.google.com<\/a>\n\t\t<\/li>\n<\/ul>\n<\/div>\n<p>\n<a target=\"_blank\" href=\"https:\/\/policies.google.com\/privacy?hl=es\" rel=\"nofollow noopener\">Google-ren pribatutasun-politikako<\/a> orrian azaltzen da Google-k nola kudeatzen duen pribatutasuna, cookieen erabilerari eta bestelako informazioari dagokienez.<\/p>\n<p>\nGoogle-k eta bere lankideek erabiltzen dituzten <a target=\"_blank\" href=\"https:\/\/policies.google.com\/technologies\/types?hl=es\" rel=\"nofollow noopener\">cookie-moten<\/a> zerrenda bat ere ikus dezakezu, baita <a target=\"_blank\" rel=\"nofollow noopener\" href=\"https:\/\/policies.google.com\/technologies\/ads?hl=es\">publizitateko cookieen<\/a> erabilerari buruzko informazio guztia ere.<\/p>\n<h2>Web-nabigazioa<\/h2>\n<p>\nhttp:\/\/www.aeter.org helbidean nabigatzean, identifikatzaileak ez diren datuak jaso daitezke, hala nola IP helbidea, geolokalizazioa, zerbitzuak eta guneak nola erabiltzen diren zehazten duen erregistroa, nabigatzeko ohiturak, eta zu identifikatzeko erabili ezin diren beste datu batzuk.\n<\/p>\n<p>\nWebguneak hirugarrenen analisi-zerbitzu hauek erabiltzen ditu:\n<\/p>\n<\/p>\n<ul>\n<li>Google Analytics.<\/li>\n<\/ul>\n<p>\nTitularrak lortutako informazio hori erabiltzen du datu estatistikoak lortzeko, joerak aztertzeko, gunea administratzeko, nabigazio-ereduak aztertzeko eta informazio demografikoa biltzeko.\n<\/p>\n<p>\nTitularrak ez du bere gain hartuko webguneko esteken bidez sar zaitezkeen webguneek egiten dituzten datu pertsonalen tratamenduaren erantzukizunik.\n<\/p>\n<h2>Datu pertsonalen zehaztasuna eta egiazkotasuna<\/h2>\n<p>\nTitularrari emandako datuak zuzenak, osoak, zehatzak eta unekoak izateko konpromisoa hartzen duzu, baita behar bezala eguneratuta mantentzekoa ere.\n<\/p>\n<p>\nWebgunearen Erabiltzaile gisa, webgunera bidalitako datuen egiazkotasunaren eta zuzentasunaren arduradun bakarra zara, AETER horrelako erantzukizun orotatik libre utziz.\n<\/p>\n<h2>Onarpena eta baimena<\/h2>\n<p>\nWebgunearen erabiltzaile gisa deklaratzen duzu datu pertsonalen babesari buruzko baldintzen berri eman dizutela eta AETERek datu horiek tratatzea onartzen duzula eta baimena ematen diozula Pribatutasun-politika honetan adierazitako moduan eta helburuetarako erabiltzeko.\n<\/p>\n<h2>Errebokagarritasuna<\/h2>\n<p>\nFitxategian sartzeko, datuak zuzentzeko, ezeztatzeko eta haien aurka egiteko dituzun eskubideak baliatzeko, mezu elektroniko bat bidali behar duzu info@aeter.org helbidera, zuzenbidean baliozkoa den proba batekin batera (hala nola NANaren edo baliokide baten fotokopia).\n<\/p>\n<p>\nEskubide horiek baliatzeak ez du barnean hartzen AETERek administrazio-, lege- edo segurtasun-helburuekin gorde behar duen daturik.\n<\/p>\n<h2>Aldaketak pribatutasun-politikan<\/h2>\n<p>\nTitularrak beretzat gordetzen du Pribatutasun Politika hau aldatzeko eskubidea, legegintzako edo jurisprudentziako berrikuntzetara eta industriako praktiketara egokitzeko.\n<\/p>\n<p>\nPolitika horiek indarrean egongo dira harik eta behar bezala argitaratutako beste batzuek aldatzen dituzten arte.\n<\/p>\n<p><\/em><\/p>\n","protected":false},"excerpt":{"rendered":"<p>AETERek bere Pribatutasun-politikari buruzko informazioa ematen dizu, nabigatzen aritu bitartean bildu ditzakeen erabiltzaileen datu pertsonalen tratamenduari eta babesari buruzkoa, http:\/\/www.aeter.org webgunearen bidez. Horrela, Europako Parlamentuaren eta Kontseiluaren 2016ko apirilaren 27ko 2016\/679 (EB) Erregelamendua, Pertsona Fisikoen Babesari buruzkoa (DBEO), betetzen du AETERek. Webgunea erabiltzeak Pribatutasun Politika hau onartzea dakar. Arduradunaren identitatea Titularra: AETER. IFZ: G819822333 Helbidea:&hellip;<\/p>\n","protected":false},"author":5,"featured_media":0,"parent":0,"menu_order":0,"comment_status":"closed","ping_status":"closed","template":"","meta":{"footnotes":""},"class_list":["post-5566","page","type-page","status-publish","hentry"],"yoast_head":"<!-- This site is optimized with the Yoast SEO plugin v24.4 - https:\/\/yoast.com\/wordpress\/plugins\/seo\/ -->\n<title>Pribatutasun-politika - ASOCIACI\u00d3N ESPA\u00d1OLA DE TERMINOLOG\u00cdA<\/title>\n<meta name=\"robots\" content=\"index, follow, max-snippet:-1, max-image-preview:large, max-video-preview:-1\" \/>\n<link rel=\"canonical\" href=\"https:\/\/aeter.org\/eu\/pribatutasun-politika\/\" \/>\n<meta property=\"og:locale\" content=\"eu_ES\" \/>\n<meta property=\"og:type\" content=\"article\" \/>\n<meta property=\"og:title\" content=\"Pribatutasun-politika - ASOCIACI\u00d3N ESPA\u00d1OLA DE TERMINOLOG\u00cdA\" \/>\n<meta property=\"og:description\" content=\"AETERek bere Pribatutasun-politikari buruzko informazioa ematen dizu, nabigatzen aritu bitartean bildu ditzakeen erabiltzaileen datu pertsonalen tratamenduari eta babesari buruzkoa, http:\/\/www.aeter.org webgunearen bidez. Horrela, Europako Parlamentuaren eta Kontseiluaren 2016ko apirilaren 27ko 2016\/679 (EB) Erregelamendua, Pertsona Fisikoen Babesari buruzkoa (DBEO), betetzen du AETERek. Webgunea erabiltzeak Pribatutasun Politika hau onartzea dakar. Arduradunaren identitatea Titularra: AETER. IFZ: G819822333 Helbidea:&hellip;\" \/>\n<meta property=\"og:url\" content=\"https:\/\/aeter.org\/eu\/pribatutasun-politika\/\" \/>\n<meta property=\"og:site_name\" content=\"ASOCIACI\u00d3N ESPA\u00d1OLA DE TERMINOLOG\u00cdA\" \/>\n<meta property=\"article:modified_time\" content=\"2021-04-30T14:20:03+00:00\" \/>\n<meta name=\"twitter:card\" content=\"summary_large_image\" \/>\n<meta name=\"twitter:label1\" content=\"Est. reading time\" \/>\n\t<meta name=\"twitter:data1\" content=\"7 minutes\" \/>\n<script type=\"application\/ld+json\" class=\"yoast-schema-graph\">{\"@context\":\"https:\/\/schema.org\",\"@graph\":[{\"@type\":\"WebPage\",\"@id\":\"https:\/\/aeter.org\/eu\/pribatutasun-politika\/\",\"url\":\"https:\/\/aeter.org\/eu\/pribatutasun-politika\/\",\"name\":\"Pribatutasun-politika - ASOCIACI\u00d3N ESPA\u00d1OLA DE TERMINOLOG\u00cdA\",\"isPartOf\":{\"@id\":\"https:\/\/aeter.org\/#website\"},\"datePublished\":\"2021-04-29T16:33:49+00:00\",\"dateModified\":\"2021-04-30T14:20:03+00:00\",\"breadcrumb\":{\"@id\":\"https:\/\/aeter.org\/eu\/pribatutasun-politika\/#breadcrumb\"},\"inLanguage\":\"eu-ES\",\"potentialAction\":[{\"@type\":\"ReadAction\",\"target\":[\"https:\/\/aeter.org\/eu\/pribatutasun-politika\/\"]}]},{\"@type\":\"BreadcrumbList\",\"@id\":\"https:\/\/aeter.org\/eu\/pribatutasun-politika\/#breadcrumb\",\"itemListElement\":[{\"@type\":\"ListItem\",\"position\":1,\"name\":\"Portada\",\"item\":\"https:\/\/aeter.org\/\"},{\"@type\":\"ListItem\",\"position\":2,\"name\":\"Pribatutasun-politika\"}]},{\"@type\":\"WebSite\",\"@id\":\"https:\/\/aeter.org\/#website\",\"url\":\"https:\/\/aeter.org\/\",\"name\":\"ASOCIACI\u00d3N ESPA\u00d1OLA DE TERMINOLOG\u00cdA\",\"description\":\"AETER\",\"potentialAction\":[{\"@type\":\"SearchAction\",\"target\":{\"@type\":\"EntryPoint\",\"urlTemplate\":\"https:\/\/aeter.org\/?s={search_term_string}\"},\"query-input\":{\"@type\":\"PropertyValueSpecification\",\"valueRequired\":true,\"valueName\":\"search_term_string\"}}],\"inLanguage\":\"eu-ES\"}]}<\/script>\n<!-- \/ Yoast SEO plugin. -->","yoast_head_json":{"title":"Pribatutasun-politika - ASOCIACI\u00d3N ESPA\u00d1OLA DE TERMINOLOG\u00cdA","robots":{"index":"index","follow":"follow","max-snippet":"max-snippet:-1","max-image-preview":"max-image-preview:large","max-video-preview":"max-video-preview:-1"},"canonical":"https:\/\/aeter.org\/eu\/pribatutasun-politika\/","og_locale":"eu_ES","og_type":"article","og_title":"Pribatutasun-politika - ASOCIACI\u00d3N ESPA\u00d1OLA DE TERMINOLOG\u00cdA","og_description":"AETERek bere Pribatutasun-politikari buruzko informazioa ematen dizu, nabigatzen aritu bitartean bildu ditzakeen erabiltzaileen datu pertsonalen tratamenduari eta babesari buruzkoa, http:\/\/www.aeter.org webgunearen bidez. Horrela, Europako Parlamentuaren eta Kontseiluaren 2016ko apirilaren 27ko 2016\/679 (EB) Erregelamendua, Pertsona Fisikoen Babesari buruzkoa (DBEO), betetzen du AETERek. Webgunea erabiltzeak Pribatutasun Politika hau onartzea dakar. Arduradunaren identitatea Titularra: AETER. IFZ: G819822333 Helbidea:&hellip;","og_url":"https:\/\/aeter.org\/eu\/pribatutasun-politika\/","og_site_name":"ASOCIACI\u00d3N ESPA\u00d1OLA DE TERMINOLOG\u00cdA","article_modified_time":"2021-04-30T14:20:03+00:00","twitter_card":"summary_large_image","twitter_misc":{"Est. reading time":"7 minutes"},"schema":{"@context":"https:\/\/schema.org","@graph":[{"@type":"WebPage","@id":"https:\/\/aeter.org\/eu\/pribatutasun-politika\/","url":"https:\/\/aeter.org\/eu\/pribatutasun-politika\/","name":"Pribatutasun-politika - ASOCIACI\u00d3N ESPA\u00d1OLA DE TERMINOLOG\u00cdA","isPartOf":{"@id":"https:\/\/aeter.org\/#website"},"datePublished":"2021-04-29T16:33:49+00:00","dateModified":"2021-04-30T14:20:03+00:00","breadcrumb":{"@id":"https:\/\/aeter.org\/eu\/pribatutasun-politika\/#breadcrumb"},"inLanguage":"eu-ES","potentialAction":[{"@type":"ReadAction","target":["https:\/\/aeter.org\/eu\/pribatutasun-politika\/"]}]},{"@type":"BreadcrumbList","@id":"https:\/\/aeter.org\/eu\/pribatutasun-politika\/#breadcrumb","itemListElement":[{"@type":"ListItem","position":1,"name":"Portada","item":"https:\/\/aeter.org\/"},{"@type":"ListItem","position":2,"name":"Pribatutasun-politika"}]},{"@type":"WebSite","@id":"https:\/\/aeter.org\/#website","url":"https:\/\/aeter.org\/","name":"ASOCIACI\u00d3N ESPA\u00d1OLA DE TERMINOLOG\u00cdA","description":"AETER","potentialAction":[{"@type":"SearchAction","target":{"@type":"EntryPoint","urlTemplate":"https:\/\/aeter.org\/?s={search_term_string}"},"query-input":{"@type":"PropertyValueSpecification","valueRequired":true,"valueName":"search_term_string"}}],"inLanguage":"eu-ES"}]}},"_links":{"self":[{"href":"https:\/\/aeter.org\/eu\/wp-json\/wp\/v2\/pages\/5566","targetHints":{"allow":["GET"]}}],"collection":[{"href":"https:\/\/aeter.org\/eu\/wp-json\/wp\/v2\/pages"}],"about":[{"href":"https:\/\/aeter.org\/eu\/wp-json\/wp\/v2\/types\/page"}],"author":[{"embeddable":true,"href":"https:\/\/aeter.org\/eu\/wp-json\/wp\/v2\/users\/5"}],"replies":[{"embeddable":true,"href":"https:\/\/aeter.org\/eu\/wp-json\/wp\/v2\/comments?post=5566"}],"version-history":[{"count":3,"href":"https:\/\/aeter.org\/eu\/wp-json\/wp\/v2\/pages\/5566\/revisions"}],"predecessor-version":[{"id":5612,"href":"https:\/\/aeter.org\/eu\/wp-json\/wp\/v2\/pages\/5566\/revisions\/5612"}],"wp:attachment":[{"href":"https:\/\/aeter.org\/eu\/wp-json\/wp\/v2\/media?parent=5566"}],"curies":[{"name":"wp","href":"https:\/\/api.w.org\/{rel}","templated":true}]}}