{"id":2643,"date":"2021-03-25T17:05:30","date_gmt":"2021-03-25T17:05:30","guid":{"rendered":"https:\/\/aeter.org\/presentacion\/"},"modified":"2023-11-02T15:24:40","modified_gmt":"2023-11-02T15:24:40","slug":"presentacion","status":"publish","type":"page","link":"https:\/\/aeter.org\/gl\/presentacion\/","title":{"rendered":"Presentaci\u00f3n"},"content":{"rendered":"<p><span style=\"font-size: 13px; line-height: 19px;\"><strong>Que \u00e9 AETER?<\/strong><\/span><\/p>\n<div id=\"_mcePaste\">\n<div id=\"_mcePaste\" style=\"text-align: justify;\">A <strong>Asociaci\u00f3n Espa\u00f1ola de Terminolox\u00eda (AETER)<\/strong> foi creada no ano 1997 en Madrid por iniciativa de persoas e instituci\u00f3ns interesadas no estudo sobre a terminolox\u00eda e as linguaxes de especialidade, e na elaboraci\u00f3n e consulta de recursos terminol\u00f3xicos en espa\u00f1ol e nas demais linguas de Espa\u00f1a.<\/div>\n<div style=\"text-align: justify;\">AETER \u00e9 unha asociaci\u00f3n de \u00e1mbito nacional, sen \u00e1nimo de lucro, cuxos obxectivos principais son desenvolver e promover a Terminolox\u00eda como disciplina, estimular a elaboraci\u00f3n de recursos terminol\u00f3xicos necesarios e difundir os recursos existentes.<\/div>\n<div id=\"_mcePaste\"><\/div>\n<div id=\"_mcePaste\" style=\"text-align: justify;\">AETER organiza regularmente <a href=\"https:\/\/aeter.org\/xornadas-aeter\/\" target=\"_blank\" rel=\"noopener noreferrer\">Xornadas de Terminolox\u00eda<\/a> coa finalidade de facilitar o intercambio cient\u00edfico e concienciar \u00e1s entidades xeradoras e consumidoras de terminolox\u00eda da importancia que esta ten na comunicaci\u00f3n e a divulgaci\u00f3n en \u00e1mbitos de especialidade. Nestas Xornadas tr\u00e1tanse temas relacionados coa terminolox\u00eda en calquera das s\u00faas vertentes, tanto te\u00f3ricas como pr\u00e1cticas e aplicadas. Igualmente, a Asociaci\u00f3n participa en reuni\u00f3ns, congresos e outras actividades relacionadas coa terminolox\u00eda e materias af\u00edns.<\/div>\n<div id=\"_mcePaste\"><\/div>\n<div id=\"_mcePaste\" style=\"text-align: justify;\">AETER mant\u00e9n <strong>relaci\u00f3ns<\/strong> con organismos, asociaci\u00f3ns e organizaci\u00f3ns auton\u00f3micas, nacionais e internacionais co obxecto de favorecer a coordinaci\u00f3n do uso com\u00fan das linguas especializadas. Forma parte da Rede Iberoamericana de Terminolox\u00eda (<a href=\"https:\/\/sites.google.com\/view\/riterm\/es\" target=\"_blank\" rel=\"noopener noreferrer\">RITerm<\/a>) e da Rede Panlatina de Terminolox\u00eda (<a href=\"http:\/\/www.realiter.net\/\" target=\"_blank\" rel=\"noopener noreferrer\">REALITER<\/a>). \u00c9 membro, en relaci\u00f3n de reciprocidade, da Societat Catal\u00e1 de Terminologia (<a href=\"http:\/\/scaterm.iec.cat\/\" target=\"_blank\" rel=\"noopener noreferrer\">SCATERM<\/a>).<\/div>\n<div id=\"_mcePaste\"><\/div>\n<div id=\"_mcePaste\" style=\"text-align: justify;\">AETER est\u00e1 aberta \u00e1 <strong>participaci\u00f3n<\/strong> e ao esforzo de todos aqueles interesados na Terminolox\u00eda en calquera dos seus aspectos ou vertentes. Son <a href=\"https:\/\/aeter.org\/gl\/membros\/\" target=\"_blank\" rel=\"noopener noreferrer\">membros de AETER<\/a> persoas a t\u00edtulo individual e instituci\u00f3ns moi diversas, entre as que se contan a <a href=\"https:\/\/www.ranm.es\/\" target=\"_blank\" rel=\"noopener\">Real Academia Nacional de Medicina<\/a> e a <a href=\"http:\/\/www.rae.es\" target=\"_blank\" rel=\"noopener noreferrer\">Real Academia Espa\u00f1ola<\/a>, departamentos e institutos de distintas universidades, a Asociaci\u00f3n Espa\u00f1ola de Normalizaci\u00f3n (<a href=\"https:\/\/www.une.org\/\" target=\"_blank\" rel=\"noopener\">UNE<\/a>), os centros de terminolox\u00eda doutras linguas de Espa\u00f1a, <a href=\"http:\/\/www.termcat.net\" target=\"_blank\" rel=\"noopener noreferrer\">TERMCAT<\/a>, <a href=\"https:\/\/www.uzei.eus\/\" target=\"_blank\" rel=\"noopener noreferrer\">UZEI<\/a> e <a href=\"http:\/\/www.cirp.es\" target=\"_blank\" rel=\"noopener noreferrer\">TERMIGAL<\/a>, e diversas entidades privadas do \u00e1mbito das industrias da lingua e a edici\u00f3n.<\/div>\n<div id=\"_mcePaste\"><\/div>\n<div id=\"_mcePaste\" style=\"text-align: justify;\">Poden <a href=\"https:\/\/aeter.org\/gl\/afiliacion\/\" target=\"_blank\" rel=\"noopener noreferrer\">formar parte de AETER<\/a> aquelas persoas ou instituci\u00f3ns que as\u00ed o soliciten, de acordo cos Estatutos da Asociaci\u00f3n. Os socios institucionais est\u00e1n representados por unha persoa da s\u00faa designaci\u00f3n, sen prexu\u00edzo de que esta \u00faltima sexa, \u00e1 s\u00faa vez, socio a t\u00edtulo persoal.<\/div>\n<\/div>\n","protected":false},"excerpt":{"rendered":"<p>Que \u00e9 AETER? A Asociaci\u00f3n Espa\u00f1ola de Terminolox\u00eda (AETER) foi creada no ano 1997 en Madrid por iniciativa de persoas e instituci\u00f3ns interesadas no estudo sobre a terminolox\u00eda e as linguaxes de especialidade, e na elaboraci\u00f3n e consulta de recursos terminol\u00f3xicos en espa\u00f1ol e nas demais linguas de Espa\u00f1a. AETER \u00e9 unha asociaci\u00f3n de \u00e1mbito&hellip;<\/p>\n","protected":false},"author":5,"featured_media":0,"parent":0,"menu_order":0,"comment_status":"closed","ping_status":"closed","template":"","meta":{"footnotes":""},"class_list":["post-2643","page","type-page","status-publish","hentry"],"yoast_head":"<!-- This site is optimized with the Yoast SEO plugin v24.4 - https:\/\/yoast.com\/wordpress\/plugins\/seo\/ -->\n<title>Presentaci\u00f3n - ASOCIACI\u00d3N ESPA\u00d1OLA DE TERMINOLOG\u00cdA<\/title>\n<meta name=\"robots\" content=\"index, follow, max-snippet:-1, max-image-preview:large, max-video-preview:-1\" \/>\n<link rel=\"canonical\" href=\"https:\/\/aeter.org\/gl\/presentacion\/\" \/>\n<meta property=\"og:locale\" content=\"gl_ES\" \/>\n<meta property=\"og:type\" content=\"article\" \/>\n<meta property=\"og:title\" content=\"Presentaci\u00f3n - ASOCIACI\u00d3N ESPA\u00d1OLA DE TERMINOLOG\u00cdA\" \/>\n<meta property=\"og:description\" content=\"Que \u00e9 AETER? A Asociaci\u00f3n Espa\u00f1ola de Terminolox\u00eda (AETER) foi creada no ano 1997 en Madrid por iniciativa de persoas e instituci\u00f3ns interesadas no estudo sobre a terminolox\u00eda e as linguaxes de especialidade, e na elaboraci\u00f3n e consulta de recursos terminol\u00f3xicos en espa\u00f1ol e nas demais linguas de Espa\u00f1a. AETER \u00e9 unha asociaci\u00f3n de \u00e1mbito&hellip;\" \/>\n<meta property=\"og:url\" content=\"https:\/\/aeter.org\/gl\/presentacion\/\" \/>\n<meta property=\"og:site_name\" content=\"ASOCIACI\u00d3N ESPA\u00d1OLA DE TERMINOLOG\u00cdA\" \/>\n<meta property=\"article:modified_time\" content=\"2023-11-02T15:24:40+00:00\" \/>\n<meta name=\"twitter:card\" content=\"summary_large_image\" \/>\n<meta name=\"twitter:label1\" content=\"Tempo de lectura\" \/>\n\t<meta name=\"twitter:data1\" content=\"2 minutos\" \/>\n<script type=\"application\/ld+json\" class=\"yoast-schema-graph\">{\"@context\":\"https:\/\/schema.org\",\"@graph\":[{\"@type\":\"WebPage\",\"@id\":\"https:\/\/aeter.org\/gl\/presentacion\/\",\"url\":\"https:\/\/aeter.org\/gl\/presentacion\/\",\"name\":\"Presentaci\u00f3n - ASOCIACI\u00d3N ESPA\u00d1OLA DE TERMINOLOG\u00cdA\",\"isPartOf\":{\"@id\":\"https:\/\/aeter.org\/#website\"},\"datePublished\":\"2021-03-25T17:05:30+00:00\",\"dateModified\":\"2023-11-02T15:24:40+00:00\",\"breadcrumb\":{\"@id\":\"https:\/\/aeter.org\/gl\/presentacion\/#breadcrumb\"},\"inLanguage\":\"gl-ES\",\"potentialAction\":[{\"@type\":\"ReadAction\",\"target\":[\"https:\/\/aeter.org\/gl\/presentacion\/\"]}]},{\"@type\":\"BreadcrumbList\",\"@id\":\"https:\/\/aeter.org\/gl\/presentacion\/#breadcrumb\",\"itemListElement\":[{\"@type\":\"ListItem\",\"position\":1,\"name\":\"Portada\",\"item\":\"https:\/\/aeter.org\/\"},{\"@type\":\"ListItem\",\"position\":2,\"name\":\"Presentaci\u00f3n\"}]},{\"@type\":\"WebSite\",\"@id\":\"https:\/\/aeter.org\/#website\",\"url\":\"https:\/\/aeter.org\/\",\"name\":\"ASOCIACI\u00d3N ESPA\u00d1OLA DE TERMINOLOG\u00cdA\",\"description\":\"AETER\",\"potentialAction\":[{\"@type\":\"SearchAction\",\"target\":{\"@type\":\"EntryPoint\",\"urlTemplate\":\"https:\/\/aeter.org\/?s={search_term_string}\"},\"query-input\":{\"@type\":\"PropertyValueSpecification\",\"valueRequired\":true,\"valueName\":\"search_term_string\"}}],\"inLanguage\":\"gl-ES\"}]}<\/script>\n<!-- \/ Yoast SEO plugin. -->","yoast_head_json":{"title":"Presentaci\u00f3n - ASOCIACI\u00d3N ESPA\u00d1OLA DE TERMINOLOG\u00cdA","robots":{"index":"index","follow":"follow","max-snippet":"max-snippet:-1","max-image-preview":"max-image-preview:large","max-video-preview":"max-video-preview:-1"},"canonical":"https:\/\/aeter.org\/gl\/presentacion\/","og_locale":"gl_ES","og_type":"article","og_title":"Presentaci\u00f3n - ASOCIACI\u00d3N ESPA\u00d1OLA DE TERMINOLOG\u00cdA","og_description":"Que \u00e9 AETER? A Asociaci\u00f3n Espa\u00f1ola de Terminolox\u00eda (AETER) foi creada no ano 1997 en Madrid por iniciativa de persoas e instituci\u00f3ns interesadas no estudo sobre a terminolox\u00eda e as linguaxes de especialidade, e na elaboraci\u00f3n e consulta de recursos terminol\u00f3xicos en espa\u00f1ol e nas demais linguas de Espa\u00f1a. AETER \u00e9 unha asociaci\u00f3n de \u00e1mbito&hellip;","og_url":"https:\/\/aeter.org\/gl\/presentacion\/","og_site_name":"ASOCIACI\u00d3N ESPA\u00d1OLA DE TERMINOLOG\u00cdA","article_modified_time":"2023-11-02T15:24:40+00:00","twitter_card":"summary_large_image","twitter_misc":{"Tempo de lectura":"2 minutos"},"schema":{"@context":"https:\/\/schema.org","@graph":[{"@type":"WebPage","@id":"https:\/\/aeter.org\/gl\/presentacion\/","url":"https:\/\/aeter.org\/gl\/presentacion\/","name":"Presentaci\u00f3n - ASOCIACI\u00d3N ESPA\u00d1OLA DE TERMINOLOG\u00cdA","isPartOf":{"@id":"https:\/\/aeter.org\/#website"},"datePublished":"2021-03-25T17:05:30+00:00","dateModified":"2023-11-02T15:24:40+00:00","breadcrumb":{"@id":"https:\/\/aeter.org\/gl\/presentacion\/#breadcrumb"},"inLanguage":"gl-ES","potentialAction":[{"@type":"ReadAction","target":["https:\/\/aeter.org\/gl\/presentacion\/"]}]},{"@type":"BreadcrumbList","@id":"https:\/\/aeter.org\/gl\/presentacion\/#breadcrumb","itemListElement":[{"@type":"ListItem","position":1,"name":"Portada","item":"https:\/\/aeter.org\/"},{"@type":"ListItem","position":2,"name":"Presentaci\u00f3n"}]},{"@type":"WebSite","@id":"https:\/\/aeter.org\/#website","url":"https:\/\/aeter.org\/","name":"ASOCIACI\u00d3N ESPA\u00d1OLA DE TERMINOLOG\u00cdA","description":"AETER","potentialAction":[{"@type":"SearchAction","target":{"@type":"EntryPoint","urlTemplate":"https:\/\/aeter.org\/?s={search_term_string}"},"query-input":{"@type":"PropertyValueSpecification","valueRequired":true,"valueName":"search_term_string"}}],"inLanguage":"gl-ES"}]}},"_links":{"self":[{"href":"https:\/\/aeter.org\/gl\/wp-json\/wp\/v2\/pages\/2643","targetHints":{"allow":["GET"]}}],"collection":[{"href":"https:\/\/aeter.org\/gl\/wp-json\/wp\/v2\/pages"}],"about":[{"href":"https:\/\/aeter.org\/gl\/wp-json\/wp\/v2\/types\/page"}],"author":[{"embeddable":true,"href":"https:\/\/aeter.org\/gl\/wp-json\/wp\/v2\/users\/5"}],"replies":[{"embeddable":true,"href":"https:\/\/aeter.org\/gl\/wp-json\/wp\/v2\/comments?post=2643"}],"version-history":[{"count":7,"href":"https:\/\/aeter.org\/gl\/wp-json\/wp\/v2\/pages\/2643\/revisions"}],"predecessor-version":[{"id":6591,"href":"https:\/\/aeter.org\/gl\/wp-json\/wp\/v2\/pages\/2643\/revisions\/6591"}],"wp:attachment":[{"href":"https:\/\/aeter.org\/gl\/wp-json\/wp\/v2\/media?parent=2643"}],"curies":[{"name":"wp","href":"https:\/\/api.w.org\/{rel}","templated":true}]}}