{"id":2649,"date":"2021-03-25T17:41:47","date_gmt":"2021-03-25T17:41:47","guid":{"rendered":"https:\/\/aeter.org\/afiliacion\/"},"modified":"2021-03-25T17:41:48","modified_gmt":"2021-03-25T17:41:48","slug":"afiliacion","status":"publish","type":"page","link":"https:\/\/aeter.org\/gl\/afiliacion\/","title":{"rendered":"Afiliaci\u00f3n"},"content":{"rendered":"<p><strong>Como se facer membro de AETER?<\/strong><\/p>\n<p>A Asociaci\u00f3n Espa\u00f1ola de Terminolox\u00eda \u00e9 unha asociaci\u00f3n que ten como principal obxectivo facilitar o intercambio cient\u00edfico en materia de terminolox\u00eda e linguaxes de especialidade.<\/p>\n<p>Ser membro da Asociaci\u00f3n proporciona, entre outras vantaxes, a asistencia gratu\u00edta \u00e1s Xornadas de AETER sobre Terminolox\u00eda e temas af\u00edns que se organizan anualmente.<\/p>\n<p>Poden formar parte de AETER aquelas persoas ou instituci\u00f3ns que as\u00ed o soliciten, de acordo cos Estatutos da Asociaci\u00f3n. Os socios institucionais est\u00e1n representados por unha persoa da s\u00faa designaci\u00f3n, sen prexu\u00edzo de que esta \u00faltima sexa, \u00e1 s\u00faa vez, socio a t\u00edtulo persoal. A cota anual \u00e9 de 30,05 Euros para os membros individuais e de 72,12 Euros para as instituci\u00f3ns.<\/p>\n<p>O pagamento das cotas efectuarase durante o primeiro trimestre de cada ano previa recepci\u00f3n da factura correspondente.<\/p>\n<p>Co fin de axilizar os tr\u00e1mites, o pagamento das cotas s\u00f3 se poder\u00e1 efectuar da maneira seguinte:<\/p>\n<p>\u2022 mediante domiciliaci\u00f3n bancaria para os membros individuais e os organismos que dispo\u00f1an desta posibilidade.<\/p>\n<p>\u2022 mediante transferencia \u00e1 conta da Asociaci\u00f3n unicamente para aqueles organismos ou instituci\u00f3ns que non poidan domiciliar a cota. \u00c9 importante que o n\u00famero da factura figure no campo Observaci\u00f3ns.<\/p>\n<p>Para ser admitidos como socios, os interesados deben, en primeiro lugar, encher o formulario de inscrici\u00f3n desta secci\u00f3n seleccionando o tipo de usuario, que pode ser individual ou institucional.<\/p>\n<ul>\n<li><a href=\"https:\/\/aeter.org\/gl\/formulario-socio-institucional-2\/\">Formulario de inscrici\u00f3n como socio institucional<\/a><\/li>\n<li><a href=\"https:\/\/aeter.org\/gl\/formulario-de-socio-a-individual-2\/\">Formulario de inscrici\u00f3n socio individual.<\/a><\/li>\n<\/ul>\n<p>O solicitante ser\u00e1 dado de alta unha vez que aboe a primeira cota domiciliada.<\/p>\n<p style=\"text-align: left;\"><strong> <\/strong><\/p>\n","protected":false},"excerpt":{"rendered":"<p>Como se facer membro de AETER? A Asociaci\u00f3n Espa\u00f1ola de Terminolox\u00eda \u00e9 unha asociaci\u00f3n que ten como principal obxectivo facilitar o intercambio cient\u00edfico en materia de terminolox\u00eda e linguaxes de especialidade. Ser membro da Asociaci\u00f3n proporciona, entre outras vantaxes, a asistencia gratu\u00edta \u00e1s Xornadas de AETER sobre Terminolox\u00eda e temas af\u00edns que se organizan anualmente.&hellip;<\/p>\n","protected":false},"author":5,"featured_media":0,"parent":0,"menu_order":4,"comment_status":"closed","ping_status":"closed","template":"","meta":{"footnotes":""},"class_list":["post-2649","page","type-page","status-publish","hentry"],"yoast_head":"<!-- This site is optimized with the Yoast SEO plugin v24.4 - https:\/\/yoast.com\/wordpress\/plugins\/seo\/ -->\n<title>Afiliaci\u00f3n - ASOCIACI\u00d3N ESPA\u00d1OLA DE TERMINOLOG\u00cdA<\/title>\n<meta name=\"robots\" content=\"index, follow, max-snippet:-1, max-image-preview:large, max-video-preview:-1\" \/>\n<link rel=\"canonical\" href=\"https:\/\/aeter.org\/gl\/afiliacion\/\" \/>\n<meta property=\"og:locale\" content=\"gl_ES\" \/>\n<meta property=\"og:type\" content=\"article\" \/>\n<meta property=\"og:title\" content=\"Afiliaci\u00f3n - ASOCIACI\u00d3N ESPA\u00d1OLA DE TERMINOLOG\u00cdA\" \/>\n<meta property=\"og:description\" content=\"Como se facer membro de AETER? A Asociaci\u00f3n Espa\u00f1ola de Terminolox\u00eda \u00e9 unha asociaci\u00f3n que ten como principal obxectivo facilitar o intercambio cient\u00edfico en materia de terminolox\u00eda e linguaxes de especialidade. Ser membro da Asociaci\u00f3n proporciona, entre outras vantaxes, a asistencia gratu\u00edta \u00e1s Xornadas de AETER sobre Terminolox\u00eda e temas af\u00edns que se organizan anualmente.&hellip;\" \/>\n<meta property=\"og:url\" content=\"https:\/\/aeter.org\/gl\/afiliacion\/\" \/>\n<meta property=\"og:site_name\" content=\"ASOCIACI\u00d3N ESPA\u00d1OLA DE TERMINOLOG\u00cdA\" \/>\n<meta property=\"article:modified_time\" content=\"2021-03-25T17:41:48+00:00\" \/>\n<meta name=\"twitter:card\" content=\"summary_large_image\" \/>\n<meta name=\"twitter:label1\" content=\"Tempo de lectura\" \/>\n\t<meta name=\"twitter:data1\" content=\"1 minuto\" \/>\n<script type=\"application\/ld+json\" class=\"yoast-schema-graph\">{\"@context\":\"https:\/\/schema.org\",\"@graph\":[{\"@type\":\"WebPage\",\"@id\":\"https:\/\/aeter.org\/gl\/afiliacion\/\",\"url\":\"https:\/\/aeter.org\/gl\/afiliacion\/\",\"name\":\"Afiliaci\u00f3n - ASOCIACI\u00d3N ESPA\u00d1OLA DE TERMINOLOG\u00cdA\",\"isPartOf\":{\"@id\":\"https:\/\/aeter.org\/#website\"},\"datePublished\":\"2021-03-25T17:41:47+00:00\",\"dateModified\":\"2021-03-25T17:41:48+00:00\",\"breadcrumb\":{\"@id\":\"https:\/\/aeter.org\/gl\/afiliacion\/#breadcrumb\"},\"inLanguage\":\"gl-ES\",\"potentialAction\":[{\"@type\":\"ReadAction\",\"target\":[\"https:\/\/aeter.org\/gl\/afiliacion\/\"]}]},{\"@type\":\"BreadcrumbList\",\"@id\":\"https:\/\/aeter.org\/gl\/afiliacion\/#breadcrumb\",\"itemListElement\":[{\"@type\":\"ListItem\",\"position\":1,\"name\":\"Portada\",\"item\":\"https:\/\/aeter.org\/\"},{\"@type\":\"ListItem\",\"position\":2,\"name\":\"Afiliaci\u00f3n\"}]},{\"@type\":\"WebSite\",\"@id\":\"https:\/\/aeter.org\/#website\",\"url\":\"https:\/\/aeter.org\/\",\"name\":\"ASOCIACI\u00d3N ESPA\u00d1OLA DE TERMINOLOG\u00cdA\",\"description\":\"AETER\",\"potentialAction\":[{\"@type\":\"SearchAction\",\"target\":{\"@type\":\"EntryPoint\",\"urlTemplate\":\"https:\/\/aeter.org\/?s={search_term_string}\"},\"query-input\":{\"@type\":\"PropertyValueSpecification\",\"valueRequired\":true,\"valueName\":\"search_term_string\"}}],\"inLanguage\":\"gl-ES\"}]}<\/script>\n<!-- \/ Yoast SEO plugin. -->","yoast_head_json":{"title":"Afiliaci\u00f3n - ASOCIACI\u00d3N ESPA\u00d1OLA DE TERMINOLOG\u00cdA","robots":{"index":"index","follow":"follow","max-snippet":"max-snippet:-1","max-image-preview":"max-image-preview:large","max-video-preview":"max-video-preview:-1"},"canonical":"https:\/\/aeter.org\/gl\/afiliacion\/","og_locale":"gl_ES","og_type":"article","og_title":"Afiliaci\u00f3n - ASOCIACI\u00d3N ESPA\u00d1OLA DE TERMINOLOG\u00cdA","og_description":"Como se facer membro de AETER? A Asociaci\u00f3n Espa\u00f1ola de Terminolox\u00eda \u00e9 unha asociaci\u00f3n que ten como principal obxectivo facilitar o intercambio cient\u00edfico en materia de terminolox\u00eda e linguaxes de especialidade. Ser membro da Asociaci\u00f3n proporciona, entre outras vantaxes, a asistencia gratu\u00edta \u00e1s Xornadas de AETER sobre Terminolox\u00eda e temas af\u00edns que se organizan anualmente.&hellip;","og_url":"https:\/\/aeter.org\/gl\/afiliacion\/","og_site_name":"ASOCIACI\u00d3N ESPA\u00d1OLA DE TERMINOLOG\u00cdA","article_modified_time":"2021-03-25T17:41:48+00:00","twitter_card":"summary_large_image","twitter_misc":{"Tempo de lectura":"1 minuto"},"schema":{"@context":"https:\/\/schema.org","@graph":[{"@type":"WebPage","@id":"https:\/\/aeter.org\/gl\/afiliacion\/","url":"https:\/\/aeter.org\/gl\/afiliacion\/","name":"Afiliaci\u00f3n - ASOCIACI\u00d3N ESPA\u00d1OLA DE TERMINOLOG\u00cdA","isPartOf":{"@id":"https:\/\/aeter.org\/#website"},"datePublished":"2021-03-25T17:41:47+00:00","dateModified":"2021-03-25T17:41:48+00:00","breadcrumb":{"@id":"https:\/\/aeter.org\/gl\/afiliacion\/#breadcrumb"},"inLanguage":"gl-ES","potentialAction":[{"@type":"ReadAction","target":["https:\/\/aeter.org\/gl\/afiliacion\/"]}]},{"@type":"BreadcrumbList","@id":"https:\/\/aeter.org\/gl\/afiliacion\/#breadcrumb","itemListElement":[{"@type":"ListItem","position":1,"name":"Portada","item":"https:\/\/aeter.org\/"},{"@type":"ListItem","position":2,"name":"Afiliaci\u00f3n"}]},{"@type":"WebSite","@id":"https:\/\/aeter.org\/#website","url":"https:\/\/aeter.org\/","name":"ASOCIACI\u00d3N ESPA\u00d1OLA DE TERMINOLOG\u00cdA","description":"AETER","potentialAction":[{"@type":"SearchAction","target":{"@type":"EntryPoint","urlTemplate":"https:\/\/aeter.org\/?s={search_term_string}"},"query-input":{"@type":"PropertyValueSpecification","valueRequired":true,"valueName":"search_term_string"}}],"inLanguage":"gl-ES"}]}},"_links":{"self":[{"href":"https:\/\/aeter.org\/gl\/wp-json\/wp\/v2\/pages\/2649","targetHints":{"allow":["GET"]}}],"collection":[{"href":"https:\/\/aeter.org\/gl\/wp-json\/wp\/v2\/pages"}],"about":[{"href":"https:\/\/aeter.org\/gl\/wp-json\/wp\/v2\/types\/page"}],"author":[{"embeddable":true,"href":"https:\/\/aeter.org\/gl\/wp-json\/wp\/v2\/users\/5"}],"replies":[{"embeddable":true,"href":"https:\/\/aeter.org\/gl\/wp-json\/wp\/v2\/comments?post=2649"}],"version-history":[{"count":1,"href":"https:\/\/aeter.org\/gl\/wp-json\/wp\/v2\/pages\/2649\/revisions"}],"predecessor-version":[{"id":2661,"href":"https:\/\/aeter.org\/gl\/wp-json\/wp\/v2\/pages\/2649\/revisions\/2661"}],"wp:attachment":[{"href":"https:\/\/aeter.org\/gl\/wp-json\/wp\/v2\/media?parent=2649"}],"curies":[{"name":"wp","href":"https:\/\/api.w.org\/{rel}","templated":true}]}}