{"id":2663,"date":"2021-03-25T17:47:19","date_gmt":"2021-03-25T17:47:19","guid":{"rendered":"https:\/\/aeter.org\/retratos\/"},"modified":"2021-07-09T16:11:23","modified_gmt":"2021-07-09T16:11:23","slug":"retratos","status":"publish","type":"page","link":"https:\/\/aeter.org\/gl\/retratos\/","title":{"rendered":"Retratos"},"content":{"rendered":"<h2><span style=\"color: #000000;\">Nesta p\u00e1xina AETER quere lembrar as personalidades da terminolox\u00eda espa\u00f1ola que xa non est\u00e1n entre n\u00f3s.<\/span><\/h2>\n<h2 style=\"text-align: left;\"><a href=\"https:\/\/aeter.org\/gl\/amelia-de-irazazabal-nerpell-1926-2004\/\" target=\"_blank\" rel=\"noopener noreferrer\"><strong><span style=\"color: #800080;\">Amelia de Irazaz\u00e1bal Nerpell (1926-2004)<\/span><\/strong><\/a><\/h2>\n<p style=\"text-align: left;\"><span style=\"color: #800080;\">a cargo de Purificaci\u00f3n Fern\u00e1ndez Nistal<\/span><span style=\"color: #800080;\"><br \/>\ne acceso a outros textos complementarios<\/span><\/p>\n<p><a href=\"http:\/\/www.aeter.org\/wp-content\/uploads\/2013\/02\/amelia_irazazabal.jpg\"><img loading=\"lazy\" decoding=\"async\" class=\"size-medium wp-image-232 alignnone\" src=\"http:\/\/www.aeter.org\/wp-content\/uploads\/2013\/02\/amelia_irazazabal-227x300.jpg\" alt=\"Amelia de Irazaz\u00e1bal\" width=\"227\" height=\"300\" srcset=\"https:\/\/aeter.org\/wp-content\/uploads\/2013\/02\/amelia_irazazabal-227x300.jpg 227w, https:\/\/aeter.org\/wp-content\/uploads\/2013\/02\/amelia_irazazabal.jpg 358w\" sizes=\"auto, (max-width: 227px) 100vw, 227px\" \/><\/a><\/p>\n<h2><a href=\"https:\/\/aeter.org\/gl\/angel-martin-municio\/\" target=\"_blank\" rel=\"noopener noreferrer\"><strong><span style=\"color: #800080;\">\u00c1ngel Mart\u00edn Municio (1923-2002)<\/span><\/strong><\/a><\/h2>\n<p><span style=\"color: #800080;\">a cargo de Fernando Pardos Mart\u00ednez<br \/>\ne acceso a outros textos complementarios<\/span><\/p>\n<p><a href=\"https:\/\/aeter.org\/wp-content\/uploads\/2019\/11\/angelmartinmunicio.jpg\"><img loading=\"lazy\" decoding=\"async\" class=\"alignleft size-full wp-image-2664\" src=\"https:\/\/aeter.org\/wp-content\/uploads\/2019\/11\/angelmartinmunicio.jpg\" alt=\"\" width=\"202\" height=\"300\" \/><\/a><\/p>\n<p><a href=\"http:\/\/www.aeter.org\/wp-content\/uploads\/2017\/02\/AMMunicio.jpg\"><img loading=\"lazy\" decoding=\"async\" class=\"alignleft wp-image-1452 size-medium\" src=\"http:\/\/www.aeter.org\/wp-content\/uploads\/2017\/02\/AMMunicio-202x300.jpg\" alt=\"\" width=\"202\" height=\"300\" \/><\/a><\/p>\n","protected":false},"excerpt":{"rendered":"<p>Nesta p\u00e1xina AETER quere lembrar as personalidades da terminolox\u00eda espa\u00f1ola que xa non est\u00e1n entre n\u00f3s. Amelia de Irazaz\u00e1bal Nerpell (1926-2004) a cargo de Purificaci\u00f3n Fern\u00e1ndez Nistal e acceso a outros textos complementarios \u00c1ngel Mart\u00edn Municio (1923-2002) a cargo de Fernando Pardos Mart\u00ednez e acceso a outros textos complementarios<\/p>\n","protected":false},"author":5,"featured_media":0,"parent":0,"menu_order":0,"comment_status":"closed","ping_status":"closed","template":"","meta":{"footnotes":""},"class_list":["post-2663","page","type-page","status-publish","hentry"],"yoast_head":"<!-- This site is optimized with the Yoast SEO plugin v24.4 - https:\/\/yoast.com\/wordpress\/plugins\/seo\/ -->\n<title>Retratos - ASOCIACI\u00d3N ESPA\u00d1OLA DE TERMINOLOG\u00cdA<\/title>\n<meta name=\"robots\" content=\"index, follow, max-snippet:-1, max-image-preview:large, max-video-preview:-1\" \/>\n<link rel=\"canonical\" href=\"https:\/\/aeter.org\/gl\/retratos\/\" \/>\n<meta property=\"og:locale\" content=\"gl_ES\" \/>\n<meta property=\"og:type\" content=\"article\" \/>\n<meta property=\"og:title\" content=\"Retratos - ASOCIACI\u00d3N ESPA\u00d1OLA DE TERMINOLOG\u00cdA\" \/>\n<meta property=\"og:description\" content=\"Nesta p\u00e1xina AETER quere lembrar as personalidades da terminolox\u00eda espa\u00f1ola que xa non est\u00e1n entre n\u00f3s. Amelia de Irazaz\u00e1bal Nerpell (1926-2004) a cargo de Purificaci\u00f3n Fern\u00e1ndez Nistal e acceso a outros textos complementarios \u00c1ngel Mart\u00edn Municio (1923-2002) a cargo de Fernando Pardos Mart\u00ednez e acceso a outros textos complementarios\" \/>\n<meta property=\"og:url\" content=\"https:\/\/aeter.org\/gl\/retratos\/\" \/>\n<meta property=\"og:site_name\" content=\"ASOCIACI\u00d3N ESPA\u00d1OLA DE TERMINOLOG\u00cdA\" \/>\n<meta property=\"article:modified_time\" content=\"2021-07-09T16:11:23+00:00\" \/>\n<meta property=\"og:image\" content=\"http:\/\/www.aeter.org\/wp-content\/uploads\/2013\/02\/amelia_irazazabal-227x300.jpg\" \/>\n<meta name=\"twitter:card\" content=\"summary_large_image\" \/>\n<meta name=\"twitter:label1\" content=\"Tempo de lectura\" \/>\n\t<meta name=\"twitter:data1\" content=\"1 minuto\" \/>\n<script type=\"application\/ld+json\" class=\"yoast-schema-graph\">{\"@context\":\"https:\/\/schema.org\",\"@graph\":[{\"@type\":\"WebPage\",\"@id\":\"https:\/\/aeter.org\/gl\/retratos\/\",\"url\":\"https:\/\/aeter.org\/gl\/retratos\/\",\"name\":\"Retratos - ASOCIACI\u00d3N ESPA\u00d1OLA DE TERMINOLOG\u00cdA\",\"isPartOf\":{\"@id\":\"https:\/\/aeter.org\/#website\"},\"primaryImageOfPage\":{\"@id\":\"https:\/\/aeter.org\/gl\/retratos\/#primaryimage\"},\"image\":{\"@id\":\"https:\/\/aeter.org\/gl\/retratos\/#primaryimage\"},\"thumbnailUrl\":\"http:\/\/www.aeter.org\/wp-content\/uploads\/2013\/02\/amelia_irazazabal-227x300.jpg\",\"datePublished\":\"2021-03-25T17:47:19+00:00\",\"dateModified\":\"2021-07-09T16:11:23+00:00\",\"breadcrumb\":{\"@id\":\"https:\/\/aeter.org\/gl\/retratos\/#breadcrumb\"},\"inLanguage\":\"gl-ES\",\"potentialAction\":[{\"@type\":\"ReadAction\",\"target\":[\"https:\/\/aeter.org\/gl\/retratos\/\"]}]},{\"@type\":\"ImageObject\",\"inLanguage\":\"gl-ES\",\"@id\":\"https:\/\/aeter.org\/gl\/retratos\/#primaryimage\",\"url\":\"http:\/\/www.aeter.org\/wp-content\/uploads\/2013\/02\/amelia_irazazabal-227x300.jpg\",\"contentUrl\":\"http:\/\/www.aeter.org\/wp-content\/uploads\/2013\/02\/amelia_irazazabal-227x300.jpg\"},{\"@type\":\"BreadcrumbList\",\"@id\":\"https:\/\/aeter.org\/gl\/retratos\/#breadcrumb\",\"itemListElement\":[{\"@type\":\"ListItem\",\"position\":1,\"name\":\"Portada\",\"item\":\"https:\/\/aeter.org\/\"},{\"@type\":\"ListItem\",\"position\":2,\"name\":\"Retratos\"}]},{\"@type\":\"WebSite\",\"@id\":\"https:\/\/aeter.org\/#website\",\"url\":\"https:\/\/aeter.org\/\",\"name\":\"ASOCIACI\u00d3N ESPA\u00d1OLA DE TERMINOLOG\u00cdA\",\"description\":\"AETER\",\"potentialAction\":[{\"@type\":\"SearchAction\",\"target\":{\"@type\":\"EntryPoint\",\"urlTemplate\":\"https:\/\/aeter.org\/?s={search_term_string}\"},\"query-input\":{\"@type\":\"PropertyValueSpecification\",\"valueRequired\":true,\"valueName\":\"search_term_string\"}}],\"inLanguage\":\"gl-ES\"}]}<\/script>\n<!-- \/ Yoast SEO plugin. -->","yoast_head_json":{"title":"Retratos - ASOCIACI\u00d3N ESPA\u00d1OLA DE TERMINOLOG\u00cdA","robots":{"index":"index","follow":"follow","max-snippet":"max-snippet:-1","max-image-preview":"max-image-preview:large","max-video-preview":"max-video-preview:-1"},"canonical":"https:\/\/aeter.org\/gl\/retratos\/","og_locale":"gl_ES","og_type":"article","og_title":"Retratos - ASOCIACI\u00d3N ESPA\u00d1OLA DE TERMINOLOG\u00cdA","og_description":"Nesta p\u00e1xina AETER quere lembrar as personalidades da terminolox\u00eda espa\u00f1ola que xa non est\u00e1n entre n\u00f3s. Amelia de Irazaz\u00e1bal Nerpell (1926-2004) a cargo de Purificaci\u00f3n Fern\u00e1ndez Nistal e acceso a outros textos complementarios \u00c1ngel Mart\u00edn Municio (1923-2002) a cargo de Fernando Pardos Mart\u00ednez e acceso a outros textos complementarios","og_url":"https:\/\/aeter.org\/gl\/retratos\/","og_site_name":"ASOCIACI\u00d3N ESPA\u00d1OLA DE TERMINOLOG\u00cdA","article_modified_time":"2021-07-09T16:11:23+00:00","og_image":[{"url":"http:\/\/www.aeter.org\/wp-content\/uploads\/2013\/02\/amelia_irazazabal-227x300.jpg","type":"","width":"","height":""}],"twitter_card":"summary_large_image","twitter_misc":{"Tempo de lectura":"1 minuto"},"schema":{"@context":"https:\/\/schema.org","@graph":[{"@type":"WebPage","@id":"https:\/\/aeter.org\/gl\/retratos\/","url":"https:\/\/aeter.org\/gl\/retratos\/","name":"Retratos - ASOCIACI\u00d3N ESPA\u00d1OLA DE TERMINOLOG\u00cdA","isPartOf":{"@id":"https:\/\/aeter.org\/#website"},"primaryImageOfPage":{"@id":"https:\/\/aeter.org\/gl\/retratos\/#primaryimage"},"image":{"@id":"https:\/\/aeter.org\/gl\/retratos\/#primaryimage"},"thumbnailUrl":"http:\/\/www.aeter.org\/wp-content\/uploads\/2013\/02\/amelia_irazazabal-227x300.jpg","datePublished":"2021-03-25T17:47:19+00:00","dateModified":"2021-07-09T16:11:23+00:00","breadcrumb":{"@id":"https:\/\/aeter.org\/gl\/retratos\/#breadcrumb"},"inLanguage":"gl-ES","potentialAction":[{"@type":"ReadAction","target":["https:\/\/aeter.org\/gl\/retratos\/"]}]},{"@type":"ImageObject","inLanguage":"gl-ES","@id":"https:\/\/aeter.org\/gl\/retratos\/#primaryimage","url":"http:\/\/www.aeter.org\/wp-content\/uploads\/2013\/02\/amelia_irazazabal-227x300.jpg","contentUrl":"http:\/\/www.aeter.org\/wp-content\/uploads\/2013\/02\/amelia_irazazabal-227x300.jpg"},{"@type":"BreadcrumbList","@id":"https:\/\/aeter.org\/gl\/retratos\/#breadcrumb","itemListElement":[{"@type":"ListItem","position":1,"name":"Portada","item":"https:\/\/aeter.org\/"},{"@type":"ListItem","position":2,"name":"Retratos"}]},{"@type":"WebSite","@id":"https:\/\/aeter.org\/#website","url":"https:\/\/aeter.org\/","name":"ASOCIACI\u00d3N ESPA\u00d1OLA DE TERMINOLOG\u00cdA","description":"AETER","potentialAction":[{"@type":"SearchAction","target":{"@type":"EntryPoint","urlTemplate":"https:\/\/aeter.org\/?s={search_term_string}"},"query-input":{"@type":"PropertyValueSpecification","valueRequired":true,"valueName":"search_term_string"}}],"inLanguage":"gl-ES"}]}},"_links":{"self":[{"href":"https:\/\/aeter.org\/gl\/wp-json\/wp\/v2\/pages\/2663","targetHints":{"allow":["GET"]}}],"collection":[{"href":"https:\/\/aeter.org\/gl\/wp-json\/wp\/v2\/pages"}],"about":[{"href":"https:\/\/aeter.org\/gl\/wp-json\/wp\/v2\/types\/page"}],"author":[{"embeddable":true,"href":"https:\/\/aeter.org\/gl\/wp-json\/wp\/v2\/users\/5"}],"replies":[{"embeddable":true,"href":"https:\/\/aeter.org\/gl\/wp-json\/wp\/v2\/comments?post=2663"}],"version-history":[{"count":7,"href":"https:\/\/aeter.org\/gl\/wp-json\/wp\/v2\/pages\/2663\/revisions"}],"predecessor-version":[{"id":5690,"href":"https:\/\/aeter.org\/gl\/wp-json\/wp\/v2\/pages\/2663\/revisions\/5690"}],"wp:attachment":[{"href":"https:\/\/aeter.org\/gl\/wp-json\/wp\/v2\/media?parent=2663"}],"curies":[{"name":"wp","href":"https:\/\/api.w.org\/{rel}","templated":true}]}}