{"id":2677,"date":"2021-03-25T17:56:01","date_gmt":"2021-03-25T17:56:01","guid":{"rendered":"https:\/\/aeter.org\/amelia-de-irazazabal-nerpell-1926-2004\/"},"modified":"2021-03-25T17:56:02","modified_gmt":"2021-03-25T17:56:02","slug":"amelia-de-irazazabal-nerpell-1926-2004","status":"publish","type":"page","link":"https:\/\/aeter.org\/gl\/amelia-de-irazazabal-nerpell-1926-2004\/","title":{"rendered":"Amelia de Irazaz\u00e1bal Nerpell (1926-2004)"},"content":{"rendered":"<p>&nbsp;<\/p>\n<p><a href=\"http:\/\/www.aeter.org\/wp-content\/uploads\/2013\/02\/amelia_irazazabal.jpg\"><img loading=\"lazy\" decoding=\"async\" class=\"alignleft size-medium wp-image-232\" title=\"Amelia de Irazaz\u00e1bal\" src=\"http:\/\/www.aeter.org\/wp-content\/uploads\/2013\/02\/amelia_irazazabal-227x300.jpg\" alt=\"Amelia de Irazaz\u00e1bal\" width=\"136\" height=\"180\" srcset=\"https:\/\/aeter.org\/wp-content\/uploads\/2013\/02\/amelia_irazazabal-227x300.jpg 227w, https:\/\/aeter.org\/wp-content\/uploads\/2013\/02\/amelia_irazazabal.jpg 358w\" sizes=\"auto, (max-width: 136px) 100vw, 136px\" \/><\/a><\/p>\n<p><strong><span style=\"color: #800000;\">Amelia de Irazaz\u00e1bal Nerpell<br \/>\n<\/span><\/strong><span style=\"color: #800000;\">(Cr\u00e9menes 1926 \u2013 Madrid 2004)<\/span><\/p>\n<p style=\"text-align: justify;\">Doutora en Ciencias (1953) e profesora adxunta na c\u00e1tedra de Qu\u00edmica Org\u00e1nica da Universidade de Valladolid, en 1968 ingresou no Instituto de Informaci\u00f3n e Documentaci\u00f3n do Consello Superior de Investigaci\u00f3ns Cient\u00edficas (CSIC), onde desenvolveu un intenso e frut\u00edfero labor en terminolox\u00eda ata a s\u00faa xubilaci\u00f3n. Unha das mellores especialistas no vocabulario cient\u00edfico e t\u00e9cnico, comezou por impulsar os seus traballos, desde o CSIC, coa creaci\u00f3n no ano 1977, xunto co profesor Criado de Val, de Hispanoterm (Centro de Terminolox\u00eda Cient\u00edfica e T\u00e9cnica en Espa\u00f1ol) e en colaboraci\u00f3n cos organismos internacionais de normalizaci\u00f3n terminol\u00f3xica m\u00e1is importantes do seu momento.<\/p>\n<p style=\"text-align: justify;\">A s\u00faa actividade incesante en prol da terminolox\u00eda en lingua espa\u00f1ola orientouse a trav\u00e9s dos Programas de Investigaci\u00f3n sobre a Normalizaci\u00f3n da Lingua Cient\u00edfica Espa\u00f1ola que desenvolveu no ICYT (Instituto de Informaci\u00f3n e Documentaci\u00f3n en Ciencia e Tecnolox\u00eda) e no ISOC (Instituto de Informaci\u00f3n e Documentaci\u00f3n en Ciencias Sociais e Humanidades), dirixindo o Grupo de Terminolox\u00eda do CSIC, que a partir de 1985 se denominou TermEsp, o gran coraz\u00f3n da terminolox\u00eda para o espa\u00f1ol peninsular. Xunto \u00e1 s\u00faa defensa da terminolox\u00eda en lingua espa\u00f1ola, tam\u00e9n argumentaba e defend\u00eda a presenza nos vocabularios cient\u00edficos e t\u00e9cnicos das outras linguas de Espa\u00f1a (catal\u00e1n, galego e vasco), cuxo desenvolvemento apoiaba sen descanso.<\/p>\n<p style=\"text-align: justify;\">Neste sentido, simultaneou a intensa actividade, desempe\u00f1ada no CSIC, cunha estreita relaci\u00f3n coas instituci\u00f3ns nacionais (UZEI e TERMCAT) e internacionais (Infoterm, TermNet e Uni\u00f3n Latina) para a elaboraci\u00f3n e desenvolvemento de linguaxes documentais e tesauros multiling\u00fces.<\/p>\n<p style=\"text-align: justify;\">Prop\u00faxose tam\u00e9n a formaci\u00f3n de especialistas, primeiro no ICYT e despois en numerosas universidades espa\u00f1olas (Granada, Valladolid, Alcal\u00e1, Las Palmas de Gran Canaria, Complutense de Madrid, Pa\u00eds Vasco, Jaume I de Castell\u00f3, etc.), nas que tam\u00e9n deu cursos de doutoramento.<\/p>\n<p style=\"text-align: justify;\">Autora de m\u00e1is de medio centenar de glosarios, tesauros, libros e artigos, participou en numerosos contratos de investigaci\u00f3n con empresas p\u00fablicas (Comisi\u00f3n da Comunidade Europea, Ministerio de Obras P\u00fablicas e Urbanismo, Ministerio de Sanidade e Consumo, Organizaci\u00f3n Mundial da Sa\u00fade, etc.) e privadas (Logomotiv, Mapfre, Airtel, entre outras). Tam\u00e9n compartiu a autor\u00eda cient\u00edfica co seu marido, Miguel Pedro de Andr\u00e9s, colaborando con el na elaboraci\u00f3n do <em>Stahleisen-W\u00f6rterbuch (Deutsch-Spanisch, Spanisch-Deutsch) Dicionario ferro e aceiro (alem\u00e1n-espa\u00f1ol, espa\u00f1ol-alem\u00e1n<\/em>). Editou, xunto con Uni\u00f3n Latina, o <em>Cat\u00e1logo de recursos terminol\u00f3xicos en lingua espa\u00f1ola.<\/em><\/p>\n<p style=\"text-align: justify;\">A Universidade de Granada concedeulle a medalla de ouro como mostra de reco\u00f1ecemento \u00e1 s\u00faa asidua colaboraci\u00f3n cos estudos de traduci\u00f3n e interpretaci\u00f3n.<\/p>\n<p style=\"text-align: justify;\">No ano 2003 o International Information Centre for Terminology (Infoterm) concedeulle o Premio Eugen W\u00fcster(<span style=\"color: #800000;\">*<\/span>), galard\u00f3n outorgado a investigadores que destacaron internacionalmente no campo da terminolox\u00eda.<\/p>\n<p style=\"text-align: right;\">Purificaci\u00f3n Fern\u00e1ndez Nistal<br \/>\nXunta directiva de AETER<\/p>\n<p><strong><span style=\"color: #800000;\">(*) <\/span><\/strong><span style=\"color: #800000;\">D<\/span><span style=\"color: #800000;\">Discurso de aceptaci\u00f3n e agradecemento de Amelia de Irazaz\u00e1bal e fotograf\u00edas do evento: <a href=\"http:\/\/www.aeter.org\/wp-content\/uploads\/2013\/02\/archivo_PDF1.pdf\">arquivo_PDF<\/a><\/span><\/p>\n<p><strong><span style=\"color: #800000;\">V\u00e9xase tam\u00e9n:<\/span><\/strong><\/p>\n<p style=\"text-align: justify;\"><span style=\"color: #000000;\">G\u00f3mez de Enterr\u00eda, Josefa; Gallardo, Natividad (2005): \u201cAmelia de Irazaz\u00e1bal, in memoriam. Amelia de Irazaz\u00e1bal Nerpell (1926-2004): impulsora de la terminolog\u00eda cient\u00edfica en lengua espa\u00f1ola\u201d. En G\u00f3mez de Enterr\u00eda, Josefa (coord.): <em>Comunicar y ense\u00f1ar a comunicar el conocimiento especializado. V Jornada-Coloquio de la Asociaci\u00f3n Espa\u00f1ola de Terminolog\u00eda (15 de Octubre de 2004)<\/em>. Madrid: Centro Virtual Cervantes<\/span>.<br \/>\nAcceso ao texto completo:<br \/>\n<a href=\"http:\/\/cvc.cervantes.es\/lengua\/aeter\/memoriam.htm\" target=\"_blank\" rel=\"noopener\">http:\/\/cvc.cervantes.es\/lengua\/aeter\/memoriam.htm<\/a><\/p>\n<p><span style=\"color: #000000;\">Navarro, Carmen (ed.) (2008): <em>Terminolog\u00eda, Traducci\u00f3n y Comunicaci\u00f3n Especializada: Homenaje a Amelia de Irazaz\u00e1bal: Actas del Congreso Internacional, 11-12 de Octubre 2007, Universit\u00e0 Degli Studi di Verona, Dipartimento di <\/em><\/span><em>Romanistica<\/em><span style=\"color: #000000;\"><em>.<\/em> Verona: Fiorini. ISBN: 8887082804, 9788887082807<\/span><\/p>\n<p><span style=\"color: #000000;\">Mayoral, Roberto; Gallardo, Natividad (2012): &#8220;Estimada Amelia&#8221;. En <em>Termin\u00e0lia<\/em>, 6 (juny 2012), p\u00e1g. 60-62 <\/span><br \/>\n<span style=\"color: #000000;\">Acceso ao texto completo: <span style=\"color: #000080;\"><a href=\"http:\/\/revistes.iec.cat\/index.php\/Terminalia\/article\/view\/65809\/pdf_378\" target=\"_blank\" rel=\"noopener\">http:\/\/revistes.iec.cat\/index.php\/Terminalia\/article\/view\/65809\/pdf_378<\/a><\/span> <\/span><\/p>\n<p><span style=\"color: #000000;\">Cabr\u00e9, M. Teresa (2012): &#8220;Nota en record d&#8217;Amelia de Irazaz\u00e1bal, sempre present en el meu record&#8221;. En <em>Termin\u00e0lia,<\/em> 6 (juny 2012), p\u00e1g. 63-64 <\/span><br \/>\n<span style=\"color: #000000;\">Acceso ao texto completo:<\/span><br \/>\n<span style=\"color: #000080;\"><a href=\"http:\/\/revistes.iec.cat\/index.php\/Terminalia\/article\/view\/65810\/pdf_379%20\" target=\"_blank\" rel=\"noopener\">http:\/\/revistes.iec.cat\/index.php\/Terminalia\/article\/view\/65810\/pdf_379 <\/a><\/span><\/p>\n<p><span style=\"color: #000000;\">&#8220;Bibliografia m\u00e9s rellevant d&#8217;Amelia de Irazaz\u00e1bal&#8221; [compilada por Gemma Mart\u00ednez Ayuso]. En <\/span><em><span style=\"color: #000000;\">Termin\u00e0lia, <\/span><\/em><span style=\"color: #000000;\">6 (juny 2012), p\u00e1g. 65<br \/>\n<\/span><span style=\"color: #000000;\"> Acceso ao texto completo<\/span>:<br \/>\n<span style=\"color: #000080;\"><a href=\"http:\/\/revistes.iec.cat\/index.php\/Terminalia\/article\/view\/65811\/pdf_380\" target=\"_blank\" rel=\"noopener\">http:\/\/revistes.iec.cat\/index.php\/Terminalia\/article\/view\/65811\/pdf_380<\/a> <\/span><\/p>\n<p>&nbsp;<\/p>\n<hr>\n","protected":false},"excerpt":{"rendered":"<p>&nbsp; Amelia de Irazaz\u00e1bal Nerpell (Cr\u00e9menes 1926 \u2013 Madrid 2004) Doutora en Ciencias (1953) e profesora adxunta na c\u00e1tedra de Qu\u00edmica Org\u00e1nica da Universidade de Valladolid, en 1968 ingresou no Instituto de Informaci\u00f3n e Documentaci\u00f3n do Consello Superior de Investigaci\u00f3ns Cient\u00edficas (CSIC), onde desenvolveu un intenso e frut\u00edfero labor en terminolox\u00eda ata a s\u00faa xubilaci\u00f3n.&hellip;<\/p>\n","protected":false},"author":5,"featured_media":0,"parent":0,"menu_order":0,"comment_status":"closed","ping_status":"closed","template":"","meta":{"footnotes":""},"class_list":["post-2677","page","type-page","status-publish","hentry"],"yoast_head":"<!-- This site is optimized with the Yoast SEO plugin v24.4 - https:\/\/yoast.com\/wordpress\/plugins\/seo\/ -->\n<title>Amelia de Irazaz\u00e1bal Nerpell (1926-2004) - ASOCIACI\u00d3N ESPA\u00d1OLA DE TERMINOLOG\u00cdA<\/title>\n<meta name=\"robots\" content=\"index, follow, max-snippet:-1, max-image-preview:large, max-video-preview:-1\" \/>\n<link rel=\"canonical\" href=\"https:\/\/aeter.org\/gl\/amelia-de-irazazabal-nerpell-1926-2004\/\" \/>\n<meta property=\"og:locale\" content=\"gl_ES\" \/>\n<meta property=\"og:type\" content=\"article\" \/>\n<meta property=\"og:title\" content=\"Amelia de Irazaz\u00e1bal Nerpell (1926-2004) - ASOCIACI\u00d3N ESPA\u00d1OLA DE TERMINOLOG\u00cdA\" \/>\n<meta property=\"og:description\" content=\"&nbsp; Amelia de Irazaz\u00e1bal Nerpell (Cr\u00e9menes 1926 \u2013 Madrid 2004) Doutora en Ciencias (1953) e profesora adxunta na c\u00e1tedra de Qu\u00edmica Org\u00e1nica da Universidade de Valladolid, en 1968 ingresou no Instituto de Informaci\u00f3n e Documentaci\u00f3n do Consello Superior de Investigaci\u00f3ns Cient\u00edficas (CSIC), onde desenvolveu un intenso e frut\u00edfero labor en terminolox\u00eda ata a s\u00faa xubilaci\u00f3n.&hellip;\" \/>\n<meta property=\"og:url\" content=\"https:\/\/aeter.org\/gl\/amelia-de-irazazabal-nerpell-1926-2004\/\" \/>\n<meta property=\"og:site_name\" content=\"ASOCIACI\u00d3N ESPA\u00d1OLA DE TERMINOLOG\u00cdA\" \/>\n<meta property=\"article:modified_time\" content=\"2021-03-25T17:56:02+00:00\" \/>\n<meta property=\"og:image\" content=\"http:\/\/www.aeter.org\/wp-content\/uploads\/2013\/02\/amelia_irazazabal-227x300.jpg\" \/>\n<meta name=\"twitter:card\" content=\"summary_large_image\" \/>\n<meta name=\"twitter:label1\" content=\"Tempo de lectura\" \/>\n\t<meta name=\"twitter:data1\" content=\"4 minutos\" \/>\n<script type=\"application\/ld+json\" class=\"yoast-schema-graph\">{\"@context\":\"https:\/\/schema.org\",\"@graph\":[{\"@type\":\"WebPage\",\"@id\":\"https:\/\/aeter.org\/gl\/amelia-de-irazazabal-nerpell-1926-2004\/\",\"url\":\"https:\/\/aeter.org\/gl\/amelia-de-irazazabal-nerpell-1926-2004\/\",\"name\":\"Amelia de Irazaz\u00e1bal Nerpell (1926-2004) - ASOCIACI\u00d3N ESPA\u00d1OLA DE TERMINOLOG\u00cdA\",\"isPartOf\":{\"@id\":\"https:\/\/aeter.org\/#website\"},\"primaryImageOfPage\":{\"@id\":\"https:\/\/aeter.org\/gl\/amelia-de-irazazabal-nerpell-1926-2004\/#primaryimage\"},\"image\":{\"@id\":\"https:\/\/aeter.org\/gl\/amelia-de-irazazabal-nerpell-1926-2004\/#primaryimage\"},\"thumbnailUrl\":\"http:\/\/www.aeter.org\/wp-content\/uploads\/2013\/02\/amelia_irazazabal-227x300.jpg\",\"datePublished\":\"2021-03-25T17:56:01+00:00\",\"dateModified\":\"2021-03-25T17:56:02+00:00\",\"breadcrumb\":{\"@id\":\"https:\/\/aeter.org\/gl\/amelia-de-irazazabal-nerpell-1926-2004\/#breadcrumb\"},\"inLanguage\":\"gl-ES\",\"potentialAction\":[{\"@type\":\"ReadAction\",\"target\":[\"https:\/\/aeter.org\/gl\/amelia-de-irazazabal-nerpell-1926-2004\/\"]}]},{\"@type\":\"ImageObject\",\"inLanguage\":\"gl-ES\",\"@id\":\"https:\/\/aeter.org\/gl\/amelia-de-irazazabal-nerpell-1926-2004\/#primaryimage\",\"url\":\"http:\/\/www.aeter.org\/wp-content\/uploads\/2013\/02\/amelia_irazazabal-227x300.jpg\",\"contentUrl\":\"http:\/\/www.aeter.org\/wp-content\/uploads\/2013\/02\/amelia_irazazabal-227x300.jpg\"},{\"@type\":\"BreadcrumbList\",\"@id\":\"https:\/\/aeter.org\/gl\/amelia-de-irazazabal-nerpell-1926-2004\/#breadcrumb\",\"itemListElement\":[{\"@type\":\"ListItem\",\"position\":1,\"name\":\"Portada\",\"item\":\"https:\/\/aeter.org\/\"},{\"@type\":\"ListItem\",\"position\":2,\"name\":\"Amelia de Irazaz\u00e1bal Nerpell (1926-2004)\"}]},{\"@type\":\"WebSite\",\"@id\":\"https:\/\/aeter.org\/#website\",\"url\":\"https:\/\/aeter.org\/\",\"name\":\"ASOCIACI\u00d3N ESPA\u00d1OLA DE TERMINOLOG\u00cdA\",\"description\":\"AETER\",\"potentialAction\":[{\"@type\":\"SearchAction\",\"target\":{\"@type\":\"EntryPoint\",\"urlTemplate\":\"https:\/\/aeter.org\/?s={search_term_string}\"},\"query-input\":{\"@type\":\"PropertyValueSpecification\",\"valueRequired\":true,\"valueName\":\"search_term_string\"}}],\"inLanguage\":\"gl-ES\"}]}<\/script>\n<!-- \/ Yoast SEO plugin. -->","yoast_head_json":{"title":"Amelia de Irazaz\u00e1bal Nerpell (1926-2004) - ASOCIACI\u00d3N ESPA\u00d1OLA DE TERMINOLOG\u00cdA","robots":{"index":"index","follow":"follow","max-snippet":"max-snippet:-1","max-image-preview":"max-image-preview:large","max-video-preview":"max-video-preview:-1"},"canonical":"https:\/\/aeter.org\/gl\/amelia-de-irazazabal-nerpell-1926-2004\/","og_locale":"gl_ES","og_type":"article","og_title":"Amelia de Irazaz\u00e1bal Nerpell (1926-2004) - ASOCIACI\u00d3N ESPA\u00d1OLA DE TERMINOLOG\u00cdA","og_description":"&nbsp; Amelia de Irazaz\u00e1bal Nerpell (Cr\u00e9menes 1926 \u2013 Madrid 2004) Doutora en Ciencias (1953) e profesora adxunta na c\u00e1tedra de Qu\u00edmica Org\u00e1nica da Universidade de Valladolid, en 1968 ingresou no Instituto de Informaci\u00f3n e Documentaci\u00f3n do Consello Superior de Investigaci\u00f3ns Cient\u00edficas (CSIC), onde desenvolveu un intenso e frut\u00edfero labor en terminolox\u00eda ata a s\u00faa xubilaci\u00f3n.&hellip;","og_url":"https:\/\/aeter.org\/gl\/amelia-de-irazazabal-nerpell-1926-2004\/","og_site_name":"ASOCIACI\u00d3N ESPA\u00d1OLA DE TERMINOLOG\u00cdA","article_modified_time":"2021-03-25T17:56:02+00:00","og_image":[{"url":"http:\/\/www.aeter.org\/wp-content\/uploads\/2013\/02\/amelia_irazazabal-227x300.jpg","type":"","width":"","height":""}],"twitter_card":"summary_large_image","twitter_misc":{"Tempo de lectura":"4 minutos"},"schema":{"@context":"https:\/\/schema.org","@graph":[{"@type":"WebPage","@id":"https:\/\/aeter.org\/gl\/amelia-de-irazazabal-nerpell-1926-2004\/","url":"https:\/\/aeter.org\/gl\/amelia-de-irazazabal-nerpell-1926-2004\/","name":"Amelia de Irazaz\u00e1bal Nerpell (1926-2004) - ASOCIACI\u00d3N ESPA\u00d1OLA DE TERMINOLOG\u00cdA","isPartOf":{"@id":"https:\/\/aeter.org\/#website"},"primaryImageOfPage":{"@id":"https:\/\/aeter.org\/gl\/amelia-de-irazazabal-nerpell-1926-2004\/#primaryimage"},"image":{"@id":"https:\/\/aeter.org\/gl\/amelia-de-irazazabal-nerpell-1926-2004\/#primaryimage"},"thumbnailUrl":"http:\/\/www.aeter.org\/wp-content\/uploads\/2013\/02\/amelia_irazazabal-227x300.jpg","datePublished":"2021-03-25T17:56:01+00:00","dateModified":"2021-03-25T17:56:02+00:00","breadcrumb":{"@id":"https:\/\/aeter.org\/gl\/amelia-de-irazazabal-nerpell-1926-2004\/#breadcrumb"},"inLanguage":"gl-ES","potentialAction":[{"@type":"ReadAction","target":["https:\/\/aeter.org\/gl\/amelia-de-irazazabal-nerpell-1926-2004\/"]}]},{"@type":"ImageObject","inLanguage":"gl-ES","@id":"https:\/\/aeter.org\/gl\/amelia-de-irazazabal-nerpell-1926-2004\/#primaryimage","url":"http:\/\/www.aeter.org\/wp-content\/uploads\/2013\/02\/amelia_irazazabal-227x300.jpg","contentUrl":"http:\/\/www.aeter.org\/wp-content\/uploads\/2013\/02\/amelia_irazazabal-227x300.jpg"},{"@type":"BreadcrumbList","@id":"https:\/\/aeter.org\/gl\/amelia-de-irazazabal-nerpell-1926-2004\/#breadcrumb","itemListElement":[{"@type":"ListItem","position":1,"name":"Portada","item":"https:\/\/aeter.org\/"},{"@type":"ListItem","position":2,"name":"Amelia de Irazaz\u00e1bal Nerpell (1926-2004)"}]},{"@type":"WebSite","@id":"https:\/\/aeter.org\/#website","url":"https:\/\/aeter.org\/","name":"ASOCIACI\u00d3N ESPA\u00d1OLA DE TERMINOLOG\u00cdA","description":"AETER","potentialAction":[{"@type":"SearchAction","target":{"@type":"EntryPoint","urlTemplate":"https:\/\/aeter.org\/?s={search_term_string}"},"query-input":{"@type":"PropertyValueSpecification","valueRequired":true,"valueName":"search_term_string"}}],"inLanguage":"gl-ES"}]}},"_links":{"self":[{"href":"https:\/\/aeter.org\/gl\/wp-json\/wp\/v2\/pages\/2677","targetHints":{"allow":["GET"]}}],"collection":[{"href":"https:\/\/aeter.org\/gl\/wp-json\/wp\/v2\/pages"}],"about":[{"href":"https:\/\/aeter.org\/gl\/wp-json\/wp\/v2\/types\/page"}],"author":[{"embeddable":true,"href":"https:\/\/aeter.org\/gl\/wp-json\/wp\/v2\/users\/5"}],"replies":[{"embeddable":true,"href":"https:\/\/aeter.org\/gl\/wp-json\/wp\/v2\/comments?post=2677"}],"version-history":[{"count":1,"href":"https:\/\/aeter.org\/gl\/wp-json\/wp\/v2\/pages\/2677\/revisions"}],"predecessor-version":[{"id":2685,"href":"https:\/\/aeter.org\/gl\/wp-json\/wp\/v2\/pages\/2677\/revisions\/2685"}],"wp:attachment":[{"href":"https:\/\/aeter.org\/gl\/wp-json\/wp\/v2\/media?parent=2677"}],"curies":[{"name":"wp","href":"https:\/\/api.w.org\/{rel}","templated":true}]}}