{"id":2725,"date":"2021-03-26T14:48:02","date_gmt":"2021-03-26T14:48:02","guid":{"rendered":"https:\/\/aeter.org\/junta-directiva\/"},"modified":"2025-05-12T16:54:06","modified_gmt":"2025-05-12T16:54:06","slug":"xunta-directiva","status":"publish","type":"page","link":"https:\/\/aeter.org\/gl\/xunta-directiva\/","title":{"rendered":"Xunta directiva"},"content":{"rendered":"\r\n<section id=\"section-22975e25-cd4c-4417-ad3c-feab016952a4\" class=\"wp-block-gutentor-team gutentor-section gutentor-team team-template1 has-color-bg has-custom-bg\">\r\n<div class=\"grid-container\">\r\n<div class=\"gutentor-block-header\">\r\n<div class=\"gutentor-section-title text-center\">\r\n<h2 class=\"gutentor-title\">Xunta directiva<\/h2>\r\n<\/div>\r\n<\/div>\r\n<div class=\"grid-row gutentor-grid-item-wrap\">\r\n<div class=\"gutentor-grid-column grid-lg-3 grid-md-3 grid-3\">\r\n<div class=\"gutentor-single-item gutentor-image team-template1 gutentor-single-item-0\">\r\n<div class=\"gutentor-template-wrapper\">\r\n<div class=\"gutentor-single-item-image-box\">\r\n<div class=\"gutentor-image-thumb\"><img decoding=\"async\" class=\"normal-image\" src=\"https:\/\/aeter.org\/wp-content\/uploads\/2020\/02\/unnamed_OK.jpg\" alt=\"\" \/><\/div>\r\n<\/div>\r\n<div class=\"gutentor-single-item-content\">\r\n<h4 class=\"gutentor-single-item-title\"><strong><em>Joaqu\u00edn Garc\u00eda Palacios<\/em><\/strong><\/h4>\r\n<p class=\"gutentor-single-item-designation\"><strong><span class=\"has-inline-color\" style=\"color: #65727b;\">Presidente<\/span><\/strong><br \/>Universidad de Salamanca<br \/>Departamento de Traducci\u00f3n e Interpretaci\u00f3n<br \/>c\/ Francisco Vitoria 6-16<br \/>37008 Salamanca<br \/><a href=\"mailto:info@aeter.org\">info@aeter.org<br \/><\/a><a href=\"mailto:%20gpalacios@usal.es\">gpalacios@usal.es<\/a><br \/><a href=\"https:\/\/aeter.org\/gl\/biodata-dos-membros-da-xunta-actual\/\">Biodata<\/a><\/p>\r\n<\/div>\r\n<\/div>\r\n<\/div>\r\n<\/div>\r\n<div class=\"gutentor-grid-column grid-lg-3 grid-md-3 grid-3\">\r\n<div class=\"gutentor-single-item gutentor-image team-template1 gutentor-single-item-1\">\r\n<div class=\"gutentor-template-wrapper\">\r\n<div class=\"gutentor-single-item-image-box\">\r\n<div class=\"gutentor-image-thumb\"><img decoding=\"async\" class=\"normal-image\" src=\"https:\/\/aeter.org\/wp-content\/uploads\/2020\/02\/FotoNMarotoOK.jpg\" alt=\"\" \/><\/div>\r\n<\/div>\r\n<div class=\"gutentor-single-item-content\">\r\n<h4 class=\"gutentor-single-item-title\"><strong><em>Nava Maroto Garc\u00eda<\/em><\/strong><\/h4>\r\n<p class=\"gutentor-single-item-designation\"><strong><span class=\"has-inline-color\" style=\"color: #65727b;\">Vicepresidenta <\/span><\/strong><br \/>Universidad Polit\u00e9cnica de Madrid<br \/>Dpto. de Ling\u00fc\u00edstica Aplicada a la Ciencia y a la Tecnolog\u00eda<br \/>Avda. Complutense, 30<br \/>28030 &#8211; Madrid<br \/><a href=\"mailto:mariadelanava.maroto@upm.es\" target=\"_blank\" rel=\"noreferrer noopener\">mariadelanava.maroto@upm.es<\/a> <br \/><a href=\"https:\/\/aeter.org\/gl\/biodata-dos-membros-da-xunta-actual\/\">Biodata<\/a><\/p>\r\n<\/div>\r\n<\/div>\r\n<\/div>\r\n<\/div>\r\n<div class=\"gutentor-grid-column grid-lg-3 grid-md-3 grid-3\">\r\n<div class=\"gutentor-single-item gutentor-image team-template1 gutentor-single-item-2\">\r\n<div class=\"gutentor-template-wrapper\">\r\n<div class=\"gutentor-single-item-image-box\">\r\n<div class=\"gutentor-image-thumb\"><img decoding=\"async\" class=\"normal-image\" src=\"https:\/\/aeter.org\/wp-content\/uploads\/2020\/02\/2019_ROSA-CASTROOK.jpg\" alt=\"\" \/><\/div>\r\n<\/div>\r\n<div class=\"gutentor-single-item-content\">\r\n<h4 class=\"gutentor-single-item-title\"><em><strong>Mar\u00eda Rosa <\/strong><\/em><br \/><em><strong>Castro Prieto<\/strong><\/em><\/h4>\r\n<p class=\"gutentor-single-item-designation\"><strong><span class=\"has-inline-color\" style=\"color: #65727b;\">Secretaria <\/span><\/strong><br \/>Universidad Aut\u00f3noma de Madrid<br \/>Departamento de Filolog\u00eda Espa\u00f1ola<br \/>Campus de Cantoblanco<br \/>28049 Madrid<br \/><a href=\"https:\/\/aeter.org\/wp-admin\/mariar.castro@uam.es\" target=\"_blank\" rel=\"noreferrer noopener\">mariar.castro@uam.es<\/a><br \/><a href=\"https:\/\/aeter.org\/gl\/biodata-dos-membros-da-xunta-actual\/\">Biodata<\/a><\/p>\r\n<\/div>\r\n<\/div>\r\n<\/div>\r\n<\/div>\r\n<div class=\"gutentor-grid-column grid-lg-3 grid-md-3 grid-3\">\r\n<div class=\"gutentor-single-item gutentor-image team-template1 gutentor-single-item-3\">\r\n<div class=\"gutentor-template-wrapper\">\r\n<div class=\"gutentor-single-item-image-box\">\r\n<div class=\"gutentor-image-thumb\">\u00a0<\/div>\r\n<\/div>\r\n<div class=\"gutentor-single-item-content\">\r\n<p class=\"gutentor-single-item-designation\">\u00a0<\/p>\r\n<\/div>\r\n<\/div>\r\n<\/div>\r\n<\/div>\r\n<div class=\"gutentor-grid-column grid-lg-3 grid-md-3 grid-3\">\r\n<div class=\"gutentor-single-item gutentor-image team-template1 gutentor-single-item-4\">\r\n<div class=\"gutentor-template-wrapper\">\r\n<div class=\"gutentor-single-item-image-box\">\r\n<div class=\"gutentor-image-thumb\">\r\n<h4><img loading=\"lazy\" decoding=\"async\" class=\"wp-image-6636 alignnone\" src=\"https:\/\/aeter.org\/wp-content\/uploads\/2023\/12\/Rosa_Estopa.jpg\" alt=\"\" width=\"297\" height=\"223\" srcset=\"https:\/\/aeter.org\/wp-content\/uploads\/2023\/12\/Rosa_Estopa.jpg 1024w, https:\/\/aeter.org\/wp-content\/uploads\/2023\/12\/Rosa_Estopa-768x576.jpg 768w\" sizes=\"auto, (max-width: 297px) 100vw, 297px\" \/><\/h4>\r\n<h4 class=\"gutentor-single-item-title\"><strong><em>Rosa estop\u00e0<\/em><\/strong><\/h4>\r\n<p class=\"gutentor-single-item-designation\"><strong><span class=\"has-inline-color\" style=\"color: #65727b;\">Vogal<\/span><\/strong><br \/>Universitat Pompeu Fabra<br \/>Departamento de Traducci\u00f3n y Ciencias del Lenguaje <br \/><a href=\"mailto:rosa.estopa@upf.edu\">rosa.estopa@upf.edu<\/a><a href=\"mailto:info@aeter.org\">\u00a0<\/a><\/p>\r\n<\/div>\r\n<\/div>\r\n<div class=\"gutentor-single-item-content\">\r\n<p class=\"gutentor-single-item-designation\"><a href=\"https:\/\/aeter.org\/gl\/biodata-dos-membros-da-xunta-actual\/\">Biodata<\/a><\/p>\r\n<\/div>\r\n<\/div>\r\n<\/div>\r\n<\/div>\r\n<div class=\"gutentor-grid-column grid-lg-3 grid-md-3 grid-3\">\r\n<div class=\"gutentor-single-item gutentor-image team-template1 gutentor-single-item-5\">\r\n<div class=\"gutentor-template-wrapper\">\r\n<div class=\"gutentor-single-item-image-box\">\r\n<div class=\"gutentor-image-thumb\"><img decoding=\"async\" class=\"normal-image\" src=\"https:\/\/aeter.org\/wp-content\/uploads\/2020\/02\/ImanolOK.jpg\" alt=\"\" \/><\/div>\r\n<\/div>\r\n<div class=\"gutentor-single-item-content\">\r\n<h4 class=\"gutentor-single-item-title\"><strong><em>Imanol Urbieta<\/em><\/strong><\/h4>\r\n<p class=\"gutentor-single-item-designation\"><strong><span class=\"has-inline-color\" style=\"color: #65727b;\">Tesoureiro<\/span><\/strong><br \/>UZEI, Centro Vasco de Terminolog\u00eda y Lexicograf\u00eda<br \/>Aldapeta, 20<br \/>20009 Donostia<a href=\"mailto:info@aeter.org\"><br \/>info@aeter.org<br \/><\/a><a href=\"mailto:iurbieta@uzei.eus\">iurbieta@uzei.eus<br \/><\/a><a href=\"https:\/\/aeter.org\/gl\/biodata-dos-membros-da-xunta-actual\/\">Biodata<\/a><\/p>\r\n<\/div>\r\n<\/div>\r\n<\/div>\r\n<\/div>\r\n<div class=\"gutentor-grid-column grid-lg-3 grid-md-3 grid-3\">\r\n<div class=\"gutentor-single-item gutentor-image team-template1 gutentor-single-item-6\">\r\n<div class=\"gutentor-template-wrapper\">\r\n<div class=\"gutentor-single-item-image-box\">\u00a0<\/div>\r\n<div class=\"gutentor-single-item-content\">\r\n<p class=\"gutentor-single-item-designation\">\u00a0<\/p>\r\n<\/div>\r\n<\/div>\r\n<\/div>\r\n<\/div>\r\n<\/div>\r\n<\/div>\r\n<\/section>\r\n\r\n\r\n\r\n<div class=\"wp-block-group\">\r\n<div class=\"wp-block-group__inner-container is-layout-flow wp-block-group-is-layout-flow\">\r\n<p><a title=\"Juntas directivas anteriores\" href=\"https:\/\/aeter.org\/gl\/xunta-directiva\/xuntas-directivas-anteriores\/\">Xuntas directivas anteriores<\/a><\/p>\r\n<\/div>\r\n<\/div>\r\n","protected":false},"excerpt":{"rendered":"<p>Xuntas directivas anteriores<\/p>\n","protected":false},"author":5,"featured_media":0,"parent":0,"menu_order":1,"comment_status":"closed","ping_status":"closed","template":"","meta":{"footnotes":""},"class_list":["post-2725","page","type-page","status-publish","hentry"],"yoast_head":"<!-- This site is optimized with the Yoast SEO plugin v24.4 - https:\/\/yoast.com\/wordpress\/plugins\/seo\/ -->\n<title>Xunta directiva - ASOCIACI\u00d3N ESPA\u00d1OLA DE TERMINOLOG\u00cdA<\/title>\n<meta name=\"robots\" content=\"index, follow, max-snippet:-1, max-image-preview:large, max-video-preview:-1\" \/>\n<link rel=\"canonical\" href=\"https:\/\/aeter.org\/gl\/xunta-directiva\/\" \/>\n<meta property=\"og:locale\" content=\"gl_ES\" \/>\n<meta property=\"og:type\" content=\"article\" \/>\n<meta property=\"og:title\" content=\"Xunta directiva - ASOCIACI\u00d3N ESPA\u00d1OLA DE TERMINOLOG\u00cdA\" \/>\n<meta property=\"og:description\" content=\"Xuntas directivas anteriores\" \/>\n<meta property=\"og:url\" content=\"https:\/\/aeter.org\/gl\/xunta-directiva\/\" \/>\n<meta property=\"og:site_name\" content=\"ASOCIACI\u00d3N ESPA\u00d1OLA DE TERMINOLOG\u00cdA\" \/>\n<meta property=\"article:modified_time\" content=\"2025-05-12T16:54:06+00:00\" \/>\n<meta property=\"og:image\" content=\"https:\/\/aeter.org\/wp-content\/uploads\/2020\/02\/unnamed_OK.jpg\" \/>\n<meta name=\"twitter:card\" content=\"summary_large_image\" \/>\n<meta name=\"twitter:label1\" content=\"Tempo de lectura\" \/>\n\t<meta name=\"twitter:data1\" content=\"2 minutos\" \/>\n<script type=\"application\/ld+json\" class=\"yoast-schema-graph\">{\"@context\":\"https:\/\/schema.org\",\"@graph\":[{\"@type\":\"WebPage\",\"@id\":\"https:\/\/aeter.org\/gl\/xunta-directiva\/\",\"url\":\"https:\/\/aeter.org\/gl\/xunta-directiva\/\",\"name\":\"Xunta directiva - ASOCIACI\u00d3N ESPA\u00d1OLA DE TERMINOLOG\u00cdA\",\"isPartOf\":{\"@id\":\"https:\/\/aeter.org\/#website\"},\"primaryImageOfPage\":{\"@id\":\"https:\/\/aeter.org\/gl\/xunta-directiva\/#primaryimage\"},\"image\":{\"@id\":\"https:\/\/aeter.org\/gl\/xunta-directiva\/#primaryimage\"},\"thumbnailUrl\":\"https:\/\/aeter.org\/wp-content\/uploads\/2020\/02\/unnamed_OK.jpg\",\"datePublished\":\"2021-03-26T14:48:02+00:00\",\"dateModified\":\"2025-05-12T16:54:06+00:00\",\"breadcrumb\":{\"@id\":\"https:\/\/aeter.org\/gl\/xunta-directiva\/#breadcrumb\"},\"inLanguage\":\"gl-ES\",\"potentialAction\":[{\"@type\":\"ReadAction\",\"target\":[\"https:\/\/aeter.org\/gl\/xunta-directiva\/\"]}]},{\"@type\":\"ImageObject\",\"inLanguage\":\"gl-ES\",\"@id\":\"https:\/\/aeter.org\/gl\/xunta-directiva\/#primaryimage\",\"url\":\"https:\/\/aeter.org\/wp-content\/uploads\/2020\/02\/unnamed_OK.jpg\",\"contentUrl\":\"https:\/\/aeter.org\/wp-content\/uploads\/2020\/02\/unnamed_OK.jpg\"},{\"@type\":\"BreadcrumbList\",\"@id\":\"https:\/\/aeter.org\/gl\/xunta-directiva\/#breadcrumb\",\"itemListElement\":[{\"@type\":\"ListItem\",\"position\":1,\"name\":\"Portada\",\"item\":\"https:\/\/aeter.org\/\"},{\"@type\":\"ListItem\",\"position\":2,\"name\":\"Xunta directiva\"}]},{\"@type\":\"WebSite\",\"@id\":\"https:\/\/aeter.org\/#website\",\"url\":\"https:\/\/aeter.org\/\",\"name\":\"ASOCIACI\u00d3N ESPA\u00d1OLA DE TERMINOLOG\u00cdA\",\"description\":\"AETER\",\"potentialAction\":[{\"@type\":\"SearchAction\",\"target\":{\"@type\":\"EntryPoint\",\"urlTemplate\":\"https:\/\/aeter.org\/?s={search_term_string}\"},\"query-input\":{\"@type\":\"PropertyValueSpecification\",\"valueRequired\":true,\"valueName\":\"search_term_string\"}}],\"inLanguage\":\"gl-ES\"}]}<\/script>\n<!-- \/ Yoast SEO plugin. -->","yoast_head_json":{"title":"Xunta directiva - ASOCIACI\u00d3N ESPA\u00d1OLA DE TERMINOLOG\u00cdA","robots":{"index":"index","follow":"follow","max-snippet":"max-snippet:-1","max-image-preview":"max-image-preview:large","max-video-preview":"max-video-preview:-1"},"canonical":"https:\/\/aeter.org\/gl\/xunta-directiva\/","og_locale":"gl_ES","og_type":"article","og_title":"Xunta directiva - ASOCIACI\u00d3N ESPA\u00d1OLA DE TERMINOLOG\u00cdA","og_description":"Xuntas directivas anteriores","og_url":"https:\/\/aeter.org\/gl\/xunta-directiva\/","og_site_name":"ASOCIACI\u00d3N ESPA\u00d1OLA DE TERMINOLOG\u00cdA","article_modified_time":"2025-05-12T16:54:06+00:00","og_image":[{"url":"https:\/\/aeter.org\/wp-content\/uploads\/2020\/02\/unnamed_OK.jpg","type":"","width":"","height":""}],"twitter_card":"summary_large_image","twitter_misc":{"Tempo de lectura":"2 minutos"},"schema":{"@context":"https:\/\/schema.org","@graph":[{"@type":"WebPage","@id":"https:\/\/aeter.org\/gl\/xunta-directiva\/","url":"https:\/\/aeter.org\/gl\/xunta-directiva\/","name":"Xunta directiva - ASOCIACI\u00d3N ESPA\u00d1OLA DE TERMINOLOG\u00cdA","isPartOf":{"@id":"https:\/\/aeter.org\/#website"},"primaryImageOfPage":{"@id":"https:\/\/aeter.org\/gl\/xunta-directiva\/#primaryimage"},"image":{"@id":"https:\/\/aeter.org\/gl\/xunta-directiva\/#primaryimage"},"thumbnailUrl":"https:\/\/aeter.org\/wp-content\/uploads\/2020\/02\/unnamed_OK.jpg","datePublished":"2021-03-26T14:48:02+00:00","dateModified":"2025-05-12T16:54:06+00:00","breadcrumb":{"@id":"https:\/\/aeter.org\/gl\/xunta-directiva\/#breadcrumb"},"inLanguage":"gl-ES","potentialAction":[{"@type":"ReadAction","target":["https:\/\/aeter.org\/gl\/xunta-directiva\/"]}]},{"@type":"ImageObject","inLanguage":"gl-ES","@id":"https:\/\/aeter.org\/gl\/xunta-directiva\/#primaryimage","url":"https:\/\/aeter.org\/wp-content\/uploads\/2020\/02\/unnamed_OK.jpg","contentUrl":"https:\/\/aeter.org\/wp-content\/uploads\/2020\/02\/unnamed_OK.jpg"},{"@type":"BreadcrumbList","@id":"https:\/\/aeter.org\/gl\/xunta-directiva\/#breadcrumb","itemListElement":[{"@type":"ListItem","position":1,"name":"Portada","item":"https:\/\/aeter.org\/"},{"@type":"ListItem","position":2,"name":"Xunta directiva"}]},{"@type":"WebSite","@id":"https:\/\/aeter.org\/#website","url":"https:\/\/aeter.org\/","name":"ASOCIACI\u00d3N ESPA\u00d1OLA DE TERMINOLOG\u00cdA","description":"AETER","potentialAction":[{"@type":"SearchAction","target":{"@type":"EntryPoint","urlTemplate":"https:\/\/aeter.org\/?s={search_term_string}"},"query-input":{"@type":"PropertyValueSpecification","valueRequired":true,"valueName":"search_term_string"}}],"inLanguage":"gl-ES"}]}},"_links":{"self":[{"href":"https:\/\/aeter.org\/gl\/wp-json\/wp\/v2\/pages\/2725","targetHints":{"allow":["GET"]}}],"collection":[{"href":"https:\/\/aeter.org\/gl\/wp-json\/wp\/v2\/pages"}],"about":[{"href":"https:\/\/aeter.org\/gl\/wp-json\/wp\/v2\/types\/page"}],"author":[{"embeddable":true,"href":"https:\/\/aeter.org\/gl\/wp-json\/wp\/v2\/users\/5"}],"replies":[{"embeddable":true,"href":"https:\/\/aeter.org\/gl\/wp-json\/wp\/v2\/comments?post=2725"}],"version-history":[{"count":20,"href":"https:\/\/aeter.org\/gl\/wp-json\/wp\/v2\/pages\/2725\/revisions"}],"predecessor-version":[{"id":6828,"href":"https:\/\/aeter.org\/gl\/wp-json\/wp\/v2\/pages\/2725\/revisions\/6828"}],"wp:attachment":[{"href":"https:\/\/aeter.org\/gl\/wp-json\/wp\/v2\/media?parent=2725"}],"curies":[{"name":"wp","href":"https:\/\/api.w.org\/{rel}","templated":true}]}}