{"id":2969,"date":"2021-03-29T07:28:40","date_gmt":"2021-03-29T07:28:40","guid":{"rendered":"https:\/\/aeter.org\/premios-aeter\/"},"modified":"2021-07-09T16:18:33","modified_gmt":"2021-07-09T16:18:33","slug":"premios-aeter","status":"publish","type":"page","link":"https:\/\/aeter.org\/gl\/premios-aeter\/","title":{"rendered":"Premios AETER"},"content":{"rendered":"<p>Os Premios de AETER conv\u00f3canse anualmente en d\u00faas modalidades alternas:<\/p>\n<ul>\n<li>Modalidade A para xoves investigadores en Terminolox\u00eda<\/li>\n<li>Modalidade B para proxectos ou desenvolvementos en Terminolox\u00eda<\/li>\n<\/ul>\n<h3 style=\"text-align: center;\"><strong><span style=\"color: #800080;\">PREMIO DE INVESTIGACI\u00d3N E DESENVOLVEMENTO AETER 2018<\/span><\/strong><br \/>\n<strong><span style=\"color: #800080;\">Modalidade B para investigadores e desenvolvedores de recursos terminol\u00f3xicos<\/span><\/strong><br \/>\n<strong><span style=\"color: #800080;\">(Convocatoria pechada)<\/span><\/strong><\/h3>\n<p>A Asociaci\u00f3n Espa\u00f1ola de Terminolox\u00eda (AETER) convoca o Premio de Iniciativas orientadas \u00e1 integraci\u00f3n de recursos terminol\u00f3xicos do espa\u00f1ol.<\/p>\n<p><strong>Finalidade<\/strong><br \/>\nEste premio ten como obxectivo fomentar a creaci\u00f3n de recursos terminol\u00f3xicos do espa\u00f1ol para alcanzar unha maior difusi\u00f3n da terminolox\u00eda tanto monoling\u00fce como multiling\u00fce e as\u00ed promocionar a terminolox\u00eda do espa\u00f1ol.<\/p>\n<p><strong>Bases da convocatoria<\/strong><br \/>\n<strong>1.<\/strong> Poderanse presentar traballos ou desenvolvementos orixinais, tanto in\u00e9ditos como publicados, durante os dous anos anteriores a esta convocatoria.<br \/>\n<strong>2.<\/strong> Ning\u00fan traballo poder\u00e1 presentarse en d\u00faas convocatorias diferentes.<br \/>\n<strong>3.<\/strong> Os traballos ou os programas desenvolvidos deber\u00e1n vir acompa\u00f1ados dunha explicaci\u00f3n en calquera das linguas do Estado espa\u00f1ol, cun resumo de 30 p\u00e1xinas en castel\u00e1n.<br \/>\n<strong>4.<\/strong> O traballo presentado (recurso, programa, aplicaci\u00f3n, ou similar) deber\u00e1:<\/p>\n<ul>\n<li>a) Representar un avance para os recursos do espa\u00f1ol.<\/li>\n<li>b) Contar con documentaci\u00f3n formalizada para poder acceder ao recurso.<\/li>\n<li>c) Poder ser despregado nun servidor.<\/li>\n<li>d) Estar acompa\u00f1ado dunha carta de motivaci\u00f3n do traballo presentado, onde se expliquen os motivos e as vantaxes para o campo da Terminolox\u00eda.<\/li>\n<\/ul>\n<p><strong>5.<\/strong> No caso de que se tratase dun recurso ling\u00fc\u00edstico anotado, valorarase favorablemente que se proporcionen as gu\u00edas de anotaci\u00f3n ou unha DTD (ou ambas as d\u00faas).<br \/>\n<strong>6.<\/strong> Se se trata dun recurso non anotado, que polo menos estea nalg\u00fan formato est\u00e1ndar para ese tipo de recursos. Nese caso, \u00e9 fundamental que te\u00f1a unha interface ou un portal para que outros termin\u00f3logos poidan facer consultas.<br \/>\n<strong>7.<\/strong> Avaliaci\u00f3n:<br \/>\nSeguirase o sistema de avaliaci\u00f3n por pares.<br \/>\nCriterios. Valorarase favorablemente:<\/p>\n<ul>\n<li>a) o car\u00e1cter innovador,<\/li>\n<li>b) o uso de est\u00e1ndares de representaci\u00f3n co\u00f1ecidos (por exemplo, TBX en terminolox\u00eda, SKOS, etc.),<\/li>\n<li>c) a posibilidade de integraci\u00f3n ou de reutilizaci\u00f3n con outras ferramentas da \u00e1rea,<\/li>\n<li>d) o car\u00e1cter multiling\u00fce, dando preferencia \u00e1 presenza do espa\u00f1ol.<\/li>\n<\/ul>\n<p>Outros criterios que poder\u00e1n ser tidos en conta son:<\/p>\n<ul>\n<li>e) que a aplicaci\u00f3n ou recurso estea en OpenSource,<\/li>\n<li>f) que a aplicaci\u00f3n ou recurso conte cunha API ou linguaxes de consulta estandarizados.<\/li>\n<\/ul>\n<p><strong>8.<\/strong> Dotaci\u00f3n. O premio consistir\u00e1 nunha dotaci\u00f3n econ\u00f3mica de 300\u20ac e a subscrici\u00f3n dun ano como membro de AETER.<br \/>\n<strong>9.<\/strong> Decisi\u00f3n e entrega do premio. O premio resolverase e anunciarase no marco da reuni\u00f3n anual de AETER. Concederase ao traballo premiado unha dotaci\u00f3n \u00fanica de 300 euros, destinada a unha ou m\u00e1is bolsas de viaxe para congresos ou estancias de investigaci\u00f3n. Esta dotaci\u00f3n deber\u00e1 gastarse no per\u00edodo de tempo que media entre o anuncio da concesi\u00f3n na Asemblea da Xornada de AETER en curso e as catro semanas anteriores \u00e1 celebraci\u00f3n da seguinte Asemblea.<br \/>\n<strong>10.<\/strong> A Xunta Directiva de AETER poder\u00e1 revogar a concesi\u00f3n do premio cando se detecte que se incumpriron as bases desta convocatoria ou cando se detectase unha situaci\u00f3n fraudulenta.<br \/>\n<strong>11.<\/strong> Tramitaci\u00f3n e requisitos:<br \/>\na) Os candidatos deber\u00e1n remitir por correo electr\u00f3nico a <a href=\"mailto:premios@aeter.org\">premios@aeter.org<\/a> os seguintes documentos:<br \/>\n\u2022 Un informe dunhas 300 palabras, xustificativo da pertinencia da investigaci\u00f3n realizada para os estudos de Terminolox\u00eda, que se utilizar\u00e1, en caso de resultar premiada, como texto de presentaci\u00f3n do traballo na p\u00e1xina web de AETER.<br \/>\n\u2022 Un breve CV, dunhas 10-15 li\u00f1as, co resumo da formaci\u00f3n acad\u00e9mica e das publicaci\u00f3ns do concursante, relacionadas co traballo presentado, se as houber.<br \/>\n\u2022 O arquivo en formato PDF que conte\u00f1a a descrici\u00f3n do traballo co que se opta ao premio.<br \/>\n\u2022 O programa, aplicaci\u00f3n, ou outro tipo de recurso (anotador, corpus, etc.).<\/p>\n<p>b) Por correo postal certificado:<br \/>\n\u2022 Unha copia impresa do informe xustificativo.<br \/>\n\u2022 Unha copia impresa dos CV.<br \/>\n\u2022 Tres copias en CD do traballo, adecuadamente identificadas na portada de cada CD ou, no seu caso, cos permisos e posibilidades de uso e avaliaci\u00f3n.<br \/>\n\u2022 Direcci\u00f3n postal \u00e1 que se deben enviar os traballos:<\/p>\n<p style=\"padding-left: 90px;\">Guadalupe Aguado de Cea<br \/>\nPresidenta de AETER<br \/>\nEscola T\u00e9cnica Superior de Enxe\u00f1eiros Inform\u00e1ticos<br \/>\nUniversidade Polit\u00e9cnica de Madrid<br \/>\nCampus de Montegancedo s\/n<br \/>\nBoadilla del Monte<br \/>\n28660 Madrid<\/p>\n<p><strong>12.<\/strong> O \u00faltimo d\u00eda para enviar propostas por correo electr\u00f3nico e para os env\u00edos por correo postal certificado \u00e9 o <strong>02 de septiembre de 2018<\/strong>.<\/p>\n<p>Madrid, 18 de xu\u00f1o de 2018<\/p>\n<p>&#8212;-<\/p>\n<p><strong>Resoluci\u00f3n do ga\u00f1ador do Premio de Investigaci\u00f3n e Desenvolvemento AETER 2018, Modalidade B para investigadores e desenvolvedores de recursos terminol\u00f3xicos<\/strong><\/p>\n<p>O venres 16 de novembro de 2018, na Asemblea de Socios que tivo lugar tras a Xornada AETER 2018 celebrada en Alacante, f\u00edxose p\u00fablica a resoluci\u00f3n do Premio de Investigaci\u00f3n e Desenvolvemento AETER 2018, Modalidade B para investigadores e desenvolvedores de recursos terminol\u00f3xicos. Nesta ocasi\u00f3n o premio quedou deserto.<\/p>\n<p>Alacante, 16 de novembro de 2018<\/p>\n<h2 style=\"text-align: center;\">&#8212;&#8212;&#8212;&#8212;&#8212;&#8212;&#8212;&#8212;&#8212;&#8212;&#8212;&#8212;&#8212;&#8212;&#8212;&#8212;&#8212;&#8212;&#8212;&#8212;&#8212;&#8212;&#8212;&#8212;&#8212;&#8212;&#8212;<\/h2>\n<h2 style=\"text-align: center;\"><strong><span style=\"color: #800080;\">PREMIO de INVESTIGACI\u00d3N AETER 2017<\/span><\/strong><br \/>\n<strong><span style=\"color: #800080;\">Modalidade A<br \/>\n<\/span><\/strong><strong><span style=\"color: #800080;\">para xoves investigadores en Terminolox\u00eda<\/span><\/strong><\/h2>\n<p>A <strong>Asociaci\u00f3n Espa\u00f1ola de Terminolox\u00eda (AETER)<\/strong> convoca o <em>Premio de Investigaci\u00f3n en Terminolox\u00eda para mozos investigadores<\/em>.<\/p>\n<p>A efectos destes premios, consid\u00e9rase \u201cxove investigador\u201d aquel que estea en proceso de realizaci\u00f3n da s\u00faa tese de doutoramento ou a defendeu no \u00faltimos tres anos; <span style=\"text-decoration: underline;\">o traballo ter\u00e1 que ser presentado e defendido antes do 31 de decembro de 2016.<\/span><\/p>\n<p><strong>Finalidade<\/strong><\/p>\n<p>Este premio ten como obxectivo fomentar e reco\u00f1ecer a investigaci\u00f3n en calquera \u00e1rea de interese para o desenvolvemento e promoci\u00f3n da terminolox\u00eda espa\u00f1ola.<\/p>\n<p><strong>Bases da Convocatoria<\/strong><\/p>\n<ol>\n<li>Poderanse presentar traballos de investigaci\u00f3n orixinais, tanto in\u00e9ditos como publicados, durante os anos fixados na presente convocatoria.<\/li>\n<li>Ning\u00fan traballo poder\u00e1 presentarse en d\u00faas convocatorias diferentes.<\/li>\n<li>Os traballos ter\u00e1n que estar escritos en calquera das linguas do Estado espa\u00f1ol, cun resumo de 30 p\u00e1xinas en castel\u00e1n.<\/li>\n<li>O traballo presentado deber\u00e1 versar sobre alg\u00fan aspecto innovador no campo da Terminolox\u00eda e ter\u00e1 unha extensi\u00f3n m\u00ednima de 150 p\u00e1xinas (ao redor de 75000 palabras aproximadamente).<\/li>\n<li><strong>Avaliaci\u00f3n<\/strong>\n<ol>\n<li>Seguirase o sistema de avaliaci\u00f3n por pares.<\/li>\n<li>Criterios. Valorarase o car\u00e1cter innovador, a orixinalidade da formulaci\u00f3n, o rigor cient\u00edfico e metodol\u00f3xico, as\u00ed como a s\u00faa proxecci\u00f3n no avance do campo da Terminolox\u00eda.<\/li>\n<\/ol>\n<\/li>\n<li><strong>Dotaci\u00f3n<\/strong>. O premio consistir\u00e1 nunha dotaci\u00f3n econ\u00f3mica de 300\u20ac e a subscrici\u00f3n dun ano como membro de AETER.<\/li>\n<li><strong>Decisi\u00f3n e entrega do premio<\/strong>. O premio resolverase e anunciarase no marco da reuni\u00f3n anual de AETER. Concederase ao traballo premiado unha dotaci\u00f3n \u00fanica de 300 euros, destinada a unha ou m\u00e1is bolsas de viaxe para congresos ou estancias de investigaci\u00f3n. Esta dotaci\u00f3n deber\u00e1 gastarse no per\u00edodo de tempo que media entre o anuncio da concesi\u00f3n na Asemblea da Xornada de AETER en curso e as catro semanas anteriores \u00e1 celebraci\u00f3n da seguinte Asemblea.<\/li>\n<li>A Xunta Directiva de AETER poder\u00e1 revogar a concesi\u00f3n do premio cando se detecte que se incumpriron as bases desta convocatoria ou cando se detectase unha situaci\u00f3n fraudulenta.<\/li>\n<li><strong>Tramitaci\u00f3n e requisitos:<\/strong><\/li>\n<\/ol>\n<p>a) Os candidatos deber\u00e1n remitir por correo electr\u00f3nico a <a href=\"mailto:info@aeter.org\">premios@aeter.org<\/a> os seguintes documentos:<\/p>\n<ul>\n<li>Un informe dunhas 300 palabras, xustificativo da pertinencia da investigaci\u00f3n realizada para os estudos de Terminolox\u00eda, que se utilizar\u00e1, en caso de resultar premiada, como texto de presentaci\u00f3n do traballo na p\u00e1xina web de AETER.<\/li>\n<li>Un breve CV, dunhas 10-15 li\u00f1as, co resumo da formaci\u00f3n acad\u00e9mica e das publicaci\u00f3ns do concursante, relacionadas co traballo presentado, se as houber.<\/li>\n<li>O arquivo en formato PDF que conte\u00f1a o traballo co que se opta ao premio.<\/li>\n<\/ul>\n<p>b) Por correo postal certificado:<\/p>\n<ul>\n<li>Unha copia impresa do informe xustificativo.<\/li>\n<li>Unha copia impresa dos CV.<\/li>\n<li>Tres copias en CD do traballo, adecuadamente identificadas na portada de cada CD.<\/li>\n<li>Direcci\u00f3n postal \u00e1 que se deben enviar os traballos:<\/li>\n<\/ul>\n<p style=\"padding-left: 90px;\">Guadalupe Aguado de Cea<br \/>\nPresidenta de AETER<br \/>\nEscola T\u00e9cnica Superior de Enxe\u00f1eiros Inform\u00e1ticos<br \/>\nUniversidade Polit\u00e9cnica de Madrid<br \/>\nCampus de Montegancedo s\/n<br \/>\nBoadilla del Monte<br \/>\n28660 Madrid<\/p>\n<p>10. \u00daltimo d\u00eda para enviar propostas por correo electr\u00f3nico e para os env\u00edos por correo postal certificado, o <strong>31 de marzo de 2017.<\/strong><\/p>\n<p>Castell\u00f3, 18 de novembro de 2016<\/p>\n<p>&#8212;-<\/p>\n<p><strong>Resoluci\u00f3n do ga\u00f1ador do Premio de investigaci\u00f3n AETER 2017. Xoves investigadores en Terminolox\u00eda<\/strong><\/p>\n<p>O venres 3 de novembro de 2017, durante a Asemblea de Socios que tivo lugar durante a Xornada ATER 2017, f\u00edxose p\u00fablica a resoluci\u00f3n do candidato ga\u00f1ador do Premio de investigaci\u00f3n AETER 2017. Xoves investigadores en Terminolox\u00eda. O ga\u00f1ador \u00e9 <span style=\"color: #ff0000;\">Antonio San Mart\u00edn Pizarro<\/span>, que ga\u00f1ou por presentar a obra titulada \u00bbA representaci\u00f3n da variaci\u00f3n contextual mediante definici\u00f3ns terminol\u00f3xicas flexibles\u00bb.<\/p>\n<p>Desde a Xunta Directiva de AETER queremos felicitar ao ga\u00f1ador e tam\u00e9n agradecer ao resto de candidatos a s\u00faa participaci\u00f3n.<\/p>\n<p>Barcelona, 3 de novembro de 2017<\/p>\n","protected":false},"excerpt":{"rendered":"<p>Os Premios de AETER conv\u00f3canse anualmente en d\u00faas modalidades alternas: Modalidade A para xoves investigadores en Terminolox\u00eda Modalidade B para proxectos ou desenvolvementos en Terminolox\u00eda PREMIO DE INVESTIGACI\u00d3N E DESENVOLVEMENTO AETER 2018 Modalidade B para investigadores e desenvolvedores de recursos terminol\u00f3xicos (Convocatoria pechada) A Asociaci\u00f3n Espa\u00f1ola de Terminolox\u00eda (AETER) convoca o Premio de Iniciativas orientadas&hellip;<\/p>\n","protected":false},"author":5,"featured_media":0,"parent":0,"menu_order":0,"comment_status":"closed","ping_status":"closed","template":"","meta":{"footnotes":""},"class_list":["post-2969","page","type-page","status-publish","hentry"],"yoast_head":"<!-- This site is optimized with the Yoast SEO plugin v24.4 - https:\/\/yoast.com\/wordpress\/plugins\/seo\/ -->\n<title>Premios AETER - ASOCIACI\u00d3N ESPA\u00d1OLA DE TERMINOLOG\u00cdA<\/title>\n<meta name=\"robots\" content=\"index, follow, max-snippet:-1, max-image-preview:large, max-video-preview:-1\" \/>\n<link rel=\"canonical\" href=\"https:\/\/aeter.org\/gl\/premios-aeter\/\" \/>\n<meta property=\"og:locale\" content=\"gl_ES\" \/>\n<meta property=\"og:type\" content=\"article\" \/>\n<meta property=\"og:title\" content=\"Premios AETER - ASOCIACI\u00d3N ESPA\u00d1OLA DE TERMINOLOG\u00cdA\" \/>\n<meta property=\"og:description\" content=\"Os Premios de AETER conv\u00f3canse anualmente en d\u00faas modalidades alternas: Modalidade A para xoves investigadores en Terminolox\u00eda Modalidade B para proxectos ou desenvolvementos en Terminolox\u00eda PREMIO DE INVESTIGACI\u00d3N E DESENVOLVEMENTO AETER 2018 Modalidade B para investigadores e desenvolvedores de recursos terminol\u00f3xicos (Convocatoria pechada) A Asociaci\u00f3n Espa\u00f1ola de Terminolox\u00eda (AETER) convoca o Premio de Iniciativas orientadas&hellip;\" \/>\n<meta property=\"og:url\" content=\"https:\/\/aeter.org\/gl\/premios-aeter\/\" \/>\n<meta property=\"og:site_name\" content=\"ASOCIACI\u00d3N ESPA\u00d1OLA DE TERMINOLOG\u00cdA\" \/>\n<meta property=\"article:modified_time\" content=\"2021-07-09T16:18:33+00:00\" \/>\n<meta name=\"twitter:card\" content=\"summary_large_image\" \/>\n<meta name=\"twitter:label1\" content=\"Tempo de lectura\" \/>\n\t<meta name=\"twitter:data1\" content=\"7 minutos\" \/>\n<script type=\"application\/ld+json\" class=\"yoast-schema-graph\">{\"@context\":\"https:\/\/schema.org\",\"@graph\":[{\"@type\":\"WebPage\",\"@id\":\"https:\/\/aeter.org\/gl\/premios-aeter\/\",\"url\":\"https:\/\/aeter.org\/gl\/premios-aeter\/\",\"name\":\"Premios AETER - ASOCIACI\u00d3N ESPA\u00d1OLA DE TERMINOLOG\u00cdA\",\"isPartOf\":{\"@id\":\"https:\/\/aeter.org\/#website\"},\"datePublished\":\"2021-03-29T07:28:40+00:00\",\"dateModified\":\"2021-07-09T16:18:33+00:00\",\"breadcrumb\":{\"@id\":\"https:\/\/aeter.org\/gl\/premios-aeter\/#breadcrumb\"},\"inLanguage\":\"gl-ES\",\"potentialAction\":[{\"@type\":\"ReadAction\",\"target\":[\"https:\/\/aeter.org\/gl\/premios-aeter\/\"]}]},{\"@type\":\"BreadcrumbList\",\"@id\":\"https:\/\/aeter.org\/gl\/premios-aeter\/#breadcrumb\",\"itemListElement\":[{\"@type\":\"ListItem\",\"position\":1,\"name\":\"Portada\",\"item\":\"https:\/\/aeter.org\/\"},{\"@type\":\"ListItem\",\"position\":2,\"name\":\"Premios AETER\"}]},{\"@type\":\"WebSite\",\"@id\":\"https:\/\/aeter.org\/#website\",\"url\":\"https:\/\/aeter.org\/\",\"name\":\"ASOCIACI\u00d3N ESPA\u00d1OLA DE TERMINOLOG\u00cdA\",\"description\":\"AETER\",\"potentialAction\":[{\"@type\":\"SearchAction\",\"target\":{\"@type\":\"EntryPoint\",\"urlTemplate\":\"https:\/\/aeter.org\/?s={search_term_string}\"},\"query-input\":{\"@type\":\"PropertyValueSpecification\",\"valueRequired\":true,\"valueName\":\"search_term_string\"}}],\"inLanguage\":\"gl-ES\"}]}<\/script>\n<!-- \/ Yoast SEO plugin. -->","yoast_head_json":{"title":"Premios AETER - ASOCIACI\u00d3N ESPA\u00d1OLA DE TERMINOLOG\u00cdA","robots":{"index":"index","follow":"follow","max-snippet":"max-snippet:-1","max-image-preview":"max-image-preview:large","max-video-preview":"max-video-preview:-1"},"canonical":"https:\/\/aeter.org\/gl\/premios-aeter\/","og_locale":"gl_ES","og_type":"article","og_title":"Premios AETER - ASOCIACI\u00d3N ESPA\u00d1OLA DE TERMINOLOG\u00cdA","og_description":"Os Premios de AETER conv\u00f3canse anualmente en d\u00faas modalidades alternas: Modalidade A para xoves investigadores en Terminolox\u00eda Modalidade B para proxectos ou desenvolvementos en Terminolox\u00eda PREMIO DE INVESTIGACI\u00d3N E DESENVOLVEMENTO AETER 2018 Modalidade B para investigadores e desenvolvedores de recursos terminol\u00f3xicos (Convocatoria pechada) A Asociaci\u00f3n Espa\u00f1ola de Terminolox\u00eda (AETER) convoca o Premio de Iniciativas orientadas&hellip;","og_url":"https:\/\/aeter.org\/gl\/premios-aeter\/","og_site_name":"ASOCIACI\u00d3N ESPA\u00d1OLA DE TERMINOLOG\u00cdA","article_modified_time":"2021-07-09T16:18:33+00:00","twitter_card":"summary_large_image","twitter_misc":{"Tempo de lectura":"7 minutos"},"schema":{"@context":"https:\/\/schema.org","@graph":[{"@type":"WebPage","@id":"https:\/\/aeter.org\/gl\/premios-aeter\/","url":"https:\/\/aeter.org\/gl\/premios-aeter\/","name":"Premios AETER - ASOCIACI\u00d3N ESPA\u00d1OLA DE TERMINOLOG\u00cdA","isPartOf":{"@id":"https:\/\/aeter.org\/#website"},"datePublished":"2021-03-29T07:28:40+00:00","dateModified":"2021-07-09T16:18:33+00:00","breadcrumb":{"@id":"https:\/\/aeter.org\/gl\/premios-aeter\/#breadcrumb"},"inLanguage":"gl-ES","potentialAction":[{"@type":"ReadAction","target":["https:\/\/aeter.org\/gl\/premios-aeter\/"]}]},{"@type":"BreadcrumbList","@id":"https:\/\/aeter.org\/gl\/premios-aeter\/#breadcrumb","itemListElement":[{"@type":"ListItem","position":1,"name":"Portada","item":"https:\/\/aeter.org\/"},{"@type":"ListItem","position":2,"name":"Premios AETER"}]},{"@type":"WebSite","@id":"https:\/\/aeter.org\/#website","url":"https:\/\/aeter.org\/","name":"ASOCIACI\u00d3N ESPA\u00d1OLA DE TERMINOLOG\u00cdA","description":"AETER","potentialAction":[{"@type":"SearchAction","target":{"@type":"EntryPoint","urlTemplate":"https:\/\/aeter.org\/?s={search_term_string}"},"query-input":{"@type":"PropertyValueSpecification","valueRequired":true,"valueName":"search_term_string"}}],"inLanguage":"gl-ES"}]}},"_links":{"self":[{"href":"https:\/\/aeter.org\/gl\/wp-json\/wp\/v2\/pages\/2969","targetHints":{"allow":["GET"]}}],"collection":[{"href":"https:\/\/aeter.org\/gl\/wp-json\/wp\/v2\/pages"}],"about":[{"href":"https:\/\/aeter.org\/gl\/wp-json\/wp\/v2\/types\/page"}],"author":[{"embeddable":true,"href":"https:\/\/aeter.org\/gl\/wp-json\/wp\/v2\/users\/5"}],"replies":[{"embeddable":true,"href":"https:\/\/aeter.org\/gl\/wp-json\/wp\/v2\/comments?post=2969"}],"version-history":[{"count":2,"href":"https:\/\/aeter.org\/gl\/wp-json\/wp\/v2\/pages\/2969\/revisions"}],"predecessor-version":[{"id":5695,"href":"https:\/\/aeter.org\/gl\/wp-json\/wp\/v2\/pages\/2969\/revisions\/5695"}],"wp:attachment":[{"href":"https:\/\/aeter.org\/gl\/wp-json\/wp\/v2\/media?parent=2969"}],"curies":[{"name":"wp","href":"https:\/\/api.w.org\/{rel}","templated":true}]}}