{"id":2972,"date":"2021-03-29T07:38:47","date_gmt":"2021-03-29T07:38:47","guid":{"rendered":"https:\/\/aeter.org\/asembleas-de-aeter\/"},"modified":"2023-12-21T19:00:29","modified_gmt":"2023-12-21T19:00:29","slug":"asembleas-de-aeter","status":"publish","type":"page","link":"https:\/\/aeter.org\/gl\/asembleas-de-aeter\/","title":{"rendered":"Asembleas de AETER"},"content":{"rendered":"<p><span style=\"color: #000000;\"><a href=\"https:\/\/aeter.org\/wp-content\/uploads\/2023\/12\/2023_borrador_ACTA_ASAMBLEA.pdf\" target=\"_blank\" rel=\"noopener noreferrer\"><img loading=\"lazy\" decoding=\"async\" class=\"alignleft wp-image-309\" src=\"https:\/\/www.aeter.org\/wp-content\/uploads\/2013\/02\/aeter_pdf.png\" alt=\"PDF\" width=\"30\" height=\"30\" \/><\/a>XXVII Asamblea general (2023) (Acta provisional)<\/span><\/p>\n<p><span style=\"color: #000000;\">San Sebasti\u00e1n\/Donostia, sede de la Real Academia de la Lengua Vasca\/Euskaltzaindia, 3 de noviembre de 2023<\/span><\/p>\n<p><span style=\"color: #000000;\"><a href=\"https:\/\/aeter.org\/wp-content\/uploads\/2023\/03\/JUNTA-DIRECTIVA_2022.pdf\" target=\"_blank\" rel=\"noopener\">Acordo da nova xunta directiva sobre distribuci\u00f3n de cargos<\/a><a href=\"https:\/\/aeter.org\/wp-content\/uploads\/2023\/12\/JUNTA-DIRECTIVA_2023.pdf\" target=\"_blank\" rel=\"noopener\"> (3\/11\/2023)<\/a><\/span><\/p>\n<p><span style=\"color: #000000;\"><a href=\"https:\/\/aeter.org\/wp-content\/uploads\/2023\/12\/2022_ACTA_ASAMBLEA_aprobada.pdf\" target=\"_blank\" rel=\"noopener noreferrer\"><img loading=\"lazy\" decoding=\"async\" class=\"alignleft wp-image-309\" src=\"https:\/\/www.aeter.org\/wp-content\/uploads\/2013\/02\/aeter_pdf.png\" alt=\"PDF\" width=\"30\" height=\"30\" \/><\/a>XXVI Asamblea general (2022)\u00a0<\/span><br \/>\n<span style=\"color: #000000;\">Madrid, Escuela de Telecomunicaci\u00f3n, Universidad Polit\u00e9cnica de Madrid, 11 de noviembre de 2022<\/span><br \/>\n<span style=\"color: #000000;\"><a href=\"https:\/\/aeter.org\/wp-content\/uploads\/2023\/03\/JUNTA-DIRECTIVA_2022.pdf\" target=\"_blank\" rel=\"noopener\">Acordo da nova xunta directiva sobre distribuci\u00f3n de cargos<\/a><a href=\"https:\/\/aeter.org\/wp-content\/uploads\/2023\/03\/JUNTA-DIRECTIVA_2022.pdf\" target=\"_blank\" rel=\"noopener\">(11\/10\/2022)<\/a><\/span><\/p>\n<p><span style=\"color: #000000;\"><a href=\"https:\/\/aeter.org\/wp-content\/uploads\/2023\/03\/2021_ACTA_ASAMBLEA_2021.pdf\" target=\"_blank\" rel=\"noopener noreferrer\"><img loading=\"lazy\" decoding=\"async\" class=\"alignleft wp-image-309\" src=\"https:\/\/www.aeter.org\/wp-content\/uploads\/2013\/02\/aeter_pdf.png\" alt=\"PDF\" width=\"30\" height=\"30\" \/><\/a>XXV Asamblea general (2021)<br \/>\n<\/span><span style=\"color: #000000;\">Madrid, Direcci\u00f3n General de Traducci\u00f3n (DGT) de la Comisi\u00f3n Europea, 10 de diciembre de 2021<\/span><\/p>\n<p><span style=\"color: #000000;\"><a href=\"https:\/\/aeter.org\/wp-content\/uploads\/2021\/12\/AETER_acta_definitiva_online_2020.pdf\" target=\"_blank\" rel=\"noopener noreferrer\"><img loading=\"lazy\" decoding=\"async\" class=\"alignleft wp-image-309\" src=\"https:\/\/www.aeter.org\/wp-content\/uploads\/2013\/02\/aeter_pdf.png\" alt=\"PDF\" width=\"30\" height=\"30\" \/><\/a>XXIV Asemblea xeral (2020)<\/span><br \/>\n<span style=\"color: #000000;\">Asemblea celebrada de maneira virtual, 23 de decembro de 2020<\/span><\/p>\n<p><span style=\"color: #000000;\"><a href=\"https:\/\/aeter.org\/wp-content\/uploads\/2021\/04\/AETER_acta_definitiva_Malaga_2019.pdf\" target=\"_blank\" rel=\"noopener noreferrer\"><img loading=\"lazy\" decoding=\"async\" class=\"alignleft wp-image-309\" src=\"https:\/\/www.aeter.org\/wp-content\/uploads\/2013\/02\/aeter_pdf.png\" alt=\"PDF\" width=\"30\" height=\"30\" \/><\/a>XXIII Asamblea general (2019)<br \/>\nM\u00e1laga, Universidad de M\u00e1laga, Facultade de Filosof\u00eda e Letras, 29 de novembro de 2019<br \/>\n<a href=\"https:\/\/aeter.org\/wp-content\/uploads\/2020\/01\/nueva_junta_AETER_2019_M%C3%A1laga.pdf\" target=\"_blank\" rel=\"noopener noreferrer\">Acordo da nova xunta directiva sobre distribuci\u00f3n de cargos (29\/11\/2019)<\/a><\/span><\/p>\n<p><span style=\"color: #000000;\"><a href=\"https:\/\/aeter.org\/wp-content\/uploads\/2020\/01\/Acta_Asamblea18Alicante.pdf\" target=\"_blank\" rel=\"noopener noreferrer\"><img loading=\"lazy\" decoding=\"async\" class=\"alignleft wp-image-309\" src=\"https:\/\/www.aeter.org\/wp-content\/uploads\/2013\/02\/aeter_pdf.png\" alt=\"PDF\" width=\"30\" height=\"30\" \/><\/a>XXII Asemblea xeral (2018)<\/span><br \/>\n<span style=\"color: #000000;\">Alacante, Universitat de Alacante, Facultade de Filosof\u00eda e Letras, 16 de novembro de 2018<br \/>\n<a href=\"https:\/\/www.aeter.org\/wp-content\/uploads\/2013\/02\/junta_AETER_2018_Alicante.pdf\" target=\"_blank\" rel=\"noopener noreferrer\">Acordo da nova xunta directiva sobre distribuci\u00f3n de cargos (16\/11\/18)<\/a><\/span><\/p>\n<p><span style=\"color: #000000;\"><a href=\"https:\/\/aeter.org\/wp-content\/uploads\/2021\/04\/AETER_acta_definitiva_Barcelona_2017.pdf\" target=\"_blank\" rel=\"noopener noreferrer\"><img loading=\"lazy\" decoding=\"async\" class=\"alignleft wp-image-309\" src=\"https:\/\/www.aeter.org\/wp-content\/uploads\/2013\/02\/aeter_pdf.png\" alt=\"PDF\" width=\"30\" height=\"30\" \/><\/a><\/span><\/p>\n<p>XXI Asemblea xeral (2017)<br \/>\n<span style=\"color: #000000;\">Barcelona, Universitat Pompeu Fabra (UPF), 3 de novembro de 2017<\/span><\/p>\n<p><span style=\"color: #000000;\"><a href=\"https:\/\/aeter.org\/wp-content\/uploads\/2021\/04\/AETER_acta_definitiva_Castellon-2016.pdf\" target=\"_blank\" rel=\"noopener noreferrer\"><img loading=\"lazy\" decoding=\"async\" class=\"alignleft wp-image-309\" src=\"https:\/\/www.aeter.org\/wp-content\/uploads\/2013\/02\/aeter_pdf.png\" alt=\"PDF\" width=\"30\" height=\"30\" \/><\/a>XX Asemblea xeral (2016)<br \/>\nCastell\u00f3 de la Plana, Universitat Jaume I, 18 de novembro de 2016.<br \/>\n<a href=\"https:\/\/www.aeter.org\/wp-content\/uploads\/2013\/02\/AETER-Castello%CC%81n-Junta-directiva.pdf\" target=\"_blank\" rel=\"noopener noreferrer\">Acordo da nova xunta directiva sobre distribuci\u00f3n de cargos (18\/11\/16)<\/a><\/span><\/p>\n<p><span style=\"color: #000000;\"><a href=\"https:\/\/www.aeter.org\/wp-content\/uploads\/2016\/11\/Acta-AETER-2015-Soria.pdf\" target=\"_blank\" rel=\"noopener noreferrer\"><img loading=\"lazy\" decoding=\"async\" class=\"alignleft wp-image-309\" src=\"https:\/\/www.aeter.org\/wp-content\/uploads\/2013\/02\/aeter_pdf.png\" alt=\"PDF\" width=\"30\" height=\"30\" \/><\/a>XIX Asemblea xeral (2015).<br \/>\nSoria, Facultad de Traduci\u00f3n e Interpretaci\u00f3n da<br \/>\nUniversidad de Valladolid, 18 de setembro de 2015.<br \/>\n<\/span><\/p>\n<p><a href=\"https:\/\/www.aeter.org\/wp-content\/uploads\/2016\/07\/Acta_XVIIIAsamblea_2014.pdf\" target=\"_blank\" rel=\"noopener noreferrer\"><img loading=\"lazy\" decoding=\"async\" class=\"alignleft size-full wp-image-309\" title=\"PDF\" src=\"https:\/\/www.aeter.org\/wp-content\/uploads\/2013\/02\/aeter_pdf.png\" alt=\"\" width=\"30\" height=\"30\" \/><\/a>XVIII Asemblea xeral (2014).<br \/>\nMadrid, Universidad Complutense de Madrid, 26 de setembro de 2014.<\/p>\n<p><a href=\"https:\/\/www.aeter.org\/wp-content\/uploads\/2013\/02\/ACTA-AETER-2013.pdf\" target=\"_blank\" rel=\"noopener noreferrer\"><img loading=\"lazy\" decoding=\"async\" class=\"alignleft size-full wp-image-309\" title=\"PDF\" src=\"https:\/\/www.aeter.org\/wp-content\/uploads\/2013\/02\/aeter_pdf.png\" alt=\"\" width=\"30\" height=\"30\" \/><\/a>XVII Asemblea xeral (2013).<br \/>\nAlcal\u00e1 de Henares, Universidad de Alcal\u00e1, 8 de novembro de 2013.<\/p>\n<p><a href=\"https:\/\/www.aeter.org\/wp-content\/uploads\/2013\/02\/Acta-de-la-XVI-Asamblea-nov-2012.pdf\" target=\"_blank\" rel=\"noopener noreferrer\"><img loading=\"lazy\" decoding=\"async\" class=\"alignleft size-full wp-image-309\" title=\"PDF\" src=\"https:\/\/www.aeter.org\/wp-content\/uploads\/2013\/02\/aeter_pdf.png\" alt=\"\" width=\"30\" height=\"30\" \/><\/a>XVI Asemblea xeral (2012).<br \/>\nSevilla, Universidad Pablo de Olavide, 23 de novembro de 2012.<\/p>\n<p><a href=\"https:\/\/www.aeter.org\/wp-content\/uploads\/2013\/02\/Acta-Asamblea-nov-20113.pdf\" target=\"_blank\" rel=\"noopener noreferrer\"><img loading=\"lazy\" decoding=\"async\" class=\"size-full wp-image-309 alignnone\" title=\"PFD\" src=\"https:\/\/www.aeter.org\/wp-content\/uploads\/2013\/02\/aeter_pdf.png\" alt=\"\" width=\"30\" height=\"30\" \/><\/a> XV Asemblea xeral (2011).<br \/>\nSalamanca, Universidad de Salamanca, 18 de novembro de 2011.<\/p>\n<p><a href=\"https:\/\/www.aeter.org\/wp-content\/uploads\/2013\/02\/Acta-Asamblea-dic-20101.pdf\" target=\"_blank\" rel=\"noopener noreferrer\"><img loading=\"lazy\" decoding=\"async\" class=\"size-full wp-image-309 alignnone\" title=\"PFD\" src=\"https:\/\/www.aeter.org\/wp-content\/uploads\/2013\/02\/aeter_pdf.png\" alt=\"\" width=\"30\" height=\"30\" \/><\/a> XIV Asemblea xeral (2010).<br \/>\nMadrid, Representaci\u00f3n en Espa\u00f1a da Comisi\u00f3n Europea, 10 de decembro de 2010.<\/p>\n<p><a href=\"https:\/\/www.aeter.org\/wp-content\/uploads\/2013\/02\/Acta-Asamblea-nov-092.pdf\" target=\"_blank\" rel=\"noopener noreferrer\"><img loading=\"lazy\" decoding=\"async\" class=\"size-full wp-image-309 alignnone\" title=\"PFD\" src=\"https:\/\/www.aeter.org\/wp-content\/uploads\/2013\/02\/aeter_pdf.png\" alt=\"\" width=\"30\" height=\"30\" \/><\/a> XIII Asemblea xeral (2009).<br \/>\nSoria, Universidad de Valladolid, 27 de novembro de 2009.<\/p>\n<p><a href=\"https:\/\/www.aeter.org\/wp-content\/uploads\/2013\/02\/AETER_Asamblea_Acta08.pdf\" target=\"_blank\" rel=\"noopener noreferrer\"><img loading=\"lazy\" decoding=\"async\" class=\"size-full wp-image-309 alignnone\" title=\"PFD\" src=\"https:\/\/www.aeter.org\/wp-content\/uploads\/2013\/02\/aeter_pdf.png\" alt=\"\" width=\"30\" height=\"30\" \/><\/a> XII Asemblea xeral (2008).<br \/>\nMadrid, Universidad Polit\u00e9cnica de Madrid, 21 de novembro de 2008.<\/p>\n<p><a href=\"https:\/\/www.aeter.org\/wp-content\/uploads\/2013\/02\/AETER_Asamblea_Acta07.pdf\" target=\"_blank\" rel=\"noopener noreferrer\"><img loading=\"lazy\" decoding=\"async\" class=\"size-full wp-image-309 alignnone\" title=\"PFD\" src=\"https:\/\/www.aeter.org\/wp-content\/uploads\/2013\/02\/aeter_pdf.png\" alt=\"\" width=\"30\" height=\"30\" \/><\/a> XI Asemblea xeral (2007).<br \/>\nMadrid, Consello Superior de Investigaci\u00f3ns Cient\u00edficas, 4 de outubro de 2007.<\/p>\n<p><a href=\"https:\/\/www.aeter.org\/wp-content\/uploads\/2013\/02\/Acta-AETER-2006.pdf\" target=\"_blank\" rel=\"noopener noreferrer\"><img loading=\"lazy\" decoding=\"async\" class=\"alignleft size-full wp-image-309\" title=\"PDF\" src=\"https:\/\/www.aeter.org\/wp-content\/uploads\/2013\/02\/aeter_pdf.png\" alt=\"\" width=\"30\" height=\"30\" \/><\/a>X Asemblea xeral e <a href=\"https:\/\/www.aeter.org\/wp-content\/uploads\/2013\/02\/Acta-AETER-2006-EXTRA.pdf\" target=\"_blank\" rel=\"noopener noreferrer\">extraordinaria<\/a> (2006).<br \/>\nMadrid, Direcci\u00f3n Xeral de Universidades, 24 de novembro de 2006<\/p>\n<p><a href=\"https:\/\/www.aeter.org\/wp-content\/uploads\/2013\/02\/Acta-AETER-2005.pdf\" target=\"_blank\" rel=\"noopener noreferrer\"><img loading=\"lazy\" decoding=\"async\" class=\"alignleft size-full wp-image-309\" title=\"PDF\" src=\"https:\/\/www.aeter.org\/wp-content\/uploads\/2013\/02\/aeter_pdf.png\" alt=\"\" width=\"30\" height=\"30\" \/><\/a>IX Asemblea xeral (2005).<br \/>\nMadrid, Consello Superior de Investigaci\u00f3ns Cient\u00edficas, 28 de novembro de 2005<\/p>\n<p>VIII Asemblea xeral (2004).<br \/>\nAlcal\u00e1 de Henares, Universidad de Alcal\u00e1, 15 de outubro de 2004.<\/p>\n<p>VII Asemblea xeral (2003).<br \/>\nSantiago de Compostela, Centro Ramon Pi\u00f1eiro, 7 de novembro de 2003.<\/p>\n<p><a href=\"https:\/\/www.aeter.org\/wp-content\/uploads\/2013\/02\/Acta-AETER-2002.pdf\" target=\"_blank\" rel=\"noopener noreferrer\"><img loading=\"lazy\" decoding=\"async\" class=\"alignleft size-full wp-image-309\" title=\"PDF\" src=\"https:\/\/www.aeter.org\/wp-content\/uploads\/2013\/02\/aeter_pdf.png\" alt=\"\" width=\"30\" height=\"30\" \/><\/a>VIN Asemblea xeral (2002). Madrid, Real Academia de Ciencias Exactas, F\u00edsicas e Naturais, 7 de xu\u00f1o de 2002.<\/p>\n<p>V Asemblea xeral (2001).<\/p>\n<p><a href=\"https:\/\/www.aeter.org\/wp-content\/uploads\/2013\/02\/Acta-AETER-2000.pdf\" target=\"_blank\" rel=\"noopener noreferrer\"><img loading=\"lazy\" decoding=\"async\" class=\"alignleft size-full wp-image-309\" title=\"PDF\" src=\"https:\/\/www.aeter.org\/wp-content\/uploads\/2013\/02\/aeter_pdf.png\" alt=\"\" width=\"30\" height=\"30\" \/><\/a>IV Asemblea xeral (2000). Madrid, Real Academia de Ciencias Exactas, F\u00edsicas e Naturais, 21 de outubro de 2000.<\/p>\n<p><a href=\"https:\/\/www.aeter.org\/wp-content\/uploads\/2013\/02\/Acta-AETER1999.pdf\" target=\"_blank\" rel=\"noopener noreferrer\"><img loading=\"lazy\" decoding=\"async\" class=\"alignleft size-full wp-image-309\" title=\"PDF\" src=\"https:\/\/www.aeter.org\/wp-content\/uploads\/2013\/02\/aeter_pdf.png\" alt=\"\" width=\"30\" height=\"30\" \/><\/a>III Asemblea xeral (1999).<\/p>\n<p><a href=\"https:\/\/www.aeter.org\/wp-content\/uploads\/2013\/02\/Acta-AETER-1998.pdf\" target=\"_blank\" rel=\"noopener noreferrer\"><img loading=\"lazy\" decoding=\"async\" class=\"alignleft size-full wp-image-309\" title=\"PDF\" src=\"https:\/\/www.aeter.org\/wp-content\/uploads\/2013\/02\/aeter_pdf.png\" alt=\"\" width=\"30\" height=\"30\" \/><\/a>II Asemblea xeral (1998). Madrid, Real Academia de Ciencias Exactas, F\u00edsicas e Naturais, 5 de maio de 1998.<\/p>\n<p>I Asemblea xeral (1997), constitu\u00ednte<\/p>\n","protected":false},"excerpt":{"rendered":"<p>XXVII Asamblea general (2023) (Acta provisional) San Sebasti\u00e1n\/Donostia, sede de la Real Academia de la Lengua Vasca\/Euskaltzaindia, 3 de noviembre de 2023 Acordo da nova xunta directiva sobre distribuci\u00f3n de cargos (3\/11\/2023) XXVI Asamblea general (2022)\u00a0 Madrid, Escuela de Telecomunicaci\u00f3n, Universidad Polit\u00e9cnica de Madrid, 11 de noviembre de 2022 Acordo da nova xunta directiva sobre&hellip;<\/p>\n","protected":false},"author":5,"featured_media":0,"parent":0,"menu_order":0,"comment_status":"closed","ping_status":"closed","template":"","meta":{"footnotes":""},"class_list":["post-2972","page","type-page","status-publish","hentry"],"yoast_head":"<!-- This site is optimized with the Yoast SEO plugin v24.4 - https:\/\/yoast.com\/wordpress\/plugins\/seo\/ -->\n<title>Asembleas de AETER - ASOCIACI\u00d3N ESPA\u00d1OLA DE TERMINOLOG\u00cdA<\/title>\n<meta name=\"robots\" content=\"index, follow, max-snippet:-1, max-image-preview:large, max-video-preview:-1\" \/>\n<link rel=\"canonical\" href=\"https:\/\/aeter.org\/gl\/asembleas-de-aeter\/\" \/>\n<meta property=\"og:locale\" content=\"gl_ES\" \/>\n<meta property=\"og:type\" content=\"article\" \/>\n<meta property=\"og:title\" content=\"Asembleas de AETER - ASOCIACI\u00d3N ESPA\u00d1OLA DE TERMINOLOG\u00cdA\" \/>\n<meta property=\"og:description\" content=\"XXVII Asamblea general (2023) (Acta provisional) San Sebasti\u00e1n\/Donostia, sede de la Real Academia de la Lengua Vasca\/Euskaltzaindia, 3 de noviembre de 2023 Acordo da nova xunta directiva sobre distribuci\u00f3n de cargos (3\/11\/2023) XXVI Asamblea general (2022)\u00a0 Madrid, Escuela de Telecomunicaci\u00f3n, Universidad Polit\u00e9cnica de Madrid, 11 de noviembre de 2022 Acordo da nova xunta directiva sobre&hellip;\" \/>\n<meta property=\"og:url\" content=\"https:\/\/aeter.org\/gl\/asembleas-de-aeter\/\" \/>\n<meta property=\"og:site_name\" content=\"ASOCIACI\u00d3N ESPA\u00d1OLA DE TERMINOLOG\u00cdA\" \/>\n<meta property=\"article:modified_time\" content=\"2023-12-21T19:00:29+00:00\" \/>\n<meta property=\"og:image\" content=\"https:\/\/www.aeter.org\/wp-content\/uploads\/2013\/02\/aeter_pdf.png\" \/>\n<meta name=\"twitter:card\" content=\"summary_large_image\" \/>\n<meta name=\"twitter:label1\" content=\"Tempo de lectura\" \/>\n\t<meta name=\"twitter:data1\" content=\"7 minutos\" \/>\n<script type=\"application\/ld+json\" class=\"yoast-schema-graph\">{\"@context\":\"https:\/\/schema.org\",\"@graph\":[{\"@type\":\"WebPage\",\"@id\":\"https:\/\/aeter.org\/gl\/asembleas-de-aeter\/\",\"url\":\"https:\/\/aeter.org\/gl\/asembleas-de-aeter\/\",\"name\":\"Asembleas de AETER - ASOCIACI\u00d3N ESPA\u00d1OLA DE TERMINOLOG\u00cdA\",\"isPartOf\":{\"@id\":\"https:\/\/aeter.org\/#website\"},\"primaryImageOfPage\":{\"@id\":\"https:\/\/aeter.org\/gl\/asembleas-de-aeter\/#primaryimage\"},\"image\":{\"@id\":\"https:\/\/aeter.org\/gl\/asembleas-de-aeter\/#primaryimage\"},\"thumbnailUrl\":\"https:\/\/www.aeter.org\/wp-content\/uploads\/2013\/02\/aeter_pdf.png\",\"datePublished\":\"2021-03-29T07:38:47+00:00\",\"dateModified\":\"2023-12-21T19:00:29+00:00\",\"breadcrumb\":{\"@id\":\"https:\/\/aeter.org\/gl\/asembleas-de-aeter\/#breadcrumb\"},\"inLanguage\":\"gl-ES\",\"potentialAction\":[{\"@type\":\"ReadAction\",\"target\":[\"https:\/\/aeter.org\/gl\/asembleas-de-aeter\/\"]}]},{\"@type\":\"ImageObject\",\"inLanguage\":\"gl-ES\",\"@id\":\"https:\/\/aeter.org\/gl\/asembleas-de-aeter\/#primaryimage\",\"url\":\"https:\/\/www.aeter.org\/wp-content\/uploads\/2013\/02\/aeter_pdf.png\",\"contentUrl\":\"https:\/\/www.aeter.org\/wp-content\/uploads\/2013\/02\/aeter_pdf.png\"},{\"@type\":\"BreadcrumbList\",\"@id\":\"https:\/\/aeter.org\/gl\/asembleas-de-aeter\/#breadcrumb\",\"itemListElement\":[{\"@type\":\"ListItem\",\"position\":1,\"name\":\"Portada\",\"item\":\"https:\/\/aeter.org\/\"},{\"@type\":\"ListItem\",\"position\":2,\"name\":\"Asembleas de AETER\"}]},{\"@type\":\"WebSite\",\"@id\":\"https:\/\/aeter.org\/#website\",\"url\":\"https:\/\/aeter.org\/\",\"name\":\"ASOCIACI\u00d3N ESPA\u00d1OLA DE TERMINOLOG\u00cdA\",\"description\":\"AETER\",\"potentialAction\":[{\"@type\":\"SearchAction\",\"target\":{\"@type\":\"EntryPoint\",\"urlTemplate\":\"https:\/\/aeter.org\/?s={search_term_string}\"},\"query-input\":{\"@type\":\"PropertyValueSpecification\",\"valueRequired\":true,\"valueName\":\"search_term_string\"}}],\"inLanguage\":\"gl-ES\"}]}<\/script>\n<!-- \/ Yoast SEO plugin. -->","yoast_head_json":{"title":"Asembleas de AETER - ASOCIACI\u00d3N ESPA\u00d1OLA DE TERMINOLOG\u00cdA","robots":{"index":"index","follow":"follow","max-snippet":"max-snippet:-1","max-image-preview":"max-image-preview:large","max-video-preview":"max-video-preview:-1"},"canonical":"https:\/\/aeter.org\/gl\/asembleas-de-aeter\/","og_locale":"gl_ES","og_type":"article","og_title":"Asembleas de AETER - ASOCIACI\u00d3N ESPA\u00d1OLA DE TERMINOLOG\u00cdA","og_description":"XXVII Asamblea general (2023) (Acta provisional) San Sebasti\u00e1n\/Donostia, sede de la Real Academia de la Lengua Vasca\/Euskaltzaindia, 3 de noviembre de 2023 Acordo da nova xunta directiva sobre distribuci\u00f3n de cargos (3\/11\/2023) XXVI Asamblea general (2022)\u00a0 Madrid, Escuela de Telecomunicaci\u00f3n, Universidad Polit\u00e9cnica de Madrid, 11 de noviembre de 2022 Acordo da nova xunta directiva sobre&hellip;","og_url":"https:\/\/aeter.org\/gl\/asembleas-de-aeter\/","og_site_name":"ASOCIACI\u00d3N ESPA\u00d1OLA DE TERMINOLOG\u00cdA","article_modified_time":"2023-12-21T19:00:29+00:00","og_image":[{"url":"https:\/\/www.aeter.org\/wp-content\/uploads\/2013\/02\/aeter_pdf.png","type":"","width":"","height":""}],"twitter_card":"summary_large_image","twitter_misc":{"Tempo de lectura":"7 minutos"},"schema":{"@context":"https:\/\/schema.org","@graph":[{"@type":"WebPage","@id":"https:\/\/aeter.org\/gl\/asembleas-de-aeter\/","url":"https:\/\/aeter.org\/gl\/asembleas-de-aeter\/","name":"Asembleas de AETER - ASOCIACI\u00d3N ESPA\u00d1OLA DE TERMINOLOG\u00cdA","isPartOf":{"@id":"https:\/\/aeter.org\/#website"},"primaryImageOfPage":{"@id":"https:\/\/aeter.org\/gl\/asembleas-de-aeter\/#primaryimage"},"image":{"@id":"https:\/\/aeter.org\/gl\/asembleas-de-aeter\/#primaryimage"},"thumbnailUrl":"https:\/\/www.aeter.org\/wp-content\/uploads\/2013\/02\/aeter_pdf.png","datePublished":"2021-03-29T07:38:47+00:00","dateModified":"2023-12-21T19:00:29+00:00","breadcrumb":{"@id":"https:\/\/aeter.org\/gl\/asembleas-de-aeter\/#breadcrumb"},"inLanguage":"gl-ES","potentialAction":[{"@type":"ReadAction","target":["https:\/\/aeter.org\/gl\/asembleas-de-aeter\/"]}]},{"@type":"ImageObject","inLanguage":"gl-ES","@id":"https:\/\/aeter.org\/gl\/asembleas-de-aeter\/#primaryimage","url":"https:\/\/www.aeter.org\/wp-content\/uploads\/2013\/02\/aeter_pdf.png","contentUrl":"https:\/\/www.aeter.org\/wp-content\/uploads\/2013\/02\/aeter_pdf.png"},{"@type":"BreadcrumbList","@id":"https:\/\/aeter.org\/gl\/asembleas-de-aeter\/#breadcrumb","itemListElement":[{"@type":"ListItem","position":1,"name":"Portada","item":"https:\/\/aeter.org\/"},{"@type":"ListItem","position":2,"name":"Asembleas de AETER"}]},{"@type":"WebSite","@id":"https:\/\/aeter.org\/#website","url":"https:\/\/aeter.org\/","name":"ASOCIACI\u00d3N ESPA\u00d1OLA DE TERMINOLOG\u00cdA","description":"AETER","potentialAction":[{"@type":"SearchAction","target":{"@type":"EntryPoint","urlTemplate":"https:\/\/aeter.org\/?s={search_term_string}"},"query-input":{"@type":"PropertyValueSpecification","valueRequired":true,"valueName":"search_term_string"}}],"inLanguage":"gl-ES"}]}},"_links":{"self":[{"href":"https:\/\/aeter.org\/gl\/wp-json\/wp\/v2\/pages\/2972","targetHints":{"allow":["GET"]}}],"collection":[{"href":"https:\/\/aeter.org\/gl\/wp-json\/wp\/v2\/pages"}],"about":[{"href":"https:\/\/aeter.org\/gl\/wp-json\/wp\/v2\/types\/page"}],"author":[{"embeddable":true,"href":"https:\/\/aeter.org\/gl\/wp-json\/wp\/v2\/users\/5"}],"replies":[{"embeddable":true,"href":"https:\/\/aeter.org\/gl\/wp-json\/wp\/v2\/comments?post=2972"}],"version-history":[{"count":9,"href":"https:\/\/aeter.org\/gl\/wp-json\/wp\/v2\/pages\/2972\/revisions"}],"predecessor-version":[{"id":6723,"href":"https:\/\/aeter.org\/gl\/wp-json\/wp\/v2\/pages\/2972\/revisions\/6723"}],"wp:attachment":[{"href":"https:\/\/aeter.org\/gl\/wp-json\/wp\/v2\/media?parent=2972"}],"curies":[{"name":"wp","href":"https:\/\/api.w.org\/{rel}","templated":true}]}}