{"id":3685,"date":"2021-03-29T08:09:51","date_gmt":"2021-03-29T08:09:51","guid":{"rendered":"https:\/\/aeter.org\/ct191-aenor\/"},"modified":"2023-11-02T16:05:09","modified_gmt":"2023-11-02T16:05:09","slug":"ct191-aenor","status":"publish","type":"page","link":"https:\/\/aeter.org\/gl\/ct191-aenor\/","title":{"rendered":"CT191 UNE"},"content":{"rendered":"<h2><strong><span style=\"color: #800080;\">AETER ocupa a secretar\u00eda do Comit\u00e9 T\u00e9cnico 191 da Asociaci\u00f3n Espa\u00f1ola de Normalizaci\u00f3n e Certificaci\u00f3n (AENOR) <\/span><\/strong><\/h2>\n<p><strong><span style=\"color: #800080;\">Presentaci\u00f3n<\/span><\/strong><\/p>\n<p>Coa creaci\u00f3n do Comit\u00e9 191 da Asociaci\u00f3n Espa\u00f1ola de Normalizaci\u00f3n e Certificaci\u00f3n (AENOR), o AEN-CTN 191, c\u00famprese un dos obxectivos da Asociaci\u00f3n Espa\u00f1ola de Terminolox\u00eda (AETER), interesada no estudo da terminolox\u00eda e as linguaxes de especialidade, as\u00ed como na elaboraci\u00f3n de recursos terminol\u00f3xicos en espa\u00f1ol A constituci\u00f3n deste comit\u00e9, o d\u00eda 21 de febreiro de 2006, baixo os auspicios de AENOR, \u00e9 froito de diversas reuni\u00f3ns mantidas con este organismo as\u00ed como con outras persoas e entidades preocupadas por crear un foro que abordase as tarefas da normalizaci\u00f3n en terminolox\u00eda para a lingua espa\u00f1ola. Desde a s\u00faa creaci\u00f3n, a presidencia electa oc\u00fapaa D. Antonio Colino, Dr. Enxe\u00f1eiro Industrial e membro da Real Academia de Enxe\u00f1ar\u00eda, e \u00e9 AETER quen asume a secretar\u00eda do mesmo.<\/p>\n<p>Os obxectivos que, nun principio, se propuxo este comit\u00e9 quedan reflectidos na definici\u00f3n do seu campo de actividade: \u201cNormalizaci\u00f3n da terminolox\u00eda e o vocabulario cient\u00edfico e t\u00e9cnico de car\u00e1cter xeral as\u00ed como do vocabulario espec\u00edfico daqueles sectores que o demanden, co obxectivo de homoxeneizar as diferenzas de interpretaci\u00f3n e o uso da linguaxe. Normalizaci\u00f3n as\u00ed mesmo dos principios, m\u00e9todos e aplicaci\u00f3ns relativos \u00e1 terminolox\u00eda\u201d. No entanto, quedaban f\u00f3ra das competencias deste comit\u00e9 os vocabularios espec\u00edficos que se desenvolven noutros comit\u00e9s t\u00e9cnicos de normalizaci\u00f3n (CTN) de AENOR. Entre as funci\u00f3ns do AEN-CTN 191 est\u00e1n: a proposta de actividades de normalizaci\u00f3n, a toma de decisi\u00f3ns e aprobaci\u00f3n de traballos normativos e a representaci\u00f3n nacional en \u00f3rganos internacionais encargados das tarefas terminol\u00f3xicas, como o ISO-TC 37.<\/p>\n<p>Derivadas da s\u00faa integraci\u00f3n como comit\u00e9 t\u00e9cnico de AENOR, o comit\u00e9 AEN-CTN 191 asume tam\u00e9n responsabilidades internacionais como son as relaci\u00f3ns co ISO\/TC 37 (Terminolox\u00eda: principios e coordinaci\u00f3n), coa Comisi\u00f3n internacional de Electrotecnia (IEC\/TC 1: Terminolox\u00eda) e coa Comisi\u00f3n panamericana de Normas T\u00e9cnicas (COPANT CT 150: Terminolox\u00eda). Para levar a cabo estas tarefas, o AEN-CTN 191 poderase apoiar en subcomit\u00e9s (SC) ou grupos de traballo (GT) espec\u00edficos, formados por expertos.<\/p>\n<p>As\u00ed mesmo, como comit\u00e9 t\u00e9cnico de AENOR, o AEN-CTN 191 ten tam\u00e9n entre as s\u00faas actividades as seguintes:<\/p>\n<ul>\n<li>Elaborar e propor, de ser o caso, os proxectos de normas UNE para seren sometidos a informaci\u00f3n p\u00fablica<\/li>\n<li>Elaborar as propostas de normas UNE para a s\u00faa adopci\u00f3n como normas nacionais<\/li>\n<li>Adoptar como normas nacionais as normas europeas que as\u00ed o requiran<\/li>\n<li>Fomentar a aplicaci\u00f3n das normas e promover o desenvolvemento e difusi\u00f3n da normalizaci\u00f3n dentro do seu campo de actividade<\/li>\n<\/ul>\n<p>Como primeiro obxectivo, o AEN-CTN 191, prop\u00faxose traducir e adoptar como norma UNE unha das normas b\u00e1sicas en Terminolox\u00eda, a norma internacional ISO 1087-1 <em>Terminology work. Vocabulary. <\/em><em>Part 1: Theory and application<\/em>, e a norma ISO 1087-2<em> Terminology work. <\/em> <em>Vocabulary. Part 2: Computer applications.<\/em> Na traduci\u00f3n inicial desta norma participaron, de forma desinteresada e altru\u00edsta, varios membros de AETER, a quen desde estas li\u00f1as quero agradecer unha vez m\u00e1is a s\u00faa impagable colaboraci\u00f3n. Tras o proceso de revisi\u00f3n e homoxeneizaci\u00f3n terminol\u00f3xica, en breve ser\u00e1n publicadas por AENOR como Norma UNE.<\/p>\n<p>O comit\u00e9 AEN-CTN 191 re\u00fanese, aproximadamente, unha vez por trimestre. Entre outras tarefas realizadas polo AEN-CTN 191 est\u00e1 a revisi\u00f3n dos documentos que o ISO TC 37 env\u00eda para a s\u00faa modificaci\u00f3n ou aprobaci\u00f3n polos correspondentes comit\u00e9s nacionais dos diferentes pa\u00edses, ademais doutros documentos redactados por AENOR, co fin de unificar os criterios terminol\u00f3xicos.<\/p>\n<p>Por iso, a formaci\u00f3n deste comit\u00e9 v\u00e9n cumprir cun desexo longamente anhelado por todos aqueles que durante moito tempo trataron de transmitir o interese estrat\u00e9xico da terminolox\u00eda en espa\u00f1ol e vi\u00f1eron traballando incansablemente no \u00e1mbito das linguas de especialidade. Esperamos que tanto as empresas como os organismos e instituci\u00f3ns, que mostran a s\u00faa preocupaci\u00f3n polos temas de normalizaci\u00f3n, os aspectos terminol\u00f3xicos e a adopci\u00f3n de est\u00e1ndares na sociedade da informaci\u00f3n poidan beneficiarse desta iniciativa.<\/p>\n<p><strong><span style=\"color: #800080;\">Representantes de AETER en AENOR e no CTN 191<\/span><\/strong><\/p>\n<ul>\n<li>M. Teresa Cabr\u00e9, de 2003 a 2006, como presidenta de AETER.<\/li>\n<li>Guadalupe Aguado, secretaria do CTN191 de 2006 a 2011 (*), por delegaci\u00f3n da Presidencia e ratificaci\u00f3n da Asemblea.<\/li>\n<li>Antonio Pareja, secretario do CTN191 de 2011 \u00e1 actualidade, por delegaci\u00f3n da Presidencia e ratificaci\u00f3n da Asemblea.<\/li>\n<\/ul>\n<p>(*) Guadalupe Aguado ocupa a presidencia do CTN191 desde 2011.<\/p>\n<p><strong><span style=\"color: #800080;\">Intercambio de credenciais entre AETER e AENOR<\/span><\/strong><\/p>\n<p>Un ano despois da s\u00faa creaci\u00f3n AETER pasou a formar parte da base asociativa de AENOR, e esta, \u00e1 s\u00faa vez, tam\u00e9n \u00e9 membro de AETER desde o ano 2003. Ambas as entidades fact\u00faranse mutuamente estas membrec\u00edas, de maneira que non ten impacto no orzamento anual de AETER.<\/p>\n<p><strong><span style=\"color: #800080;\">Subcomit\u00e9s do CTN191<\/span><\/strong><\/p>\n<p>O CTN191 \u00e9 o comit\u00e9 espello en Espa\u00f1a de TC37 da ISO. AENOR \u00e9 o representante espa\u00f1ol na ISO. O CTN191 espa\u00f1ol organ\u00edzase nos mesmos subcomit\u00e9s e grupos de traballo que a ISO.<\/p>\n<ul>\n<li>Subcomit\u00e9 I: Principios e m\u00e9todos (est\u00e1ndares 1087 e 784)<\/li>\n<li>\u2022 Subcomit\u00e9 III: Sistemas de xesti\u00f3n de terminolox\u00eda, co\u00f1ecemento e contidos<\/li>\n<li>Subcomit\u00e9 IV: Xesti\u00f3n de recursos ling\u00fc\u00edsticos<\/li>\n<li>Subcomit\u00e9 V: Traduci\u00f3n, interpretaci\u00f3n e tecnolox\u00eda relacionada<\/li>\n<\/ul>\n<p><strong><span style=\"color: #0000ff;\"><a href=\"http:\/\/www.aenor.es\/aenor\/normas\/ctn\/fichactn.asp?codigonorm=AEN\/CTN%20191&amp;pagina=1#.WDLIEqLhDHc\" target=\"_blank\" rel=\"noopener\">Acceso \u00e1 web AENOR: AEN\/CTN191<\/a> <a href=\"http:\/\/www.iso.org\/iso\/iso_technical_committee.html%3Fcommid%3D48104\" target=\"_blank\" rel=\"noopener\">Acceso \u00e1 web ISO: TC37<\/a><\/span><\/strong><\/p>\n<p><strong><span style=\"color: #800080;\">Informes anuais dos representantes de AETER no CTN191<\/span><\/strong><\/p>\n<p>Na Asemblea de 2012 en Sevilla, acordouse que os representantes de AETER no CTN 191 presentasen \u00e1 asemblea anual un informe por escrito para aumentar a transparencia cara aos socios das actividades da xunta e dos delegados.<\/p>\n<ul>\n<li><a href=\"https:\/\/aeter.org\/wp-content\/uploads\/2016\/11\/Jornada-de-ISO-TC-37-WG-2.pdf\" target=\"_blank\" rel=\"noopener\">Xornada ISO\/CT37 de 2014 (Madrid)<\/a><\/li>\n<li><a href=\"http:\/\/www.aeter.org\/wp-content\/uploads\/2013\/11\/Informe-de-la-Secretar%C3%ADa-del-AEN-CTN-191-v.2.pdf\" target=\"_blank\" rel=\"noopener\">Informe CTN191 de 2015<\/a><\/li>\n<li>Informe CTN191 de 2016<\/li>\n<\/ul>\n","protected":false},"excerpt":{"rendered":"<p>AETER ocupa a secretar\u00eda do Comit\u00e9 T\u00e9cnico 191 da Asociaci\u00f3n Espa\u00f1ola de Normalizaci\u00f3n e Certificaci\u00f3n (AENOR) Presentaci\u00f3n Coa creaci\u00f3n do Comit\u00e9 191 da Asociaci\u00f3n Espa\u00f1ola de Normalizaci\u00f3n e Certificaci\u00f3n (AENOR), o AEN-CTN 191, c\u00famprese un dos obxectivos da Asociaci\u00f3n Espa\u00f1ola de Terminolox\u00eda (AETER), interesada no estudo da terminolox\u00eda e as linguaxes de especialidade, as\u00ed como&hellip;<\/p>\n","protected":false},"author":5,"featured_media":0,"parent":0,"menu_order":0,"comment_status":"closed","ping_status":"closed","template":"","meta":{"footnotes":""},"class_list":["post-3685","page","type-page","status-publish","hentry"],"yoast_head":"<!-- This site is optimized with the Yoast SEO plugin v24.4 - https:\/\/yoast.com\/wordpress\/plugins\/seo\/ -->\n<title>CT191 UNE - ASOCIACI\u00d3N ESPA\u00d1OLA DE TERMINOLOG\u00cdA<\/title>\n<meta name=\"robots\" content=\"index, follow, max-snippet:-1, max-image-preview:large, max-video-preview:-1\" \/>\n<link rel=\"canonical\" href=\"https:\/\/aeter.org\/gl\/ct191-aenor\/\" \/>\n<meta property=\"og:locale\" content=\"gl_ES\" \/>\n<meta property=\"og:type\" content=\"article\" \/>\n<meta property=\"og:title\" content=\"CT191 UNE - ASOCIACI\u00d3N ESPA\u00d1OLA DE TERMINOLOG\u00cdA\" \/>\n<meta property=\"og:description\" content=\"AETER ocupa a secretar\u00eda do Comit\u00e9 T\u00e9cnico 191 da Asociaci\u00f3n Espa\u00f1ola de Normalizaci\u00f3n e Certificaci\u00f3n (AENOR) Presentaci\u00f3n Coa creaci\u00f3n do Comit\u00e9 191 da Asociaci\u00f3n Espa\u00f1ola de Normalizaci\u00f3n e Certificaci\u00f3n (AENOR), o AEN-CTN 191, c\u00famprese un dos obxectivos da Asociaci\u00f3n Espa\u00f1ola de Terminolox\u00eda (AETER), interesada no estudo da terminolox\u00eda e as linguaxes de especialidade, as\u00ed como&hellip;\" \/>\n<meta property=\"og:url\" content=\"https:\/\/aeter.org\/gl\/ct191-aenor\/\" \/>\n<meta property=\"og:site_name\" content=\"ASOCIACI\u00d3N ESPA\u00d1OLA DE TERMINOLOG\u00cdA\" \/>\n<meta property=\"article:modified_time\" content=\"2023-11-02T16:05:09+00:00\" \/>\n<meta name=\"twitter:card\" content=\"summary_large_image\" \/>\n<meta name=\"twitter:label1\" content=\"Tempo de lectura\" \/>\n\t<meta name=\"twitter:data1\" content=\"5 minutos\" \/>\n<script type=\"application\/ld+json\" class=\"yoast-schema-graph\">{\"@context\":\"https:\/\/schema.org\",\"@graph\":[{\"@type\":\"WebPage\",\"@id\":\"https:\/\/aeter.org\/gl\/ct191-aenor\/\",\"url\":\"https:\/\/aeter.org\/gl\/ct191-aenor\/\",\"name\":\"CT191 UNE - ASOCIACI\u00d3N ESPA\u00d1OLA DE TERMINOLOG\u00cdA\",\"isPartOf\":{\"@id\":\"https:\/\/aeter.org\/#website\"},\"datePublished\":\"2021-03-29T08:09:51+00:00\",\"dateModified\":\"2023-11-02T16:05:09+00:00\",\"breadcrumb\":{\"@id\":\"https:\/\/aeter.org\/gl\/ct191-aenor\/#breadcrumb\"},\"inLanguage\":\"gl-ES\",\"potentialAction\":[{\"@type\":\"ReadAction\",\"target\":[\"https:\/\/aeter.org\/gl\/ct191-aenor\/\"]}]},{\"@type\":\"BreadcrumbList\",\"@id\":\"https:\/\/aeter.org\/gl\/ct191-aenor\/#breadcrumb\",\"itemListElement\":[{\"@type\":\"ListItem\",\"position\":1,\"name\":\"Portada\",\"item\":\"https:\/\/aeter.org\/\"},{\"@type\":\"ListItem\",\"position\":2,\"name\":\"CT191 UNE\"}]},{\"@type\":\"WebSite\",\"@id\":\"https:\/\/aeter.org\/#website\",\"url\":\"https:\/\/aeter.org\/\",\"name\":\"ASOCIACI\u00d3N ESPA\u00d1OLA DE TERMINOLOG\u00cdA\",\"description\":\"AETER\",\"potentialAction\":[{\"@type\":\"SearchAction\",\"target\":{\"@type\":\"EntryPoint\",\"urlTemplate\":\"https:\/\/aeter.org\/?s={search_term_string}\"},\"query-input\":{\"@type\":\"PropertyValueSpecification\",\"valueRequired\":true,\"valueName\":\"search_term_string\"}}],\"inLanguage\":\"gl-ES\"}]}<\/script>\n<!-- \/ Yoast SEO plugin. -->","yoast_head_json":{"title":"CT191 UNE - ASOCIACI\u00d3N ESPA\u00d1OLA DE TERMINOLOG\u00cdA","robots":{"index":"index","follow":"follow","max-snippet":"max-snippet:-1","max-image-preview":"max-image-preview:large","max-video-preview":"max-video-preview:-1"},"canonical":"https:\/\/aeter.org\/gl\/ct191-aenor\/","og_locale":"gl_ES","og_type":"article","og_title":"CT191 UNE - ASOCIACI\u00d3N ESPA\u00d1OLA DE TERMINOLOG\u00cdA","og_description":"AETER ocupa a secretar\u00eda do Comit\u00e9 T\u00e9cnico 191 da Asociaci\u00f3n Espa\u00f1ola de Normalizaci\u00f3n e Certificaci\u00f3n (AENOR) Presentaci\u00f3n Coa creaci\u00f3n do Comit\u00e9 191 da Asociaci\u00f3n Espa\u00f1ola de Normalizaci\u00f3n e Certificaci\u00f3n (AENOR), o AEN-CTN 191, c\u00famprese un dos obxectivos da Asociaci\u00f3n Espa\u00f1ola de Terminolox\u00eda (AETER), interesada no estudo da terminolox\u00eda e as linguaxes de especialidade, as\u00ed como&hellip;","og_url":"https:\/\/aeter.org\/gl\/ct191-aenor\/","og_site_name":"ASOCIACI\u00d3N ESPA\u00d1OLA DE TERMINOLOG\u00cdA","article_modified_time":"2023-11-02T16:05:09+00:00","twitter_card":"summary_large_image","twitter_misc":{"Tempo de lectura":"5 minutos"},"schema":{"@context":"https:\/\/schema.org","@graph":[{"@type":"WebPage","@id":"https:\/\/aeter.org\/gl\/ct191-aenor\/","url":"https:\/\/aeter.org\/gl\/ct191-aenor\/","name":"CT191 UNE - ASOCIACI\u00d3N ESPA\u00d1OLA DE TERMINOLOG\u00cdA","isPartOf":{"@id":"https:\/\/aeter.org\/#website"},"datePublished":"2021-03-29T08:09:51+00:00","dateModified":"2023-11-02T16:05:09+00:00","breadcrumb":{"@id":"https:\/\/aeter.org\/gl\/ct191-aenor\/#breadcrumb"},"inLanguage":"gl-ES","potentialAction":[{"@type":"ReadAction","target":["https:\/\/aeter.org\/gl\/ct191-aenor\/"]}]},{"@type":"BreadcrumbList","@id":"https:\/\/aeter.org\/gl\/ct191-aenor\/#breadcrumb","itemListElement":[{"@type":"ListItem","position":1,"name":"Portada","item":"https:\/\/aeter.org\/"},{"@type":"ListItem","position":2,"name":"CT191 UNE"}]},{"@type":"WebSite","@id":"https:\/\/aeter.org\/#website","url":"https:\/\/aeter.org\/","name":"ASOCIACI\u00d3N ESPA\u00d1OLA DE TERMINOLOG\u00cdA","description":"AETER","potentialAction":[{"@type":"SearchAction","target":{"@type":"EntryPoint","urlTemplate":"https:\/\/aeter.org\/?s={search_term_string}"},"query-input":{"@type":"PropertyValueSpecification","valueRequired":true,"valueName":"search_term_string"}}],"inLanguage":"gl-ES"}]}},"_links":{"self":[{"href":"https:\/\/aeter.org\/gl\/wp-json\/wp\/v2\/pages\/3685","targetHints":{"allow":["GET"]}}],"collection":[{"href":"https:\/\/aeter.org\/gl\/wp-json\/wp\/v2\/pages"}],"about":[{"href":"https:\/\/aeter.org\/gl\/wp-json\/wp\/v2\/types\/page"}],"author":[{"embeddable":true,"href":"https:\/\/aeter.org\/gl\/wp-json\/wp\/v2\/users\/5"}],"replies":[{"embeddable":true,"href":"https:\/\/aeter.org\/gl\/wp-json\/wp\/v2\/comments?post=3685"}],"version-history":[{"count":2,"href":"https:\/\/aeter.org\/gl\/wp-json\/wp\/v2\/pages\/3685\/revisions"}],"predecessor-version":[{"id":6599,"href":"https:\/\/aeter.org\/gl\/wp-json\/wp\/v2\/pages\/3685\/revisions\/6599"}],"wp:attachment":[{"href":"https:\/\/aeter.org\/gl\/wp-json\/wp\/v2\/media?parent=3685"}],"curies":[{"name":"wp","href":"https:\/\/api.w.org\/{rel}","templated":true}]}}