{"id":3691,"date":"2021-03-29T08:12:05","date_gmt":"2021-03-29T08:12:05","guid":{"rendered":"https:\/\/aeter.org\/terminesp\/"},"modified":"2021-04-28T17:04:46","modified_gmt":"2021-04-28T17:04:46","slug":"terminesp","status":"publish","type":"page","link":"https:\/\/aeter.org\/gl\/terminesp\/","title":{"rendered":"TERMINESP"},"content":{"rendered":"<p><a href=\"\/gl\/proxecto-terminesp\/\" target=\"_blank\" rel=\"noopener noreferrer\">Proxecto Terminesp<\/a><br \/>\nProxecto impulsado por AETER en 2005 para a organizaci\u00f3n da terminolox\u00eda do espa\u00f1ol.<\/p>\n<p><a href=\"\/gl\/base-de-datos-terminesp\/\" target=\"_blank\" rel=\"noopener noreferrer\">Base de datos Terminesp<\/a><br \/>\nBase de datos terminol\u00f3xicos da lingua espa\u00f1ola promovida pola Asociaci\u00f3n Espa\u00f1ola de Terminolox\u00eda (AETER), creada a partir dos datos proporcionados pola Asociaci\u00f3n Espa\u00f1ola de Normalizaci\u00f3n e Certificaci\u00f3n (AENOR).<\/p>\n","protected":false},"excerpt":{"rendered":"<p>Proxecto Terminesp Proxecto impulsado por AETER en 2005 para a organizaci\u00f3n da terminolox\u00eda do espa\u00f1ol. Base de datos Terminesp Base de datos terminol\u00f3xicos da lingua espa\u00f1ola promovida pola Asociaci\u00f3n Espa\u00f1ola de Terminolox\u00eda (AETER), creada a partir dos datos proporcionados pola Asociaci\u00f3n Espa\u00f1ola de Normalizaci\u00f3n e Certificaci\u00f3n (AENOR).<\/p>\n","protected":false},"author":5,"featured_media":0,"parent":0,"menu_order":0,"comment_status":"closed","ping_status":"closed","template":"","meta":{"footnotes":""},"class_list":["post-3691","page","type-page","status-publish","hentry"],"yoast_head":"<!-- This site is optimized with the Yoast SEO plugin v24.4 - https:\/\/yoast.com\/wordpress\/plugins\/seo\/ -->\n<title>TERMINESP - ASOCIACI\u00d3N ESPA\u00d1OLA DE TERMINOLOG\u00cdA<\/title>\n<meta name=\"robots\" content=\"index, follow, max-snippet:-1, max-image-preview:large, max-video-preview:-1\" \/>\n<link rel=\"canonical\" href=\"https:\/\/aeter.org\/gl\/terminesp\/\" \/>\n<meta property=\"og:locale\" content=\"gl_ES\" \/>\n<meta property=\"og:type\" content=\"article\" \/>\n<meta property=\"og:title\" content=\"TERMINESP - ASOCIACI\u00d3N ESPA\u00d1OLA DE TERMINOLOG\u00cdA\" \/>\n<meta property=\"og:description\" content=\"Proxecto Terminesp Proxecto impulsado por AETER en 2005 para a organizaci\u00f3n da terminolox\u00eda do espa\u00f1ol. Base de datos Terminesp Base de datos terminol\u00f3xicos da lingua espa\u00f1ola promovida pola Asociaci\u00f3n Espa\u00f1ola de Terminolox\u00eda (AETER), creada a partir dos datos proporcionados pola Asociaci\u00f3n Espa\u00f1ola de Normalizaci\u00f3n e Certificaci\u00f3n (AENOR).\" \/>\n<meta property=\"og:url\" content=\"https:\/\/aeter.org\/gl\/terminesp\/\" \/>\n<meta property=\"og:site_name\" content=\"ASOCIACI\u00d3N ESPA\u00d1OLA DE TERMINOLOG\u00cdA\" \/>\n<meta property=\"article:modified_time\" content=\"2021-04-28T17:04:46+00:00\" \/>\n<meta name=\"twitter:card\" content=\"summary_large_image\" \/>\n<meta name=\"twitter:label1\" content=\"Tempo de lectura\" \/>\n\t<meta name=\"twitter:data1\" content=\"1 minuto\" \/>\n<script type=\"application\/ld+json\" class=\"yoast-schema-graph\">{\"@context\":\"https:\/\/schema.org\",\"@graph\":[{\"@type\":\"WebPage\",\"@id\":\"https:\/\/aeter.org\/gl\/terminesp\/\",\"url\":\"https:\/\/aeter.org\/gl\/terminesp\/\",\"name\":\"TERMINESP - ASOCIACI\u00d3N ESPA\u00d1OLA DE TERMINOLOG\u00cdA\",\"isPartOf\":{\"@id\":\"https:\/\/aeter.org\/#website\"},\"datePublished\":\"2021-03-29T08:12:05+00:00\",\"dateModified\":\"2021-04-28T17:04:46+00:00\",\"breadcrumb\":{\"@id\":\"https:\/\/aeter.org\/gl\/terminesp\/#breadcrumb\"},\"inLanguage\":\"gl-ES\",\"potentialAction\":[{\"@type\":\"ReadAction\",\"target\":[\"https:\/\/aeter.org\/gl\/terminesp\/\"]}]},{\"@type\":\"BreadcrumbList\",\"@id\":\"https:\/\/aeter.org\/gl\/terminesp\/#breadcrumb\",\"itemListElement\":[{\"@type\":\"ListItem\",\"position\":1,\"name\":\"Portada\",\"item\":\"https:\/\/aeter.org\/\"},{\"@type\":\"ListItem\",\"position\":2,\"name\":\"TERMINESP\"}]},{\"@type\":\"WebSite\",\"@id\":\"https:\/\/aeter.org\/#website\",\"url\":\"https:\/\/aeter.org\/\",\"name\":\"ASOCIACI\u00d3N ESPA\u00d1OLA DE TERMINOLOG\u00cdA\",\"description\":\"AETER\",\"potentialAction\":[{\"@type\":\"SearchAction\",\"target\":{\"@type\":\"EntryPoint\",\"urlTemplate\":\"https:\/\/aeter.org\/?s={search_term_string}\"},\"query-input\":{\"@type\":\"PropertyValueSpecification\",\"valueRequired\":true,\"valueName\":\"search_term_string\"}}],\"inLanguage\":\"gl-ES\"}]}<\/script>\n<!-- \/ Yoast SEO plugin. -->","yoast_head_json":{"title":"TERMINESP - ASOCIACI\u00d3N ESPA\u00d1OLA DE TERMINOLOG\u00cdA","robots":{"index":"index","follow":"follow","max-snippet":"max-snippet:-1","max-image-preview":"max-image-preview:large","max-video-preview":"max-video-preview:-1"},"canonical":"https:\/\/aeter.org\/gl\/terminesp\/","og_locale":"gl_ES","og_type":"article","og_title":"TERMINESP - ASOCIACI\u00d3N ESPA\u00d1OLA DE TERMINOLOG\u00cdA","og_description":"Proxecto Terminesp Proxecto impulsado por AETER en 2005 para a organizaci\u00f3n da terminolox\u00eda do espa\u00f1ol. Base de datos Terminesp Base de datos terminol\u00f3xicos da lingua espa\u00f1ola promovida pola Asociaci\u00f3n Espa\u00f1ola de Terminolox\u00eda (AETER), creada a partir dos datos proporcionados pola Asociaci\u00f3n Espa\u00f1ola de Normalizaci\u00f3n e Certificaci\u00f3n (AENOR).","og_url":"https:\/\/aeter.org\/gl\/terminesp\/","og_site_name":"ASOCIACI\u00d3N ESPA\u00d1OLA DE TERMINOLOG\u00cdA","article_modified_time":"2021-04-28T17:04:46+00:00","twitter_card":"summary_large_image","twitter_misc":{"Tempo de lectura":"1 minuto"},"schema":{"@context":"https:\/\/schema.org","@graph":[{"@type":"WebPage","@id":"https:\/\/aeter.org\/gl\/terminesp\/","url":"https:\/\/aeter.org\/gl\/terminesp\/","name":"TERMINESP - ASOCIACI\u00d3N ESPA\u00d1OLA DE TERMINOLOG\u00cdA","isPartOf":{"@id":"https:\/\/aeter.org\/#website"},"datePublished":"2021-03-29T08:12:05+00:00","dateModified":"2021-04-28T17:04:46+00:00","breadcrumb":{"@id":"https:\/\/aeter.org\/gl\/terminesp\/#breadcrumb"},"inLanguage":"gl-ES","potentialAction":[{"@type":"ReadAction","target":["https:\/\/aeter.org\/gl\/terminesp\/"]}]},{"@type":"BreadcrumbList","@id":"https:\/\/aeter.org\/gl\/terminesp\/#breadcrumb","itemListElement":[{"@type":"ListItem","position":1,"name":"Portada","item":"https:\/\/aeter.org\/"},{"@type":"ListItem","position":2,"name":"TERMINESP"}]},{"@type":"WebSite","@id":"https:\/\/aeter.org\/#website","url":"https:\/\/aeter.org\/","name":"ASOCIACI\u00d3N ESPA\u00d1OLA DE TERMINOLOG\u00cdA","description":"AETER","potentialAction":[{"@type":"SearchAction","target":{"@type":"EntryPoint","urlTemplate":"https:\/\/aeter.org\/?s={search_term_string}"},"query-input":{"@type":"PropertyValueSpecification","valueRequired":true,"valueName":"search_term_string"}}],"inLanguage":"gl-ES"}]}},"_links":{"self":[{"href":"https:\/\/aeter.org\/gl\/wp-json\/wp\/v2\/pages\/3691","targetHints":{"allow":["GET"]}}],"collection":[{"href":"https:\/\/aeter.org\/gl\/wp-json\/wp\/v2\/pages"}],"about":[{"href":"https:\/\/aeter.org\/gl\/wp-json\/wp\/v2\/types\/page"}],"author":[{"embeddable":true,"href":"https:\/\/aeter.org\/gl\/wp-json\/wp\/v2\/users\/5"}],"replies":[{"embeddable":true,"href":"https:\/\/aeter.org\/gl\/wp-json\/wp\/v2\/comments?post=3691"}],"version-history":[{"count":2,"href":"https:\/\/aeter.org\/gl\/wp-json\/wp\/v2\/pages\/3691\/revisions"}],"predecessor-version":[{"id":4686,"href":"https:\/\/aeter.org\/gl\/wp-json\/wp\/v2\/pages\/3691\/revisions\/4686"}],"wp:attachment":[{"href":"https:\/\/aeter.org\/gl\/wp-json\/wp\/v2\/media?parent=3691"}],"curies":[{"name":"wp","href":"https:\/\/api.w.org\/{rel}","templated":true}]}}