{"id":3694,"date":"2021-03-29T08:25:08","date_gmt":"2021-03-29T08:25:08","guid":{"rendered":"https:\/\/aeter.org\/base-de-datos-terminesp\/"},"modified":"2021-03-29T08:25:09","modified_gmt":"2021-03-29T08:25:09","slug":"base-de-datos-terminesp","status":"publish","type":"page","link":"https:\/\/aeter.org\/gl\/base-de-datos-terminesp\/","title":{"rendered":"Base de datos Terminesp"},"content":{"rendered":"\n<p>A base de datos terminol\u00f3xicos <em>Terminesp <\/em>\u00e9 parte da <em>Terminoteca <\/em>da <em>Wikilengua<\/em>. \u00c9 un banco de datos terminol\u00f3xicos da lingua espa\u00f1ola promovido pola Asociaci\u00f3n Espa\u00f1ola de Terminolox\u00eda (AETER), creado a partir dos datos proporcionados pola Asociaci\u00f3n Espa\u00f1ola de Normalizaci\u00f3n e Certificaci\u00f3n (AENOR).<\/p>\n\n<p>O obxectivo principal do banco de datos terminol\u00f3xicos <em>Terminesp<\/em> \u00e9 ofrecer as definici\u00f3ns inclu\u00eddas nas normas espa\u00f1olas UNE de varias decenas de miles de termos, con equivalencias noutras linguas, cando as hai, tal como aparecen nelas.<\/p>\n\n<p>Os campos de informaci\u00f3n posibles para os termos son os seguintes:<\/p>\n\n<ul class=\"wp-block-list\"><li>Definici\u00f3n<\/li><li>Lingua<\/li><li>Norma UNE<\/li><li>Nota<\/li><li>Termo en alem\u00e1n<\/li><li>Termo en espa\u00f1ol<\/li><li>Termo en franc\u00e9s<\/li><li>Termo en ingl\u00e9s<\/li><li>Termo en italiano<\/li><li>Termo en lat\u00edn<\/li><li>Termo en sueco<\/li><li>T\u00edtulo da norma<\/li><\/ul>\n<p>Para m\u00e1is informaci\u00f3n, pode consultarse a seguinte p\u00e1xina:<br\/><a href=\"http:\/\/www.wikilengua.org\/index.php\/Wikilengua:Terminesp\">http:\/\/www.wikilengua.org\/index.php\/Wikilengua:Terminesp<\/a> <\/p>\n\n<p>A base de datos terminol\u00f3xicos <em>Terminesp<\/em> est\u00e1 inclu\u00edda tam\u00e9n como un dos recursos da Plataforma <em>Enclave de ciencia<\/em> promovida pola Real Academia Espa\u00f1ola e a FECYT: <a rel=\"noreferrer noopener\" href=\"https:\/\/enclavedeciencia.rae.es\/\" target=\"_blank\">https:\/\/enclavedeciencia.rae.es<\/a><\/p>\n","protected":false},"excerpt":{"rendered":"<p>A base de datos terminol\u00f3xicos Terminesp \u00e9 parte da Terminoteca da Wikilengua. \u00c9 un banco de datos terminol\u00f3xicos da lingua espa\u00f1ola promovido pola Asociaci\u00f3n Espa\u00f1ola de Terminolox\u00eda (AETER), creado a partir dos datos proporcionados pola Asociaci\u00f3n Espa\u00f1ola de Normalizaci\u00f3n e Certificaci\u00f3n (AENOR). O obxectivo principal do banco de datos terminol\u00f3xicos Terminesp \u00e9 ofrecer as definici\u00f3ns&hellip;<\/p>\n","protected":false},"author":5,"featured_media":0,"parent":0,"menu_order":0,"comment_status":"closed","ping_status":"closed","template":"","meta":{"footnotes":""},"class_list":["post-3694","page","type-page","status-publish","hentry"],"yoast_head":"<!-- This site is optimized with the Yoast SEO plugin v24.4 - https:\/\/yoast.com\/wordpress\/plugins\/seo\/ -->\n<title>Base de datos Terminesp - ASOCIACI\u00d3N ESPA\u00d1OLA DE TERMINOLOG\u00cdA<\/title>\n<meta name=\"robots\" content=\"index, follow, max-snippet:-1, max-image-preview:large, max-video-preview:-1\" \/>\n<link rel=\"canonical\" href=\"https:\/\/aeter.org\/gl\/base-de-datos-terminesp\/\" \/>\n<meta property=\"og:locale\" content=\"gl_ES\" \/>\n<meta property=\"og:type\" content=\"article\" \/>\n<meta property=\"og:title\" content=\"Base de datos Terminesp - ASOCIACI\u00d3N ESPA\u00d1OLA DE TERMINOLOG\u00cdA\" \/>\n<meta property=\"og:description\" content=\"A base de datos terminol\u00f3xicos Terminesp \u00e9 parte da Terminoteca da Wikilengua. \u00c9 un banco de datos terminol\u00f3xicos da lingua espa\u00f1ola promovido pola Asociaci\u00f3n Espa\u00f1ola de Terminolox\u00eda (AETER), creado a partir dos datos proporcionados pola Asociaci\u00f3n Espa\u00f1ola de Normalizaci\u00f3n e Certificaci\u00f3n (AENOR). O obxectivo principal do banco de datos terminol\u00f3xicos Terminesp \u00e9 ofrecer as definici\u00f3ns&hellip;\" \/>\n<meta property=\"og:url\" content=\"https:\/\/aeter.org\/gl\/base-de-datos-terminesp\/\" \/>\n<meta property=\"og:site_name\" content=\"ASOCIACI\u00d3N ESPA\u00d1OLA DE TERMINOLOG\u00cdA\" \/>\n<meta property=\"article:modified_time\" content=\"2021-03-29T08:25:09+00:00\" \/>\n<meta name=\"twitter:card\" content=\"summary_large_image\" \/>\n<meta name=\"twitter:label1\" content=\"Tempo de lectura\" \/>\n\t<meta name=\"twitter:data1\" content=\"1 minuto\" \/>\n<script type=\"application\/ld+json\" class=\"yoast-schema-graph\">{\"@context\":\"https:\/\/schema.org\",\"@graph\":[{\"@type\":\"WebPage\",\"@id\":\"https:\/\/aeter.org\/gl\/base-de-datos-terminesp\/\",\"url\":\"https:\/\/aeter.org\/gl\/base-de-datos-terminesp\/\",\"name\":\"Base de datos Terminesp - ASOCIACI\u00d3N ESPA\u00d1OLA DE TERMINOLOG\u00cdA\",\"isPartOf\":{\"@id\":\"https:\/\/aeter.org\/#website\"},\"datePublished\":\"2021-03-29T08:25:08+00:00\",\"dateModified\":\"2021-03-29T08:25:09+00:00\",\"breadcrumb\":{\"@id\":\"https:\/\/aeter.org\/gl\/base-de-datos-terminesp\/#breadcrumb\"},\"inLanguage\":\"gl-ES\",\"potentialAction\":[{\"@type\":\"ReadAction\",\"target\":[\"https:\/\/aeter.org\/gl\/base-de-datos-terminesp\/\"]}]},{\"@type\":\"BreadcrumbList\",\"@id\":\"https:\/\/aeter.org\/gl\/base-de-datos-terminesp\/#breadcrumb\",\"itemListElement\":[{\"@type\":\"ListItem\",\"position\":1,\"name\":\"Portada\",\"item\":\"https:\/\/aeter.org\/\"},{\"@type\":\"ListItem\",\"position\":2,\"name\":\"Base de datos Terminesp\"}]},{\"@type\":\"WebSite\",\"@id\":\"https:\/\/aeter.org\/#website\",\"url\":\"https:\/\/aeter.org\/\",\"name\":\"ASOCIACI\u00d3N ESPA\u00d1OLA DE TERMINOLOG\u00cdA\",\"description\":\"AETER\",\"potentialAction\":[{\"@type\":\"SearchAction\",\"target\":{\"@type\":\"EntryPoint\",\"urlTemplate\":\"https:\/\/aeter.org\/?s={search_term_string}\"},\"query-input\":{\"@type\":\"PropertyValueSpecification\",\"valueRequired\":true,\"valueName\":\"search_term_string\"}}],\"inLanguage\":\"gl-ES\"}]}<\/script>\n<!-- \/ Yoast SEO plugin. -->","yoast_head_json":{"title":"Base de datos Terminesp - ASOCIACI\u00d3N ESPA\u00d1OLA DE TERMINOLOG\u00cdA","robots":{"index":"index","follow":"follow","max-snippet":"max-snippet:-1","max-image-preview":"max-image-preview:large","max-video-preview":"max-video-preview:-1"},"canonical":"https:\/\/aeter.org\/gl\/base-de-datos-terminesp\/","og_locale":"gl_ES","og_type":"article","og_title":"Base de datos Terminesp - ASOCIACI\u00d3N ESPA\u00d1OLA DE TERMINOLOG\u00cdA","og_description":"A base de datos terminol\u00f3xicos Terminesp \u00e9 parte da Terminoteca da Wikilengua. \u00c9 un banco de datos terminol\u00f3xicos da lingua espa\u00f1ola promovido pola Asociaci\u00f3n Espa\u00f1ola de Terminolox\u00eda (AETER), creado a partir dos datos proporcionados pola Asociaci\u00f3n Espa\u00f1ola de Normalizaci\u00f3n e Certificaci\u00f3n (AENOR). O obxectivo principal do banco de datos terminol\u00f3xicos Terminesp \u00e9 ofrecer as definici\u00f3ns&hellip;","og_url":"https:\/\/aeter.org\/gl\/base-de-datos-terminesp\/","og_site_name":"ASOCIACI\u00d3N ESPA\u00d1OLA DE TERMINOLOG\u00cdA","article_modified_time":"2021-03-29T08:25:09+00:00","twitter_card":"summary_large_image","twitter_misc":{"Tempo de lectura":"1 minuto"},"schema":{"@context":"https:\/\/schema.org","@graph":[{"@type":"WebPage","@id":"https:\/\/aeter.org\/gl\/base-de-datos-terminesp\/","url":"https:\/\/aeter.org\/gl\/base-de-datos-terminesp\/","name":"Base de datos Terminesp - ASOCIACI\u00d3N ESPA\u00d1OLA DE TERMINOLOG\u00cdA","isPartOf":{"@id":"https:\/\/aeter.org\/#website"},"datePublished":"2021-03-29T08:25:08+00:00","dateModified":"2021-03-29T08:25:09+00:00","breadcrumb":{"@id":"https:\/\/aeter.org\/gl\/base-de-datos-terminesp\/#breadcrumb"},"inLanguage":"gl-ES","potentialAction":[{"@type":"ReadAction","target":["https:\/\/aeter.org\/gl\/base-de-datos-terminesp\/"]}]},{"@type":"BreadcrumbList","@id":"https:\/\/aeter.org\/gl\/base-de-datos-terminesp\/#breadcrumb","itemListElement":[{"@type":"ListItem","position":1,"name":"Portada","item":"https:\/\/aeter.org\/"},{"@type":"ListItem","position":2,"name":"Base de datos Terminesp"}]},{"@type":"WebSite","@id":"https:\/\/aeter.org\/#website","url":"https:\/\/aeter.org\/","name":"ASOCIACI\u00d3N ESPA\u00d1OLA DE TERMINOLOG\u00cdA","description":"AETER","potentialAction":[{"@type":"SearchAction","target":{"@type":"EntryPoint","urlTemplate":"https:\/\/aeter.org\/?s={search_term_string}"},"query-input":{"@type":"PropertyValueSpecification","valueRequired":true,"valueName":"search_term_string"}}],"inLanguage":"gl-ES"}]}},"_links":{"self":[{"href":"https:\/\/aeter.org\/gl\/wp-json\/wp\/v2\/pages\/3694","targetHints":{"allow":["GET"]}}],"collection":[{"href":"https:\/\/aeter.org\/gl\/wp-json\/wp\/v2\/pages"}],"about":[{"href":"https:\/\/aeter.org\/gl\/wp-json\/wp\/v2\/types\/page"}],"author":[{"embeddable":true,"href":"https:\/\/aeter.org\/gl\/wp-json\/wp\/v2\/users\/5"}],"replies":[{"embeddable":true,"href":"https:\/\/aeter.org\/gl\/wp-json\/wp\/v2\/comments?post=3694"}],"version-history":[{"count":2,"href":"https:\/\/aeter.org\/gl\/wp-json\/wp\/v2\/pages\/3694\/revisions"}],"predecessor-version":[{"id":3696,"href":"https:\/\/aeter.org\/gl\/wp-json\/wp\/v2\/pages\/3694\/revisions\/3696"}],"wp:attachment":[{"href":"https:\/\/aeter.org\/gl\/wp-json\/wp\/v2\/media?parent=3694"}],"curies":[{"name":"wp","href":"https:\/\/api.w.org\/{rel}","templated":true}]}}