{"id":3717,"date":"2021-03-29T09:11:47","date_gmt":"2021-03-29T09:11:47","guid":{"rendered":"https:\/\/aeter.org\/revistas-y-boletines\/"},"modified":"2021-07-09T16:24:19","modified_gmt":"2021-07-09T16:24:19","slug":"revistas-e-boletins","status":"publish","type":"page","link":"https:\/\/aeter.org\/gl\/revistas-e-boletins\/","title":{"rendered":"revistas e bolet\u00edns"},"content":{"rendered":"<p><span style=\"color: #993366;\">REVISTAS ESPECIALIZADAS EN TERMINOLOX\u00cdA<\/span><\/p>\n<p><strong><em>DEBATE TERMINOL\u00d3XICO<\/em><\/strong><br \/>\nISSN: 1813-1867 (electr\u00f3nica)<br \/>\nEditada pola <a href=\"https:\/\/sites.google.com\/view\/riterm\/es\" target=\"_blank\" rel=\"noopener\">Rede Iberoamericana de Terminolox\u00eda (RITerm)<\/a><br \/>\nContacto: Iria da Cunha (<a href=\"mailto:iria.dacunha@upf.edu\">iria.dacunha@upf.edu<\/a>)<br \/>\nPeriodicidade semestral<br \/>\nLinguas: Espa\u00f1ol e portugu\u00e9s<br \/>\nAcceso \u00e1 edici\u00f3n electr\u00f3nica: <a href=\"http:\/\/seer.ufrgs.br\/riterm\/index\" target=\"_blank\" rel=\"noopener\">http:\/\/seer.ufrgs.br\/riterm\/index<\/a><\/p>\n<p><strong><em>TERMIN\u00c0LIA<br \/>\n<\/em><\/strong>Revista da <a href=\"http:\/\/scaterm.iec.cat\/\" target=\"_blank\" rel=\"noopener\">Societat Catalana de Terminologia (SCATERM)<\/a><br \/>\nISSN: 2013-6706 (edici\u00f3n electr\u00f3nica); 2013-6692 (edici\u00f3n impresa)<br \/>\nEditada polo <a href=\"http:\/\/www.iec.cat\/activitats\/entrada.asp\" target=\"_blank\" rel=\"noopener\">Institut d\u2019Estudis Catalans<\/a><br \/>\nDirectora: M. Teresa Cabr\u00e9<br \/>\nEditora xefe: Merc\u00e8 Lorente<br \/>\nContacte: terminalia@iec.cat<br \/>\nPeriodicidade semestral<br \/>\nLinguas: Catal\u00e1n, ingl\u00e9s e espa\u00f1ol<br \/>\nAcceso \u00e1 edici\u00f3n electr\u00f3nica: <a href=\"http:\/\/revistes.iec.cat\/index.php\/terminalia\" target=\"_blank\" rel=\"noopener\">http:\/\/terminalia.iec.cat<\/a><\/p>\n<p><em><strong>TERMINOLOGY<\/strong><br \/>\nInternational Journal of Theoretical and Applied Issues in Specialized Communication<\/em><br \/>\nISSN: 0929-9971 (edici\u00f3n impresa); 1569-9994 (edici\u00f3n electr\u00f3nica)<br \/>\nEditada por <a href=\"http:\/\/benjamins.com\/#catalog\/journals\/term\/main\" target=\"_blank\" rel=\"noopener\">John Benjamins Publishing Company<\/a><br \/>\nEditores: Marie-Claude L\u2019Homme e Kyo Kagueura<br \/>\nConsultor: Juan Carlos Sager<br \/>\nPeriodicidade semestral<br \/>\nLinguas: Ingl\u00e9s. Adm\u00edtense orixinais en espa\u00f1ol.<br \/>\nAcceso \u00e1 edici\u00f3n electr\u00f3nica: <a href=\"http:\/\/www.ingentaconnect.com\/content\/jbp\/term\" target=\"_blank\" rel=\"noopener\">Ingentaconnect Publicaci\u00f3n<\/a><\/p>\n<p><span style=\"color: #993366;\">OUTRAS REVISTAS QUE ADOITAN INCLU\u00cdR ARTIGOS SOBRE TERMINOLOX\u00cdA<\/span><\/p>\n<ul>\n<li><a href=\"http:\/\/www-ldi.univ-paris13.fr\/index.php?option=com_content&amp;view=article&amp;id=83:derniers-numeros-parus&amp;catid=101&amp;Itemid=506\" target=\"_blank\" rel=\"noopener\">Cahiers de Lexicologie<\/a><\/li>\n<li><a href=\"http:\/\/www.aelfe.org\/?s=revista\" target=\"_blank\" rel=\"noopener\">Ib\u00e9rica. Revista da AELFE<\/a><\/li>\n<li><a href=\"http:\/\/www3.oup.co.uk\/lexico\/\" target=\"_blank\" rel=\"noopener\">International Journal of Lexicography<\/a><\/li>\n<li><a href=\"https:\/\/www.lessius.eu\/english\/ku-leuven-academic-bachelors-and-masters\/language-and-communication\/journal-internationalisa\" target=\"_blank\" rel=\"noopener\">Journal of Internationalisation and Localization (JIAL)<\/a><\/li>\n<li><a href=\"http:\/\/www.cilf.fr\/f\/index.php?sp=coll&amp;collection_id=10\" target=\"_blank\" rel=\"noopener\">La Banque des mots<\/a><\/li>\n<li><a href=\"http:\/\/www.rifal.org\/3_information.html#cahiers\" target=\"_blank\" rel=\"noopener\">Les Cahiers du Rifal<\/a> (antes Terminologies Nouvelles)<\/li>\n<li><a href=\"http:\/\/rauli.cbs.dk\/index.php\/lspcog\" target=\"_blank\" rel=\"noopener\">LSP Journal. Language for special purposes, professional communication, knowledge management and cognition<\/a><\/li>\n<li><a href=\"http:\/\/meta.erudit.org\/\" target=\"_blank\" rel=\"noopener\">Meta: Journal des traducteurs \/ Meta: Translators&#8217; Journal<\/a><\/li>\n<li><a href=\"http:\/\/www-ldi.univ-paris13.fr\/index.php?option=com_content&amp;view=article&amp;id=82:numeros-parus&amp;catid=100&amp;Itemid=505\" target=\"_blank\" rel=\"noopener\">Neologica. Revue Internationale de N\u00e9ologie<\/a><\/li>\n<li><a href=\"http:\/\/www.tremedica.org\/panacea.html\" target=\"_blank\" rel=\"noopener\">Panace@.Revista de Traducci\u00f3n y medicina<\/a><\/li>\n<li><a href=\"http:\/\/www.udc.es\/grupos\/lexicografia\/revista.htm\" target=\"_blank\" rel=\"noopener\">Revista de Lexicograf\u00eda<\/a><\/li>\n<li><a href=\"http:\/\/www.oqlf.gouv.qc.ca\/ressources\/publications\/publications_amenagement\/terminogramme.html\" target=\"_blank\" rel=\"noopener\">Revue d&#8217;am\u00e9nagement linguistique<\/a> (antes Terminogramme)<\/li>\n<li><a href=\"http:\/\/revistaseug.ugr.es\/index.php\/sendebar\" target=\"_blank\" rel=\"noopener\">Sendebar<\/a><\/li>\n<li><a href=\"http:\/\/www.fti.uab.es\/tradumatica\/revista\/\" target=\"_blank\" rel=\"noopener\">Tradum\u00e1tica<\/a><\/li>\n<li><a href=\"http:\/\/ttr.erudit.org\/\" target=\"_blank\" rel=\"noopener\">TTR. Traduction, terminologie, r\u00e9daction<\/a><\/li>\n<\/ul>\n<p><span style=\"color: #993366;\">BOLET\u00cdNS DE ASOCIACI\u00d3NS DE TERMINOLOX\u00cdA<\/span><\/p>\n<ul>\n<li><a href=\"http:\/\/blocs.iec.cat\/scaterm\" target=\"_blank\" rel=\"noopener\">Butllet\u00ed de SCATERM<\/a><\/li>\n<li><a href=\"http:\/\/www.eaft-aet.net\/news\/article\/eaft-newsletter\/\" target=\"_blank\" rel=\"noopener\">EAFT Newsletter<\/a><\/li>\n<li><a href=\"http:\/\/www.terminometro.info\/modules\/articles\/accueil\/index.php\" target=\"_blank\" rel=\"noopener\">Terminometro<\/a> (Bolet\u00edn de Uni\u00f3n Latina)<\/li>\n<li><a href=\"http:\/\/www.termnet.org\/english\/products_service\/TermNetNews.php\" target=\"_blank\" rel=\"noopener\">TermNet News<\/a><\/li>\n<\/ul>\n","protected":false},"excerpt":{"rendered":"<p>REVISTAS ESPECIALIZADAS EN TERMINOLOX\u00cdA DEBATE TERMINOL\u00d3XICO ISSN: 1813-1867 (electr\u00f3nica) Editada pola Rede Iberoamericana de Terminolox\u00eda (RITerm) Contacto: Iria da Cunha (iria.dacunha@upf.edu) Periodicidade semestral Linguas: Espa\u00f1ol e portugu\u00e9s Acceso \u00e1 edici\u00f3n electr\u00f3nica: http:\/\/seer.ufrgs.br\/riterm\/index TERMIN\u00c0LIA Revista da Societat Catalana de Terminologia (SCATERM) ISSN: 2013-6706 (edici\u00f3n electr\u00f3nica); 2013-6692 (edici\u00f3n impresa) Editada polo Institut d\u2019Estudis Catalans Directora: M. Teresa&hellip;<\/p>\n","protected":false},"author":5,"featured_media":0,"parent":0,"menu_order":0,"comment_status":"closed","ping_status":"closed","template":"","meta":{"footnotes":""},"class_list":["post-3717","page","type-page","status-publish","hentry"],"yoast_head":"<!-- This site is optimized with the Yoast SEO plugin v24.4 - https:\/\/yoast.com\/wordpress\/plugins\/seo\/ -->\n<title>revistas e bolet\u00edns - ASOCIACI\u00d3N ESPA\u00d1OLA DE TERMINOLOG\u00cdA<\/title>\n<meta name=\"robots\" content=\"index, follow, max-snippet:-1, max-image-preview:large, max-video-preview:-1\" \/>\n<link rel=\"canonical\" href=\"https:\/\/aeter.org\/gl\/revistas-e-boletins\/\" \/>\n<meta property=\"og:locale\" content=\"gl_ES\" \/>\n<meta property=\"og:type\" content=\"article\" \/>\n<meta property=\"og:title\" content=\"revistas e bolet\u00edns - ASOCIACI\u00d3N ESPA\u00d1OLA DE TERMINOLOG\u00cdA\" \/>\n<meta property=\"og:description\" content=\"REVISTAS ESPECIALIZADAS EN TERMINOLOX\u00cdA DEBATE TERMINOL\u00d3XICO ISSN: 1813-1867 (electr\u00f3nica) Editada pola Rede Iberoamericana de Terminolox\u00eda (RITerm) Contacto: Iria da Cunha (iria.dacunha@upf.edu) Periodicidade semestral Linguas: Espa\u00f1ol e portugu\u00e9s Acceso \u00e1 edici\u00f3n electr\u00f3nica: http:\/\/seer.ufrgs.br\/riterm\/index TERMIN\u00c0LIA Revista da Societat Catalana de Terminologia (SCATERM) ISSN: 2013-6706 (edici\u00f3n electr\u00f3nica); 2013-6692 (edici\u00f3n impresa) Editada polo Institut d\u2019Estudis Catalans Directora: M. Teresa&hellip;\" \/>\n<meta property=\"og:url\" content=\"https:\/\/aeter.org\/gl\/revistas-e-boletins\/\" \/>\n<meta property=\"og:site_name\" content=\"ASOCIACI\u00d3N ESPA\u00d1OLA DE TERMINOLOG\u00cdA\" \/>\n<meta property=\"article:modified_time\" content=\"2021-07-09T16:24:19+00:00\" \/>\n<meta name=\"twitter:card\" content=\"summary_large_image\" \/>\n<meta name=\"twitter:label1\" content=\"Tempo de lectura\" \/>\n\t<meta name=\"twitter:data1\" content=\"1 minuto\" \/>\n<script type=\"application\/ld+json\" class=\"yoast-schema-graph\">{\"@context\":\"https:\/\/schema.org\",\"@graph\":[{\"@type\":\"WebPage\",\"@id\":\"https:\/\/aeter.org\/gl\/revistas-e-boletins\/\",\"url\":\"https:\/\/aeter.org\/gl\/revistas-e-boletins\/\",\"name\":\"revistas e bolet\u00edns - ASOCIACI\u00d3N ESPA\u00d1OLA DE TERMINOLOG\u00cdA\",\"isPartOf\":{\"@id\":\"https:\/\/aeter.org\/#website\"},\"datePublished\":\"2021-03-29T09:11:47+00:00\",\"dateModified\":\"2021-07-09T16:24:19+00:00\",\"breadcrumb\":{\"@id\":\"https:\/\/aeter.org\/gl\/revistas-e-boletins\/#breadcrumb\"},\"inLanguage\":\"gl-ES\",\"potentialAction\":[{\"@type\":\"ReadAction\",\"target\":[\"https:\/\/aeter.org\/gl\/revistas-e-boletins\/\"]}]},{\"@type\":\"BreadcrumbList\",\"@id\":\"https:\/\/aeter.org\/gl\/revistas-e-boletins\/#breadcrumb\",\"itemListElement\":[{\"@type\":\"ListItem\",\"position\":1,\"name\":\"Portada\",\"item\":\"https:\/\/aeter.org\/\"},{\"@type\":\"ListItem\",\"position\":2,\"name\":\"revistas e bolet\u00edns\"}]},{\"@type\":\"WebSite\",\"@id\":\"https:\/\/aeter.org\/#website\",\"url\":\"https:\/\/aeter.org\/\",\"name\":\"ASOCIACI\u00d3N ESPA\u00d1OLA DE TERMINOLOG\u00cdA\",\"description\":\"AETER\",\"potentialAction\":[{\"@type\":\"SearchAction\",\"target\":{\"@type\":\"EntryPoint\",\"urlTemplate\":\"https:\/\/aeter.org\/?s={search_term_string}\"},\"query-input\":{\"@type\":\"PropertyValueSpecification\",\"valueRequired\":true,\"valueName\":\"search_term_string\"}}],\"inLanguage\":\"gl-ES\"}]}<\/script>\n<!-- \/ Yoast SEO plugin. -->","yoast_head_json":{"title":"revistas e bolet\u00edns - ASOCIACI\u00d3N ESPA\u00d1OLA DE TERMINOLOG\u00cdA","robots":{"index":"index","follow":"follow","max-snippet":"max-snippet:-1","max-image-preview":"max-image-preview:large","max-video-preview":"max-video-preview:-1"},"canonical":"https:\/\/aeter.org\/gl\/revistas-e-boletins\/","og_locale":"gl_ES","og_type":"article","og_title":"revistas e bolet\u00edns - ASOCIACI\u00d3N ESPA\u00d1OLA DE TERMINOLOG\u00cdA","og_description":"REVISTAS ESPECIALIZADAS EN TERMINOLOX\u00cdA DEBATE TERMINOL\u00d3XICO ISSN: 1813-1867 (electr\u00f3nica) Editada pola Rede Iberoamericana de Terminolox\u00eda (RITerm) Contacto: Iria da Cunha (iria.dacunha@upf.edu) Periodicidade semestral Linguas: Espa\u00f1ol e portugu\u00e9s Acceso \u00e1 edici\u00f3n electr\u00f3nica: http:\/\/seer.ufrgs.br\/riterm\/index TERMIN\u00c0LIA Revista da Societat Catalana de Terminologia (SCATERM) ISSN: 2013-6706 (edici\u00f3n electr\u00f3nica); 2013-6692 (edici\u00f3n impresa) Editada polo Institut d\u2019Estudis Catalans Directora: M. Teresa&hellip;","og_url":"https:\/\/aeter.org\/gl\/revistas-e-boletins\/","og_site_name":"ASOCIACI\u00d3N ESPA\u00d1OLA DE TERMINOLOG\u00cdA","article_modified_time":"2021-07-09T16:24:19+00:00","twitter_card":"summary_large_image","twitter_misc":{"Tempo de lectura":"1 minuto"},"schema":{"@context":"https:\/\/schema.org","@graph":[{"@type":"WebPage","@id":"https:\/\/aeter.org\/gl\/revistas-e-boletins\/","url":"https:\/\/aeter.org\/gl\/revistas-e-boletins\/","name":"revistas e bolet\u00edns - ASOCIACI\u00d3N ESPA\u00d1OLA DE TERMINOLOG\u00cdA","isPartOf":{"@id":"https:\/\/aeter.org\/#website"},"datePublished":"2021-03-29T09:11:47+00:00","dateModified":"2021-07-09T16:24:19+00:00","breadcrumb":{"@id":"https:\/\/aeter.org\/gl\/revistas-e-boletins\/#breadcrumb"},"inLanguage":"gl-ES","potentialAction":[{"@type":"ReadAction","target":["https:\/\/aeter.org\/gl\/revistas-e-boletins\/"]}]},{"@type":"BreadcrumbList","@id":"https:\/\/aeter.org\/gl\/revistas-e-boletins\/#breadcrumb","itemListElement":[{"@type":"ListItem","position":1,"name":"Portada","item":"https:\/\/aeter.org\/"},{"@type":"ListItem","position":2,"name":"revistas e bolet\u00edns"}]},{"@type":"WebSite","@id":"https:\/\/aeter.org\/#website","url":"https:\/\/aeter.org\/","name":"ASOCIACI\u00d3N ESPA\u00d1OLA DE TERMINOLOG\u00cdA","description":"AETER","potentialAction":[{"@type":"SearchAction","target":{"@type":"EntryPoint","urlTemplate":"https:\/\/aeter.org\/?s={search_term_string}"},"query-input":{"@type":"PropertyValueSpecification","valueRequired":true,"valueName":"search_term_string"}}],"inLanguage":"gl-ES"}]}},"_links":{"self":[{"href":"https:\/\/aeter.org\/gl\/wp-json\/wp\/v2\/pages\/3717","targetHints":{"allow":["GET"]}}],"collection":[{"href":"https:\/\/aeter.org\/gl\/wp-json\/wp\/v2\/pages"}],"about":[{"href":"https:\/\/aeter.org\/gl\/wp-json\/wp\/v2\/types\/page"}],"author":[{"embeddable":true,"href":"https:\/\/aeter.org\/gl\/wp-json\/wp\/v2\/users\/5"}],"replies":[{"embeddable":true,"href":"https:\/\/aeter.org\/gl\/wp-json\/wp\/v2\/comments?post=3717"}],"version-history":[{"count":3,"href":"https:\/\/aeter.org\/gl\/wp-json\/wp\/v2\/pages\/3717\/revisions"}],"predecessor-version":[{"id":5700,"href":"https:\/\/aeter.org\/gl\/wp-json\/wp\/v2\/pages\/3717\/revisions\/5700"}],"wp:attachment":[{"href":"https:\/\/aeter.org\/gl\/wp-json\/wp\/v2\/media?parent=3717"}],"curies":[{"name":"wp","href":"https:\/\/api.w.org\/{rel}","templated":true}]}}