{"id":3723,"date":"2021-03-29T09:32:29","date_gmt":"2021-03-29T09:32:29","guid":{"rendered":"https:\/\/aeter.org\/formacion-en-terminoloxia\/"},"modified":"2021-07-09T16:24:50","modified_gmt":"2021-07-09T16:24:50","slug":"formacion-en-terminoloxia","status":"publish","type":"page","link":"https:\/\/aeter.org\/gl\/formacion-en-terminoloxia\/","title":{"rendered":"Formaci\u00f3n en terminolox\u00eda"},"content":{"rendered":"<p><strong><span style=\"color: #993366;\">M\u00c1STER ONLINE EN TERMINOLOX\u00cdA<\/span><\/strong><br \/>\nUniversitat Pompeu Fabra. Barcelona<br \/>\nDirecci\u00f3n acad\u00e9mica: M. Teresa Cabr\u00e9<br \/>\nCoordinaci\u00f3n: Rosa Estop\u00e0<br \/>\nProfesorado: Grupo IULATERM do Institut Universitari de Ling\u00fc\u00edstica Aplicada (IULA)<br \/>\nOrganizado por IDEC-UPF<br \/>\nEdici\u00f3n en espa\u00f1ol: <a href=\"http:\/\/www.idec.upf.edu\/master-en-terminologia-modalitat-online\" target=\"_blank\" rel=\"noopener\">http:\/\/www.idec.upf.edu\/master-en-terminologia-modalitat-online<\/a><br \/>\nEdici\u00f3n en ingl\u00e9s: <a href=\"http:\/\/www.iula.upf.edu\/teronl3uk.htm\" target=\"_blank\" rel=\"noopener\">http:\/\/www.iula.upf.edu\/teronl3uk.htm<\/a><br \/>\nM\u00e1is informaci\u00f3n en: iulaonline@upf.edu<\/p>\n<p>&nbsp;<\/p>\n<p>&nbsp;<\/p>\n","protected":false},"excerpt":{"rendered":"<p>M\u00c1STER ONLINE EN TERMINOLOX\u00cdA Universitat Pompeu Fabra. Barcelona Direcci\u00f3n acad\u00e9mica: M. Teresa Cabr\u00e9 Coordinaci\u00f3n: Rosa Estop\u00e0 Profesorado: Grupo IULATERM do Institut Universitari de Ling\u00fc\u00edstica Aplicada (IULA) Organizado por IDEC-UPF Edici\u00f3n en espa\u00f1ol: http:\/\/www.idec.upf.edu\/master-en-terminologia-modalitat-online Edici\u00f3n en ingl\u00e9s: http:\/\/www.iula.upf.edu\/teronl3uk.htm M\u00e1is informaci\u00f3n en: iulaonline@upf.edu &nbsp; &nbsp;<\/p>\n","protected":false},"author":5,"featured_media":0,"parent":0,"menu_order":0,"comment_status":"closed","ping_status":"closed","template":"","meta":{"footnotes":""},"class_list":["post-3723","page","type-page","status-publish","hentry"],"yoast_head":"<!-- This site is optimized with the Yoast SEO plugin v24.4 - https:\/\/yoast.com\/wordpress\/plugins\/seo\/ -->\n<title>Formaci\u00f3n en terminolox\u00eda - ASOCIACI\u00d3N ESPA\u00d1OLA DE TERMINOLOG\u00cdA<\/title>\n<meta name=\"robots\" content=\"index, follow, max-snippet:-1, max-image-preview:large, max-video-preview:-1\" \/>\n<link rel=\"canonical\" href=\"https:\/\/aeter.org\/gl\/formacion-en-terminoloxia\/\" \/>\n<meta property=\"og:locale\" content=\"gl_ES\" \/>\n<meta property=\"og:type\" content=\"article\" \/>\n<meta property=\"og:title\" content=\"Formaci\u00f3n en terminolox\u00eda - ASOCIACI\u00d3N ESPA\u00d1OLA DE TERMINOLOG\u00cdA\" \/>\n<meta property=\"og:description\" content=\"M\u00c1STER ONLINE EN TERMINOLOX\u00cdA Universitat Pompeu Fabra. Barcelona Direcci\u00f3n acad\u00e9mica: M. Teresa Cabr\u00e9 Coordinaci\u00f3n: Rosa Estop\u00e0 Profesorado: Grupo IULATERM do Institut Universitari de Ling\u00fc\u00edstica Aplicada (IULA) Organizado por IDEC-UPF Edici\u00f3n en espa\u00f1ol: http:\/\/www.idec.upf.edu\/master-en-terminologia-modalitat-online Edici\u00f3n en ingl\u00e9s: http:\/\/www.iula.upf.edu\/teronl3uk.htm M\u00e1is informaci\u00f3n en: iulaonline@upf.edu &nbsp; &nbsp;\" \/>\n<meta property=\"og:url\" content=\"https:\/\/aeter.org\/gl\/formacion-en-terminoloxia\/\" \/>\n<meta property=\"og:site_name\" content=\"ASOCIACI\u00d3N ESPA\u00d1OLA DE TERMINOLOG\u00cdA\" \/>\n<meta property=\"article:modified_time\" content=\"2021-07-09T16:24:50+00:00\" \/>\n<meta name=\"twitter:card\" content=\"summary_large_image\" \/>\n<meta name=\"twitter:label1\" content=\"Tempo de lectura\" \/>\n\t<meta name=\"twitter:data1\" content=\"1 minuto\" \/>\n<script type=\"application\/ld+json\" class=\"yoast-schema-graph\">{\"@context\":\"https:\/\/schema.org\",\"@graph\":[{\"@type\":\"WebPage\",\"@id\":\"https:\/\/aeter.org\/gl\/formacion-en-terminoloxia\/\",\"url\":\"https:\/\/aeter.org\/gl\/formacion-en-terminoloxia\/\",\"name\":\"Formaci\u00f3n en terminolox\u00eda - ASOCIACI\u00d3N ESPA\u00d1OLA DE TERMINOLOG\u00cdA\",\"isPartOf\":{\"@id\":\"https:\/\/aeter.org\/#website\"},\"datePublished\":\"2021-03-29T09:32:29+00:00\",\"dateModified\":\"2021-07-09T16:24:50+00:00\",\"breadcrumb\":{\"@id\":\"https:\/\/aeter.org\/gl\/formacion-en-terminoloxia\/#breadcrumb\"},\"inLanguage\":\"gl-ES\",\"potentialAction\":[{\"@type\":\"ReadAction\",\"target\":[\"https:\/\/aeter.org\/gl\/formacion-en-terminoloxia\/\"]}]},{\"@type\":\"BreadcrumbList\",\"@id\":\"https:\/\/aeter.org\/gl\/formacion-en-terminoloxia\/#breadcrumb\",\"itemListElement\":[{\"@type\":\"ListItem\",\"position\":1,\"name\":\"Portada\",\"item\":\"https:\/\/aeter.org\/\"},{\"@type\":\"ListItem\",\"position\":2,\"name\":\"Formaci\u00f3n en terminolox\u00eda\"}]},{\"@type\":\"WebSite\",\"@id\":\"https:\/\/aeter.org\/#website\",\"url\":\"https:\/\/aeter.org\/\",\"name\":\"ASOCIACI\u00d3N ESPA\u00d1OLA DE TERMINOLOG\u00cdA\",\"description\":\"AETER\",\"potentialAction\":[{\"@type\":\"SearchAction\",\"target\":{\"@type\":\"EntryPoint\",\"urlTemplate\":\"https:\/\/aeter.org\/?s={search_term_string}\"},\"query-input\":{\"@type\":\"PropertyValueSpecification\",\"valueRequired\":true,\"valueName\":\"search_term_string\"}}],\"inLanguage\":\"gl-ES\"}]}<\/script>\n<!-- \/ Yoast SEO plugin. -->","yoast_head_json":{"title":"Formaci\u00f3n en terminolox\u00eda - ASOCIACI\u00d3N ESPA\u00d1OLA DE TERMINOLOG\u00cdA","robots":{"index":"index","follow":"follow","max-snippet":"max-snippet:-1","max-image-preview":"max-image-preview:large","max-video-preview":"max-video-preview:-1"},"canonical":"https:\/\/aeter.org\/gl\/formacion-en-terminoloxia\/","og_locale":"gl_ES","og_type":"article","og_title":"Formaci\u00f3n en terminolox\u00eda - ASOCIACI\u00d3N ESPA\u00d1OLA DE TERMINOLOG\u00cdA","og_description":"M\u00c1STER ONLINE EN TERMINOLOX\u00cdA Universitat Pompeu Fabra. Barcelona Direcci\u00f3n acad\u00e9mica: M. Teresa Cabr\u00e9 Coordinaci\u00f3n: Rosa Estop\u00e0 Profesorado: Grupo IULATERM do Institut Universitari de Ling\u00fc\u00edstica Aplicada (IULA) Organizado por IDEC-UPF Edici\u00f3n en espa\u00f1ol: http:\/\/www.idec.upf.edu\/master-en-terminologia-modalitat-online Edici\u00f3n en ingl\u00e9s: http:\/\/www.iula.upf.edu\/teronl3uk.htm M\u00e1is informaci\u00f3n en: iulaonline@upf.edu &nbsp; &nbsp;","og_url":"https:\/\/aeter.org\/gl\/formacion-en-terminoloxia\/","og_site_name":"ASOCIACI\u00d3N ESPA\u00d1OLA DE TERMINOLOG\u00cdA","article_modified_time":"2021-07-09T16:24:50+00:00","twitter_card":"summary_large_image","twitter_misc":{"Tempo de lectura":"1 minuto"},"schema":{"@context":"https:\/\/schema.org","@graph":[{"@type":"WebPage","@id":"https:\/\/aeter.org\/gl\/formacion-en-terminoloxia\/","url":"https:\/\/aeter.org\/gl\/formacion-en-terminoloxia\/","name":"Formaci\u00f3n en terminolox\u00eda - ASOCIACI\u00d3N ESPA\u00d1OLA DE TERMINOLOG\u00cdA","isPartOf":{"@id":"https:\/\/aeter.org\/#website"},"datePublished":"2021-03-29T09:32:29+00:00","dateModified":"2021-07-09T16:24:50+00:00","breadcrumb":{"@id":"https:\/\/aeter.org\/gl\/formacion-en-terminoloxia\/#breadcrumb"},"inLanguage":"gl-ES","potentialAction":[{"@type":"ReadAction","target":["https:\/\/aeter.org\/gl\/formacion-en-terminoloxia\/"]}]},{"@type":"BreadcrumbList","@id":"https:\/\/aeter.org\/gl\/formacion-en-terminoloxia\/#breadcrumb","itemListElement":[{"@type":"ListItem","position":1,"name":"Portada","item":"https:\/\/aeter.org\/"},{"@type":"ListItem","position":2,"name":"Formaci\u00f3n en terminolox\u00eda"}]},{"@type":"WebSite","@id":"https:\/\/aeter.org\/#website","url":"https:\/\/aeter.org\/","name":"ASOCIACI\u00d3N ESPA\u00d1OLA DE TERMINOLOG\u00cdA","description":"AETER","potentialAction":[{"@type":"SearchAction","target":{"@type":"EntryPoint","urlTemplate":"https:\/\/aeter.org\/?s={search_term_string}"},"query-input":{"@type":"PropertyValueSpecification","valueRequired":true,"valueName":"search_term_string"}}],"inLanguage":"gl-ES"}]}},"_links":{"self":[{"href":"https:\/\/aeter.org\/gl\/wp-json\/wp\/v2\/pages\/3723","targetHints":{"allow":["GET"]}}],"collection":[{"href":"https:\/\/aeter.org\/gl\/wp-json\/wp\/v2\/pages"}],"about":[{"href":"https:\/\/aeter.org\/gl\/wp-json\/wp\/v2\/types\/page"}],"author":[{"embeddable":true,"href":"https:\/\/aeter.org\/gl\/wp-json\/wp\/v2\/users\/5"}],"replies":[{"embeddable":true,"href":"https:\/\/aeter.org\/gl\/wp-json\/wp\/v2\/comments?post=3723"}],"version-history":[{"count":2,"href":"https:\/\/aeter.org\/gl\/wp-json\/wp\/v2\/pages\/3723\/revisions"}],"predecessor-version":[{"id":5701,"href":"https:\/\/aeter.org\/gl\/wp-json\/wp\/v2\/pages\/3723\/revisions\/5701"}],"wp:attachment":[{"href":"https:\/\/aeter.org\/gl\/wp-json\/wp\/v2\/media?parent=3723"}],"curies":[{"name":"wp","href":"https:\/\/api.w.org\/{rel}","templated":true}]}}