{"id":3728,"date":"2021-03-29T09:55:30","date_gmt":"2021-03-29T09:55:30","guid":{"rendered":"https:\/\/aeter.org\/politica-de-cookies\/"},"modified":"2021-04-29T14:44:06","modified_gmt":"2021-04-29T14:44:06","slug":"politica-de-cookies","status":"publish","type":"page","link":"https:\/\/aeter.org\/gl\/politica-de-cookies\/","title":{"rendered":"Pol\u00edtica de Cookies"},"content":{"rendered":"<p><em><br \/>\nEn cumprimento co artigo 22 da Lei 34\/2002, de 11 de xullo, de servizos da sociedade da informaci\u00f3n e de comercio electr\u00f3nico (LSSI), en relaci\u00f3n co Regulamento (UE) 2016\/679 do Parlamento Europeo e do Consello, de 27 de abril de 2016, Xeneral de Protecci\u00f3n de Datos (RGPD) e a Lei Org\u00e1nica 3\/2018, de 5 de decembro, de Protecci\u00f3n de Datos e garant\u00eda dos dereitos dixitais (LOPDGDD), AETER pon a disposici\u00f3n dos usuarios a Pol\u00edtica de recollida e tratamento de cookies do sitio web.<br \/>\n<\/em><\/p>\n<p><em><\/p>\n<h2>Que son as cookies<\/h2>\n<p>\nUnha cookie \u00e9 un ficheiro que se descarga no teu computador ao entrar a determinadas p\u00e1xinas web. As cookies permiten a unha p\u00e1xina web, entre outras cousas, almacenar e recuperar informaci\u00f3n sobre os teus h\u00e1bitos de navegaci\u00f3n e \u2014dependendo da informaci\u00f3n que conte\u00f1an e da forma en que utilices o teu equipo\u2014 poden utilizarse para identificarche.<\/p>\n<h2>Cookies utilizadas no sitio web<\/h2>\n<p>\nA continuaci\u00f3n clasif\u00edcanse as cookies utilizadas polo sitio web <a href=\"\">http:\/\/www.aeter.org<\/a>:\n<\/p>\n<p>\n<b>Segundo a entidade que as xestiona<\/b>\n<\/p>\n<ul>\n<li><b>Cookies propias:<\/b> Son aquelas enviadas e xestionadas directamente por AETER.<\/li>\n<li><b>Cookies de terceiros:<\/b> Son aquelas que se env\u00edan ao usuario desde un dominio alleo a AETER.<\/li>\n<\/ul>\n<p>\n<b>Segundo a s\u00faa finalidade<\/b>\n<\/p>\n<ul>\n<li><b>Cookies t\u00e9cnicas:<\/b> Son aquelas que permiten aos usuarios rexistrados navegar a trav\u00e9s do sitio web, da \u00e1rea restrinxida e a utilizar as s\u00faas diferentes funci\u00f3ns, por exemplo, o sistema de comentarios ou o buscador.<\/li>\n<li><b>Cookies de personalizaci\u00f3n:<\/b> Son aquelas que permiten aos usuarios acceder ao Servizo con algunhas caracter\u00edsticas de car\u00e1cter xeral predefinidas en funci\u00f3n dunha serie de criterios establecidos polo usuario como, por exemplo, o idioma ou o tipo de navegador a trav\u00e9s do cal se conecta a este sitio web.<\/li>\n<li><b>Cookies de an\u00e1lise ou medici\u00f3n:<\/b> Son aquelas que, ben tratadas polo sitio web ou por terceiros, permiten cuantificar o n\u00famero de usuarios e as\u00ed realizar a medici\u00f3n e an\u00e1lise estat\u00edstica da utilizaci\u00f3n que fan os usuarios do sitio web. Para iso anal\u00edzase a navegaci\u00f3n que realizas neste sitio web co fin de melloralo.<\/li>\n<li><b>Cookies sociais:<\/b> Son establecidas polas plataformas de redes sociais para permitir aos usuarios compartir contido cos seus amigos e redes.\n\t<\/li>\n<\/ul>\n<p>\n<b>Segundo a s\u00faa duraci\u00f3n<\/b>\n<\/p>\n<ul>\n<li><b>Cookies de sesi\u00f3n:<\/b> Son aquelas dese\u00f1adas para solicitar e almacenar datos mentres o usuario accede ao sitio web.<\/li>\n<li><b>Cookies persistentes:<\/b> Son aquelas en as que os datos seguen almacenados no terminal do usuario e poden ser accedidos e tratados durante un per\u00edodo definido polo responsable da cookie.<\/li>\n<\/ul>\n<h2>Listaxe de cookies utilizadas<\/h2>\n<p>\nEste sitio web pode instalar as seguintes cookies:\n<\/p>\n<p>\n<b>Cookies t\u00e9cnicas<\/b>\n<\/p>\n<ul>\n<li><b>wp-settings-{user_id}:<\/b> Cookie t\u00e9cnica que se usa para manter a configuraci\u00f3n do usuario en wp-admin. \u00c9 persistente e ten unha duraci\u00f3n de 1 ano.<\/li>\n<li><b>hasConsent:<\/b> Cookie t\u00e9cnica que almacena o consentimento do usuario. \u00c9 persistente e ten unha duraci\u00f3n de 1 ano.<\/li>\n<\/ul>\n<p>\n<b>Cookies de an\u00e1lise ou medici\u00f3n<\/b>\n<\/p>\n<ul>\n<li><b>_ga:<\/b> Cookie Anal\u00edtica que habilita a funci\u00f3n de control de visitas \u00fanicas. \u00c9 persistente e ten unha duraci\u00f3n de 2 anos.<\/li>\n<li><b>_gat: <\/b> Cookie Anal\u00edtica para limitar o n\u00famero de solicitudes. O seu \u00e1mbito \u00e9 a sesi\u00f3n e ten unha duraci\u00f3n de 1 minuto.<\/li>\n<li><b>_gid:<\/b> Cookie Anal\u00edtica para distinguir usuarios. O seu \u00e1mbito \u00e9 a sesi\u00f3n e ten unha duraci\u00f3n de 24 horas.<\/li>\n<\/ul>\n<p>\nInformaci\u00f3n adicional:\n<\/p>\n<ul>\n<li>Google Analytics pode instalar outras cookies segundo o documento <a target=\"_blank\" rel=\"noopener noreferrer nofollow\" href=\"https:\/\/developers.google.com\/analytics\/devguides\/collection\/analyticsjs\/cookie-usage?hl=es\">Uso das cookies de Google Analytics en sitios web<\/a>.<\/li>\n<\/ul>\n<p>\n<b>Cookies sociais<\/b>\n<\/p>\n<ul>\n<li>sitio web incl\u00fae outras funcionalidades proporcionadas por servizos de terceiros e redes sociais para mellorar a experiencia dos visitantes. Podes compartir o contido nas s\u00faas redes sociais como \u00abFacebook\u00bb, \u00abTwitter\u00bb, \u00abInstagram\u00bb, \u00abVimeo\u00bb ou \u00abYoutube\u00bb cos bot\u00f3ns inclu\u00eddos para ese efecto ou coas ferramentas para compartir propias das redes sociais. Como resultado, estes servizos poden instalar cookies e utilizalas para rastrexar a t\u00faa actividade online. Non temos control directo sobre a informaci\u00f3n recompilada por estas cookies.<\/li>\n<\/ul>\n<p>\nO sitio web pode instalar outras cookies:\n<\/p>\n<\/p>\n<h2>Aceptaci\u00f3n ou rexeitamento da instalaci\u00f3n de cookies<\/h2>\n<p>\nAETER mostra informaci\u00f3n sobre a s\u00faa Pol\u00edtica de cookies no men\u00fa do p\u00e9 de p\u00e1xina e no banner de cookies accesible en todas as p\u00e1xinas do Sitio web. O banner de cookies mostra informaci\u00f3n esencial sobre o tratamento de datos e permite ao usuario realizar as seguintes acci\u00f3ns:\n<\/p>\n<\/p>\n<ul>\n<li><b>Aceptar ou rexeitar a instalaci\u00f3n de cookies<\/b>, ou retirar o consentimento previamente outorgado, \u00e1 que podes acceder desde o Aviso de Cookies.<\/li>\n<\/ul>\n<h2>Eliminaci\u00f3n de cookies<\/h2>\n<p>\nPodes aceptar, bloquear ou eliminar as cookies instaladas no teu equipo mediante a configuraci\u00f3n das opci\u00f3ns do navegador, pero parte do sitio non funcionar\u00e1 correctamente ou a s\u00faa calidade pode verse afectada.\n<\/p>\n<p>\nNas seguintes ligaz\u00f3ns atopar\u00e1s instruci\u00f3ns para habilitar ou deshabilitar as cookies nos navegadores m\u00e1is com\u00fans.\n<\/p>\n<\/p>\n<ul>\n<li><b>Firefox<\/b>  <a rel=\"nofollow noopener\" target=\"_blank\" href=\"http:\/\/support.mozilla.org\/es\/kb\/habilitar-y-deshabilitar-cookies-que-los-sitios-we\">http:\/\/support.mozilla.org\/es\/kb\/habilitar-y-deshabilitar-cookies-que-los-sitios-we<\/a><\/li>\n<li><b>Google Chrome<\/b> <a target=\"_blank\" rel=\"noopener noreferrer nofollow\" href=\"https:\/\/support.google.com\/chrome\/answer\/95647?hl=es\">https:\/\/support.google.com\/chrome\/answer\/95647?hl=es<\/a><\/li>\n<li><b>Internet Explorer<\/b> <a target=\"_blank\" rel=\"noopener noreferrer nofollow\" href=\"https:\/\/support.microsoft.com\/es-es\/help\/17442\/windows-internet-explorer-delete-manage-cookies#ie=&quot;ie-10&quot;\">https:\/\/support.microsoft.com\/es-es\/help\/17442\/windows-internet-explorer-delete-manage-cookies#ie=&#8221;ie-10&#8243;<\/a><\/li>\n<li><b>Microsoft Edge<\/b> <a target=\"_blank\" rel=\"noopener noreferrer nofollow\" href=\"https:\/\/support.microsoft.com\/es-es\/help\/4468242\/microsoft-edge-browsing-data-and-privacy\">https:\/\/support.microsoft.com\/es-es\/help\/4468242\/microsoft-edge-browsing-data-and-privacy<\/a><\/li>\n<li><b>Safari<\/b> <a rel=\"nofollow noopener\" target=\"_blank\" href=\"http:\/\/support.apple.com\/kb\/HT1677?viewlocale=es_ES\">http:\/\/support.apple.com\/kb\/HT1677?viewlocale=es_ES<\/a><\/li>\n<\/ul>\n<h2>Tratamento de datos persoais<\/h2>\n<p>\nAETER \u00e9 o Responsable do tratamento dos datos persoais do usuario.\n<\/p>\n<h2>Contacto<\/h2>\n<p>\nNo caso de que te\u00f1as calquera d\u00fabida acerca desta Pol\u00edtica de Cookies ou queiras realizar calquera comentario sobre este sitio web, podes enviar unha mensaxe de correo electr\u00f3nico \u00e1 direcci\u00f3n info@aeter.org.\n<\/p>\n<p><\/em><\/p>\n","protected":false},"excerpt":{"rendered":"<p>En cumprimento co artigo 22 da Lei 34\/2002, de 11 de xullo, de servizos da sociedade da informaci\u00f3n e de comercio electr\u00f3nico (LSSI), en relaci\u00f3n co Regulamento (UE) 2016\/679 do Parlamento Europeo e do Consello, de 27 de abril de 2016, Xeneral de Protecci\u00f3n de Datos (RGPD) e a Lei Org\u00e1nica 3\/2018, de 5 de&hellip;<\/p>\n","protected":false},"author":5,"featured_media":0,"parent":0,"menu_order":0,"comment_status":"closed","ping_status":"closed","template":"","meta":{"footnotes":""},"class_list":["post-3728","page","type-page","status-publish","hentry"],"yoast_head":"<!-- This site is optimized with the Yoast SEO plugin v24.4 - https:\/\/yoast.com\/wordpress\/plugins\/seo\/ -->\n<title>Pol\u00edtica de Cookies - ASOCIACI\u00d3N ESPA\u00d1OLA DE TERMINOLOG\u00cdA<\/title>\n<meta name=\"robots\" content=\"index, follow, max-snippet:-1, max-image-preview:large, max-video-preview:-1\" \/>\n<link rel=\"canonical\" href=\"https:\/\/aeter.org\/gl\/politica-de-cookies\/\" \/>\n<meta property=\"og:locale\" content=\"gl_ES\" \/>\n<meta property=\"og:type\" content=\"article\" \/>\n<meta property=\"og:title\" content=\"Pol\u00edtica de Cookies - ASOCIACI\u00d3N ESPA\u00d1OLA DE TERMINOLOG\u00cdA\" \/>\n<meta property=\"og:description\" content=\"En cumprimento co artigo 22 da Lei 34\/2002, de 11 de xullo, de servizos da sociedade da informaci\u00f3n e de comercio electr\u00f3nico (LSSI), en relaci\u00f3n co Regulamento (UE) 2016\/679 do Parlamento Europeo e do Consello, de 27 de abril de 2016, Xeneral de Protecci\u00f3n de Datos (RGPD) e a Lei Org\u00e1nica 3\/2018, de 5 de&hellip;\" \/>\n<meta property=\"og:url\" content=\"https:\/\/aeter.org\/gl\/politica-de-cookies\/\" \/>\n<meta property=\"og:site_name\" content=\"ASOCIACI\u00d3N ESPA\u00d1OLA DE TERMINOLOG\u00cdA\" \/>\n<meta property=\"article:modified_time\" content=\"2021-04-29T14:44:06+00:00\" \/>\n<meta name=\"twitter:card\" content=\"summary_large_image\" \/>\n<meta name=\"twitter:label1\" content=\"Tempo de lectura\" \/>\n\t<meta name=\"twitter:data1\" content=\"5 minutos\" \/>\n<script type=\"application\/ld+json\" class=\"yoast-schema-graph\">{\"@context\":\"https:\/\/schema.org\",\"@graph\":[{\"@type\":\"WebPage\",\"@id\":\"https:\/\/aeter.org\/gl\/politica-de-cookies\/\",\"url\":\"https:\/\/aeter.org\/gl\/politica-de-cookies\/\",\"name\":\"Pol\u00edtica de Cookies - ASOCIACI\u00d3N ESPA\u00d1OLA DE TERMINOLOG\u00cdA\",\"isPartOf\":{\"@id\":\"https:\/\/aeter.org\/#website\"},\"datePublished\":\"2021-03-29T09:55:30+00:00\",\"dateModified\":\"2021-04-29T14:44:06+00:00\",\"breadcrumb\":{\"@id\":\"https:\/\/aeter.org\/gl\/politica-de-cookies\/#breadcrumb\"},\"inLanguage\":\"gl-ES\",\"potentialAction\":[{\"@type\":\"ReadAction\",\"target\":[\"https:\/\/aeter.org\/gl\/politica-de-cookies\/\"]}]},{\"@type\":\"BreadcrumbList\",\"@id\":\"https:\/\/aeter.org\/gl\/politica-de-cookies\/#breadcrumb\",\"itemListElement\":[{\"@type\":\"ListItem\",\"position\":1,\"name\":\"Portada\",\"item\":\"https:\/\/aeter.org\/\"},{\"@type\":\"ListItem\",\"position\":2,\"name\":\"Pol\u00edtica de Cookies\"}]},{\"@type\":\"WebSite\",\"@id\":\"https:\/\/aeter.org\/#website\",\"url\":\"https:\/\/aeter.org\/\",\"name\":\"ASOCIACI\u00d3N ESPA\u00d1OLA DE TERMINOLOG\u00cdA\",\"description\":\"AETER\",\"potentialAction\":[{\"@type\":\"SearchAction\",\"target\":{\"@type\":\"EntryPoint\",\"urlTemplate\":\"https:\/\/aeter.org\/?s={search_term_string}\"},\"query-input\":{\"@type\":\"PropertyValueSpecification\",\"valueRequired\":true,\"valueName\":\"search_term_string\"}}],\"inLanguage\":\"gl-ES\"}]}<\/script>\n<!-- \/ Yoast SEO plugin. -->","yoast_head_json":{"title":"Pol\u00edtica de Cookies - ASOCIACI\u00d3N ESPA\u00d1OLA DE TERMINOLOG\u00cdA","robots":{"index":"index","follow":"follow","max-snippet":"max-snippet:-1","max-image-preview":"max-image-preview:large","max-video-preview":"max-video-preview:-1"},"canonical":"https:\/\/aeter.org\/gl\/politica-de-cookies\/","og_locale":"gl_ES","og_type":"article","og_title":"Pol\u00edtica de Cookies - ASOCIACI\u00d3N ESPA\u00d1OLA DE TERMINOLOG\u00cdA","og_description":"En cumprimento co artigo 22 da Lei 34\/2002, de 11 de xullo, de servizos da sociedade da informaci\u00f3n e de comercio electr\u00f3nico (LSSI), en relaci\u00f3n co Regulamento (UE) 2016\/679 do Parlamento Europeo e do Consello, de 27 de abril de 2016, Xeneral de Protecci\u00f3n de Datos (RGPD) e a Lei Org\u00e1nica 3\/2018, de 5 de&hellip;","og_url":"https:\/\/aeter.org\/gl\/politica-de-cookies\/","og_site_name":"ASOCIACI\u00d3N ESPA\u00d1OLA DE TERMINOLOG\u00cdA","article_modified_time":"2021-04-29T14:44:06+00:00","twitter_card":"summary_large_image","twitter_misc":{"Tempo de lectura":"5 minutos"},"schema":{"@context":"https:\/\/schema.org","@graph":[{"@type":"WebPage","@id":"https:\/\/aeter.org\/gl\/politica-de-cookies\/","url":"https:\/\/aeter.org\/gl\/politica-de-cookies\/","name":"Pol\u00edtica de Cookies - ASOCIACI\u00d3N ESPA\u00d1OLA DE TERMINOLOG\u00cdA","isPartOf":{"@id":"https:\/\/aeter.org\/#website"},"datePublished":"2021-03-29T09:55:30+00:00","dateModified":"2021-04-29T14:44:06+00:00","breadcrumb":{"@id":"https:\/\/aeter.org\/gl\/politica-de-cookies\/#breadcrumb"},"inLanguage":"gl-ES","potentialAction":[{"@type":"ReadAction","target":["https:\/\/aeter.org\/gl\/politica-de-cookies\/"]}]},{"@type":"BreadcrumbList","@id":"https:\/\/aeter.org\/gl\/politica-de-cookies\/#breadcrumb","itemListElement":[{"@type":"ListItem","position":1,"name":"Portada","item":"https:\/\/aeter.org\/"},{"@type":"ListItem","position":2,"name":"Pol\u00edtica de Cookies"}]},{"@type":"WebSite","@id":"https:\/\/aeter.org\/#website","url":"https:\/\/aeter.org\/","name":"ASOCIACI\u00d3N ESPA\u00d1OLA DE TERMINOLOG\u00cdA","description":"AETER","potentialAction":[{"@type":"SearchAction","target":{"@type":"EntryPoint","urlTemplate":"https:\/\/aeter.org\/?s={search_term_string}"},"query-input":{"@type":"PropertyValueSpecification","valueRequired":true,"valueName":"search_term_string"}}],"inLanguage":"gl-ES"}]}},"_links":{"self":[{"href":"https:\/\/aeter.org\/gl\/wp-json\/wp\/v2\/pages\/3728","targetHints":{"allow":["GET"]}}],"collection":[{"href":"https:\/\/aeter.org\/gl\/wp-json\/wp\/v2\/pages"}],"about":[{"href":"https:\/\/aeter.org\/gl\/wp-json\/wp\/v2\/types\/page"}],"author":[{"embeddable":true,"href":"https:\/\/aeter.org\/gl\/wp-json\/wp\/v2\/users\/5"}],"replies":[{"embeddable":true,"href":"https:\/\/aeter.org\/gl\/wp-json\/wp\/v2\/comments?post=3728"}],"version-history":[{"count":10,"href":"https:\/\/aeter.org\/gl\/wp-json\/wp\/v2\/pages\/3728\/revisions"}],"predecessor-version":[{"id":5549,"href":"https:\/\/aeter.org\/gl\/wp-json\/wp\/v2\/pages\/3728\/revisions\/5549"}],"wp:attachment":[{"href":"https:\/\/aeter.org\/gl\/wp-json\/wp\/v2\/media?parent=3728"}],"curies":[{"name":"wp","href":"https:\/\/api.w.org\/{rel}","templated":true}]}}