{"id":3732,"date":"2021-03-29T09:57:56","date_gmt":"2021-03-29T09:57:56","guid":{"rendered":"https:\/\/aeter.org\/politica-de-privacidade\/"},"modified":"2021-04-30T14:20:22","modified_gmt":"2021-04-30T14:20:22","slug":"politica-de-privacidade","status":"publish","type":"page","link":"https:\/\/aeter.org\/gl\/politica-de-privacidade\/","title":{"rendered":"Pol\u00edtica de privacidade"},"content":{"rendered":"<p><em><br \/>\nAETER inf\u00f3rmache sobre a s\u00faa Pol\u00edtica de Privacidade respecto do tratamento e protecci\u00f3n dos datos de car\u00e1cter persoal dos usuarios que poidan ser solicitados durante a navegaci\u00f3n a trav\u00e9s do sitio web http:\/\/www.aeter.org.<br \/>\n<\/em><\/p>\n<p><em><\/p>\n<p>\nNeste sentido, AETER cumpre co Regulamento (UE) 2016\/679 do Parlamento Europeo e do Consello de 27 de abril de 2016 relativo \u00e1 protecci\u00f3n das persoas f\u00edsicas (RGPD).\n<\/p>\n<p>\nO uso de sitio web implica a aceptaci\u00f3n desta Pol\u00edtica de Privacidade .\n<\/p>\n<h2>Identidade do responsable<\/h2>\n<\/p>\n<ul>\n<li><b>Titular:<\/b> AETER.<\/li>\n<li><b>NIF:<\/b> G819822333<\/li>\n<li><b>Domicilio:<\/b> Universidade de Alacante Apdo. 99 03690 San Vicente do Raspeig, Alacante &#8211; Espa\u00f1a.<\/li>\n<li><b>Correo electr\u00f3nico:<\/b> info@aeter.org<\/li>\n<li><b>Sitio Web:<\/b> http:\/\/www.aeter.org<\/li>\n<\/ul>\n<h2>Principios aplicados no tratamento de datos<\/h2>\n<p>\nNo tratamento dos teus datos persoais, o Titular aplicar\u00e1 os seguintes principios que se axustan \u00e1s esixencias do novo regulamento europeo de protecci\u00f3n de datos (RGPD):\n<\/p>\n<\/p>\n<ul>\n<li>\n\t\t\t<b>Principio de licitud, lealdade e transparencia:<\/b> O Titular sempre requirir\u00e1 o consentimento para o tratamento dos datos persoais que pode ser para un ou varios fins espec\u00edficos sobre os que o Titular informar\u00e1 o Usuario previamente con absoluta transparencia..\n\t\t<\/li>\n<li>\n\t\t\t<b>Principio de minimizaci\u00f3n de datos:<\/b> O Titular solicitar\u00e1 s\u00f3 os datos estritamente necesarios para o fin ou os fins que os solicita.\n\t\t<\/li>\n<li>\n\t\t\t<b>Principio de limitaci\u00f3n do prazo de conservaci\u00f3n:<\/b> O Titular manter\u00e1 os datos persoais solicitados durante o tempo estritamente necesario para o fin ou os fins do tratamento. O Titular informar\u00e1 o Usuario do prazo de conservaci\u00f3n correspondente <a href=\"#finalidad-del-tratamiento-de-datos-personales\">segundo a finalidade<\/a>.<br \/>\n\t\t\t<br \/>No caso de subscrici\u00f3ns, o Titular revisar\u00e1 periodicamente as listas e eliminar\u00e1 aqueles rexistros inactivos durante un tempo considerable.<\/li>\n<li>\n\t\t\t<b>Principio de integridade e confidencialidade:<\/b>Os datos persoais solicitados ser\u00e1n tratados de tal maneira que a s\u00faa seguridade, confidencialidade e integridade estea garantida.<br \/>\n\t\t\t<br \/>Titular toma as precauci\u00f3ns necesarias para evitar o acceso non autorizado ou uso indebido dos datos dos seus usuarios por parte de terceiros.\n\t\t<\/li>\n<\/ul>\n<h2>Obtenci\u00f3n de datos persoais<\/h2>\n<p>\nPara navegar por <a href=\"\">http:\/\/www.aeter.org<\/a> non \u00e9 necesario que facilites ning\u00fan dato persoal.\n<\/p>\n<p>\nOs casos nos que si proporcionas os teus datos persoais son os seguintes:\n<\/p>\n<\/p>\n<ul>\n<li>Ao contactar a trav\u00e9s dos formularios de contacto ou enviar un correo electr\u00f3nico.<\/li>\n<li>Ao realizar un comentario nun artigo ou nunha p\u00e1xina.<\/li>\n<\/ul>\n<h2>Dereitos<\/h2>\n<p>\nO Titular inf\u00f3rmache que sobre os teus datos persoais tes dereito a:\n<\/p>\n<\/p>\n<ul>\n<li>Solicitar o acceso aos datos almacenados.<\/li>\n<li>Solicitar unha rectificaci\u00f3n ou a cancelaci\u00f3n.<\/li>\n<li>Solicitar a limitaci\u00f3n do seu tratamento.<\/li>\n<li>Opo\u00f1erte ao tratamento.<\/li>\n<\/ul>\n<p>\nNon podes exercitar o dereito \u00e1 potabilidade dos datos.\n<\/p>\n<p>\nO exercicio destes dereitos \u00e9 persoal e por tanto debe ser exercido directamente polo interesado, solicit\u00e1ndoo directamente ao Titular, o que significa que calquera cliente, subscritor ou colaborador que facilitase os seus datos nalg\u00fan momento, pode dirixirse a AETER e pedir informaci\u00f3n sobre os datos que ten almacenados e como os obtivo, solicitar a rectificaci\u00f3n dos mesmos, oporse ao tratamento, limitar o seu uso ou solicitar a cancelaci\u00f3n deses datos nos ficheiros do Titular.\n<\/p>\n<p>\nPara exercitar os teus dereitos de acceso, rectificaci\u00f3n, cancelaci\u00f3n e oposici\u00f3n tes que enviar un correo electr\u00f3nico a info@aeter.org xunto coa proba v\u00e1lida en dereito como unha fotocopia do D.N.I. ou equivalente.\n<\/p>\n<p>\nTes dereito \u00e1 tutela xudicial efectiva e a presentar unha reclamaci\u00f3n ante a autoridade de control, neste caso, a Axencia Espa\u00f1ola de Protecci\u00f3n de Datos, se consideras que o tratamento de datos persoais que che concirnen infrinxe o Regulamento.\n<\/p>\n<h2 id=\"finalidad-del-tratamiento-de-datos-personales\">Finalidade do tratamento de datos persoais<\/h2>\n<p>\nCando te conectas ao sitio web para mandar un correo ao Titular, escribes un comentario nun artigo ou unha p\u00e1xina, subscr\u00edbeste ao seu bolet\u00edn est\u00e1s a facilitar informaci\u00f3n de car\u00e1cter persoal da que o responsable \u00e9 AETER. Esta informaci\u00f3n pode inclu\u00edr datos de car\u00e1cter persoal como poden ser a t\u00faa direcci\u00f3n IP, nome e apelidos, direcci\u00f3n f\u00edsica, direcci\u00f3n de correo electr\u00f3nico, n\u00famero de tel\u00e9fono, e outra informaci\u00f3n. Ao facilitar esta informaci\u00f3n, d\u00e1s o teu consentimento para que a t\u00faa informaci\u00f3n sexa recompilada, utilizada, xestionada e almacenada por \u2014 AETER \u2014\n<\/p>\n<p>\nOs datos persoais e a finalidade do tratamento por parte do Titular \u00e9 diferente segundo o sistema de captura de informaci\u00f3n:\n<\/p>\n<\/p>\n<ul>\n<li>\n\t\t\t<b>Formularios de contacto:<\/b> O Titular solicita datos persoais entre os que poden estar: nome e apelidos, direcci\u00f3n de correo electr\u00f3nico, n\u00famero de tel\u00e9fono e direcci\u00f3n de sitio web coa finalidade de responder as consultas dos Usuarios.<br \/>\n\t\t\tPor exemplo, AETER utiliza eses datos para dar resposta a mensaxes, d\u00fabidas, queixas, comentarios ou inquietudes que poden ter os Usuarios relativas \u00e1 informaci\u00f3n inclu\u00edda no sitio web, o tratamento dos datos persoais, cuesti\u00f3ns referentes aos textos legais inclu\u00eddos no sitio web, as\u00ed como calquera outra consulta que o Usuario poida ter e que non estea suxeita \u00e1s condici\u00f3ns do sitio web.\n\t\t<\/li>\n<li>\n\t\t\t<b>Formularios de comentarios:<\/b> O Titular solicita datos persoais entre os que poden estar: nome e apelidos, direcci\u00f3n de correo electr\u00f3nico, e direcci\u00f3n de sitio web coa finalidade de responder os comentarios dos Usuarios.\n\t\t<\/li>\n<\/ul>\n<p>\nExisten outras finalidades polas que o Titular trata datos persoais:\n<\/p>\n<\/p>\n<ul>\n<li>\n\t\t\tPara garantir o cumprimento das condici\u00f3ns recollidas na lei aplicable. Isto pode inclu\u00edr o desenvolvemento de ferramentas e algoritmos que axuden a este sitio web a garantir a confidencialidade dos datos persoais que recolle.\n\t\t<\/li>\n<li>\n\t\t\tPara apoiar e mellorar os servizos que ofrece este sitio web.\n\t\t<\/li>\n<li>\n<p>\n\t\t\tPara xestionar as redes sociais. AETER ten presenza en redes sociais. Se te fas seguidor nas redes sociais do Titular o tratamento dos datos persoais rexerase por este apartado, as\u00ed como por aquelas condici\u00f3ns de uso, pol\u00edticas de privacidade e normativas de acceso que pertenzan \u00e1 rede social que proceda en cada caso e que aceptaches previamente.<br \/>\n\t\t\t\t<br \/>\n\t\t\t\tPodes consultar as pol\u00edticas de privacidade das principais redes sociais nestas ligaz\u00f3ns:\n\t\t\t<\/p>\n<\/p>\n<ul>\n<li><a href=\"https:\/\/www.facebook.com\/help\/cookies\" rel=\"nofollow noopener\" target=\"_blank\">Facebook<\/a><\/li>\n<li><a href=\"https:\/\/twitter.com\/privacy\" rel=\"nofollow noopener\" target=\"_blank\">Twitter<\/a><\/li>\n<li><a href=\"https:\/\/www.linkedin.com\/legal\/cookie-policy\" rel=\"nofollow noopener\" target=\"_blank\">Linkedin<\/a><\/li>\n<li><a href=\"https:\/\/www.youtube.com\/privacy\" rel=\"nofollow noopener\" target=\"_blank\">YouTube<\/a><\/li>\n<li><a href=\"https:\/\/www.instagram.com\/legal\/privacy\/\" rel=\"nofollow noopener\" target=\"_blank\">Instagram<\/a><\/li>\n<\/ul>\n<p>\n\t\t\t\t\tO Titular tratar\u00e1 os teus datos persoais coa finalidade de administrar correctamente a s\u00faa presenza na rede social, informarche das s\u00faas actividades, as\u00ed como para calquera outra finalidade que as normativas das redes sociais permitan.\n\t\t\t<\/p>\n<p>\n\t\t\t\tEn ning\u00fan caso o Titular utilizar\u00e1 os perf\u00eds de seguidores en redes sociais para enviar publicidade de maneira individual.\n\t\t\t<\/p>\n<\/li>\n<\/ul>\n<h2>Seguridade dos datos persoais<\/h2>\n<p>\nPara protexer os teus datos persoais, a Titular toma todas as precauci\u00f3ns razoables e segue as mellores pr\u00e1cticas da industria para evitar a s\u00faa perda, mal uso, acceso indebido, divulgaci\u00f3n, alteraci\u00f3n ou destruci\u00f3n destes.\n<\/p>\n<p>\nOs teus datos poder\u00e1n ser incorporados a un ficheiro de lista de correo, do cal AETER \u00e9 responsable da s\u00faa xesti\u00f3n e tratamento. A seguridade dos teus datos est\u00e1 garantida, xa que AETER toma todas as medidas de seguridade necesarias e gar\u00e1nteche que os datos persoais s\u00f3 se usar\u00e1n para as finalidades dadas.\n<\/p>\n<p>\nAETER informa o Usuario de que os seus datos persoais non ser\u00e1n cedidos a terceiras organizaci\u00f3ns, coa excepci\u00f3n de que dita cesi\u00f3n de datos estea amparada nunha obrigaci\u00f3n legal ou cando a prestaci\u00f3n dun servizo implique a necesidade dunha relaci\u00f3n contractual cun encargado de tratamento. Neste \u00faltimo caso, s\u00f3 levar\u00e1 a cabo a cesi\u00f3n de datos ao terceiro cando AETER dispo\u00f1a do consentimento expreso do Usuario.\n<\/p>\n<p>\nCon todo, nalg\u00fans casos p\u00f3dense realizar colaboraci\u00f3ns con outros profesionais, neses casos, requirirase consentimento ao Usuario informando sobre a identidade do colaborador e a finalidade da colaboraci\u00f3n. Sempre se realizar\u00e1 cos m\u00e1is estritos est\u00e1ndares de seguridade.\n<\/p>\n<h2>Contido doutros sitios web<\/h2>\n<p>\nAs p\u00e1xinas deste sitio web poden inclu\u00edr contido incrustado (por exemplo, v\u00eddeos, imaxes, artigos, etc.). O contido incrustado doutra web comp\u00f3rtase exactamente da mesma maneira que se visitases a outra web.\n<\/p>\n<p>\nEstes sitios web poden recompilar datos sobre ti, utilizar cookies, incrustar un c\u00f3digo de seguimento adicional de terceiros, e supervisar a t\u00faa interacci\u00f3n usando este c\u00f3digo.\n<\/p>\n<h2>Pol\u00edtica de cookies<\/h2>\n<p>\nPara que este sitio web funcione correctamente necesita utilizar cookies, que \u00e9 unha informaci\u00f3n que se almacena na t\u00faa navegador web.\n<\/p>\n<h2>Legitimaci\u00f3n para o tratamento de datos<\/h2>\n<p>\nA base legal para o tratamento dos teus datos \u00e9: o consentimento.\n<\/p>\n<p>\nPara contactar co Titular, subscribirche a un bolet\u00edn ou realizar comentarios neste sitio web tes que aceptar a presente Pol\u00edtica de Privacidade.\n<\/p>\n<h2>Categor\u00edas de datos persoais<\/h2>\n<p>\nAs categor\u00edas de datos persoais que trata o Titular son:\n<\/p>\n<\/p>\n<ul>\n<li>Datos identificativos.<\/li>\n<li>Non se tratan categor\u00edas de datos especialmente protexidos.<\/li>\n<\/ul>\n<h2>Conservaci\u00f3n de datos persoais<\/h2>\n<p>\nOs datos persoais que proporci\u00f3ns ao Titular se conservar\u00e1n ata que solicites a s\u00faa supresi\u00f3n.\n<\/p>\n<div id=\"destinatarios\">\n<h2>Destinatarios de datos persoais<\/h2>\n<\/p>\n<ul>\n<li>\n\t\t\t<b>Google Analytics<\/b> \u00e9 un servizo de anal\u00edtica web prestado por Google, Inc., unha compa\u00f1\u00eda de Delaware cuxa oficina principal est\u00e1 en 1600 Amphitheatre Parkway, Mountain View (California), CA 94043, Estados Unidos (&#8220;Google&#8221;).<br \/>\n\t\t\t<br \/>Google Analytics utiliza &#8220;cookies&#8221;, que son arquivos de texto situados no teu computador, para axudar ao Titular a analizar o uso que fan os Usuarios do sitio web. A informaci\u00f3n que xera a cookie achega do uso do sitio web (inclu\u00edndo a direcci\u00f3n IP) ser\u00e1 directamente transmitida e arquivada por Google nos servidores de Estados Unidos.<br \/>\n\t\t\t<br \/>M\u00e1is informaci\u00f3n en: <a href=\"https:\/\/policies.google.com\/privacy?hl=es-ES\" rel=\"nofollow noopener\" target=\"_blank\">https:\/\/analytics.google.com<\/a>\n\t\t<\/li>\n<\/ul>\n<\/div>\n<p>\nNa p\u00e1xina de <a target=\"_blank\" href=\"https:\/\/policies.google.com\/privacy?hl=es\" rel=\"nofollow noopener\">Pol\u00edtica de privacidade de Google<\/a> expl\u00edcase como Google xestiona a privacidade no que respecta ao uso das cookies e outra informaci\u00f3n.\n<\/p>\n<p>Tam\u00e9n podes ver unha lista dos <a target=\"_blank\" href=\"https:\/\/policies.google.com\/technologies\/types?hl=es\" rel=\"nofollow noopener\">tipos de cookies<\/a> que utiliza Google e os seus colaboradores e toda a informaci\u00f3n relativa ao uso que fan das <a target=\"_blank\" rel=\"nofollow noopener\" href=\"https:\/\/policies.google.com\/technologies\/ads?hl=es\">cookies publicitarias<\/a>.<\/p>\n<h2>Navegaci\u00f3n web<\/h2>\n<p>\nAo navegar por <a href=\"\">http:\/\/www.aeter.org<\/a p\u00f3dense recoller datos non identificativos, que poden inclu\u00edr, a direcci\u00f3n IP, geolocalizaci\u00f3n, un rexistro de como se utilizan os servizos e sitios, h\u00e1bitos de navegaci\u00f3n e outros datos que non poden ser utilizados para identificarche.\n<\/p>\n<p>\nO sitio web utiliza os seguintes servizos de an\u00e1lises de terceiros:\n<\/p>\n<\/p>\n<ul>\n<li>Google Analytics.<\/li>\n<\/ul>\n<p>\nO Titular utiliza a informaci\u00f3n obtida para obter datos estat\u00edsticos, analizar tendencias, administrar o sitio, estudar patr\u00f3ns de navegaci\u00f3n e para recompilar informaci\u00f3n demogr\u00e1fica.\n<\/p>\n<p>\nO Titular non se fai responsable do tratamento dos datos persoais que realicen as p\u00e1xinas web \u00e1s que poidas acceder a trav\u00e9s das distintas ligaz\u00f3ns que cont\u00e9n o sitio web.\n<\/p>\n<h2>Exactitude e veracidade dos datos persoais<\/h2>\n<p>\nComprom\u00e9teste a que os datos facilitados ao Titular sexan correctos, completos, exactos e vixentes, as\u00ed como a mantelos debidamente actualizados.\n<\/p>\n<p>\nComo Usuario do sitio web es o \u00fanico responsable da veracidade e correcci\u00f3n dos datos remitidos ao sitio web exonerando a AETER de calquera responsabilidade respecto diso.\n<\/p>\n<h2>Aceptaci\u00f3n e consentimento<\/h2>\n<p>\nComo Usuario do sitio web declaras ser informado as condici\u00f3ns sobre protecci\u00f3n de datos de car\u00e1cter persoal, aceptas e consentes o tratamento destes por parte de AETER na forma e para as finalidades indicadas nesta Pol\u00edtica de Privacidade.\n<\/p>\n<h2>Revocabilidade<\/h2>\n<p>\nPara exercitar os teus dereitos de acceso, rectificaci\u00f3n, cancelaci\u00f3n e oposici\u00f3n tes que enviar un correo electr\u00f3nico a info@aeter.org xunto coa proba v\u00e1lida en dereito como unha fotocopia do D.N.I. ou equivalente.\n<\/p>\n<p>\nO exercicio destes dereitos non incl\u00fae ning\u00fan dato que AETER estea obrigado a conservar con fins administrativos, legais ou de seguridade.\n<\/p>\n<h2>Cambios na pol\u00edtica de privacidade<\/h2>\n<p>\nO Titular res\u00e9rvase o dereito a modificar a presente Pol\u00edtica de Privacidade para adaptala a novidades lexislativas ou xurisprudenciais, as\u00ed como a pr\u00e1cticas da industria.\n<\/p>\n<p>\nEstas pol\u00edticas estar\u00e1n vixentes ata que sexan modificadas por outras debidamente publicadas.\n<\/p>\n<p><\/em><\/p>\n","protected":false},"excerpt":{"rendered":"<p>AETER inf\u00f3rmache sobre a s\u00faa Pol\u00edtica de Privacidade respecto do tratamento e protecci\u00f3n dos datos de car\u00e1cter persoal dos usuarios que poidan ser solicitados durante a navegaci\u00f3n a trav\u00e9s do sitio web http:\/\/www.aeter.org. Neste sentido, AETER cumpre co Regulamento (UE) 2016\/679 do Parlamento Europeo e do Consello de 27 de abril de 2016 relativo \u00e1&hellip;<\/p>\n","protected":false},"author":5,"featured_media":0,"parent":0,"menu_order":0,"comment_status":"closed","ping_status":"closed","template":"","meta":{"footnotes":""},"class_list":["post-3732","page","type-page","status-publish","hentry"],"yoast_head":"<!-- This site is optimized with the Yoast SEO plugin v24.4 - https:\/\/yoast.com\/wordpress\/plugins\/seo\/ -->\n<title>Pol\u00edtica de privacidade - ASOCIACI\u00d3N ESPA\u00d1OLA DE TERMINOLOG\u00cdA<\/title>\n<meta name=\"robots\" content=\"index, follow, max-snippet:-1, max-image-preview:large, max-video-preview:-1\" \/>\n<link rel=\"canonical\" href=\"https:\/\/aeter.org\/gl\/politica-de-privacidade\/\" \/>\n<meta property=\"og:locale\" content=\"gl_ES\" \/>\n<meta property=\"og:type\" content=\"article\" \/>\n<meta property=\"og:title\" content=\"Pol\u00edtica de privacidade - ASOCIACI\u00d3N ESPA\u00d1OLA DE TERMINOLOG\u00cdA\" \/>\n<meta property=\"og:description\" content=\"AETER inf\u00f3rmache sobre a s\u00faa Pol\u00edtica de Privacidade respecto do tratamento e protecci\u00f3n dos datos de car\u00e1cter persoal dos usuarios que poidan ser solicitados durante a navegaci\u00f3n a trav\u00e9s do sitio web http:\/\/www.aeter.org. Neste sentido, AETER cumpre co Regulamento (UE) 2016\/679 do Parlamento Europeo e do Consello de 27 de abril de 2016 relativo \u00e1&hellip;\" \/>\n<meta property=\"og:url\" content=\"https:\/\/aeter.org\/gl\/politica-de-privacidade\/\" \/>\n<meta property=\"og:site_name\" content=\"ASOCIACI\u00d3N ESPA\u00d1OLA DE TERMINOLOG\u00cdA\" \/>\n<meta property=\"article:modified_time\" content=\"2021-04-30T14:20:22+00:00\" \/>\n<meta name=\"twitter:card\" content=\"summary_large_image\" \/>\n<meta name=\"twitter:label1\" content=\"Tempo de lectura\" \/>\n\t<meta name=\"twitter:data1\" content=\"8 minutos\" \/>\n<script type=\"application\/ld+json\" class=\"yoast-schema-graph\">{\"@context\":\"https:\/\/schema.org\",\"@graph\":[{\"@type\":\"WebPage\",\"@id\":\"https:\/\/aeter.org\/gl\/politica-de-privacidade\/\",\"url\":\"https:\/\/aeter.org\/gl\/politica-de-privacidade\/\",\"name\":\"Pol\u00edtica de privacidade - ASOCIACI\u00d3N ESPA\u00d1OLA DE TERMINOLOG\u00cdA\",\"isPartOf\":{\"@id\":\"https:\/\/aeter.org\/#website\"},\"datePublished\":\"2021-03-29T09:57:56+00:00\",\"dateModified\":\"2021-04-30T14:20:22+00:00\",\"breadcrumb\":{\"@id\":\"https:\/\/aeter.org\/gl\/politica-de-privacidade\/#breadcrumb\"},\"inLanguage\":\"gl-ES\",\"potentialAction\":[{\"@type\":\"ReadAction\",\"target\":[\"https:\/\/aeter.org\/gl\/politica-de-privacidade\/\"]}]},{\"@type\":\"BreadcrumbList\",\"@id\":\"https:\/\/aeter.org\/gl\/politica-de-privacidade\/#breadcrumb\",\"itemListElement\":[{\"@type\":\"ListItem\",\"position\":1,\"name\":\"Portada\",\"item\":\"https:\/\/aeter.org\/\"},{\"@type\":\"ListItem\",\"position\":2,\"name\":\"Pol\u00edtica de privacidade\"}]},{\"@type\":\"WebSite\",\"@id\":\"https:\/\/aeter.org\/#website\",\"url\":\"https:\/\/aeter.org\/\",\"name\":\"ASOCIACI\u00d3N ESPA\u00d1OLA DE TERMINOLOG\u00cdA\",\"description\":\"AETER\",\"potentialAction\":[{\"@type\":\"SearchAction\",\"target\":{\"@type\":\"EntryPoint\",\"urlTemplate\":\"https:\/\/aeter.org\/?s={search_term_string}\"},\"query-input\":{\"@type\":\"PropertyValueSpecification\",\"valueRequired\":true,\"valueName\":\"search_term_string\"}}],\"inLanguage\":\"gl-ES\"}]}<\/script>\n<!-- \/ Yoast SEO plugin. -->","yoast_head_json":{"title":"Pol\u00edtica de privacidade - ASOCIACI\u00d3N ESPA\u00d1OLA DE TERMINOLOG\u00cdA","robots":{"index":"index","follow":"follow","max-snippet":"max-snippet:-1","max-image-preview":"max-image-preview:large","max-video-preview":"max-video-preview:-1"},"canonical":"https:\/\/aeter.org\/gl\/politica-de-privacidade\/","og_locale":"gl_ES","og_type":"article","og_title":"Pol\u00edtica de privacidade - ASOCIACI\u00d3N ESPA\u00d1OLA DE TERMINOLOG\u00cdA","og_description":"AETER inf\u00f3rmache sobre a s\u00faa Pol\u00edtica de Privacidade respecto do tratamento e protecci\u00f3n dos datos de car\u00e1cter persoal dos usuarios que poidan ser solicitados durante a navegaci\u00f3n a trav\u00e9s do sitio web http:\/\/www.aeter.org. Neste sentido, AETER cumpre co Regulamento (UE) 2016\/679 do Parlamento Europeo e do Consello de 27 de abril de 2016 relativo \u00e1&hellip;","og_url":"https:\/\/aeter.org\/gl\/politica-de-privacidade\/","og_site_name":"ASOCIACI\u00d3N ESPA\u00d1OLA DE TERMINOLOG\u00cdA","article_modified_time":"2021-04-30T14:20:22+00:00","twitter_card":"summary_large_image","twitter_misc":{"Tempo de lectura":"8 minutos"},"schema":{"@context":"https:\/\/schema.org","@graph":[{"@type":"WebPage","@id":"https:\/\/aeter.org\/gl\/politica-de-privacidade\/","url":"https:\/\/aeter.org\/gl\/politica-de-privacidade\/","name":"Pol\u00edtica de privacidade - ASOCIACI\u00d3N ESPA\u00d1OLA DE TERMINOLOG\u00cdA","isPartOf":{"@id":"https:\/\/aeter.org\/#website"},"datePublished":"2021-03-29T09:57:56+00:00","dateModified":"2021-04-30T14:20:22+00:00","breadcrumb":{"@id":"https:\/\/aeter.org\/gl\/politica-de-privacidade\/#breadcrumb"},"inLanguage":"gl-ES","potentialAction":[{"@type":"ReadAction","target":["https:\/\/aeter.org\/gl\/politica-de-privacidade\/"]}]},{"@type":"BreadcrumbList","@id":"https:\/\/aeter.org\/gl\/politica-de-privacidade\/#breadcrumb","itemListElement":[{"@type":"ListItem","position":1,"name":"Portada","item":"https:\/\/aeter.org\/"},{"@type":"ListItem","position":2,"name":"Pol\u00edtica de privacidade"}]},{"@type":"WebSite","@id":"https:\/\/aeter.org\/#website","url":"https:\/\/aeter.org\/","name":"ASOCIACI\u00d3N ESPA\u00d1OLA DE TERMINOLOG\u00cdA","description":"AETER","potentialAction":[{"@type":"SearchAction","target":{"@type":"EntryPoint","urlTemplate":"https:\/\/aeter.org\/?s={search_term_string}"},"query-input":{"@type":"PropertyValueSpecification","valueRequired":true,"valueName":"search_term_string"}}],"inLanguage":"gl-ES"}]}},"_links":{"self":[{"href":"https:\/\/aeter.org\/gl\/wp-json\/wp\/v2\/pages\/3732","targetHints":{"allow":["GET"]}}],"collection":[{"href":"https:\/\/aeter.org\/gl\/wp-json\/wp\/v2\/pages"}],"about":[{"href":"https:\/\/aeter.org\/gl\/wp-json\/wp\/v2\/types\/page"}],"author":[{"embeddable":true,"href":"https:\/\/aeter.org\/gl\/wp-json\/wp\/v2\/users\/5"}],"replies":[{"embeddable":true,"href":"https:\/\/aeter.org\/gl\/wp-json\/wp\/v2\/comments?post=3732"}],"version-history":[{"count":9,"href":"https:\/\/aeter.org\/gl\/wp-json\/wp\/v2\/pages\/3732\/revisions"}],"predecessor-version":[{"id":5613,"href":"https:\/\/aeter.org\/gl\/wp-json\/wp\/v2\/pages\/3732\/revisions\/5613"}],"wp:attachment":[{"href":"https:\/\/aeter.org\/gl\/wp-json\/wp\/v2\/media?parent=3732"}],"curies":[{"name":"wp","href":"https:\/\/api.w.org\/{rel}","templated":true}]}}